{"id":1390,"date":"2014-12-13T11:55:19","date_gmt":"2014-12-13T17:55:19","guid":{"rendered":"http:\/\/test.blackjackinfo.com\/?page_id=1390"},"modified":"2018-09-06T01:26:35","modified_gmt":"2018-09-06T06:26:35","slug":"duplicar-por-menos","status":"publish","type":"page","link":"https:\/\/www.blackjackinfo.com\/es\/blackjack-tournaments\/doubling-for-less\/","title":{"rendered":"Doblar por menos, una poderosa estrategia de torneo"},"content":{"rendered":"<div class=\"bji-byline\">por <a href=\"\/ken-smith\/\">Kenneth R Smith<\/a>.<\/div>\n<p class=\"intro\">En el blackjack de casino, las reglas para doblar y dividir tienen una diferencia clave. Aunque ambas reglas permiten a un jugador aumentar su apuesta despu\u00e9s de que se repartan las cartas iniciales, dividir requiere espec\u00edficamente que el jugador iguale la cantidad de la apuesta original con una apuesta igual en la segunda mano, mientras que doblar no tiene esa restricci\u00f3n. El casino le permitir\u00e1 \"doblar por menos\", a\u00f1adiendo una cantidad inferior a la apuesta original a cambio de pedir s\u00f3lo una carta adicional. Esto no es sorprendente, ya que doblar por menos nunca es la estrategia correcta para un jugador en un juego normal. Si es ventajoso doblar, lo mejor es poner tanto dinero sobre la mesa como sea posible. Recuerde que tambi\u00e9n est\u00e1 renunciando a la posibilidad de robar m\u00e1s de una carta para su mano.<\/p>\n<p>Aunque doblar por menos siempre es un error en una partida en vivo, jugar en torneos es diferente. De hecho, cuando se utiliza correctamente, doblar por menos es una t\u00e9cnica poderosa para obtener una ventaja adicional sobre sus oponentes. En este art\u00edculo, veremos dos ejemplos de cu\u00e1ndo es apropiado.<\/p>\n<p>En el <a href=\"\/blackjack-tournaments\/tournament-position\/\">art\u00edculo sobre la posici\u00f3n<\/a>En el art\u00edculo sobre la posici\u00f3n en los torneos, habl\u00e9 de la importancia de la posici\u00f3n en los torneos y se\u00f1al\u00e9 que los jugadores situados a la izquierda son una amenaza mayor que los situados a la derecha. La raz\u00f3n es sencilla. En la mayor\u00eda de las manos, los jugadores de tu izquierda ven tu apuesta y tus decisiones de juego antes de tomar sus propias decisiones. Como resultado, tener una segunda oportunidad de cambiar el importe de su apuesta puede ser valioso. Eso significa que doblar y dividir son m\u00e1s \u00fatiles que en el juego de mesa normal.<\/p>\n<h2 class=\"text-center\">Ejemplo 1: Robar una oportunidad al l\u00edder<\/h2>\n<p>Imaginemos que va por detr\u00e1s de un jugador situado a su izquierda por $50, y que se acerca el final de la ronda. Si no puede permitirse esperar a que el bot\u00f3n le pase para hacer un movimiento por el liderato, doblar o dividir puede ser su mejor opci\u00f3n. Digamos que apuesta $100, y su oponente iguala esa apuesta detr\u00e1s de usted. Se reparten las cartas y usted tiene un 12 duro, \u00e9l tiene un 18 duro y el crupier muestra una carta 4 cara arriba. Esta es una situaci\u00f3n en la que la estrategia b\u00e1sica dice que debes plantarte. Sin embargo, tambi\u00e9n es una gran oportunidad para robarle la ventaja a su oponente. Si dobla su 12, puede tomar la delantera si tiene \u00e9xito. Sin embargo, dado que \u00e9sta es generalmente una mala jugada, deber\u00eda doblar por la menor cantidad posible para lograr su objetivo. En este caso, doblar por $55 o $60 es adecuado.<\/p>\n<p>Aunque \u00e9sta puede ser una jugada fuerte, hay varios factores que debe considerar antes de tirar del gatillo en el doble. \u00bfCu\u00e1ntas manos quedan? \u00bfCu\u00e1ntas manos apostar\u00e1 \u00e9l detr\u00e1s de usted? \u00bfCu\u00e1l es la apuesta m\u00e1xima y cu\u00e1les son los bankrolls? Quiz\u00e1 el factor m\u00e1s cr\u00edtico sea lo perjudicial que ser\u00eda para sus posibilidades un giro perdedor. Si se pasa con el 12 y el crupier se pasa detr\u00e1s de usted, ahora est\u00e1 $305 por detr\u00e1s. Si la apuesta m\u00e1xima es de $300, es una desventaja terrible y, a menos que la ronda est\u00e9 a punto de terminar, quiz\u00e1 deber\u00eda dejar pasar esta oportunidad y esperar a tener una mejor oportunidad m\u00e1s tarde. Por otro lado, si la apuesta m\u00e1xima es de $1000, y ambos tienen muchas fichas, entonces un d\u00e9ficit de $305 no es gran cosa, y probablemente sea un buen momento para intentarlo.<\/p>\n<p>Tenga en cuenta que los mismos factores se aplican a su oponente despu\u00e9s de doblar. Si usted consigue robar una buena carta para su mano, \u00e9l puede considerar doblar su 18 duro detr\u00e1s de usted. Aunque es casi un perdedor seguro, si un swing negativo no es un gran problema, podr\u00eda ser la jugada correcta para \u00e9l.<\/p>\n<h2 class=\"text-center\">Ejemplo 2: Obligar al adversario a elegir<\/h2>\n<p>He aqu\u00ed una poderosa t\u00e9cnica que nunca antes hab\u00eda visto mencionada en prensa. Aunque est\u00e1 lejos de ser desconocida entre los profesionales de torneos, he visto a muy pocos jugadores usarla, aunque la situaci\u00f3n se presenta con bastante frecuencia.<\/p>\n<p>De vuelta a la mesa, sigues por detr\u00e1s de Lefty por $50, pero ahora es la \u00faltima mano. Has apostado $250, y Lefty lo iguala. Usted tiene un 11, Lefty tiene un par de caras y el crupier muestra un 8. Tiene una estrategia b\u00e1sica de doblar, y es bastante evidente que deber\u00eda doblar si quiere tener alguna posibilidad razonable de ganar la ronda. En el \u00faltimo ejemplo, ten\u00edamos un double-down pobre y quer\u00edamos minimizar el coste doblando por menos.<\/p>\n<p>Esta vez, con una s\u00f3lida estrategia b\u00e1sica de doblar, la mayor\u00eda de los jugadores elegir\u00edan doblar por la cantidad total. \u00a1Eso ser\u00eda un gran error! Piense en lo que ocurre si saca una carta mala en su doble. Si su doble termina duro, con un total de menos de 17, Lefty puede bloquearle cualquier posibilidad de ganar. Puede dividir las cartas de la cara, plantarse en cualquier duro, y usted no tiene ninguna posibilidad de ganar la ronda. \u00a1Se acab\u00f3!<\/p>\n<p>Para eliminar esta posibilidad, debe doblar por menos. Si dobla por algo entre $55 y $195, habr\u00e1 creado una elecci\u00f3n dif\u00edcil para su oponente. Ya no podr\u00e1 bloquearle con una divisi\u00f3n. Si divide y el crupier os gana a los dos, ahora avanzas t\u00fa en vez de \u00e9l. Como no puede dividir por menos, le obligas a elegir entre \"primera alta\" y \"primera baja\". Tiene que decidir si quiere cubrirte a ti ganando o a la banca ganando, ya que no puede hacer ambas cosas. Todo esto, s\u00f3lo porque doblaste por menos de la cantidad total.<\/p>\n<p>Esta t\u00e1ctica funciona de maravilla, independientemente de la carta que tenga el crupier, y casi independientemente de lo que saque al doblar. Doblar por menos es casi siempre preferible a doblar por la cantidad total siempre que su oponente tenga una pareja que preferir\u00eda dividir en lugar de doblar.<\/p>\n<p>Se trata de una jugada poderosa, que surge con suficiente frecuencia como para merecer un nombre. Como nunca la he visto mencionada por otros autores, me arriesgar\u00e9 y la bautizar\u00e9 como \"El dilema de Ken\", siendo el dilema el de tu oponente, despu\u00e9s de doblar. Pocas jugadas provocar\u00e1n una mueca m\u00e1s fuerte del otro lado de la mesa.<\/p>\n<p>Mucha suerte ah\u00ed fuera, -Ken-<\/p>\n<hr \/>\n<p>Para m\u00e1s art\u00edculos sobre torneos de blackjack y estrategia de torneos, puedes:<br \/>\nVolver a la <a href=\"\/blackjack-tournaments\/\">Secci\u00f3n Torneos de Blackjack<\/a>o<br \/>\nPasar al siguiente art\u00edculo <a href=\"\/blackjack-tournaments\/the-rule-of-2-4-and-5\/\">La regla de 2, 4 y 5<\/a>.<\/p>","protected":false},"excerpt":{"rendered":"<p>by Kenneth R Smith. In casino blackjack, the rules for doubling and splitting have one key difference. While both of these rules allow a player to increase his wager after the initial cards are dealt, splitting specifically requires the player to match the original bet amount with an equal wager on the second hand, while [&hellip;]<\/p>\n","protected":false},"author":2,"featured_media":0,"parent":1052,"menu_order":6,"comment_status":"open","ping_status":"closed","template":"page-with-sidebar.php","meta":{"_acf_changed":false,"footnotes":""},"tags":[],"class_list":["post-1390","page","type-page","status-publish","hentry"],"acf":[],"yoast_head":"<!-- This site is optimized with the Yoast SEO plugin v26.6 - https:\/\/yoast.com\/wordpress\/plugins\/seo\/ -->\n<title>Doubling For Less, A Powerful Tournament Strategy<\/title>\n<meta name=\"description\" content=\"Doubling for less is almost always a mistake at blackjack, but that&#039;s not true in tournament blackjack. Ken Smith explains how this can be a powerful tool.\" \/>\n<meta name=\"robots\" content=\"index, follow, max-snippet:-1, max-image-preview:large, max-video-preview:-1\" \/>\n<link rel=\"canonical\" href=\"https:\/\/www.blackjackinfo.com\/es\/torneos-de-blackjack\/duplicar-por-menos\/\" \/>\n<meta property=\"og:locale\" content=\"es_ES\" \/>\n<meta property=\"og:type\" content=\"article\" \/>\n<meta property=\"og:title\" content=\"Doubling For Less, A Powerful Tournament Strategy\" \/>\n<meta property=\"og:description\" content=\"Doubling for less is almost always a mistake at blackjack, but that&#039;s not true in tournament blackjack. Ken Smith explains how this can be a powerful tool.\" \/>\n<meta property=\"og:url\" content=\"https:\/\/www.blackjackinfo.com\/es\/torneos-de-blackjack\/duplicar-por-menos\/\" \/>\n<meta property=\"og:site_name\" content=\"BlackjackInfo.com\" \/>\n<meta property=\"article:modified_time\" content=\"2018-09-06T06:26:35+00:00\" \/>\n<meta name=\"twitter:label1\" content=\"Tiempo de lectura\" \/>\n\t<meta name=\"twitter:data1\" content=\"5 minutos\" \/>\n<script type=\"application\/ld+json\" class=\"yoast-schema-graph\">{\"@context\":\"https:\/\/schema.org\",\"@graph\":[{\"@type\":\"WebPage\",\"@id\":\"https:\/\/www.blackjackinfo.com\/blackjack-tournaments\/doubling-for-less\/\",\"url\":\"https:\/\/www.blackjackinfo.com\/blackjack-tournaments\/doubling-for-less\/\",\"name\":\"Doubling For Less, A Powerful Tournament Strategy\",\"isPartOf\":{\"@id\":\"https:\/\/www.blackjackinfo.com\/#website\"},\"datePublished\":\"2014-12-13T17:55:19+00:00\",\"dateModified\":\"2018-09-06T06:26:35+00:00\",\"description\":\"Doubling for less is almost always a mistake at blackjack, but that's not true in tournament blackjack. Ken Smith explains how this can be a powerful tool.\",\"breadcrumb\":{\"@id\":\"https:\/\/www.blackjackinfo.com\/blackjack-tournaments\/doubling-for-less\/#breadcrumb\"},\"inLanguage\":\"es\",\"potentialAction\":[{\"@type\":\"ReadAction\",\"target\":[\"https:\/\/www.blackjackinfo.com\/blackjack-tournaments\/doubling-for-less\/\"]}]},{\"@type\":\"BreadcrumbList\",\"@id\":\"https:\/\/www.blackjackinfo.com\/blackjack-tournaments\/doubling-for-less\/#breadcrumb\",\"itemListElement\":[{\"@type\":\"ListItem\",\"position\":1,\"name\":\"Home\",\"item\":\"https:\/\/www.blackjackinfo.com\/\"},{\"@type\":\"ListItem\",\"position\":2,\"name\":\"Blackjack Tournament Strategy\",\"item\":\"https:\/\/www.blackjackinfo.com\/blackjack-tournaments\/\"},{\"@type\":\"ListItem\",\"position\":3,\"name\":\"Doubling For Less, A Powerful Tournament Strategy\"}]},{\"@type\":\"WebSite\",\"@id\":\"https:\/\/www.blackjackinfo.com\/#website\",\"url\":\"https:\/\/www.blackjackinfo.com\/\",\"name\":\"BlackjackInfo.com\",\"description\":\"Because Winning is More Fun!\",\"potentialAction\":[{\"@type\":\"SearchAction\",\"target\":{\"@type\":\"EntryPoint\",\"urlTemplate\":\"https:\/\/www.blackjackinfo.com\/?s={search_term_string}\"},\"query-input\":{\"@type\":\"PropertyValueSpecification\",\"valueRequired\":true,\"valueName\":\"search_term_string\"}}],\"inLanguage\":\"es\"}]}<\/script>\n<!-- \/ Yoast SEO plugin. -->","yoast_head_json":{"title":"Doblar por menos, una poderosa estrategia de torneo","description":"Doblar por menos es casi siempre un error en el blackjack, pero no es as\u00ed en el blackjack de torneo. Ken Smith explica c\u00f3mo puede ser una herramienta poderosa.","robots":{"index":"index","follow":"follow","max-snippet":"max-snippet:-1","max-image-preview":"max-image-preview:large","max-video-preview":"max-video-preview:-1"},"canonical":"https:\/\/www.blackjackinfo.com\/es\/torneos-de-blackjack\/duplicar-por-menos\/","og_locale":"es_ES","og_type":"article","og_title":"Doubling For Less, A Powerful Tournament Strategy","og_description":"Doubling for less is almost always a mistake at blackjack, but that's not true in tournament blackjack. Ken Smith explains how this can be a powerful tool.","og_url":"https:\/\/www.blackjackinfo.com\/es\/torneos-de-blackjack\/duplicar-por-menos\/","og_site_name":"BlackjackInfo.com","article_modified_time":"2018-09-06T06:26:35+00:00","twitter_misc":{"Tiempo de lectura":"5 minutos"},"schema":{"@context":"https:\/\/schema.org","@graph":[{"@type":"WebPage","@id":"https:\/\/www.blackjackinfo.com\/blackjack-tournaments\/doubling-for-less\/","url":"https:\/\/www.blackjackinfo.com\/blackjack-tournaments\/doubling-for-less\/","name":"Doblar por menos, una poderosa estrategia de torneo","isPartOf":{"@id":"https:\/\/www.blackjackinfo.com\/#website"},"datePublished":"2014-12-13T17:55:19+00:00","dateModified":"2018-09-06T06:26:35+00:00","description":"Doblar por menos es casi siempre un error en el blackjack, pero no es as\u00ed en el blackjack de torneo. Ken Smith explica c\u00f3mo puede ser una herramienta poderosa.","breadcrumb":{"@id":"https:\/\/www.blackjackinfo.com\/blackjack-tournaments\/doubling-for-less\/#breadcrumb"},"inLanguage":"es","potentialAction":[{"@type":"ReadAction","target":["https:\/\/www.blackjackinfo.com\/blackjack-tournaments\/doubling-for-less\/"]}]},{"@type":"BreadcrumbList","@id":"https:\/\/www.blackjackinfo.com\/blackjack-tournaments\/doubling-for-less\/#breadcrumb","itemListElement":[{"@type":"ListItem","position":1,"name":"Home","item":"https:\/\/www.blackjackinfo.com\/"},{"@type":"ListItem","position":2,"name":"Blackjack Tournament Strategy","item":"https:\/\/www.blackjackinfo.com\/blackjack-tournaments\/"},{"@type":"ListItem","position":3,"name":"Doubling For Less, A Powerful Tournament Strategy"}]},{"@type":"WebSite","@id":"https:\/\/www.blackjackinfo.com\/#website","url":"https:\/\/www.blackjackinfo.com\/","name":"BlackjackInfo.com","description":"\u00a1Porque ganar es m\u00e1s divertido!","potentialAction":[{"@type":"SearchAction","target":{"@type":"EntryPoint","urlTemplate":"https:\/\/www.blackjackinfo.com\/?s={search_term_string}"},"query-input":{"@type":"PropertyValueSpecification","valueRequired":true,"valueName":"search_term_string"}}],"inLanguage":"es"}]}},"_links":{"self":[{"href":"https:\/\/www.blackjackinfo.com\/es\/wp-json\/wp\/v2\/pages\/1390","targetHints":{"allow":["GET"]}}],"collection":[{"href":"https:\/\/www.blackjackinfo.com\/es\/wp-json\/wp\/v2\/pages"}],"about":[{"href":"https:\/\/www.blackjackinfo.com\/es\/wp-json\/wp\/v2\/types\/page"}],"author":[{"embeddable":true,"href":"https:\/\/www.blackjackinfo.com\/es\/wp-json\/wp\/v2\/users\/2"}],"replies":[{"embeddable":true,"href":"https:\/\/www.blackjackinfo.com\/es\/wp-json\/wp\/v2\/comments?post=1390"}],"version-history":[{"count":2,"href":"https:\/\/www.blackjackinfo.com\/es\/wp-json\/wp\/v2\/pages\/1390\/revisions"}],"predecessor-version":[{"id":4589,"href":"https:\/\/www.blackjackinfo.com\/es\/wp-json\/wp\/v2\/pages\/1390\/revisions\/4589"}],"up":[{"embeddable":true,"href":"https:\/\/www.blackjackinfo.com\/es\/wp-json\/wp\/v2\/pages\/1052"}],"wp:attachment":[{"href":"https:\/\/www.blackjackinfo.com\/es\/wp-json\/wp\/v2\/media?parent=1390"}],"wp:term":[{"taxonomy":"post_tag","embeddable":true,"href":"https:\/\/www.blackjackinfo.com\/es\/wp-json\/wp\/v2\/tags?post=1390"}],"curies":[{"name":"wp","href":"https:\/\/api.w.org\/{rel}","templated":true}]}}