{"id":1392,"date":"2014-12-13T11:57:29","date_gmt":"2014-12-13T17:57:29","guid":{"rendered":"http:\/\/test.blackjackinfo.com\/?page_id=1392"},"modified":"2018-09-06T01:27:17","modified_gmt":"2018-09-06T06:27:17","slug":"la-regla-de-2-4-y-5","status":"publish","type":"page","link":"https:\/\/www.blackjackinfo.com\/es\/blackjack-tournaments\/the-rule-of-2-4-and-5\/","title":{"rendered":"La poderosa regla del 2, 4 y 5"},"content":{"rendered":"<div class=\"bji-byline\">por <a href=\"\/ken-smith\/\">Kenneth R Smith<\/a>.<\/div>\n<p class=\"intro\">Hace unos a\u00f1os, en un art\u00edculo de la revista Blackjack Confidential, detall\u00e9 por primera vez una idea que ha demostrado ser uno de los atajos de estrategia para torneos m\u00e1s \u00fatiles que conozco. La \"Regla de 2, 4 y 5\" te permite determinar r\u00e1pidamente una apuesta \u00f3ptima en muchas situaciones en las que vas por detr\u00e1s del l\u00edder de la mesa, pero debes apostar por delante de \u00e9l. Esta herramienta debe estar en la bolsa de trucos de todo jugador de torneos, y merece otra mirada. De paso, a\u00f1adir\u00e9 algunos elementos m\u00e1s a la mezcla.<\/p>\n<p>Uno de los momentos m\u00e1s frustrantes en una mesa de torneo es cuando vas por detr\u00e1s en fichas y apuestas delante del l\u00edder. No importa lo que apuestes, el l\u00edder tiene la capacidad de igualar tu apuesta y llevarse tanto la m\u00e1s alta como la m\u00e1s baja de la mano. Si a esto le a\u00f1adimos una regla del torneo que limita el tiempo que se le permite pensar antes de apostar, puede ser dif\u00edcil hacer una buena apuesta. Afortunadamente, hay un gran atajo que puedes usar para elegir un tama\u00f1o de apuesta que maximice tus posibilidades de pasar al l\u00edder, sin tener que hacer muchos c\u00e1lculos.<\/p>\n<p>Como de costumbre, utilizaremos algunos ejemplos concretos, as\u00ed que prep\u00e1rate para pensar un poco. Imaginemos que nuestro torneo permite l\u00edmites de apuesta de $5 a $1000, y que vamos por detr\u00e1s del l\u00edder con $2000 en fichas frente a sus $2050. La buena noticia es que s\u00f3lo estamos a $50 del l\u00edder. La mala noticia es que el l\u00edder puede marginar nuestra apuesta f\u00e1cilmente, ya que estamos \"en el bot\u00f3n\" y debemos apostar primero. El crupier est\u00e1 esperando tu decisi\u00f3n de apostar, y el tiempo se acaba. \u00bfC\u00f3mo puede decidir el mejor tama\u00f1o de apuesta? Si a\u00fan quedan varias manos para terminar la ronda, ser\u00eda bueno tomar la delantera aqu\u00ed, pero no queremos arriesgar m\u00e1s fichas de las necesarias para ayudar a la causa.<\/p>\n<p>Dado que el l\u00edder puede igualar su apuesta detr\u00e1s de usted, no podr\u00e1 alcanzarle con una sola apuesta ganadora a menos que cometa un error de apuesta, o que usted consiga mejores cartas. Sin embargo, las opciones de doblar, dividir y blackjack le ofrecen formas adicionales de superar al l\u00edder. Veamos algunas de estas posibilidades.<\/p>\n<p>Su apuesta \u00f3ptima ser\u00e1 probablemente lo que usted apueste, m\u00e1s casi toda su ventaja.<\/p>\n<p>En primer lugar, considere cu\u00e1nto puede apostar el l\u00edder detr\u00e1s de usted. Su apuesta \u00f3ptima ser\u00e1 probablemente lo que usted apueste, m\u00e1s casi toda su ventaja. Si usted apuesta $100, \u00e9l puede apostar hasta $149 y seguir teniendo tanto el m\u00e1ximo como el m\u00ednimo. (Para las definiciones de \"alta\" y \"baja\", consulte el art\u00edculo anterior: <a href=\"\/blackjack-tournaments\/free-hits\/\">\u00c9xitos gratuitos<\/a>.)<\/p>\n<p>Adelantar\u00e1s al l\u00edder si ganas mientras \u00e9l empuja o pierde, y tambi\u00e9n si empujas mientras \u00e9l pierde. Esto es cierto siempre que apuestes al menos tu d\u00e9ficit m\u00e1s una ficha. Sin embargo, su apuesta de $100 a\u00f1ade una forma extra de ganar, que la apuesta m\u00ednima de $51 no proporciona. Supongamos que \u00e9l apuesta $149 detr\u00e1s de usted. Ahora, si puedes ganar una apuesta doble, le adelantar\u00e1s aunque gane su mano. T\u00fa ganas $200, \u00e9l gana $149, y ahora tienes una ventaja de $1. No es casualidad. Pero a\u00fan podemos hacerlo mejor.<\/p>\n<p>Esta vez, usted apuesta $200. \u00c9l hace una apuesta \u00f3ptima de $249. Acabas de a\u00f1adir una forma m\u00e1s de ganar. Un double-down obviamente sigue ganando para ti, pero ahora mira lo que pasa si sacas un blackjack. Un blackjack en su apuesta de $200 paga $300. Si \u00e9l gana sus $249, y t\u00fa ganas $300, vuelves a estar $1 por delante. De nuevo, no hay coincidencia.<\/p>\n<p>Una vez m\u00e1s, esta vez usted apuesta $250. Su adversario apuesta $299. Esta vez, el afortunado es \u00e9l, que saca un blackjack. Usted gime, pero luego saca el dinero para doblar en la mano que tenga. Si consigues doblar, ganas $500. El l\u00edder s\u00f3lo ha ganado $448,50. Ahora lideras con $1,50.<\/p>\n<p>Cada una de estas decisiones implica varios c\u00e1lculos, y pasar por este proceso en la mesa es claramente un problema. Ah\u00ed es donde entra en juego el atajo. Tiene garantizadas estas formas adicionales de ganar si simplemente se asegura de apostar al menos los siguientes m\u00faltiplos de su d\u00e9ficit. En nuestro ejemplo, ten\u00edamos un d\u00e9ficit de $50 al empezar la mano:<\/p>\n<ul>\n<li><strong>Apueste 2 veces su d\u00e9ficit ($100)<\/strong>: Gana con una apuesta doble sobre una apuesta simple ganada por el l\u00edder.<\/li>\n<li><strong>Apueste 4 veces su d\u00e9ficit ($200)<\/strong>: Ganas con un blackjack sobre una apuesta \u00fanica ganada por el l\u00edder.<\/li>\n<li><strong>Apuesta 5 veces tu d\u00e9ficit ($250)<\/strong>: Ganas con un doble incluso sobre un blackjack del l\u00edder.<\/li>\n<\/ul>\n<p>As\u00ed que, en caso de duda, intente apostar 5 veces el d\u00e9ficit. Si una apuesta tan grande pone en peligro su posici\u00f3n frente a otros jugadores de la mesa, considere la posibilidad de apostar 4 veces o 2 veces el d\u00e9ficit. En el peor de los casos, vuelva a apostar 1x m\u00e1s una ficha.<\/p>\n<p>A veces estos m\u00faltiplos son excesivos, y una apuesta m\u00e1s peque\u00f1a conseguir\u00e1 lo mismo. Si su apuesta est\u00e1 cerca o al m\u00e1ximo, el l\u00edder no podr\u00e1 apostar mucho de su ventaja adem\u00e1s de la apuesta igualada. Adem\u00e1s, si la apuesta debe ser en m\u00faltiplos de $5, a veces estos m\u00faltiplos sobrepasan el objetivo por poco. Pero, la verdadera belleza de esta regla es su simplicidad. Es r\u00e1pida y f\u00e1cil de calcular, y le garantiza los beneficios descritos.<\/p>\n<p>Tambi\u00e9n descubrir\u00e1 a menudo que el l\u00edder no har\u00e1 ni de lejos una apuesta \u00f3ptima detr\u00e1s de usted. Puede que apuesten demasiado poco y te den m\u00e1s posibilidades de superarlos o, a menudo, apostar\u00e1n m\u00e1s de la cuenta y te dar\u00e1n la mano baja. Aunque tengas una apuesta considerable trabajando, puede que est\u00e9s tirando para que el crupier acabe con la mesa.<\/p>\n<p>Por supuesto, en cada uno de estos casos, el l\u00edder puede doblar detr\u00e1s de ti para retomar el alto. Pero, oye, t\u00fa vas detr\u00e1s, en el bot\u00f3n. \u00a1Claro que eres un perdedor! Tienes que sacar lo mejor de tus circunstancias. Utilizar la Regla de 2, 4 y 5 te ofrece una forma f\u00e1cil de hacerlo.<\/p>\n<p>Nos vemos en las mesas, -Ken-<\/p>\n<hr \/>\n<p>Para m\u00e1s art\u00edculos sobre torneos de blackjack y estrategia de torneos, puedes:<br \/>\nVolver a la <a href=\"\/blackjack-tournaments\/\">Secci\u00f3n Torneos de Blackjack<\/a>o<br \/>\nPasar al siguiente art\u00edculo <a href=\"\/blackjack-tournaments\/beyond-wong-tournament-tips-uncle-stanford-never-told-you\/\">M\u00e1s all\u00e1 de Wong - Algunos consejos para torneos que el t\u00edo Stanford nunca te cont\u00f3<\/a>.<\/p>","protected":false},"excerpt":{"rendered":"<p>by Kenneth R Smith. A few years back, in an article in Blackjack Confidential magazine, I first detailed an idea that has proven to be among the most useful tournament strategy shortcuts that I know. The &#8220;Rule of 2, 4, and 5&#8221; allows you to quickly determine an optimal bet in many situations where you [&hellip;]<\/p>\n","protected":false},"author":2,"featured_media":0,"parent":1052,"menu_order":7,"comment_status":"open","ping_status":"closed","template":"page-with-sidebar.php","meta":{"_acf_changed":false,"footnotes":""},"tags":[],"class_list":["post-1392","page","type-page","status-publish","hentry"],"acf":[],"yoast_head":"<!-- This site is optimized with the Yoast SEO plugin v26.6 - https:\/\/yoast.com\/wordpress\/plugins\/seo\/ -->\n<title>The Powerful Rule of 2, 4, and 5<\/title>\n<meta name=\"description\" content=\"The &quot;Rule of 2, 4, and 5&quot; is a useful shortcut developed by Ken Smith for use in blackjack tournaments. It is a simple and quick way to make a great bet.\" \/>\n<meta name=\"robots\" content=\"index, follow, max-snippet:-1, max-image-preview:large, max-video-preview:-1\" \/>\n<link rel=\"canonical\" href=\"https:\/\/www.blackjackinfo.com\/es\/torneos-de-blackjack\/la-regla-de-2-4-y-5\/\" \/>\n<meta property=\"og:locale\" content=\"es_ES\" \/>\n<meta property=\"og:type\" content=\"article\" \/>\n<meta property=\"og:title\" content=\"The Powerful Rule of 2, 4, and 5\" \/>\n<meta property=\"og:description\" content=\"The &quot;Rule of 2, 4, and 5&quot; is a useful shortcut developed by Ken Smith for use in blackjack tournaments. It is a simple and quick way to make a great bet.\" \/>\n<meta property=\"og:url\" content=\"https:\/\/www.blackjackinfo.com\/es\/torneos-de-blackjack\/la-regla-de-2-4-y-5\/\" \/>\n<meta property=\"og:site_name\" content=\"BlackjackInfo.com\" \/>\n<meta property=\"article:modified_time\" content=\"2018-09-06T06:27:17+00:00\" \/>\n<meta name=\"twitter:label1\" content=\"Tiempo de lectura\" \/>\n\t<meta name=\"twitter:data1\" content=\"5 minutos\" \/>\n<script type=\"application\/ld+json\" class=\"yoast-schema-graph\">{\"@context\":\"https:\/\/schema.org\",\"@graph\":[{\"@type\":\"WebPage\",\"@id\":\"https:\/\/www.blackjackinfo.com\/blackjack-tournaments\/the-rule-of-2-4-and-5\/\",\"url\":\"https:\/\/www.blackjackinfo.com\/blackjack-tournaments\/the-rule-of-2-4-and-5\/\",\"name\":\"The Powerful Rule of 2, 4, and 5\",\"isPartOf\":{\"@id\":\"https:\/\/www.blackjackinfo.com\/#website\"},\"datePublished\":\"2014-12-13T17:57:29+00:00\",\"dateModified\":\"2018-09-06T06:27:17+00:00\",\"description\":\"The \\\"Rule of 2, 4, and 5\\\" is a useful shortcut developed by Ken Smith for use in blackjack tournaments. It is a simple and quick way to make a great bet.\",\"breadcrumb\":{\"@id\":\"https:\/\/www.blackjackinfo.com\/blackjack-tournaments\/the-rule-of-2-4-and-5\/#breadcrumb\"},\"inLanguage\":\"es\",\"potentialAction\":[{\"@type\":\"ReadAction\",\"target\":[\"https:\/\/www.blackjackinfo.com\/blackjack-tournaments\/the-rule-of-2-4-and-5\/\"]}]},{\"@type\":\"BreadcrumbList\",\"@id\":\"https:\/\/www.blackjackinfo.com\/blackjack-tournaments\/the-rule-of-2-4-and-5\/#breadcrumb\",\"itemListElement\":[{\"@type\":\"ListItem\",\"position\":1,\"name\":\"Home\",\"item\":\"https:\/\/www.blackjackinfo.com\/\"},{\"@type\":\"ListItem\",\"position\":2,\"name\":\"Blackjack Tournament Strategy\",\"item\":\"https:\/\/www.blackjackinfo.com\/blackjack-tournaments\/\"},{\"@type\":\"ListItem\",\"position\":3,\"name\":\"The Powerful Rule of 2, 4, and 5\"}]},{\"@type\":\"WebSite\",\"@id\":\"https:\/\/www.blackjackinfo.com\/#website\",\"url\":\"https:\/\/www.blackjackinfo.com\/\",\"name\":\"BlackjackInfo.com\",\"description\":\"Because Winning is More Fun!\",\"potentialAction\":[{\"@type\":\"SearchAction\",\"target\":{\"@type\":\"EntryPoint\",\"urlTemplate\":\"https:\/\/www.blackjackinfo.com\/?s={search_term_string}\"},\"query-input\":{\"@type\":\"PropertyValueSpecification\",\"valueRequired\":true,\"valueName\":\"search_term_string\"}}],\"inLanguage\":\"es\"}]}<\/script>\n<!-- \/ Yoast SEO plugin. -->","yoast_head_json":{"title":"La poderosa regla del 2, 4 y 5","description":"La \"Regla del 2, 4 y 5\" es un \u00fatil atajo desarrollado por Ken Smith para su uso en torneos de blackjack. Es una forma sencilla y r\u00e1pida de hacer una gran apuesta.","robots":{"index":"index","follow":"follow","max-snippet":"max-snippet:-1","max-image-preview":"max-image-preview:large","max-video-preview":"max-video-preview:-1"},"canonical":"https:\/\/www.blackjackinfo.com\/es\/torneos-de-blackjack\/la-regla-de-2-4-y-5\/","og_locale":"es_ES","og_type":"article","og_title":"The Powerful Rule of 2, 4, and 5","og_description":"The \"Rule of 2, 4, and 5\" is a useful shortcut developed by Ken Smith for use in blackjack tournaments. It is a simple and quick way to make a great bet.","og_url":"https:\/\/www.blackjackinfo.com\/es\/torneos-de-blackjack\/la-regla-de-2-4-y-5\/","og_site_name":"BlackjackInfo.com","article_modified_time":"2018-09-06T06:27:17+00:00","twitter_misc":{"Tiempo de lectura":"5 minutos"},"schema":{"@context":"https:\/\/schema.org","@graph":[{"@type":"WebPage","@id":"https:\/\/www.blackjackinfo.com\/blackjack-tournaments\/the-rule-of-2-4-and-5\/","url":"https:\/\/www.blackjackinfo.com\/blackjack-tournaments\/the-rule-of-2-4-and-5\/","name":"La poderosa regla del 2, 4 y 5","isPartOf":{"@id":"https:\/\/www.blackjackinfo.com\/#website"},"datePublished":"2014-12-13T17:57:29+00:00","dateModified":"2018-09-06T06:27:17+00:00","description":"La \"Regla del 2, 4 y 5\" es un \u00fatil atajo desarrollado por Ken Smith para su uso en torneos de blackjack. Es una forma sencilla y r\u00e1pida de hacer una gran apuesta.","breadcrumb":{"@id":"https:\/\/www.blackjackinfo.com\/blackjack-tournaments\/the-rule-of-2-4-and-5\/#breadcrumb"},"inLanguage":"es","potentialAction":[{"@type":"ReadAction","target":["https:\/\/www.blackjackinfo.com\/blackjack-tournaments\/the-rule-of-2-4-and-5\/"]}]},{"@type":"BreadcrumbList","@id":"https:\/\/www.blackjackinfo.com\/blackjack-tournaments\/the-rule-of-2-4-and-5\/#breadcrumb","itemListElement":[{"@type":"ListItem","position":1,"name":"Home","item":"https:\/\/www.blackjackinfo.com\/"},{"@type":"ListItem","position":2,"name":"Blackjack Tournament Strategy","item":"https:\/\/www.blackjackinfo.com\/blackjack-tournaments\/"},{"@type":"ListItem","position":3,"name":"The Powerful Rule of 2, 4, and 5"}]},{"@type":"WebSite","@id":"https:\/\/www.blackjackinfo.com\/#website","url":"https:\/\/www.blackjackinfo.com\/","name":"BlackjackInfo.com","description":"\u00a1Porque ganar es m\u00e1s divertido!","potentialAction":[{"@type":"SearchAction","target":{"@type":"EntryPoint","urlTemplate":"https:\/\/www.blackjackinfo.com\/?s={search_term_string}"},"query-input":{"@type":"PropertyValueSpecification","valueRequired":true,"valueName":"search_term_string"}}],"inLanguage":"es"}]}},"_links":{"self":[{"href":"https:\/\/www.blackjackinfo.com\/es\/wp-json\/wp\/v2\/pages\/1392","targetHints":{"allow":["GET"]}}],"collection":[{"href":"https:\/\/www.blackjackinfo.com\/es\/wp-json\/wp\/v2\/pages"}],"about":[{"href":"https:\/\/www.blackjackinfo.com\/es\/wp-json\/wp\/v2\/types\/page"}],"author":[{"embeddable":true,"href":"https:\/\/www.blackjackinfo.com\/es\/wp-json\/wp\/v2\/users\/2"}],"replies":[{"embeddable":true,"href":"https:\/\/www.blackjackinfo.com\/es\/wp-json\/wp\/v2\/comments?post=1392"}],"version-history":[{"count":5,"href":"https:\/\/www.blackjackinfo.com\/es\/wp-json\/wp\/v2\/pages\/1392\/revisions"}],"predecessor-version":[{"id":4590,"href":"https:\/\/www.blackjackinfo.com\/es\/wp-json\/wp\/v2\/pages\/1392\/revisions\/4590"}],"up":[{"embeddable":true,"href":"https:\/\/www.blackjackinfo.com\/es\/wp-json\/wp\/v2\/pages\/1052"}],"wp:attachment":[{"href":"https:\/\/www.blackjackinfo.com\/es\/wp-json\/wp\/v2\/media?parent=1392"}],"wp:term":[{"taxonomy":"post_tag","embeddable":true,"href":"https:\/\/www.blackjackinfo.com\/es\/wp-json\/wp\/v2\/tags?post=1392"}],"curies":[{"name":"wp","href":"https:\/\/api.w.org\/{rel}","templated":true}]}}