{"id":1419,"date":"2019-11-03T13:22:28","date_gmt":"2019-11-03T19:22:28","guid":{"rendered":"http:\/\/test.blackjackinfo.com\/?page_id=1419"},"modified":"2019-11-03T18:00:56","modified_gmt":"2019-11-04T00:00:56","slug":"no-6-a-5-blackjack","status":"publish","type":"page","link":"https:\/\/www.blackjackinfo.com\/es\/no-6-to-5-blackjack\/","title":{"rendered":"\u00bfBlackjack 6 a 5? \u00a1Di que no!"},"content":{"rendered":"<p>por <a href=\"\/ken-smith\/\">Kenneth R Smith<\/a><\/p>\n<p><img loading=\"lazy\" decoding=\"async\" class=\"alignright size-full wp-image-1420\" src=\"\/files\/no6to5.gif\" alt=\"No 6 to 5\" width=\"100\" height=\"100\" data-no-auto-translation=\"\"><\/p>\n<p class=\"intro\">Se est\u00e1 gestando una aut\u00e9ntica crisis para los aficionados al blackjack de casino. Muchos casinos de EE.UU. han empezado a introducir un cambio en las reglas que aumenta dr\u00e1sticamente la ventaja de la casa en el juego. Si ha estado \u00faltimamente en Las Vegas, es posible que haya visto carteles anunciando \"<strong>Blackjack de una baraja<\/strong>\" en muchos de los casinos del Strip de Las Vegas.<\/p>\n<p>Pero hay un truco. Busque un cartel en la mesa que diga \"El blackjack se paga 6:5\". En una partida de blackjack normal, un \"natural\" o blackjack se paga 3:2. Si apuestas $10 y sacas un blackjack, te pagar\u00e1n $15. Sin embargo, en estos nuevos juegos 6:5, un blackjack de $10 gana s\u00f3lo $12.<\/p>\n<p>Los casinos han tenido \u00e9xito hasta ahora en la comercializaci\u00f3n de este juego, porque a muchos jugadores ocasionales se les ha dicho a lo largo de los a\u00f1os que el blackjack de una sola baraja es un juego mejor que los juegos m\u00e1s comunes de 6 u 8 barajas en la sala del casino.<\/p>\n<p>Utilizando ese \u00fanico \u00e1ngulo de marketing, los casinos han atra\u00eddo a muchos jugadores a la nueva versi\u00f3n 6:5, a pesar del hecho de que estos juegos de un solo mazo son peores para el jugador que el peor juego de 8 mazos de la sala del casino. Mucho peores.<\/p>\n<blockquote><p>Cambiar esa regla, <strong>reducir los pagos del blackjack de 3:2 a 6:5 a\u00f1ade un considerable 1,39% a la ventaja del casino<\/strong>.<\/p><\/blockquote>\n<p>Considere este ejemplo de la <a href=\"https:\/\/www.caesars.com\/flamingo-las-vegas\">Flamingo en el Strip de Las Vegas<\/a>:<\/p>\n<p>Ofrecen un juego 6:5 de una sola baraja, en el que la ventaja de la casa para un jugador de estrategia b\u00e1sica es de 1,45%. (Como la mayor\u00eda de estos juegos 6:5, permiten el doble despu\u00e9s de dividir, lo que no compensa ni de lejos la mala regla 6:5). Tambi\u00e9n ofrecen un juego de 8 mazos en el que la ventaja de la casa para un jugador de estrategia b\u00e1sica es de 0,56%. <strong>Por lo tanto, \u00a1un jugador que elige su oferta de un solo mazo tiene casi el triple de p\u00e9rdidas esperadas que un jugador en su juego de 8 mazos!<\/strong>.<\/p>\n<p>\u00bfCu\u00e1l es la diferencia en d\u00f3lares reales? Para un jugador de $25, suponiendo 80 manos por hora, la p\u00e9rdida esperada en el juego de 8 mazos del Flamingo es de $11,20 por hora. En cambio, la p\u00e9rdida esperada para el mismo jugador en el juego de una sola baraja 6:5 es de $29,00. Y, recuerde, \u00a1esto es comparado con el juego que antes era el peor blackjack de la casa!<\/p>\n<h2>\u00bfQu\u00e9 puede hacer para ayudar?<\/h2>\n<ul>\n<li>No juegues a ning\u00fan juego de blackjack que pague menos de 3:2 por un blackjack.<\/li>\n<li>Avisa a tus amigos y familiares si van al casino. Diles que mejor jueguen a los juegos de \"zapato\" de varios pisos.<\/li>\n<li>Hazle saber al encargado de tu casino favorito que odias ver la sala llena de juegos enga\u00f1osos en lugar de blackjack de verdad.<\/li>\n<li>Si tienes un anfitri\u00f3n de casino, hazle saber tambi\u00e9n tu descontento.<\/li>\n<\/ul>\n<p>Si los jugadores no dejan de apoyar estos juegos, es s\u00f3lo cuesti\u00f3n de tiempo que los casinos eliminen todos los juegos de blackjack reales. No dejes que ocurra.<\/p>\n<p>Invitamos a otros webmasters a utilizar este art\u00edculo y el gr\u00e1fico \"No 6 a 5\" en sus propios sitios. Si utilizan el art\u00edculo, les rogamos que dejen intacta la l\u00ednea de autor, incluido el enlace al autor en <a href=\"https:\/\/www.blackjackinfo.com\">BlackjackInfo.com<\/a>.<\/p>\n<p>Tambi\u00e9n puedes enlazar el art\u00edculo aqu\u00ed. En cualquier caso, ayuda a difundirlo. Muchas gracias.<\/p>","protected":false},"excerpt":{"rendered":"<p>by Kenneth R Smith There&#8217;s a real crisis developing for fans of casino blackjack. Many casinos in the US have begun introducing a rule change that dramatically increases the house advantage in the game. If you&#8217;ve been to Las Vegas lately, you may have seen signs advertising &#8220;Single Deck Blackjack&#8221; at many of the casinos [&hellip;]<\/p>\n","protected":false},"author":2,"featured_media":0,"parent":0,"menu_order":0,"comment_status":"open","ping_status":"open","template":"page-centred-8-column.php","meta":{"_acf_changed":false,"footnotes":""},"tags":[],"class_list":["post-1419","page","type-page","status-publish","hentry"],"acf":[],"yoast_head":"<!-- This site is optimized with the Yoast SEO plugin v26.6 - https:\/\/yoast.com\/wordpress\/plugins\/seo\/ -->\n<title>6 to 5 Blackjack? Just Say No!<\/title>\n<meta name=\"description\" content=\"Some casinos now offer a version of blackjack that pays only 6 to 5 for a blackjack. See why this is game is so much worse for the player.\" \/>\n<meta name=\"robots\" content=\"index, follow, max-snippet:-1, max-image-preview:large, max-video-preview:-1\" \/>\n<link rel=\"canonical\" href=\"https:\/\/www.blackjackinfo.com\/es\/no-6-a-5-blackjack\/\" \/>\n<meta property=\"og:locale\" content=\"es_ES\" \/>\n<meta property=\"og:type\" content=\"article\" \/>\n<meta property=\"og:title\" content=\"6 to 5 Blackjack? Just Say No!\" \/>\n<meta property=\"og:description\" content=\"Some casinos now offer a version of blackjack that pays only 6 to 5 for a blackjack. See why this is game is so much worse for the player.\" \/>\n<meta property=\"og:url\" content=\"https:\/\/www.blackjackinfo.com\/es\/no-6-a-5-blackjack\/\" \/>\n<meta property=\"og:site_name\" content=\"BlackjackInfo.com\" \/>\n<meta property=\"article:modified_time\" content=\"2019-11-04T00:00:56+00:00\" \/>\n<meta name=\"twitter:label1\" content=\"Tiempo de lectura\" \/>\n\t<meta name=\"twitter:data1\" content=\"2 minutos\" \/>\n<script type=\"application\/ld+json\" class=\"yoast-schema-graph\">{\"@context\":\"https:\/\/schema.org\",\"@graph\":[{\"@type\":\"WebPage\",\"@id\":\"https:\/\/www.blackjackinfo.com\/no-6-to-5-blackjack\/\",\"url\":\"https:\/\/www.blackjackinfo.com\/no-6-to-5-blackjack\/\",\"name\":\"6 to 5 Blackjack? Just Say No!\",\"isPartOf\":{\"@id\":\"https:\/\/www.blackjackinfo.com\/#website\"},\"datePublished\":\"2019-11-03T19:22:28+00:00\",\"dateModified\":\"2019-11-04T00:00:56+00:00\",\"description\":\"Some casinos now offer a version of blackjack that pays only 6 to 5 for a blackjack. See why this is game is so much worse for the player.\",\"breadcrumb\":{\"@id\":\"https:\/\/www.blackjackinfo.com\/no-6-to-5-blackjack\/#breadcrumb\"},\"inLanguage\":\"es\",\"potentialAction\":[{\"@type\":\"ReadAction\",\"target\":[\"https:\/\/www.blackjackinfo.com\/no-6-to-5-blackjack\/\"]}]},{\"@type\":\"BreadcrumbList\",\"@id\":\"https:\/\/www.blackjackinfo.com\/no-6-to-5-blackjack\/#breadcrumb\",\"itemListElement\":[{\"@type\":\"ListItem\",\"position\":1,\"name\":\"Home\",\"item\":\"https:\/\/www.blackjackinfo.com\/\"},{\"@type\":\"ListItem\",\"position\":2,\"name\":\"6 to 5 Blackjack? Just Say No!\"}]},{\"@type\":\"WebSite\",\"@id\":\"https:\/\/www.blackjackinfo.com\/#website\",\"url\":\"https:\/\/www.blackjackinfo.com\/\",\"name\":\"BlackjackInfo.com\",\"description\":\"Because Winning is More Fun!\",\"potentialAction\":[{\"@type\":\"SearchAction\",\"target\":{\"@type\":\"EntryPoint\",\"urlTemplate\":\"https:\/\/www.blackjackinfo.com\/?s={search_term_string}\"},\"query-input\":{\"@type\":\"PropertyValueSpecification\",\"valueRequired\":true,\"valueName\":\"search_term_string\"}}],\"inLanguage\":\"es\"}]}<\/script>\n<!-- \/ Yoast SEO plugin. -->","yoast_head_json":{"title":"\u00bfBlackjack 6 a 5? \u00a1Di que no!","description":"Algunos casinos ofrecen ahora una versi\u00f3n del blackjack que s\u00f3lo paga 6 a 5 por un blackjack. Vea por qu\u00e9 este juego es mucho peor para el jugador.","robots":{"index":"index","follow":"follow","max-snippet":"max-snippet:-1","max-image-preview":"max-image-preview:large","max-video-preview":"max-video-preview:-1"},"canonical":"https:\/\/www.blackjackinfo.com\/es\/no-6-a-5-blackjack\/","og_locale":"es_ES","og_type":"article","og_title":"6 to 5 Blackjack? Just Say No!","og_description":"Some casinos now offer a version of blackjack that pays only 6 to 5 for a blackjack. See why this is game is so much worse for the player.","og_url":"https:\/\/www.blackjackinfo.com\/es\/no-6-a-5-blackjack\/","og_site_name":"BlackjackInfo.com","article_modified_time":"2019-11-04T00:00:56+00:00","twitter_misc":{"Tiempo de lectura":"2 minutos"},"schema":{"@context":"https:\/\/schema.org","@graph":[{"@type":"WebPage","@id":"https:\/\/www.blackjackinfo.com\/no-6-to-5-blackjack\/","url":"https:\/\/www.blackjackinfo.com\/no-6-to-5-blackjack\/","name":"\u00bfBlackjack 6 a 5? \u00a1Di que no!","isPartOf":{"@id":"https:\/\/www.blackjackinfo.com\/#website"},"datePublished":"2019-11-03T19:22:28+00:00","dateModified":"2019-11-04T00:00:56+00:00","description":"Algunos casinos ofrecen ahora una versi\u00f3n del blackjack que s\u00f3lo paga 6 a 5 por un blackjack. Vea por qu\u00e9 este juego es mucho peor para el jugador.","breadcrumb":{"@id":"https:\/\/www.blackjackinfo.com\/no-6-to-5-blackjack\/#breadcrumb"},"inLanguage":"es","potentialAction":[{"@type":"ReadAction","target":["https:\/\/www.blackjackinfo.com\/no-6-to-5-blackjack\/"]}]},{"@type":"BreadcrumbList","@id":"https:\/\/www.blackjackinfo.com\/no-6-to-5-blackjack\/#breadcrumb","itemListElement":[{"@type":"ListItem","position":1,"name":"Home","item":"https:\/\/www.blackjackinfo.com\/"},{"@type":"ListItem","position":2,"name":"6 to 5 Blackjack? Just Say No!"}]},{"@type":"WebSite","@id":"https:\/\/www.blackjackinfo.com\/#website","url":"https:\/\/www.blackjackinfo.com\/","name":"BlackjackInfo.com","description":"\u00a1Porque ganar es m\u00e1s divertido!","potentialAction":[{"@type":"SearchAction","target":{"@type":"EntryPoint","urlTemplate":"https:\/\/www.blackjackinfo.com\/?s={search_term_string}"},"query-input":{"@type":"PropertyValueSpecification","valueRequired":true,"valueName":"search_term_string"}}],"inLanguage":"es"}]}},"_links":{"self":[{"href":"https:\/\/www.blackjackinfo.com\/es\/wp-json\/wp\/v2\/pages\/1419","targetHints":{"allow":["GET"]}}],"collection":[{"href":"https:\/\/www.blackjackinfo.com\/es\/wp-json\/wp\/v2\/pages"}],"about":[{"href":"https:\/\/www.blackjackinfo.com\/es\/wp-json\/wp\/v2\/types\/page"}],"author":[{"embeddable":true,"href":"https:\/\/www.blackjackinfo.com\/es\/wp-json\/wp\/v2\/users\/2"}],"replies":[{"embeddable":true,"href":"https:\/\/www.blackjackinfo.com\/es\/wp-json\/wp\/v2\/comments?post=1419"}],"version-history":[{"count":11,"href":"https:\/\/www.blackjackinfo.com\/es\/wp-json\/wp\/v2\/pages\/1419\/revisions"}],"predecessor-version":[{"id":5414,"href":"https:\/\/www.blackjackinfo.com\/es\/wp-json\/wp\/v2\/pages\/1419\/revisions\/5414"}],"wp:attachment":[{"href":"https:\/\/www.blackjackinfo.com\/es\/wp-json\/wp\/v2\/media?parent=1419"}],"wp:term":[{"taxonomy":"post_tag","embeddable":true,"href":"https:\/\/www.blackjackinfo.com\/es\/wp-json\/wp\/v2\/tags?post=1419"}],"curies":[{"name":"wp","href":"https:\/\/api.w.org\/{rel}","templated":true}]}}