{"id":1499,"date":"2014-12-22T23:06:06","date_gmt":"2014-12-23T05:06:06","guid":{"rendered":"https:\/\/test.blackjackinfo.com\/?page_id=1499"},"modified":"2018-06-22T02:44:46","modified_gmt":"2018-06-22T07:44:46","slug":"los-diez-errores-mas-comunes-en-la-estrategia-basica-del-blackjack","status":"publish","type":"page","link":"https:\/\/www.blackjackinfo.com\/es\/top-ten-blackjack-basic-strategy-mistakes\/","title":{"rendered":"Los diez errores m\u00e1s comunes en la estrategia b\u00e1sica del blackjack"},"content":{"rendered":"<div class=\"top-ten-mistakes\">\n<p class=\"intro\">Si juegas al blackjack durante una o dos horas, tus resultados ser\u00e1n bastante impredecibles. Puede que ganes mucho o que pierdas mucho. La mayor\u00eda de las veces, estar\u00e1s en alg\u00fan punto intermedio. A corto plazo, la buena o la mala suerte deciden si ser\u00e1 un ganador o un perdedor neto. Sin embargo, si calcula el promedio de sus resultados a lo largo de muchas horas, queda claro que jugar de forma m\u00e1s inteligente le ahorrar\u00e1 mucho dinero.<\/p>\n<p>\nUn jugador t\u00edpico de blackjack pierde 2% del total de sus apuestas al casino en el transcurso de muchas apuestas. Puede que no parezca mucho, pero es cuatro veces m\u00e1s caro de lo necesario. Un jugador de estrategia b\u00e1sica en una partida t\u00edpica de 6 mazos pierde aproximadamente 0,5%. Jugar a un juego de 2 mazos reduce la ventaja de la casa a 0,2%, y un juego de un solo mazo con reglas decentes es b\u00e1sicamente un juego de equilibrio.\n<\/p>\n<p>\nSi usted es un apostador de $10 jugando una partida t\u00edpica de 6 mazos como las que se ofrecen en el Strip de Las Vegas, puede esperar poner alrededor de $600 en acci\u00f3n en una hora de juego. Un jugador medio perder\u00e1 2% de esto, o $12 por hora. En cambio, un jugador que utilice la estrategia b\u00e1sica correcta perder\u00e1 0,5% de $600, o s\u00f3lo $3.\n<\/p>\n<p>\n\u00bfA qu\u00e9 se debe esta diferencia? Lo que sigue es una lista de los errores m\u00e1s comunes que veo que cometen los jugadores de blackjack. Los ejemplos suponen que usted apuesta $10 por mano en un juego de 6 mazos, donde el crupier se planta en todos los 17 y se permite doblar despu\u00e9s de dividir.\n<\/p>\n<p>    <!-- Mistake 10-------------------------------------------------><\/p>\n<div class=\"mistake\">\n<div class=\"mistake-title\">\n<div class=\"mistake-number\">10<\/div>\n<p>12 contra dealer 3<\/p>\n<div class=\"correct-play\"><span class=\"black\">La jugada correcta: <\/span>HIT<\/div>\n<div class=\"clearfix\"><\/div>\n<\/div>\n<div class=\"row\">\n<div class=\"col-sm-10 col-center\">\n<p>Muchos jugadores odian pedir 12 aqu\u00ed, especialmente en el asiento de tercera base.  Hablar\u00e1n de \"quitarle la carta al crupier\", etc\u00e9tera.  A los casinos les encanta o\u00edr eso.<\/p>\n<p>De media, pararse con 12 contra un 3 pierde $2,55.  Golpear pierde un poco menos con una media de $2,31.  Por tanto, golpear es mejor por 24 c\u00e9ntimos.<\/p>\n<\/div>\n<\/div>\n<hr>\n<div class=\"row\">\n<div class=\"col-xs-6 col-sm-4\"> De pie:<\/p>\n<div class=\"red\"><i class=\"fa fa-arrow-down\" aria-hidden=\"true\"><\/i> $2.55<\/div>\n<\/div>\n<div class=\"col-xs-6 col-sm-4\"> Bateando:<\/p>\n<div class=\"red\"><i class=\"fa fa-arrow-down\" aria-hidden=\"true\"><\/i> $2.31<\/div>\n<\/div>\n<div class=\"col-xs-12 col-sm-4\">\n<hr class=\"visible-xs\">\n          \u00bfCu\u00e1nto vale?<\/p>\n<div class=\"text-success\">$0.24 <span class=\"red\">(HIT)<\/span><\/div>\n<\/div>\n<\/div>\n<\/div>\n<p>   <!-- Mistake 9-------------------------------------------------><\/p>\n<div class=\"mistake\">\n<div class=\"mistake-title\">\n<div class=\"mistake-number\">9<\/div>\n<p>        (As,7) contra Diez<\/p>\n<div class=\"correct-play\"><span class=\"black\">La jugada correcta: <\/span>HIT<\/div>\n<div class=\"clearfix\"><\/div>\n<\/p><\/div>\n<div class=\"row\">\n<div class=\"col-sm-10 col-center\">\n<p>La mayor\u00eda de los jugadores juegan mal esta mano. Piensan, \u00bfpor qu\u00e9 pedir un 18? Bueno, te dir\u00e9 por qu\u00e9. Dieciocho es una mano pobre. Es una mano perdedora pase lo que pase. S\u00ed, a menudo empeorar\u00e1 la mano al pedirlo, y puede que tenga que pedirlo varias veces. Sin embargo, los n\u00fameros no mienten:<\/p>\n<\/p><\/div>\n<\/p><\/div>\n<hr>\n<div class=\"row\">\n<div class=\"col-xs-6 col-sm-4\"> De pie:<\/p>\n<div class=\"red\"><i class=\"fa fa-arrow-down\" aria-hidden=\"true\"><\/i> $1.80<\/div>\n<\/p><\/div>\n<div class=\"col-xs-6 col-sm-4\"> Bateando:<\/p>\n<div class=\"red\"><i class=\"fa fa-arrow-down\" aria-hidden=\"true\"><\/i> $1.43<\/div>\n<\/p><\/div>\n<div class=\"col-xs-12 col-sm-4\">\n<hr class=\"visible-xs\">\n          \u00bfCu\u00e1nto vale?<\/p>\n<div class=\"text-success\">$0.37 <span class=\"red\">(HIT)<\/span><\/div>\n<\/p><\/div>\n<\/p><\/div>\n<\/p><\/div>\n<p>    <!-- Mistake 8-------------------------------------------------><\/p>\n<div class=\"mistake\">\n<div class=\"mistake-title\">\n<div class=\"mistake-number\">8<\/div>\n<p>        Ganar \"incluso dinero\" en el Blackjack<\/p>\n<div class=\"correct-play\"><span class=\"black\">La jugada correcta: <\/span>NO<\/div>\n<div class=\"clearfix\"><\/div>\n<\/p><\/div>\n<div class=\"row\">\n<div class=\"col-sm-10 col-center\">\n<p>Los crupieres le dir\u00e1n: \"Es la \u00fanica apuesta segura del casino\". Pues s\u00ed, es una apuesta segura. Pero tiene un precio. El dinero parejo es s\u00f3lo un seguro con otro nombre, y a menos que est\u00e9s contando cartas, es una apuesta tonta.<\/p>\n<\/p><\/div>\n<\/p><\/div>\n<hr>\n<div class=\"row\">\n<div class=\"col-xs-6 col-sm-4\"> Tomando incluso dinero:<\/p>\n<div class=\"text-success\"><i class=\"fa fa-arrow-up\" aria-hidden=\"true\"><\/i> $10.00 (cada vez)<\/div>\n<\/p><\/div>\n<div class=\"col-xs-6 col-sm-4\"> No aceptar ni el dinero:<\/p>\n<div class=\"text-success\"><i class=\"fa fa-arrow-up\" aria-hidden=\"true\"><\/i> $10,39 (de media)<\/div>\n<\/p><\/div>\n<div class=\"col-xs-12 col-sm-4\">\n<hr class=\"visible-xs\">\n          \u00bfCu\u00e1nto vale?<\/p>\n<div class=\"text-success\">$0.39 <span class=\"red\">(NO)<\/span><\/div>\n<\/p><\/div>\n<\/p><\/div>\n<\/p><\/div>\n<p>    <!-- Mistake 7-------------------------------------------------><\/p>\n<div class=\"mistake\">\n<div class=\"mistake-title\">\n<div class=\"mistake-number\">7<\/div>\n<p>        12 contra dealer 2<\/p>\n<div class=\"correct-play\"><span class=\"black\">La jugada correcta: <\/span>HIT<\/div>\n<div class=\"clearfix\"><\/div>\n<\/p><\/div>\n<div class=\"row\">\n<div class=\"col-sm-10 col-center\">\n<p>Esto es como 12 contra 3, con las mismas excusas tontas. Pero ahora, los n\u00fameros son a\u00fan m\u00e1s convincentes...<\/p>\n<\/p><\/div>\n<\/p><\/div>\n<hr>\n<div class=\"row\">\n<div class=\"col-xs-6 col-sm-4\"> De pie:<\/p>\n<div class=\"red\"><i class=\"fa fa-arrow-down\" aria-hidden=\"true\"><\/i> $2.96<\/div>\n<\/p><\/div>\n<div class=\"col-xs-6 col-sm-4\"> Bateando:<\/p>\n<div class=\"red\"><i class=\"fa fa-arrow-down\" aria-hidden=\"true\"><\/i> $2.52<\/div>\n<\/p><\/div>\n<div class=\"col-xs-12 col-sm-4\">\n<hr class=\"visible-xs\">\n          \u00bfCu\u00e1nto vale?<\/p>\n<div class=\"text-success\">$0.44 <span class=\"red\">(HIT)<\/span><\/div>\n<\/p><\/div>\n<\/p><\/div>\n<\/p><\/div>\n<p>    <!-- Mistake 6-------------------------------------------------><\/p>\n<div class=\"mistake\">\n<div class=\"mistake-title\">\n<div class=\"mistake-number\">6<\/div>\n<p>        (8,8) vs Ten<\/p>\n<div class=\"correct-play\"><span class=\"black\">La jugada correcta: <\/span>SPLIT<\/div>\n<div class=\"clearfix\"><\/div>\n<\/p><\/div>\n<div class=\"row\">\n<div class=\"col-sm-10 col-center\">\n<p>Esta es una de las m\u00e1s populares. Muchos jugadores odian poner m\u00e1s dinero sobre la mesa en una situaci\u00f3n perdedora. Suena razonable, \u00bfverdad? Pues a veces no. He aqu\u00ed un buen ejemplo. Al apostar otro $10, nos libramos de una mano realmente horrible de 16 y empezamos con dos manos malas normales de 8. Seguiremos perdiendo dinero, pero perderemos menos.<\/p>\n<\/p><\/div>\n<\/p><\/div>\n<hr>\n<div class=\"row mB15\">\n<div class=\"col-xs-4 col-sm-3\"> De pie:<\/p>\n<div class=\"red\"><i class=\"fa fa-arrow-down\" aria-hidden=\"true\"><\/i> $5.37<\/div>\n<\/p><\/div>\n<div class=\"col-xs-4 col-sm-3\"> Bateando:<\/p>\n<div class=\"red\"><i class=\"fa fa-arrow-down\" aria-hidden=\"true\"><\/i> $5.35<\/div>\n<\/p><\/div>\n<div class=\"col-xs-4 col-sm-3\"> Separaci\u00f3n:<\/p>\n<div class=\"red\"><i class=\"fa fa-arrow-down\" aria-hidden=\"true\"><\/i> $4.83<\/div>\n<\/p><\/div>\n<div class=\"col-xs-12 col-sm-3\">\n<hr class=\"visible-xs\">\n          \u00bfCu\u00e1nto vale?<\/p>\n<div class=\"text-success\">$0.52 <span class=\"red\">(SPLIT)<\/span><\/div>\n<\/p><\/div>\n<\/p><\/div>\n<div class=\"small\">(Exception: In the European No-Hole-Card game, players should NOT split this hand because the dealer might end up with blackjack.<br \/>\n        In the US-style game, the dealer has already checked for blackjack.) <\/div>\n<\/p><\/div>\n<p>    <!-- Mistake 5-------------------------------------------------><\/p>\n<div class=\"mistake\">\n<div class=\"mistake-title\">\n<div class=\"mistake-number\">5<\/div>\n<p>        11 vs dealer Ten<\/p>\n<div class=\"correct-play\"><span class=\"black\">La jugada correcta: <\/span>DOBLE<\/div>\n<div class=\"clearfix\"><\/div>\n<\/p><\/div>\n<div class=\"row\">\n<div class=\"col-sm-10 col-center\">\n<p>Una cosa es ser reacio a poner m\u00e1s dinero en una situaci\u00f3n perdedora, pero mucha gente tambi\u00e9n decide no doblar 11 contra un Diez del crupier, a pesar de tener \"lo mejor\".<\/p>\n<\/p><\/div>\n<\/p><\/div>\n<hr>\n<div class=\"row mB15\">\n<div class=\"col-xs-6 col-sm-4\"> Bateando:<\/p>\n<div class=\"text-success\"><i class=\"fa fa-arrow-up\" aria-hidden=\"true\"><\/i> $1.18<\/div>\n<\/p><\/div>\n<div class=\"col-xs-6 col-sm-4\"> Doblando:<\/p>\n<div class=\"text-success\"><i class=\"fa fa-arrow-up\" aria-hidden=\"true\"><\/i> $1.78<\/div>\n<\/p><\/div>\n<div class=\"col-xs-12 col-sm-4\">\n<hr class=\"visible-xs\">\n          \u00bfCu\u00e1nto vale?<\/p>\n<div class=\"text-success\">$0.60 <span class=\"red\">(DOBLE)<\/span><\/div>\n<\/p><\/div>\n<\/p><\/div>\n<div class=\"small\">(Excepci\u00f3n: En el juego europeo sin cartas, los jugadores NO deben doblar esta mano).<\/div>\n<\/p><\/div>\n<p>    <!-- Mistake 4-------------------------------------------------><\/p>\n<div class=\"mistake\">\n<div class=\"mistake-title\">\n<div class=\"mistake-number\">4<\/div>\n<p>        (As,7) vs dealer 9<\/p>\n<div class=\"correct-play\"><span class=\"black\">La jugada correcta: <\/span>HIT<\/div>\n<div class=\"clearfix\"><\/div>\n<\/p><\/div>\n<div class=\"row\">\n<div class=\"col-sm-10 col-center\">\n<p>Este es otro error que cometen la mayor\u00eda de los jugadores. Y, empieza a ser bastante caro a $0,85 por error. Ni siquiera lo dudes. P\u00e9gale.<\/p>\n<\/p><\/div>\n<\/p><\/div>\n<hr>\n<div class=\"row\">\n<div class=\"col-xs-6 col-sm-4\">De pie:<\/p>\n<div class=\"red\"><i class=\"fa fa-arrow-down\" aria-hidden=\"true\"><\/i> $1.83<\/div>\n<\/p><\/div>\n<div class=\"col-xs-6 col-sm-4\">Bateando:<\/p>\n<div class=\"red\"><i class=\"fa fa-arrow-down\" aria-hidden=\"true\"><\/i> $0.98<\/div>\n<\/p><\/div>\n<div class=\"col-xs-12 col-sm-4\">\n<hr class=\"visible-xs\">\n          \u00bfCu\u00e1nto vale?<\/p>\n<div class=\"text-success\">$0.85 <span class=\"red\">(HIT)<\/span><\/div>\n<\/p><\/div>\n<\/p><\/div>\n<\/p><\/div>\n<p>    <!-- Mistake 3-------------------------------------------------><\/p>\n<div class=\"mistake\">\n<div class=\"mistake-title\">\n<div class=\"mistake-number\">3<\/div>\n<p>        (8,8) contra el as de la banca<\/p>\n<div class=\"correct-play\"><span class=\"black\">La jugada correcta: <\/span>SPLIT<\/div>\n<div class=\"clearfix\"><\/div>\n<\/p><\/div>\n<div class=\"row\">\n<div class=\"col-sm-10 col-center\">\n<p>Esto no es m\u00e1s que el error n\u00famero 6, pero m\u00e1s caro. Es la misma reticencia de siempre a comprar para salir de un apuro.<\/p>\n<p>Hay tres maneras de jugar esta miserable mano:<\/p>\n<\/p><\/div>\n<\/p><\/div>\n<hr>\n<div class=\"row mB15\">\n<div class=\"col-xs-4 col-sm-3\">De pie:<\/p>\n<div class=\"red\"><i class=\"fa fa-arrow-down\" aria-hidden=\"true\"><\/i> $6.63<\/div>\n<\/p><\/div>\n<div class=\"col-xs-4 col-sm-3\">Bateando:<\/p>\n<div class=\"red\"><i class=\"fa fa-arrow-down\" aria-hidden=\"true\"><\/i> $5.14<\/div>\n<\/p><\/div>\n<div class=\"col-xs-4 col-sm-3\">Separaci\u00f3n:<\/p>\n<div class=\"red\"><i class=\"fa fa-arrow-down\" aria-hidden=\"true\"><\/i> $3.86<\/div>\n<\/p><\/div>\n<div class=\"col-xs-12 col-sm-3\">\n<hr class=\"visible-xs\">\n          \u00bfCu\u00e1nto vale?<\/p>\n<div class=\"text-success\">$1.28 <span class=\"red\">(SPLIT)<\/span><\/div>\n<\/p><\/div>\n<\/p><\/div>\n<div class=\"small\">(Excepci\u00f3n: En el juego europeo sin cartas, los jugadores NO deben dividir esta mano).<\/div>\n<\/p><\/div>\n<p>    <!-- Mistake 2-------------------------------------------------><\/p>\n<div class=\"mistake\">\n<div class=\"mistake-title\">\n<div class=\"mistake-number\">2<\/div>\n<p>        (As,6) vs dealer 7<\/p>\n<div class=\"correct-play\"><span class=\"black\">La jugada correcta: <\/span>HIT<\/div>\n<div class=\"clearfix\"><\/div>\n<\/p><\/div>\n<div class=\"row\">\n<div class=\"col-sm-10 col-center\">\n<p>Supongo que algunas personas s\u00f3lo quieren jugar por un empuj\u00f3n aqu\u00ed. Pero, aqu\u00ed hay una rara oportunidad. Puedes convertir una situaci\u00f3n perdedora en una ganadora si aciertas esta mano. No es coincidencia que est\u00e9 en el puesto n\u00famero 2. Es el segundo error m\u00e1s caro de la lista. Simplemente acierta.<\/p>\n<\/p><\/div>\n<\/p><\/div>\n<hr>\n<div class=\"row\">\n<div class=\"col-xs-6 col-sm-4\">De pie:<\/p>\n<div class=\"red\"><i class=\"fa fa-arrow-down\" aria-hidden=\"true\"><\/i> $1.04<\/div>\n<\/p><\/div>\n<div class=\"col-xs-6 col-sm-4\">Bateando:<\/p>\n<div class=\"text-success\"><i class=\"fa fa-arrow-up\" aria-hidden=\"true\"><\/i> Gana $0.55<\/div>\n<\/p><\/div>\n<div class=\"col-xs-12 col-sm-4\">\n<hr class=\"visible-xs\">\n          \u00bfCu\u00e1nto vale?<\/p>\n<div class=\"text-success\">$1.59 <span class=\"red\">(HIT)<\/span><\/div>\n<\/p><\/div>\n<\/p><\/div>\n<\/p><\/div>\n<p>    <!-- Mistake 1-------------------------------------------------><\/p>\n<div class=\"mistake\">\n<div class=\"mistake-title\">\n<div class=\"mistake-number\">1<\/div>\n<p>        (As,As) vs repartidor Diez<\/p>\n<div class=\"correct-play\"><span class=\"black\">La jugada correcta: <\/span>SPLIT<\/div>\n<div class=\"clearfix\"><\/div>\n<\/p><\/div>\n<div class=\"row\">\n<div class=\"col-sm-10 col-center\">\n<p>Afortunadamente, no veo este error con demasiada frecuencia. Pero lo veo de vez en cuando. Cuando divides ases, s\u00f3lo puedes pedir uno a cada uno. Algunos jugadores equivocados piensan que esto lo convierte en una mala jugada. Si le molesta, piense que es como doblar dos onces. Y considere lo que puede producir empezar con una mano de 2 \u00f3 12. Esto es una verdadera obviedad. Apuesta y divide. Siempre.<\/p>\n<\/p><\/div>\n<\/p><\/div>\n<hr>\n<div class=\"row mB15\">\n<div class=\"col-xs-6 col-sm-4\">Bateando:<\/p>\n<div class=\"red\"><i class=\"fa fa-arrow-down\" aria-hidden=\"true\"><\/i> $0.66<\/div>\n<\/p><\/div>\n<div class=\"col-xs-6 col-sm-4\">Separaci\u00f3n:<\/p>\n<div class=\"text-success\"><i class=\"fa fa-arrow-up\" aria-hidden=\"true\"><\/i> $1.82<\/div>\n<\/p><\/div>\n<div class=\"col-xs-12 col-sm-4\">\n<hr class=\"visible-xs\">\n          \u00bfCu\u00e1nto vale?<\/p>\n<div class=\"text-success\">$2.48 <span class=\"red\">(SPLIT)<\/span><\/div>\n<\/p><\/div>\n<\/p><\/div>\n<div class=\"small\">(Esta jugada se hace incluso en el juego europeo sin cartas. Dividir Ases es lo suficientemente fuerte como para justificar el riesgo).<\/div>\n<\/p><\/div>\n<p>    <!-- Mistake end -------------------------------------------------><\/p>\n<p>\nPues ya est\u00e1.  El \"Sal\u00f3n de la Verg\u00fcenza\" de los errores comunes de estrategia.  Como se puede ver, incluso en $10 una mano, estas cosas empiezan a sumar.\n<\/p>\n<p>\nSi todos los jugadores aprendieran la estrategia b\u00e1sica correcta, los casinos no podr\u00edan permitirse ofrecer el juego tal y como lo conocemos.  El espacio se convertir\u00eda en m\u00e1quinas tragaperras en un abrir y cerrar de ojos.  Pero parece que hay una fuente inagotable de jugadores que prefieren jugar a su aire y mantener a los casinos llenos de dinero.\n<\/p>\n<p>\nMucha suerte, -Ken-\n<\/p>\n<hr>\n<p>\nDetalles para los obsesivos: Las cantidades en d\u00f3lares calculadas en este art\u00edculo suponen un juego S17 DAS de 6 mazos.  Se supone que la mano del jugador de 12 es (Diez,2). Se supone que la mano del jugador de 11 es (5,6).  Otras composiciones arrojan cantidades muy ligeramente diferentes.<\/p>\n<\/div>","protected":false},"excerpt":{"rendered":"<p>If you play blackjack for an hour or two, your results will be pretty unpredictable. You may win a lot, or you may lose a lot. Most of the time, you&#8217;ll be somewhere in between. In the short-term, good luck or bad luck decides whether you&#8217;ll be a net winner or loser. However, if you [&hellip;]<\/p>\n","protected":false},"author":2,"featured_media":0,"parent":0,"menu_order":0,"comment_status":"open","ping_status":"closed","template":"","meta":{"_acf_changed":false,"footnotes":""},"tags":[],"class_list":["post-1499","page","type-page","status-publish","hentry"],"acf":[],"yoast_head":"<!-- This site is optimized with the Yoast SEO plugin v26.6 - https:\/\/yoast.com\/wordpress\/plugins\/seo\/ -->\n<title>Top Ten Blackjack Basic Strategy Mistakes<\/title>\n<meta name=\"description\" content=\"The Top Ten Mistakes Made by Blackjack Players.\" \/>\n<meta name=\"robots\" content=\"index, follow, max-snippet:-1, max-image-preview:large, max-video-preview:-1\" \/>\n<link rel=\"canonical\" href=\"https:\/\/www.blackjackinfo.com\/es\/los-diez-errores-mas-comunes-en-la-estrategia-basica-del-blackjack\/\" \/>\n<meta property=\"og:locale\" content=\"es_ES\" \/>\n<meta property=\"og:type\" content=\"article\" \/>\n<meta property=\"og:title\" content=\"Top Ten Blackjack Basic Strategy Mistakes\" \/>\n<meta property=\"og:description\" content=\"The Top Ten Mistakes Made by Blackjack Players.\" \/>\n<meta property=\"og:url\" content=\"https:\/\/www.blackjackinfo.com\/es\/los-diez-errores-mas-comunes-en-la-estrategia-basica-del-blackjack\/\" \/>\n<meta property=\"og:site_name\" content=\"BlackjackInfo.com\" \/>\n<meta property=\"article:modified_time\" content=\"2018-06-22T07:44:46+00:00\" \/>\n<meta name=\"twitter:label1\" content=\"Tiempo de lectura\" \/>\n\t<meta name=\"twitter:data1\" content=\"5 minutos\" \/>\n<script type=\"application\/ld+json\" class=\"yoast-schema-graph\">{\"@context\":\"https:\/\/schema.org\",\"@graph\":[{\"@type\":\"WebPage\",\"@id\":\"https:\/\/www.blackjackinfo.com\/top-ten-blackjack-basic-strategy-mistakes\/\",\"url\":\"https:\/\/www.blackjackinfo.com\/top-ten-blackjack-basic-strategy-mistakes\/\",\"name\":\"Top Ten Blackjack Basic Strategy Mistakes\",\"isPartOf\":{\"@id\":\"https:\/\/www.blackjackinfo.com\/#website\"},\"datePublished\":\"2014-12-23T05:06:06+00:00\",\"dateModified\":\"2018-06-22T07:44:46+00:00\",\"description\":\"The Top Ten Mistakes Made by Blackjack Players.\",\"breadcrumb\":{\"@id\":\"https:\/\/www.blackjackinfo.com\/top-ten-blackjack-basic-strategy-mistakes\/#breadcrumb\"},\"inLanguage\":\"es\",\"potentialAction\":[{\"@type\":\"ReadAction\",\"target\":[\"https:\/\/www.blackjackinfo.com\/top-ten-blackjack-basic-strategy-mistakes\/\"]}]},{\"@type\":\"BreadcrumbList\",\"@id\":\"https:\/\/www.blackjackinfo.com\/top-ten-blackjack-basic-strategy-mistakes\/#breadcrumb\",\"itemListElement\":[{\"@type\":\"ListItem\",\"position\":1,\"name\":\"Home\",\"item\":\"https:\/\/www.blackjackinfo.com\/\"},{\"@type\":\"ListItem\",\"position\":2,\"name\":\"Top Ten Blackjack Basic Strategy Mistakes\"}]},{\"@type\":\"WebSite\",\"@id\":\"https:\/\/www.blackjackinfo.com\/#website\",\"url\":\"https:\/\/www.blackjackinfo.com\/\",\"name\":\"BlackjackInfo.com\",\"description\":\"Because Winning is More Fun!\",\"potentialAction\":[{\"@type\":\"SearchAction\",\"target\":{\"@type\":\"EntryPoint\",\"urlTemplate\":\"https:\/\/www.blackjackinfo.com\/?s={search_term_string}\"},\"query-input\":{\"@type\":\"PropertyValueSpecification\",\"valueRequired\":true,\"valueName\":\"search_term_string\"}}],\"inLanguage\":\"es\"}]}<\/script>\n<!-- \/ Yoast SEO plugin. -->","yoast_head_json":{"title":"Los diez errores m\u00e1s comunes en la estrategia b\u00e1sica del blackjack","description":"Los diez errores m\u00e1s comunes de los jugadores de blackjack.","robots":{"index":"index","follow":"follow","max-snippet":"max-snippet:-1","max-image-preview":"max-image-preview:large","max-video-preview":"max-video-preview:-1"},"canonical":"https:\/\/www.blackjackinfo.com\/es\/los-diez-errores-mas-comunes-en-la-estrategia-basica-del-blackjack\/","og_locale":"es_ES","og_type":"article","og_title":"Top Ten Blackjack Basic Strategy Mistakes","og_description":"The Top Ten Mistakes Made by Blackjack Players.","og_url":"https:\/\/www.blackjackinfo.com\/es\/los-diez-errores-mas-comunes-en-la-estrategia-basica-del-blackjack\/","og_site_name":"BlackjackInfo.com","article_modified_time":"2018-06-22T07:44:46+00:00","twitter_misc":{"Tiempo de lectura":"5 minutos"},"schema":{"@context":"https:\/\/schema.org","@graph":[{"@type":"WebPage","@id":"https:\/\/www.blackjackinfo.com\/top-ten-blackjack-basic-strategy-mistakes\/","url":"https:\/\/www.blackjackinfo.com\/top-ten-blackjack-basic-strategy-mistakes\/","name":"Los diez errores m\u00e1s comunes en la estrategia b\u00e1sica del blackjack","isPartOf":{"@id":"https:\/\/www.blackjackinfo.com\/#website"},"datePublished":"2014-12-23T05:06:06+00:00","dateModified":"2018-06-22T07:44:46+00:00","description":"Los diez errores m\u00e1s comunes de los jugadores de blackjack.","breadcrumb":{"@id":"https:\/\/www.blackjackinfo.com\/top-ten-blackjack-basic-strategy-mistakes\/#breadcrumb"},"inLanguage":"es","potentialAction":[{"@type":"ReadAction","target":["https:\/\/www.blackjackinfo.com\/top-ten-blackjack-basic-strategy-mistakes\/"]}]},{"@type":"BreadcrumbList","@id":"https:\/\/www.blackjackinfo.com\/top-ten-blackjack-basic-strategy-mistakes\/#breadcrumb","itemListElement":[{"@type":"ListItem","position":1,"name":"Home","item":"https:\/\/www.blackjackinfo.com\/"},{"@type":"ListItem","position":2,"name":"Top Ten Blackjack Basic Strategy Mistakes"}]},{"@type":"WebSite","@id":"https:\/\/www.blackjackinfo.com\/#website","url":"https:\/\/www.blackjackinfo.com\/","name":"BlackjackInfo.com","description":"\u00a1Porque ganar es m\u00e1s divertido!","potentialAction":[{"@type":"SearchAction","target":{"@type":"EntryPoint","urlTemplate":"https:\/\/www.blackjackinfo.com\/?s={search_term_string}"},"query-input":{"@type":"PropertyValueSpecification","valueRequired":true,"valueName":"search_term_string"}}],"inLanguage":"es"}]}},"_links":{"self":[{"href":"https:\/\/www.blackjackinfo.com\/es\/wp-json\/wp\/v2\/pages\/1499","targetHints":{"allow":["GET"]}}],"collection":[{"href":"https:\/\/www.blackjackinfo.com\/es\/wp-json\/wp\/v2\/pages"}],"about":[{"href":"https:\/\/www.blackjackinfo.com\/es\/wp-json\/wp\/v2\/types\/page"}],"author":[{"embeddable":true,"href":"https:\/\/www.blackjackinfo.com\/es\/wp-json\/wp\/v2\/users\/2"}],"replies":[{"embeddable":true,"href":"https:\/\/www.blackjackinfo.com\/es\/wp-json\/wp\/v2\/comments?post=1499"}],"version-history":[{"count":14,"href":"https:\/\/www.blackjackinfo.com\/es\/wp-json\/wp\/v2\/pages\/1499\/revisions"}],"predecessor-version":[{"id":3729,"href":"https:\/\/www.blackjackinfo.com\/es\/wp-json\/wp\/v2\/pages\/1499\/revisions\/3729"}],"wp:attachment":[{"href":"https:\/\/www.blackjackinfo.com\/es\/wp-json\/wp\/v2\/media?parent=1499"}],"wp:term":[{"taxonomy":"post_tag","embeddable":true,"href":"https:\/\/www.blackjackinfo.com\/es\/wp-json\/wp\/v2\/tags?post=1499"}],"curies":[{"name":"wp","href":"https:\/\/api.w.org\/{rel}","templated":true}]}}