{"id":1509,"date":"2015-01-02T21:45:47","date_gmt":"2015-01-03T03:45:47","guid":{"rendered":"https:\/\/www.blackjackinfo.com\/?page_id=1509"},"modified":"2018-09-06T01:27:56","modified_gmt":"2018-09-06T06:27:56","slug":"mas-alla-de-wong-torneo-consejos-tio-stanford-nunca-te-dijo","status":"publish","type":"page","link":"https:\/\/www.blackjackinfo.com\/es\/blackjack-tournaments\/beyond-wong-tournament-tips-uncle-stanford-never-told-you\/","title":{"rendered":"M\u00e1s all\u00e1 de Wong - Algunos consejos sobre torneos que el t\u00edo Stanford nunca te cont\u00f3"},"content":{"rendered":"<div class=\"bji-byline\">por <a href=\"http:\/\/www.huntingtonpress.com\/go\/authors\/curtis-anthony\">Anthony Curtis<\/a>.<\/div>\n<div class=\"panel smaller\">\n<p>Este art\u00edculo se publica aqu\u00ed con la amable autorizaci\u00f3n de Anthony Curtis. Apareci\u00f3 originalmente en la revista Blackjack Forum y en <a href=\"http:\/\/www.lasvegasadvisor.com\">Asesor de Las Vegas<\/a>.<\/p>\n<\/div>\n<div class=\"panel smaller\">\n<p><i>Nota de Anthony Curtis:<\/i><\/p>\n<p><i>La emisi\u00f3n del primer <b>Serie Mundial de Blackjack<\/b> me lleg\u00f3 un aluvi\u00f3n de correos electr\u00f3nicos y llamadas telef\u00f3nicas, en su mayor\u00eda pregunt\u00e1ndome por qu\u00e9 hab\u00eda jugado como lo hab\u00eda hecho. Soy consciente de que para muchos era la primera vez que jugaban en un torneo, por lo que muchas de las cosas que vieron les parecieron extra\u00f1as. Es importante darse cuenta de que jugar un torneo suele requerir una estrategia muy diferente a la de una partida en vivo. Despu\u00e9s de leer sobre torneos y jugar u observar algunos, empezar\u00e1s a tener una comprensi\u00f3n b\u00e1sica.<\/i><\/p>\n<p>Lo m\u00e1s interesante, sin embargo, fueron las preguntas de muchos que ya hab\u00edan jugado torneos antes. Varios se sorprendieron al verme hacer cosas diferentes de las que hab\u00edan le\u00eddo en el cl\u00e1sico de Stanford Wong <a href=\"http:\/\/www.amazon.com\/dp\/0935926224\/?tag=theblackjacbasic\">Estrategia de torneos de casino<\/a>. \u00bfPor qu\u00e9 \"infring\u00eda las normas\"? Parte de la respuesta est\u00e1 en el art\u00edculo que sigue, publicado originalmente en <b>Foro de Blackjack<\/b>. Preste especial atenci\u00f3n a la larga lista de consideraciones que hay que tener en cuenta para determinar la mejor manera de jugar una ronda determinada, y comprenda que esta lista es s\u00f3lo parcial.<\/p>\n<p><i>(Adici\u00f3n del editor: Hay un resumen de la mesa de Anthony en WSOBJ Temporada I aqu\u00ed: <a href=\"https:\/\/www.blackjacktournaments.com\/threads\/world-series-of-blackjack-on-gsn-episode-1.80\/\">World Series of Blackjack, Temporada 1, Episodio 1<\/a>.)<\/i><\/p>\n<\/div>\n<p>Una noche de finales de 1985, son\u00f3 mi tel\u00e9fono. Era una llamada que recuerdo como una de las m\u00e1s importantes de mi vida.<\/p>\n<p>Stanford Wong estaba al otro lado y, como es su costumbre, fue directo al grano.<\/p>\n<p>\"Estoy formando un equipo para el torneo\", dijo. \"Somos cuatro y creo que cinco formar\u00edamos un grupo agradable y eficiente. Se me ha ocurrido usted. \u00bfTe gustar\u00eda jugar con nosotros?\"<\/p>\n<p>Me sorprendi\u00f3. Wong era uno de mis primeros h\u00e9roes del juego. Hab\u00edamos mantenido una breve correspondencia y nos hab\u00edamos visto una vez. Ahora me estaba llamando a mi apartamento de un dormitorio, pidi\u00e9ndome que me uniera a su equipo. Era como un aspirante a futbolista recibiendo una llamada de los 49ers. Un sue\u00f1o hecho realidad...<\/p>\n<p>\"N-n-no\", tartamude\u00e9.<\/p>\n<p>\"\u00bfPor qu\u00e9 no?\"<\/p>\n<p>\"Soy un buen jugador de blackjack, pero jugar torneos es otro mundo. No s\u00e9 nada de eso\".<\/p>\n<p>\"Yo tampoco\", dijo Wong, \"pero tengo algunas ideas. Aprenderemos todos juntos\".<\/p>\n<p>Y as\u00ed comenz\u00f3 una experiencia incre\u00edble que me hizo ganar mucho dinero (e incluso un poco de fama).<\/p>\n<p>A estas alturas, muchos de ustedes ya conocen la historia. Reconociendo una oportunidad, Stanford Wong construy\u00f3 un modelo inform\u00e1tico para analizar el juego final del torneo de blackjack. Recopil\u00f3 sus hallazgos en cuadernos de espiral y nos los pas\u00f3 a m\u00ed y a los dem\u00e1s miembros del equipo (la informaci\u00f3n de esos cuadernos de espiral secretos se puede encontrar ahora en el libro de Wong, <a href=\"http:\/\/www.amazon.com\/dp\/0935926224\/?tag=theblackjacbasic\">Estrategia de torneos de casino<\/a>). Durante unos dos a\u00f1os, viajamos mucho para jugar torneos: Reno, Tahoe, Atlantic City, las Bahamas y Aruba. Tres a\u00f1os despu\u00e9s, el equipo se disolvi\u00f3. Cabe se\u00f1alar que Wong no fue el primero en idear los torneos. Cuando entramos en escena, los jugadores ya utilizaban estos conceptos. M\u00e1s tarde supe que hab\u00edan dominado los torneos durante a\u00f1os, en una \u00e9poca en la que los premios eran mucho mayores que ahora.<\/p>\n<p>Wong sab\u00eda que s\u00f3lo dedicar\u00eda un par de a\u00f1os a jugar torneos en serio. Quer\u00eda escribir el gran libro sobre el tema y luego dedicarse a otras cosas. Yo, en cambio, ve\u00eda los torneos como un pozo profundo (de beneficios) al que podr\u00eda acudir durante mucho tiempo. Algunos de los otros chicos (y chicas) que ven\u00edan por aquel entonces lo ve\u00edan de la misma manera. Formamos amistades, hablamos mucho, jugamos juntos y elevamos el arte.<\/p>\n<p>Como \u00e9ramos j\u00f3venes e impetuosos, mis amigos y yo quer\u00edamos dominar el mundo de los torneos. Nos qued\u00e1bamos hasta altas horas de la noche discutiendo las rondas del d\u00eda si hab\u00edamos jugado, o la estrategia general si no lo hab\u00edamos hecho. Analiz\u00e1bamos todo lo que pudiera aumentar nuestra ventaja, y las conversaciones se volv\u00edan m\u00e1s esot\u00e9ricas a medida que aumentaba la cuenta de bebidas gratuitas. Entre los temas de discusi\u00f3n: juego final, juego medio, apuestas secretas, playoffs, ajustes de formato, consideraciones posicionales, ventajas y desventajas de la correlaci\u00f3n, creaci\u00f3n de swings, t\u00e9cnicas para contar fichas, tendencias de los oponentes, seguimiento de la baraja en los torneos, fichajes en los torneos (por crupieres y jugadores), gesti\u00f3n del tiempo en torneos cronometrados, c\u00f3mo explotar la infracci\u00f3n de las reglas de un jugador, c\u00f3mo explotar el error de un crupier, c\u00f3mo explotar nuestra reputaci\u00f3n, c\u00f3mo jugar si fu\u00e9ramos desconocidos, c\u00f3mo jugar con m\u00e1s de uno de nosotros en una mesa, c\u00f3mo tratar con otro experto en la mesa, c\u00f3mo asegurar una buena posici\u00f3n en la mesa en el sorteo, c\u00f3mo hacer que un oponente apueste fuera de turno, c\u00f3mo influir en los oponentes apostando fuera de turno y, por supuesto, c\u00f3mo conseguir una cita con la guapa ayudante del director del torneo (una habilidad que nunca llegu\u00e9 a dominar del todo). Hay que tener en cuenta que s\u00f3lo hablo de torneos de blackjack; hab\u00eda otros temas para los dados, el keno, etc. La cuesti\u00f3n es que pasamos mucho tiempo fuera de las p\u00e1ginas del manual de torneos de Wong.<\/p>\n<p>\u00daltimamente no juego los torneos tan a menudo como antes, as\u00ed que no me importa contarte algunas de nuestras conclusiones. Pero no te emociones demasiado. Comparada con el valor de la informaci\u00f3n en Estrategia de Torneos de Casino y la fuerza de la singular t\u00e1ctica de apostar tu dinero (ver Bombas Fuera m\u00e1s abajo), esta informaci\u00f3n tiene un valor marginal. Por otra parte, puede que encuentre algo que le ayude a pasar una o dos rondas m\u00e1s.<\/p>\n<h2 class=\"text-center\">Elige bien<\/h2>\n<p>Una forma sencilla de mejorar los resultados (independientemente del nivel de habilidad) es ser exigente con los torneos en los que se participa. Aqu\u00ed intervienen varios factores, pero la equidad es la medida fundamental de la jugabilidad. La equidad es el porcentaje de los derechos de inscripci\u00f3n recaudados que se devuelve en forma de premios. Es una consideraci\u00f3n importante. Cuando la bolsa de premios devuelve menos de 100%, hay que tomar una decisi\u00f3n. \u00bfEs usted lo suficientemente superior al jugador medio de ese torneo como para compensar el d\u00e9ficit? No importa qui\u00e9n seas, siempre hay un punto en el que la respuesta tiene que ser \"no\". Cuanto mejor sepas calcular ese porcentaje, mejores ser\u00e1n tus resultados. Hoy en d\u00eda me encuentro cada vez m\u00e1s fuera de los torneos, debido al espectacular aumento del nivel de habilidad del p\u00fablico. Si el jugador medio es casi tan experto como yo, entonces incluso un torneo que pague cerca de 100% de equidad ofrece un retorno de mi inversi\u00f3n demasiado peque\u00f1o como para que merezca la pena jugarlo desde un punto de vista puramente monetario.<\/p>\n<p>A menudo hay consideraciones accesorias. En mi caso, tengo el lujo \u00fanico de poder jugar en torneos en los que tengo una peque\u00f1a ventaja gracias al valor publicitario que me da ganar. Cuando calculo la equidad, a veces asigno un valor doble o triple a la bolsa de premios debido a la mayor credibilidad que ganar el campeonato da a mi carrera como escritor de apuestas. Un profesional, por ejemplo, podr\u00eda asignar un valor a\u00f1adido por la pr\u00e1ctica dif\u00edcil de conseguir que obtiene jugando. Un novato podr\u00eda justificar su participaci\u00f3n por el valor de las vacaciones: compensa la diferencia con una habitaci\u00f3n gratis, regalos, fiestas, bebidas y otras ventajas que conlleva la participaci\u00f3n en un torneo. Conozco a mucha gente a la que le encanta jugar torneos. Para ellos, el factor diversi\u00f3n reduce los requisitos de fondos propios.<\/p>\n<p>He aqu\u00ed otras dos realidades que saltan literalmente a la vista cuando se examinan extensos registros de resultados de torneos. En primer lugar, los descuentos por inscripci\u00f3n anticipada son valiosos. Aseg\u00farese de planificar con suficiente antelaci\u00f3n para aprovechar el ahorro que suponen. En segundo lugar, las p\u00e9rdidas por encima de la mesa representan un enorme coste del negocio. Los torneos con entradas altas y buy-ins bajos son deseables. Los torneos disputados con dinero ficticio suelen ser los mejores de todos.<\/p>\n<h2 class=\"text-center\">No cuente con ello<\/h2>\n<p>Siempre me froto las manos cuando me encuentro con contadores de cartas en una mesa de torneo. \u00bfPor qu\u00e9? Porque son muy predecibles. Una jugada poderosa en la competici\u00f3n de torneos es crear la oportunidad de un giro cuando vas por detr\u00e1s. Eso suele significar apostar fuerte cuando tus oponentes apuestan poco (o viceversa). Esto puede ser problem\u00e1tico cuando el oponente clave apuesta despu\u00e9s de usted, porque puede simplemente reflejar sus apuestas en la medida que elija. Dado que algunos contadores de cartas preferir\u00edan ser reprendidos p\u00fablicamente antes que aumentar sus apuestas en una baraja negativa, puede crear un posible cambio en cualquier momento con s\u00f3lo apostar en contra del recuento.<\/p>\n<p>El ejemplo m\u00e1s notable que he visto ocurri\u00f3 en un gran torneo en las Bahamas. Yo estaba en una mesa de cinco y todos mis oponentes eran contadores de cartas empedernidos. A un tercio de la ronda, el zapato dio positivo y los otros cuatro se lanzaron a por \u00e9l. Como ya hab\u00eda perdido algunas apuestas m\u00e1ximas, me alegr\u00e9 de dejarlas pasar, con la esperanza de que unas cuantas buenas manos del crupier me las devolvieran. Pero cuando el zapato termin\u00f3, yo tambi\u00e9n lo estaba. Los cuatro estaban en un empate por el liderato, ocho apuestas m\u00e1ximas por delante de m\u00ed. Dado el formato de avance de una persona, estaba casi hundido. Sin embargo, la siguiente ronda fue r\u00e1pidamente negativa. Hice una apuesta m\u00e1xima, mientras que todos los dem\u00e1s apostaron el m\u00ednimo. Gan\u00e9 y gan\u00e9 una apuesta. Mientras segu\u00edamos jugando, ni siquiera me preocup\u00e9 por lo que me tocaba. Estaba ocupado rezando para que el recuento se mantuviera negativo y as\u00ed seguir siendo el \u00fanico gran apostador. As\u00ed fue, y en la \u00faltima mano s\u00f3lo ten\u00eda que ganar mi apuesta para pasar a la final de cuatro por $250.000 (por desgracia, mi extraordinaria remontada no se consum\u00f3). Despu\u00e9s de la ronda, uno de los jugadores que me conoc\u00eda como contador de cartas se acerc\u00f3 y me dijo: \"Buena remontada, pero \u00bfpor qu\u00e9 estabas apostando tan fuerte en esa enorme cuenta negativa?\". La pregunta era a\u00fan m\u00e1s rid\u00edcula de lo que es obvio: est\u00e1bamos jugando con dinero falso.<\/p>\n<p>Aunque es un ejemplo v\u00edvido, no es ni mucho menos el principal problema de contar cartas en los torneos. Si sabes contar, lo har\u00e1s mientras juegas, y no hay nada malo en ello en las primeras fases. De hecho, en los formatos de un solo avance en los que es casi seguro que tendr\u00e1 que hacer al menos una apuesta grande (preferiblemente no correlativa) en alg\u00fan momento de la ronda, hacer esa apuesta pronto y seg\u00fan el recuento mejorar\u00e1 sus resultados sobre la mesa. Pero en las \u00faltimas cinco a diez manos, te volver\u00e1s loco si mantienes el recuento a expensas de todas las cosas m\u00e1s importantes que hay que tener en cuenta, como un recuento exacto de los bankrolls amenazantes.<\/p>\n<h2 class=\"text-center\">Posici\u00f3n Disposici\u00f3n<\/h2>\n<p>Pocos jugadores dan a la posici\u00f3n la consideraci\u00f3n que merece. Es importante basar todo su plan de juego en el orden de apuestas de la \u00faltima mano, especialmente en el formato de un avance. En pocas palabras, cuanto peor sea tu posici\u00f3n en el final, m\u00e1s agresivo deber\u00e1s ser antes de llegar a \u00e9l. Si la posici\u00f3n viene determinada por una tirada de dados o un empate en la mesa, debe calcular inmediatamente d\u00f3nde apostar\u00e1 en la \u00faltima mano (si todo el mundo llega tan lejos) y, a continuaci\u00f3n, jugar en consecuencia. Tambi\u00e9n debe estar preparado para recalcular y cambiar de estrategia cuando los jugadores se retiren y cambie el orden de la \u00faltima mano. Las consideraciones posicionales, por cierto, son mucho m\u00e1s importantes (y complicadas) en torneos distintos del blackjack, como los dados.<\/p>\n<h2 class=\"text-center\">Es mejor cuando te quieren<\/h2>\n<p>Los contadores de cartas con m\u00e1s \u00e9xito dedican mucho tiempo a asegurarse de que la alfombra de bienvenida permanece extendida. Cabr\u00eda esperar que los jugadores de torneos hicieran lo mismo, pero no es as\u00ed. Por alguna raz\u00f3n, el t\u00edpico experto en torneos no puede resistirse a alardear de su talento, no tanto ante los casinos u otros clientes como entre ellos. Los jugadores de torneos se re\u00fanen en grupos y camarillas, analizan abiertamente cada movimiento que ellos y sus compa\u00f1eros hacen durante el juego, y hacen bromas no tan sutiles sobre el juego no \u00f3ptimo de los menos informados. Los profesionales de los torneos deben darse cuenta de que los mismos jugadores a los que explotan son a menudo los mejores clientes del casino. Si se les antagoniza lo suficiente, acabar\u00e1n quej\u00e1ndose a la direcci\u00f3n del casino y se acabar\u00e1 la bienvenida. Los casinos no se arriesgar\u00e1n a perder a sus buenos clientes por unas cuantas entradas.<\/p>\n<p>Algunas de esas discusiones esot\u00e9ricas que he mencionado antes ten\u00edan que ver con el margen de maniobra que hab\u00eda que dar a los clientes habituales del casino cuando comet\u00edan errores (infracciones de las normas, recepci\u00f3n de pagos excesivos, etc.) antes de plantear una objeci\u00f3n que pudiera ganarse un enemigo. No subestime esta consideraci\u00f3n. Algunos de los ganadores de torneos a largo plazo con m\u00e1s \u00e9xito que conozco tambi\u00e9n se encuentran entre las personas m\u00e1s agradables que he conocido.<\/p>\n<h2 class=\"text-center\">Bombas fuera<\/h2>\n<p>Si has estudiado alg\u00fan torneo, probablemente ya sepas lo que voy a decirte. Pero es tan importante que no puedo imaginar hablar de torneos sin mencionarlo. Ninguna otra estrategia es tan poderosa como \u00e9sta: Apuesta tu dinero cuando vayas por detr\u00e1s. Un torneo es un tiroteo, y las fichas son tus balas. Debes disparar esas balas hasta que ganes el tiroteo o te quedes sin munici\u00f3n. Si la cosa est\u00e1 que arde y no est\u00e1 seguro de qu\u00e9 hacer, aplique esta regla: En caso de duda, ap\u00e1galo. As\u00ed es. Apostar el m\u00e1ximo puede no ser la mejor jugada, pero rara vez es la peor.<\/p>\n<p>Una vez particip\u00e9 en un minitorneo en el que toda la mesa ten\u00eda el gusanillo de las apuestas. Cinco de nosotros convertimos una entrada de $500 en m\u00e1s de $2.000. Cuando el humo se disip\u00f3, yo hab\u00eda avanzado junto con un joven aviador de la base a\u00e9rea de Nellis que jugaba su primer torneo. Cuando el humo se disip\u00f3, yo hab\u00eda avanzado junto con un joven aviador de la base a\u00e9rea de Nellis que jugaba su primer torneo. El aviador se hab\u00eda dado cuenta r\u00e1pidamente, haciendo apuestas m\u00e1ximas cada vez que la pila de fichas de alguien superaba la suya. Despu\u00e9s de la ronda, el aviador salt\u00f3 de su asiento, corri\u00f3 hacia su novia y grit\u00f3: \"No se trataba de jugar a las cartas. Se trataba de apostar\". Palabras m\u00e1s ciertas...<\/p>\n<hr \/>\n<p>Para m\u00e1s art\u00edculos sobre torneos de blackjack y estrategia de torneos, puedes:<br \/>\nVolver a la <a href=\"\/blackjack-tournaments\/\">Secci\u00f3n Torneos de Blackjack<\/a>o<br \/>\nVisite nuestro sitio hermano, dedicado por completo a los torneos: <a href=\"https:\/\/www.blackjacktournaments.com\/\">BlackjackTournaments.com<\/a>.<\/p>","protected":false},"excerpt":{"rendered":"<p>by Anthony Curtis. This article is published here with the kind permission of Anthony Curtis. It originally appeared in Blackjack Forum magazine and at Las Vegas Advisor. Note from Anthony Curtis: The airing of GSN&#8217;s first World Series of Blackjack brought a flood of e-mail and phone calls, much of it asking why I played [&hellip;]<\/p>\n","protected":false},"author":2,"featured_media":0,"parent":1052,"menu_order":8,"comment_status":"open","ping_status":"closed","template":"page-with-sidebar.php","meta":{"_acf_changed":false,"footnotes":""},"tags":[],"class_list":["post-1509","page","type-page","status-publish","hentry"],"acf":[],"yoast_head":"<!-- This site is optimized with the Yoast SEO plugin v26.6 - https:\/\/yoast.com\/wordpress\/plugins\/seo\/ -->\n<title>Beyond Wong - A Few Tournament Tips Uncle Stanford Never Told You<\/title>\n<meta name=\"description\" content=\"Tournament expert Anthony Curtis looks at how blackjack tournament strategy has evolved beyond the basics covered by Stanford Wong in his popular book.\" \/>\n<meta name=\"robots\" content=\"index, follow, max-snippet:-1, max-image-preview:large, max-video-preview:-1\" \/>\n<link rel=\"canonical\" href=\"https:\/\/www.blackjackinfo.com\/es\/torneos-de-blackjack\/mas-alla-de-wong-torneo-consejos-tio-stanford-nunca-te-dijo\/\" \/>\n<meta property=\"og:locale\" content=\"es_ES\" \/>\n<meta property=\"og:type\" content=\"article\" \/>\n<meta property=\"og:title\" content=\"Beyond Wong - A Few Tournament Tips Uncle Stanford Never Told You\" \/>\n<meta property=\"og:description\" content=\"Tournament expert Anthony Curtis looks at how blackjack tournament strategy has evolved beyond the basics covered by Stanford Wong in his popular book.\" \/>\n<meta property=\"og:url\" content=\"https:\/\/www.blackjackinfo.com\/es\/torneos-de-blackjack\/mas-alla-de-wong-torneo-consejos-tio-stanford-nunca-te-dijo\/\" \/>\n<meta property=\"og:site_name\" content=\"BlackjackInfo.com\" \/>\n<meta property=\"article:modified_time\" content=\"2018-09-06T06:27:56+00:00\" \/>\n<meta name=\"twitter:label1\" content=\"Tiempo de lectura\" \/>\n\t<meta name=\"twitter:data1\" content=\"12 minutos\" \/>\n<script type=\"application\/ld+json\" class=\"yoast-schema-graph\">{\"@context\":\"https:\/\/schema.org\",\"@graph\":[{\"@type\":\"WebPage\",\"@id\":\"https:\/\/www.blackjackinfo.com\/blackjack-tournaments\/beyond-wong-tournament-tips-uncle-stanford-never-told-you\/\",\"url\":\"https:\/\/www.blackjackinfo.com\/blackjack-tournaments\/beyond-wong-tournament-tips-uncle-stanford-never-told-you\/\",\"name\":\"Beyond Wong - A Few Tournament Tips Uncle Stanford Never Told You\",\"isPartOf\":{\"@id\":\"https:\/\/www.blackjackinfo.com\/#website\"},\"datePublished\":\"2015-01-03T03:45:47+00:00\",\"dateModified\":\"2018-09-06T06:27:56+00:00\",\"description\":\"Tournament expert Anthony Curtis looks at how blackjack tournament strategy has evolved beyond the basics covered by Stanford Wong in his popular book.\",\"breadcrumb\":{\"@id\":\"https:\/\/www.blackjackinfo.com\/blackjack-tournaments\/beyond-wong-tournament-tips-uncle-stanford-never-told-you\/#breadcrumb\"},\"inLanguage\":\"es\",\"potentialAction\":[{\"@type\":\"ReadAction\",\"target\":[\"https:\/\/www.blackjackinfo.com\/blackjack-tournaments\/beyond-wong-tournament-tips-uncle-stanford-never-told-you\/\"]}]},{\"@type\":\"BreadcrumbList\",\"@id\":\"https:\/\/www.blackjackinfo.com\/blackjack-tournaments\/beyond-wong-tournament-tips-uncle-stanford-never-told-you\/#breadcrumb\",\"itemListElement\":[{\"@type\":\"ListItem\",\"position\":1,\"name\":\"Home\",\"item\":\"https:\/\/www.blackjackinfo.com\/\"},{\"@type\":\"ListItem\",\"position\":2,\"name\":\"Blackjack Tournament Strategy\",\"item\":\"https:\/\/www.blackjackinfo.com\/blackjack-tournaments\/\"},{\"@type\":\"ListItem\",\"position\":3,\"name\":\"Beyond Wong &#8211; A Few Tournament Tips Uncle Stanford Never Told You\"}]},{\"@type\":\"WebSite\",\"@id\":\"https:\/\/www.blackjackinfo.com\/#website\",\"url\":\"https:\/\/www.blackjackinfo.com\/\",\"name\":\"BlackjackInfo.com\",\"description\":\"Because Winning is More Fun!\",\"potentialAction\":[{\"@type\":\"SearchAction\",\"target\":{\"@type\":\"EntryPoint\",\"urlTemplate\":\"https:\/\/www.blackjackinfo.com\/?s={search_term_string}\"},\"query-input\":{\"@type\":\"PropertyValueSpecification\",\"valueRequired\":true,\"valueName\":\"search_term_string\"}}],\"inLanguage\":\"es\"}]}<\/script>\n<!-- \/ Yoast SEO plugin. -->","yoast_head_json":{"title":"M\u00e1s all\u00e1 de Wong - Algunos consejos sobre torneos que el t\u00edo Stanford nunca te cont\u00f3","description":"El experto en torneos Anthony Curtis analiza c\u00f3mo ha evolucionado la estrategia de los torneos de blackjack m\u00e1s all\u00e1 de los conceptos b\u00e1sicos tratados por Stanford Wong en su popular libro.","robots":{"index":"index","follow":"follow","max-snippet":"max-snippet:-1","max-image-preview":"max-image-preview:large","max-video-preview":"max-video-preview:-1"},"canonical":"https:\/\/www.blackjackinfo.com\/es\/torneos-de-blackjack\/mas-alla-de-wong-torneo-consejos-tio-stanford-nunca-te-dijo\/","og_locale":"es_ES","og_type":"article","og_title":"Beyond Wong - A Few Tournament Tips Uncle Stanford Never Told You","og_description":"Tournament expert Anthony Curtis looks at how blackjack tournament strategy has evolved beyond the basics covered by Stanford Wong in his popular book.","og_url":"https:\/\/www.blackjackinfo.com\/es\/torneos-de-blackjack\/mas-alla-de-wong-torneo-consejos-tio-stanford-nunca-te-dijo\/","og_site_name":"BlackjackInfo.com","article_modified_time":"2018-09-06T06:27:56+00:00","twitter_misc":{"Tiempo de lectura":"12 minutos"},"schema":{"@context":"https:\/\/schema.org","@graph":[{"@type":"WebPage","@id":"https:\/\/www.blackjackinfo.com\/blackjack-tournaments\/beyond-wong-tournament-tips-uncle-stanford-never-told-you\/","url":"https:\/\/www.blackjackinfo.com\/blackjack-tournaments\/beyond-wong-tournament-tips-uncle-stanford-never-told-you\/","name":"M\u00e1s all\u00e1 de Wong - Algunos consejos sobre torneos que el t\u00edo Stanford nunca te cont\u00f3","isPartOf":{"@id":"https:\/\/www.blackjackinfo.com\/#website"},"datePublished":"2015-01-03T03:45:47+00:00","dateModified":"2018-09-06T06:27:56+00:00","description":"El experto en torneos Anthony Curtis analiza c\u00f3mo ha evolucionado la estrategia de los torneos de blackjack m\u00e1s all\u00e1 de los conceptos b\u00e1sicos tratados por Stanford Wong en su popular libro.","breadcrumb":{"@id":"https:\/\/www.blackjackinfo.com\/blackjack-tournaments\/beyond-wong-tournament-tips-uncle-stanford-never-told-you\/#breadcrumb"},"inLanguage":"es","potentialAction":[{"@type":"ReadAction","target":["https:\/\/www.blackjackinfo.com\/blackjack-tournaments\/beyond-wong-tournament-tips-uncle-stanford-never-told-you\/"]}]},{"@type":"BreadcrumbList","@id":"https:\/\/www.blackjackinfo.com\/blackjack-tournaments\/beyond-wong-tournament-tips-uncle-stanford-never-told-you\/#breadcrumb","itemListElement":[{"@type":"ListItem","position":1,"name":"Home","item":"https:\/\/www.blackjackinfo.com\/"},{"@type":"ListItem","position":2,"name":"Blackjack Tournament Strategy","item":"https:\/\/www.blackjackinfo.com\/blackjack-tournaments\/"},{"@type":"ListItem","position":3,"name":"Beyond Wong &#8211; A Few Tournament Tips Uncle Stanford Never Told You"}]},{"@type":"WebSite","@id":"https:\/\/www.blackjackinfo.com\/#website","url":"https:\/\/www.blackjackinfo.com\/","name":"BlackjackInfo.com","description":"\u00a1Porque ganar es m\u00e1s divertido!","potentialAction":[{"@type":"SearchAction","target":{"@type":"EntryPoint","urlTemplate":"https:\/\/www.blackjackinfo.com\/?s={search_term_string}"},"query-input":{"@type":"PropertyValueSpecification","valueRequired":true,"valueName":"search_term_string"}}],"inLanguage":"es"}]}},"_links":{"self":[{"href":"https:\/\/www.blackjackinfo.com\/es\/wp-json\/wp\/v2\/pages\/1509","targetHints":{"allow":["GET"]}}],"collection":[{"href":"https:\/\/www.blackjackinfo.com\/es\/wp-json\/wp\/v2\/pages"}],"about":[{"href":"https:\/\/www.blackjackinfo.com\/es\/wp-json\/wp\/v2\/types\/page"}],"author":[{"embeddable":true,"href":"https:\/\/www.blackjackinfo.com\/es\/wp-json\/wp\/v2\/users\/2"}],"replies":[{"embeddable":true,"href":"https:\/\/www.blackjackinfo.com\/es\/wp-json\/wp\/v2\/comments?post=1509"}],"version-history":[{"count":18,"href":"https:\/\/www.blackjackinfo.com\/es\/wp-json\/wp\/v2\/pages\/1509\/revisions"}],"predecessor-version":[{"id":4591,"href":"https:\/\/www.blackjackinfo.com\/es\/wp-json\/wp\/v2\/pages\/1509\/revisions\/4591"}],"up":[{"embeddable":true,"href":"https:\/\/www.blackjackinfo.com\/es\/wp-json\/wp\/v2\/pages\/1052"}],"wp:attachment":[{"href":"https:\/\/www.blackjackinfo.com\/es\/wp-json\/wp\/v2\/media?parent=1509"}],"wp:term":[{"taxonomy":"post_tag","embeddable":true,"href":"https:\/\/www.blackjackinfo.com\/es\/wp-json\/wp\/v2\/tags?post=1509"}],"curies":[{"name":"wp","href":"https:\/\/api.w.org\/{rel}","templated":true}]}}