{"id":1901,"date":"2016-10-14T13:38:31","date_gmt":"2016-10-14T18:38:31","guid":{"rendered":"https:\/\/www.blackjackinfo.com\/?page_id=1901"},"modified":"2018-06-22T02:25:28","modified_gmt":"2018-06-22T07:25:28","slug":"sobre-lv-bear","status":"publish","type":"page","link":"https:\/\/www.blackjackinfo.com\/es\/about-lv-bear\/","title":{"rendered":"Acerca de LV Bear"},"content":{"rendered":"<p class=\"intro\">Empec\u00e9 a jugar al blackjack a mediados de los 90 tras leer el libro de Ed Thorp <a rel=\"nofollow\" href=\"http:\/\/www.amazon.com\/dp\/0394703103\/?tag=theblackjacbasic\">Vencer a la banca<\/a>. Anteriormente, s\u00f3lo hab\u00eda jugado como \"ploppy\" (t\u00edpico cliente de casino desinformado) unas cuantas veces en mi vida. No ten\u00eda ning\u00fan inter\u00e9s real en el blackjack ni en ning\u00fan otro juego de casino. Despu\u00e9s de leer el libro del Dr. Thorp, empec\u00e9 a interesarme por el concepto del juego con ventaja. Hab\u00eda trabajado por cuenta propia la mayor parte de mi vida y ten\u00eda un horario flexible. Empec\u00e9 a leer m\u00e1s libros y practiqu\u00e9 con apuestas bajas en varios casinos de Laughlin. Laughlin era el casino m\u00e1s cercano a donde yo resid\u00eda en ese momento.<\/p>\n<p>A finales de los noventa, se produjeron algunos cambios en el negocio en el que trabajaba y decid\u00ed dejarlo. Mi mujer, casi una d\u00e9cada m\u00e1s joven que yo, estaba en el \u00faltimo curso de una larga carrera universitaria. Habr\u00eda sido dif\u00edcil cambiar el lugar de nuestra residencia. Y, por desgracia, la ciudad en la que viv\u00edamos ofrec\u00eda pocas oportunidades para m\u00ed en todo lo que me interesaba hacer. Mi mujer y yo decidimos que yo jugar\u00eda al blackjack durante unos seis meses y ver\u00eda c\u00f3mo me iba, mientras ella terminaba sus estudios. Decidimos aplazar la decisi\u00f3n sobre d\u00f3nde vivir\u00edamos hasta que ella terminara sus estudios.<\/p>\n<p>Me convert\u00ed en jugador de blackjack a tiempo completo en 1999, y durante el a\u00f1o siguiente estuve viajando mucho, jugando al blackjack por todo Nevada. En junio de 2000, cuando mi mujer termin\u00f3 sus estudios, decidimos mudarnos a Las Vegas. Yo hab\u00eda crecido en Las Vegas en los a\u00f1os sesenta, pero me mud\u00e9 en 1972. Mis padres viv\u00edan en Las Vegas, y las oportunidades de empleo para mi mujer eran abundantes en Las Vegas, as\u00ed que nos fuimos. Vivimos en Las Vegas y desde entonces soy un jugador de ventaja.<\/p>\n<p>Con los a\u00f1os, a medida que han aumentado mis apuestas, cada vez juego menos horas. Ahora tambi\u00e9n me dedico a otras actividades lucrativas. El deterioro de los juegos y las molestias de los viajes frecuentes me han pasado factura. Hace a\u00f1os, jugaba mil o m\u00e1s horas al a\u00f1o.<\/p>\n<p>Tengo la suerte de que mi mujer me apoya totalmente en mi juego. Ella tambi\u00e9n es jugadora de ventaja a tiempo parcial. Su profesi\u00f3n le permite tener un horario razonablemente flexible, as\u00ed que me acompa\u00f1a en algunos de mis viajes fuera de la ciudad.<\/p>\n<p>Mi bankroll actual es de seis cifras, construido a lo largo de los a\u00f1os a partir del peque\u00f1o bankroll de $15.000 con el que empec\u00e9. Soy un jugador agresivo de blackjack, con una gran dispersi\u00f3n de apuestas pero con sesiones cortas. Tambi\u00e9n juego a otros juegos de los que no puedo hablar p\u00fablicamente, y siempre estoy en busca de nuevas oportunidades rentables. Si est\u00e1s alerta y eres observador, descubrir\u00e1s que hay muchas otras formas, adem\u00e1s del blackjack, de sacar dinero de los casinos.<\/p>\n<p>Utilizo la cuenta Hi-Lo est\u00e1ndar, con \u00edndices que oscilan entre -4 y +6.  Juego r\u00e1pido y en silencio, y prefiero jugar solo o con el menor n\u00famero posible de jugadores. Si tengo que hacerlo, puedo charlar con el crupier, el personal del box, las camareras o los ploppies y seguir confiando en mi cuenta, adem\u00e1s de poder mantener una velocidad de juego adecuada, que por supuesto es el mayor n\u00famero posible de manos por hora.<\/p>\n<p>El acoso y la estupidez de los casinos es la parte m\u00e1s frustrante y molesta del juego con ventaja. Nadie puede predecir con exactitud cu\u00e1ndo aparecer\u00e1 el acoso. He recibido un trato grosero en innumerables ocasiones, he sido amenazado e incluso agredido por los guardias de seguridad de los casinos, los cajeros se han negado a cobrarme las fichas, me han echado de habitaciones de hotel pagadas, etc. Los casinos suelen ser desagradables y vengativos con las personas que usan el cerebro mientras juegan. Aunque llevo mucho tiempo en esto, algunas de las mezquindades y rencores de la gente de los casinos todav\u00eda me sorprenden. En parte por eso empec\u00e9 mi blog <a href=\"http:\/\/www.thebeargrowls.com\/\">www.TheBearGrowls.com<\/a> para ayudar a exponer las irregularidades del casino.<\/p>\n<p>Acepto las reprimendas y las barridas como parte del juego. Siempre soy educado cuando me dan la espalda, lo que ha ocurrido m\u00e1s de cien veces. A veces los casinos se disparan a s\u00ed mismos en el pie convirtiendo un hecho rutinario y discreto en un espect\u00e1culo embarazoso para ellos. Las retiradas no son m\u00e1s que una decisi\u00f3n comercial del casino. No hay ninguna raz\u00f3n leg\u00edtima para que involucren a los guardias de seguridad. Es raro que un jugador con ventaja se vuelva indisciplinado cuando se le retira o se le proh\u00edbe la entrada. Por lo general, s\u00f3lo queremos salir de all\u00ed sanos y salvos. Los guardias no tienen por qu\u00e9 intervenir. Es s\u00f3lo una t\u00e1ctica de intimidaci\u00f3n por parte del casino, y vergonzosa para ellos. Me alegro cuando les sale el tiro por la culata y molestan a los ploppies.<\/p>\n<p>Una vez, un empleado se vio envuelto en una acci\u00f3n rutinaria. El jefe de turno se enfad\u00f3 y llam\u00f3 \"cabrones\" a los contadores. Enfad\u00f3 tanto al aparentemente bienintencionado que \u00e9ste tambi\u00e9n se march\u00f3 y jur\u00f3 no volver jam\u00e1s. Fue una estupidez incre\u00edble por parte del jefe de turno.<\/p>\n<p>Escrib\u00ed un <a href=\"http:\/\/www.thebeargrowls.com\/?p=73\">Gu\u00eda para minimizar el riesgo de lesiones personales durante los repliegues y barridos en el casino<\/a>. Es terrible que haya que hablar de estas cosas. Hace tiempo que las fuerzas del orden deber\u00edan haber puesto fin a este tipo de delitos cometidos por empleados de casinos.<\/p>\n<p>He podido sobrevivir casi veinte a\u00f1os en el ambiente de los casinos gracias a la persistencia, una variedad de habilidades y juegos, y un buen comportamiento en el casino, que incluye ser infaliblemente agradable y educado con todo el mundo, incluso con los borrachos. Tambi\u00e9n es importante no alimentarse demasiado a menudo del mismo comedero. Los registros detallados de juego, incluidos los turnos jugados, son imprescindibles para evitar la sobreexposici\u00f3n.<\/p>\n<p>He tenido la suerte de conocer a muchos otros jugadores competentes. Suelen ser honrados, inteligentes, educados y exitosos. He tenido el honor de trabajar con algunos de los mejores, y a veces de unir fuerzas para atacar determinadas situaciones. Sin los amigos jugadores de ventaja que he hecho, sobre todo a trav\u00e9s de\u00a0<a href=\"http:\/\/www.bj21.com\/\">www.BJ21.com<\/a> Green Chip y otros foros, probablemente no seguir\u00eda sacando dinero de los casinos, y desde luego no estar\u00eda jugando al nivel que lo hago hoy.<\/p>\n<p>No creo que los clientes tengan poder para cambiar las cosas de forma positiva. Tenemos que darnos cuenta de que los casinos <em>no quieren<\/em> nuestro patrocinio. Claro, quieren fomentar la ilusi\u00f3n de que el mecenas medio tiene una posibilidad razonable de ganar, para que los \"ploppies\" sigan acudiendo en masa a los juegos. Pero no quieren que nadie gane realmente con el tiempo.<\/p>\n<p>Mira los anuncios de los casinos con caras felices y sonrientes. \"La Sra. Ama de Casa gan\u00f3 $20.000 en la m\u00e1quina tragaperras progresiva de 25 centavos en The Greed Casino la semana pasada\". Todav\u00eda no he visto un anuncio que diga: \"El Sr. Contador gan\u00f3 $20.000 en el blackjack\". Supongo que el anuncio tambi\u00e9n tendr\u00eda que decir: \"Luego le molestamos, le echamos de su habitaci\u00f3n con invitaci\u00f3n en mitad de la noche y le dijimos que no volviera nunca m\u00e1s. E introdujimos su foto e informaci\u00f3n personal en una base de datos accesible para otros casinos\".<\/p>\n<p>Aun as\u00ed, tenemos que seguir trabajando para frenar el abuso de los jugadores cualificados por parte de los empleados de los casinos. Hay que acabar con la violencia contra los jugadores cualificados, las amenazas, los secuestros (\"backrooming\") y la difusi\u00f3n ilegal de fotograf\u00edas e informaci\u00f3n personal.<\/p>\n<p>Para una persona soltera que haya acumulado un bankroll suficiente, el blackjack y otros juegos de ventaja son una buena oportunidad, y realmente no hay inconvenientes. Al menos, no hay m\u00e1s desventajas que las de iniciar cualquier otro negocio. Cuando se empieza, los requisitos de fondos son menores que en la mayor\u00eda de los tipos de negocio. Pero ya no es tan f\u00e1cil como hace quince o veinte a\u00f1os, debido a la consolidaci\u00f3n de la propiedad de los casinos y al deterioro de los juegos. Para una persona casada, creo que la plena aceptaci\u00f3n por parte del c\u00f3nyuge es imprescindible. Sin ella, es dif\u00edcil jugar con ventaja. Supongo que la aceptaci\u00f3n por parte del c\u00f3nyuge es probablemente necesaria para el \u00e9xito de cualquier empresa, pero he o\u00eddo que esa aceptaci\u00f3n es m\u00e1s dif\u00edcil de conseguir que en otras actividades m\u00e1s \"normales\".<\/p>\n<p>Se requiere una piel gruesa y la capacidad de no tomarse como algo personal la groser\u00eda y hostilidad que a menudo se recibe del personal del casino. Al principio, jugar con ventaja es interesante y divertido, sobre todo si se contrasta con un trabajo o negocio que no te gusta. Pero con el tiempo, el oficio se convierte en algo rutinario y mon\u00f3tono que roza el aburrimiento. Hay que aprender a buscar cosas de las que re\u00edrse en los casinos para aliviar el aburrimiento. Pero hay m\u00e1s flexibilidad personal que en casi cualquier otra empresa de rentabilidad similar.<\/p>\n<p>Hacia finales de 2018, me retirar\u00e9 del juego activo, pero espero otras oportunidades. Seg\u00fan mi experiencia, el juego de ventaja es m\u00e1s gratificante como fuente de ingresos adicional a tiempo parcial. Me alegro de no ser un jugador a tiempo completo, de no estar ah\u00ed fuera todos los d\u00edas. Pero, en general, he disfrutado de mi tiempo como jugador experto de blackjack y practicante de otras formas de juego con ventaja.  Si pudiera volver atr\u00e1s en el tiempo, no har\u00eda nada diferente.<\/p>\n<p>Tener la oportunidad de colaborar con blackjackinfo.com es un nuevo reto para m\u00ed.  Espero tener una <a href=\"https:\/\/www.blackjackinfo.com\/community\/\">foro<\/a>. Espero que compartan mi entusiasmo.<\/p>","protected":false},"excerpt":{"rendered":"<p>I began playing blackjack in the mid 1990s after reading Ed Thorp\u2019s Beat the Dealer. Previously, I had just played as a &#8220;ploppy&#8221; (typical uninformed casino patron) a few times in my life. I had no real interest in blackjack or any other casino games. After reading Dr. Thorp\u2019s book, I became interested in the [&hellip;]<\/p>\n","protected":false},"author":4,"featured_media":0,"parent":0,"menu_order":0,"comment_status":"closed","ping_status":"closed","template":"","meta":{"_acf_changed":false,"footnotes":""},"tags":[],"class_list":["post-1901","page","type-page","status-publish","hentry"],"acf":[],"yoast_head":"<!-- This site is optimized with the Yoast SEO plugin v26.6 - https:\/\/yoast.com\/wordpress\/plugins\/seo\/ -->\n<title>About LV Bear<\/title>\n<meta name=\"description\" content=\"I began playing blackjack in the mid 1990s after reading Ed Thorp\u2019s Beat the Dealer. Previously, I had just played as a &quot;ploppy&quot; (typical uninformed\" \/>\n<meta name=\"robots\" content=\"index, follow, max-snippet:-1, max-image-preview:large, max-video-preview:-1\" \/>\n<link rel=\"canonical\" href=\"https:\/\/www.blackjackinfo.com\/es\/sobre-lv-bear\/\" \/>\n<meta property=\"og:locale\" content=\"es_ES\" \/>\n<meta property=\"og:type\" content=\"article\" \/>\n<meta property=\"og:title\" content=\"About LV Bear\" \/>\n<meta property=\"og:description\" content=\"I began playing blackjack in the mid 1990s after reading Ed Thorp\u2019s Beat the Dealer. Previously, I had just played as a &quot;ploppy&quot; (typical uninformed\" \/>\n<meta property=\"og:url\" content=\"https:\/\/www.blackjackinfo.com\/es\/sobre-lv-bear\/\" \/>\n<meta property=\"og:site_name\" content=\"BlackjackInfo.com\" \/>\n<meta property=\"article:modified_time\" content=\"2018-06-22T07:25:28+00:00\" \/>\n<meta name=\"twitter:label1\" content=\"Tiempo de lectura\" \/>\n\t<meta name=\"twitter:data1\" content=\"8 minutos\" \/>\n<script type=\"application\/ld+json\" class=\"yoast-schema-graph\">{\"@context\":\"https:\/\/schema.org\",\"@graph\":[{\"@type\":\"WebPage\",\"@id\":\"https:\/\/www.blackjackinfo.com\/about-lv-bear\/\",\"url\":\"https:\/\/www.blackjackinfo.com\/about-lv-bear\/\",\"name\":\"About LV Bear\",\"isPartOf\":{\"@id\":\"https:\/\/www.blackjackinfo.com\/#website\"},\"datePublished\":\"2016-10-14T18:38:31+00:00\",\"dateModified\":\"2018-06-22T07:25:28+00:00\",\"description\":\"I began playing blackjack in the mid 1990s after reading Ed Thorp\u2019s Beat the Dealer. Previously, I had just played as a \\\"ploppy\\\" (typical uninformed\",\"breadcrumb\":{\"@id\":\"https:\/\/www.blackjackinfo.com\/about-lv-bear\/#breadcrumb\"},\"inLanguage\":\"es\",\"potentialAction\":[{\"@type\":\"ReadAction\",\"target\":[\"https:\/\/www.blackjackinfo.com\/about-lv-bear\/\"]}]},{\"@type\":\"BreadcrumbList\",\"@id\":\"https:\/\/www.blackjackinfo.com\/about-lv-bear\/#breadcrumb\",\"itemListElement\":[{\"@type\":\"ListItem\",\"position\":1,\"name\":\"Home\",\"item\":\"https:\/\/www.blackjackinfo.com\/\"},{\"@type\":\"ListItem\",\"position\":2,\"name\":\"About LV Bear\"}]},{\"@type\":\"WebSite\",\"@id\":\"https:\/\/www.blackjackinfo.com\/#website\",\"url\":\"https:\/\/www.blackjackinfo.com\/\",\"name\":\"BlackjackInfo.com\",\"description\":\"Because Winning is More Fun!\",\"potentialAction\":[{\"@type\":\"SearchAction\",\"target\":{\"@type\":\"EntryPoint\",\"urlTemplate\":\"https:\/\/www.blackjackinfo.com\/?s={search_term_string}\"},\"query-input\":{\"@type\":\"PropertyValueSpecification\",\"valueRequired\":true,\"valueName\":\"search_term_string\"}}],\"inLanguage\":\"es\"}]}<\/script>\n<!-- \/ Yoast SEO plugin. -->","yoast_head_json":{"title":"Acerca de LV Bear","description":"Empec\u00e9 a jugar al blackjack a mediados de la d\u00e9cada de 1990, despu\u00e9s de leer Beat the Dealer, de Ed Thorp. Anteriormente, s\u00f3lo hab\u00eda jugado como un \"ploppy\" (t\u00edpico desinformado","robots":{"index":"index","follow":"follow","max-snippet":"max-snippet:-1","max-image-preview":"max-image-preview:large","max-video-preview":"max-video-preview:-1"},"canonical":"https:\/\/www.blackjackinfo.com\/es\/sobre-lv-bear\/","og_locale":"es_ES","og_type":"article","og_title":"About LV Bear","og_description":"I began playing blackjack in the mid 1990s after reading Ed Thorp\u2019s Beat the Dealer. Previously, I had just played as a \"ploppy\" (typical uninformed","og_url":"https:\/\/www.blackjackinfo.com\/es\/sobre-lv-bear\/","og_site_name":"BlackjackInfo.com","article_modified_time":"2018-06-22T07:25:28+00:00","twitter_misc":{"Tiempo de lectura":"8 minutos"},"schema":{"@context":"https:\/\/schema.org","@graph":[{"@type":"WebPage","@id":"https:\/\/www.blackjackinfo.com\/about-lv-bear\/","url":"https:\/\/www.blackjackinfo.com\/about-lv-bear\/","name":"Acerca de LV Bear","isPartOf":{"@id":"https:\/\/www.blackjackinfo.com\/#website"},"datePublished":"2016-10-14T18:38:31+00:00","dateModified":"2018-06-22T07:25:28+00:00","description":"Empec\u00e9 a jugar al blackjack a mediados de la d\u00e9cada de 1990, despu\u00e9s de leer Beat the Dealer, de Ed Thorp. Anteriormente, s\u00f3lo hab\u00eda jugado como un \"ploppy\" (t\u00edpico desinformado","breadcrumb":{"@id":"https:\/\/www.blackjackinfo.com\/about-lv-bear\/#breadcrumb"},"inLanguage":"es","potentialAction":[{"@type":"ReadAction","target":["https:\/\/www.blackjackinfo.com\/about-lv-bear\/"]}]},{"@type":"BreadcrumbList","@id":"https:\/\/www.blackjackinfo.com\/about-lv-bear\/#breadcrumb","itemListElement":[{"@type":"ListItem","position":1,"name":"Home","item":"https:\/\/www.blackjackinfo.com\/"},{"@type":"ListItem","position":2,"name":"About LV Bear"}]},{"@type":"WebSite","@id":"https:\/\/www.blackjackinfo.com\/#website","url":"https:\/\/www.blackjackinfo.com\/","name":"BlackjackInfo.com","description":"\u00a1Porque ganar es m\u00e1s divertido!","potentialAction":[{"@type":"SearchAction","target":{"@type":"EntryPoint","urlTemplate":"https:\/\/www.blackjackinfo.com\/?s={search_term_string}"},"query-input":{"@type":"PropertyValueSpecification","valueRequired":true,"valueName":"search_term_string"}}],"inLanguage":"es"}]}},"_links":{"self":[{"href":"https:\/\/www.blackjackinfo.com\/es\/wp-json\/wp\/v2\/pages\/1901","targetHints":{"allow":["GET"]}}],"collection":[{"href":"https:\/\/www.blackjackinfo.com\/es\/wp-json\/wp\/v2\/pages"}],"about":[{"href":"https:\/\/www.blackjackinfo.com\/es\/wp-json\/wp\/v2\/types\/page"}],"author":[{"embeddable":true,"href":"https:\/\/www.blackjackinfo.com\/es\/wp-json\/wp\/v2\/users\/4"}],"replies":[{"embeddable":true,"href":"https:\/\/www.blackjackinfo.com\/es\/wp-json\/wp\/v2\/comments?post=1901"}],"version-history":[{"count":9,"href":"https:\/\/www.blackjackinfo.com\/es\/wp-json\/wp\/v2\/pages\/1901\/revisions"}],"predecessor-version":[{"id":5083,"href":"https:\/\/www.blackjackinfo.com\/es\/wp-json\/wp\/v2\/pages\/1901\/revisions\/5083"}],"wp:attachment":[{"href":"https:\/\/www.blackjackinfo.com\/es\/wp-json\/wp\/v2\/media?parent=1901"}],"wp:term":[{"taxonomy":"post_tag","embeddable":true,"href":"https:\/\/www.blackjackinfo.com\/es\/wp-json\/wp\/v2\/tags?post=1901"}],"curies":[{"name":"wp","href":"https:\/\/api.w.org\/{rel}","templated":true}]}}