{"id":1949,"date":"2016-10-10T07:50:09","date_gmt":"2016-10-10T12:50:09","guid":{"rendered":"https:\/\/www.blackjackinfo.com\/?page_id=1949"},"modified":"2025-10-30T07:12:10","modified_gmt":"2025-10-30T12:12:10","slug":"es-legal-jugar-al-blackjack-online-en-estados-unidos","status":"publish","type":"page","link":"https:\/\/www.blackjackinfo.com\/es\/online-blackjack\/is-it-legal-to-play-online-blackjack-in-the-us\/","title":{"rendered":"\u00bfEs legal jugar al blackjack en l\u00ednea en EE.UU.?"},"content":{"rendered":"<blockquote><p><strong><img loading=\"lazy\" decoding=\"async\" class=\"alignright size-medium wp-image-4704\" src=\"\/files\/is_it_legal_to_play_online_blackjack_in_the_us-300x214.png\" alt=\"is_it_legal_to_play_online_blackjack_in_the_us\" width=\"300\" height=\"214\" srcset=\"https:\/\/www.blackjackinfo.com\/files\/is_it_legal_to_play_online_blackjack_in_the_us-300x214.png 300w, https:\/\/www.blackjackinfo.com\/files\/is_it_legal_to_play_online_blackjack_in_the_us.png 350w\" sizes=\"auto, (max-width: 300px) 100vw, 300px\" data-no-auto-translation=\"\" \/>Resumiendo;<\/strong> No hay ninguna ley federal que proh\u00edba <a href=\"https:\/\/www.blackjackinfo.com\/online-blackjack\/\">jugar al blackjack online<\/a>. Hay algunos estados en los que est\u00e1 declarado ilegal, sin embargo, el enjuiciamiento ser\u00eda extremadamente raro y lo m\u00e1s probable es que fuera contra cualquier establecimiento y no contra el jugador.<\/p>\n<p><strong>Es completamente seguro jugar al blackjack online por dinero real.<\/strong><\/p><\/blockquote>\n<p>A menudo se informa de que jugar al blackjack online con dinero real es ilegal en Estados Unidos.<\/p>\n<p><strong>Pero, \u00bflo es realmente?<\/strong><\/p>\n<p>Abordemos esta cuesti\u00f3n sin rodeos y resolvamos este problema confuso y com\u00fanmente malinterpretado.<\/p>\n<p>Aclaremos una cosa:<\/p>\n<h2 id=\"playing-blackjack-online-is-not-legally-prohibited-in-any-way-by-federal-law\">Jugar al Blackjack en l\u00ednea NO est\u00e1 legalmente prohibido de ninguna manera por la Ley Federal<\/h2>\n<p><img loading=\"lazy\" decoding=\"async\" class=\"alignright size-medium wp-image-4702\" src=\"\/files\/playing_blackjack_online_is_not_legally-300x214.png\" alt=\"playing_blackjack_online_is_not_legally\" width=\"300\" height=\"214\" srcset=\"https:\/\/www.blackjackinfo.com\/files\/playing_blackjack_online_is_not_legally-300x214.png 300w, https:\/\/www.blackjackinfo.com\/files\/playing_blackjack_online_is_not_legally.png 350w\" sizes=\"auto, (max-width: 300px) 100vw, 300px\" data-no-auto-translation=\"\" \/>Hay <strong>ninguna ley<\/strong> contra los juegos de azar en l\u00ednea a nivel federal, que es un mito que se ha establecido muy probablemente a partir de una interpretaci\u00f3n err\u00f3nea de la <a href=\"https:\/\/www.fdic.gov\/news\/news\/financial\/2010\/fil10035a.pdf\" target=\"_blank\" rel=\"noopener noreferrer\">Ley de 2006 para la represi\u00f3n del juego ilegal en Internet<\/a> que establece:<\/p>\n<blockquote><p><em>La Ley proh\u00edbe a las empresas de juegos de azar aceptar a sabiendas pagos en relaci\u00f3n con la participaci\u00f3n de otra persona en una apuesta o apuesta que implique el uso de Internet y que sea ilegal en virtud de cualquier ley federal o estatal (denominadas \"transacciones restringidas\" en la Ley). <\/em><\/p><\/blockquote>\n<p><strong>Esto significa b\u00e1sicamente que est\u00e1 prohibido que los bancos acepten a sabiendas transacciones que sean resultado de una apuesta ilegal en l\u00ednea.<\/strong><\/p>\n<p><strong>No establece en modo alguno que sea ilegal que un jugador participe en juegos de azar en l\u00ednea.<\/strong><\/p>\n<p>Otra raz\u00f3n por la que algunas personas pueden pensar que es ilegal es la confusi\u00f3n de la <a href=\"https:\/\/en.wikipedia.org\/wiki\/Federal_Wire_Act\" target=\"_blank\" rel=\"noopener noreferrer\">Ley Federal de Comunicaciones por Cable<\/a> que est\u00e1 relacionado con las apuestas deportivas y no se aplica a si el blackjack online es legal, ya que se consideran formas de juego diferentes.<\/p>\n<div class=\"img-shadow-box blue-box\">\n<div class=\"row\">\n<div class=\"col-md-6\">\n<h3 id=\"Play-Blackjack-Live-Online-\">Jugar al Blackjack en vivo en l\u00ednea<\/h3>\n<p>Si quieres probar a jugar al blackjack online con dinero real, recomendamos a los jugadores de EE.UU. que visiten el casino Bovada.<\/p>\n<p><a class=\"btn btn-lg btn-success\" href=\"https:\/\/www.blackjackinfo.com\/goto\/bovada-live-dealers\/\" target=\"_blank\" rel=\"nofollow noopener noreferrer\" type=\"button\">JUGAR AHORA<\/a><\/p>\n<\/div>\n<div class=\"col-md-6\"><a href=\"\/goto\/betonline-casino\/\" target=\"_blank\" rel=\"nofollow noopener noreferrer\" type=\"button\"><img decoding=\"async\" class=\"thumbnail img-rounded\" src=\"\/files\/bovada-live-blackjack-e1532156665431.jpg\" data-no-auto-translation=\"\" \/><\/a><\/div>\n<\/div>\n<\/div>\n<h2 id=\"are-there-any-state-laws-which-explicitly-allow-online-blackjack\">\u00bfExisten leyes estatales que permitan expl\u00edcitamente el blackjack en l\u00ednea?<\/h2>\n<p>Otra raz\u00f3n por la que es confuso determinar si es legal apostar en l\u00ednea es el hecho de que la mayor\u00eda de los estados en realidad <strong>no tienen leyes espec\u00edficas<\/strong> que se aplican al juego en l\u00ednea en general.<\/p>\n<p>Si no hay ninguna ley espec\u00edfica que proh\u00edba el juego en l\u00ednea, se considera legal.<\/p>\n<p>Sin embargo, hay tres estados que han aprobado expl\u00edcitamente leyes espec\u00edficas para permitir los juegos de azar en l\u00ednea, que son:<\/p>\n<ol>\n<li><a href=\"https:\/\/www.gambledex.com\/casinos-usa\/delaware-casinos\/\">Delaware<\/a><\/li>\n<li><a href=\"https:\/\/www.blackjackinfo.com\/online-blackjack\/new-jersey\/\">Nueva Jersey<\/a><\/li>\n<li><a href=\"https:\/\/www.gamblinggurus.com\/usa-online-casinos\/pennsylvania-online-casinos\/\">Pensilvania<\/a><\/li>\n<li><a href=\"https:\/\/www.michigan.gov\/mgcb\/news\/2021\/01\/22\/online-gaming-and-sports-betting-are-now-live-in-michigan-as-sen--hertel-places-first-wager\">Michigan<\/a><\/li>\n<li><a href=\"https:\/\/wvlottery.com\/about-us\/rules-and-regulations\/\">Virginia Occidental<\/a><\/li>\n<li><a href=\"https:\/\/tax.nv.gov\/uploadedFiles\/taxnvgov\/Content\/FAQs\/NV-Gaming-History.pdf\">Nevada<\/a><\/li>\n<\/ol>\n<p>Curiosamente, Nevada ha permitido el p\u00f3quer en l\u00ednea y las apuestas deportivas, pero ha prohibido el juego de casino en l\u00ednea.<\/p>\n<h2 id=\"states-where-online-blackjack-is-technically-illegal\">Estados en los que el blackjack online es t\u00e9cnicamente ilegal<\/h2>\n<ol>\n<li><img loading=\"lazy\" decoding=\"async\" class=\"alignright size-medium wp-image-4706\" src=\"\/files\/sates_where_online_blackjack_is_technically_illegal-300x214.png\" alt=\"sates_where_online_blackjack_is_technically_illegal\" width=\"300\" height=\"214\" srcset=\"https:\/\/www.blackjackinfo.com\/files\/sates_where_online_blackjack_is_technically_illegal-300x214.png 300w, https:\/\/www.blackjackinfo.com\/files\/sates_where_online_blackjack_is_technically_illegal.png 350w\" sizes=\"auto, (max-width: 300px) 100vw, 300px\" data-no-auto-translation=\"\" \/>Illinois<\/li>\n<li>Indiana<\/li>\n<li>Luisiana<\/li>\n<li>Montana<\/li>\n<li>Nevada<\/li>\n<li>Oreg\u00f3n<\/li>\n<li>Dakota del Sur<\/li>\n<li>Washington<\/li>\n<li>Wisconsin<\/li>\n<\/ol>\n<p>Hay 9 estados que proh\u00edben los juegos de casino en l\u00ednea, pero hay que tener en cuenta que el verdadero objetivo de estas leyes son los casinos en l\u00ednea. <a href=\"https:\/\/www.blackjackinfo.com\/online-blackjack\/#recommended-casinos\">casinos en l\u00ednea<\/a> ellos mismos y no al jugador.<\/p>\n<p>La probabilidad de ser acusado penalmente es extremadamente baja e incluso si lo fuera lo m\u00e1s probable es que se considerara <a href=\"https:\/\/web.archive.org\/web\/20190219095030\/http:\/\/www.gambling-law-us.com\/State-Law-Summary\/\">s\u00f3lo un delito menor<\/a><\/p>\n<p>S\u00f3lo he podido encontrar un incidente que se remonta a 2003 en Dakota del Norte, en el que un jugador, Jeffrey Trauman, se declar\u00f3 culpable por realizar una apuesta superior a $500 y fue acusado de un delito menor y posteriormente multado con $500. (fuente: <a href=\"https:\/\/digitalscholarship.unlv.edu\/cgi\/viewcontent.cgi?article=1146&amp;context=grrj\" target=\"_blank\" rel=\"noopener noreferrer\"><em>https:\/\/digitalscholarship.unlv.edu\/cgi\/viewcontent.cgi?article=1146&amp;context=grrj<\/em><\/a>)<\/p>\n<p>Para mayor claridad, veamos una tabla de todos los estados para que pueda distinguir f\u00e1cilmente las leyes del estado en el que reside.<\/p>\n<table class=\"table-fill\" style=\"width: auto;\">\n<tbody>\n<tr>\n<th class=\"red\">Estado<\/th>\n<th class=\"red\">\u00bfEs legal?<\/th>\n<th class=\"red\">Estado<\/th>\n<th class=\"red\">\u00bfEs legal?<\/th>\n<\/tr>\n<tr>\n<td>Alabama<\/td>\n<td class=\"text-success\"><center>S\u00ed<\/center><\/td>\n<td>Montana<\/td>\n<td class=\"red text-center\">No<\/td>\n<\/tr>\n<tr>\n<td>Alaska<\/td>\n<td class=\"text-success\"><center>S\u00ed<\/center><\/td>\n<td>Nebraska<\/td>\n<td class=\"text-success\"><center>S\u00ed<\/center><\/td>\n<\/tr>\n<tr>\n<td>Arizona<\/td>\n<td class=\"text-success\"><center>S\u00ed<\/center><\/td>\n<td>Nevada<\/td>\n<td class=\"red text-center\">No<\/td>\n<\/tr>\n<tr>\n<td>Arkansas<\/td>\n<td class=\"text-success\"><center>S\u00ed<\/center><\/td>\n<td>Nuevo Hampshire<\/td>\n<td class=\"text-success\"><center>S\u00ed<\/center><\/td>\n<\/tr>\n<tr>\n<td>California<\/td>\n<td class=\"text-success\"><center>S\u00ed<\/center><\/td>\n<td>Nueva Jersey<\/td>\n<td class=\"text-success\"><center>S\u00ed<\/center><\/td>\n<\/tr>\n<tr>\n<td>Colorado<\/td>\n<td class=\"text-success\"><center>S\u00ed<\/center><\/td>\n<td>Nuevo M\u00e9xico<\/td>\n<td class=\"text-success\"><center>S\u00ed<\/center><\/td>\n<\/tr>\n<tr>\n<td>Connecticut<\/td>\n<td class=\"text-success\"><center>S\u00ed<\/center><\/td>\n<td>Nueva York<\/td>\n<td class=\"text-success\"><center>S\u00ed<\/center><\/td>\n<\/tr>\n<tr>\n<td>Delaware<\/td>\n<td class=\"text-success\"><center>S\u00ed<\/center><\/td>\n<td>Carolina del Norte<\/td>\n<td class=\"text-success\"><center>S\u00ed<\/center><\/td>\n<\/tr>\n<tr>\n<td>Florida<\/td>\n<td class=\"text-success\"><center>S\u00ed<\/center><\/td>\n<td>Dakota del Norte<\/td>\n<td class=\"text-success\"><center>S\u00ed<\/center><\/td>\n<\/tr>\n<tr>\n<td>Georgia<\/td>\n<td class=\"text-success\"><center>S\u00ed<\/center><\/td>\n<td>Ohio<\/td>\n<td class=\"text-success\"><center>S\u00ed<\/center><\/td>\n<\/tr>\n<tr>\n<td>Hawai<\/td>\n<td class=\"text-success\"><center>S\u00ed<\/center><\/td>\n<td>Oklahoma<\/td>\n<td class=\"text-success\"><center>S\u00ed<\/center><\/td>\n<\/tr>\n<tr>\n<td>Idaho<\/td>\n<td class=\"text-success\"><center>S\u00ed<\/center><\/td>\n<td>Oreg\u00f3n<\/td>\n<td class=\"red\"><center>No<\/center><\/td>\n<\/tr>\n<tr>\n<td>Illinois<\/td>\n<td class=\"red\"><center>No<\/center><\/td>\n<td>Pensilvania<\/td>\n<td class=\"text-success\"><center>S\u00ed<\/center><\/td>\n<\/tr>\n<tr>\n<td>Indiana<\/td>\n<td class=\"red\"><center>No<\/center><\/td>\n<td>Rhode Island<\/td>\n<td class=\"text-success\"><center>S\u00ed<\/center><\/td>\n<\/tr>\n<tr>\n<td>Iowa<\/td>\n<td class=\"text-success\"><center>S\u00ed<\/center><\/td>\n<td>Carolina del Sur<\/td>\n<td class=\"text-success\"><center>S\u00ed<\/center><\/td>\n<\/tr>\n<tr>\n<td>Kansas<\/td>\n<td class=\"text-success\"><center>S\u00ed<\/center><\/td>\n<td>Dakota del Sur<\/td>\n<td class=\"red\"><center>No<\/center><\/td>\n<\/tr>\n<tr>\n<td>Kentucky<\/td>\n<td class=\"text-success\"><center>S\u00ed<\/center><\/td>\n<td>Tennessee<\/td>\n<td class=\"text-success\"><center>S\u00ed<\/center><\/td>\n<\/tr>\n<tr>\n<td>Luisiana<\/td>\n<td class=\"red\"><center>No<\/center><\/td>\n<td>Texas<\/td>\n<td class=\"text-success\"><center>S\u00ed<\/center><\/td>\n<\/tr>\n<tr>\n<td>Maine<\/td>\n<td class=\"text-success\"><center>S\u00ed<\/center><\/td>\n<td>Utah<\/td>\n<td class=\"text-success\"><center>S\u00ed<\/center><\/td>\n<\/tr>\n<tr>\n<td>Maryland<\/td>\n<td class=\"text-success\"><center>S\u00ed<\/center><\/td>\n<td>Vermont<\/td>\n<td class=\"text-success\"><center>S\u00ed<\/center><\/td>\n<\/tr>\n<tr>\n<td>Massachusetts<\/td>\n<td class=\"text-success\"><center>S\u00ed<\/center><\/td>\n<td>Virginia<\/td>\n<td class=\"text-success\"><center>S\u00ed<\/center><\/td>\n<\/tr>\n<tr>\n<td>Michigan<\/td>\n<td class=\"text-success\"><center>S\u00ed<\/center><\/td>\n<td>Washington<\/td>\n<td class=\"red\"><center>No<\/center><\/td>\n<\/tr>\n<tr>\n<td>Minnesota<\/td>\n<td class=\"text-success\"><center>S\u00ed<\/center><\/td>\n<td>Virginia Occidental<\/td>\n<td class=\"text-success\"><center>S\u00ed<\/center><\/td>\n<\/tr>\n<tr>\n<td>Mississippi<\/td>\n<td class=\"text-success\"><center>S\u00ed<\/center><\/td>\n<td>Wisconsin<\/td>\n<td class=\"red\"><center>No<\/center><\/td>\n<\/tr>\n<tr>\n<td>Missouri<\/td>\n<td class=\"text-success\"><center>S\u00ed<\/center><\/td>\n<td>Wyoming<\/td>\n<td class=\"text-success\"><center>S\u00ed<\/center><\/td>\n<\/tr>\n<\/tbody>\n<\/table>\n<h2 class=\"mT30\">Si no est\u00e1 seguro, busque asesoramiento jur\u00eddico<\/h2>\n<p>En caso de duda, solicite asesoramiento jur\u00eddico profesional: Este sitio web sirve para asesorar a los jugadores y no es jur\u00eddicamente vinculante. Por lo tanto, si alguna vez tiene preguntas m\u00e1s matizadas, considere la posibilidad de consultar a un profesional del Derecho.<\/p>\n<h2>\u00bfC\u00f3mo puedo depositar y retirar dinero teniendo en cuenta la UIGEA y d\u00f3nde puedo jugar?<\/h2>\n<p>La UIGEA ha dificultado considerablemente a los residentes en Estados Unidos el ingreso y la retirada de dinero de los casinos. Por ejemplo, <a href=\"https:\/\/wizardofodds.com\/banking\/ewallets\/\" target=\"_blank\" rel=\"noopener noreferrer\">Servicios de monedero electr\u00f3nico<\/a> como PayPal o Moneybookers, que se utilizan habitualmente para transferir fondos a\/desde casinos, no suelen funcionar con residentes de EE.UU. que participan en juegos en l\u00ednea. Recomendamos a los jugadores estadounidenses que los eviten en general.<\/p>\n<p>En la mayor\u00eda de los casos, los jugadores de EE.UU. podr\u00e1n utilizar tarjetas de d\u00e9bito, transferencias bancarias directas, cheques y la C\u00e1mara de Compensaci\u00f3n Automatizada (ACH). En <a href=\"https:\/\/www.blackjackinfo.com\/guide-to-buying-bitcoin-for-gambling-online\/\">Sin embargo, el mejor m\u00e9todo es utilizar Bitcoin<\/a> que es extremadamente r\u00e1pido y no tiene comisiones excesivas. Lea nuestra gu\u00eda completa sobre c\u00f3mo comprar Bitcoin para depositar en un casino. <a href=\"https:\/\/www.blackjackinfo.com\/depositing-withdrawing-to-an-online-casino-with-bitcoin\/\">aqu\u00ed<\/a>.<\/p>\n<p>Para residentes en EE.UU. fuera de <a href=\"https:\/\/www.blackjackinfo.com\/online-blackjack\/new-jersey\/\">Nueva Jersey<\/a>Nevada y Delaware, recomendamos jugar en <a href=\"https:\/\/www.blackjackinfo.com\/casino\/bovada\/\">Bovada<\/a> o <a href=\"https:\/\/www.blackjackinfo.com\/goto\/betonline-casino-live-dealer\/\" target=\"_blank\" rel=\"nofollow noopener noreferrer\">Betonline<\/a>.<\/p>\n<h2>Lecturas relacionadas<\/h2>\n<ul>\n<li><a href=\"https:\/\/www.blackjackinfo.com\/the-current-state-of-the-law-for-online-blackjack-in-north-america-beyond\/\">El estado actual de la ley del Blackjack Online en Norteam\u00e9rica y m\u00e1s all\u00e1<\/a><\/li>\n<li><a href=\"https:\/\/wizardofodds.com\/the-legality-of-online-gambling-us\/\" target=\"_blank\" rel=\"noopener noreferrer\">La legalidad del juego en l\u00ednea en EE.UU. - El estado de los Estados<\/a><\/li>\n<li><a href=\"https:\/\/www.realmoneyaction.com\/us-casinos\/legal\/\" target=\"_blank\" rel=\"noopener noreferrer\">Casinos en l\u00ednea legales en EE.UU.<\/a><\/li>\n<\/ul>","protected":false},"excerpt":{"rendered":"<p>In short; There is no federal law against playing blackjack online. There are some states where it is declared illegal however prosecution would be extremely rare and would most likely be against any establishment rather than the player. It is completely safe to play blackjack online for real money. It&#8217;s often reported that playing blackjack [&hellip;]<\/p>\n","protected":false},"author":4,"featured_media":4704,"parent":1928,"menu_order":0,"comment_status":"closed","ping_status":"closed","template":"","meta":{"_acf_changed":false,"footnotes":""},"tags":[],"class_list":["post-1949","page","type-page","status-publish","has-post-thumbnail","hentry"],"acf":[],"yoast_head":"<!-- This site is optimized with the Yoast SEO plugin v26.6 - https:\/\/yoast.com\/wordpress\/plugins\/seo\/ -->\n<title>Is it Legal to Play Online Blackjack in the US?<\/title>\n<meta name=\"description\" content=\"In short; There is no federal law against playing blackjack online. There are some states where it is declared illegal however prosecution would be\" \/>\n<meta name=\"robots\" content=\"index, follow, max-snippet:-1, max-image-preview:large, max-video-preview:-1\" \/>\n<link rel=\"canonical\" href=\"https:\/\/www.blackjackinfo.com\/es\/blackjack-online-2\/es-legal-jugar-al-blackjack-online-en-estados-unidos\/\" \/>\n<meta property=\"og:locale\" content=\"es_ES\" \/>\n<meta property=\"og:type\" content=\"article\" \/>\n<meta property=\"og:title\" content=\"Is it Legal to Play Online Blackjack in the US?\" \/>\n<meta property=\"og:description\" content=\"In short; There is no federal law against playing blackjack online. There are some states where it is declared illegal however prosecution would be\" \/>\n<meta property=\"og:url\" content=\"https:\/\/www.blackjackinfo.com\/es\/blackjack-online-2\/es-legal-jugar-al-blackjack-online-en-estados-unidos\/\" \/>\n<meta property=\"og:site_name\" content=\"BlackjackInfo.com\" \/>\n<meta property=\"article:modified_time\" content=\"2025-10-30T12:12:10+00:00\" \/>\n<meta property=\"og:image\" content=\"https:\/\/www.blackjackinfo.com\/files\/is_it_legal_to_play_online_blackjack_in_the_us.png\" \/>\n\t<meta property=\"og:image:width\" content=\"350\" \/>\n\t<meta property=\"og:image:height\" content=\"250\" \/>\n\t<meta property=\"og:image:type\" content=\"image\/png\" \/>\n<meta name=\"twitter:label1\" content=\"Tiempo de lectura\" \/>\n\t<meta name=\"twitter:data1\" content=\"5 minutos\" \/>\n<script type=\"application\/ld+json\" class=\"yoast-schema-graph\">{\"@context\":\"https:\/\/schema.org\",\"@graph\":[{\"@type\":\"WebPage\",\"@id\":\"https:\/\/www.blackjackinfo.com\/online-blackjack\/is-it-legal-to-play-online-blackjack-in-the-us\/\",\"url\":\"https:\/\/www.blackjackinfo.com\/online-blackjack\/is-it-legal-to-play-online-blackjack-in-the-us\/\",\"name\":\"Is it Legal to Play Online Blackjack in the US?\",\"isPartOf\":{\"@id\":\"https:\/\/www.blackjackinfo.com\/#website\"},\"primaryImageOfPage\":{\"@id\":\"https:\/\/www.blackjackinfo.com\/online-blackjack\/is-it-legal-to-play-online-blackjack-in-the-us\/#primaryimage\"},\"image\":{\"@id\":\"https:\/\/www.blackjackinfo.com\/online-blackjack\/is-it-legal-to-play-online-blackjack-in-the-us\/#primaryimage\"},\"thumbnailUrl\":\"https:\/\/www.blackjackinfo.com\/files\/is_it_legal_to_play_online_blackjack_in_the_us.png\",\"datePublished\":\"2016-10-10T12:50:09+00:00\",\"dateModified\":\"2025-10-30T12:12:10+00:00\",\"description\":\"In short; There is no federal law against playing blackjack online. There are some states where it is declared illegal however prosecution would be\",\"breadcrumb\":{\"@id\":\"https:\/\/www.blackjackinfo.com\/online-blackjack\/is-it-legal-to-play-online-blackjack-in-the-us\/#breadcrumb\"},\"inLanguage\":\"es\",\"potentialAction\":[{\"@type\":\"ReadAction\",\"target\":[\"https:\/\/www.blackjackinfo.com\/online-blackjack\/is-it-legal-to-play-online-blackjack-in-the-us\/\"]}]},{\"@type\":\"ImageObject\",\"inLanguage\":\"es\",\"@id\":\"https:\/\/www.blackjackinfo.com\/online-blackjack\/is-it-legal-to-play-online-blackjack-in-the-us\/#primaryimage\",\"url\":\"https:\/\/www.blackjackinfo.com\/files\/is_it_legal_to_play_online_blackjack_in_the_us.png\",\"contentUrl\":\"https:\/\/www.blackjackinfo.com\/files\/is_it_legal_to_play_online_blackjack_in_the_us.png\",\"width\":350,\"height\":250,\"caption\":\"is_it_legal_to_play_online_blackjack_in_the_us\"},{\"@type\":\"BreadcrumbList\",\"@id\":\"https:\/\/www.blackjackinfo.com\/online-blackjack\/is-it-legal-to-play-online-blackjack-in-the-us\/#breadcrumb\",\"itemListElement\":[{\"@type\":\"ListItem\",\"position\":1,\"name\":\"Home\",\"item\":\"https:\/\/www.blackjackinfo.com\/\"},{\"@type\":\"ListItem\",\"position\":2,\"name\":\"Online Blackjack for Real Money\",\"item\":\"https:\/\/www.blackjackinfo.com\/online-blackjack\/\"},{\"@type\":\"ListItem\",\"position\":3,\"name\":\"Is it Legal to Play Online Blackjack in the US?\"}]},{\"@type\":\"WebSite\",\"@id\":\"https:\/\/www.blackjackinfo.com\/#website\",\"url\":\"https:\/\/www.blackjackinfo.com\/\",\"name\":\"BlackjackInfo.com\",\"description\":\"Because Winning is More Fun!\",\"potentialAction\":[{\"@type\":\"SearchAction\",\"target\":{\"@type\":\"EntryPoint\",\"urlTemplate\":\"https:\/\/www.blackjackinfo.com\/?s={search_term_string}\"},\"query-input\":{\"@type\":\"PropertyValueSpecification\",\"valueRequired\":true,\"valueName\":\"search_term_string\"}}],\"inLanguage\":\"es\"}]}<\/script>\n<!-- \/ Yoast SEO plugin. -->","yoast_head_json":{"title":"\u00bfEs legal jugar al blackjack en l\u00ednea en EE.UU.?","description":"En resumen, no hay ninguna ley federal que proh\u00edba jugar al blackjack online. Hay algunos estados donde se declara ilegal sin embargo el enjuiciamiento ser\u00eda","robots":{"index":"index","follow":"follow","max-snippet":"max-snippet:-1","max-image-preview":"max-image-preview:large","max-video-preview":"max-video-preview:-1"},"canonical":"https:\/\/www.blackjackinfo.com\/es\/blackjack-online-2\/es-legal-jugar-al-blackjack-online-en-estados-unidos\/","og_locale":"es_ES","og_type":"article","og_title":"Is it Legal to Play Online Blackjack in the US?","og_description":"In short; There is no federal law against playing blackjack online. There are some states where it is declared illegal however prosecution would be","og_url":"https:\/\/www.blackjackinfo.com\/es\/blackjack-online-2\/es-legal-jugar-al-blackjack-online-en-estados-unidos\/","og_site_name":"BlackjackInfo.com","article_modified_time":"2025-10-30T12:12:10+00:00","og_image":[{"width":350,"height":250,"url":"https:\/\/www.blackjackinfo.com\/files\/is_it_legal_to_play_online_blackjack_in_the_us.png","type":"image\/png"}],"twitter_misc":{"Tiempo de lectura":"5 minutos"},"schema":{"@context":"https:\/\/schema.org","@graph":[{"@type":"WebPage","@id":"https:\/\/www.blackjackinfo.com\/online-blackjack\/is-it-legal-to-play-online-blackjack-in-the-us\/","url":"https:\/\/www.blackjackinfo.com\/online-blackjack\/is-it-legal-to-play-online-blackjack-in-the-us\/","name":"\u00bfEs legal jugar al blackjack en l\u00ednea en EE.UU.?","isPartOf":{"@id":"https:\/\/www.blackjackinfo.com\/#website"},"primaryImageOfPage":{"@id":"https:\/\/www.blackjackinfo.com\/online-blackjack\/is-it-legal-to-play-online-blackjack-in-the-us\/#primaryimage"},"image":{"@id":"https:\/\/www.blackjackinfo.com\/online-blackjack\/is-it-legal-to-play-online-blackjack-in-the-us\/#primaryimage"},"thumbnailUrl":"https:\/\/www.blackjackinfo.com\/files\/is_it_legal_to_play_online_blackjack_in_the_us.png","datePublished":"2016-10-10T12:50:09+00:00","dateModified":"2025-10-30T12:12:10+00:00","description":"En resumen, no hay ninguna ley federal que proh\u00edba jugar al blackjack online. Hay algunos estados donde se declara ilegal sin embargo el enjuiciamiento ser\u00eda","breadcrumb":{"@id":"https:\/\/www.blackjackinfo.com\/online-blackjack\/is-it-legal-to-play-online-blackjack-in-the-us\/#breadcrumb"},"inLanguage":"es","potentialAction":[{"@type":"ReadAction","target":["https:\/\/www.blackjackinfo.com\/online-blackjack\/is-it-legal-to-play-online-blackjack-in-the-us\/"]}]},{"@type":"ImageObject","inLanguage":"es","@id":"https:\/\/www.blackjackinfo.com\/online-blackjack\/is-it-legal-to-play-online-blackjack-in-the-us\/#primaryimage","url":"https:\/\/www.blackjackinfo.com\/files\/is_it_legal_to_play_online_blackjack_in_the_us.png","contentUrl":"https:\/\/www.blackjackinfo.com\/files\/is_it_legal_to_play_online_blackjack_in_the_us.png","width":350,"height":250,"caption":"is_it_legal_to_play_online_blackjack_in_the_us"},{"@type":"BreadcrumbList","@id":"https:\/\/www.blackjackinfo.com\/online-blackjack\/is-it-legal-to-play-online-blackjack-in-the-us\/#breadcrumb","itemListElement":[{"@type":"ListItem","position":1,"name":"Home","item":"https:\/\/www.blackjackinfo.com\/"},{"@type":"ListItem","position":2,"name":"Online Blackjack for Real Money","item":"https:\/\/www.blackjackinfo.com\/online-blackjack\/"},{"@type":"ListItem","position":3,"name":"Is it Legal to Play Online Blackjack in the US?"}]},{"@type":"WebSite","@id":"https:\/\/www.blackjackinfo.com\/#website","url":"https:\/\/www.blackjackinfo.com\/","name":"BlackjackInfo.com","description":"\u00a1Porque ganar es m\u00e1s divertido!","potentialAction":[{"@type":"SearchAction","target":{"@type":"EntryPoint","urlTemplate":"https:\/\/www.blackjackinfo.com\/?s={search_term_string}"},"query-input":{"@type":"PropertyValueSpecification","valueRequired":true,"valueName":"search_term_string"}}],"inLanguage":"es"}]}},"_links":{"self":[{"href":"https:\/\/www.blackjackinfo.com\/es\/wp-json\/wp\/v2\/pages\/1949","targetHints":{"allow":["GET"]}}],"collection":[{"href":"https:\/\/www.blackjackinfo.com\/es\/wp-json\/wp\/v2\/pages"}],"about":[{"href":"https:\/\/www.blackjackinfo.com\/es\/wp-json\/wp\/v2\/types\/page"}],"author":[{"embeddable":true,"href":"https:\/\/www.blackjackinfo.com\/es\/wp-json\/wp\/v2\/users\/4"}],"replies":[{"embeddable":true,"href":"https:\/\/www.blackjackinfo.com\/es\/wp-json\/wp\/v2\/comments?post=1949"}],"version-history":[{"count":57,"href":"https:\/\/www.blackjackinfo.com\/es\/wp-json\/wp\/v2\/pages\/1949\/revisions"}],"predecessor-version":[{"id":9238,"href":"https:\/\/www.blackjackinfo.com\/es\/wp-json\/wp\/v2\/pages\/1949\/revisions\/9238"}],"up":[{"embeddable":true,"href":"https:\/\/www.blackjackinfo.com\/es\/wp-json\/wp\/v2\/pages\/1928"}],"wp:featuredmedia":[{"embeddable":true,"href":"https:\/\/www.blackjackinfo.com\/es\/wp-json\/wp\/v2\/media\/4704"}],"wp:attachment":[{"href":"https:\/\/www.blackjackinfo.com\/es\/wp-json\/wp\/v2\/media?parent=1949"}],"wp:term":[{"taxonomy":"post_tag","embeddable":true,"href":"https:\/\/www.blackjackinfo.com\/es\/wp-json\/wp\/v2\/tags?post=1949"}],"curies":[{"name":"wp","href":"https:\/\/api.w.org\/{rel}","templated":true}]}}