{"id":2028,"date":"2016-10-15T22:56:16","date_gmt":"2016-10-16T03:56:16","guid":{"rendered":"https:\/\/www.blackjackinfo.com\/?page_id=2028"},"modified":"2018-06-22T02:44:38","modified_gmt":"2018-06-22T07:44:38","slug":"los-cuatro-mejores-libros-de-blackjack","status":"publish","type":"page","link":"https:\/\/www.blackjackinfo.com\/es\/top-four-blackjack-books\/","title":{"rendered":"Los cuatro mejores libros de blackjack"},"content":{"rendered":"<p><span style=\"font-weight: 400;\">Hace poco estuve en el campus de la UNLV visitando el <\/span><a href=\"http:\/\/gaming.unlv.edu\/\"><span style=\"font-weight: 400;\">Centro de Investigaci\u00f3n del Juego<\/span><\/a><span style=\"font-weight: 400;\"> que est\u00e1 en la tercera planta de la Biblioteca Lied. Lo hago de vez en cuando como punto de revisi\u00f3n y para mantenerme al d\u00eda sobre t\u00e9cnicas de juego ventajosas y conocimientos. Hay una secci\u00f3n de colecciones especiales en el centro donde se encuentran casi todos los libros de juego y art\u00edculos acad\u00e9micos publicados sobre el tema.  Es sin duda la colecci\u00f3n de libros de juego m\u00e1s completa del mundo.  Algunos de los libros son textos cl\u00e1sicos sobre una variedad de jugadas con ventaja y algunos son de lectura esencial para el aspirante a jugador profesional, mientras que otros son pura basura y no valen ni el papel en el que est\u00e1n escritos. \u00a0<\/span><\/p>\n<p><span style=\"font-weight: 400;\">La visita me llev\u00f3 a reflexionar sobre todos los libros y art\u00edculos que he le\u00eddo sobre el juego con ventaja a lo largo de los a\u00f1os, que se cuentan por cientos y miles respectivamente.  Cuatro libros destacan entre todos los dem\u00e1s textos que se han escrito sobre el tema. Esto no quiere decir que estos sean los \u00fanicos que vale la pena leer, y hay docenas de autores que han hecho contribuciones significativas al avance del campo.  Har\u00e9 una menci\u00f3n honor\u00edfica de esos libros al final de este art\u00edculo.  Pero estos cuatro, en mi humilde pero informada opini\u00f3n, son los textos clave de los que se pueden extraer todas las t\u00e9cnicas m\u00e1s esenciales para jugar con ventaja.<\/span><\/p>\n<p><span style=\"font-weight: 400;\">El primero de los cuatro libros no deber\u00eda sorprender a nadie que haya estudiado los juegos de azar, ni siquiera a los niveles m\u00e1s superficiales.  En 1962 Ed Thorp public\u00f3 <\/span><i><span style=\"font-weight: 400;\">Vencer a la banca<\/span><\/i><span style=\"font-weight: 400;\">.  Fue el primer texto con base cient\u00edfica sobre el tema que se distribuy\u00f3 ampliamente entre el p\u00fablico.  La idea de que se pod\u00eda ganar a un juego de casino era un concepto completamente extra\u00f1o para el p\u00fablico en general, y este libro puso la ideolog\u00eda al alcance de todos. \u00a0<\/span><\/p>\n<p><span style=\"font-weight: 400;\"><img loading=\"lazy\" decoding=\"async\" class=\"alignright wp-image-2035 size-medium\" src=\"https:\/\/www.blackjackinfo.com\/files\/beat-the-dealer-179x300.jpg\" alt=\"beat-the-dealer\" width=\"179\" height=\"300\" srcset=\"https:\/\/www.blackjackinfo.com\/files\/beat-the-dealer-179x300.jpg 179w, https:\/\/www.blackjackinfo.com\/files\/beat-the-dealer.jpg 502w\" sizes=\"auto, (max-width: 179px) 100vw, 179px\" data-no-auto-translation=\"\" \/>Las ideas en <\/span><i><span style=\"font-weight: 400;\">Vencer a la banca<\/span><\/i><span style=\"font-weight: 400;\"> se desarrollaron en la \u00e9poca en que el blackjack de una sola baraja era el juego de mesa dominante en Las Vegas.  La introducci\u00f3n del libro de Thorps hizo que Las Vegas alterara las reglas del tradicional juego del 21, pero las reglas originales se restablecieron r\u00e1pidamente poco despu\u00e9s de que el cambio en las reglas hiciera que el cliente de los hoteles y casino de Las Vegas pr\u00e1cticamente desapareciera. \u00a0<\/span><\/p>\n<p><span style=\"font-weight: 400;\">A medida que se a\u00f1adieron barajas adicionales y cambios en las reglas al juego tradicional de una sola baraja, el an\u00e1lisis original de Thorps tuvo que ser modificado. Ha habido una gran variedad de autores y jugadores que han intentado dar su propio giro al trabajo pionero de Thorps, algunos le hacen justicia mientras que otros se quedan cortos.  Henry Tamburin PhD, jugador profesional y autor desde hace mucho tiempo, en su documento en l\u00ednea, <\/span><a href=\"https:\/\/www.888casino.com\/blog\/blackjack-strategy-guide\/\"><span style=\"font-weight: 400;\">La gu\u00eda definitiva del Blackjack<\/span><\/a><span style=\"font-weight: 400;\"> publicado en el blog 888casino.com, realiza un s\u00f3lido trabajo al situar el an\u00e1lisis original de Thorps en un marco coherente con la era moderna.  El profesor Thorp publicar\u00e1 un nuevo libro a finales de enero de 2017. <\/span><a href=\"http:\/\/www.penguinrandomhouse.com\/books\/178551\/a-man-for-all-markets-by-edward-o-thorp\/9781400067961\/\"><span style=\"font-weight: 400;\">Un hombre para todos los mercados<\/span><\/a><span style=\"font-weight: 400;\"> es una reflexi\u00f3n sobre su vida, su influencia en Las Vegas y en los mercados de valores y opciones, adem\u00e1s de ofrecer consejos sobre los asuntos generales de la vida.<\/span><\/p>\n<p><span style=\"font-weight: 400;\"><img loading=\"lazy\" decoding=\"async\" class=\"alignleft size-medium wp-image-2040\" src=\"\/files\/the-theory-of-blackjack-book-194x300.jpg\" alt=\"the-theory-of-blackjack-book\" width=\"194\" height=\"300\" srcset=\"https:\/\/www.blackjackinfo.com\/files\/the-theory-of-blackjack-book-194x300.jpg 194w, https:\/\/www.blackjackinfo.com\/files\/the-theory-of-blackjack-book.jpg 323w\" sizes=\"auto, (max-width: 194px) 100vw, 194px\" data-no-auto-translation=\"\" \/>El segundo de los cuatro libros que considero esenciales para avanzar en el juego del blackjack con ventaja es <\/span><a href=\"https:\/\/www.amazon.com\/Theory-Blackjack-Compleat-Counters-Indexed\/dp\/0929712137\"><span style=\"font-weight: 400;\">Peter Griffins La Teor\u00eda del Blackjack<\/span><\/a><span style=\"font-weight: 400;\">. Este libro desglosa todos los aspectos del blackjack con un estricto enfoque matem\u00e1tico.  Todo el libro se lee como un texto de matem\u00e1ticas de alto nivel.  Esencialmente, se trata de una prueba tras otra, utilizando el c\u00e1lculo multivariable en sus aspectos integral y derivativo.  Un profano que lo hojeara de forma casual probablemente se sentir\u00eda desanimado por las p\u00e1ginas y p\u00e1ginas de ecuaciones y lo descartar\u00eda r\u00e1pidamente por no merecer la pena el esfuerzo.  Pero, como ocurre con la mayor\u00eda de los juegos de casino, ocurre lo contrario.<\/span><\/p>\n<p><span style=\"font-weight: 400;\">Los planteamientos de Griffin esbozaban las pruebas fundamentales que el aspirante a te\u00f3rico del juego deb\u00eda aplicar a su an\u00e1lisis de cualquier juego que intentara resolver.  En pocas palabras, La Teor\u00eda del Blackjack era un modelo a seguir por los futuros jugadores de ventaja a la hora de determinar qu\u00e9 preguntas plantearse cuando desarrollan nuevas estrategias.  Tambi\u00e9n proporciona indicaciones generales para el aspirante a solucionador de problemas.<\/span><\/p>\n<p><span style=\"font-weight: 400;\">El libro de Ken Uston Million Dollar Blackjack es el tercero del cuarteto de lecturas obligatorias. \u00a0<\/span><a href=\"http:\/\/www.uston.com\/\"><span style=\"font-weight: 400;\">Ken Uston<\/span><\/a><span style=\"font-weight: 400;\"> incluso despu\u00e9s de su muerte sigue siendo uno de los <img loading=\"lazy\" decoding=\"async\" class=\"alignright size-medium wp-image-2042\" src=\"\/files\/million-dollar-blackjack-194x300.jpg\" alt=\"million-dollar-blackjack\" width=\"194\" height=\"300\" srcset=\"https:\/\/www.blackjackinfo.com\/files\/million-dollar-blackjack-194x300.jpg 194w, https:\/\/www.blackjackinfo.com\/files\/million-dollar-blackjack.jpg 307w\" sizes=\"auto, (max-width: 194px) 100vw, 194px\" data-no-auto-translation=\"\" \/>jugadores controvertidos de la historia del juego.  MDB es un libro asombroso y el desglose de Uston de ideas complejas a una forma simple y comprensible sigue siendo su mayor logro. El libro introduce una variedad de conceptos nuevos, como la introducci\u00f3n de un sistema de recuento de varios niveles y recuentos laterales de ases.  Las curvas de distribuci\u00f3n de Gauss sobre las frecuencias de aciertos del porcentaje de ganancias m\u00e1s frecuente, as\u00ed como el an\u00e1lisis comparativo entre los sistemas de recuento de varios niveles y el sistema de un solo nivel son algunas de las nuevas ideas introducidas por Uston en MDB.  He encontrado algo nuevo en el libro cada vez que lo he le\u00eddo.<\/span><\/p>\n<p><span style=\"font-weight: 400;\">Beyond Counting Exhibit CAA es posiblemente el texto m\u00e1s avanzado jam\u00e1s escrito sobre el tema del Blackjack y los dem\u00e1s aspectos de los juegos de casino.  Tambi\u00e9n es uno de los m\u00e1s raros.  S\u00f3lo se imprimieron 1.000 copias y hab\u00eda que pasar un control del autor y obtener la aprobaci\u00f3n para comprar el libro.  El precio original era de $250, pero cuando sale a la venta una copia del libro en Ebay, el precio se acerca a $4000. El libro de 700 p\u00e1ginas se lee como un libro de texto de matem\u00e1ticas en algunas partes y como un comentario sarc\u00e1stico en otras.  Eval\u00faa juegos como el p\u00f3quer de 3 cartas, el Caribbean Stud e incluso discute enfoques sobre la gran rueda de seis y la ruleta. Admito humildemente que no entend\u00ed todos los conceptos a la primera.   La mayor\u00eda de los jugadores, incluido yo, s\u00f3lo aplican uno o dos cap\u00edtulos a la vez.  Esto da lugar a beneficios m\u00e1s que suficientes para el practicante dedicado.<\/span><\/p>\n<p><a href=\"http:\/\/www.gamblingwithanedge.com\/about-james-grosjean\"><span style=\"font-weight: 400;\">James Grosjean<\/span><\/a><span style=\"font-weight: 400;\"> autor de Beyond Counting Exhibit CAA es considerado por todos los AP como el mejor en el negocio cuando la habilidad se mide por la dedicaci\u00f3n, el deseo y la capacidad anal\u00edtica.  La Copa Grosjean, que representa el t\u00edtulo del mejor blackjack del mundo, se entrega cada a\u00f1o en el Blackjack Ball anual.  Lleva el nombre de James despu\u00e9s de que se le prohibiera competir hace 7 a\u00f1os por haber quedado primero o segundo todos los a\u00f1os de la d\u00e9cada anterior a que se le prohibiera competir. <\/span><\/p>\n<p><span style=\"font-weight: 400;\">Seg\u00fan mi experiencia, estos cuatro libros constituyen los m\u00e1s importantes sobre el juego con ventaja hasta la fecha.  Hay algunos autores adicionales que tambi\u00e9n han hecho contribuciones impresionantes al avance del juego con ventaja.  Professional Blackjack de Stanford Wong y Playing Blackjack as a Business son dos textos cl\u00e1sicos.  Cualquier libro de Arnold Snyder es un buen punto de partida para la mayor\u00eda de los jugadores novatos.  Por \u00faltimo, Turning the Tables on Las Vegas, de Ian Anderson, es una gran lectura con ideas igualmente geniales.<\/span><\/p>\n<p><span style=\"font-weight: 400;\">Ve y conquista. <\/span><\/p>\n<p><i><span style=\"font-weight: 400;\">Nicholas es Director General de <\/span><\/i><a href=\"http:\/\/www.aleaconsultinggroup.com\/\"><i><span style=\"font-weight: 400;\">Alea Consulting Group<\/span><\/i><\/a><i><span style=\"font-weight: 400;\">es una consultora de juegos de casino con una filosof\u00eda centrada en el jugador.  Cuenta con jugadores de talla mundial, autores de juegos de azar, matem\u00e1ticos, juristas de alto nivel y diversos profesionales del sector.<\/span><\/i><span style=\"font-weight: 400;\">.<\/span><\/p>\n<p><i><span style=\"font-weight: 400;\">Siga a Nicholas y Alea en twitter <\/span><\/i><a href=\"https:\/\/twitter.com\/byth3numb3rs\"><i><span style=\"font-weight: 400;\">@byth3numb3rs<\/span><\/i><\/a><span style=\"font-weight: 400;\">.<\/span><\/p>\n<p>&nbsp;<\/p>","protected":false},"excerpt":{"rendered":"<p>Recently, I was at the UNLV campus visiting the Gaming Research Center that is on the third floor of the Lied Library. I do this from time to time as a point of review, and to stay sharp on advantage play techniques and insights. There is a special collections section at the center where almost [&hellip;]<\/p>\n","protected":false},"author":3,"featured_media":0,"parent":0,"menu_order":0,"comment_status":"closed","ping_status":"closed","template":"","meta":{"_acf_changed":false,"footnotes":""},"tags":[],"class_list":["post-2028","page","type-page","status-publish","hentry"],"acf":[],"yoast_head":"<!-- This site is optimized with the Yoast SEO plugin v26.6 - https:\/\/yoast.com\/wordpress\/plugins\/seo\/ -->\n<title>The Top Four Blackjack Books<\/title>\n<meta name=\"description\" content=\"Recently, I was at the UNLV campus visiting the Gaming Research Center that is on the third floor of the Lied Library. I do this from time to time as a\" \/>\n<meta name=\"robots\" content=\"index, follow, max-snippet:-1, max-image-preview:large, max-video-preview:-1\" \/>\n<link rel=\"canonical\" href=\"https:\/\/www.blackjackinfo.com\/es\/los-cuatro-mejores-libros-de-blackjack\/\" \/>\n<meta property=\"og:locale\" content=\"es_ES\" \/>\n<meta property=\"og:type\" content=\"article\" \/>\n<meta property=\"og:title\" content=\"The Top Four Blackjack Books\" \/>\n<meta property=\"og:description\" content=\"Recently, I was at the UNLV campus visiting the Gaming Research Center that is on the third floor of the Lied Library. I do this from time to time as a\" \/>\n<meta property=\"og:url\" content=\"https:\/\/www.blackjackinfo.com\/es\/los-cuatro-mejores-libros-de-blackjack\/\" \/>\n<meta property=\"og:site_name\" content=\"BlackjackInfo.com\" \/>\n<meta property=\"article:modified_time\" content=\"2018-06-22T07:44:38+00:00\" \/>\n<meta property=\"og:image\" content=\"https:\/\/www.blackjackinfo.com\/files\/beat-the-dealer-179x300.jpg\" \/>\n<meta name=\"twitter:label1\" content=\"Tiempo de lectura\" \/>\n\t<meta name=\"twitter:data1\" content=\"6 minutos\" \/>\n<script type=\"application\/ld+json\" class=\"yoast-schema-graph\">{\"@context\":\"https:\/\/schema.org\",\"@graph\":[{\"@type\":\"WebPage\",\"@id\":\"https:\/\/www.blackjackinfo.com\/top-four-blackjack-books\/\",\"url\":\"https:\/\/www.blackjackinfo.com\/top-four-blackjack-books\/\",\"name\":\"The Top Four Blackjack Books\",\"isPartOf\":{\"@id\":\"https:\/\/www.blackjackinfo.com\/#website\"},\"primaryImageOfPage\":{\"@id\":\"https:\/\/www.blackjackinfo.com\/top-four-blackjack-books\/#primaryimage\"},\"image\":{\"@id\":\"https:\/\/www.blackjackinfo.com\/top-four-blackjack-books\/#primaryimage\"},\"thumbnailUrl\":\"https:\/\/www.blackjackinfo.com\/files\/beat-the-dealer-179x300.jpg\",\"datePublished\":\"2016-10-16T03:56:16+00:00\",\"dateModified\":\"2018-06-22T07:44:38+00:00\",\"description\":\"Recently, I was at the UNLV campus visiting the Gaming Research Center that is on the third floor of the Lied Library. I do this from time to time as a\",\"breadcrumb\":{\"@id\":\"https:\/\/www.blackjackinfo.com\/top-four-blackjack-books\/#breadcrumb\"},\"inLanguage\":\"es\",\"potentialAction\":[{\"@type\":\"ReadAction\",\"target\":[\"https:\/\/www.blackjackinfo.com\/top-four-blackjack-books\/\"]}]},{\"@type\":\"ImageObject\",\"inLanguage\":\"es\",\"@id\":\"https:\/\/www.blackjackinfo.com\/top-four-blackjack-books\/#primaryimage\",\"url\":\"https:\/\/www.blackjackinfo.com\/files\/beat-the-dealer-179x300.jpg\",\"contentUrl\":\"https:\/\/www.blackjackinfo.com\/files\/beat-the-dealer-179x300.jpg\"},{\"@type\":\"BreadcrumbList\",\"@id\":\"https:\/\/www.blackjackinfo.com\/top-four-blackjack-books\/#breadcrumb\",\"itemListElement\":[{\"@type\":\"ListItem\",\"position\":1,\"name\":\"Home\",\"item\":\"https:\/\/www.blackjackinfo.com\/\"},{\"@type\":\"ListItem\",\"position\":2,\"name\":\"The Top Four Blackjack Books\"}]},{\"@type\":\"WebSite\",\"@id\":\"https:\/\/www.blackjackinfo.com\/#website\",\"url\":\"https:\/\/www.blackjackinfo.com\/\",\"name\":\"BlackjackInfo.com\",\"description\":\"Because Winning is More Fun!\",\"potentialAction\":[{\"@type\":\"SearchAction\",\"target\":{\"@type\":\"EntryPoint\",\"urlTemplate\":\"https:\/\/www.blackjackinfo.com\/?s={search_term_string}\"},\"query-input\":{\"@type\":\"PropertyValueSpecification\",\"valueRequired\":true,\"valueName\":\"search_term_string\"}}],\"inLanguage\":\"es\"}]}<\/script>\n<!-- \/ Yoast SEO plugin. -->","yoast_head_json":{"title":"Los cuatro mejores libros de blackjack","description":"Hace poco estuve en el campus de la UNLV visitando el Centro de Investigaci\u00f3n del Juego que se encuentra en la tercera planta de la Biblioteca Lied. Lo hago de vez en cuando como","robots":{"index":"index","follow":"follow","max-snippet":"max-snippet:-1","max-image-preview":"max-image-preview:large","max-video-preview":"max-video-preview:-1"},"canonical":"https:\/\/www.blackjackinfo.com\/es\/los-cuatro-mejores-libros-de-blackjack\/","og_locale":"es_ES","og_type":"article","og_title":"The Top Four Blackjack Books","og_description":"Recently, I was at the UNLV campus visiting the Gaming Research Center that is on the third floor of the Lied Library. I do this from time to time as a","og_url":"https:\/\/www.blackjackinfo.com\/es\/los-cuatro-mejores-libros-de-blackjack\/","og_site_name":"BlackjackInfo.com","article_modified_time":"2018-06-22T07:44:38+00:00","og_image":[{"url":"https:\/\/www.blackjackinfo.com\/files\/beat-the-dealer-179x300.jpg","type":"","width":"","height":""}],"twitter_misc":{"Tiempo de lectura":"6 minutos"},"schema":{"@context":"https:\/\/schema.org","@graph":[{"@type":"WebPage","@id":"https:\/\/www.blackjackinfo.com\/top-four-blackjack-books\/","url":"https:\/\/www.blackjackinfo.com\/top-four-blackjack-books\/","name":"Los cuatro mejores libros de blackjack","isPartOf":{"@id":"https:\/\/www.blackjackinfo.com\/#website"},"primaryImageOfPage":{"@id":"https:\/\/www.blackjackinfo.com\/top-four-blackjack-books\/#primaryimage"},"image":{"@id":"https:\/\/www.blackjackinfo.com\/top-four-blackjack-books\/#primaryimage"},"thumbnailUrl":"https:\/\/www.blackjackinfo.com\/files\/beat-the-dealer-179x300.jpg","datePublished":"2016-10-16T03:56:16+00:00","dateModified":"2018-06-22T07:44:38+00:00","description":"Hace poco estuve en el campus de la UNLV visitando el Centro de Investigaci\u00f3n del Juego que se encuentra en la tercera planta de la Biblioteca Lied. Lo hago de vez en cuando como","breadcrumb":{"@id":"https:\/\/www.blackjackinfo.com\/top-four-blackjack-books\/#breadcrumb"},"inLanguage":"es","potentialAction":[{"@type":"ReadAction","target":["https:\/\/www.blackjackinfo.com\/top-four-blackjack-books\/"]}]},{"@type":"ImageObject","inLanguage":"es","@id":"https:\/\/www.blackjackinfo.com\/top-four-blackjack-books\/#primaryimage","url":"https:\/\/www.blackjackinfo.com\/files\/beat-the-dealer-179x300.jpg","contentUrl":"https:\/\/www.blackjackinfo.com\/files\/beat-the-dealer-179x300.jpg"},{"@type":"BreadcrumbList","@id":"https:\/\/www.blackjackinfo.com\/top-four-blackjack-books\/#breadcrumb","itemListElement":[{"@type":"ListItem","position":1,"name":"Home","item":"https:\/\/www.blackjackinfo.com\/"},{"@type":"ListItem","position":2,"name":"The Top Four Blackjack Books"}]},{"@type":"WebSite","@id":"https:\/\/www.blackjackinfo.com\/#website","url":"https:\/\/www.blackjackinfo.com\/","name":"BlackjackInfo.com","description":"\u00a1Porque ganar es m\u00e1s divertido!","potentialAction":[{"@type":"SearchAction","target":{"@type":"EntryPoint","urlTemplate":"https:\/\/www.blackjackinfo.com\/?s={search_term_string}"},"query-input":{"@type":"PropertyValueSpecification","valueRequired":true,"valueName":"search_term_string"}}],"inLanguage":"es"}]}},"_links":{"self":[{"href":"https:\/\/www.blackjackinfo.com\/es\/wp-json\/wp\/v2\/pages\/2028","targetHints":{"allow":["GET"]}}],"collection":[{"href":"https:\/\/www.blackjackinfo.com\/es\/wp-json\/wp\/v2\/pages"}],"about":[{"href":"https:\/\/www.blackjackinfo.com\/es\/wp-json\/wp\/v2\/types\/page"}],"author":[{"embeddable":true,"href":"https:\/\/www.blackjackinfo.com\/es\/wp-json\/wp\/v2\/users\/3"}],"replies":[{"embeddable":true,"href":"https:\/\/www.blackjackinfo.com\/es\/wp-json\/wp\/v2\/comments?post=2028"}],"version-history":[{"count":9,"href":"https:\/\/www.blackjackinfo.com\/es\/wp-json\/wp\/v2\/pages\/2028\/revisions"}],"predecessor-version":[{"id":2043,"href":"https:\/\/www.blackjackinfo.com\/es\/wp-json\/wp\/v2\/pages\/2028\/revisions\/2043"}],"wp:attachment":[{"href":"https:\/\/www.blackjackinfo.com\/es\/wp-json\/wp\/v2\/media?parent=2028"}],"wp:term":[{"taxonomy":"post_tag","embeddable":true,"href":"https:\/\/www.blackjackinfo.com\/es\/wp-json\/wp\/v2\/tags?post=2028"}],"curies":[{"name":"wp","href":"https:\/\/api.w.org\/{rel}","templated":true}]}}