{"id":2044,"date":"2016-10-17T00:48:23","date_gmt":"2016-10-17T05:48:23","guid":{"rendered":"https:\/\/www.blackjackinfo.com\/?page_id=2044"},"modified":"2018-06-22T02:40:22","modified_gmt":"2018-06-22T07:40:22","slug":"variaciones-del-blackjack-online","status":"publish","type":"page","link":"https:\/\/www.blackjackinfo.com\/es\/online-blackjack\/online-blackjack-variations\/","title":{"rendered":"Variantes del Blackjack en l\u00ednea"},"content":{"rendered":"<p>Al igual que el Blackjack en los casinos en vivo, el Blackjack online puede adoptar muchas formas diferentes dependiendo de una serie de factores tales como las reglas de un juego de Blackjack en particular, as\u00ed como si el juego en cuesti\u00f3n es o no una variante del Blackjack.  Es extremadamente esencial para un jugador darse cuenta de que las Reglas de un juego de Blackjack tienen m\u00e1s que un efecto subjetivo en lo divertido que es el juego, tambi\u00e9n tienen un efecto en la ventaja de la casa del juego que tiene un efecto en su cartera, si decide jugar.<br \/>\n<img loading=\"lazy\" decoding=\"async\" class=\"size-full wp-image-2077 alignright\" src=\"\/files\/online_blackjack_variations.jpg\" alt=\"online_blackjack_variations\" width=\"350\" height=\"250\" srcset=\"https:\/\/www.blackjackinfo.com\/files\/online_blackjack_variations.jpg 350w, https:\/\/www.blackjackinfo.com\/files\/online_blackjack_variations-300x214.jpg 300w\" sizes=\"auto, (max-width: 350px) 100vw, 350px\" data-no-auto-translation=\"\" \/><br \/>\nVamos a echar un vistazo a las diferentes variedades de conjuntos de reglas que est\u00e1n disponibles para el blackjack online mientras exploramos los efectos que ciertos cambios en las reglas pueden tener sobre la ventaja de la casa.  Adem\u00e1s de eso, tambi\u00e9n vamos a echar un vistazo a algunas de las variantes de Blackjack (juegos que, en diferentes grados, se basan en el juego de Blackjack) que est\u00e1n disponibles en l\u00ednea y examinar los bordes de la casa de tales juegos. <\/p>\n<p>Cuando se trata de Blackjack y juegos basados en Blackjack, una vez m\u00e1s, la ventaja de la casa de un juego de Blackjack en particular (o variante) depende de las reglas.  Sin embargo, sugerir\u00edamos que cualquier juego de Blackjack en l\u00ednea con una ventaja de la casa superior a 0,4% (que es un retorno al jugador de cualquier cosa por debajo de 99,6%) es probablemente un juego bastante malo (salvo una promoci\u00f3n impresionante) y es probable que pueda hacerlo mejor en otro lugar.  Afortunadamente, la mayor\u00eda de los juegos de Blackjack que est\u00e1n disponibles online son mejores que eso, as\u00ed que tendremos la oportunidad de echar un vistazo a algunos de ellos. <\/p>\n<h2><a href=\"https:\/\/www.blackjackinfo.com\/online-blackjack\/online-blackjack-variations\/online-blackjack-rule-differences\/\">Parte 1 Comprender los efectos de la normativa<\/a><\/h2>\n<p>Dividir, doblar, volver a dividir ases, negras, dobles, doblar despu\u00e9s de dividir, rendirse, n\u00famero de barajas, 17 suaves<\/p>\n<h2>Parte 2 Variantes del Blackjack<\/h2>\n<ul><li><a href='https:\/\/www.blackjackinfo.com\/es\/blackjack_variation\/sonya-blackjack\/'>Sonya Blackjack<\/a><\/li><li><a href='https:\/\/www.blackjackinfo.com\/es\/blackjack_variation\/dr-fortuno-blackjack\/'>Dr Fortuno Blackjack<\/a><\/li><li><a href='https:\/\/www.blackjackinfo.com\/es\/blackjack_variation\/blackjack-multi-hand\/'>Blackjack Multi-Mano<\/a><\/li><li><a href='https:\/\/www.blackjackinfo.com\/es\/blackjack_variation\/blackjack-atlantic-city-gold\/'>Blackjack Atlantic City Gold<\/a><\/li><li><a href='https:\/\/www.blackjackinfo.com\/es\/blackjack_variation\/blackjack-atlantic-city\/'>Blackjack Atlantic City<\/a><\/li><li><a href='https:\/\/www.blackjackinfo.com\/es\/blackjack_variation\/21-burn\/'>21 Quemaduras<\/a><\/li><li><a href='https:\/\/www.blackjackinfo.com\/es\/blackjack_variation\/pirate-21\/'>Pirata 21<\/a><\/li><li><a href='https:\/\/www.blackjackinfo.com\/es\/blackjack_variation\/mutli-hand-blackjack\/'>Blackjack de manos mutuas<\/a><\/li><li><a href='https:\/\/www.blackjackinfo.com\/es\/blackjack_variation\/european-blackjack-redeal\/'>Blackjack Europeo Redeal<\/a><\/li><li><a href='https:\/\/www.blackjackinfo.com\/es\/blackjack_variation\/double-attack-blackjack\/'>Blackjack Doble Ataque<\/a><\/li><li><a href='https:\/\/www.blackjackinfo.com\/es\/blackjack_variation\/spanish-21\/'>Espa\u00f1ol 21<\/a><\/li><li><a href='https:\/\/www.blackjackinfo.com\/es\/blackjack_variation\/power-blackjack\/'>Power Blackjack<\/a><\/li><li><a href='https:\/\/www.blackjackinfo.com\/es\/blackjack_variation\/lucky-blackjack\/'>Blackjack de la Suerte<\/a><\/li><li><a href='https:\/\/www.blackjackinfo.com\/es\/blackjack_variation\/blackjack-switch\/'>Interruptor de Blackjack<\/a><\/li><li><a href='https:\/\/www.blackjackinfo.com\/es\/blackjack_variation\/suit-em-up-blackjack\/'>Suit 'Em Up Blackjack<\/a><\/li><li><a href='https:\/\/www.blackjackinfo.com\/es\/blackjack_variation\/zappit-blackjack\/'>Blackjack Zappit<\/a><\/li><li><a href='https:\/\/www.blackjackinfo.com\/es\/blackjack_variation\/european-blackjack\/'>Blackjack europeo<\/a><\/li><li><a href='https:\/\/www.blackjackinfo.com\/es\/blackjack_variation\/double-deck-blackjack\/'>Blackjack de doble baraja<\/a><\/li><li><a href='https:\/\/www.blackjackinfo.com\/es\/blackjack_variation\/single-deck-blackjack\/'>Blackjack de una baraja<\/a><\/li><li><a href='https:\/\/www.blackjackinfo.com\/es\/blackjack_variation\/super-21\/'>Super 21<\/a><\/li><li><a href='https:\/\/www.blackjackinfo.com\/es\/blackjack_variation\/pontoon\/'>Pont\u00f3n<\/a><\/li><li><a href='https:\/\/www.blackjackinfo.com\/es\/blackjack_variation\/perfect-pairs-blackjack\/'>Blackjack Parejas Perfectas<\/a><\/li><li><a href='https:\/\/www.blackjackinfo.com\/es\/blackjack_variation\/match-play-21\/'>Match Play 21<\/a><\/li><li><a href='https:\/\/www.blackjackinfo.com\/es\/blackjack_variation\/blackjack\/'>Blackjack<\/a><\/li><\/ul>","protected":false},"excerpt":{"rendered":"<p>Much like Blackjack in live casinos, online Blackjack can take many different forms depending on a number of factors such as the Rules of a particular Blackjack game, as well as whether or not the game in question is a Blackjack variant. \u00a0It is extremely essential for a player to realize that the Rules of [&hellip;]<\/p>\n","protected":false},"author":3,"featured_media":0,"parent":1928,"menu_order":0,"comment_status":"closed","ping_status":"closed","template":"","meta":{"_acf_changed":false,"footnotes":""},"tags":[],"class_list":["post-2044","page","type-page","status-publish","hentry"],"acf":[],"yoast_head":"<!-- This site is optimized with the Yoast SEO plugin v26.6 - https:\/\/yoast.com\/wordpress\/plugins\/seo\/ -->\n<title>Online Blackjack Variations<\/title>\n<meta name=\"description\" content=\"Much like Blackjack in live casinos, online Blackjack can take many different forms depending on a number of factors such as the Rules of a particular\" \/>\n<meta name=\"robots\" content=\"index, follow, max-snippet:-1, max-image-preview:large, max-video-preview:-1\" \/>\n<link rel=\"canonical\" href=\"https:\/\/www.blackjackinfo.com\/es\/blackjack-online-2\/variaciones-del-blackjack-online\/\" \/>\n<meta property=\"og:locale\" content=\"es_ES\" \/>\n<meta property=\"og:type\" content=\"article\" \/>\n<meta property=\"og:title\" content=\"Online Blackjack Variations\" \/>\n<meta property=\"og:description\" content=\"Much like Blackjack in live casinos, online Blackjack can take many different forms depending on a number of factors such as the Rules of a particular\" \/>\n<meta property=\"og:url\" content=\"https:\/\/www.blackjackinfo.com\/es\/blackjack-online-2\/variaciones-del-blackjack-online\/\" \/>\n<meta property=\"og:site_name\" content=\"BlackjackInfo.com\" \/>\n<meta property=\"article:modified_time\" content=\"2018-06-22T07:40:22+00:00\" \/>\n<meta name=\"twitter:label1\" content=\"Tiempo de lectura\" \/>\n\t<meta name=\"twitter:data1\" content=\"1 minuto\" \/>\n<script type=\"application\/ld+json\" class=\"yoast-schema-graph\">{\"@context\":\"https:\/\/schema.org\",\"@graph\":[{\"@type\":\"WebPage\",\"@id\":\"https:\/\/www.blackjackinfo.com\/online-blackjack\/online-blackjack-variations\/\",\"url\":\"https:\/\/www.blackjackinfo.com\/online-blackjack\/online-blackjack-variations\/\",\"name\":\"Online Blackjack Variations\",\"isPartOf\":{\"@id\":\"https:\/\/www.blackjackinfo.com\/#website\"},\"datePublished\":\"2016-10-17T05:48:23+00:00\",\"dateModified\":\"2018-06-22T07:40:22+00:00\",\"description\":\"Much like Blackjack in live casinos, online Blackjack can take many different forms depending on a number of factors such as the Rules of a particular\",\"breadcrumb\":{\"@id\":\"https:\/\/www.blackjackinfo.com\/online-blackjack\/online-blackjack-variations\/#breadcrumb\"},\"inLanguage\":\"es\",\"potentialAction\":[{\"@type\":\"ReadAction\",\"target\":[\"https:\/\/www.blackjackinfo.com\/online-blackjack\/online-blackjack-variations\/\"]}]},{\"@type\":\"BreadcrumbList\",\"@id\":\"https:\/\/www.blackjackinfo.com\/online-blackjack\/online-blackjack-variations\/#breadcrumb\",\"itemListElement\":[{\"@type\":\"ListItem\",\"position\":1,\"name\":\"Home\",\"item\":\"https:\/\/www.blackjackinfo.com\/\"},{\"@type\":\"ListItem\",\"position\":2,\"name\":\"Online Blackjack for Real Money\",\"item\":\"https:\/\/www.blackjackinfo.com\/online-blackjack\/\"},{\"@type\":\"ListItem\",\"position\":3,\"name\":\"Online Blackjack Variations\"}]},{\"@type\":\"WebSite\",\"@id\":\"https:\/\/www.blackjackinfo.com\/#website\",\"url\":\"https:\/\/www.blackjackinfo.com\/\",\"name\":\"BlackjackInfo.com\",\"description\":\"Because Winning is More Fun!\",\"potentialAction\":[{\"@type\":\"SearchAction\",\"target\":{\"@type\":\"EntryPoint\",\"urlTemplate\":\"https:\/\/www.blackjackinfo.com\/?s={search_term_string}\"},\"query-input\":{\"@type\":\"PropertyValueSpecification\",\"valueRequired\":true,\"valueName\":\"search_term_string\"}}],\"inLanguage\":\"es\"}]}<\/script>\n<!-- \/ Yoast SEO plugin. -->","yoast_head_json":{"title":"Variantes del Blackjack en l\u00ednea","description":"Al igual que el Blackjack en los casinos presenciales, el Blackjack online puede adoptar muchas formas diferentes dependiendo de una serie de factores, como las reglas de un determinado casino.","robots":{"index":"index","follow":"follow","max-snippet":"max-snippet:-1","max-image-preview":"max-image-preview:large","max-video-preview":"max-video-preview:-1"},"canonical":"https:\/\/www.blackjackinfo.com\/es\/blackjack-online-2\/variaciones-del-blackjack-online\/","og_locale":"es_ES","og_type":"article","og_title":"Online Blackjack Variations","og_description":"Much like Blackjack in live casinos, online Blackjack can take many different forms depending on a number of factors such as the Rules of a particular","og_url":"https:\/\/www.blackjackinfo.com\/es\/blackjack-online-2\/variaciones-del-blackjack-online\/","og_site_name":"BlackjackInfo.com","article_modified_time":"2018-06-22T07:40:22+00:00","twitter_misc":{"Tiempo de lectura":"1 minuto"},"schema":{"@context":"https:\/\/schema.org","@graph":[{"@type":"WebPage","@id":"https:\/\/www.blackjackinfo.com\/online-blackjack\/online-blackjack-variations\/","url":"https:\/\/www.blackjackinfo.com\/online-blackjack\/online-blackjack-variations\/","name":"Variantes del Blackjack en l\u00ednea","isPartOf":{"@id":"https:\/\/www.blackjackinfo.com\/#website"},"datePublished":"2016-10-17T05:48:23+00:00","dateModified":"2018-06-22T07:40:22+00:00","description":"Al igual que el Blackjack en los casinos presenciales, el Blackjack online puede adoptar muchas formas diferentes dependiendo de una serie de factores, como las reglas de un determinado casino.","breadcrumb":{"@id":"https:\/\/www.blackjackinfo.com\/online-blackjack\/online-blackjack-variations\/#breadcrumb"},"inLanguage":"es","potentialAction":[{"@type":"ReadAction","target":["https:\/\/www.blackjackinfo.com\/online-blackjack\/online-blackjack-variations\/"]}]},{"@type":"BreadcrumbList","@id":"https:\/\/www.blackjackinfo.com\/online-blackjack\/online-blackjack-variations\/#breadcrumb","itemListElement":[{"@type":"ListItem","position":1,"name":"Home","item":"https:\/\/www.blackjackinfo.com\/"},{"@type":"ListItem","position":2,"name":"Online Blackjack for Real Money","item":"https:\/\/www.blackjackinfo.com\/online-blackjack\/"},{"@type":"ListItem","position":3,"name":"Online Blackjack Variations"}]},{"@type":"WebSite","@id":"https:\/\/www.blackjackinfo.com\/#website","url":"https:\/\/www.blackjackinfo.com\/","name":"BlackjackInfo.com","description":"\u00a1Porque ganar es m\u00e1s divertido!","potentialAction":[{"@type":"SearchAction","target":{"@type":"EntryPoint","urlTemplate":"https:\/\/www.blackjackinfo.com\/?s={search_term_string}"},"query-input":{"@type":"PropertyValueSpecification","valueRequired":true,"valueName":"search_term_string"}}],"inLanguage":"es"}]}},"_links":{"self":[{"href":"https:\/\/www.blackjackinfo.com\/es\/wp-json\/wp\/v2\/pages\/2044","targetHints":{"allow":["GET"]}}],"collection":[{"href":"https:\/\/www.blackjackinfo.com\/es\/wp-json\/wp\/v2\/pages"}],"about":[{"href":"https:\/\/www.blackjackinfo.com\/es\/wp-json\/wp\/v2\/types\/page"}],"author":[{"embeddable":true,"href":"https:\/\/www.blackjackinfo.com\/es\/wp-json\/wp\/v2\/users\/3"}],"replies":[{"embeddable":true,"href":"https:\/\/www.blackjackinfo.com\/es\/wp-json\/wp\/v2\/comments?post=2044"}],"version-history":[{"count":9,"href":"https:\/\/www.blackjackinfo.com\/es\/wp-json\/wp\/v2\/pages\/2044\/revisions"}],"predecessor-version":[{"id":2520,"href":"https:\/\/www.blackjackinfo.com\/es\/wp-json\/wp\/v2\/pages\/2044\/revisions\/2520"}],"up":[{"embeddable":true,"href":"https:\/\/www.blackjackinfo.com\/es\/wp-json\/wp\/v2\/pages\/1928"}],"wp:attachment":[{"href":"https:\/\/www.blackjackinfo.com\/es\/wp-json\/wp\/v2\/media?parent=2044"}],"wp:term":[{"taxonomy":"post_tag","embeddable":true,"href":"https:\/\/www.blackjackinfo.com\/es\/wp-json\/wp\/v2\/tags?post=2044"}],"curies":[{"name":"wp","href":"https:\/\/api.w.org\/{rel}","templated":true}]}}