{"id":2060,"date":"2016-10-18T03:47:01","date_gmt":"2016-10-18T08:47:01","guid":{"rendered":"https:\/\/www.blackjackinfo.com\/?page_id=2060"},"modified":"2025-09-07T11:05:34","modified_gmt":"2025-09-07T16:05:34","slug":"blackjack-de-la-suerte","status":"publish","type":"page","link":"https:\/\/www.blackjackinfo.com\/es\/online-blackjack\/online-blackjack-variations\/lucky-blackjack\/","title":{"rendered":"Blackjack de la Suerte"},"content":{"rendered":"<p>El Lucky Blackjack es casi m\u00e1s una apuesta paralela que una variante del Blackjack. De hecho, se trata de una variante de Blackjack que no requiere ning\u00fan tipo de estrategia porque el jugador literalmente no toma ninguna decisi\u00f3n.<img loading=\"lazy\" decoding=\"async\" class=\"alignright size-full wp-image-2084\" src=\"\/files\/lucky_blackjack.jpg\" alt=\"lucky_blackjack\" width=\"350\" height=\"250\" srcset=\"https:\/\/www.blackjackinfo.com\/files\/lucky_blackjack.jpg 350w, https:\/\/www.blackjackinfo.com\/files\/lucky_blackjack-300x214.jpg 300w\" sizes=\"auto, (max-width: 350px) 100vw, 350px\" data-no-auto-translation=\"\" \/><\/p>\n<p>La forma en que funciona el juego es que el jugador puede apostar a cualquier total de 17-21, alternativamente, el jugador tambi\u00e9n puede apostar a que salga un Blackjack Natural o a que se pase. Las reglas son extremadamente simples, las cartas saldr\u00e1n hasta que el total sea mayor o igual a diecisiete, o de lo contrario, el total sea veintid\u00f3s (o m\u00e1s) lo que constituye un bust. Si el total es diecis\u00e9is o menos, se sacar\u00e1n cartas adicionales hasta que el total haya alcanzado al menos diecisiete,<\/p>\n<p>Naturalmente, el jugador realizar\u00e1 su apuesta antes de que haya salido ninguna carta, por lo que la apuesta no se basa en ning\u00fan tipo de informaci\u00f3n. El jugador puede apostar a un total final de mano de 17, 18, 19, 20, 21, Blackjack Natural o Busto con diferentes pagos seg\u00fan lo que el jugador haya apostado. Adem\u00e1s, el jugador puede elegir apostar a m\u00faltiples resultados en la misma mano.<\/p>\n<p>En el mejor de los casos, el jugador que participa en este juego de habilidad nula, pura suerte y ninguna toma de decisiones es un <strong>ventaja para la casa de 3,36%<\/strong>lo que tambi\u00e9n resulta en el hecho de que se podr\u00eda afirmar que este no es un juego de Blackjack, ya que el Blackjack no tendr\u00eda una ventaja de la casa tan alta. De hecho, un jugador s\u00f3lo puede disfrutar de una ventaja de la casa tan baja apostando al dieciocho, ya que todas las dem\u00e1s apuestas tienen una ventaja de la casa mayor que esa, incluyendo la, '<em>Busto<\/em>con una ventaja para la casa de un alarmante 14,92%.<\/p>\n<p>Una cosa que admito que es interesante es que la apuesta de Busto, a 2:1, tambi\u00e9n tiene el pago m\u00e1s bajo de cualquier apuesta para este juego. T\u00edpicamente, cuando se trata de apuestas de esta naturaleza, la apuesta con el pago m\u00e1s alto posible tendr\u00e1 la mayor ventaja de la casa, pero en este caso eso no es cierto. La apuesta con m\u00e1s probabilidades de ganar, con el pago m\u00e1s bajo, tiene la mayor ventaja de la casa en contra del jugador.<\/p>\n<p>As\u00ed que.., <strong>\u00bfpor qu\u00e9 se llama Lucky Blackjack?<\/strong> Supongo que es porque el jugador tiene que tener mucha suerte para no perder todo su dinero en un plazo relativamente corto.<\/p>","protected":false},"excerpt":{"rendered":"<p>Lucky Blackjack is almost more of a side bet than it is a Blackjack variant. In fact, this is a Blackjack variant that doesn\u2019t require any strategy whatsoever because the player literally doesn\u2019t make any decisions. The way that the game works is that the player can bet on any total from 17-21, alternatively, the [&hellip;]<\/p>\n","protected":false},"author":4,"featured_media":0,"parent":2044,"menu_order":0,"comment_status":"closed","ping_status":"closed","template":"","meta":{"_acf_changed":false,"footnotes":""},"tags":[],"class_list":["post-2060","page","type-page","status-publish","hentry"],"acf":[],"yoast_head":"<!-- This site is optimized with the Yoast SEO plugin v26.6 - https:\/\/yoast.com\/wordpress\/plugins\/seo\/ -->\n<title>Lucky Blackjack<\/title>\n<meta name=\"description\" content=\"Lucky Blackjack is almost more of a side bet than it is a Blackjack variant. In fact, this is a Blackjack variant that doesn\u2019t require any strategy\" \/>\n<meta name=\"robots\" content=\"index, follow, max-snippet:-1, max-image-preview:large, max-video-preview:-1\" \/>\n<link rel=\"canonical\" href=\"https:\/\/www.blackjackinfo.com\/es\/blackjack_variation\/blackjack-de-la-suerte\/\" \/>\n<meta property=\"og:locale\" content=\"es_ES\" \/>\n<meta property=\"og:type\" content=\"article\" \/>\n<meta property=\"og:title\" content=\"Lucky Blackjack\" \/>\n<meta property=\"og:description\" content=\"Lucky Blackjack is almost more of a side bet than it is a Blackjack variant. In fact, this is a Blackjack variant that doesn\u2019t require any strategy\" \/>\n<meta property=\"og:url\" content=\"https:\/\/www.blackjackinfo.com\/es\/blackjack_variation\/blackjack-de-la-suerte\/\" \/>\n<meta property=\"og:site_name\" content=\"BlackjackInfo.com\" \/>\n<meta property=\"article:modified_time\" content=\"2025-09-07T16:05:34+00:00\" \/>\n<meta name=\"twitter:label1\" content=\"Tiempo de lectura\" \/>\n\t<meta name=\"twitter:data1\" content=\"2 minutos\" \/>\n<script type=\"application\/ld+json\" class=\"yoast-schema-graph\">{\"@context\":\"https:\/\/schema.org\",\"@graph\":[{\"@type\":\"WebPage\",\"@id\":\"https:\/\/www.blackjackinfo.com\/online-blackjack\/online-blackjack-variations\/lucky-blackjack\/\",\"url\":\"https:\/\/www.blackjackinfo.com\/blackjack_variation\/lucky-blackjack\/\",\"name\":\"Lucky Blackjack\",\"isPartOf\":{\"@id\":\"https:\/\/www.blackjackinfo.com\/#website\"},\"datePublished\":\"2016-10-18T08:47:01+00:00\",\"dateModified\":\"2025-09-07T16:05:34+00:00\",\"description\":\"Lucky Blackjack is almost more of a side bet than it is a Blackjack variant. In fact, this is a Blackjack variant that doesn\u2019t require any strategy\",\"breadcrumb\":{\"@id\":\"https:\/\/www.blackjackinfo.com\/blackjack_variation\/lucky-blackjack\/#breadcrumb\"},\"inLanguage\":\"es\",\"potentialAction\":[{\"@type\":\"ReadAction\",\"target\":[\"https:\/\/www.blackjackinfo.com\/blackjack_variation\/lucky-blackjack\/\"]}]},{\"@type\":\"BreadcrumbList\",\"@id\":\"https:\/\/www.blackjackinfo.com\/blackjack_variation\/lucky-blackjack\/#breadcrumb\",\"itemListElement\":[{\"@type\":\"ListItem\",\"position\":1,\"name\":\"Home\",\"item\":\"https:\/\/www.blackjackinfo.com\/\"},{\"@type\":\"ListItem\",\"position\":2,\"name\":\"Online Blackjack for Real Money\",\"item\":\"https:\/\/www.blackjackinfo.com\/online-blackjack\/\"},{\"@type\":\"ListItem\",\"position\":3,\"name\":\"Online Blackjack Variations\",\"item\":\"https:\/\/www.blackjackinfo.com\/online-blackjack\/online-blackjack-variations\/\"},{\"@type\":\"ListItem\",\"position\":4,\"name\":\"Lucky Blackjack\"}]},{\"@type\":\"WebSite\",\"@id\":\"https:\/\/www.blackjackinfo.com\/#website\",\"url\":\"https:\/\/www.blackjackinfo.com\/\",\"name\":\"BlackjackInfo.com\",\"description\":\"Because Winning is More Fun!\",\"potentialAction\":[{\"@type\":\"SearchAction\",\"target\":{\"@type\":\"EntryPoint\",\"urlTemplate\":\"https:\/\/www.blackjackinfo.com\/?s={search_term_string}\"},\"query-input\":{\"@type\":\"PropertyValueSpecification\",\"valueRequired\":true,\"valueName\":\"search_term_string\"}}],\"inLanguage\":\"es\"}]}<\/script>\n<!-- \/ Yoast SEO plugin. -->","yoast_head_json":{"title":"Blackjack de la Suerte","description":"El Lucky Blackjack es casi m\u00e1s una apuesta paralela que una variante del Blackjack. De hecho, se trata de una variante de Blackjack que no requiere ninguna estrategia","robots":{"index":"index","follow":"follow","max-snippet":"max-snippet:-1","max-image-preview":"max-image-preview:large","max-video-preview":"max-video-preview:-1"},"canonical":"https:\/\/www.blackjackinfo.com\/es\/blackjack_variation\/blackjack-de-la-suerte\/","og_locale":"es_ES","og_type":"article","og_title":"Lucky Blackjack","og_description":"Lucky Blackjack is almost more of a side bet than it is a Blackjack variant. In fact, this is a Blackjack variant that doesn\u2019t require any strategy","og_url":"https:\/\/www.blackjackinfo.com\/es\/blackjack_variation\/blackjack-de-la-suerte\/","og_site_name":"BlackjackInfo.com","article_modified_time":"2025-09-07T16:05:34+00:00","twitter_misc":{"Tiempo de lectura":"2 minutos"},"schema":{"@context":"https:\/\/schema.org","@graph":[{"@type":"WebPage","@id":"https:\/\/www.blackjackinfo.com\/online-blackjack\/online-blackjack-variations\/lucky-blackjack\/","url":"https:\/\/www.blackjackinfo.com\/blackjack_variation\/lucky-blackjack\/","name":"Blackjack de la Suerte","isPartOf":{"@id":"https:\/\/www.blackjackinfo.com\/#website"},"datePublished":"2016-10-18T08:47:01+00:00","dateModified":"2025-09-07T16:05:34+00:00","description":"El Lucky Blackjack es casi m\u00e1s una apuesta paralela que una variante del Blackjack. De hecho, se trata de una variante de Blackjack que no requiere ninguna estrategia","breadcrumb":{"@id":"https:\/\/www.blackjackinfo.com\/blackjack_variation\/lucky-blackjack\/#breadcrumb"},"inLanguage":"es","potentialAction":[{"@type":"ReadAction","target":["https:\/\/www.blackjackinfo.com\/blackjack_variation\/lucky-blackjack\/"]}]},{"@type":"BreadcrumbList","@id":"https:\/\/www.blackjackinfo.com\/blackjack_variation\/lucky-blackjack\/#breadcrumb","itemListElement":[{"@type":"ListItem","position":1,"name":"Home","item":"https:\/\/www.blackjackinfo.com\/"},{"@type":"ListItem","position":2,"name":"Online Blackjack for Real Money","item":"https:\/\/www.blackjackinfo.com\/online-blackjack\/"},{"@type":"ListItem","position":3,"name":"Online Blackjack Variations","item":"https:\/\/www.blackjackinfo.com\/online-blackjack\/online-blackjack-variations\/"},{"@type":"ListItem","position":4,"name":"Lucky Blackjack"}]},{"@type":"WebSite","@id":"https:\/\/www.blackjackinfo.com\/#website","url":"https:\/\/www.blackjackinfo.com\/","name":"BlackjackInfo.com","description":"\u00a1Porque ganar es m\u00e1s divertido!","potentialAction":[{"@type":"SearchAction","target":{"@type":"EntryPoint","urlTemplate":"https:\/\/www.blackjackinfo.com\/?s={search_term_string}"},"query-input":{"@type":"PropertyValueSpecification","valueRequired":true,"valueName":"search_term_string"}}],"inLanguage":"es"}]}},"_links":{"self":[{"href":"https:\/\/www.blackjackinfo.com\/es\/wp-json\/wp\/v2\/pages\/2060","targetHints":{"allow":["GET"]}}],"collection":[{"href":"https:\/\/www.blackjackinfo.com\/es\/wp-json\/wp\/v2\/pages"}],"about":[{"href":"https:\/\/www.blackjackinfo.com\/es\/wp-json\/wp\/v2\/types\/page"}],"author":[{"embeddable":true,"href":"https:\/\/www.blackjackinfo.com\/es\/wp-json\/wp\/v2\/users\/4"}],"replies":[{"embeddable":true,"href":"https:\/\/www.blackjackinfo.com\/es\/wp-json\/wp\/v2\/comments?post=2060"}],"version-history":[{"count":7,"href":"https:\/\/www.blackjackinfo.com\/es\/wp-json\/wp\/v2\/pages\/2060\/revisions"}],"predecessor-version":[{"id":9028,"href":"https:\/\/www.blackjackinfo.com\/es\/wp-json\/wp\/v2\/pages\/2060\/revisions\/9028"}],"up":[{"embeddable":true,"href":"https:\/\/www.blackjackinfo.com\/es\/wp-json\/wp\/v2\/pages\/2044"}],"wp:attachment":[{"href":"https:\/\/www.blackjackinfo.com\/es\/wp-json\/wp\/v2\/media?parent=2060"}],"wp:term":[{"taxonomy":"post_tag","embeddable":true,"href":"https:\/\/www.blackjackinfo.com\/es\/wp-json\/wp\/v2\/tags?post=2060"}],"curies":[{"name":"wp","href":"https:\/\/api.w.org\/{rel}","templated":true}]}}