{"id":2447,"date":"2017-01-19T20:22:34","date_gmt":"2017-01-20T02:22:34","guid":{"rendered":"https:\/\/www.blackjackinfo.com\/?page_id=2447"},"modified":"2018-06-22T02:39:49","modified_gmt":"2018-06-22T07:39:49","slug":"guia-de-blackjack-online","status":"publish","type":"page","link":"https:\/\/www.blackjackinfo.com\/es\/online-blackjack\/online-blackjack-guide\/","title":{"rendered":"Gu\u00eda de Blackjack Online"},"content":{"rendered":"<p>Cuando se trata de jugar al blackjack online, puede resultar bastante confuso elegir d\u00f3nde jugar y c\u00f3mo hacerlo. A medida que los casinos online se han hecho m\u00e1s populares, hemos decidido elaborar una gu\u00eda con consejos sobre c\u00f3mo jugar online de forma legal y segura para que nuestros visitantes puedan disfrutar de una experiencia genuina.<\/p>\n<div class=\"section-small\">\n      <h2 class=\"mB30 strong-underline\"><span>Casinos en l\u00ednea recomendados<\/span><\/h2>\n      <div class=\"row\">\n            <div class=\"col-sm-4 mB30\">\n          <div class=\"recommended-casino text-center\" style=\"background:#263b1a;\">\n            <div class=\"buttons-upper\"> <a rel=\"nofollow\" href=\"\/goto\/goto\/\" class=\"btn btn-wire mR10\">VISITAR LA P\u00c1GINA WEB<\/a> <\/div>\n            <p class=\"plan-logo\"> <img decoding=\"async\" src=\"https:\/\/www.blackjackinfo.com\/files\/bovada.png\" data-no-auto-translation=\"\"><\/p>\n            <div class=\"casino-title\">\n              <h2 class=\"white mB0\">Bovada<\/h2>\n              <div class=\"star-rating recommended\"><i class=\"fa fa-star\" aria-hidden=\"true\"><\/i><i class=\"fa fa-star\" aria-hidden=\"true\"><\/i><i class=\"fa fa-star\" aria-hidden=\"true\"><\/i><i class=\"fa fa-star\" aria-hidden=\"true\"><\/i><i class=\"fa fa-star-half-o\" aria-hidden=\"true\"><\/i>\n              <\/div>\n            <\/div>\n          <\/div>\n        <\/div>\n            <div class=\"col-sm-4 mB30\">\n          <div class=\"recommended-casino text-center\" style=\"background:#263b1a;\">\n            <div class=\"buttons-upper\"> <a rel=\"nofollow\" href=\"\/goto\/goto\/\" class=\"btn btn-wire mR10\">VISITAR LA P\u00c1GINA WEB<\/a> <\/div>\n            <p class=\"plan-logo\"> <img decoding=\"async\" src=\"https:\/\/www.blackjackinfo.com\/files\/vegas_casino_online.png\" data-no-auto-translation=\"\"><\/p>\n            <div class=\"casino-title\">\n              <h2 class=\"white mB0\">Vegas Casino Online<\/h2>\n              <div class=\"star-rating recommended\"><i class=\"fa fa-star\" aria-hidden=\"true\"><\/i><i class=\"fa fa-star\" aria-hidden=\"true\"><\/i><i class=\"fa fa-star\" aria-hidden=\"true\"><\/i><i class=\"fa fa-star\" aria-hidden=\"true\"><\/i><i class=\"fa fa-star-half-o\" aria-hidden=\"true\"><\/i>\n              <\/div>\n            <\/div>\n          <\/div>\n        <\/div>\n            <div class=\"col-sm-4 mB30\">\n          <div class=\"recommended-casino text-center\" style=\"background:#263b1a;\">\n            <div class=\"buttons-upper\"> <a rel=\"nofollow\" href=\"\/goto\/goto\/\" class=\"btn btn-wire mR10\">VISITAR LA P\u00c1GINA WEB<\/a> <\/div>\n            <p class=\"plan-logo\"> <img decoding=\"async\" src=\"https:\/\/www.blackjackinfo.com\/files\/red-dog-casino-logo-e1601018305105.png\" data-no-auto-translation=\"\"><\/p>\n            <div class=\"casino-title\">\n              <h2 class=\"white mB0\">Casino Red Dog<\/h2>\n              <div class=\"star-rating recommended\"><i class=\"fa fa-star\" aria-hidden=\"true\"><\/i><i class=\"fa fa-star\" aria-hidden=\"true\"><\/i><i class=\"fa fa-star\" aria-hidden=\"true\"><\/i><i class=\"fa fa-star\" aria-hidden=\"true\"><\/i><i class=\"fa fa-star-o\" aria-hidden=\"true\"><\/i>\n              <\/div>\n            <\/div>\n          <\/div>\n        <\/div><\/div><\/div>\n<p>&nbsp;<\/p>\n<h2 class=\"gbs-heading\">Gu\u00eda para jugar al Blackjack online con dinero real<\/h2>\n<p>Aunque hay muchos casinos en l\u00ednea que ofrecen diversos incentivos para jugar, somos muy selectivos a la hora de elegir los que incluimos en la lista y recomendamos los siguientes por su s\u00f3lida reputaci\u00f3n, su software de confianza y su servicio de atenci\u00f3n al cliente.<\/p>\n<p>Si vive en Estados Unidos, no deje de leer nuestro art\u00edculo <a href=\"https:\/\/www.blackjackinfo.com\/online-blackjack\/is-it-legal-to-play-online-blackjack-in-the-us\/\">\u00bfEs legal jugar al blackjack online en EE.UU.?<\/a><\/p>\n<h3 class=\"gbs-heading\">Paso 1: Cree una cuenta de jugador y acceda a las instalaciones de juego.<\/h3>\n<p>Aunque no todos los casinos en l\u00ednea funcionan de la misma manera, los pasos suelen ser los mismos y comienzan con el registro del usuario. Se trata de un procedimiento bastante sencillo en el que se le pedir\u00e1n sus datos personales y la informaci\u00f3n de pago.<\/p>\n<p>Lo siguiente es acceder a las instalaciones de juego. Esto suele ocurrir de dos maneras:<\/p>\n<ul>\n<li><b>Juego instant\u00e1neo<\/b>. Esta opci\u00f3n le permite jugar desde su navegador y su men\u00fa de juegos estar\u00e1 a su disposici\u00f3n sin necesidad de descargas adicionales.<\/li>\n<li><b>Descargar software<\/b>. Muchos casinos le pedir\u00e1n que descargue su programa de software particular en su ordenador, desde el que podr\u00e1 acceder a las instalaciones de juego. Este software suele rondar los 5 mb y los requisitos son m\u00ednimos, por lo que funcionar\u00e1 sin problemas en la mayor\u00eda de los ordenadores.<\/li>\n<\/ul>\n<figure id=\"attachment_3004\" aria-describedby=\"caption-attachment-3004\" style=\"width: 300px\" class=\"wp-caption aligncenter\"><img loading=\"lazy\" decoding=\"async\" class=\"wp-image-3004 size-medium\" src=\"https:\/\/www.blackjackinfo.com\/files\/bovada-registration-300x169.jpg\" alt=\"\" width=\"300\" height=\"169\" srcset=\"https:\/\/www.blackjackinfo.com\/files\/bovada-registration-300x169.jpg 300w, https:\/\/www.blackjackinfo.com\/files\/bovada-registration.jpg 416w\" sizes=\"auto, (max-width: 300px) 100vw, 300px\" data-no-auto-translation=\"\" \/><figcaption id=\"caption-attachment-3004\" class=\"wp-caption-text\">Registro en Bovada<\/figcaption><\/figure>\n<h3 class=\"gbs-heading\">Paso 2: Bonificaciones y saldo de la cuenta<\/h3>\n<p>Todos los casinos en l\u00ednea tienen bonos promocionales e incentivos para que te registres, pero ten mucho cuidado, ya que algunos de ellos exigen un valor de apuesta muy alto, lo que hace casi imposible ganar. Aseg\u00farese de leer los t\u00e9rminos y condiciones establecidos y si el requisito de apuesta es demasiado alto, lo mejor es no reclamar ninguna promoci\u00f3n en absoluto.<\/p>\n<p>Dependiendo del casino, podr\u00e1 ingresar dinero en su cuenta de juego mediante tarjeta de d\u00e9bito, tarjeta de cr\u00e9dito o a trav\u00e9s de un intermediario financiero. Esto depender\u00e1 de lo que permita el casino, as\u00ed como de las normas del propio intermediario financiero.<\/p>\n<p>En la mayor\u00eda de los casos, los casinos en l\u00ednea tambi\u00e9n aceptan pagos mediante servicios de monedero electr\u00f3nico como Neteller, Paypal, Skrill, as\u00ed como <a href=\"https:\/\/www.blackjackinfo.com\/banking\/bitcoin\/\">Bitcoin<\/a>.<\/p>\n<figure id=\"attachment_3006\" aria-describedby=\"caption-attachment-3006\" style=\"width: 300px\" class=\"wp-caption aligncenter\"><img loading=\"lazy\" decoding=\"async\" class=\"wp-image-3006 size-medium\" src=\"https:\/\/www.blackjackinfo.com\/files\/bovada-deposit-options-300x144.jpg\" alt=\"\" width=\"300\" height=\"144\" srcset=\"https:\/\/www.blackjackinfo.com\/files\/bovada-deposit-options-300x144.jpg 300w, https:\/\/www.blackjackinfo.com\/files\/bovada-deposit-options.jpg 489w\" sizes=\"auto, (max-width: 300px) 100vw, 300px\" data-no-auto-translation=\"\" \/><figcaption id=\"caption-attachment-3006\" class=\"wp-caption-text\">Opciones de dep\u00f3sito de Bovada<\/figcaption><\/figure>\n<h3 class=\"gbs-heading\">Paso 3: \u00a1Juega!<\/h3>\n<p>Ahora que ha configurado su cuenta, ha accedido a las instalaciones de juego y ha depositado dinero para jugar, es el momento de sumergirse en la diversi\u00f3n de jugar de verdad.  Dependiendo del casino en el que juegue, se dar\u00e1 cuenta de que hay muchas variantes de blackjack entre las que puede elegir.  Si quiere entender las diferencias con el juego de blackjack est\u00e1ndar, lea nuestro art\u00edculo sobre <a href=\"https:\/\/www.blackjackinfo.com\/online-blackjack\/online-blackjack-variations\/\">variaciones del blackjack online<\/a> para un desglose m\u00e1s completo.<\/p>\n<p>Independientemente de la forma de blackjack en l\u00ednea que elija para jugar, le recomendamos que siga los siguientes consejos <a href=\"https:\/\/www.blackjackinfo.com\/blackjack-basic-strategy-engine\/\">estrategia b\u00e1sica<\/a> y tambi\u00e9n empleando un <a href=\"https:\/\/www.blackjackinfo.com\/blackjack-school\/lesson-07-money-management-part-1\/\">sistema de gesti\u00f3n del dinero<\/a> que funcione para ti.<\/p>\n<figure id=\"attachment_3008\" aria-describedby=\"caption-attachment-3008\" style=\"width: 300px\" class=\"wp-caption aligncenter\"><img loading=\"lazy\" decoding=\"async\" class=\"wp-image-3008 size-medium\" src=\"https:\/\/www.blackjackinfo.com\/files\/bovada-blackjack-300x210.jpg\" alt=\"bovada blackjack\" width=\"300\" height=\"210\" srcset=\"https:\/\/www.blackjackinfo.com\/files\/bovada-blackjack-300x210.jpg 300w, https:\/\/www.blackjackinfo.com\/files\/bovada-blackjack-768x539.jpg 768w, https:\/\/www.blackjackinfo.com\/files\/bovada-blackjack-1024x718.jpg 1024w, https:\/\/www.blackjackinfo.com\/files\/bovada-blackjack-610x428.jpg 610w, https:\/\/www.blackjackinfo.com\/files\/bovada-blackjack.jpg 1065w\" sizes=\"auto, (max-width: 300px) 100vw, 300px\" data-no-auto-translation=\"\" \/><figcaption id=\"caption-attachment-3008\" class=\"wp-caption-text\">Bovada Blackjack<\/figcaption><\/figure>\n<figure id=\"attachment_3007\" aria-describedby=\"caption-attachment-3007\" style=\"width: 300px\" class=\"wp-caption aligncenter\"><img loading=\"lazy\" decoding=\"async\" class=\"wp-image-3007 size-medium\" style=\"float: right;\" src=\"https:\/\/www.blackjackinfo.com\/files\/bovada-games-300x144.jpg\" alt=\"Bovada Games\" width=\"300\" height=\"144\" srcset=\"https:\/\/www.blackjackinfo.com\/files\/bovada-games-300x144.jpg 300w, https:\/\/www.blackjackinfo.com\/files\/bovada-games.jpg 486w\" sizes=\"auto, (max-width: 300px) 100vw, 300px\" data-no-auto-translation=\"\" \/><figcaption id=\"caption-attachment-3007\" class=\"wp-caption-text\">Bovada Games<\/figcaption><\/figure>\n<h3 class=\"gbs-heading\">Paso 4: Retirar los fondos<\/h3>\n<p>Si ha llegado a un punto en el que desea retirar dinero, solic\u00edtelo a trav\u00e9s del servicio en l\u00ednea.<\/p>\n<p>Si no ha verificado su cuenta (lo que puede solicitarse despu\u00e9s de registrarse), en la mayor\u00eda de los casos se le pedir\u00e1 que proporcione alg\u00fan tipo de identificaci\u00f3n, como un documento de identidad del gobierno o un escaneado de la tarjeta de cr\u00e9dito utilizada.<\/p>\n<p>Tenga en cuenta tambi\u00e9n que algunos casinos pueden cobrar comisiones por m\u00faltiples retiradas dentro del mismo mes natural. P\u00f3ngase en contacto con el servicio de asistencia para aclarar cualquier problema de este tipo.<\/p>\n<h3 class=\"gbs-heading\">Paso 5: Declarar sus ganancias de juego y pagar sus impuestos (si procede)<\/h3>\n<p>Los ingresos procedentes del juego a menudo se consideran ingresos imponibles, lo que significa que deben comunicarse a las autoridades fiscales competentes de su jurisdicci\u00f3n. No olvide hacerlo con precisi\u00f3n y a tiempo, ya que no querr\u00e1 que la jurisdicci\u00f3n competente le imponga una sanci\u00f3n (multa y\/o prisi\u00f3n).<\/p>\n<p><a href=\"https:\/\/www.blackjackinfo.com\/online-blackjack\/tax-implications-online-blackjack\/\">M\u00e1s informaci\u00f3n<\/a>.<\/p>\n<h3 class=\"gbs-heading\">Atenci\u00f3n al cliente<\/h3>\n<p>Aunque resulte obvio, siempre debe ponerse en contacto con el servicio de atenci\u00f3n al cliente si tiene alguna duda o inquietud.<\/p>","protected":false},"excerpt":{"rendered":"<p>When it comes to playing blackjack online, it can get pretty confusing selecting where to play and how to go about doing so. As web based casinos have become more popular, we have decided to put together a guide with tips on how to approach playing online in a legal and safe manner so our [&hellip;]<\/p>\n","protected":false},"author":3,"featured_media":3046,"parent":1928,"menu_order":0,"comment_status":"closed","ping_status":"closed","template":"","meta":{"_acf_changed":false,"footnotes":""},"tags":[],"class_list":["post-2447","page","type-page","status-publish","has-post-thumbnail","hentry"],"acf":[],"yoast_head":"<!-- This site is optimized with the Yoast SEO plugin v26.6 - https:\/\/yoast.com\/wordpress\/plugins\/seo\/ -->\n<title>Online Blackjack Guide<\/title>\n<meta name=\"description\" content=\"Looking to play blackjack online? This comprehensive guide will walk you through the necessary steps for a safe and genuine experience\" \/>\n<meta name=\"robots\" content=\"index, follow, max-snippet:-1, max-image-preview:large, max-video-preview:-1\" \/>\n<link rel=\"canonical\" href=\"https:\/\/www.blackjackinfo.com\/es\/blackjack-online-2\/guia-de-blackjack-online\/\" \/>\n<meta property=\"og:locale\" content=\"es_ES\" \/>\n<meta property=\"og:type\" content=\"article\" \/>\n<meta property=\"og:title\" content=\"Online Blackjack Guide\" \/>\n<meta property=\"og:description\" content=\"Looking to play blackjack online? This comprehensive guide will walk you through the necessary steps for a safe and genuine experience\" \/>\n<meta property=\"og:url\" content=\"https:\/\/www.blackjackinfo.com\/es\/blackjack-online-2\/guia-de-blackjack-online\/\" \/>\n<meta property=\"og:site_name\" content=\"BlackjackInfo.com\" \/>\n<meta property=\"article:modified_time\" content=\"2018-06-22T07:39:49+00:00\" \/>\n<meta property=\"og:image\" content=\"https:\/\/www.blackjackinfo.com\/files\/online-blackjack-guide-featured-image.jpg\" \/>\n\t<meta property=\"og:image:width\" content=\"455\" \/>\n\t<meta property=\"og:image:height\" content=\"213\" \/>\n\t<meta property=\"og:image:type\" content=\"image\/jpeg\" \/>\n<meta name=\"twitter:label1\" content=\"Tiempo de lectura\" \/>\n\t<meta name=\"twitter:data1\" content=\"4 minutos\" \/>\n<script type=\"application\/ld+json\" class=\"yoast-schema-graph\">{\"@context\":\"https:\/\/schema.org\",\"@graph\":[{\"@type\":\"WebPage\",\"@id\":\"https:\/\/www.blackjackinfo.com\/online-blackjack\/online-blackjack-guide\/\",\"url\":\"https:\/\/www.blackjackinfo.com\/online-blackjack\/online-blackjack-guide\/\",\"name\":\"Online Blackjack Guide\",\"isPartOf\":{\"@id\":\"https:\/\/www.blackjackinfo.com\/#website\"},\"primaryImageOfPage\":{\"@id\":\"https:\/\/www.blackjackinfo.com\/online-blackjack\/online-blackjack-guide\/#primaryimage\"},\"image\":{\"@id\":\"https:\/\/www.blackjackinfo.com\/online-blackjack\/online-blackjack-guide\/#primaryimage\"},\"thumbnailUrl\":\"https:\/\/www.blackjackinfo.com\/files\/online-blackjack-guide-featured-image.jpg\",\"datePublished\":\"2017-01-20T02:22:34+00:00\",\"dateModified\":\"2018-06-22T07:39:49+00:00\",\"description\":\"Looking to play blackjack online? This comprehensive guide will walk you through the necessary steps for a safe and genuine experience\",\"breadcrumb\":{\"@id\":\"https:\/\/www.blackjackinfo.com\/online-blackjack\/online-blackjack-guide\/#breadcrumb\"},\"inLanguage\":\"es\",\"potentialAction\":[{\"@type\":\"ReadAction\",\"target\":[\"https:\/\/www.blackjackinfo.com\/online-blackjack\/online-blackjack-guide\/\"]}]},{\"@type\":\"ImageObject\",\"inLanguage\":\"es\",\"@id\":\"https:\/\/www.blackjackinfo.com\/online-blackjack\/online-blackjack-guide\/#primaryimage\",\"url\":\"https:\/\/www.blackjackinfo.com\/files\/online-blackjack-guide-featured-image.jpg\",\"contentUrl\":\"https:\/\/www.blackjackinfo.com\/files\/online-blackjack-guide-featured-image.jpg\",\"width\":455,\"height\":213},{\"@type\":\"BreadcrumbList\",\"@id\":\"https:\/\/www.blackjackinfo.com\/online-blackjack\/online-blackjack-guide\/#breadcrumb\",\"itemListElement\":[{\"@type\":\"ListItem\",\"position\":1,\"name\":\"Home\",\"item\":\"https:\/\/www.blackjackinfo.com\/\"},{\"@type\":\"ListItem\",\"position\":2,\"name\":\"Online Blackjack for Real Money\",\"item\":\"https:\/\/www.blackjackinfo.com\/online-blackjack\/\"},{\"@type\":\"ListItem\",\"position\":3,\"name\":\"Online Blackjack Guide\"}]},{\"@type\":\"WebSite\",\"@id\":\"https:\/\/www.blackjackinfo.com\/#website\",\"url\":\"https:\/\/www.blackjackinfo.com\/\",\"name\":\"BlackjackInfo.com\",\"description\":\"Because Winning is More Fun!\",\"potentialAction\":[{\"@type\":\"SearchAction\",\"target\":{\"@type\":\"EntryPoint\",\"urlTemplate\":\"https:\/\/www.blackjackinfo.com\/?s={search_term_string}\"},\"query-input\":{\"@type\":\"PropertyValueSpecification\",\"valueRequired\":true,\"valueName\":\"search_term_string\"}}],\"inLanguage\":\"es\"}]}<\/script>\n<!-- \/ Yoast SEO plugin. -->","yoast_head_json":{"title":"Gu\u00eda de Blackjack Online","description":"\u00bfQuiere jugar al blackjack en l\u00ednea? Esta completa gu\u00eda le guiar\u00e1 a trav\u00e9s de los pasos necesarios para una experiencia segura y genuina","robots":{"index":"index","follow":"follow","max-snippet":"max-snippet:-1","max-image-preview":"max-image-preview:large","max-video-preview":"max-video-preview:-1"},"canonical":"https:\/\/www.blackjackinfo.com\/es\/blackjack-online-2\/guia-de-blackjack-online\/","og_locale":"es_ES","og_type":"article","og_title":"Online Blackjack Guide","og_description":"Looking to play blackjack online? This comprehensive guide will walk you through the necessary steps for a safe and genuine experience","og_url":"https:\/\/www.blackjackinfo.com\/es\/blackjack-online-2\/guia-de-blackjack-online\/","og_site_name":"BlackjackInfo.com","article_modified_time":"2018-06-22T07:39:49+00:00","og_image":[{"width":455,"height":213,"url":"https:\/\/www.blackjackinfo.com\/files\/online-blackjack-guide-featured-image.jpg","type":"image\/jpeg"}],"twitter_misc":{"Tiempo de lectura":"4 minutos"},"schema":{"@context":"https:\/\/schema.org","@graph":[{"@type":"WebPage","@id":"https:\/\/www.blackjackinfo.com\/online-blackjack\/online-blackjack-guide\/","url":"https:\/\/www.blackjackinfo.com\/online-blackjack\/online-blackjack-guide\/","name":"Gu\u00eda de Blackjack Online","isPartOf":{"@id":"https:\/\/www.blackjackinfo.com\/#website"},"primaryImageOfPage":{"@id":"https:\/\/www.blackjackinfo.com\/online-blackjack\/online-blackjack-guide\/#primaryimage"},"image":{"@id":"https:\/\/www.blackjackinfo.com\/online-blackjack\/online-blackjack-guide\/#primaryimage"},"thumbnailUrl":"https:\/\/www.blackjackinfo.com\/files\/online-blackjack-guide-featured-image.jpg","datePublished":"2017-01-20T02:22:34+00:00","dateModified":"2018-06-22T07:39:49+00:00","description":"\u00bfQuiere jugar al blackjack en l\u00ednea? Esta completa gu\u00eda le guiar\u00e1 a trav\u00e9s de los pasos necesarios para una experiencia segura y genuina","breadcrumb":{"@id":"https:\/\/www.blackjackinfo.com\/online-blackjack\/online-blackjack-guide\/#breadcrumb"},"inLanguage":"es","potentialAction":[{"@type":"ReadAction","target":["https:\/\/www.blackjackinfo.com\/online-blackjack\/online-blackjack-guide\/"]}]},{"@type":"ImageObject","inLanguage":"es","@id":"https:\/\/www.blackjackinfo.com\/online-blackjack\/online-blackjack-guide\/#primaryimage","url":"https:\/\/www.blackjackinfo.com\/files\/online-blackjack-guide-featured-image.jpg","contentUrl":"https:\/\/www.blackjackinfo.com\/files\/online-blackjack-guide-featured-image.jpg","width":455,"height":213},{"@type":"BreadcrumbList","@id":"https:\/\/www.blackjackinfo.com\/online-blackjack\/online-blackjack-guide\/#breadcrumb","itemListElement":[{"@type":"ListItem","position":1,"name":"Home","item":"https:\/\/www.blackjackinfo.com\/"},{"@type":"ListItem","position":2,"name":"Online Blackjack for Real Money","item":"https:\/\/www.blackjackinfo.com\/online-blackjack\/"},{"@type":"ListItem","position":3,"name":"Online Blackjack Guide"}]},{"@type":"WebSite","@id":"https:\/\/www.blackjackinfo.com\/#website","url":"https:\/\/www.blackjackinfo.com\/","name":"BlackjackInfo.com","description":"\u00a1Porque ganar es m\u00e1s divertido!","potentialAction":[{"@type":"SearchAction","target":{"@type":"EntryPoint","urlTemplate":"https:\/\/www.blackjackinfo.com\/?s={search_term_string}"},"query-input":{"@type":"PropertyValueSpecification","valueRequired":true,"valueName":"search_term_string"}}],"inLanguage":"es"}]}},"_links":{"self":[{"href":"https:\/\/www.blackjackinfo.com\/es\/wp-json\/wp\/v2\/pages\/2447","targetHints":{"allow":["GET"]}}],"collection":[{"href":"https:\/\/www.blackjackinfo.com\/es\/wp-json\/wp\/v2\/pages"}],"about":[{"href":"https:\/\/www.blackjackinfo.com\/es\/wp-json\/wp\/v2\/types\/page"}],"author":[{"embeddable":true,"href":"https:\/\/www.blackjackinfo.com\/es\/wp-json\/wp\/v2\/users\/3"}],"replies":[{"embeddable":true,"href":"https:\/\/www.blackjackinfo.com\/es\/wp-json\/wp\/v2\/comments?post=2447"}],"version-history":[{"count":8,"href":"https:\/\/www.blackjackinfo.com\/es\/wp-json\/wp\/v2\/pages\/2447\/revisions"}],"predecessor-version":[{"id":3942,"href":"https:\/\/www.blackjackinfo.com\/es\/wp-json\/wp\/v2\/pages\/2447\/revisions\/3942"}],"up":[{"embeddable":true,"href":"https:\/\/www.blackjackinfo.com\/es\/wp-json\/wp\/v2\/pages\/1928"}],"wp:featuredmedia":[{"embeddable":true,"href":"https:\/\/www.blackjackinfo.com\/es\/wp-json\/wp\/v2\/media\/3046"}],"wp:attachment":[{"href":"https:\/\/www.blackjackinfo.com\/es\/wp-json\/wp\/v2\/media?parent=2447"}],"wp:term":[{"taxonomy":"post_tag","embeddable":true,"href":"https:\/\/www.blackjackinfo.com\/es\/wp-json\/wp\/v2\/tags?post=2447"}],"curies":[{"name":"wp","href":"https:\/\/api.w.org\/{rel}","templated":true}]}}