{"id":2715,"date":"2017-03-09T22:35:52","date_gmt":"2017-03-10T04:35:52","guid":{"rendered":"https:\/\/www.blackjackinfo.com\/?page_id=2715\/"},"modified":"2018-04-18T01:59:16","modified_gmt":"2018-04-18T06:59:16","slug":"escuela-de-blackjack-2","status":"publish","type":"page","link":"https:\/\/www.blackjackinfo.com\/es\/scuola-di-blackjack\/","title":{"rendered":"La Escuela de Blackjack de GameMaster"},"content":{"rendered":"<h2 style=\"text-align: center;\">Bienvenido a la Escuela de Blackjack de GameMaster<\/h2>\n<p class=\"entry-meta text-right\">di GameMaster, ristampa autorizzata.<\/p>\n<h3 class=\"gbs-heading\">Una breve introducci\u00f3n.<\/h3>\n<p class=\"intro\">Estamos muy contentos de anunciar la revisi\u00f3n completa de la Comisi\u00f3n Europea. <strong>escuela de blackjack de GameMaster<\/strong>. Para aquellos que no est\u00e9n familiarizados con mi \"escuela\", se trata de una serie de 24 lecciones escritas que te ense\u00f1ar\u00e1n a jugar y ganar al Blackjack. <strong>En estos art\u00edculos hemos resumido el programa escolar interno, ampli\u00e1ndolo, perfeccion\u00e1ndolo y a\u00f1adiendo nuevas mejoras.<\/strong>.<\/p>\n<p>Cuando el estado de Missouri legaliz\u00f3 el juego de azar en 1994, desarroll\u00e9 un curso que explicaba a la gente c\u00f3mo obtener una ventaja, en el blackjack, en comparaci\u00f3n con la casa de juego. Este curso, que yo impart\u00eda en mi casa, costaba inicialmente $400 e inclu\u00eda el material para los ejercicios, cuatro sesiones en \"clase\" de unas 2 horas cada una, que se distribu\u00edan en un periodo de cuatro semanas, y una sesi\u00f3n de juego en un casino de la ciudad, donde me reun\u00eda con mis alumnos para mejorar sus habilidades durante el ejercicio de la batalla.<\/p>\n<p>En 1995, fui uno de los fundadores del <strong>Rolling Good Times en l\u00ednea<\/strong> (rgtonline.com), la primera \"E-zine\" en internet del juego de azzardo y que fue el inicio para la conversi\u00f3n de mi curso en una serie de lecciones escritas presentadas gratuitamente en internet como si fuera una \"escuela\". En la actualidad, estas lecciones se han convertido en invariables y m\u00e1s de 120 sitios web han solicitado su publicaci\u00f3n en relaci\u00f3n con el juego de azar.<\/p>\n<p><strong>En julio de 1997 inauguramos nuestra p\u00e1gina web principal<\/strong>En GameMaster Online, de un d\u00eda para otro, estamos al servicio de la comunidad del blackjack y del juego de azar con cientos de art\u00edculos sobre la forma de \"ganar dinero\" en el casino. Creemos que esta escuela es el centro de muchos de estos esfuerzos.<\/p>\n<h3 class=\"gbs-heading\">Delle volte si ha solo bisogno di un posto da cui partire.<\/h3>\n<p><strong>El Blackjack es un juego de habilidad y este es el lugar ideal para aprender el arte necesario para dominar la banca.<\/strong><\/p>\n<p><strong>Las 24 lecciones que puedes leer aqu\u00ed te llevar\u00e1n, paso a paso, a trav\u00e9s del proceso de aprendizaje, a la forma correcta de manejar una mano, a c\u00f3mo guardar las cartas, y a c\u00f3mo y cu\u00e1ndo guardarlas correctamente y cientos de otros \"trucos del mago\".<\/strong>. El curso es largo, pero no debes aprenderlo en una sola noche. Estudiar con calma, el destino todo lo que decimos y pronto imparerete a jugar y ganar al Blackjack.<\/p>\n<p>Si inizia dalla <a href=\"https:\/\/www.it.blackjackinfo.com\/it\/scuola-di-blackjack\/blackjack-lezione-01.php\">Posici\u00f3n 1<\/a> y luego podr\u00e1s ir tan r\u00e1pido como quieras. El brivido di vincere al blackjack in un casino risiede proprio nei vostri polpastrelli.<\/p>","protected":false},"excerpt":{"rendered":"<p>Benvenuti alla Scuola di Blackjack di GameMaster di GameMaster, ristampa autorizzata. Una breve introduzione. Sono molto fiero e soddisfatto di annunciare la revisione completa della scuola di blackjack di GameMaster. Per coloro che non hanno familiarit\u00e0 con la mia &#8220;scuola&#8221;, si tratta di una serie di 24 lezioni scritte che vi insegneranno a giocare e [&hellip;]<\/p>\n","protected":false},"author":4,"featured_media":0,"parent":0,"menu_order":0,"comment_status":"open","ping_status":"open","template":"page-blacjack-school-it.php","meta":{"_acf_changed":false,"footnotes":""},"tags":[],"class_list":["post-2715","page","type-page","status-publish","hentry"],"acf":[],"yoast_head":"<!-- This site is optimized with the Yoast SEO plugin v26.6 - https:\/\/yoast.com\/wordpress\/plugins\/seo\/ -->\n<title>La Scuola di Blackjack di GameMaster<\/title>\n<meta name=\"description\" content=\"Benvenuti alla Scuola di Blackjack di GameMaster di GameMaster, ristampa autorizzata. Una breve introduzione. Sono molto fiero e soddisfatto di annunciare\" \/>\n<meta name=\"robots\" content=\"index, follow, max-snippet:-1, max-image-preview:large, max-video-preview:-1\" \/>\n<link rel=\"canonical\" href=\"https:\/\/www.it.blackjackinfo.com\/scuola-di-blackjack\/\" \/>\n<meta property=\"og:locale\" content=\"es_ES\" \/>\n<meta property=\"og:type\" content=\"article\" \/>\n<meta property=\"og:title\" content=\"La Scuola di Blackjack di GameMaster\" \/>\n<meta property=\"og:description\" content=\"Benvenuti alla Scuola di Blackjack di GameMaster di GameMaster, ristampa autorizzata. Una breve introduzione. Sono molto fiero e soddisfatto di annunciare\" \/>\n<meta property=\"og:url\" content=\"https:\/\/www.it.blackjackinfo.com\/scuola-di-blackjack\/\" \/>\n<meta property=\"og:site_name\" content=\"BlackjackInfo.com\" \/>\n<meta property=\"article:modified_time\" content=\"2018-04-18T06:59:16+00:00\" \/>\n<meta name=\"twitter:label1\" content=\"Tiempo de lectura\" \/>\n\t<meta name=\"twitter:data1\" content=\"2 minutos\" \/>\n<script type=\"application\/ld+json\" class=\"yoast-schema-graph\">{\"@context\":\"https:\/\/schema.org\",\"@graph\":[{\"@type\":\"WebPage\",\"@id\":\"https:\/\/www.it.blackjackinfo.com\/scuola-di-blackjack\/\",\"url\":\"https:\/\/www.it.blackjackinfo.com\/scuola-di-blackjack\/\",\"name\":\"La Scuola di Blackjack di GameMaster\",\"isPartOf\":{\"@id\":\"https:\/\/www.blackjackinfo.com\/#website\"},\"datePublished\":\"2017-03-10T04:35:52+00:00\",\"dateModified\":\"2018-04-18T06:59:16+00:00\",\"description\":\"Benvenuti alla Scuola di Blackjack di GameMaster di GameMaster, ristampa autorizzata. Una breve introduzione. Sono molto fiero e soddisfatto di annunciare\",\"breadcrumb\":{\"@id\":\"https:\/\/www.it.blackjackinfo.com\/scuola-di-blackjack\/#breadcrumb\"},\"inLanguage\":\"es\",\"potentialAction\":[{\"@type\":\"ReadAction\",\"target\":[\"https:\/\/www.it.blackjackinfo.com\/scuola-di-blackjack\/\"]}]},{\"@type\":\"BreadcrumbList\",\"@id\":\"https:\/\/www.it.blackjackinfo.com\/scuola-di-blackjack\/#breadcrumb\",\"itemListElement\":[{\"@type\":\"ListItem\",\"position\":1,\"name\":\"Home\",\"item\":\"https:\/\/www.blackjackinfo.com\/\"},{\"@type\":\"ListItem\",\"position\":2,\"name\":\"La Scuola di Blackjack di GameMaster\"}]},{\"@type\":\"WebSite\",\"@id\":\"https:\/\/www.blackjackinfo.com\/#website\",\"url\":\"https:\/\/www.blackjackinfo.com\/\",\"name\":\"BlackjackInfo.com\",\"description\":\"Because Winning is More Fun!\",\"potentialAction\":[{\"@type\":\"SearchAction\",\"target\":{\"@type\":\"EntryPoint\",\"urlTemplate\":\"https:\/\/www.blackjackinfo.com\/?s={search_term_string}\"},\"query-input\":{\"@type\":\"PropertyValueSpecification\",\"valueRequired\":true,\"valueName\":\"search_term_string\"}}],\"inLanguage\":\"es\"}]}<\/script>\n<!-- \/ Yoast SEO plugin. -->","yoast_head_json":{"title":"La Escuela de Blackjack de GameMaster","description":"Bienvenido a la Escuela de Blackjack de GameMaster de GameMaster, traducci\u00f3n autorizada. Una breve introducci\u00f3n. Me siento muy orgulloso y orgulloso de anunciar que","robots":{"index":"index","follow":"follow","max-snippet":"max-snippet:-1","max-image-preview":"max-image-preview:large","max-video-preview":"max-video-preview:-1"},"canonical":"https:\/\/www.it.blackjackinfo.com\/scuola-di-blackjack\/","og_locale":"es_ES","og_type":"article","og_title":"La Scuola di Blackjack di GameMaster","og_description":"Benvenuti alla Scuola di Blackjack di GameMaster di GameMaster, ristampa autorizzata. Una breve introduzione. Sono molto fiero e soddisfatto di annunciare","og_url":"https:\/\/www.it.blackjackinfo.com\/scuola-di-blackjack\/","og_site_name":"BlackjackInfo.com","article_modified_time":"2018-04-18T06:59:16+00:00","twitter_misc":{"Tiempo de lectura":"2 minutos"},"schema":{"@context":"https:\/\/schema.org","@graph":[{"@type":"WebPage","@id":"https:\/\/www.it.blackjackinfo.com\/scuola-di-blackjack\/","url":"https:\/\/www.it.blackjackinfo.com\/scuola-di-blackjack\/","name":"La Escuela de Blackjack de GameMaster","isPartOf":{"@id":"https:\/\/www.blackjackinfo.com\/#website"},"datePublished":"2017-03-10T04:35:52+00:00","dateModified":"2018-04-18T06:59:16+00:00","description":"Bienvenido a la Escuela de Blackjack de GameMaster de GameMaster, traducci\u00f3n autorizada. Una breve introducci\u00f3n. Me siento muy orgulloso y orgulloso de anunciar que","breadcrumb":{"@id":"https:\/\/www.it.blackjackinfo.com\/scuola-di-blackjack\/#breadcrumb"},"inLanguage":"es","potentialAction":[{"@type":"ReadAction","target":["https:\/\/www.it.blackjackinfo.com\/scuola-di-blackjack\/"]}]},{"@type":"BreadcrumbList","@id":"https:\/\/www.it.blackjackinfo.com\/scuola-di-blackjack\/#breadcrumb","itemListElement":[{"@type":"ListItem","position":1,"name":"Home","item":"https:\/\/www.blackjackinfo.com\/"},{"@type":"ListItem","position":2,"name":"La Scuola di Blackjack di GameMaster"}]},{"@type":"WebSite","@id":"https:\/\/www.blackjackinfo.com\/#website","url":"https:\/\/www.blackjackinfo.com\/","name":"BlackjackInfo.com","description":"\u00a1Porque ganar es m\u00e1s divertido!","potentialAction":[{"@type":"SearchAction","target":{"@type":"EntryPoint","urlTemplate":"https:\/\/www.blackjackinfo.com\/?s={search_term_string}"},"query-input":{"@type":"PropertyValueSpecification","valueRequired":true,"valueName":"search_term_string"}}],"inLanguage":"es"}]}},"_links":{"self":[{"href":"https:\/\/www.blackjackinfo.com\/es\/wp-json\/wp\/v2\/pages\/2715","targetHints":{"allow":["GET"]}}],"collection":[{"href":"https:\/\/www.blackjackinfo.com\/es\/wp-json\/wp\/v2\/pages"}],"about":[{"href":"https:\/\/www.blackjackinfo.com\/es\/wp-json\/wp\/v2\/types\/page"}],"author":[{"embeddable":true,"href":"https:\/\/www.blackjackinfo.com\/es\/wp-json\/wp\/v2\/users\/4"}],"replies":[{"embeddable":true,"href":"https:\/\/www.blackjackinfo.com\/es\/wp-json\/wp\/v2\/comments?post=2715"}],"version-history":[{"count":8,"href":"https:\/\/www.blackjackinfo.com\/es\/wp-json\/wp\/v2\/pages\/2715\/revisions"}],"predecessor-version":[{"id":2723,"href":"https:\/\/www.blackjackinfo.com\/es\/wp-json\/wp\/v2\/pages\/2715\/revisions\/2723"}],"wp:attachment":[{"href":"https:\/\/www.blackjackinfo.com\/es\/wp-json\/wp\/v2\/media?parent=2715"}],"wp:term":[{"taxonomy":"post_tag","embeddable":true,"href":"https:\/\/www.blackjackinfo.com\/es\/wp-json\/wp\/v2\/tags?post=2715"}],"curies":[{"name":"wp","href":"https:\/\/api.w.org\/{rel}","templated":true}]}}