{"id":2736,"date":"2017-03-10T00:13:16","date_gmt":"2017-03-10T06:13:16","guid":{"rendered":"https:\/\/www.blackjackinfo.com\/?page_id=2736\/"},"modified":"2018-04-18T02:07:13","modified_gmt":"2018-04-18T07:07:13","slug":"leccion-2-aplicar-la-estrategia-base","status":"publish","type":"page","link":"https:\/\/www.blackjackinfo.com\/es\/scuola-di-blackjack\/lezione-2-imparare-la-strategia-base\/","title":{"rendered":"Nivel 2 - Implantar la estrategia base"},"content":{"rendered":"<p class=\"gbs-intro\"><b>Se trata de una lecci\u00f3n realmente sencilla - Vi mostrar\u00e1 c\u00f3mo memorizar perfectamente la estrategia base que has elegido de una manera tan perfecta que no tendr\u00e1s que pensar cu\u00e1l es la mejor manera de hacerlo porque la memorizar\u00e1s autom\u00e1ticamente.<\/b> Esta habilidad se desarrolla a trav\u00e9s de mucha pr\u00e1ctica y muchas horas de ejercicios repetitivos que te har\u00e1n entender la estrategia base, de la misma manera en que elegiste tu nombre. (No hab\u00eda dicho que fuera algo f\u00e1cil, sino sencillo).<\/p>\n<p>En realidad, podemos hacer que estas horas de pr\u00e1ctica sean divertidas e interesantes, incluso estimulantes, utilizando distintos m\u00e9todos de entrenamiento. Si eres una persona competitiva, los ejercicios a tiempo te vendr\u00e1n como anillo al dedo; ser\u00e1 muy divertido ver si puedes conseguir un nuevo \"r\u00e9cord personal\" en alguno de ellos. Pero no te preocupes, no tienes que ser una persona muy inteligente para aprender la estrategia de base perfecta. Deber\u00e1s enfrentarte a los ejercicios con calma y hacer todo lo que puedas durante la jornada y, si todo va bien, habr\u00e1s asimilado la estrategia de base. Recuerda que est\u00e1s aprendiendo una t\u00e9cnica que podr\u00e1s utilizar el resto de tu vida. Trascorrere, ora, una dozzina di ore si tramuter\u00e0 in futuro in centinaia di ore di gioco remunerative; mi sembra quindi un buon affare.<\/p>\n<p>Iniziamo subito.<\/p>\n<p><b>Fichas<\/b> - Debes tener un conjunto de estos cartones y usarlos con regularidad. Empieza a contar el tiempo cuando hagas ejercicio con estos cartones; un buen objetivo consiste en completar a voz alta todos los ejercicios sin perder tiempo y terminar todas las tarjetas en menos de dos minutos. La tensi\u00f3n introducida con el tiempo te \"forzar\u00e1\" a aprender bien las flashcards, por lo que podr\u00e1s memorizar tus resultados para comprobar a continuaci\u00f3n tus progresos. Si tienes un cron\u00f3metro, a\u00fan mejor, porque puedes usarlo no s\u00f3lo con las tarjetas, sino tambi\u00e9n con muchos otros ejercicios. Si no lo tienes, no te molestes en comprarlo; el tiempo de aprendizaje es todo lo que te interesa en esta secci\u00f3n, as\u00ed que un or\u00f3logo de polo te vendr\u00e1 muy bien.<br \/>\n<b>Ejercicio de an\u00e1lisis de la estrategia de base<\/b> - Sella el m\u00f3dulo de abajo y haz varias copias. <a href=\"https:\/\/www.blackjackinfo.com\/blackjack-school\/blackjack-school-downloads\/\">Esta contrase\u00f1a puede solicitarse (por motivos de imprenta).<\/a> Tenga en cuenta que se trata, con un \"espacio\", del m\u00f3dulo que hemos utilizado en la Secci\u00f3n 1 para crear las reglas para cada mano inicial del jugador. Ora lo scopo diventa scrivere la regola per ogni mano e verificare l'esattezza. Ricordate il vecchio adagio; \"Se leggo dimentico; se faccio ricordo\". Este ejercicio servir\u00e1 s\u00f3lo para este prop\u00f3sito. Cronometratevi mentre riempite il modulo e verificate se terminate entro 60 secondi con una precisione del 100%.<\/p>\n<table class=\"bs-rule-table\">\n<tbody>\n<tr>\n<th>Vostra Mano<\/th>\n<th>Decisi\u00f3ne<\/th>\n<\/tr>\n<tr>\n<td>5-8<\/td>\n<td>_______________________________<\/td>\n<\/tr>\n<tr>\n<td>9<\/td>\n<td>_______________________________<\/td>\n<\/tr>\n<tr>\n<td>10<\/td>\n<td>_______________________________<\/td>\n<\/tr>\n<tr>\n<td>11<\/td>\n<td>_______________________________<\/td>\n<\/tr>\n<tr>\n<td>12<\/td>\n<td>_______________________________<\/td>\n<\/tr>\n<tr>\n<td>13-16<\/td>\n<td>_______________________________<\/td>\n<\/tr>\n<tr>\n<td>17+<\/td>\n<td>_______________________________<\/td>\n<\/tr>\n<tr>\n<td>A,2<\/td>\n<td>_______________________________<\/td>\n<\/tr>\n<tr>\n<td>A,3<\/td>\n<td>_______________________________<\/td>\n<\/tr>\n<tr>\n<td>A,4<\/td>\n<td>_______________________________<\/td>\n<\/tr>\n<tr>\n<td>A,5<\/td>\n<td>_______________________________<\/td>\n<\/tr>\n<tr>\n<td>A,6<\/td>\n<td>_______________________________<\/td>\n<\/tr>\n<tr>\n<td>A,7<\/td>\n<td>_______________________________<\/td>\n<\/tr>\n<tr>\n<td>A,8-A,9<\/td>\n<td>_______________________________<\/td>\n<\/tr>\n<tr>\n<td>2,2<\/td>\n<td>_______________________________<\/td>\n<\/tr>\n<tr>\n<td>3,3<\/td>\n<td>_______________________________<\/td>\n<\/tr>\n<tr>\n<td>4,4<\/td>\n<td>_______________________________<\/td>\n<\/tr>\n<tr>\n<td>5,5<\/td>\n<td>_______________________________<\/td>\n<\/tr>\n<tr>\n<td>6,6<\/td>\n<td>_______________________________<\/td>\n<\/tr>\n<tr>\n<td>7,7<\/td>\n<td>_______________________________<\/td>\n<\/tr>\n<tr>\n<td>8,8<\/td>\n<td>_______________________________<\/td>\n<\/tr>\n<tr>\n<td>9,9<\/td>\n<td>_______________________________<\/td>\n<\/tr>\n<tr>\n<td>10,10<\/td>\n<td>_______________________________<\/td>\n<\/tr>\n<tr>\n<td>A,A<\/td>\n<td>_______________________________<\/td>\n<\/tr>\n<tr>\n<td><\/td>\n<td><\/td>\n<\/tr>\n<\/tbody>\n<\/table>\n<p>&nbsp;<br \/>\n<b>Ejercicio Decisi\u00f3n Estrategia Base<\/b> - He creado muchas maneras de empezar para el jugador con la correspondiente carta de descubrimiento del banco. Utiliza tu \"Matriz de Estrategias Base\" de la Secci\u00f3n 1 para hacer una \"copia para la correcci\u00f3n\" y distinguirla como tal. A continuaci\u00f3n, col\u00f3quese en la otra copia y rellene las columnas con la marca correcta. Utilice su copia para corregir errores. La velocidad en este caso es total, por lo que deber\u00e1 trabajar con el fin de completarlo en menos de dos minutos sin cometer ning\u00fan error, es decir, con la precisi\u00f3n del 100%.<\/p>\n<hr \/>\n<p><em>(Indique la mossa corretta sotto \"Decisione\")<\/em><br \/>\n<b>F=Fermarsi T=Tirare D=Dividere R=Raddoppiare<\/b><\/p>\n<hr \/>\n<table class=\"bs-rule-table\">\n<tbody>\n<tr>\n<th><em>Giocatore<\/em><\/th>\n<th><em>Banco<\/em><\/th>\n<th><em>Decisi\u00f3ne<\/em><\/th>\n<th><em>Giocatore<\/em><\/th>\n<th><em>Banco<\/em><\/th>\n<th><em>Decisi\u00f3ne<\/em><\/th>\n<th><em>Giocatore<\/em><\/th>\n<th><em>Banco<\/em><\/th>\n<th><em>Decisi\u00f3ne<\/em><\/th>\n<\/tr>\n<tr>\n<td>8,3<\/td>\n<td>A<\/td>\n<td>____<\/td>\n<td>2,3,6<\/td>\n<td>4<\/td>\n<td>____<\/td>\n<td>A,4,2<\/td>\n<td>3<\/td>\n<td>____<\/td>\n<\/tr>\n<tr>\n<td>6,6<\/td>\n<td>4<\/td>\n<td>____<\/td>\n<td>9,9<\/td>\n<td>7<\/td>\n<td>____<\/td>\n<td>7,6<\/td>\n<td>3<\/td>\n<td>____<\/td>\n<\/tr>\n<tr>\n<td>5,4<\/td>\n<td>6<\/td>\n<td>____<\/td>\n<td>10,3<\/td>\n<td>3<\/td>\n<td>____<\/td>\n<td>8,2<\/td>\n<td>A<\/td>\n<td>____<\/td>\n<\/tr>\n<tr>\n<td>7,7<\/td>\n<td>7<\/td>\n<td>____<\/td>\n<td>9,8<\/td>\n<td>7<\/td>\n<td>____<\/td>\n<td>8,8<\/td>\n<td>10<\/td>\n<td>____<\/td>\n<\/tr>\n<tr>\n<td>9,6<\/td>\n<td>8<\/td>\n<td>____<\/td>\n<td>A,7<\/td>\n<td>2<\/td>\n<td>____<\/td>\n<td>10,7<\/td>\n<td>2<\/td>\n<td>____<\/td>\n<\/tr>\n<tr>\n<td>7,5<\/td>\n<td>3<\/td>\n<td>____<\/td>\n<td>A,4<\/td>\n<td>5<\/td>\n<td>____<\/td>\n<td>9,3<\/td>\n<td>3<\/td>\n<td>____<\/td>\n<\/tr>\n<tr>\n<td>A,2<\/td>\n<td>5<\/td>\n<td>____<\/td>\n<td>6,4<\/td>\n<td>10<\/td>\n<td>____<\/td>\n<td>7,4<\/td>\n<td>A<\/td>\n<td>____<\/td>\n<\/tr>\n<tr>\n<td>3,3<\/td>\n<td>4<\/td>\n<td>____<\/td>\n<td>A,4<\/td>\n<td>5<\/td>\n<td>____<\/td>\n<td>6,3<\/td>\n<td>7<\/td>\n<td>____<\/td>\n<\/tr>\n<tr>\n<td>9,2<\/td>\n<td>10<\/td>\n<td>____<\/td>\n<td>10,8<\/td>\n<td>6<\/td>\n<td>____<\/td>\n<td>A,6<\/td>\n<td>5<\/td>\n<td>____<\/td>\n<\/tr>\n<tr>\n<td>5,5<\/td>\n<td>9<\/td>\n<td>____<\/td>\n<td>6,8<\/td>\n<td>7<\/td>\n<td>____<\/td>\n<td>A,9<\/td>\n<td>6<\/td>\n<td>____<\/td>\n<\/tr>\n<tr>\n<td>A,7<\/td>\n<td>6<\/td>\n<td>____<\/td>\n<td>9,7<\/td>\n<td>8<\/td>\n<td>____<\/td>\n<td>10,4<\/td>\n<td>5<\/td>\n<td>____<\/td>\n<\/tr>\n<tr>\n<td>6,3<\/td>\n<td>4<\/td>\n<td>____<\/td>\n<td>A,2,5<\/td>\n<td>6<\/td>\n<td>____<\/td>\n<td>9,9<\/td>\n<td>9<\/td>\n<td>____<\/td>\n<\/tr>\n<tr>\n<td>5,2<\/td>\n<td>2<\/td>\n<td>____<\/td>\n<td>3,6<\/td>\n<td>4<\/td>\n<td>____<\/td>\n<td>2,4<\/td>\n<td>2<\/td>\n<td>____<\/td>\n<\/tr>\n<tr>\n<td>10,2<\/td>\n<td>3<\/td>\n<td>____<\/td>\n<td>7,8<\/td>\n<td>9<\/td>\n<td>____<\/td>\n<td>6,5<\/td>\n<td>2<\/td>\n<td>____<\/td>\n<\/tr>\n<tr>\n<td>9,9<\/td>\n<td>7<\/td>\n<td>____<\/td>\n<td>10,3<\/td>\n<td>3<\/td>\n<td>____<\/td>\n<td>7,7<\/td>\n<td>2<\/td>\n<td>____<\/td>\n<\/tr>\n<tr>\n<td>10,4<\/td>\n<td>9<\/td>\n<td>____<\/td>\n<td>A,4<\/td>\n<td>4<\/td>\n<td>____<\/td>\n<td>3,4<\/td>\n<td>5<\/td>\n<td>____<\/td>\n<\/tr>\n<tr>\n<td>6,5<\/td>\n<td>9<\/td>\n<td>____<\/td>\n<td>10,5<\/td>\n<td>7<\/td>\n<td>____<\/td>\n<td>4,4<\/td>\n<td>6<\/td>\n<td>____<\/td>\n<\/tr>\n<tr>\n<td>A,6<\/td>\n<td>2<\/td>\n<td>____<\/td>\n<td>5,2<\/td>\n<td>10<\/td>\n<td>____<\/td>\n<td>A,2,4<\/td>\n<td>6<\/td>\n<td>____<\/td>\n<\/tr>\n<tr>\n<td>4,4<\/td>\n<td>6<\/td>\n<td>____<\/td>\n<td>8,8<\/td>\n<td>8<\/td>\n<td>____<\/td>\n<td>10,2,A<\/td>\n<td>3<\/td>\n<td>____<\/td>\n<\/tr>\n<tr>\n<td>10,10<\/td>\n<td>5<\/td>\n<td>____<\/td>\n<td>A,A<\/td>\n<td>7<\/td>\n<td>____<\/td>\n<td>8,2<\/td>\n<td>10<\/td>\n<td>____<\/td>\n<\/tr>\n<tr>\n<td>8,6<\/td>\n<td>7<\/td>\n<td>____<\/td>\n<td>8,3<\/td>\n<td>10<\/td>\n<td>____<\/td>\n<td>6,6<\/td>\n<td>6<\/td>\n<td>____<\/td>\n<\/tr>\n<tr>\n<td>7,9<\/td>\n<td>10<\/td>\n<td>____<\/td>\n<td>5,5<\/td>\n<td>10<\/td>\n<td>____<\/td>\n<td>5,4<\/td>\n<td>2<\/td>\n<td>____<\/td>\n<\/tr>\n<tr>\n<td>10,2,A<\/td>\n<td>3<\/td>\n<td>____<\/td>\n<td>A,5,A<\/td>\n<td>3<\/td>\n<td>____<\/td>\n<td>A,7<\/td>\n<td>3<\/td>\n<td>____<\/td>\n<\/tr>\n<tr>\n<td>A,2,2<\/td>\n<td>6<\/td>\n<td>____<\/td>\n<td>2,2<\/td>\n<td>7<\/td>\n<td>____<\/td>\n<td>3,3<\/td>\n<td>2<\/td>\n<td>____<\/td>\n<\/tr>\n<tr>\n<td>2,6<\/td>\n<td>4<\/td>\n<td>____<\/td>\n<td>A,5<\/td>\n<td>4<\/td>\n<td>____<\/td>\n<td>7,8<\/td>\n<td>7<\/td>\n<td>____<\/td>\n<\/tr>\n<tr>\n<td>9,A<\/td>\n<td>6<\/td>\n<td>____<\/td>\n<td>6,6<\/td>\n<td>2<\/td>\n<td>____<\/td>\n<td>9,9<\/td>\n<td>7<\/td>\n<td>____<\/td>\n<\/tr>\n<tr>\n<td>10,6<\/td>\n<td>3<\/td>\n<td>____<\/td>\n<td>3,7<\/td>\n<td>9<\/td>\n<td>____<\/td>\n<td>2,5,4<\/td>\n<td>2<\/td>\n<td>____<\/td>\n<\/tr>\n<tr>\n<td>7,7<\/td>\n<td>6<\/td>\n<td>____<\/td>\n<td>3,3<\/td>\n<td>2<\/td>\n<td>____<\/td>\n<td>10,4<\/td>\n<td>6<\/td>\n<td>____<\/td>\n<\/tr>\n<tr>\n<td>A,A<\/td>\n<td>9<\/td>\n<td>____<\/td>\n<td>5,5<\/td>\n<td>9<\/td>\n<td>____<\/td>\n<td>9,3<\/td>\n<td>5<\/td>\n<td>____<\/td>\n<\/tr>\n<tr>\n<td>2,2<\/td>\n<td>2<\/td>\n<td>____<\/td>\n<td>A,6<\/td>\n<td>3<\/td>\n<td>____<\/td>\n<td>A,2<\/td>\n<td>6<\/td>\n<td>____<\/td>\n<\/tr>\n<tr>\n<td>9,4<\/td>\n<td>4<\/td>\n<td>____<\/td>\n<td>10,6<\/td>\n<td>7<\/td>\n<td>____<\/td>\n<td>9,8<\/td>\n<td>7<\/td>\n<td>____<\/td>\n<\/tr>\n<tr>\n<td>A,3,4<\/td>\n<td>9<\/td>\n<td>____<\/td>\n<td>6,6<\/td>\n<td>3<\/td>\n<td>____<\/td>\n<td>A,4,A<\/td>\n<td>2<\/td>\n<td>____<\/td>\n<\/tr>\n<tr>\n<td>A,4,2<\/td>\n<td>6<\/td>\n<td>____<\/td>\n<td>9,4<\/td>\n<td>2<\/td>\n<td>____<\/td>\n<td>7,5<\/td>\n<td>3<\/td>\n<td>____<\/td>\n<\/tr>\n<tr>\n<td>8,8<\/td>\n<td>10<\/td>\n<td>____<\/td>\n<td>A,4<\/td>\n<td>10<\/td>\n<td>____<\/td>\n<td>2,2<\/td>\n<td>6<\/td>\n<td>____<\/td>\n<\/tr>\n<tr>\n<td>5,5<\/td>\n<td>8<\/td>\n<td>____<\/td>\n<td>6,4<\/td>\n<td>9<\/td>\n<td>____<\/td>\n<td>3,3<\/td>\n<td>7<\/td>\n<td>____<\/td>\n<\/tr>\n<tr>\n<td>A,8<\/td>\n<td>6<\/td>\n<td>____<\/td>\n<td>8,3<\/td>\n<td>A<\/td>\n<td>____<\/td>\n<td>6,6<\/td>\n<td>2<\/td>\n<td>____<\/td>\n<\/tr>\n<tr>\n<td>5,2<\/td>\n<td>2<\/td>\n<td>____<\/td>\n<td>9,9<\/td>\n<td>10<\/td>\n<td>____<\/td>\n<td>2,9<\/td>\n<td>10<\/td>\n<td>____<\/td>\n<\/tr>\n<tr>\n<td>A,4<\/td>\n<td>6<\/td>\n<td>____<\/td>\n<td>7,5<\/td>\n<td>4<\/td>\n<td>____<\/td>\n<td>9,7<\/td>\n<td>5<\/td>\n<td>____<\/td>\n<\/tr>\n<tr>\n<td>2,3,4,A<\/td>\n<td>6<\/td>\n<td>____<\/td>\n<td>7,7<\/td>\n<td>9<\/td>\n<td>____<\/td>\n<td>5,4<\/td>\n<td>3<\/td>\n<td>____<\/td>\n<\/tr>\n<tr>\n<td>A,A<\/td>\n<td>A<\/td>\n<td>____<\/td>\n<td>9,3<\/td>\n<td>7<\/td>\n<td>____<\/td>\n<td>7,4<\/td>\n<td>10<\/td>\n<td>____<\/td>\n<\/tr>\n<\/tbody>\n<\/table>\n<hr \/>\n<p><b>La importancia de la velocidad<\/b> - Insisto en la velocidad en mis clases porque la capacidad de hacer cualquier cosa r\u00e1pidamente y de forma precisa equivale a conocer bien la materia en s\u00ed. El juego de tu mano deber\u00eda ser \"autom\u00e1tico\", ya que una vez que has empezado a contar las cartas, est\u00e1s demasiado ocupado en el conteo como para pensar en la mejor manera de hacerlo. \u00bfCaptas el sentido?<br \/>\n<b>Ejercicio con la tarjeta n\u00famero 1<\/b> - Ora, con una copia della vostra Matrice della Strategia Base vicino a voi, tirate fuori un mazzo di carte e provate questo esercizio. Lleva una carta scoperta al banco y despu\u00e9s dos cartas a ti para iniciar tu mano. Gira tu mano siguiendo la Estrategia B\u00e1sica correcta y, sin detener la mano del banco, recoge a continuaci\u00f3n todas las cartas utilizadas y recargadas. Contin\u00faa as\u00ed hasta que no hayas terminado todo el laberinto, mischiate y ripetete. Este ejercicio te ayudar\u00e1 a tomar decisiones como si estuvieras en un casino. Guarda tu Matrice cada vez que tengas una duda, para no cometer errores y jugar correctamente.<br \/>\n<b>Ejercicio con la tarjeta n\u00famero 2<\/b> - Algunas manos del jugador, como la A-7, son dif\u00edciles de dominar. As\u00ed que iniciaremos un ejercicio como el de arriba, pero dejaremos que la mano del jugador sea siempre la misma y s\u00f3lo cambiaremos la carta del crupier al final de cada partida. Continuaremos tirando o rechazando como antes. Este ejercicio est\u00e1 especialmente indicado para las manos \"blandas\" (las que tienen un Asso). En este caso, el tiempo no es importante, pero s\u00ed la precisi\u00f3n.<br \/>\n<b>Ejercicio con la tarjeta n\u00famero 3<\/b> - Es una variante del ejercicio anterior. En este caso, mant\u00e9n la carta del banco de forma que sea siempre la misma -digamos un 6- despu\u00e9s de haber distribuido dos cartas para el jugador. Coge la mano y suelta, al final de la mano, s\u00f3lo las cartas utilizadas por la mano del jugador. \"Ammucchiate\" il tuo mazzo inserendo molte coppie in modo che possiate esercitarvi adeguatamente anche sulla divisione.<\/p>\n<h3>Compiti per casa<\/h3>\n<ul>\n<li>Dedica al menos media hora al d\u00eda a hacer ejercicios con las fichas y cronometrarte.<\/li>\n<li>Fate almeno un <b>\"Esercizio di Ricostruzione della Strategia Base\"<\/b> cada d\u00eda. Cronometratevi e segnatevi i risultati e la data sul foglio.<\/li>\n<li>Fate almeno un <b>\"Ejercicio de decisi\u00f3n sobre la estrategia de base\"<\/b> al giorno e segnatevi, come al solito, date e tempo impiegato sul foglio appena compilato.<\/li>\n<li>Trascorrete almeno mezz'ora al giorno facendo i 3 esercizi con le carte. Trabaja sobre todo con las manos que te resulten m\u00e1s dif\u00edciles de dominar.<\/li>\n<\/ul>","protected":false},"excerpt":{"rendered":"<p>Si tratta di una lezione veramente semplice \u2013 Vi mostrer\u00f2 come memorizzare perfettamente la strategia base che avete scelto in maniera cos\u00ec perfetta che non avrete bisogno di pensare quale \u00e8 la mossa giusta da fare perch\u00e8 la farete automaticamente. Questa abilit\u00e0 si sviluppa attraverso molta pratica e molte ore di esercizi ripetitivi che vi [&hellip;]<\/p>\n","protected":false},"author":4,"featured_media":0,"parent":2715,"menu_order":0,"comment_status":"open","ping_status":"open","template":"page-blacjack-school-it.php","meta":{"_acf_changed":false,"footnotes":""},"tags":[],"class_list":["post-2736","page","type-page","status-publish","hentry"],"acf":[],"yoast_head":"<!-- This site is optimized with the Yoast SEO plugin v26.6 - https:\/\/yoast.com\/wordpress\/plugins\/seo\/ -->\n<title>Lezione 2 - Imparare la Strategia Base<\/title>\n<meta name=\"description\" content=\"Si tratta di una lezione veramente semplice \u2013 Vi mostrer\u00f2 come memorizzare perfettamente la strategia base che avete scelto in maniera cos\u00ec perfetta che\" \/>\n<meta name=\"robots\" content=\"index, follow, max-snippet:-1, max-image-preview:large, max-video-preview:-1\" \/>\n<link rel=\"canonical\" href=\"https:\/\/www.blackjackinfo.com\/es\/escuela-de-blackjack\/leccion-02-aprendizaje-de-la-estrategia-basica\/\" \/>\n<meta property=\"og:locale\" content=\"es_ES\" \/>\n<meta property=\"og:type\" content=\"article\" \/>\n<meta property=\"og:title\" content=\"Lezione 2 - Imparare la Strategia Base\" \/>\n<meta property=\"og:description\" content=\"Si tratta di una lezione veramente semplice \u2013 Vi mostrer\u00f2 come memorizzare perfettamente la strategia base che avete scelto in maniera cos\u00ec perfetta che\" \/>\n<meta property=\"og:url\" content=\"https:\/\/www.blackjackinfo.com\/es\/escuela-de-blackjack\/leccion-02-aprendizaje-de-la-estrategia-basica\/\" \/>\n<meta property=\"og:site_name\" content=\"BlackjackInfo.com\" \/>\n<meta property=\"article:modified_time\" content=\"2018-04-18T07:07:13+00:00\" \/>\n<meta name=\"twitter:label1\" content=\"Tiempo de lectura\" \/>\n\t<meta name=\"twitter:data1\" content=\"5 minutos\" \/>\n<script type=\"application\/ld+json\" class=\"yoast-schema-graph\">{\"@context\":\"https:\/\/schema.org\",\"@graph\":[{\"@type\":\"WebPage\",\"@id\":\"https:\/\/www.blackjackinfo.com\/blackjack-school\/lesson-02-learning-basic-strategy\/\",\"url\":\"https:\/\/www.blackjackinfo.com\/blackjack-school\/lesson-02-learning-basic-strategy\/\",\"name\":\"Lezione 2 - Imparare la Strategia Base\",\"isPartOf\":{\"@id\":\"https:\/\/www.blackjackinfo.com\/#website\"},\"datePublished\":\"2017-03-10T06:13:16+00:00\",\"dateModified\":\"2018-04-18T07:07:13+00:00\",\"description\":\"Si tratta di una lezione veramente semplice \u2013 Vi mostrer\u00f2 come memorizzare perfettamente la strategia base che avete scelto in maniera cos\u00ec perfetta che\",\"breadcrumb\":{\"@id\":\"https:\/\/www.blackjackinfo.com\/blackjack-school\/lesson-02-learning-basic-strategy\/#breadcrumb\"},\"inLanguage\":\"es\",\"potentialAction\":[{\"@type\":\"ReadAction\",\"target\":[\"https:\/\/www.blackjackinfo.com\/blackjack-school\/lesson-02-learning-basic-strategy\/\"]}]},{\"@type\":\"BreadcrumbList\",\"@id\":\"https:\/\/www.blackjackinfo.com\/blackjack-school\/lesson-02-learning-basic-strategy\/#breadcrumb\",\"itemListElement\":[{\"@type\":\"ListItem\",\"position\":1,\"name\":\"Home\",\"item\":\"https:\/\/www.blackjackinfo.com\/\"},{\"@type\":\"ListItem\",\"position\":2,\"name\":\"La Scuola di Blackjack di GameMaster\",\"item\":\"https:\/\/www.it.blackjackinfo.com\/scuola-di-blackjack\/\"},{\"@type\":\"ListItem\",\"position\":3,\"name\":\"Lezione 2 &#8211; Imparare la Strategia Base\"}]},{\"@type\":\"WebSite\",\"@id\":\"https:\/\/www.blackjackinfo.com\/#website\",\"url\":\"https:\/\/www.blackjackinfo.com\/\",\"name\":\"BlackjackInfo.com\",\"description\":\"Because Winning is More Fun!\",\"potentialAction\":[{\"@type\":\"SearchAction\",\"target\":{\"@type\":\"EntryPoint\",\"urlTemplate\":\"https:\/\/www.blackjackinfo.com\/?s={search_term_string}\"},\"query-input\":{\"@type\":\"PropertyValueSpecification\",\"valueRequired\":true,\"valueName\":\"search_term_string\"}}],\"inLanguage\":\"es\"}]}<\/script>\n<!-- \/ Yoast SEO plugin. -->","yoast_head_json":{"title":"Nivel 2 - Implantar la estrategia base","description":"Se trata de un aprendizaje realmente sencillo - Vi mostrar\u00e1 c\u00f3mo memorizar perfectamente la estrategia base que has elegido de manera tan perfecta que","robots":{"index":"index","follow":"follow","max-snippet":"max-snippet:-1","max-image-preview":"max-image-preview:large","max-video-preview":"max-video-preview:-1"},"canonical":"https:\/\/www.blackjackinfo.com\/es\/escuela-de-blackjack\/leccion-02-aprendizaje-de-la-estrategia-basica\/","og_locale":"es_ES","og_type":"article","og_title":"Lezione 2 - Imparare la Strategia Base","og_description":"Si tratta di una lezione veramente semplice \u2013 Vi mostrer\u00f2 come memorizzare perfettamente la strategia base che avete scelto in maniera cos\u00ec perfetta che","og_url":"https:\/\/www.blackjackinfo.com\/es\/escuela-de-blackjack\/leccion-02-aprendizaje-de-la-estrategia-basica\/","og_site_name":"BlackjackInfo.com","article_modified_time":"2018-04-18T07:07:13+00:00","twitter_misc":{"Tiempo de lectura":"5 minutos"},"schema":{"@context":"https:\/\/schema.org","@graph":[{"@type":"WebPage","@id":"https:\/\/www.blackjackinfo.com\/blackjack-school\/lesson-02-learning-basic-strategy\/","url":"https:\/\/www.blackjackinfo.com\/blackjack-school\/lesson-02-learning-basic-strategy\/","name":"Nivel 2 - Implantar la estrategia base","isPartOf":{"@id":"https:\/\/www.blackjackinfo.com\/#website"},"datePublished":"2017-03-10T06:13:16+00:00","dateModified":"2018-04-18T07:07:13+00:00","description":"Se trata de un aprendizaje realmente sencillo - Vi mostrar\u00e1 c\u00f3mo memorizar perfectamente la estrategia base que has elegido de manera tan perfecta que","breadcrumb":{"@id":"https:\/\/www.blackjackinfo.com\/blackjack-school\/lesson-02-learning-basic-strategy\/#breadcrumb"},"inLanguage":"es","potentialAction":[{"@type":"ReadAction","target":["https:\/\/www.blackjackinfo.com\/blackjack-school\/lesson-02-learning-basic-strategy\/"]}]},{"@type":"BreadcrumbList","@id":"https:\/\/www.blackjackinfo.com\/blackjack-school\/lesson-02-learning-basic-strategy\/#breadcrumb","itemListElement":[{"@type":"ListItem","position":1,"name":"Home","item":"https:\/\/www.blackjackinfo.com\/"},{"@type":"ListItem","position":2,"name":"La Scuola di Blackjack di GameMaster","item":"https:\/\/www.it.blackjackinfo.com\/scuola-di-blackjack\/"},{"@type":"ListItem","position":3,"name":"Lezione 2 &#8211; Imparare la Strategia Base"}]},{"@type":"WebSite","@id":"https:\/\/www.blackjackinfo.com\/#website","url":"https:\/\/www.blackjackinfo.com\/","name":"BlackjackInfo.com","description":"\u00a1Porque ganar es m\u00e1s divertido!","potentialAction":[{"@type":"SearchAction","target":{"@type":"EntryPoint","urlTemplate":"https:\/\/www.blackjackinfo.com\/?s={search_term_string}"},"query-input":{"@type":"PropertyValueSpecification","valueRequired":true,"valueName":"search_term_string"}}],"inLanguage":"es"}]}},"_links":{"self":[{"href":"https:\/\/www.blackjackinfo.com\/es\/wp-json\/wp\/v2\/pages\/2736","targetHints":{"allow":["GET"]}}],"collection":[{"href":"https:\/\/www.blackjackinfo.com\/es\/wp-json\/wp\/v2\/pages"}],"about":[{"href":"https:\/\/www.blackjackinfo.com\/es\/wp-json\/wp\/v2\/types\/page"}],"author":[{"embeddable":true,"href":"https:\/\/www.blackjackinfo.com\/es\/wp-json\/wp\/v2\/users\/4"}],"replies":[{"embeddable":true,"href":"https:\/\/www.blackjackinfo.com\/es\/wp-json\/wp\/v2\/comments?post=2736"}],"version-history":[{"count":3,"href":"https:\/\/www.blackjackinfo.com\/es\/wp-json\/wp\/v2\/pages\/2736\/revisions"}],"predecessor-version":[{"id":2739,"href":"https:\/\/www.blackjackinfo.com\/es\/wp-json\/wp\/v2\/pages\/2736\/revisions\/2739"}],"up":[{"embeddable":true,"href":"https:\/\/www.blackjackinfo.com\/es\/wp-json\/wp\/v2\/pages\/2715"}],"wp:attachment":[{"href":"https:\/\/www.blackjackinfo.com\/es\/wp-json\/wp\/v2\/media?parent=2736"}],"wp:term":[{"taxonomy":"post_tag","embeddable":true,"href":"https:\/\/www.blackjackinfo.com\/es\/wp-json\/wp\/v2\/tags?post=2736"}],"curies":[{"name":"wp","href":"https:\/\/api.w.org\/{rel}","templated":true}]}}