{"id":2742,"date":"2017-03-10T00:33:49","date_gmt":"2017-03-10T06:33:49","guid":{"rendered":"https:\/\/www.blackjackinfo.com\/?page_id=2742\/"},"modified":"2018-04-18T02:07:14","modified_gmt":"2018-04-18T07:07:14","slug":"leccion-3-guardar-las-tarjetas-de-base","status":"publish","type":"page","link":"https:\/\/www.blackjackinfo.com\/es\/scuola-di-blackjack\/lezione-3-contare-le-carte-le-basi\/","title":{"rendered":"Secci\u00f3n 3 - Contar las cartas, las bases"},"content":{"rendered":"<p class=\"intro\"><b>Tras esta lectura descubrimos el misterio que parec\u00eda rodear el contenido de las cartas.<\/b> Descubre que no tienes que ser un genio para guardar todas las cartas en un sabot con siete ratones; s\u00f3lo tienes que conocer algunos detalles del contenido de las cartas.<\/p>\n<p><b>El primer \"secreto\" es que no debes memorizar las cartas en el mapa.<\/b> Por el contrario, cada carta tiene asignado un valor y todo lo que hagamos ser\u00e1 sumar esos valores y convertir esa informaci\u00f3n en un dato utilizable. Los valores asignados a las cartas dependen del tipo de sistema de conteo que el jugador decida utilizar. En esta escuela, imparte el sistema \"Alto \/ Bajo\" o \"M\u00e1s \/ Menos\", pero si tienes intenci\u00f3n de impartir otro, todas las cosas que te ense\u00f1aron pueden aplicarse de la misma manera.<\/p>\n<p><b>El otro gran \"secreto\", en lo que respecta al conteo de cartas, es c\u00f3mo proceder en la mesa del Blackjack.<\/b> Penso che molte persone che hanno sposato il sistema di conteggio delle carte hanno ottenuto ottimi risultati da casa, ma una volta trovatisi di fronte a tutte le distrazioni del casino la loro abilit\u00e0 di tenere traccia delle carte, di giocare correttamente la loro mano, di effettuare la puntata in tempo utile, svanisce miseramente. \u00bfTe has dado cuenta de que debes conocer bien la estrategia de base mientras conoces tu nombre? Ora inizierete a capire perch\u00e8 ci\u00f2 \u00e8 necessario; non avete bisogno di altre cose a cui pensare quando siete sul \"panno verde\".<\/p>\n<h3>C\u00f3mo crear un sistema<\/h3>\n<p><b>Hay muchas diferencias entre los distintos sistemas para guardar las tarjetas y, como muchas cosas en la vida, cada uno tiene sus ventajas e inconvenientes.<\/b> Intent\u00e9 clasificar los m\u00e1s conocidos y te ayud\u00e9 a encontrar lo que m\u00e1s se ajusta a tus caracter\u00edsticas. Probablemente, la mayor\u00eda de las veces, el factor m\u00e1s importante en la elecci\u00f3n de un sistema es el tipo de juego que est\u00e1s aprendiendo. Por ejemplo, si juegas a menudo en la zona de Reno\/Tahoe, deber\u00edas elegir un sistema que te ayude a controlar los juegos con un solo juego de cartas. Si juegas en Atlantic City, necesitas un sistema que sea potente con los juegos de m\u00e1s casillas.<\/p>\n<p><b>Otro factor importante en la elecci\u00f3n de un sistema es el tiempo disponible para jugar al Blackjack.<\/b> Probablemente esto te sorprender\u00e1, pero un jugador que quiera pasar mucho tiempo en las mesas deber\u00eda tener un sistema muy sencillo. Lo digo porque, aunque en realidad no sea tan f\u00e1cil, requiere una buena concentraci\u00f3n y cuanto m\u00e1s sencillo sea el sistema, m\u00e1s f\u00e1cil ser\u00e1 concentrarse durante un largo periodo de tiempo. Por otra parte, si tienes intenci\u00f3n de jugar 3 \u00f3 4 horas al d\u00eda, entonces un sistema m\u00e1s dif\u00edcil puede funcionar bien, ya que un sistema complicado en solitario es m\u00e1s potente y optimiza el tiempo que pasas en las mesas. Sin embargo, algunos de vosotros, los \"Tipi A\", empez\u00e1is a pensar que emple\u00e1is mucho tiempo en las mesas y utiliz\u00e1is un sistema muy potente (y complicado) para ganar m\u00e1s dinero posible con vuestro propio juego. El problema en este caso es que bajo estas circunstancias, los errores comienzan a insinuarse y esto podr\u00eda causar una p\u00e9rdida de su ventaja. El principio b\u00e1sico que se aplica es: <\/p>\n<p><b>\"Sceglilo Semplice, Stupido\"<\/b>. Si quieres obtener lo mejor del juego, por lo que te he dicho, utiliza dos sistemas de conteo. Uno para los juegos en los que hay m\u00e1s bloques de cartas y el otro para los juegos con un solo bloque de cartas. No es tan dif\u00edcil aprender a contar las cartas y cuando nos adentramos en los juegos te das cuenta de c\u00f3mo, con los ejercicios que te ense\u00f1amos, puedes seguir esta estrategia vincente.<\/p>\n<p><b>Los sistemas de conteo de las cartas se eval\u00faan a partir de dos factores principales: la eficiencia de las apuestas (Betting Efficiency, BE) y la eficiencia del juego (Playing Efficiency, PE).<\/b> La anomal\u00eda de los sistemas de conteo es que, la mayor\u00eda de las veces, cuando aumenta la BE, disminuye, al mismo tiempo, la PE. Esto se debe al inusual papel que desempe\u00f1a un Asso en la competici\u00f3n. Para las apuestas, el Asso es una carta muy potente; es el componente principal de un \"blackjack\" que se paga 3 a 2. Pero para jugar a una mano, el Asso tiene un valor limitado. \u00bfCu\u00e1ntas veces has sacado un 11 y has conseguido un Asso? O tienes un 12... \u00bfExcitante, verdad? Tirate con un 14, ottenete un Asso e totalizzate 15; nulla per cui arrabbiarsi, no? S\u00ed, est\u00e1 muy bien tirar un 10 y ganar un Asso, pero esta es una de las pocas veces en las que el Asso ayuda en el juego de una mano.<\/p>\n<p><b>La forma en que un sistema de conteo trata el Asso determina en gran medida la BE y PE de dicho sistema.<\/b> Si necesitas una mayor eficiencia en los desplazamientos - como en un juego con m\u00e1s ratones - entonces sigue un sistema que trate al Asso como una carta \"grande\"; si el juego que has elegido es con un solo mazo, entonces sigue un sistema que trate al Asso como una carta \"neutral\" (y toma trazas de los asnos con un \"conteggio laterale\", un truco que te ense\u00f1\u00f3 m\u00e1s adelante.)<\/p>\n<p><b>Los juegos con m\u00e1s ratones se ven afectados principalmente por el uso de puntos grandes.<\/b> En pocas palabras, punt\u00faa poco cuando el banco tiene una desventaja y m\u00e1s cuando la desventaja es tuya. Un sistema de conteo con un factor BE alto nos dice cu\u00e1ndo alzar la apuesta. En un juego con un solo mazo, una PE alta te har\u00e1 ganar menos, pero ganar\u00e1s menos. No te preocupes; los casinos saben que sus juegos son vulnerables y por eso estamos buscando continuamente personas que puedan ganar. Una gran escasez de puntos es una se\u00f1al para identificar a los contadores de cartas y, dependiendo de d\u00f3nde juegues, ser reconocido como un contador puede causar tu expulsi\u00f3n (\"barring\") del casino. Le aseguro que lo que le estoy diciendo es totalmente legal, pero no todos los casinos piensan lo mismo. No existen leyes contra el conteo de cartas y puedes ser el mejor contador de cartas del mundo, pero si el casino no te permite jugar, tu habilidad ser\u00e1 rechazada.<\/p>\n<p><b>Para ayudarle a elegir el conteo que desea utilizar, visite la serie de art\u00edculos titulada \"Sistemas de conteo\" en el men\u00fa Blackjack de la p\u00e1gina de GameMaster OnLine y lea los sistemas que all\u00ed se recomiendan.<\/b> Como se ha indicado anteriormente, usaremos el contador \"Alto \/ Bajo\", pero despu\u00e9s de esto podr\u00e1s usar cualquier otro contador. Si juegas con un solo rat\u00f3n, probablemente el mejor bot\u00f3n para empezar sea el Hi-Opt 1; utiliza tambi\u00e9n el High \/ Low si quieres jugar con m\u00e1s ratones. A pesar de que insinuamos el \"recuento real\", todos estos sistemas son eficaces, independientemente del juego que juegues. Muchos juegos \"no biling\u00fces\" no necesitan el recuento real, pero esto no supone un gran problema, as\u00ed que empezamos con los juegos \"biling\u00fces\". Para aquellos que deseen profundizar en esta cuesti\u00f3n, les recomiendo el contenido del libro \"Zen\" de Arnold Snyder, aunque deber\u00edan adquirir su libro \"Blackbelt in Blackjack\" para comprender todo lo que les ha ense\u00f1ado.<\/p>\n<p><b>En la pr\u00f3xima lectura<\/b> vi mostr\u00f2 come imparare un sistema di conteggio con il seguente \"punto\" di valori:<br \/>\n2, 3, 4, 5, 6 = +1<br \/>\n7, 8, 9 = 0<br \/>\n10, J, Q, K, A = -1<\/p>\n<p><b>El sistema tiene una eficiencia de encendido de 97% y una eficiencia de juego de 51%.<\/b> El mejor sistema del mundo tiene 98% de BE y 70% de PE, y todo lo que necesitas es f\u00e1cil de usar durante un largo periodo de tiempo, es excelente para estimular tus probabilidades cuando juegas y est\u00e1 \"OK\" para jugar correctamente con una mano. (Pero no se preocupe; le har\u00e1 ganar dinero.) A prop\u00f3sito, existe una tercera valoraci\u00f3n para los sistemas de conteo que es la garant\u00eda de eficiencia (Insurance Efficiency). Dado que la estrategia de base consiste en no pedir m\u00e1s seguros, una vez que la cantidad de los diecis\u00e9is, que se encuentran en el mazo(s), alcanza un cierto punto, resulta conveniente asegurarse. El sistema de conteo Alto \/ Bajo tiene una Eficiencia de Seguro de .76, lo que significa que aproximadamente 3\/4 del tiempo te aseguras (de acuerdo con el \"conteo verdadero\"), haciendo la elecci\u00f3n correcta. Pero... estamos demasiado avanzados, as\u00ed que copiad vuestras fichas para casa y terminad la lectura.<\/p>\n<h3>Compiti per casa<\/h3>\n<ul>\n<li>Siga trabajando con nosotros <b>tarjetas<\/b> almeno mezz'ora al giorno.<\/li>\n<li>Fate almeno un <b>\"Esercizio di Ricostruzione della Strategia Base\"<\/b> cada d\u00eda y seguir mejorando la velocidad.<\/li>\n<li>Fate almeno un <b>\"Esercizio Decisionale della Strategia Base\"<\/b> al giorno e concentrate bene per portarlo a termine in meno di 2 minuti.<\/li>\n<li>Allenatevi con i tre <b>\"Esercizi con le Carte\"<\/b> e concentratevi sulla vostra mano quando vi avvalete della strategia di base corretta.<\/li>\n<\/ul>\n<p>La Scuola al momento \u00e8 sospesa. Arrivederci alla prossima.<\/p>","protected":false},"excerpt":{"rendered":"<p>Tramite questa lezione vi sveler\u00f2 il mistero che sembra circondare il concetto del conteggio delle carte. Scoprirete che non dovrete essere un genio per tenere traccia di tutte le carte in un sabot con sei mazzi; avrete bisogno solamente di conoscere pochi segreti del conteggio delle carte. Il primo &#8220;segreto&#8221; \u00e8 che non dovete memorizzare [&hellip;]<\/p>\n","protected":false},"author":4,"featured_media":0,"parent":2715,"menu_order":0,"comment_status":"open","ping_status":"open","template":"page-blacjack-school-it.php","meta":{"_acf_changed":false,"footnotes":""},"tags":[],"class_list":["post-2742","page","type-page","status-publish","hentry"],"acf":[],"yoast_head":"<!-- This site is optimized with the Yoast SEO plugin v26.6 - https:\/\/yoast.com\/wordpress\/plugins\/seo\/ -->\n<title>Lezione 3 - Contare le Carte, Le Basi<\/title>\n<meta name=\"description\" content=\"Tramite questa lezione vi sveler\u00f2 il mistero che sembra circondare il concetto del conteggio delle carte. Scoprirete che non dovrete essere un genio per\" \/>\n<meta name=\"robots\" content=\"index, follow, max-snippet:-1, max-image-preview:large, max-video-preview:-1\" \/>\n<link rel=\"canonical\" href=\"https:\/\/www.blackjackinfo.com\/es\/escuela-de-blackjack\/leccion-03-contar-cartas-lo-basico\/\" \/>\n<meta property=\"og:locale\" content=\"es_ES\" \/>\n<meta property=\"og:type\" content=\"article\" \/>\n<meta property=\"og:title\" content=\"Lezione 3 - Contare le Carte, Le Basi\" \/>\n<meta property=\"og:description\" content=\"Tramite questa lezione vi sveler\u00f2 il mistero che sembra circondare il concetto del conteggio delle carte. Scoprirete che non dovrete essere un genio per\" \/>\n<meta property=\"og:url\" content=\"https:\/\/www.blackjackinfo.com\/es\/escuela-de-blackjack\/leccion-03-contar-cartas-lo-basico\/\" \/>\n<meta property=\"og:site_name\" content=\"BlackjackInfo.com\" \/>\n<meta property=\"article:modified_time\" content=\"2018-04-18T07:07:14+00:00\" \/>\n<meta name=\"twitter:label1\" content=\"Tiempo de lectura\" \/>\n\t<meta name=\"twitter:data1\" content=\"7 minutos\" \/>\n<script type=\"application\/ld+json\" class=\"yoast-schema-graph\">{\"@context\":\"https:\/\/schema.org\",\"@graph\":[{\"@type\":\"WebPage\",\"@id\":\"https:\/\/www.blackjackinfo.com\/blackjack-school\/lesson-03-counting-cards-the-basics\/\",\"url\":\"https:\/\/www.blackjackinfo.com\/blackjack-school\/lesson-03-counting-cards-the-basics\/\",\"name\":\"Lezione 3 - Contare le Carte, Le Basi\",\"isPartOf\":{\"@id\":\"https:\/\/www.blackjackinfo.com\/#website\"},\"datePublished\":\"2017-03-10T06:33:49+00:00\",\"dateModified\":\"2018-04-18T07:07:14+00:00\",\"description\":\"Tramite questa lezione vi sveler\u00f2 il mistero che sembra circondare il concetto del conteggio delle carte. Scoprirete che non dovrete essere un genio per\",\"breadcrumb\":{\"@id\":\"https:\/\/www.blackjackinfo.com\/blackjack-school\/lesson-03-counting-cards-the-basics\/#breadcrumb\"},\"inLanguage\":\"es\",\"potentialAction\":[{\"@type\":\"ReadAction\",\"target\":[\"https:\/\/www.blackjackinfo.com\/blackjack-school\/lesson-03-counting-cards-the-basics\/\"]}]},{\"@type\":\"BreadcrumbList\",\"@id\":\"https:\/\/www.blackjackinfo.com\/blackjack-school\/lesson-03-counting-cards-the-basics\/#breadcrumb\",\"itemListElement\":[{\"@type\":\"ListItem\",\"position\":1,\"name\":\"Home\",\"item\":\"https:\/\/www.blackjackinfo.com\/\"},{\"@type\":\"ListItem\",\"position\":2,\"name\":\"La Scuola di Blackjack di GameMaster\",\"item\":\"https:\/\/www.it.blackjackinfo.com\/scuola-di-blackjack\/\"},{\"@type\":\"ListItem\",\"position\":3,\"name\":\"Lezione 3 &#8211; Contare le Carte, Le Basi\"}]},{\"@type\":\"WebSite\",\"@id\":\"https:\/\/www.blackjackinfo.com\/#website\",\"url\":\"https:\/\/www.blackjackinfo.com\/\",\"name\":\"BlackjackInfo.com\",\"description\":\"Because Winning is More Fun!\",\"potentialAction\":[{\"@type\":\"SearchAction\",\"target\":{\"@type\":\"EntryPoint\",\"urlTemplate\":\"https:\/\/www.blackjackinfo.com\/?s={search_term_string}\"},\"query-input\":{\"@type\":\"PropertyValueSpecification\",\"valueRequired\":true,\"valueName\":\"search_term_string\"}}],\"inLanguage\":\"es\"}]}<\/script>\n<!-- \/ Yoast SEO plugin. -->","yoast_head_json":{"title":"Secci\u00f3n 3 - Contar las cartas, las bases","description":"Tras esta lecci\u00f3n descubrimos el misterio que parece rodear el contenido de las cartas. Descubre que no debes ser un genio para","robots":{"index":"index","follow":"follow","max-snippet":"max-snippet:-1","max-image-preview":"max-image-preview:large","max-video-preview":"max-video-preview:-1"},"canonical":"https:\/\/www.blackjackinfo.com\/es\/escuela-de-blackjack\/leccion-03-contar-cartas-lo-basico\/","og_locale":"es_ES","og_type":"article","og_title":"Lezione 3 - Contare le Carte, Le Basi","og_description":"Tramite questa lezione vi sveler\u00f2 il mistero che sembra circondare il concetto del conteggio delle carte. Scoprirete che non dovrete essere un genio per","og_url":"https:\/\/www.blackjackinfo.com\/es\/escuela-de-blackjack\/leccion-03-contar-cartas-lo-basico\/","og_site_name":"BlackjackInfo.com","article_modified_time":"2018-04-18T07:07:14+00:00","twitter_misc":{"Tiempo de lectura":"7 minutos"},"schema":{"@context":"https:\/\/schema.org","@graph":[{"@type":"WebPage","@id":"https:\/\/www.blackjackinfo.com\/blackjack-school\/lesson-03-counting-cards-the-basics\/","url":"https:\/\/www.blackjackinfo.com\/blackjack-school\/lesson-03-counting-cards-the-basics\/","name":"Secci\u00f3n 3 - Contar las cartas, las bases","isPartOf":{"@id":"https:\/\/www.blackjackinfo.com\/#website"},"datePublished":"2017-03-10T06:33:49+00:00","dateModified":"2018-04-18T07:07:14+00:00","description":"Tras esta lecci\u00f3n descubrimos el misterio que parece rodear el contenido de las cartas. Descubre que no debes ser un genio para","breadcrumb":{"@id":"https:\/\/www.blackjackinfo.com\/blackjack-school\/lesson-03-counting-cards-the-basics\/#breadcrumb"},"inLanguage":"es","potentialAction":[{"@type":"ReadAction","target":["https:\/\/www.blackjackinfo.com\/blackjack-school\/lesson-03-counting-cards-the-basics\/"]}]},{"@type":"BreadcrumbList","@id":"https:\/\/www.blackjackinfo.com\/blackjack-school\/lesson-03-counting-cards-the-basics\/#breadcrumb","itemListElement":[{"@type":"ListItem","position":1,"name":"Home","item":"https:\/\/www.blackjackinfo.com\/"},{"@type":"ListItem","position":2,"name":"La Scuola di Blackjack di GameMaster","item":"https:\/\/www.it.blackjackinfo.com\/scuola-di-blackjack\/"},{"@type":"ListItem","position":3,"name":"Lezione 3 &#8211; Contare le Carte, Le Basi"}]},{"@type":"WebSite","@id":"https:\/\/www.blackjackinfo.com\/#website","url":"https:\/\/www.blackjackinfo.com\/","name":"BlackjackInfo.com","description":"\u00a1Porque ganar es m\u00e1s divertido!","potentialAction":[{"@type":"SearchAction","target":{"@type":"EntryPoint","urlTemplate":"https:\/\/www.blackjackinfo.com\/?s={search_term_string}"},"query-input":{"@type":"PropertyValueSpecification","valueRequired":true,"valueName":"search_term_string"}}],"inLanguage":"es"}]}},"_links":{"self":[{"href":"https:\/\/www.blackjackinfo.com\/es\/wp-json\/wp\/v2\/pages\/2742","targetHints":{"allow":["GET"]}}],"collection":[{"href":"https:\/\/www.blackjackinfo.com\/es\/wp-json\/wp\/v2\/pages"}],"about":[{"href":"https:\/\/www.blackjackinfo.com\/es\/wp-json\/wp\/v2\/types\/page"}],"author":[{"embeddable":true,"href":"https:\/\/www.blackjackinfo.com\/es\/wp-json\/wp\/v2\/users\/4"}],"replies":[{"embeddable":true,"href":"https:\/\/www.blackjackinfo.com\/es\/wp-json\/wp\/v2\/comments?post=2742"}],"version-history":[{"count":3,"href":"https:\/\/www.blackjackinfo.com\/es\/wp-json\/wp\/v2\/pages\/2742\/revisions"}],"predecessor-version":[{"id":2745,"href":"https:\/\/www.blackjackinfo.com\/es\/wp-json\/wp\/v2\/pages\/2742\/revisions\/2745"}],"up":[{"embeddable":true,"href":"https:\/\/www.blackjackinfo.com\/es\/wp-json\/wp\/v2\/pages\/2715"}],"wp:attachment":[{"href":"https:\/\/www.blackjackinfo.com\/es\/wp-json\/wp\/v2\/media?parent=2742"}],"wp:term":[{"taxonomy":"post_tag","embeddable":true,"href":"https:\/\/www.blackjackinfo.com\/es\/wp-json\/wp\/v2\/tags?post=2742"}],"curies":[{"name":"wp","href":"https:\/\/api.w.org\/{rel}","templated":true}]}}