{"id":2754,"date":"2017-03-12T20:13:22","date_gmt":"2017-03-13T01:13:22","guid":{"rendered":"https:\/\/www.blackjackinfo.com\/?page_id=2754\/"},"modified":"2018-04-18T02:07:14","modified_gmt":"2018-04-18T07:07:14","slug":"lezione-5-conteggio-carte-trucchi","status":"publish","type":"page","link":"https:\/\/www.blackjackinfo.com\/es\/scuola-di-blackjack\/lezione-5-conteggio-carte-trucchi\/","title":{"rendered":"Lezione 5 - Conteggio Carte - I Trucchi"},"content":{"rendered":"<p class=\"intro\">No, no le ense\u00f1\u00e9 los trucos en esta lecci\u00f3n, pero... <b>vi mostr\u00f2 alcuni modi interessanti per allenarvi con il conteggio e poi vi insegner\u00f2 i metodi che si usano per tenere traccia delle carte quando vengono distribuite dal croupier<\/b>. Desarrollar la velocidad en el juego es un componente importante de su ejercicio, ya que si no es capaz de jugar c\u00f3modamente desde casa, seguramente no podr\u00e1 seguir el paso del crupier en un casino. Un conteo inestable puede causar la p\u00e9rdida de su ventaja frente a la banca y es bastante frustrante \"perder la cuenta\" cuando tiene que hacerlo con un crupier r\u00e1pido.<\/p>\n<p><b>En este punto, debes conocer el valor de los puntos de cada carta y haber guardado alg\u00fan contenido en la caja de un mazo.<\/b> Sono sicuro che siete ancora molto lenti, ma va bene lo stesso, in quanto la precisione, per il momento, \u00e8 il fattore pi\u00f9 importante. La velocidad llegar\u00e1 s\u00f3lo con el trabajo y los ejercicios que mostr\u00e9 esta semana.<\/p>\n<h3 class=\"gbs-heading\">Ejercicio de valores de las copas<\/h3>\n<p>Al igual que has hecho con las puntuaciones asignadas a cada tarjeta, en funci\u00f3n del sistema que desees utilizar, imparte tambi\u00e9n las puntuaciones asignadas a cada COPIA de tarjetas. <b>Este es uno de los verdaderos \"trucos\" del conteo de tarjetas: la posibilidad de guardar las tarjetas en copia.<\/b> Con discreta pratica, vedrete una mano di Donna e Jack come \"20\" e M-2. Esta capacidad aumentar\u00e1 considerablemente la velocidad en tu juego. Consulta los valores de las copas con el m\u00e9todo de conteo Hi\/Lo:<\/p>\n<h3 class=\"gbs-heading\">Valor de la donaci\u00f3n por una mano neta<\/h3>\n<p><img loading=\"lazy\" decoding=\"async\" class=\"card\" src=\"https:\/\/www.blackjackinfo.com\/img\/cards\/as.gif\" alt=\"Ace of Spades\" width=\"71\" height=\"96\" data-no-auto-translation=\"\" \/> <img loading=\"lazy\" decoding=\"async\" class=\"card\" src=\"https:\/\/www.blackjackinfo.com\/img\/cards\/kh.gif\" alt=\"King of Hearts\" width=\"71\" height=\"96\" data-no-auto-translation=\"\" \/> <span class=\"points\">-2<\/span><br \/>\n<img loading=\"lazy\" decoding=\"async\" class=\"card\" src=\"https:\/\/www.blackjackinfo.com\/img\/cards\/jc.gif\" alt=\"Jack of Clubs\" width=\"71\" height=\"96\" data-no-auto-translation=\"\" \/> <img loading=\"lazy\" decoding=\"async\" class=\"card\" src=\"https:\/\/www.blackjackinfo.com\/img\/cards\/th.gif\" alt=\"Ten of Hearts\" width=\"71\" height=\"96\" data-no-auto-translation=\"\" \/> <span class=\"points\">-2<\/span><\/p>\n<hr \/>\n<p><img loading=\"lazy\" decoding=\"async\" class=\"card\" src=\"https:\/\/www.blackjackinfo.com\/img\/cards\/qd.gif\" alt=\"Queen of Diamonds\" width=\"71\" height=\"96\" data-no-auto-translation=\"\" \/> <img loading=\"lazy\" decoding=\"async\" class=\"card\" src=\"https:\/\/www.blackjackinfo.com\/img\/cards\/9c.gif\" alt=\"Nine of Clubs\" width=\"71\" height=\"96\" data-no-auto-translation=\"\" \/> <span class=\"points\">-1<\/span><br \/>\n<img loading=\"lazy\" decoding=\"async\" class=\"card\" src=\"https:\/\/www.blackjackinfo.com\/img\/cards\/as.gif\" alt=\"Ace of Spades\" width=\"71\" height=\"96\" data-no-auto-translation=\"\" \/> <img loading=\"lazy\" decoding=\"async\" class=\"card\" src=\"https:\/\/www.blackjackinfo.com\/img\/cards\/7d.gif\" alt=\"Seven of Diamonds\" width=\"71\" height=\"96\" data-no-auto-translation=\"\" \/> <span class=\"points\">-1<\/span><\/p>\n<hr \/>\n<p><img loading=\"lazy\" decoding=\"async\" class=\"card\" src=\"https:\/\/www.blackjackinfo.com\/img\/cards\/8s.gif\" alt=\"Eight of Spades\" width=\"71\" height=\"96\" data-no-auto-translation=\"\" \/> <img loading=\"lazy\" decoding=\"async\" class=\"card\" src=\"https:\/\/www.blackjackinfo.com\/img\/cards\/9c.gif\" alt=\"Nine of Clubs\" width=\"71\" height=\"96\" data-no-auto-translation=\"\" \/> <span class=\"points\">0<\/span><br \/>\n<img loading=\"lazy\" decoding=\"async\" class=\"card\" src=\"https:\/\/www.blackjackinfo.com\/img\/cards\/kc.gif\" alt=\"King of Clubs\" width=\"71\" height=\"96\" data-no-auto-translation=\"\" \/> <img loading=\"lazy\" decoding=\"async\" class=\"card\" src=\"https:\/\/www.blackjackinfo.com\/img\/cards\/3c.gif\" alt=\"Three of Clubs\" width=\"71\" height=\"96\" data-no-auto-translation=\"\" \/> <span class=\"points\">0<\/span><\/p>\n<hr \/>\n<p><img loading=\"lazy\" decoding=\"async\" class=\"card\" src=\"https:\/\/www.blackjackinfo.com\/img\/cards\/7d.gif\" alt=\"Seven of Diamonds\" width=\"71\" height=\"96\" data-no-auto-translation=\"\" \/> <img loading=\"lazy\" decoding=\"async\" class=\"card\" src=\"https:\/\/www.blackjackinfo.com\/img\/cards\/3h.gif\" alt=\"Three of Hearts\" width=\"71\" height=\"96\" data-no-auto-translation=\"\" \/> <span class=\"points\">+1<\/span><br \/>\n<img loading=\"lazy\" decoding=\"async\" class=\"card\" src=\"https:\/\/www.blackjackinfo.com\/img\/cards\/9d.gif\" alt=\"Nine of Diamonds\" width=\"71\" height=\"96\" data-no-auto-translation=\"\" \/> <img loading=\"lazy\" decoding=\"async\" class=\"card\" src=\"https:\/\/www.blackjackinfo.com\/img\/cards\/6c.gif\" alt=\"Six of Clubs\" width=\"71\" height=\"96\" data-no-auto-translation=\"\" \/> <span class=\"points\">+1<\/span><\/p>\n<hr \/>\n<p><img loading=\"lazy\" decoding=\"async\" class=\"card\" src=\"https:\/\/www.blackjackinfo.com\/img\/cards\/4d.gif\" alt=\"Four of Diamonds\" width=\"71\" height=\"96\" data-no-auto-translation=\"\" \/> <img loading=\"lazy\" decoding=\"async\" class=\"card\" src=\"https:\/\/www.blackjackinfo.com\/img\/cards\/5s.gif\" alt=\"Five of Spades\" width=\"71\" height=\"96\" data-no-auto-translation=\"\" \/> <span class=\"points\">+2<\/span><br \/>\n<img loading=\"lazy\" decoding=\"async\" class=\"card\" src=\"https:\/\/www.blackjackinfo.com\/img\/cards\/2s.gif\" alt=\"Two of Spades\" width=\"71\" height=\"96\" data-no-auto-translation=\"\" \/> <img loading=\"lazy\" decoding=\"async\" class=\"card\" src=\"https:\/\/www.blackjackinfo.com\/img\/cards\/6d.gif\" alt=\"Six of Diamonds\" width=\"71\" height=\"96\" data-no-auto-translation=\"\" \/> <span class=\"points\">+2<\/span><\/p>\n<hr \/>\n<p><b>\u00a1Importante!<\/b> Aseg\u00farese de haber comprendido que cada copia se valora tal y como se muestra y no dude de que si est\u00e1 realizando un conteo diferente, estas copias podr\u00edan asumir valores distintos.<br \/>\nSi ya ha aprendido todo lo que le hemos explicado, empiece a jugar con un mazo de cartas y gire dos cartas a la vez. NO memorices el recuento, s\u00f3lo lee los valores de cada copia para poder a\u00f1adir y eliminar las opciones que necesites. H\u00e1galo cuando no est\u00e9 familiarizado con los valores de todas las copias posibles. A continuaci\u00f3n, ejerc\u00edtese a\u00fan m\u00e1s.<br \/>\n<b>Realizando, de esta manera, una buena base, esto le permitir\u00e1 aumentar m\u00e1s r\u00e1pidamente su velocidad, por lo que el tiempo utilizado para este ejercicio ser\u00e1 m\u00e1s breve.<\/b> Para los \"Tipi A\": puedes jugar e impartir los valores de tres cartas al mismo tiempo. Es una t\u00e9cnica muy \u00fatil para dominar, especialmente si puedes jugar solo contra el banco, ya que siempre tendr\u00e1s 3 cartas a mano: tu primera carta y la carta de la scoperta del dealer. Muchos de vosotros prefer\u00eds empezar a jugar en la mesa en la que hay otros jugadores, para que el juego sea m\u00e1s lento, pero, como me gusta decir, conocer el valor de las 3 cartas no os decepcionar\u00e1.<\/p>\n<h3 class=\"gbs-heading\">Conto alla Rovescia delle Coppie<\/h3>\n<p>De nuevo, junta tres cartas en caso de que haya un mazo de cartas y suj\u00e9talas por partes. (\u00a1No se mueva!) O bien, gire las tres cartas de una en una, haga un recuento (acumulativo) del mazo y compruebe al final la exactitud de sus c\u00e1lculos a\u00f1adiendo las tres cartas que se han extra\u00eddo anteriormente. Este ejercicio es fundamental para aprender a contar las cartas.<br \/>\n<b>Poco a poco, tu velocidad aumentar\u00e1 hasta el punto en el que puedas girar las ruedas lo m\u00e1s r\u00e1pido posible.<\/b> Para ir a\u00fan m\u00e1s r\u00e1pido, coge el mazo con tu mano izquierda, de frente, y tira fuera las cartas -dos cada vez- desde el mazo con tu mano derecha. (Fate l'opposto se siete mancini). Aiutatevi con il vostro pollice e potrete andare pi\u00f9 veloci. \u00bfCu\u00e1l es la velocidad adecuada? Personalmente termino el laberinto en 10,5 segundos, pero has necesitado mantener la media de una mesa que con 2 o 3 jugadores es de 20 segundos, si son 15 es mejor (es f\u00e1cil de conseguir si te apuntas).<\/p>\n<h3 class=\"gbs-heading\">Contare al Tavolo<\/h3>\n<p><b>El m\u00e9todo que se utiliza para llevar las cartas a la mesa de juego es el verdadero secreto de este arte.<\/b> Para los juegos en los que las cartas se distribuyen a los jugadores en modo scoperto, el diagrama de abajo muestra c\u00f3mo proceder. Los juegos en los que las cartas se distribuyen por separado (principalmente un solo laberinto) requieren una metodolog\u00eda diferente que estudiaremos la pr\u00f3xima semana.<br \/>\n<img loading=\"lazy\" decoding=\"async\" src=\"https:\/\/www.blackjackinfo.com\/img\/Blackjack-School\/Full-Blackjack-Table-400x253.gif\" alt=\"Card Counting Order\" width=\"400\" height=\"253\" data-no-auto-translation=\"\" \/><br \/>\n<b>Muchos crupieres mantienen su carta en la mano y la descubren s\u00f3lo cuando cada jugador ha recibido sus cartas.<\/b> El procedimiento para contar en una mesa separada consiste en empezar a contar cuando el jugador de la \"primera base\" recibe su segunda carta y luego contar las copias de cada jugador cuando se distribuyen las cartas. Termina el conteo con la carta del banco y luego sigue contando cada vez que un jugador \"roba\" una carta. Por \u00faltimo, sigue recibiendo la carta del banco y cualquier otra carta que acabes recibiendo.<br \/>\n<b>Tenga en cuenta que este m\u00e9todo de conteo con las copas le permitir\u00e1 guardarlas de forma natural en la mesa.<\/b> Mucha gente piensa que los contadores memorizan una sola carta cada vez, as\u00ed que los empleados de la vigilancia del casino intentan identificar a los jugadores que siguen cada carta que aparece. Mi m\u00e9todo te permitir\u00e1 desviar la mirada de la mesa cuando llegue la primera carta y luego podr\u00e1s vigilar cuando llegue la segunda carta y se formen las copas. Este esquema es muy natural, ya que muchos jugadores est\u00e1n interesados en ver qu\u00e9 manos tienen los dem\u00e1s.<\/p>\n<h3 class=\"gbs-heading\">Compiti per casa<\/h3>\n<p><b>Adem\u00e1s de continuar con los ejercicios de estrategia de base, empieza a jugar al Blackjack en alguna \"mesa de comedor\".<\/b> Si puedes convencer a alguien de que hace de crupier, bien, pero si no puedes, dame las cartas como si fueran cuatro jugadores en la forma en que se distribuyen en el casino en el que juegas. No asuma el papel de crupier; debe ver todo desde la perspectiva del jugador, por lo que debe enviar una carta a un jugador inmaduro en primera instancia, luego a usted y luego a otros dos jugadores inmaduros a su izquierda. Termina por el otro lado con la carta scoperta del banco y luego distribuye la segunda carta a todos los jugadores. Comienza a jugar como se indica arriba y termina con la carta de bienvenida del distribuidor. O bien, juega TUTTI y QUATTRO a los jugadores de acuerdo con la estrategia de base adecuada y qu\u00e9date con el resultado. Indaffarati, \u00bfeh? No te preocupes, con la pr\u00e1ctica todo estar\u00e1 hecho. Cuando hayas terminado la primera parte, haz otra y luego guarda las cartas para comprobar que el resultado es correcto.<br \/>\n<b>Este ejercicio constituir\u00e1 la base para todos nuestros ejercicios, incluido el desarrollo de la velocidad, de aqu\u00ed en adelante.<\/b> Como comprender\u00e1s, este tipo de \"sovraccarico\" hace que sea muy f\u00e1cil jugar y tener el control de las cartas en un verdadero casino; todo lo que necesites aqu\u00ed ser\u00e1 comer, contar y jugar.<\/p>","protected":false},"excerpt":{"rendered":"<p>No, non vi insegner\u00f2 i trucchi in questa lezione, ma vi mostrer\u00f2 alcuni modi interessanti per allenarvi con il conteggio e poi vi insegner\u00f2 i metodi che si usano per tenere traccia delle carte quando vengono distribuite dal croupier. Sviluppare la velocit\u00e0 nel conteggio \u00e8 una componente importante della vostra esercitazione, perch\u00e8 se non siete [&hellip;]<\/p>\n","protected":false},"author":4,"featured_media":0,"parent":2715,"menu_order":0,"comment_status":"open","ping_status":"open","template":"page-blacjack-school-it.php","meta":{"_acf_changed":false,"footnotes":""},"tags":[],"class_list":["post-2754","page","type-page","status-publish","hentry"],"acf":[],"yoast_head":"<!-- This site is optimized with the Yoast SEO plugin v26.6 - https:\/\/yoast.com\/wordpress\/plugins\/seo\/ -->\n<title>Lezione 5 - Conteggio Carte - I Trucchi<\/title>\n<meta name=\"description\" content=\"No, non vi insegner\u00f2 i trucchi in questa lezione, ma vi mostrer\u00f2 alcuni modi interessanti per allenarvi con il conteggio e poi vi insegner\u00f2 i metodi che\" \/>\n<meta name=\"robots\" content=\"index, follow, max-snippet:-1, max-image-preview:large, max-video-preview:-1\" \/>\n<link rel=\"canonical\" href=\"https:\/\/www.blackjackinfo.com\/es\/escuela-de-blackjack\/leccion-05-contar-cartas-los-trucos\/\" \/>\n<meta property=\"og:locale\" content=\"es_ES\" \/>\n<meta property=\"og:type\" content=\"article\" \/>\n<meta property=\"og:title\" content=\"Lezione 5 - Conteggio Carte - I Trucchi\" \/>\n<meta property=\"og:description\" content=\"No, non vi insegner\u00f2 i trucchi in questa lezione, ma vi mostrer\u00f2 alcuni modi interessanti per allenarvi con il conteggio e poi vi insegner\u00f2 i metodi che\" \/>\n<meta property=\"og:url\" content=\"https:\/\/www.blackjackinfo.com\/es\/escuela-de-blackjack\/leccion-05-contar-cartas-los-trucos\/\" \/>\n<meta property=\"og:site_name\" content=\"BlackjackInfo.com\" \/>\n<meta property=\"article:modified_time\" content=\"2018-04-18T07:07:14+00:00\" \/>\n<meta property=\"og:image\" content=\"https:\/\/www.blackjackinfo.com\/img\/cards\/as.gif\" \/>\n<meta name=\"twitter:label1\" content=\"Tiempo de lectura\" \/>\n\t<meta name=\"twitter:data1\" content=\"6 minutos\" \/>\n<script type=\"application\/ld+json\" class=\"yoast-schema-graph\">{\"@context\":\"https:\/\/schema.org\",\"@graph\":[{\"@type\":\"WebPage\",\"@id\":\"https:\/\/www.blackjackinfo.com\/blackjack-school\/lesson-05-card-counting-the-tricks\/\",\"url\":\"https:\/\/www.blackjackinfo.com\/blackjack-school\/lesson-05-card-counting-the-tricks\/\",\"name\":\"Lezione 5 - Conteggio Carte - I Trucchi\",\"isPartOf\":{\"@id\":\"https:\/\/www.blackjackinfo.com\/#website\"},\"primaryImageOfPage\":{\"@id\":\"https:\/\/www.blackjackinfo.com\/blackjack-school\/lesson-05-card-counting-the-tricks\/#primaryimage\"},\"image\":{\"@id\":\"https:\/\/www.blackjackinfo.com\/blackjack-school\/lesson-05-card-counting-the-tricks\/#primaryimage\"},\"thumbnailUrl\":\"https:\/\/www.blackjackinfo.com\/img\/cards\/as.gif\",\"datePublished\":\"2017-03-13T01:13:22+00:00\",\"dateModified\":\"2018-04-18T07:07:14+00:00\",\"description\":\"No, non vi insegner\u00f2 i trucchi in questa lezione, ma vi mostrer\u00f2 alcuni modi interessanti per allenarvi con il conteggio e poi vi insegner\u00f2 i metodi che\",\"breadcrumb\":{\"@id\":\"https:\/\/www.blackjackinfo.com\/blackjack-school\/lesson-05-card-counting-the-tricks\/#breadcrumb\"},\"inLanguage\":\"es\",\"potentialAction\":[{\"@type\":\"ReadAction\",\"target\":[\"https:\/\/www.blackjackinfo.com\/blackjack-school\/lesson-05-card-counting-the-tricks\/\"]}]},{\"@type\":\"ImageObject\",\"inLanguage\":\"es\",\"@id\":\"https:\/\/www.blackjackinfo.com\/blackjack-school\/lesson-05-card-counting-the-tricks\/#primaryimage\",\"url\":\"https:\/\/www.blackjackinfo.com\/img\/cards\/as.gif\",\"contentUrl\":\"https:\/\/www.blackjackinfo.com\/img\/cards\/as.gif\"},{\"@type\":\"BreadcrumbList\",\"@id\":\"https:\/\/www.blackjackinfo.com\/blackjack-school\/lesson-05-card-counting-the-tricks\/#breadcrumb\",\"itemListElement\":[{\"@type\":\"ListItem\",\"position\":1,\"name\":\"Home\",\"item\":\"https:\/\/www.blackjackinfo.com\/\"},{\"@type\":\"ListItem\",\"position\":2,\"name\":\"La Scuola di Blackjack di GameMaster\",\"item\":\"https:\/\/www.it.blackjackinfo.com\/scuola-di-blackjack\/\"},{\"@type\":\"ListItem\",\"position\":3,\"name\":\"Lezione 5 &#8211; Conteggio Carte &#8211; I Trucchi\"}]},{\"@type\":\"WebSite\",\"@id\":\"https:\/\/www.blackjackinfo.com\/#website\",\"url\":\"https:\/\/www.blackjackinfo.com\/\",\"name\":\"BlackjackInfo.com\",\"description\":\"Because Winning is More Fun!\",\"potentialAction\":[{\"@type\":\"SearchAction\",\"target\":{\"@type\":\"EntryPoint\",\"urlTemplate\":\"https:\/\/www.blackjackinfo.com\/?s={search_term_string}\"},\"query-input\":{\"@type\":\"PropertyValueSpecification\",\"valueRequired\":true,\"valueName\":\"search_term_string\"}}],\"inLanguage\":\"es\"}]}<\/script>\n<!-- \/ Yoast SEO plugin. -->","yoast_head_json":{"title":"Lezione 5 - Conteggio Carte - I Trucchi","description":"No, en esta lecci\u00f3n no le ense\u00f1amos los trucos, pero le mostramos algunos m\u00e9todos interesantes para familiarizarse con el contenido y luego le ense\u00f1amos los m\u00e9todos que le ayudar\u00e1n a conseguirlo.","robots":{"index":"index","follow":"follow","max-snippet":"max-snippet:-1","max-image-preview":"max-image-preview:large","max-video-preview":"max-video-preview:-1"},"canonical":"https:\/\/www.blackjackinfo.com\/es\/escuela-de-blackjack\/leccion-05-contar-cartas-los-trucos\/","og_locale":"es_ES","og_type":"article","og_title":"Lezione 5 - Conteggio Carte - I Trucchi","og_description":"No, non vi insegner\u00f2 i trucchi in questa lezione, ma vi mostrer\u00f2 alcuni modi interessanti per allenarvi con il conteggio e poi vi insegner\u00f2 i metodi che","og_url":"https:\/\/www.blackjackinfo.com\/es\/escuela-de-blackjack\/leccion-05-contar-cartas-los-trucos\/","og_site_name":"BlackjackInfo.com","article_modified_time":"2018-04-18T07:07:14+00:00","og_image":[{"url":"https:\/\/www.blackjackinfo.com\/img\/cards\/as.gif","type":"","width":"","height":""}],"twitter_misc":{"Tiempo de lectura":"6 minutos"},"schema":{"@context":"https:\/\/schema.org","@graph":[{"@type":"WebPage","@id":"https:\/\/www.blackjackinfo.com\/blackjack-school\/lesson-05-card-counting-the-tricks\/","url":"https:\/\/www.blackjackinfo.com\/blackjack-school\/lesson-05-card-counting-the-tricks\/","name":"Lezione 5 - Conteggio Carte - I Trucchi","isPartOf":{"@id":"https:\/\/www.blackjackinfo.com\/#website"},"primaryImageOfPage":{"@id":"https:\/\/www.blackjackinfo.com\/blackjack-school\/lesson-05-card-counting-the-tricks\/#primaryimage"},"image":{"@id":"https:\/\/www.blackjackinfo.com\/blackjack-school\/lesson-05-card-counting-the-tricks\/#primaryimage"},"thumbnailUrl":"https:\/\/www.blackjackinfo.com\/img\/cards\/as.gif","datePublished":"2017-03-13T01:13:22+00:00","dateModified":"2018-04-18T07:07:14+00:00","description":"No, en esta lecci\u00f3n no le ense\u00f1amos los trucos, pero le mostramos algunos m\u00e9todos interesantes para familiarizarse con el contenido y luego le ense\u00f1amos los m\u00e9todos que le ayudar\u00e1n a conseguirlo.","breadcrumb":{"@id":"https:\/\/www.blackjackinfo.com\/blackjack-school\/lesson-05-card-counting-the-tricks\/#breadcrumb"},"inLanguage":"es","potentialAction":[{"@type":"ReadAction","target":["https:\/\/www.blackjackinfo.com\/blackjack-school\/lesson-05-card-counting-the-tricks\/"]}]},{"@type":"ImageObject","inLanguage":"es","@id":"https:\/\/www.blackjackinfo.com\/blackjack-school\/lesson-05-card-counting-the-tricks\/#primaryimage","url":"https:\/\/www.blackjackinfo.com\/img\/cards\/as.gif","contentUrl":"https:\/\/www.blackjackinfo.com\/img\/cards\/as.gif"},{"@type":"BreadcrumbList","@id":"https:\/\/www.blackjackinfo.com\/blackjack-school\/lesson-05-card-counting-the-tricks\/#breadcrumb","itemListElement":[{"@type":"ListItem","position":1,"name":"Home","item":"https:\/\/www.blackjackinfo.com\/"},{"@type":"ListItem","position":2,"name":"La Scuola di Blackjack di GameMaster","item":"https:\/\/www.it.blackjackinfo.com\/scuola-di-blackjack\/"},{"@type":"ListItem","position":3,"name":"Lezione 5 &#8211; Conteggio Carte &#8211; I Trucchi"}]},{"@type":"WebSite","@id":"https:\/\/www.blackjackinfo.com\/#website","url":"https:\/\/www.blackjackinfo.com\/","name":"BlackjackInfo.com","description":"\u00a1Porque ganar es m\u00e1s divertido!","potentialAction":[{"@type":"SearchAction","target":{"@type":"EntryPoint","urlTemplate":"https:\/\/www.blackjackinfo.com\/?s={search_term_string}"},"query-input":{"@type":"PropertyValueSpecification","valueRequired":true,"valueName":"search_term_string"}}],"inLanguage":"es"}]}},"_links":{"self":[{"href":"https:\/\/www.blackjackinfo.com\/es\/wp-json\/wp\/v2\/pages\/2754","targetHints":{"allow":["GET"]}}],"collection":[{"href":"https:\/\/www.blackjackinfo.com\/es\/wp-json\/wp\/v2\/pages"}],"about":[{"href":"https:\/\/www.blackjackinfo.com\/es\/wp-json\/wp\/v2\/types\/page"}],"author":[{"embeddable":true,"href":"https:\/\/www.blackjackinfo.com\/es\/wp-json\/wp\/v2\/users\/4"}],"replies":[{"embeddable":true,"href":"https:\/\/www.blackjackinfo.com\/es\/wp-json\/wp\/v2\/comments?post=2754"}],"version-history":[{"count":5,"href":"https:\/\/www.blackjackinfo.com\/es\/wp-json\/wp\/v2\/pages\/2754\/revisions"}],"predecessor-version":[{"id":2760,"href":"https:\/\/www.blackjackinfo.com\/es\/wp-json\/wp\/v2\/pages\/2754\/revisions\/2760"}],"up":[{"embeddable":true,"href":"https:\/\/www.blackjackinfo.com\/es\/wp-json\/wp\/v2\/pages\/2715"}],"wp:attachment":[{"href":"https:\/\/www.blackjackinfo.com\/es\/wp-json\/wp\/v2\/media?parent=2754"}],"wp:term":[{"taxonomy":"post_tag","embeddable":true,"href":"https:\/\/www.blackjackinfo.com\/es\/wp-json\/wp\/v2\/tags?post=2754"}],"curies":[{"name":"wp","href":"https:\/\/api.w.org\/{rel}","templated":true}]}}