{"id":2759,"date":"2017-03-12T20:36:24","date_gmt":"2017-03-13T01:36:24","guid":{"rendered":"https:\/\/www.blackjackinfo.com\/?page_id=2759\/"},"modified":"2018-04-18T02:07:14","modified_gmt":"2018-04-18T07:07:14","slug":"lezione-6-conteggio-gioco-con-un-solo-mazzo","status":"publish","type":"page","link":"https:\/\/www.blackjackinfo.com\/es\/scuola-di-blackjack\/lezione-6-conteggio-gioco-con-un-solo-mazzo\/","title":{"rendered":"Lezione 6 - Conteggio - Gioco con un solo mazzo"},"content":{"rendered":"<p class=\"gbs-intro\"><b>Todo contador deber\u00eda tener un buen conocimiento de c\u00f3mo jugar al Blackjack con un solo mazo.<\/b>Aunque te quedes sin el 90% de tu tiempo con el juego de m\u00e1s ratones, si eres capaz de dominar el juego con un solo ratoncito, puede ser muy beneficioso. La ventaja principal del juego se har\u00e1 m\u00e1s evidente cuando nos sumemos a las estrategias de apuesta, pero, por el momento, toma nota de mis palabras: todas las \"grandes\" victorias que consigas en el Blackjack probablemente se consigan con el juego de un solo mazo.<\/p>\n<p><b>Muchos de vosotros -especialmente los que est\u00e1is cerca de Atlantic City- deber\u00edais pasar m\u00e1s tiempo jugando, con la idea de hacer 5 o 6 viajes al a\u00f1o a zonas como Reno o Laughlin.<\/b> Ser\u00eda mucho mejor para ti jugar 60 o 70 horas al a\u00f1o a un juego con un solo mazo que jugar cientos de horas a los escandalosos juegos que ofrece actualmente Atlantic City. Algunos de mis estudiantes, procedentes de la zona de St. Louis pueden llegar a la zona de Reno con una estancia de 3 o 4 d\u00edas por menos de $300, que incluye vuelo y vuelta al hotel, y mientras que los solitarios ganan cada d\u00eda unos cuantos d\u00f3lares en el Blackjack, los solitarios se vuelven a casa con $1000 de estancia neta o incluso m\u00e1s. A los habitantes de la \"Costa Este\" les sugiero que vuelvan a Tunica, MS.<\/p>\n<h3 class=\"gbs-heading\">Conteggio al Tavolo<\/h3>\n<p><b>Para jugar con un solo mazo, primero necesitas otro m\u00e9todo de conteo en la mesa donde se distribuyen las cartas.<\/b> Como vimos en la Lecci\u00f3n 5, hay un m\u00e9todo muy estructurado para el conteo, de modo que podemos estar seguros de que no nos equivocamos. No me di cuenta nunca de la primera vez que jugu\u00e9 con un solo mazo; estuve en Las Vegas y solo jugu\u00e9 con cuatro mazos en Atlantic City. En la segunda o tercera mano, el crupier ten\u00eda un \"Blackjack\" y todos lo consegu\u00edan con sus cartas. Todo mi alegato sobre la velocidad se puso a prueba, pero decid\u00ed contarlo antes de que se distribuyera la mano siguiente. Este es un tipo de situaci\u00f3n en la que hay que estar preparado y solo el mantenimiento puede ayudar.<br \/>\n<b>Las cartas al juego con un solo mazo pueden ser giradas por varios motivos, prendiamo in esame una mano e cerchiamo di capire come contare le carte.<\/b> Empezaremos contando nuestras dos cartas, luego la carta scoperta del banco. Los jugadores presentes deber\u00e1n contar cada una de sus cartas. Si un jugador no est\u00e1 presente, deber\u00e1 girar sus dos cartas, por lo que podremos cont\u00e1rselas. Sin embargo, la carta del \"raddoppio\" s\u00f3lo se distribuir\u00e1 por separado, por lo que no podremos contarla. Si un jugador divide un grupo, entonces sus cartas se girar\u00e1n y as\u00ed podremos contarlas y contar tambi\u00e9n la carta que ha sido \"distribuida\". En un juego con un solo mazo, un jugador indica que tiene intenci\u00f3n de \"pararse\" poniendo las cartas bajo la mesa, por lo que no podremos verlas y, por lo tanto, tampoco podremos contarlas. Si eres un jugador de baloncesto, girar\u00e1s sus cartas para que podamos contarlas en cuanto las veas. El juego termina con la mano del crupier, por lo que deberemos contar su carta coperta cuando la descubra junto con todas las dem\u00e1s cartas que finalmente tirar\u00e1 en su mano.<br \/>\n<b>Ora arriva la parte difficile.<\/b> El crupier empezar\u00e1 desde la \"tercera base\" y girar\u00e1 cada carta \"coperta\" (como puramente las cartas copertas del raddoppio) por debajo de las fichas y las colocar\u00e1 junto a las cartas de la mano. Contatele appena le vedete. Una mano tipica sar\u00e0 in questo modo:<br \/>\n<img loading=\"lazy\" decoding=\"async\" src=\"https:\/\/www.blackjackinfo.com\/img\/Blackjack-School\/Hand-Example-Before-400x400.gif\" alt=\"Hand Example Before\" width=\"400\" height=\"400\" data-no-auto-translation=\"\" \/><\/p>\n<p><img loading=\"lazy\" decoding=\"async\" src=\"https:\/\/www.blackjackinfo.com\/img\/Blackjack-School\/Hand-Example-After-400x400.gif\" alt=\"Hand Example After\" width=\"400\" height=\"400\" data-no-auto-translation=\"\" \/><br \/>\nComo puedes ver, este jugador ten\u00eda una mano de 7 y pidi\u00f3 carta. El crupier ha apostado y pagar\u00e1 la mano derecha del jugador. Contesta las dos cartas que acabas de ver, pero NO contestes al Re de nuevo, ya que deber\u00edas haberlo hecho cuando el jugador \"rasc\u00f3\" carta.<br \/>\nEsto puede crear un poco de confusi\u00f3n, pero una vez que tengas la idea clara, cuando observes el verdadero juego en acci\u00f3n, entrar\u00e1s r\u00e1pidamente en el esquema de su funcionamiento. S\u00f3lo tienes que mirar a tu alrededor y observar hasta que no est\u00e9s seguro de haber asimilado la t\u00e9cnica, pero no te costar\u00e1 mucho. El modo ideal de aliarte es tener a alguien que haga de crupier, pero aseg\u00farate de que utilizas el procedimiento descrito m\u00e1s arriba.<\/p>\n<h3 class=\"gbs-heading\">Desarrolle su velocidad y resistencia<\/h3>\n<p><b>Utiliza a menudo la analog\u00eda de un pugilista cuando habla de la pr\u00e1ctica en el conteo de cartas; un pugilista aprende tanto de su velocidad como de su resistencia.<\/b> De hecho, los boxeadores utilizan dos sacos diferentes, un \"saco r\u00e1pido\" para los boxeadores r\u00e1pidos, como el jab, y otro saco grande y pesado para los boxeadores m\u00e1s potentes. Un conteggio alla rovescia di un solo mazzo \u00e8 il vostro \"sacco veloce\"; provate a esercitarvi con esso il pi\u00f9 velocemente possibile mantenendo l'esattezza del conteggio. Para construir su resistencia, comience con dos mazos de cartas mezclados entre s\u00ed (no dude en juntar 3 cartas, como solo, para verificar la precisi\u00f3n del conteo). Cuando empiece a hacer dos pasadas en 40 segundos, contin\u00fae con 6 pasadas. Mischiate tutti e sei i mazzi insieme, poi tagliateli facendo 5 o 6 pile di carte sul tavolo e contateli fino alla fine il pi\u00f9 velocemente possibile. Su objetivo, en este caso, ser\u00e1 completar el ejercicio en menos de 2 minutos; lo ideal ser\u00eda en 1:30. La raz\u00f3n por la que usamos m\u00e1s ratones, aunque estemos jugando con un solo ratoncito, se debe a que tenemos que mantener el conteo durante un largo periodo de tiempo e incluso acostumbrarnos a amplias oscilaciones en el conteo. El recuento de una sola casilla suele ser inferior o igual a 10, pero estos valores tambi\u00e9n se obtienen en un contador con la rotaci\u00f3n de varias casillas y a esto hay que ajustarse. Allenandovi in questo modo con molte distrazioni intorno \u00e8 una cosa ottima. G\u00e1stelo con el frastuono de los ni\u00f1os, con la TV accesible, o con su bast\u00f3n que abbaia y svilupperete la facolt\u00e0 di tenere traccia del conteggio anche quando sarete in un casino.<\/p>\n<h3 class=\"gbs-heading\">Alcuni Trucchi in pi\u00f9<\/h3>\n<p><b>Imparate a contare all'indietro partendo da un numero dispari e scalando di due in due.<\/b> Todos sabemos contar \"2, 4, 6,\" etc., pero algunos de nosotros podemos contar con \"11, 9, 7, 5, 3\" muy r\u00e1pidamente. Este es un buen ejercicio para hacer sin gu\u00eda. Empieza con 25 hasta M5, y luego otra vez; as\u00ed se \"imprimir\u00e1\" en tu test\u00edculo y te ser\u00e1 \u00fatil en la mesa de juego cuando el conteo sea alto y uses todos los 20 o Blackjack. Si est\u00e1s cansado, haz lo mismo con un n\u00famero par, justo para tenerlo en forma.<br \/>\n<b>Cuando, por alguna raz\u00f3n, tu conexi\u00f3n se interrumpa, vuelve a encenderla m\u00e1s y m\u00e1s veces.<\/b> Supongamos que est\u00e1s en casa y la peque\u00f1a Margaux o tu hijo, Corky (\u00bfno es cierto que todos los contadores de cartas son aficionados al vino?), tienen una pregunta de \"vida o muerte\" que hacerte. Si llegas a una reuni\u00f3n de M6, repite s\u00f3lo \"M6, M6, M6\" en tu mente mientras subes. Sabr\u00e1n que est\u00e1n haciendo grandes progresos cuando puedan PARLAR con ellos y recordar al mismo tiempo el contenido. La pr\u00e1ctica permitir\u00e1 que esto ocurra.<\/p>\n<h3 class=\"gbs-heading\">Compiti per casa<\/h3>\n<p>Siga trabajando en la velocidad con el control de rodadura de un mazo, pero trabaje tambi\u00e9n en los ejercicios con dos mazos. Cuando puedas contar con dos ratones sin errores en menos de 40 segundos, contin\u00faa con el contacto con la rueda de siete ratones.<br \/>\n<b>Importante:<\/b> Todo lo que te hemos ense\u00f1ado se aplica tambi\u00e9n a los juegos con dos ratones, pero recuerda que la estrategia b\u00e1sica cambia un poco cuando juegas con menos de cuatro ratones. Mantente en la posici\u00f3n 1 para aprender la estrategia base con un solo robot.<br \/>\nEmpezaremos hablando del \u00fanico motivo por el que se juega al Blackjack: el Soldi.<br \/>\nHasta ahora, la escuela est\u00e1 cerrada.<\/p>","protected":false},"excerpt":{"rendered":"<p>Ogni contatore dovrebbe avere una buona conoscenza di come giocare a Blackjack con un solo mazzo, anche se trascorrete il 90% del vostro tempo con il gioco a pi\u00f9 mazzi, perch\u00e8 quando siete in grado di padroneggiare il gioco con un solo mazzo, ci\u00f2 pu\u00f2 essere molto vantaggioso. Il vantaggio primario del gioco diventer\u00e0 pi\u00f9 [&hellip;]<\/p>\n","protected":false},"author":4,"featured_media":0,"parent":2715,"menu_order":0,"comment_status":"open","ping_status":"open","template":"page-blacjack-school-it.php","meta":{"_acf_changed":false,"footnotes":""},"tags":[],"class_list":["post-2759","page","type-page","status-publish","hentry"],"acf":[],"yoast_head":"<!-- This site is optimized with the Yoast SEO plugin v26.6 - https:\/\/yoast.com\/wordpress\/plugins\/seo\/ -->\n<title>Lezione 6 - Conteggio - Gioco con un solo mazzo<\/title>\n<meta name=\"description\" content=\"Ogni contatore dovrebbe avere una buona conoscenza di come giocare a Blackjack con un solo mazzo, anche se trascorrete il 90% del vostro tempo con il\" \/>\n<meta name=\"robots\" content=\"index, follow, max-snippet:-1, max-image-preview:large, max-video-preview:-1\" \/>\n<link rel=\"canonical\" href=\"https:\/\/www.blackjackinfo.com\/es\/escuela-de-blackjack\/leccion-06-conteo-de-cartas-juego-con-una-sola-baraja\/\" \/>\n<meta property=\"og:locale\" content=\"es_ES\" \/>\n<meta property=\"og:type\" content=\"article\" \/>\n<meta property=\"og:title\" content=\"Lezione 6 - Conteggio - Gioco con un solo mazzo\" \/>\n<meta property=\"og:description\" content=\"Ogni contatore dovrebbe avere una buona conoscenza di come giocare a Blackjack con un solo mazzo, anche se trascorrete il 90% del vostro tempo con il\" \/>\n<meta property=\"og:url\" content=\"https:\/\/www.blackjackinfo.com\/es\/escuela-de-blackjack\/leccion-06-conteo-de-cartas-juego-con-una-sola-baraja\/\" \/>\n<meta property=\"og:site_name\" content=\"BlackjackInfo.com\" \/>\n<meta property=\"article:modified_time\" content=\"2018-04-18T07:07:14+00:00\" \/>\n<meta property=\"og:image\" content=\"https:\/\/www.blackjackinfo.com\/img\/Blackjack-School\/Hand-Example-Before-400x400.gif\" \/>\n<meta name=\"twitter:label1\" content=\"Tiempo de lectura\" \/>\n\t<meta name=\"twitter:data1\" content=\"6 minutos\" \/>\n<script type=\"application\/ld+json\" class=\"yoast-schema-graph\">{\"@context\":\"https:\/\/schema.org\",\"@graph\":[{\"@type\":\"WebPage\",\"@id\":\"https:\/\/www.blackjackinfo.com\/blackjack-school\/lesson-06-card-counting-single-deck-play\/\",\"url\":\"https:\/\/www.blackjackinfo.com\/blackjack-school\/lesson-06-card-counting-single-deck-play\/\",\"name\":\"Lezione 6 - Conteggio - Gioco con un solo mazzo\",\"isPartOf\":{\"@id\":\"https:\/\/www.blackjackinfo.com\/#website\"},\"primaryImageOfPage\":{\"@id\":\"https:\/\/www.blackjackinfo.com\/blackjack-school\/lesson-06-card-counting-single-deck-play\/#primaryimage\"},\"image\":{\"@id\":\"https:\/\/www.blackjackinfo.com\/blackjack-school\/lesson-06-card-counting-single-deck-play\/#primaryimage\"},\"thumbnailUrl\":\"https:\/\/www.blackjackinfo.com\/img\/Blackjack-School\/Hand-Example-Before-400x400.gif\",\"datePublished\":\"2017-03-13T01:36:24+00:00\",\"dateModified\":\"2018-04-18T07:07:14+00:00\",\"description\":\"Ogni contatore dovrebbe avere una buona conoscenza di come giocare a Blackjack con un solo mazzo, anche se trascorrete il 90% del vostro tempo con il\",\"breadcrumb\":{\"@id\":\"https:\/\/www.blackjackinfo.com\/blackjack-school\/lesson-06-card-counting-single-deck-play\/#breadcrumb\"},\"inLanguage\":\"es\",\"potentialAction\":[{\"@type\":\"ReadAction\",\"target\":[\"https:\/\/www.blackjackinfo.com\/blackjack-school\/lesson-06-card-counting-single-deck-play\/\"]}]},{\"@type\":\"ImageObject\",\"inLanguage\":\"es\",\"@id\":\"https:\/\/www.blackjackinfo.com\/blackjack-school\/lesson-06-card-counting-single-deck-play\/#primaryimage\",\"url\":\"https:\/\/www.blackjackinfo.com\/img\/Blackjack-School\/Hand-Example-Before-400x400.gif\",\"contentUrl\":\"https:\/\/www.blackjackinfo.com\/img\/Blackjack-School\/Hand-Example-Before-400x400.gif\"},{\"@type\":\"BreadcrumbList\",\"@id\":\"https:\/\/www.blackjackinfo.com\/blackjack-school\/lesson-06-card-counting-single-deck-play\/#breadcrumb\",\"itemListElement\":[{\"@type\":\"ListItem\",\"position\":1,\"name\":\"Home\",\"item\":\"https:\/\/www.blackjackinfo.com\/\"},{\"@type\":\"ListItem\",\"position\":2,\"name\":\"La Scuola di Blackjack di GameMaster\",\"item\":\"https:\/\/www.it.blackjackinfo.com\/scuola-di-blackjack\/\"},{\"@type\":\"ListItem\",\"position\":3,\"name\":\"Lezione 6 &#8211; Conteggio &#8211; Gioco con un solo mazzo\"}]},{\"@type\":\"WebSite\",\"@id\":\"https:\/\/www.blackjackinfo.com\/#website\",\"url\":\"https:\/\/www.blackjackinfo.com\/\",\"name\":\"BlackjackInfo.com\",\"description\":\"Because Winning is More Fun!\",\"potentialAction\":[{\"@type\":\"SearchAction\",\"target\":{\"@type\":\"EntryPoint\",\"urlTemplate\":\"https:\/\/www.blackjackinfo.com\/?s={search_term_string}\"},\"query-input\":{\"@type\":\"PropertyValueSpecification\",\"valueRequired\":true,\"valueName\":\"search_term_string\"}}],\"inLanguage\":\"es\"}]}<\/script>\n<!-- \/ Yoast SEO plugin. -->","yoast_head_json":{"title":"Lezione 6 - Conteggio - Gioco con un solo mazzo","description":"Todos los usuarios deber\u00edan tener un buen conocimiento de c\u00f3mo jugar al Blackjack con un solo mazo, incluso si te quedas sin el 90% de tu tiempo con el","robots":{"index":"index","follow":"follow","max-snippet":"max-snippet:-1","max-image-preview":"max-image-preview:large","max-video-preview":"max-video-preview:-1"},"canonical":"https:\/\/www.blackjackinfo.com\/es\/escuela-de-blackjack\/leccion-06-conteo-de-cartas-juego-con-una-sola-baraja\/","og_locale":"es_ES","og_type":"article","og_title":"Lezione 6 - Conteggio - Gioco con un solo mazzo","og_description":"Ogni contatore dovrebbe avere una buona conoscenza di come giocare a Blackjack con un solo mazzo, anche se trascorrete il 90% del vostro tempo con il","og_url":"https:\/\/www.blackjackinfo.com\/es\/escuela-de-blackjack\/leccion-06-conteo-de-cartas-juego-con-una-sola-baraja\/","og_site_name":"BlackjackInfo.com","article_modified_time":"2018-04-18T07:07:14+00:00","og_image":[{"url":"https:\/\/www.blackjackinfo.com\/img\/Blackjack-School\/Hand-Example-Before-400x400.gif","type":"","width":"","height":""}],"twitter_misc":{"Tiempo de lectura":"6 minutos"},"schema":{"@context":"https:\/\/schema.org","@graph":[{"@type":"WebPage","@id":"https:\/\/www.blackjackinfo.com\/blackjack-school\/lesson-06-card-counting-single-deck-play\/","url":"https:\/\/www.blackjackinfo.com\/blackjack-school\/lesson-06-card-counting-single-deck-play\/","name":"Lezione 6 - Conteggio - Gioco con un solo mazzo","isPartOf":{"@id":"https:\/\/www.blackjackinfo.com\/#website"},"primaryImageOfPage":{"@id":"https:\/\/www.blackjackinfo.com\/blackjack-school\/lesson-06-card-counting-single-deck-play\/#primaryimage"},"image":{"@id":"https:\/\/www.blackjackinfo.com\/blackjack-school\/lesson-06-card-counting-single-deck-play\/#primaryimage"},"thumbnailUrl":"https:\/\/www.blackjackinfo.com\/img\/Blackjack-School\/Hand-Example-Before-400x400.gif","datePublished":"2017-03-13T01:36:24+00:00","dateModified":"2018-04-18T07:07:14+00:00","description":"Todos los usuarios deber\u00edan tener un buen conocimiento de c\u00f3mo jugar al Blackjack con un solo mazo, incluso si te quedas sin el 90% de tu tiempo con el","breadcrumb":{"@id":"https:\/\/www.blackjackinfo.com\/blackjack-school\/lesson-06-card-counting-single-deck-play\/#breadcrumb"},"inLanguage":"es","potentialAction":[{"@type":"ReadAction","target":["https:\/\/www.blackjackinfo.com\/blackjack-school\/lesson-06-card-counting-single-deck-play\/"]}]},{"@type":"ImageObject","inLanguage":"es","@id":"https:\/\/www.blackjackinfo.com\/blackjack-school\/lesson-06-card-counting-single-deck-play\/#primaryimage","url":"https:\/\/www.blackjackinfo.com\/img\/Blackjack-School\/Hand-Example-Before-400x400.gif","contentUrl":"https:\/\/www.blackjackinfo.com\/img\/Blackjack-School\/Hand-Example-Before-400x400.gif"},{"@type":"BreadcrumbList","@id":"https:\/\/www.blackjackinfo.com\/blackjack-school\/lesson-06-card-counting-single-deck-play\/#breadcrumb","itemListElement":[{"@type":"ListItem","position":1,"name":"Home","item":"https:\/\/www.blackjackinfo.com\/"},{"@type":"ListItem","position":2,"name":"La Scuola di Blackjack di GameMaster","item":"https:\/\/www.it.blackjackinfo.com\/scuola-di-blackjack\/"},{"@type":"ListItem","position":3,"name":"Lezione 6 &#8211; Conteggio &#8211; Gioco con un solo mazzo"}]},{"@type":"WebSite","@id":"https:\/\/www.blackjackinfo.com\/#website","url":"https:\/\/www.blackjackinfo.com\/","name":"BlackjackInfo.com","description":"\u00a1Porque ganar es m\u00e1s divertido!","potentialAction":[{"@type":"SearchAction","target":{"@type":"EntryPoint","urlTemplate":"https:\/\/www.blackjackinfo.com\/?s={search_term_string}"},"query-input":{"@type":"PropertyValueSpecification","valueRequired":true,"valueName":"search_term_string"}}],"inLanguage":"es"}]}},"_links":{"self":[{"href":"https:\/\/www.blackjackinfo.com\/es\/wp-json\/wp\/v2\/pages\/2759","targetHints":{"allow":["GET"]}}],"collection":[{"href":"https:\/\/www.blackjackinfo.com\/es\/wp-json\/wp\/v2\/pages"}],"about":[{"href":"https:\/\/www.blackjackinfo.com\/es\/wp-json\/wp\/v2\/types\/page"}],"author":[{"embeddable":true,"href":"https:\/\/www.blackjackinfo.com\/es\/wp-json\/wp\/v2\/users\/4"}],"replies":[{"embeddable":true,"href":"https:\/\/www.blackjackinfo.com\/es\/wp-json\/wp\/v2\/comments?post=2759"}],"version-history":[{"count":4,"href":"https:\/\/www.blackjackinfo.com\/es\/wp-json\/wp\/v2\/pages\/2759\/revisions"}],"predecessor-version":[{"id":2764,"href":"https:\/\/www.blackjackinfo.com\/es\/wp-json\/wp\/v2\/pages\/2759\/revisions\/2764"}],"up":[{"embeddable":true,"href":"https:\/\/www.blackjackinfo.com\/es\/wp-json\/wp\/v2\/pages\/2715"}],"wp:attachment":[{"href":"https:\/\/www.blackjackinfo.com\/es\/wp-json\/wp\/v2\/media?parent=2759"}],"wp:term":[{"taxonomy":"post_tag","embeddable":true,"href":"https:\/\/www.blackjackinfo.com\/es\/wp-json\/wp\/v2\/tags?post=2759"}],"curies":[{"name":"wp","href":"https:\/\/api.w.org\/{rel}","templated":true}]}}