{"id":2766,"date":"2017-03-12T20:50:19","date_gmt":"2017-03-13T01:50:19","guid":{"rendered":"https:\/\/www.blackjackinfo.com\/?page_id=2766\/"},"modified":"2018-04-18T02:07:14","modified_gmt":"2018-04-18T07:07:14","slug":"leccion-7-gestion-de-los-fondos-parte-1","status":"publish","type":"page","link":"https:\/\/www.blackjackinfo.com\/es\/scuola-di-blackjack\/lezione-7-gestione-dei-soldi-parte-1\/","title":{"rendered":"Secci\u00f3n 7 - Gesti\u00f3n de soldados - Parte 1"},"content":{"rendered":"<h3 class=\"gbs-heading\">La Predica<\/h3>\n<p class=\"intro\"><b>Muy a menudo, en estas p\u00e1ginas de GameMaster Online, me refer\u00eda a las predicciones, sobre todo porque odio pensar que la gente regale su dinero al casino.<\/b> Non sto dicendo che io non perdo, perch\u00e8 anche io ho le giornate no, ma ci\u00f2 che voglio dire \u00e8 che i casino devono sudare un bel po' per ogni centesimo che otterranno da me. Dovete sviluppare questo tipo di atteggiamento e il solo fatto che state leggendo proprio ora questi suggerimenti mi dimostra che siete motivati ad apprendere, reputo quindi questo un buon inizio. I Casino fanno soldi perch\u00e8 i giocatori gli consentono di farli. Aunque hayas aprendido todo lo que te he ense\u00f1ado hasta ahora, no est\u00e1s preparado para jugar, as\u00ed que deja de jugar y piensa en crear tu propio juego para jugar s\u00f3lo el d\u00eda que est\u00e9s preparado. No puedes esperar a ganar al Blackjack si est\u00e1s jugando con dinero prestado. Debes tener una cantidad de dinero de tu parte que constituya un \"extra\", dinero que, si lo pierdes, no influir\u00e1 en absoluto en tu estilo de vida. Procediendo de este modo, c\u00f3mprate de la manera adecuada y juega con tus manos tal y como debes hacerlo. Esto es lo que llevar\u00e1 a los $$$ al casino. Penso di detto abbastanza.<\/p>\n<h3 class=\"gbs-heading\">\u00bfC\u00f3mo se gestionan los fondos?<\/h3>\n<p><b>Si se aplica al juego del Blackjack cuando se cuenta con las cartas, diremos que la gesti\u00f3n de los billetes es un m\u00e9todo de apuesta que minimiza las p\u00e9rdidas y masifica las ganancias.<\/b> El juego de Blackjack conlleva el riesgo de perder. La ventaja de tener un contador en el casino es exigente y las fluctuaciones en la disponibilidad monetaria del jugador pueden verificarse a una velocidad impresionante. Una gesti\u00f3n adecuada de los fondos propios es, sin duda, necesaria en todos los aspectos del juego para obtener las mejores posibilidades de superar el ins\u00f3lito \"largo plazo\". Algunos de vosotros empezasteis la carrera de contador de cartas con una gran habilidad y no os quedasteis m\u00e1s tiempo. Algunos de ustedes, sin embargo, empezaron con una derrota y necesitaron m\u00e1s horas de juego antes de ver una victoria; esta es la realidad de las cosas. Lo que te ense\u00f1e en las pr\u00f3ximas cuatro o cinco lecciones ser\u00e1 c\u00f3mo sobrevivir al juego hasta que tu victoria, a largo plazo, se materialice y tenga sus efectos beneficiosos.<\/p>\n<h3 class=\"gbs-heading\">Il True Count<\/h3>\n<p><b>Todas las decisiones sobre sus apuestas se basan en lo que se conoce como \"recuento real\" o, para ser m\u00e1s exactos, \"recuento por muestreo\".<\/b> Si bien esto se aplica a los que juegan con m\u00e1s ratones, los que juegan con un solo ratoncito deben prestar la misma atenci\u00f3n - incluso ustedes necesitan saber lo que les vamos a decir. Si sus cartas de valor son peque\u00f1as, en la primera mano de un juego tendremos un recuento (denominado recuento de carreras) de 6. Los jugadores que jueguen con un solo mazo tendr\u00e1n un recuento real por encima del 6, ya que habr\u00e1 un mazo menos para jugar. Si juegas con varios ratones, el recuento de los ratones restantes (recuento verdadero) ser\u00e1 aproximadamente 1, ya que habr\u00e1 menos de 6 ratones para jugar. \u00bfSabes c\u00f3mo funciona? Estamos \"estandarizando\" el recuento dividiendo el recuento de carreras por el n\u00famero total de los mazos jugados. Hagamos otro ejemplo para que entiendas mejor este concepto. Si juegas con un solo mazo, en la primera mano, un recuento de 2 (recordado, no uses el \"+\" para indicar un n\u00famero positivo) se convierte en un recuento real de 2, arrojando. Si juegas con siete ratones y has conseguido una cuenta de 12 despu\u00e9s de la primera mano, la cuenta real ser\u00e1 igual a 2. De lo contrario, la cuenta real ser\u00e1 igual a 2, pero necesitar\u00e1s una cuenta m\u00e1s alta para conseguirlo en el juego con siete ratones.<\/p>\n<p><b>PARA OBTENER EL RECUENTO REAL, DIVIDE EL RECUENTO \"EN MARCHA\" POR EL N\u00daMERO DE RATONES LISTOS PARA JUGAR.<\/b><br \/>\n<b>No te confundas con esta afirmaci\u00f3n. Lo que significa es el n\u00famero de ratones que hay, tanto si se han jugado como si no.<\/b> En un juego con siete fichas, una o m\u00e1s fichas pueden ser marcadas fuera del crupier, pero esto es irrelevante al final del recuento de la cuenta real. La base para el c\u00e1lculo es el n\u00famero total de fichas con las que comienza el juego, que se suma al n\u00famero de fichas que se han jugado. Un ejemplo: si en un juego con siete fichas se han jugado y marcado dos fichas, una cuenta corriente de 8 se convierte en una cuenta real de 2, ya que a\u00fan hay cuatro fichas en el bote. El crupier puede equivocarse antes de que todos y cada uno de los ratones hayan sido jugados, pero para el c\u00e1lculo de la conversi\u00f3n a la cuenta real esto es irrelevante.<br \/>\nFate questo piccolo test conmigo per vedere se capite il principio.<\/p>\n<table class=\"gbs-ctable\">\n<tbody>\n<tr>\n<th><\/th>\n<th>Mazzi Rimasti<\/th>\n<th>Recuento<\/th>\n<th>Recuento real<\/th>\n<\/tr>\n<tr>\n<td>1.<\/td>\n<td>4<\/td>\n<td>8<\/td>\n<td>2<\/td>\n<\/tr>\n<tr>\n<td>2.<\/td>\n<td>2<\/td>\n<td>10<\/td>\n<td>5<\/td>\n<\/tr>\n<tr>\n<td>3.<\/td>\n<td>5<\/td>\n<td>5<\/td>\n<td>1<\/td>\n<\/tr>\n<tr>\n<td>4.<\/td>\n<td>3<\/td>\n<td>12<\/td>\n<td>4<\/td>\n<\/tr>\n<\/tbody>\n<\/table>\n<h3 class=\"gbs-heading\">Stima del Numero di Mazzi Rimasti<\/h3>\n<p><b>I casino sono molto gentili nel fornirci un congegno che ci dice quanti mazzi ci sono ancora da giocare nel sabot. No, este c\u00f3digo no es el sabot, sino la caja de regalo que se puede encontrar en cualquier mesa en la que se juegue con m\u00e1s mazos.<\/b> Todas las cartas utilizadas se depositan normalmente en la caja de juego del crupier, donde cualquiera puede recogerlas, por lo que los contadores utilizan este accesorio y, con un poco de suerte, determinan los mazos que pueden jugar. En el juego con siete mazos, si hay dos mazos en la caja de reserva, debe haber cuatro mazos m\u00e1s en la caja, suponiendo que no hay cartas en la mesa. Cercheremo di adoperarci affinch\u00e8 la stima di errore di valutazione sia di mezzo mazzo. C\u00f3mo conseguir esta informaci\u00f3n ser\u00e1 una de nuestras obligaciones en casa, as\u00ed que no te preocupes por el momento. Llegados a este punto lo m\u00e1s importante es el mecanismo para calcular el recuento real gracias a este m\u00e9todo. A continuaci\u00f3n, una explicaci\u00f3n m\u00e1s sencilla.<\/p>\n<p>Estamos jugando con siete fichas, la cuenta atr\u00e1s es M-6 y hay tres fichas en la casilla de salida. Esto significa que a\u00fan hay tres ratones para jugar, as\u00ed que dividiremos la cuenta por 3 y nuestra cuenta real ser\u00e1 M-2. Si, el c\u00e1lculo es el mismo tambi\u00e9n para los mazos negativos - exactamente del mismo modo. \u00bfEntendido? Haz esta prueba para ver si has entendido la explicaci\u00f3n.<br \/>\nSupongamos que jugamos con siete ratones. Vi dar\u00f2 solamente il numero di mazzi nel box di scarto, quindi dovrete fare il calcolo per determinare il numero di mazzi che mancano nel sabot.<\/p>\n<table class=\"gbs-ctable\">\n<tbody>\n<tr>\n<th><\/th>\n<th>Mazzi Giocati<\/th>\n<th>Recuento<\/th>\n<th>Recuento real<\/th>\n<\/tr>\n<tr>\n<td><b>1.<\/b><\/td>\n<td>2<\/td>\n<td>4<\/td>\n<td>?<\/td>\n<\/tr>\n<tr>\n<td><b>2.<\/b><\/td>\n<td>4<\/td>\n<td>8<\/td>\n<td>?<\/td>\n<\/tr>\n<tr>\n<td><b>3.<\/b><\/td>\n<td>5<\/td>\n<td>5<\/td>\n<td>?<\/td>\n<\/tr>\n<tr>\n<td><b>4.<\/b><\/td>\n<td>1<\/td>\n<td>5<\/td>\n<td>?<\/td>\n<\/tr>\n<tr>\n<td><b>5.<\/b><\/td>\n<td>2.5<\/td>\n<td>7<\/td>\n<td>?<\/td>\n<\/tr>\n<tr>\n<td><b>6.<\/b><\/td>\n<td>2<\/td>\n<td>0<\/td>\n<td>?<\/td>\n<\/tr>\n<tr>\n<td><b>7.<\/b><\/td>\n<td>3.5<\/td>\n<td>M-5<\/td>\n<td>?<\/td>\n<\/tr>\n<tr>\n<td><b>8.<\/b><\/td>\n<td>1.5<\/td>\n<td>9<\/td>\n<td>?<\/td>\n<\/tr>\n<tr>\n<td><b>9.<\/b><\/td>\n<td>3<\/td>\n<td>M-3<\/td>\n<td>?<\/td>\n<\/tr>\n<tr>\n<td><b>10.<\/b><\/td>\n<td>4.5<\/td>\n<td>2<\/td>\n<td>?<\/td>\n<\/tr>\n<\/tbody>\n<\/table>\n<p><b>Le Risposte<\/b><\/p>\n<p><b>1.<\/b> 1 (2 mazzi giocati, 4 mazzi rimasti, 4 \/ 4 = 1)<br \/>\n<b>2.<\/b> 4 (4 mazzi giocati, 2 mazzi rimasti, 8 \/ 2 = 4)<br \/>\n<b>3.<\/b> 5<br \/>\n<b>4.<\/b> 1<br \/>\n<b>5.<\/b> 2<br \/>\n<b>6.<\/b> 0<br \/>\n<b>7.<\/b> M-2<br \/>\n<b>8.<\/b> 2<br \/>\n<b>9.<\/b>M-1<br \/>\n<b>10.<\/b> Un po' sopra uno (ma arrotondiamo sempre \"per difetto\" in modo da essere prudenti, cos\u00ec lo chiameremo \"uno\".)<\/p>\n<p><b>Vi vedo con gli occhi persi, quindi faremo meglio a fermarci qui per questa settimana.<\/b> Pero no te asustes; puedes hacer lo que quieras, s\u00f3lo necesitas un poco de pr\u00e1ctica. Por lo que respecta a la pr\u00e1ctica, haz que tus compa\u00f1eros se queden en casa y \"calibra\" tus ojos.<\/p>\n<h3 class=\"gbs-heading\">Compiti per casa<\/h3>\n<p>Estimar el n\u00famero de fichas colocadas en una caja de cart\u00f3n es s\u00f3lo un ejercicio repetitivo y mon\u00f3tono. Si guardas m\u00e1s de una caja de 52 tarjetas, podr\u00e1s ver si se han a\u00f1adido 10 o 12 tarjetas. Por lo tanto, este es el modo en el que calibraremos los ojos. Empiece con un solo mazo y espere un segundo. Poi prendete un altro mazzo e mettetelo sopra al primo e guardate la pila formata per un po'. Ora prendete un terzo mazzo e ponetelo sempre sopra gli altri due e guardate ancora per un po'. Alla fine togliete un mazzo - non contate le carte - stimate solamente ad occhio quanto sarebbe un mazzo e toglietelo, poi contate per vedere quanto vi siete avvicinati al numero esatto di carte. Ora, rimettetete a posto il mazzo che avevate tolto e togliete due mazzi, contateli per vedere se avete commesso errori di valutazione e poi rimetteteli sopra di nuovo. Ora, fate una pila di carte con cinque mazzi e togliete un mazzo e mezzo, poi tre mazzi e cos\u00ec via. Sorpr\u00e9ndete al descubrir r\u00e1pidamente cu\u00e1ntos ratones hay en la pila. Una variaci\u00f3n interesante de este ejercicio consiste en tener un amigo que cree pilas de diferentes dimensiones (dentro de una pila de medio metro) mientras t\u00fa est\u00e1s fuera de la estaci\u00f3n y cuando te concentres deber\u00e1s investigar la dimensi\u00f3n de cada pila.<\/p>\n<p>Insiste, porque debes ser preciso con este c\u00e1lculo, ya que tus ingresos depender\u00e1n de \u00e9l.<\/p>\n<p>Llegaremos la pr\u00f3xima semana cuando hablemos de c\u00f3mo empezar a utilizar el recuento real.<\/p>","protected":false},"excerpt":{"rendered":"<p>La Predica Molto spesso, su queste pagine di GameMaster Online, vi far\u00f2 frequentemente delle prediche, principalmente perch\u00e8 odio pensare che la gente regali i propri soldi ai casino. Non sto dicendo che io non perdo, perch\u00e8 anche io ho le giornate no, ma ci\u00f2 che voglio dire \u00e8 che i casino devono sudare un bel [&hellip;]<\/p>\n","protected":false},"author":4,"featured_media":0,"parent":2715,"menu_order":0,"comment_status":"open","ping_status":"open","template":"page-blacjack-school-it.php","meta":{"_acf_changed":false,"footnotes":""},"tags":[],"class_list":["post-2766","page","type-page","status-publish","hentry"],"acf":[],"yoast_head":"<!-- This site is optimized with the Yoast SEO plugin v26.6 - https:\/\/yoast.com\/wordpress\/plugins\/seo\/ -->\n<title>Lezione 7 - Gestione dei Soldi - Parte 1<\/title>\n<meta name=\"description\" content=\"La Predica Molto spesso, su queste pagine di GameMaster Online, vi far\u00f2 frequentemente delle prediche, principalmente perch\u00e8 odio pensare che la gente\" \/>\n<meta name=\"robots\" content=\"index, follow, max-snippet:-1, max-image-preview:large, max-video-preview:-1\" \/>\n<link rel=\"canonical\" href=\"https:\/\/www.it.blackjackinfo.com\/scuola-di-blackjack\/lezione-7-gestione-dei-soldi-parte-1\/\" \/>\n<meta property=\"og:locale\" content=\"es_ES\" \/>\n<meta property=\"og:type\" content=\"article\" \/>\n<meta property=\"og:title\" content=\"Lezione 7 - Gestione dei Soldi - Parte 1\" \/>\n<meta property=\"og:description\" content=\"La Predica Molto spesso, su queste pagine di GameMaster Online, vi far\u00f2 frequentemente delle prediche, principalmente perch\u00e8 odio pensare che la gente\" \/>\n<meta property=\"og:url\" content=\"https:\/\/www.it.blackjackinfo.com\/scuola-di-blackjack\/lezione-7-gestione-dei-soldi-parte-1\/\" \/>\n<meta property=\"og:site_name\" content=\"BlackjackInfo.com\" \/>\n<meta property=\"article:modified_time\" content=\"2018-04-18T07:07:14+00:00\" \/>\n<meta name=\"twitter:label1\" content=\"Tiempo de lectura\" \/>\n\t<meta name=\"twitter:data1\" content=\"7 minutos\" \/>\n<script type=\"application\/ld+json\" class=\"yoast-schema-graph\">{\"@context\":\"https:\/\/schema.org\",\"@graph\":[{\"@type\":\"WebPage\",\"@id\":\"https:\/\/www.it.blackjackinfo.com\/scuola-di-blackjack\/lezione-7-gestione-dei-soldi-parte-1\/\",\"url\":\"https:\/\/www.it.blackjackinfo.com\/scuola-di-blackjack\/lezione-7-gestione-dei-soldi-parte-1\/\",\"name\":\"Lezione 7 - Gestione dei Soldi - Parte 1\",\"isPartOf\":{\"@id\":\"https:\/\/www.blackjackinfo.com\/#website\"},\"datePublished\":\"2017-03-13T01:50:19+00:00\",\"dateModified\":\"2018-04-18T07:07:14+00:00\",\"description\":\"La Predica Molto spesso, su queste pagine di GameMaster Online, vi far\u00f2 frequentemente delle prediche, principalmente perch\u00e8 odio pensare che la gente\",\"breadcrumb\":{\"@id\":\"https:\/\/www.it.blackjackinfo.com\/scuola-di-blackjack\/lezione-7-gestione-dei-soldi-parte-1\/#breadcrumb\"},\"inLanguage\":\"es\",\"potentialAction\":[{\"@type\":\"ReadAction\",\"target\":[\"https:\/\/www.it.blackjackinfo.com\/scuola-di-blackjack\/lezione-7-gestione-dei-soldi-parte-1\/\"]}]},{\"@type\":\"BreadcrumbList\",\"@id\":\"https:\/\/www.it.blackjackinfo.com\/scuola-di-blackjack\/lezione-7-gestione-dei-soldi-parte-1\/#breadcrumb\",\"itemListElement\":[{\"@type\":\"ListItem\",\"position\":1,\"name\":\"Home\",\"item\":\"https:\/\/www.blackjackinfo.com\/\"},{\"@type\":\"ListItem\",\"position\":2,\"name\":\"La Scuola di Blackjack di GameMaster\",\"item\":\"https:\/\/www.it.blackjackinfo.com\/scuola-di-blackjack\/\"},{\"@type\":\"ListItem\",\"position\":3,\"name\":\"Lezione 7 &#8211; Gestione dei Soldi &#8211; Parte 1\"}]},{\"@type\":\"WebSite\",\"@id\":\"https:\/\/www.blackjackinfo.com\/#website\",\"url\":\"https:\/\/www.blackjackinfo.com\/\",\"name\":\"BlackjackInfo.com\",\"description\":\"Because Winning is More Fun!\",\"potentialAction\":[{\"@type\":\"SearchAction\",\"target\":{\"@type\":\"EntryPoint\",\"urlTemplate\":\"https:\/\/www.blackjackinfo.com\/?s={search_term_string}\"},\"query-input\":{\"@type\":\"PropertyValueSpecification\",\"valueRequired\":true,\"valueName\":\"search_term_string\"}}],\"inLanguage\":\"es\"}]}<\/script>\n<!-- \/ Yoast SEO plugin. -->","yoast_head_json":{"title":"Secci\u00f3n 7 - Gesti\u00f3n de soldados - Parte 1","description":"La Predica Muy a menudo, en estas p\u00e1ginas de GameMaster Online, me refiero a las predicciones, sobre todo porque odio pensar que la gente...","robots":{"index":"index","follow":"follow","max-snippet":"max-snippet:-1","max-image-preview":"max-image-preview:large","max-video-preview":"max-video-preview:-1"},"canonical":"https:\/\/www.it.blackjackinfo.com\/scuola-di-blackjack\/lezione-7-gestione-dei-soldi-parte-1\/","og_locale":"es_ES","og_type":"article","og_title":"Lezione 7 - Gestione dei Soldi - Parte 1","og_description":"La Predica Molto spesso, su queste pagine di GameMaster Online, vi far\u00f2 frequentemente delle prediche, principalmente perch\u00e8 odio pensare che la gente","og_url":"https:\/\/www.it.blackjackinfo.com\/scuola-di-blackjack\/lezione-7-gestione-dei-soldi-parte-1\/","og_site_name":"BlackjackInfo.com","article_modified_time":"2018-04-18T07:07:14+00:00","twitter_misc":{"Tiempo de lectura":"7 minutos"},"schema":{"@context":"https:\/\/schema.org","@graph":[{"@type":"WebPage","@id":"https:\/\/www.it.blackjackinfo.com\/scuola-di-blackjack\/lezione-7-gestione-dei-soldi-parte-1\/","url":"https:\/\/www.it.blackjackinfo.com\/scuola-di-blackjack\/lezione-7-gestione-dei-soldi-parte-1\/","name":"Secci\u00f3n 7 - Gesti\u00f3n de soldados - Parte 1","isPartOf":{"@id":"https:\/\/www.blackjackinfo.com\/#website"},"datePublished":"2017-03-13T01:50:19+00:00","dateModified":"2018-04-18T07:07:14+00:00","description":"La Predica Muy a menudo, en estas p\u00e1ginas de GameMaster Online, me refiero a las predicciones, sobre todo porque odio pensar que la gente...","breadcrumb":{"@id":"https:\/\/www.it.blackjackinfo.com\/scuola-di-blackjack\/lezione-7-gestione-dei-soldi-parte-1\/#breadcrumb"},"inLanguage":"es","potentialAction":[{"@type":"ReadAction","target":["https:\/\/www.it.blackjackinfo.com\/scuola-di-blackjack\/lezione-7-gestione-dei-soldi-parte-1\/"]}]},{"@type":"BreadcrumbList","@id":"https:\/\/www.it.blackjackinfo.com\/scuola-di-blackjack\/lezione-7-gestione-dei-soldi-parte-1\/#breadcrumb","itemListElement":[{"@type":"ListItem","position":1,"name":"Home","item":"https:\/\/www.blackjackinfo.com\/"},{"@type":"ListItem","position":2,"name":"La Scuola di Blackjack di GameMaster","item":"https:\/\/www.it.blackjackinfo.com\/scuola-di-blackjack\/"},{"@type":"ListItem","position":3,"name":"Lezione 7 &#8211; Gestione dei Soldi &#8211; Parte 1"}]},{"@type":"WebSite","@id":"https:\/\/www.blackjackinfo.com\/#website","url":"https:\/\/www.blackjackinfo.com\/","name":"BlackjackInfo.com","description":"\u00a1Porque ganar es m\u00e1s divertido!","potentialAction":[{"@type":"SearchAction","target":{"@type":"EntryPoint","urlTemplate":"https:\/\/www.blackjackinfo.com\/?s={search_term_string}"},"query-input":{"@type":"PropertyValueSpecification","valueRequired":true,"valueName":"search_term_string"}}],"inLanguage":"es"}]}},"_links":{"self":[{"href":"https:\/\/www.blackjackinfo.com\/es\/wp-json\/wp\/v2\/pages\/2766","targetHints":{"allow":["GET"]}}],"collection":[{"href":"https:\/\/www.blackjackinfo.com\/es\/wp-json\/wp\/v2\/pages"}],"about":[{"href":"https:\/\/www.blackjackinfo.com\/es\/wp-json\/wp\/v2\/types\/page"}],"author":[{"embeddable":true,"href":"https:\/\/www.blackjackinfo.com\/es\/wp-json\/wp\/v2\/users\/4"}],"replies":[{"embeddable":true,"href":"https:\/\/www.blackjackinfo.com\/es\/wp-json\/wp\/v2\/comments?post=2766"}],"version-history":[{"count":2,"href":"https:\/\/www.blackjackinfo.com\/es\/wp-json\/wp\/v2\/pages\/2766\/revisions"}],"predecessor-version":[{"id":2768,"href":"https:\/\/www.blackjackinfo.com\/es\/wp-json\/wp\/v2\/pages\/2766\/revisions\/2768"}],"up":[{"embeddable":true,"href":"https:\/\/www.blackjackinfo.com\/es\/wp-json\/wp\/v2\/pages\/2715"}],"wp:attachment":[{"href":"https:\/\/www.blackjackinfo.com\/es\/wp-json\/wp\/v2\/media?parent=2766"}],"wp:term":[{"taxonomy":"post_tag","embeddable":true,"href":"https:\/\/www.blackjackinfo.com\/es\/wp-json\/wp\/v2\/tags?post=2766"}],"curies":[{"name":"wp","href":"https:\/\/api.w.org\/{rel}","templated":true}]}}