{"id":2769,"date":"2017-03-12T21:11:45","date_gmt":"2017-03-13T02:11:45","guid":{"rendered":"https:\/\/www.blackjackinfo.com\/?page_id=2769\/"},"modified":"2018-04-18T02:07:14","modified_gmt":"2018-04-18T07:07:14","slug":"leccion-8-gestion-de-los-fondos-parte-2","status":"publish","type":"page","link":"https:\/\/www.blackjackinfo.com\/es\/scuola-di-blackjack\/lezione-8-gestione-dei-soldi-parte-2\/","title":{"rendered":"Secci\u00f3n 8 - Gesti\u00f3n de soldados - Parte 2"},"content":{"rendered":"<h3 class=\"gbs-heading\">Qualche parola sul Mazzo Singolo<\/h3>\n<p class=\"intro\"><b>En la lecci\u00f3n anterior, hemos ense\u00f1ado a calcular el \"recuento real\" para un juego con m\u00e1s ratones, pero queremos se\u00f1alar que el recuento real tambi\u00e9n se aplica a juegos con un solo rat\u00f3n.<\/b> La conversi\u00f3n es un poco diferente, pero el resultado es el mismo; siempre terminaremos con un recuento estandarizado para el mazo siguiente. Si ves una sola carta en un juego con un solo mazo, por ejemplo un 5, entonces tendremos un \"recuento corriente\" de 1 y un recuento real de uno. Esto, por supuesto, porque hay un solo mazo con el que se inicia el juego y la cuenta real se calcula dividiendo la cuenta corriente por el n\u00famero de mazos restantes. Si, despu\u00e9s de haber jugado varias manos, la cuenta corriente es 6 y quedan los tres cuartos del laberinto para jugar, entonces dividiremos 6 entre 0,75 para determinar la cuenta verdadera. En este caso, la cuenta real es 8. Si estamos en el medio del laberinto, la cuenta real ser\u00e1 6 dividido 0,50 = 12. \u00bfHas entendido este concepto? En un juego con un solo laberinto, tienes que dividir por las frecuencias, y esto no es muy f\u00e1cil de calcular, de hecho todos los contadores de cartas para el juego con un solo laberinto han necesitado conectarse a este punto para poder calcularlo correctamente mientras juegan.<\/p>\n<h3 class=\"gbs-heading\">Comenzar con True Count<\/h3>\n<p><b>Por cada incremento de 1 en la cuenta real, calculado seg\u00fan el m\u00e9todo de conteo Hi \/ Lo, la ganancia del jugador aumenta en aproximadamente 0,5% considerando un juego medio de Blackjack.<\/b> Si el casino tiene una ventaja de 0,40% sobre la estrategia base del jugador (6 fichas, un radio por cada copia de carta inicial, un radio consentido despu\u00e9s de la divisi\u00f3n, el crupier juega con A-6), se necesita un recuento verdadero de s\u00f3lo 1 para obtener \"la paridad\" con el banco. Estar a la par significa que el jugador que utilice la estrategia base correcta perder\u00e1 tanto como pierda - en un largo per\u00edodo - con una cuenta verdadera de uno. Un recuento verdadero de 2 dar\u00e1 al contador una ventaja de 0,5% respecto al banco; un recuento verdadero de 3 dar\u00e1 una ventaja de 1% y as\u00ed sucesivamente.<\/p>\n<p><b>La ventaja que tiene un jugador frente a las cartas que deben distribuirse determina su puntuaci\u00f3n.<\/b> Los contadores s\u00f3lo compran una peque\u00f1a cantidad de su capital por cada mano, porque si se vinieran abajo a largo plazo, podr\u00edan perder cada mano. Al elegir un valor proporcional a su ventaja (el llamado \"Principio de Kelly\"), maximizan su potencial y minimizan el riesgo. Mucha gente interpreta el Principio de Kelly como una proporci\u00f3n directa de la ganancia. Piensan que si tienes una desventaja de 1%, entonces debes anunciar el 1% de tu \"disponibilidad\" y esto no es correcto. Lo que no se tiene en cuenta es la posibilidad de redistribuir, dividir las copias que son acciones que se verifican naturalmente durante el juego y que aumentan el riesgo o \"varianza\" de una mano. Para una variante de juego con las reglas arriba indicadas, la mejor opci\u00f3n es la 76% del riesgo del jugador. Aqu\u00ed tienes una tabla con las mejores puntuaciones, que tambi\u00e9n es v\u00e1lida para muchos juegos con m\u00e1s jugadores:<\/p>\n<table class=\"gbs-ctable\">\n<tbody>\n<tr>\n<td><b>Recuento real<\/b><\/td>\n<td><b>Vantaggio<\/b><\/td>\n<td><b>% Scommessa Ottimale<\/b><\/td>\n<\/tr>\n<tr>\n<td>-1 o di meno<\/td>\n<td>-1,00% o di pi\u00f9<\/td>\n<td>0%<\/td>\n<\/tr>\n<tr>\n<td>0<\/td>\n<td>-0.50%<\/td>\n<td>0%<\/td>\n<\/tr>\n<tr>\n<td>1<\/td>\n<td>0%<\/td>\n<td>0%<\/td>\n<\/tr>\n<tr>\n<td>2<\/td>\n<td>0,5%x76%<\/td>\n<td>.38%<\/td>\n<\/tr>\n<tr>\n<td>3<\/td>\n<td>1.0%x76%<\/td>\n<td>.76%<\/td>\n<\/tr>\n<tr>\n<td>4<\/td>\n<td>1,5%x76%<\/td>\n<td>1.14%<\/td>\n<\/tr>\n<tr>\n<td>5<\/td>\n<td>2.0%x76%<\/td>\n<td>1.52%<\/td>\n<\/tr>\n<tr>\n<td>6<\/td>\n<td>2,5%x76%<\/td>\n<td>1.90%<\/td>\n<\/tr>\n<tr>\n<td>7<\/td>\n<td>3.0%x76%<\/td>\n<td>2.28%<\/td>\n<\/tr>\n<\/tbody>\n<\/table>\n<p>Usando esta tabla, puede calcular el presupuesto \u00f3ptimo para cada presupuesto; para ampliar su presupuesto, multiplique la cifra en la \u00faltima columna. Por ejemplo, para un presupuesto de $3000, la cuenta \u00f3ptima cuando la cuenta real es 2 es 0.0038 X $3000 = $11.40.<\/p>\n<h3 class=\"gbs-heading\">Algunas consideraciones pr\u00e1cticas<\/h3>\n<p><b>En primer lugar, no es aconsejable desplazarse en unidades menores de $1, por lo que el elenco de las posiciones se ver\u00e1 reducido por defecto. En segundo lugar, es m\u00e1s apropiado hacerlo en unidades de $5, ya que de este modo se asimila al jugador medio y, adem\u00e1s, se acorta el c\u00e1lculo necesario.<\/b> Adem\u00e1s, es imposible calcular tu puntuaci\u00f3n \u00f3ptima mientras est\u00e1s sentado en la mesa de juego, aunque deber\u00edas calcularlo en funci\u00f3n de c\u00f3mo var\u00ede tu presupuesto durante la partida. Por \u00faltimo, no es posible jugar solo cuando la cuenta real es de 2 o m\u00e1s de 2; algunas veces deber\u00e1s realizar apuestas cuando la casa de juego tenga una ventaja sobre ti. Todos estos errores y el juego con los ratones negativos disminuyen tu porcentaje de victoria, pero conocer las condiciones que pueden costarte dinero, significa que tienes que hacer algo para minimizar su impacto en tus ganancias.<\/p>\n<h3 class=\"gbs-heading\">Lo Scarto delle Scommesse<\/h3>\n<p><b>El juego con un solo laberinto que tenga un nivel de dificultad decente y en el que se usen tres o m\u00e1s cartas antes de una misi\u00f3n se puede combatir con un escarceo de 1 a 4.<\/b> Un juego de dos jugadores en el que se usen setenta o m\u00e1s cartas antes de ser cambiadas puede, por s\u00ed solo, batirse con un escudo de 1 a 6. Un juego de cuatro o m\u00e1s jugadores necesitar\u00e1 un escudo de 1 a 12 para obtener una ventaja. Hablaremos de la valoraci\u00f3n del tipo de juego en una pr\u00f3xima lectura, pero he querido obtener las bases para la gesti\u00f3n de tu dinero d\u00e1ndote una idea de lo que necesitas para ganar al Blackjack. El juego se expresa en unidades de fichas, por lo que si juegas con fichas de $5, tendr\u00e1s una ficha de $5 a $60 si juegas con siete fichas. Dado que un contador deber\u00eda tener un presupuesto de al menos 50 puntos de valor m\u00e1ximo en su presupuesto, una tarjeta de este tipo necesitar\u00eda un presupuesto de $3000.<br \/>\nCon un presupuesto de $3000, la programaci\u00f3n de las compras ser\u00e1 como sigue:<\/p>\n<table class=\"gbs-ctable\">\n<tbody>\n<tr>\n<td><b>Recuento real<\/b><\/td>\n<td><b>Scommessa del Giocatore<\/b><\/td>\n<td><b>Scommessa Ottimale<\/b><\/td>\n<\/tr>\n<tr>\n<td>0 o di meno<\/td>\n<td>$5<\/td>\n<td>$0<\/td>\n<\/tr>\n<tr>\n<td>1<\/td>\n<td>$5<\/td>\n<td>$0<\/td>\n<\/tr>\n<tr>\n<td>2<\/td>\n<td>$10<\/td>\n<td>$11.20<\/td>\n<\/tr>\n<tr>\n<td>3<\/td>\n<td>$20<\/td>\n<td>$22.80<\/td>\n<\/tr>\n<tr>\n<td>4<\/td>\n<td>$40<\/td>\n<td>$34.20<\/td>\n<\/tr>\n<tr>\n<td>5<\/td>\n<td>$50<\/td>\n<td>$45.60<\/td>\n<\/tr>\n<tr>\n<td>6<\/td>\n<td>$60<\/td>\n<td>$57.00<\/td>\n<\/tr>\n<\/tbody>\n<\/table>\n<p>La programaci\u00f3n de los resultados de arriba le permitir\u00e1 \"puntare\" aumentando los resultados para que el conteo crezca, por lo que parecer\u00e1 un verdadero \"giocatore d'azzardo\".<\/p>\n<p><b>ARRIESGAR\u00c1S MUCHO DINERO Y ENCONTRAR\u00c1S SITUACIONES M\u00c1S VENTAJOSAS SI DEJAS LA MESA CUANDO EL RECUENTO TRUE COUNT EST\u00c9 POR DEBAJO DE -1. PERO S\u00d3LO LO PERDER\u00c1S DESPU\u00c9S DE HABER PERDIDO UNA MANO; NING\u00daN JUGADOR DE AZAR PERDER\u00c1 UNA FICHA DESPU\u00c9S DE UNA VICTORIA.<\/b><\/p>\n<p>\u00bfHas tenido que girar un poco la cabeza? Si es as\u00ed, no te preocupes porque, en los pr\u00f3ximos meses, confeccionaremos todo este material en un bonito paquete f\u00e1cil de entender. Come al solito fate i vostri compiti, e poi uscite.<\/p>\n<h3 class=\"gbs-heading\">Compiti per casa<\/h3>\n<p>Nadie. Che ne dite di una pausa?<\/p>","protected":false},"excerpt":{"rendered":"<p>Qualche parola sul Mazzo Singolo Nella lezione precedente, vi ho insegnato a calcolare il &#8220;true count&#8221; per un gioco con pi\u00f9 mazzi, ma intendo sottolineare che il concetto di true count si applica anche ai giochi con un solo mazzo. La conversione si f\u00e0 un po&#8217; differentemente, ma il risultato \u00e8 lo stesso; terminerete sempre [&hellip;]<\/p>\n","protected":false},"author":4,"featured_media":0,"parent":2715,"menu_order":0,"comment_status":"open","ping_status":"open","template":"page-blacjack-school-it.php","meta":{"_acf_changed":false,"footnotes":""},"tags":[],"class_list":["post-2769","page","type-page","status-publish","hentry"],"acf":[],"yoast_head":"<!-- This site is optimized with the Yoast SEO plugin v26.6 - https:\/\/yoast.com\/wordpress\/plugins\/seo\/ -->\n<title>Lezione 8 - Gestione dei Soldi - Parte 2<\/title>\n<meta name=\"description\" content=\"Qualche parola sul Mazzo Singolo Nella lezione precedente, vi ho insegnato a calcolare il &quot;true count&quot; per un gioco con pi\u00f9 mazzi, ma intendo sottolineare\" \/>\n<meta name=\"robots\" content=\"index, follow, max-snippet:-1, max-image-preview:large, max-video-preview:-1\" \/>\n<link rel=\"canonical\" href=\"https:\/\/www.blackjackinfo.com\/es\/escuela-de-blackjack\/leccion-08-gestion-del-dinero-parte-2\/\" \/>\n<meta property=\"og:locale\" content=\"es_ES\" \/>\n<meta property=\"og:type\" content=\"article\" \/>\n<meta property=\"og:title\" content=\"Lezione 8 - Gestione dei Soldi - Parte 2\" \/>\n<meta property=\"og:description\" content=\"Qualche parola sul Mazzo Singolo Nella lezione precedente, vi ho insegnato a calcolare il &quot;true count&quot; per un gioco con pi\u00f9 mazzi, ma intendo sottolineare\" \/>\n<meta property=\"og:url\" content=\"https:\/\/www.blackjackinfo.com\/es\/escuela-de-blackjack\/leccion-08-gestion-del-dinero-parte-2\/\" \/>\n<meta property=\"og:site_name\" content=\"BlackjackInfo.com\" \/>\n<meta property=\"article:modified_time\" content=\"2018-04-18T07:07:14+00:00\" \/>\n<meta name=\"twitter:label1\" content=\"Tiempo de lectura\" \/>\n\t<meta name=\"twitter:data1\" content=\"5 minutos\" \/>\n<script type=\"application\/ld+json\" class=\"yoast-schema-graph\">{\"@context\":\"https:\/\/schema.org\",\"@graph\":[{\"@type\":\"WebPage\",\"@id\":\"https:\/\/www.blackjackinfo.com\/blackjack-school\/lesson-08-money-management-part-2\/\",\"url\":\"https:\/\/www.blackjackinfo.com\/blackjack-school\/lesson-08-money-management-part-2\/\",\"name\":\"Lezione 8 - Gestione dei Soldi - Parte 2\",\"isPartOf\":{\"@id\":\"https:\/\/www.blackjackinfo.com\/#website\"},\"datePublished\":\"2017-03-13T02:11:45+00:00\",\"dateModified\":\"2018-04-18T07:07:14+00:00\",\"description\":\"Qualche parola sul Mazzo Singolo Nella lezione precedente, vi ho insegnato a calcolare il \\\"true count\\\" per un gioco con pi\u00f9 mazzi, ma intendo sottolineare\",\"breadcrumb\":{\"@id\":\"https:\/\/www.blackjackinfo.com\/blackjack-school\/lesson-08-money-management-part-2\/#breadcrumb\"},\"inLanguage\":\"es\",\"potentialAction\":[{\"@type\":\"ReadAction\",\"target\":[\"https:\/\/www.blackjackinfo.com\/blackjack-school\/lesson-08-money-management-part-2\/\"]}]},{\"@type\":\"BreadcrumbList\",\"@id\":\"https:\/\/www.blackjackinfo.com\/blackjack-school\/lesson-08-money-management-part-2\/#breadcrumb\",\"itemListElement\":[{\"@type\":\"ListItem\",\"position\":1,\"name\":\"Home\",\"item\":\"https:\/\/www.blackjackinfo.com\/\"},{\"@type\":\"ListItem\",\"position\":2,\"name\":\"La Scuola di Blackjack di GameMaster\",\"item\":\"https:\/\/www.it.blackjackinfo.com\/scuola-di-blackjack\/\"},{\"@type\":\"ListItem\",\"position\":3,\"name\":\"Lezione 8 &#8211; Gestione dei Soldi &#8211; Parte 2\"}]},{\"@type\":\"WebSite\",\"@id\":\"https:\/\/www.blackjackinfo.com\/#website\",\"url\":\"https:\/\/www.blackjackinfo.com\/\",\"name\":\"BlackjackInfo.com\",\"description\":\"Because Winning is More Fun!\",\"potentialAction\":[{\"@type\":\"SearchAction\",\"target\":{\"@type\":\"EntryPoint\",\"urlTemplate\":\"https:\/\/www.blackjackinfo.com\/?s={search_term_string}\"},\"query-input\":{\"@type\":\"PropertyValueSpecification\",\"valueRequired\":true,\"valueName\":\"search_term_string\"}}],\"inLanguage\":\"es\"}]}<\/script>\n<!-- \/ Yoast SEO plugin. -->","yoast_head_json":{"title":"Secci\u00f3n 8 - Gesti\u00f3n de soldados - Parte 2","description":"Algunas palabras sobre el mazo \u00fanico En la lecci\u00f3n anterior, le ense\u00f1\u00e9 a calcular el \"recuento real\" para un juego con m\u00e1s mazos, pero quer\u00eda saber m\u00e1s.","robots":{"index":"index","follow":"follow","max-snippet":"max-snippet:-1","max-image-preview":"max-image-preview:large","max-video-preview":"max-video-preview:-1"},"canonical":"https:\/\/www.blackjackinfo.com\/es\/escuela-de-blackjack\/leccion-08-gestion-del-dinero-parte-2\/","og_locale":"es_ES","og_type":"article","og_title":"Lezione 8 - Gestione dei Soldi - Parte 2","og_description":"Qualche parola sul Mazzo Singolo Nella lezione precedente, vi ho insegnato a calcolare il \"true count\" per un gioco con pi\u00f9 mazzi, ma intendo sottolineare","og_url":"https:\/\/www.blackjackinfo.com\/es\/escuela-de-blackjack\/leccion-08-gestion-del-dinero-parte-2\/","og_site_name":"BlackjackInfo.com","article_modified_time":"2018-04-18T07:07:14+00:00","twitter_misc":{"Tiempo de lectura":"5 minutos"},"schema":{"@context":"https:\/\/schema.org","@graph":[{"@type":"WebPage","@id":"https:\/\/www.blackjackinfo.com\/blackjack-school\/lesson-08-money-management-part-2\/","url":"https:\/\/www.blackjackinfo.com\/blackjack-school\/lesson-08-money-management-part-2\/","name":"Secci\u00f3n 8 - Gesti\u00f3n de soldados - Parte 2","isPartOf":{"@id":"https:\/\/www.blackjackinfo.com\/#website"},"datePublished":"2017-03-13T02:11:45+00:00","dateModified":"2018-04-18T07:07:14+00:00","description":"Algunas palabras sobre el mazo \u00fanico En la lecci\u00f3n anterior, le ense\u00f1\u00e9 a calcular el \"recuento real\" para un juego con m\u00e1s mazos, pero quer\u00eda saber m\u00e1s.","breadcrumb":{"@id":"https:\/\/www.blackjackinfo.com\/blackjack-school\/lesson-08-money-management-part-2\/#breadcrumb"},"inLanguage":"es","potentialAction":[{"@type":"ReadAction","target":["https:\/\/www.blackjackinfo.com\/blackjack-school\/lesson-08-money-management-part-2\/"]}]},{"@type":"BreadcrumbList","@id":"https:\/\/www.blackjackinfo.com\/blackjack-school\/lesson-08-money-management-part-2\/#breadcrumb","itemListElement":[{"@type":"ListItem","position":1,"name":"Home","item":"https:\/\/www.blackjackinfo.com\/"},{"@type":"ListItem","position":2,"name":"La Scuola di Blackjack di GameMaster","item":"https:\/\/www.it.blackjackinfo.com\/scuola-di-blackjack\/"},{"@type":"ListItem","position":3,"name":"Lezione 8 &#8211; Gestione dei Soldi &#8211; Parte 2"}]},{"@type":"WebSite","@id":"https:\/\/www.blackjackinfo.com\/#website","url":"https:\/\/www.blackjackinfo.com\/","name":"BlackjackInfo.com","description":"\u00a1Porque ganar es m\u00e1s divertido!","potentialAction":[{"@type":"SearchAction","target":{"@type":"EntryPoint","urlTemplate":"https:\/\/www.blackjackinfo.com\/?s={search_term_string}"},"query-input":{"@type":"PropertyValueSpecification","valueRequired":true,"valueName":"search_term_string"}}],"inLanguage":"es"}]}},"_links":{"self":[{"href":"https:\/\/www.blackjackinfo.com\/es\/wp-json\/wp\/v2\/pages\/2769","targetHints":{"allow":["GET"]}}],"collection":[{"href":"https:\/\/www.blackjackinfo.com\/es\/wp-json\/wp\/v2\/pages"}],"about":[{"href":"https:\/\/www.blackjackinfo.com\/es\/wp-json\/wp\/v2\/types\/page"}],"author":[{"embeddable":true,"href":"https:\/\/www.blackjackinfo.com\/es\/wp-json\/wp\/v2\/users\/4"}],"replies":[{"embeddable":true,"href":"https:\/\/www.blackjackinfo.com\/es\/wp-json\/wp\/v2\/comments?post=2769"}],"version-history":[{"count":2,"href":"https:\/\/www.blackjackinfo.com\/es\/wp-json\/wp\/v2\/pages\/2769\/revisions"}],"predecessor-version":[{"id":2771,"href":"https:\/\/www.blackjackinfo.com\/es\/wp-json\/wp\/v2\/pages\/2769\/revisions\/2771"}],"up":[{"embeddable":true,"href":"https:\/\/www.blackjackinfo.com\/es\/wp-json\/wp\/v2\/pages\/2715"}],"wp:attachment":[{"href":"https:\/\/www.blackjackinfo.com\/es\/wp-json\/wp\/v2\/media?parent=2769"}],"wp:term":[{"taxonomy":"post_tag","embeddable":true,"href":"https:\/\/www.blackjackinfo.com\/es\/wp-json\/wp\/v2\/tags?post=2769"}],"curies":[{"name":"wp","href":"https:\/\/api.w.org\/{rel}","templated":true}]}}