{"id":2772,"date":"2017-03-12T21:26:18","date_gmt":"2017-03-13T02:26:18","guid":{"rendered":"https:\/\/www.blackjackinfo.com\/?page_id=2772\/"},"modified":"2018-04-18T02:07:14","modified_gmt":"2018-04-18T07:07:14","slug":"leccion-9-gestion-de-los-fondos-parte-3","status":"publish","type":"page","link":"https:\/\/www.blackjackinfo.com\/es\/scuola-di-blackjack\/lezione-9-gestione-dei-soldi-parte-3\/","title":{"rendered":"Secci\u00f3n 9 - Gesti\u00f3n de soldados - Parte 3"},"content":{"rendered":"<h3 class=\"gbs-heading\">Aspettativa e Deviazione Standard<\/h3>\n<p class=\"intro\">Si tiras una moneda 100 veces, vi <b>aspetterete<\/b> de encontrar 50 veces testa y 50 veces cruz. Pero la realidad podr\u00eda ser diferente; la misura de esta realidad se llama \"desviaci\u00f3n est\u00e1ndar\".<\/p>\n<p><b>La desviaci\u00f3n est\u00e1ndar es un t\u00e9rmino matem\u00e1tico utilizado para predecir el resultado de una situaci\u00f3n.<\/b> En el lanzamiento anterior de la moneda, pretend\u00edamos que se comprobaran 50 veces el test y 50 veces la cruz, pero en dos tercios del tiempo el resultado real ser\u00e1 algo entre 45 y 55 en todos los casos. Por lo tanto, un resultado de 55 pruebas y 45 cruces, o en este intervalo, no es raro; por lo tanto, ser\u00e1 el 68,3% de las veces. Este error supone una desviaci\u00f3n est\u00e1ndar de 1 respecto a nuestras previsiones, por lo que si no tenemos centenares de \"pruebas\" consistentes ni una sola vez al tirar 100 veces la moneda, podremos descifrar nuestros resultados en una curva de campana en la que la mayor\u00eda de los resultados se sit\u00faan entre 55 y 45 en todos los casos. Lo que ser\u00eda raro es que hubiera muchas pruebas en las que el resultado fuera efectivamente 50-50. \u00bfSe ha dado cuenta? Bene. Necesitas comprender este concepto para poder superar la ansiedad que te invade cuando compruebas las p\u00e9rdidas inevitables en este juego.<\/p>\n<p><b>No hay nada que haya causado m\u00e1s abusos por parte de los contadores al Blackjack que la mala comprensi\u00f3n de la norma de verificar la desviaci\u00f3n est\u00e1ndar.<\/b> Aquellos que tienen las cartas y se las alientan durante mucho tiempo aspiran irrealistamente a ganar cada vez que juegan, por lo que cuando pierden varias veces, se dan cuenta de lo que han hecho. Si luego se exceden en su disponibilidad y juegan con las manos cuando salen de la batea, ya han gastado sus sueldos.<\/p>\n<h3 class=\"gbs-heading\">LA PAZ Y LA HABILIDAD NO VENCEN - LAS IMPRESIONES Y LAS ESPERANZAS NO VENCEN. LAS APUESTAS NO FUNCIONAN CON EL BLACKJACK.<\/h3>\n<p><b>Y ahora, \u00bfqu\u00e9 queremos? \u00bfQu\u00e9 es lo mejor que podemos hacer?<\/b> Si pierdes todo el dinero, pero si estabilizas un presupuesto de al menos 50 puntos 'masivos', jugando correctamente la estrategia base todas las veces y no sobrepasando el l\u00edmite, tendr\u00e1s buenas posibilidades de ganar dinero en el Blackjack - si el juego en el casino que frecuentas es un juego que puede ser batido. \u00bfNunca hab\u00edas dicho que era f\u00e1cil?<\/p>\n<p><b>La tabla de abajo muestra los resultados posibles, cada dos horas de juego, para un juego equitativo.<\/b> Junto con las previsiones, se muestran los posibles resultados en d\u00f3lares de 1 desviaci\u00f3n est\u00e1ndar (68,3% de los voltios) y 2 desviaciones est\u00e1ndar que cubren los 95% de los voltios. Tre deviazioni standard coprono i casi per il 99.7% delle volte.<\/p>\n<hr \/>\n<p class=\"ctr\"><b>Vincite Previste \/ Deviazione Standard<\/b><br \/>\nIpotesi: $12 per scommessa media, 50 mani ogni ora,<br \/>\nvantaggio in media del 1.25%.<\/p>\n<table class=\"gbs-ctable\">\n<caption>\u00a0<\/caption>\n<tbody>\n<tr>\n<th><\/th>\n<th><\/th>\n<th colspan=\"2\" align=\"center\">Resultados<\/th>\n<\/tr>\n<tr>\n<th>Durata<\/th>\n<th>Vincite Previste<\/th>\n<th>68,3% delle volte<\/th>\n<th>95% delle volte<\/th>\n<\/tr>\n<tr>\n<td>3 mineral<\/td>\n<td>$22.50<\/td>\n<td>+$191 a -$147<\/td>\n<td>+$360 a -$316<\/td>\n<\/tr>\n<tr>\n<td>12 mineral<\/td>\n<td>$90.00<\/td>\n<td>+$428 a -$248<\/td>\n<td>+$766 a -$586<\/td>\n<\/tr>\n<tr>\n<td>48 mineral<\/td>\n<td>$360.00<\/td>\n<td>+$1,036 a -$316<\/td>\n<td>+$1,710 a -$992<\/td>\n<\/tr>\n<tr>\n<td>90 minerales<\/td>\n<td>$675.00<\/td>\n<td>+$1,600 a -$250<\/td>\n<td>+$2,525 a -$1,175<\/td>\n<\/tr>\n<\/tbody>\n<\/table>\n<hr \/>\n<p><b>Parliamo un po' di questo. Si juegas varias centenas de \"sesiones\" de 3 horas cada una, la comisi\u00f3n media por estas sesiones ser\u00e1 de $22.50 aproximadamente.<\/b> (Esto se debe a que estamos usando un intervalo de tiempo entre $5 y $60 ya discutido en las lecciones anteriores). En algunas sesiones no se alcanzar\u00e1 exactamente $22.50; alrededor de dos tercios ser\u00e1n algo as\u00ed como una repetici\u00f3n de $191 y una p\u00e9rdida de $147. Muchas de las sesiones restantes podr\u00edan ser de resultados superiores a $360 o de p\u00e9rdidas superiores a $316, \u00a1y algunos de estos resultados son los m\u00e1s grandes! \u00bfTe has preguntado ya por qu\u00e9 se necesita un presupuesto de $3000 para mantener una cuenta entre $5 y $60? Para estar a la altura, hay que estar en condiciones de absorber las p\u00e9rdidas que muchas veces son las mismas a las que aspiramos. Estos contratiempos son reales; te ocurrir\u00e1 una vez u otra y si no est\u00e1s preparado, empezar\u00e1s a sentirte frustrado y perder\u00e1s la calma haciendo que se te vaya de las manos tu presupuesto.<\/p>\n<p><b>Ora guardate i risultati per 90 ore di gioco. Muchos de vosotros habr\u00e9is alcanzado el punto de paridad despu\u00e9s de muchas horas.<\/b> Algunos de vosotros est\u00e1is en el $2500, pero alguno puede estar en el $1175 o incluso m\u00e1s. \u00a1Ragazzi, en ese caso no quiero saber el nombre con el que chiamerete il vecchio GameMaster! Ma pu\u00f2 succedere e se capita non potr\u00e0 considerarsi raro, quindi chiedetevi fin d'ora se siete in grado di giocare in maniera disciplinata per 90 ore, stando ancora in perdita e continuando a giocare e scommettere come vi ho insegnato. E' triste dirlo, ma molti di voi non saranno in grado di sopportarlo e diventerete un'altra vittima della deviazione standard. Por eso no tengo miedo de que los casinos caigan, aunque todos los jugadores del mundo cuenten con sus cartas - pocos tienen la paz de continuar as\u00ed hasta el final. No quiero ser excesivamente negativo, pero es la realidad. Sin embargo, si sigues lo que te he ense\u00f1ado, los porcentajes al final empezar\u00e1n a volverse a tu favor. Como les dec\u00eda a mis alumnos, \"los billetes llegan a 'pezzi' en el Blackjack\". No se trata de una forma lenta y costosa de ganar dinero; tu presupuesto, a veces, ser\u00e1 como las monta\u00f1as rusas y ser\u00e1 dif\u00edcil administrarlo si te enfrentas a \u00e9l desde un punto de vista emocional.<\/p>\n<p><b>Aprenda a comprender el concepto de desviaci\u00f3n est\u00e1ndar y contin\u00fae \"calibrando\" sus ojos haciendo ejercicios de estimulaci\u00f3n de los ojos.<\/b> Como ya hemos dicho, debes ser preciso y tener un margen de error medio para calcular el recuento real.<\/p>","protected":false},"excerpt":{"rendered":"<p>Aspettativa e Deviazione Standard Se tirate in aria una moneta 100 volte, vi aspetterete di trovare 50 volte testa e 50 volte croce. Ma la realt\u00e0 potrebbe essere differente; la misura di questa realt\u00e0 viene chiamata &#8220;deviazione standard&#8221;. La Deviazione Standard \u00e8 un termine matematico usato per predire il risultato di una situazione. Nel lancio [&hellip;]<\/p>\n","protected":false},"author":4,"featured_media":0,"parent":2715,"menu_order":0,"comment_status":"open","ping_status":"open","template":"page-blacjack-school-it.php","meta":{"_acf_changed":false,"footnotes":""},"tags":[],"class_list":["post-2772","page","type-page","status-publish","hentry"],"acf":[],"yoast_head":"<!-- This site is optimized with the Yoast SEO plugin v26.6 - https:\/\/yoast.com\/wordpress\/plugins\/seo\/ -->\n<title>Lezione 9 - Gestione dei Soldi - Parte 3<\/title>\n<meta name=\"description\" content=\"Aspettativa e Deviazione Standard Se tirate in aria una moneta 100 volte, vi aspetterete di trovare 50 volte testa e 50 volte croce. Ma la realt\u00e0 potrebbe\" \/>\n<meta name=\"robots\" content=\"index, follow, max-snippet:-1, max-image-preview:large, max-video-preview:-1\" \/>\n<link rel=\"canonical\" href=\"https:\/\/www.blackjackinfo.com\/es\/escuela-de-blackjack\/leccion-09-gestion-del-dinero-parte-3\/\" \/>\n<meta property=\"og:locale\" content=\"es_ES\" \/>\n<meta property=\"og:type\" content=\"article\" \/>\n<meta property=\"og:title\" content=\"Lezione 9 - Gestione dei Soldi - Parte 3\" \/>\n<meta property=\"og:description\" content=\"Aspettativa e Deviazione Standard Se tirate in aria una moneta 100 volte, vi aspetterete di trovare 50 volte testa e 50 volte croce. Ma la realt\u00e0 potrebbe\" \/>\n<meta property=\"og:url\" content=\"https:\/\/www.blackjackinfo.com\/es\/escuela-de-blackjack\/leccion-09-gestion-del-dinero-parte-3\/\" \/>\n<meta property=\"og:site_name\" content=\"BlackjackInfo.com\" \/>\n<meta property=\"article:modified_time\" content=\"2018-04-18T07:07:14+00:00\" \/>\n<meta name=\"twitter:label1\" content=\"Tiempo de lectura\" \/>\n\t<meta name=\"twitter:data1\" content=\"4 minutos\" \/>\n<script type=\"application\/ld+json\" class=\"yoast-schema-graph\">{\"@context\":\"https:\/\/schema.org\",\"@graph\":[{\"@type\":\"WebPage\",\"@id\":\"https:\/\/www.blackjackinfo.com\/blackjack-school\/lesson-09-money-management-part-3\/\",\"url\":\"https:\/\/www.blackjackinfo.com\/blackjack-school\/lesson-09-money-management-part-3\/\",\"name\":\"Lezione 9 - Gestione dei Soldi - Parte 3\",\"isPartOf\":{\"@id\":\"https:\/\/www.blackjackinfo.com\/#website\"},\"datePublished\":\"2017-03-13T02:26:18+00:00\",\"dateModified\":\"2018-04-18T07:07:14+00:00\",\"description\":\"Aspettativa e Deviazione Standard Se tirate in aria una moneta 100 volte, vi aspetterete di trovare 50 volte testa e 50 volte croce. Ma la realt\u00e0 potrebbe\",\"breadcrumb\":{\"@id\":\"https:\/\/www.blackjackinfo.com\/blackjack-school\/lesson-09-money-management-part-3\/#breadcrumb\"},\"inLanguage\":\"es\",\"potentialAction\":[{\"@type\":\"ReadAction\",\"target\":[\"https:\/\/www.blackjackinfo.com\/blackjack-school\/lesson-09-money-management-part-3\/\"]}]},{\"@type\":\"BreadcrumbList\",\"@id\":\"https:\/\/www.blackjackinfo.com\/blackjack-school\/lesson-09-money-management-part-3\/#breadcrumb\",\"itemListElement\":[{\"@type\":\"ListItem\",\"position\":1,\"name\":\"Home\",\"item\":\"https:\/\/www.blackjackinfo.com\/\"},{\"@type\":\"ListItem\",\"position\":2,\"name\":\"La Scuola di Blackjack di GameMaster\",\"item\":\"https:\/\/www.it.blackjackinfo.com\/scuola-di-blackjack\/\"},{\"@type\":\"ListItem\",\"position\":3,\"name\":\"Lezione 9 &#8211; Gestione dei Soldi &#8211; Parte 3\"}]},{\"@type\":\"WebSite\",\"@id\":\"https:\/\/www.blackjackinfo.com\/#website\",\"url\":\"https:\/\/www.blackjackinfo.com\/\",\"name\":\"BlackjackInfo.com\",\"description\":\"Because Winning is More Fun!\",\"potentialAction\":[{\"@type\":\"SearchAction\",\"target\":{\"@type\":\"EntryPoint\",\"urlTemplate\":\"https:\/\/www.blackjackinfo.com\/?s={search_term_string}\"},\"query-input\":{\"@type\":\"PropertyValueSpecification\",\"valueRequired\":true,\"valueName\":\"search_term_string\"}}],\"inLanguage\":\"es\"}]}<\/script>\n<!-- \/ Yoast SEO plugin. -->","yoast_head_json":{"title":"Secci\u00f3n 9 - Gesti\u00f3n de soldados - Parte 3","description":"Aspettativa e Deviazione Standard Se tirate in aria una moneta 100 volte, vi aspetterete di trovare 50 volte testa e 50 volte croce. Pero la realidad podr\u00eda ser","robots":{"index":"index","follow":"follow","max-snippet":"max-snippet:-1","max-image-preview":"max-image-preview:large","max-video-preview":"max-video-preview:-1"},"canonical":"https:\/\/www.blackjackinfo.com\/es\/escuela-de-blackjack\/leccion-09-gestion-del-dinero-parte-3\/","og_locale":"es_ES","og_type":"article","og_title":"Lezione 9 - Gestione dei Soldi - Parte 3","og_description":"Aspettativa e Deviazione Standard Se tirate in aria una moneta 100 volte, vi aspetterete di trovare 50 volte testa e 50 volte croce. Ma la realt\u00e0 potrebbe","og_url":"https:\/\/www.blackjackinfo.com\/es\/escuela-de-blackjack\/leccion-09-gestion-del-dinero-parte-3\/","og_site_name":"BlackjackInfo.com","article_modified_time":"2018-04-18T07:07:14+00:00","twitter_misc":{"Tiempo de lectura":"4 minutos"},"schema":{"@context":"https:\/\/schema.org","@graph":[{"@type":"WebPage","@id":"https:\/\/www.blackjackinfo.com\/blackjack-school\/lesson-09-money-management-part-3\/","url":"https:\/\/www.blackjackinfo.com\/blackjack-school\/lesson-09-money-management-part-3\/","name":"Secci\u00f3n 9 - Gesti\u00f3n de soldados - Parte 3","isPartOf":{"@id":"https:\/\/www.blackjackinfo.com\/#website"},"datePublished":"2017-03-13T02:26:18+00:00","dateModified":"2018-04-18T07:07:14+00:00","description":"Aspettativa e Deviazione Standard Se tirate in aria una moneta 100 volte, vi aspetterete di trovare 50 volte testa e 50 volte croce. Pero la realidad podr\u00eda ser","breadcrumb":{"@id":"https:\/\/www.blackjackinfo.com\/blackjack-school\/lesson-09-money-management-part-3\/#breadcrumb"},"inLanguage":"es","potentialAction":[{"@type":"ReadAction","target":["https:\/\/www.blackjackinfo.com\/blackjack-school\/lesson-09-money-management-part-3\/"]}]},{"@type":"BreadcrumbList","@id":"https:\/\/www.blackjackinfo.com\/blackjack-school\/lesson-09-money-management-part-3\/#breadcrumb","itemListElement":[{"@type":"ListItem","position":1,"name":"Home","item":"https:\/\/www.blackjackinfo.com\/"},{"@type":"ListItem","position":2,"name":"La Scuola di Blackjack di GameMaster","item":"https:\/\/www.it.blackjackinfo.com\/scuola-di-blackjack\/"},{"@type":"ListItem","position":3,"name":"Lezione 9 &#8211; Gestione dei Soldi &#8211; Parte 3"}]},{"@type":"WebSite","@id":"https:\/\/www.blackjackinfo.com\/#website","url":"https:\/\/www.blackjackinfo.com\/","name":"BlackjackInfo.com","description":"\u00a1Porque ganar es m\u00e1s divertido!","potentialAction":[{"@type":"SearchAction","target":{"@type":"EntryPoint","urlTemplate":"https:\/\/www.blackjackinfo.com\/?s={search_term_string}"},"query-input":{"@type":"PropertyValueSpecification","valueRequired":true,"valueName":"search_term_string"}}],"inLanguage":"es"}]}},"_links":{"self":[{"href":"https:\/\/www.blackjackinfo.com\/es\/wp-json\/wp\/v2\/pages\/2772","targetHints":{"allow":["GET"]}}],"collection":[{"href":"https:\/\/www.blackjackinfo.com\/es\/wp-json\/wp\/v2\/pages"}],"about":[{"href":"https:\/\/www.blackjackinfo.com\/es\/wp-json\/wp\/v2\/types\/page"}],"author":[{"embeddable":true,"href":"https:\/\/www.blackjackinfo.com\/es\/wp-json\/wp\/v2\/users\/4"}],"replies":[{"embeddable":true,"href":"https:\/\/www.blackjackinfo.com\/es\/wp-json\/wp\/v2\/comments?post=2772"}],"version-history":[{"count":1,"href":"https:\/\/www.blackjackinfo.com\/es\/wp-json\/wp\/v2\/pages\/2772\/revisions"}],"predecessor-version":[{"id":2773,"href":"https:\/\/www.blackjackinfo.com\/es\/wp-json\/wp\/v2\/pages\/2772\/revisions\/2773"}],"up":[{"embeddable":true,"href":"https:\/\/www.blackjackinfo.com\/es\/wp-json\/wp\/v2\/pages\/2715"}],"wp:attachment":[{"href":"https:\/\/www.blackjackinfo.com\/es\/wp-json\/wp\/v2\/media?parent=2772"}],"wp:term":[{"taxonomy":"post_tag","embeddable":true,"href":"https:\/\/www.blackjackinfo.com\/es\/wp-json\/wp\/v2\/tags?post=2772"}],"curies":[{"name":"wp","href":"https:\/\/api.w.org\/{rel}","templated":true}]}}