{"id":2776,"date":"2017-03-12T21:41:15","date_gmt":"2017-03-13T02:41:15","guid":{"rendered":"https:\/\/www.blackjackinfo.com\/?page_id=2776\/"},"modified":"2018-04-18T02:07:13","modified_gmt":"2018-04-18T07:07:13","slug":"lezione-11-valutazione-dei-giochi","status":"publish","type":"page","link":"https:\/\/www.blackjackinfo.com\/es\/scuola-di-blackjack\/lezione-11-valutazione-dei-giochi\/","title":{"rendered":"Secci\u00f3n 11 - Valoraci\u00f3n de juegos"},"content":{"rendered":"<p class=\"intro\"><b>Si bien todos los juegos de Blackjack pueden ser definitivamente fraudulentos, la recompensa que te llevas de las situaciones marginales podr\u00eda no compensarte adecuadamente por el tiempo y el riesgo que corres.<\/b> Sin embargo, antes de jugar a un juego hay que evaluarlo de varias maneras. Dos \u00e1reas principales de inter\u00e9s son los objetivos del juego, incluyendo el n\u00famero de obst\u00e1culos utilizados y la colocaci\u00f3n de la carta de separaci\u00f3n que llamamos \"penetraci\u00f3n\".<\/p>\n<p>El cambio de los objetivos requiere el cambio de la estrategia de base, por lo que no se ha detectado ning\u00fan problema. <a href=\"https:\/\/www.blackjackinfo.com\/it\/bjbse.php\">\"Calcolatore della Strategia Base\"<\/a>. Los cambios en las reglas pueden influir en la pianificaci\u00f3n de los precios.<\/p>\n<h3 class=\"gbs-heading\">Effetti della Variazione delle Regole sul Vantaggio del Giocatore<\/h3>\n<p>(Supongamos que jugamos con 6 jugadores, raddoppio consentido en las dos primeras cartas, raddoppio despu\u00e9s de la divisi\u00f3n no consentido, ridivisione delle coppie consentita, eccetto gli Assi, assicurazione disponibile e il banco si ferma con un Asso-6.) Esto supone una p\u00e9rdida de -0,54% para el jugador).<\/p>\n<table class=\"gbs-ctable\">\n<tbody>\n<tr>\n<th>Cambios que ayudan al jugador<\/th>\n<th>Cambios de probabilidad<\/th>\n<\/tr>\n<tr>\n<td>Raddoppio dopo divisione concesso<\/td>\n<td>+.14%<\/td>\n<\/tr>\n<tr>\n<td>Ridivisioni Assi<\/td>\n<td>+.07%<\/td>\n<\/tr>\n<tr>\n<td>Resa anticipata vs tutto<\/td>\n<td>+.70%<\/td>\n<\/tr>\n<tr>\n<td>Resa anticipata vs 10<\/td>\n<td>+.30%<\/td>\n<\/tr>\n<tr>\n<td>Resa posticipata<\/td>\n<td>+.08%<\/td>\n<\/tr>\n<tr>\n<td>Un Solo Mazzo<\/td>\n<td>+.50%<\/td>\n<\/tr>\n<tr>\n<td>Due Mazzi<\/td>\n<td>+.20%<\/td>\n<\/tr>\n<tr>\n<td>Quattro Mazzi<\/td>\n<td>+.05%<\/td>\n<\/tr>\n<\/tbody>\n<\/table>\n<table class=\"gbs-ctable\">\n<tbody>\n<tr>\n<th>Cambios que afectan al jugador<\/th>\n<th>Cambios de probabilidad<\/th>\n<\/tr>\n<tr>\n<td>Banco tira con un A-6<\/td>\n<td>-.20%<\/td>\n<\/tr>\n<tr>\n<td>Raddoppio Solo con 11<\/td>\n<td>-.46%<\/td>\n<\/tr>\n<tr>\n<td>Raddoppio Solo con 10,11<\/td>\n<td>-.09%<\/td>\n<\/tr>\n<tr>\n<td>Raddoppio Solo con 9,10,11<\/td>\n<td>-.09%<\/td>\n<\/tr>\n<tr>\n<td>Ninguna divisi\u00f3n de las copas<\/td>\n<td>-.04%<\/td>\n<\/tr>\n<tr>\n<td>Ninguna garant\u00eda (si tiene tarjeta)<\/td>\n<td>-.40%<\/td>\n<\/tr>\n<\/tbody>\n<\/table>\n<p><b>Para determinar la ganancia del casino respecto a ti al inicio del juego, basta con a\u00f1adir o eliminar la variaci\u00f3n de las apuestas del juego 'base' seleccionado arriba.<\/b> Por ejemplo, si juegas con dos ratones con los mismos premios del juego base, la ganancia del casino se calcula como sigue.<\/p>\n<div class=\"ctr\">\n<p class=\"gbs-big\">Base Gioco -.54%<br \/>\nDue Mazzi +.20%<br \/>\n_____________________<br \/>\nVantaggio del Giocatore -.34%<\/p>\n<h3 class=\"gbs-heading\">Efectos de la penetraci\u00f3n del mazo<\/h3>\n<p><b>Si el crupier distribuye las cartas antes de jugarlas, puede tener un gran efecto en sus ganancias.<\/b> La raz\u00f3n estriba en que, con una penetraci\u00f3n poco profunda, los datos \"altos\" que permiten detectar m\u00e1s se verifican menos en los casos en que la picadura se produce pronto. La siguiente tabla muestra porcentualmente la frecuencia con la que se verifican los conteos al variar los grados de penetraci\u00f3n.<\/p>\n<table class=\"gbs-ctable\">\n<tbody>\n<tr>\n<th colspan=\"6\">Frecuencias Porcentuales a...<\/th>\n<\/tr>\n<tr>\n<td>Recuento real<\/td>\n<td>50%<\/td>\n<td>65%<\/td>\n<td>75%<\/td>\n<td>85% penetraci\u00f3n<\/td>\n<\/tr>\n<tr>\n<td>+1<\/td>\n<td>15<\/td>\n<td>15<\/td>\n<td>13<\/td>\n<td>13<\/td>\n<\/tr>\n<tr>\n<td>+2<\/td>\n<td>8<\/td>\n<td>7<\/td>\n<td>8<\/td>\n<td>8<\/td>\n<\/tr>\n<tr>\n<td>+3<\/td>\n<td>3<\/td>\n<td>4<\/td>\n<td>4<\/td>\n<td>5<\/td>\n<\/tr>\n<tr>\n<td>+4<\/td>\n<td>1.5<\/td>\n<td>2.5<\/td>\n<td>3<\/td>\n<td>4<\/td>\n<\/tr>\n<tr>\n<td>+5<\/td>\n<td>1<\/td>\n<td>1<\/td>\n<td>2<\/td>\n<td>2<\/td>\n<\/tr>\n<tr>\n<td>+6<\/td>\n<td>.5<\/td>\n<td>1<\/td>\n<td>2<\/td>\n<td>2<\/td>\n<\/tr>\n<tr>\n<td>+7<\/td>\n<td>0<\/td>\n<td>.5<\/td>\n<td>1<\/td>\n<td>1.5<\/td>\n<\/tr>\n<tr>\n<td>+8<\/td>\n<td>0<\/td>\n<td>0<\/td>\n<td>.5<\/td>\n<td>1<\/td>\n<\/tr>\n<tr>\n<td>+9<\/td>\n<td>0<\/td>\n<td>0<\/td>\n<td>0<\/td>\n<td>.5<\/td>\n<\/tr>\n<tr>\n<td>+10<\/td>\n<td>0<\/td>\n<td>0<\/td>\n<td>0<\/td>\n<td>.5<\/td>\n<\/tr>\n<\/tbody>\n<\/table>\n<p><b>Esaminiamo ci\u00f2 che sto cercando di dirvi con questa tabella.<\/b> Si juegas a un juego con s\u00f3lo 50% de penetraci\u00f3n, por cada 100 manos, s\u00f3lo 29 tienen, en promedio, un recuento verdadero igual o superior a 1. Dado que se necesita un recuento verdadero de 1 para estar a la par con el banco, s\u00f3lo hay 14 manos en las que tienes una ventaja. Tambi\u00e9n puedes consultar las estad\u00edsticas de un juego con el 85% de penetraci\u00f3n. En este caso, aproximadamente el 37,5% de los hombres estar\u00e1 a tu nivel o en tu desventaja y casi un cuarto de los hombres estar\u00e1n a tu favor.<\/p>\n<h3 class=\"gbs-heading\">SI JUEGAS CON UN NIVEL DE PENETRACI\u00d3N INFERIOR AL 65% SOLO PERDER\u00c1S TIEMPO Y DINERO.<\/h3>\n<p><b>Aunque un juego no ofrezca los mejores resultados, siempre se puede pensar en batirlo si se dispone de una buena penetraci\u00f3n.<\/b> Recuerda que siempre debes jugar una partida en la que el conteo se sit\u00fae por debajo de 1 porque debes perder mucho de tu tiempo jugando y haciendo compras en lo que llamamos \"zona de ganancias\".<\/p>\n<h3 class=\"gbs-heading\">Compiti per casa<\/h3>\n<p>Calcule la ventaja inicial para el jugador a continuaci\u00f3n:<\/p>\n<ul>\n<li>Un solo mazzo, raddoppio solo con i 10 e 11 e il banco tira con un A-6. Ridivisione permessa (ad eccezione degli Assi) e assicurazione disponibile.<\/li>\n<li>Sei mazzi, il banco si ferma con un A-6, raddoppio consentito per ogni due carte iniziali, raddoppio dopo la divisione consentito, divisioni successive permesse, inclusi gli Assi e assicurazione disponibile.<\/li>\n<li>Due mazzi, raddoppio per ognuna delle due carte iniziali, divisioni successive di coppie non permesso, raddoppio dopo la divisione non concesso, resa in ritardo e assicurazione disponibile.<\/li>\n<\/ul>\n<p>Publicaremos las respuestas a este cuestionario en la pr\u00f3xima edici\u00f3n.<\/p>","protected":false},"excerpt":{"rendered":"<p>Sebbene tutti i giochi di Blackjack possono essere in definitiva sconfitti, la ricompensa che andrete a guadagnare dalle situazioni marginali potrebbe non ricompensarvi adeguatamente per il tempo e il rischio corso. Perci\u00f2, dovreste valutare un gioco in diversi modi prima di giocarlo. Due aree principali di interesse sono le regole del gioco, incluso il numero [&hellip;]<\/p>\n","protected":false},"author":4,"featured_media":0,"parent":2715,"menu_order":0,"comment_status":"open","ping_status":"open","template":"page-blacjack-school-it.php","meta":{"_acf_changed":false,"footnotes":""},"tags":[],"class_list":["post-2776","page","type-page","status-publish","hentry"],"acf":[],"yoast_head":"<!-- This site is optimized with the Yoast SEO plugin v26.6 - https:\/\/yoast.com\/wordpress\/plugins\/seo\/ -->\n<title>Lezione 11 - Valutazione dei Giochi<\/title>\n<meta name=\"description\" content=\"Sebbene tutti i giochi di Blackjack possono essere in definitiva sconfitti, la ricompensa che andrete a guadagnare dalle situazioni marginali potrebbe non\" \/>\n<meta name=\"robots\" content=\"index, follow, max-snippet:-1, max-image-preview:large, max-video-preview:-1\" \/>\n<link rel=\"canonical\" href=\"https:\/\/www.blackjackinfo.com\/es\/escuela-de-blackjack\/leccion-11-evaluacion-de-juegos\/\" \/>\n<meta property=\"og:locale\" content=\"es_ES\" \/>\n<meta property=\"og:type\" content=\"article\" \/>\n<meta property=\"og:title\" content=\"Lezione 11 - Valutazione dei Giochi\" \/>\n<meta property=\"og:description\" content=\"Sebbene tutti i giochi di Blackjack possono essere in definitiva sconfitti, la ricompensa che andrete a guadagnare dalle situazioni marginali potrebbe non\" \/>\n<meta property=\"og:url\" content=\"https:\/\/www.blackjackinfo.com\/es\/escuela-de-blackjack\/leccion-11-evaluacion-de-juegos\/\" \/>\n<meta property=\"og:site_name\" content=\"BlackjackInfo.com\" \/>\n<meta property=\"article:modified_time\" content=\"2018-04-18T07:07:13+00:00\" \/>\n<meta name=\"twitter:label1\" content=\"Tiempo de lectura\" \/>\n\t<meta name=\"twitter:data1\" content=\"3 minutos\" \/>\n<script type=\"application\/ld+json\" class=\"yoast-schema-graph\">{\"@context\":\"https:\/\/schema.org\",\"@graph\":[{\"@type\":\"WebPage\",\"@id\":\"https:\/\/www.blackjackinfo.com\/blackjack-school\/lesson-11-evaluating-games\/\",\"url\":\"https:\/\/www.blackjackinfo.com\/blackjack-school\/lesson-11-evaluating-games\/\",\"name\":\"Lezione 11 - Valutazione dei Giochi\",\"isPartOf\":{\"@id\":\"https:\/\/www.blackjackinfo.com\/#website\"},\"datePublished\":\"2017-03-13T02:41:15+00:00\",\"dateModified\":\"2018-04-18T07:07:13+00:00\",\"description\":\"Sebbene tutti i giochi di Blackjack possono essere in definitiva sconfitti, la ricompensa che andrete a guadagnare dalle situazioni marginali potrebbe non\",\"breadcrumb\":{\"@id\":\"https:\/\/www.blackjackinfo.com\/blackjack-school\/lesson-11-evaluating-games\/#breadcrumb\"},\"inLanguage\":\"es\",\"potentialAction\":[{\"@type\":\"ReadAction\",\"target\":[\"https:\/\/www.blackjackinfo.com\/blackjack-school\/lesson-11-evaluating-games\/\"]}]},{\"@type\":\"BreadcrumbList\",\"@id\":\"https:\/\/www.blackjackinfo.com\/blackjack-school\/lesson-11-evaluating-games\/#breadcrumb\",\"itemListElement\":[{\"@type\":\"ListItem\",\"position\":1,\"name\":\"Home\",\"item\":\"https:\/\/www.blackjackinfo.com\/\"},{\"@type\":\"ListItem\",\"position\":2,\"name\":\"La Scuola di Blackjack di GameMaster\",\"item\":\"https:\/\/www.it.blackjackinfo.com\/scuola-di-blackjack\/\"},{\"@type\":\"ListItem\",\"position\":3,\"name\":\"Lezione 11 &#8211; Valutazione dei Giochi\"}]},{\"@type\":\"WebSite\",\"@id\":\"https:\/\/www.blackjackinfo.com\/#website\",\"url\":\"https:\/\/www.blackjackinfo.com\/\",\"name\":\"BlackjackInfo.com\",\"description\":\"Because Winning is More Fun!\",\"potentialAction\":[{\"@type\":\"SearchAction\",\"target\":{\"@type\":\"EntryPoint\",\"urlTemplate\":\"https:\/\/www.blackjackinfo.com\/?s={search_term_string}\"},\"query-input\":{\"@type\":\"PropertyValueSpecification\",\"valueRequired\":true,\"valueName\":\"search_term_string\"}}],\"inLanguage\":\"es\"}]}<\/script>\n<!-- \/ Yoast SEO plugin. -->","yoast_head_json":{"title":"Secci\u00f3n 11 - Valoraci\u00f3n de juegos","description":"Aunque todos los juegos de Blackjack pueden ser definitivamente fraudulentos, la recompensa que te llevas de las situaciones marginales puede no serlo.","robots":{"index":"index","follow":"follow","max-snippet":"max-snippet:-1","max-image-preview":"max-image-preview:large","max-video-preview":"max-video-preview:-1"},"canonical":"https:\/\/www.blackjackinfo.com\/es\/escuela-de-blackjack\/leccion-11-evaluacion-de-juegos\/","og_locale":"es_ES","og_type":"article","og_title":"Lezione 11 - Valutazione dei Giochi","og_description":"Sebbene tutti i giochi di Blackjack possono essere in definitiva sconfitti, la ricompensa che andrete a guadagnare dalle situazioni marginali potrebbe non","og_url":"https:\/\/www.blackjackinfo.com\/es\/escuela-de-blackjack\/leccion-11-evaluacion-de-juegos\/","og_site_name":"BlackjackInfo.com","article_modified_time":"2018-04-18T07:07:13+00:00","twitter_misc":{"Tiempo de lectura":"3 minutos"},"schema":{"@context":"https:\/\/schema.org","@graph":[{"@type":"WebPage","@id":"https:\/\/www.blackjackinfo.com\/blackjack-school\/lesson-11-evaluating-games\/","url":"https:\/\/www.blackjackinfo.com\/blackjack-school\/lesson-11-evaluating-games\/","name":"Secci\u00f3n 11 - Valoraci\u00f3n de juegos","isPartOf":{"@id":"https:\/\/www.blackjackinfo.com\/#website"},"datePublished":"2017-03-13T02:41:15+00:00","dateModified":"2018-04-18T07:07:13+00:00","description":"Aunque todos los juegos de Blackjack pueden ser definitivamente fraudulentos, la recompensa que te llevas de las situaciones marginales puede no serlo.","breadcrumb":{"@id":"https:\/\/www.blackjackinfo.com\/blackjack-school\/lesson-11-evaluating-games\/#breadcrumb"},"inLanguage":"es","potentialAction":[{"@type":"ReadAction","target":["https:\/\/www.blackjackinfo.com\/blackjack-school\/lesson-11-evaluating-games\/"]}]},{"@type":"BreadcrumbList","@id":"https:\/\/www.blackjackinfo.com\/blackjack-school\/lesson-11-evaluating-games\/#breadcrumb","itemListElement":[{"@type":"ListItem","position":1,"name":"Home","item":"https:\/\/www.blackjackinfo.com\/"},{"@type":"ListItem","position":2,"name":"La Scuola di Blackjack di GameMaster","item":"https:\/\/www.it.blackjackinfo.com\/scuola-di-blackjack\/"},{"@type":"ListItem","position":3,"name":"Lezione 11 &#8211; Valutazione dei Giochi"}]},{"@type":"WebSite","@id":"https:\/\/www.blackjackinfo.com\/#website","url":"https:\/\/www.blackjackinfo.com\/","name":"BlackjackInfo.com","description":"\u00a1Porque ganar es m\u00e1s divertido!","potentialAction":[{"@type":"SearchAction","target":{"@type":"EntryPoint","urlTemplate":"https:\/\/www.blackjackinfo.com\/?s={search_term_string}"},"query-input":{"@type":"PropertyValueSpecification","valueRequired":true,"valueName":"search_term_string"}}],"inLanguage":"es"}]}},"_links":{"self":[{"href":"https:\/\/www.blackjackinfo.com\/es\/wp-json\/wp\/v2\/pages\/2776","targetHints":{"allow":["GET"]}}],"collection":[{"href":"https:\/\/www.blackjackinfo.com\/es\/wp-json\/wp\/v2\/pages"}],"about":[{"href":"https:\/\/www.blackjackinfo.com\/es\/wp-json\/wp\/v2\/types\/page"}],"author":[{"embeddable":true,"href":"https:\/\/www.blackjackinfo.com\/es\/wp-json\/wp\/v2\/users\/4"}],"replies":[{"embeddable":true,"href":"https:\/\/www.blackjackinfo.com\/es\/wp-json\/wp\/v2\/comments?post=2776"}],"version-history":[{"count":2,"href":"https:\/\/www.blackjackinfo.com\/es\/wp-json\/wp\/v2\/pages\/2776\/revisions"}],"predecessor-version":[{"id":2778,"href":"https:\/\/www.blackjackinfo.com\/es\/wp-json\/wp\/v2\/pages\/2776\/revisions\/2778"}],"up":[{"embeddable":true,"href":"https:\/\/www.blackjackinfo.com\/es\/wp-json\/wp\/v2\/pages\/2715"}],"wp:attachment":[{"href":"https:\/\/www.blackjackinfo.com\/es\/wp-json\/wp\/v2\/media?parent=2776"}],"wp:term":[{"taxonomy":"post_tag","embeddable":true,"href":"https:\/\/www.blackjackinfo.com\/es\/wp-json\/wp\/v2\/tags?post=2776"}],"curies":[{"name":"wp","href":"https:\/\/api.w.org\/{rel}","templated":true}]}}