{"id":2779,"date":"2017-03-12T21:47:47","date_gmt":"2017-03-13T02:47:47","guid":{"rendered":"https:\/\/www.blackjackinfo.com\/?page_id=2779\/"},"modified":"2018-04-18T02:07:13","modified_gmt":"2018-04-18T07:07:13","slug":"lezione-12-tattiche-da-gioco-del-casino","status":"publish","type":"page","link":"https:\/\/www.blackjackinfo.com\/es\/scuola-di-blackjack\/lezione-12-tattiche-da-gioco-del-casino\/","title":{"rendered":"Secci\u00f3n 12 - Tatuajes de Juego de Casino"},"content":{"rendered":"<h3 class=\"gbs-heading\">\u00bfCu\u00e1les son las T\u00e1cticas de Juego del Casino?<\/h3>\n<p class=\"intro\"><b>Es muy triste que a los jugadores de casino, tanto a los que juegan en la mesa como a los que juegan en sus cabinas, no les gusten los juegos de Blackjack.<\/b> Si bien es cierto que el juego puede ser ganado por un jugador valiente, su reaparici\u00f3n frente a un jugador que vence y que, por lo tanto, sospecha ser un contendiente debido a la paranoia que padece, puede variar desde un control riguroso (\"caldo\") hasta la derrota definitiva de dicho jugador. En consecuencia, un jugador esperado deber\u00e1 descubrir sus habilidades y aparecer, mientras gana el juego, como cualquier otro \"perdedor\". Las pruebas de juego del casino nos ayudan a dominar nuestras t\u00e9cnicas y nos permiten seguir jugando.<\/p>\n<h3 class=\"gbs-heading\">Perfil del casino para un contador<\/h3>\n<p>Los sorveglianti del Casino creen haber delineado el perfil de los contadores de cartas y piensan poder identificarlos gracias a su comportamiento. Aunque la lista sea larga, aqu\u00ed tienes algunos de sus premios:<\/p>\n<ol>\n<li>Los contadores de cartas son solo j\u00f3venes, hombres de raza blanca (probablemente con la barba) que se visten de manera muy informal por la cantidad de dinero que llevan encima.<\/li>\n<li>Los contadores de carte 'esplorano' prima i tavoli cercando un conteggio favorevole prima di sedersi.<\/li>\n<li>Un contador cambiar\u00e1 $200-300 de fichas, pero despu\u00e9s s\u00f3lo cambiar\u00e1 $5 o $10 a la primera mano.<\/li>\n<li>Los contadores no hablan con nadie; siempre miran fijamente a la casilla de recogida y analizan la mesa verificando el contenido.<\/li>\n<li>Los contadores no fuman ni beben alcohol.<\/li>\n<li>Los contadores piensan un poco antes de hacer su pregunta.<\/li>\n<li>Un contatore non ha alcuna esitazione quando deve giocare una mano 'difficile'.<\/li>\n<li>Un contatore non prende mai l'assicurazione quando ha puntato una piccola somma, ma la prende quando la scommessa \u00e8 alta, indipendentemente dalla sua mano.<\/li>\n<li>Un contatore varia le sue puntate oltre un 'parlay'.<\/li>\n<li>I contatori non danno la mancia al croupier.<\/li>\n<li>Un contatore ritira una grossa puntata e l'abbassa su una 'patta' o quando lo shoe termina.<\/li>\n<li>Un contatore fa sempre una puntata minima alla prima mano di un nuovo zapato appena mischiato.<\/li>\n<\/ol>\n<h3 class=\"gbs-heading\">Mimetizaci\u00f3n de un contador de tarjetas<\/h3>\n<p><b>Para ganar dinero en el Blackjack, debe comprobar el modo en que se accede al casino.<\/b> Pero incluso si las primeras veces que juegas como contador sientes la presencia de una gran 'C' rosa en tu frente, en realidad no es as\u00ed y si evitas cometer errores de 'principiante', los inspectores del casino probablemente no te prestar\u00e1n atenci\u00f3n.<\/p>\n<p><b>Si recibes puntos gordos, lo m\u00e1s probable es que te des cuenta tanto de los que ganan como de los que pierden; los puntos altos de los jugadores siempre se anotan.<\/b> Pero, si has empezado con el juego entre $5 y $60 que te hemos recomendado, probablemente no te habr\u00e1s dado cuenta. Cuanto m\u00e1s juegues en un casino en particular, m\u00e1s probabilidades tendr\u00e1s de ganar. Recuerda que muchos casinos tienen casi dos turnos, as\u00ed que intenta dividir tu juego entre el casino y los turnos. <b>EVITE JUGAR DE UN TURNO A OTRO.<\/b> Cercate di fare delle sessioni abbastanza corte, ed impiegheranno molto tempo, sia a cominciare che a capire cosa state facendo.<\/p>\n<p>La verdadera clave para ganarse al personal del casino es aparentar ser como cualquier otro jugador. Descubre algunas de las t\u00e9cnicas que utilizo a solas.<\/p>\n<ol>\n<li>V\u00edstete de la forma adecuada seg\u00fan el nivel de tu bolsillo. Una 'balena' debe parecer una persona pr\u00f3spera y no, como dice alguien, \"un suplemente in ferie\". Si vas a un casino un d\u00eda, durante la semana, v\u00edstete como una persona de negocios que no est\u00e1 obligada a trabajar en la oficina. NON vestitevi come un turista (un travestimento molto efficace) se vi vedranno di nuovo la settimana seguente.<\/li>\n<li>Cuando entres en un casino, dir\u00edgete directamente a una mesa en la que el crupier est\u00e9 jugando a las cartas y si\u00e9ntate. Hable con el crupier, o casi d\u00edgale \"ciao\".<\/li>\n<li>Si est\u00e1s jugando con un punto m\u00ednimo de $5, cambia menos de $100, pero m\u00e1s de $40. No utilices t\u00e9rminos como \"rosas\" o \"verdes\"; \"n\u00edquel\" o \"cuartos\". Cambie las fichas por fichas de $5 o $25.<\/li>\n<li>No pidas nada a los camareros del casino; son muy lentos y si el juego es negativo te costar\u00e1 jugar mientras tomas el c\u00f3ctel. Por lo tanto, pida bebidas analcoh\u00f3licas en el bar (O'Doul's, succo d'arancia, o cualquier cosa con lima) y ll\u00e9velo con usted.<\/li>\n<li>Aseg\u00farate de tener siempre un punto en el dep\u00f3sito cerrado para las apuestas. Recuerda que s\u00f3lo los contadores piensan en lo que van a apostar; los jugadores de azar s\u00f3lo encuentran algo all\u00ed. Si juegas al sball o al Blackjack, apuesta tu pr\u00f3xima ficha mientras el crupier juega con su mano. Con la pr\u00e1ctica, su apuesta ser\u00e1 del valor justo, pero no parece que piense mucho mientras juega su apuesta.<\/li>\n<li>Los jugadores de azzarrojo no dejar\u00e1n pasar una ficha despu\u00e9s de una victoria. Si el conteo est\u00e1 por debajo de -1, sigue jugando con el punto m\u00ednimo hasta que pierdas una mano.<\/li>\n<li>Esitate prima di giocare una mano 'difficile'. Parlare alle carte aiuta.<\/li>\n<li>Saltuariamente, se avete scommesso con la puntata minima e il dealer mostra un Asso allora fate l'assicurazione. Non chiedete i 'soldi alla pari'; con dei gesti fate finta di non sapere come funzioni. Esto har\u00e1 que, en el futuro, el crupier tenga m\u00e1s tiempo para calcular la cuenta real. Es aconsejable realizar esta comprobaci\u00f3n \"m\u00ednima\" cuando un jugador est\u00e9 vigilando la mesa.<\/li>\n<li>Si tiene la intenci\u00f3n de hacer una apuesta para el crupier (algo que debe hacer con parsimonia), intente hasta que el conteo sea alto y haya ganado un buen dinero. En esta situaci\u00f3n, pedirle al crupier que te ayude a ganar la mano parece una buena idea.<\/li>\n<li>Una o dos veces en cada sesi\u00f3n, inicie un nuevo zapato con una puntuaci\u00f3n doble o triple de la puntuaci\u00f3n m\u00ednima.<\/li>\n<li>No intente cambiar la estrategia de base correcta con el fin de cambiar su conocimiento; muchos jugadores de casino no saben cu\u00e1l es la forma correcta de jugar. De hecho, la estrategia base correcta de un jugador les parecer\u00e1 una idiotez - \u00a1tirar un 12 contra un 2 o un 3, o raddoppiare un A-7 contra un 4 es una sciocchezza! (Para ellos.)<\/li>\n<li>No hables con los dem\u00e1s de tus habilidades en la mesa, no ayudes a los dem\u00e1s a jugar correctamente con sus manos. No te olvides nunca de leer un libro de Blackjack. No intentes parecer seguro de ti mismo, pero no te agites como un perdedor cuando eres obviamente un vencedor - \u00a1a los jugadores de azar les encanta ganar!<\/li>\n<li>No me arriesgar\u00eda a robar uno, pero un \"marsupio\" es uno de los accesorios m\u00e1s desarmantes que un contador de tarjetas puede robar. Con un marsupio y un par de occhiali, pocos vigilantes pueden pensar que eres un contador de cartas de la sangre roja que disgrega el casino. Ma credo che se il mio modo usual di recitare inizi dal vestirmi leggero, allora potrei prenderne uno ed indossarlo. Preferisco essere ricco che carino.<\/li>\n<\/ol>\n<h3 class=\"gbs-heading\">Compiti per casa<\/h3>\n<p>Descubra las respuestas al ejercicio de esta semana.<br \/>\nCalcule la ganancia inicial del casino para las siguientes variantes de juego:<\/p>\n<ul>\n<li>Un mazzo, raddoppio solo con i 10 o 11, il banco tira con A-6. <b>Risposta: 0,33%<\/b><\/li>\n<li>Sei mazzi, raddoppio per qualsiasi delle due carte iniziali, il banco si ferma con A-6, divisioni successive delle coppie, inclusi gli Assi, raddoppio dopo la divisione concessa. <b>Risposta: 0,33%<\/b><\/li>\n<li>Due mazzi, raddoppio per ognuna delle due carte iniziali, nessuna divisione successiva delle coppie, nessun raddoppio dopo la divisione, il banco si ferma con un A-6, resa posticipata. <b>Risposta: 0.30% (Non avevo specificato se il banco si fermava o tirava con un A-6; questa cifra \u00e8 corretta in caso in cui il banco si ferma.)<\/b><\/li>\n<\/ul>","protected":false},"excerpt":{"rendered":"<p>Quali sono le Tattiche di Gioco del Casino? E&#8217; un fatto molto triste che agli impiegati del casino, sia agli addetti al tavolo che ai loro capi non piacciano i giocatori che contano le carte nei loro giochi di Blackjack. Sanno benissimo che il gioco pu\u00f2 essere sconfitto da un bravo giocatore, di conseguenza la [&hellip;]<\/p>\n","protected":false},"author":4,"featured_media":0,"parent":2715,"menu_order":0,"comment_status":"open","ping_status":"open","template":"page-blacjack-school-it.php","meta":{"_acf_changed":false,"footnotes":""},"tags":[],"class_list":["post-2779","page","type-page","status-publish","hentry"],"acf":[],"yoast_head":"<!-- This site is optimized with the Yoast SEO plugin v26.6 - https:\/\/yoast.com\/wordpress\/plugins\/seo\/ -->\n<title>Lezione 12 - Tattiche da Gioco del Casino<\/title>\n<meta name=\"description\" content=\"Quali sono le Tattiche di Gioco del Casino? E&#039; un fatto molto triste che agli impiegati del casino, sia agli addetti al tavolo che ai loro capi non\" \/>\n<meta name=\"robots\" content=\"index, follow, max-snippet:-1, max-image-preview:large, max-video-preview:-1\" \/>\n<link rel=\"canonical\" href=\"https:\/\/www.blackjackinfo.com\/es\/escuela-de-blackjack\/leccion-12-tacticas-de-juego-en-el-casino\/\" \/>\n<meta property=\"og:locale\" content=\"es_ES\" \/>\n<meta property=\"og:type\" content=\"article\" \/>\n<meta property=\"og:title\" content=\"Lezione 12 - Tattiche da Gioco del Casino\" \/>\n<meta property=\"og:description\" content=\"Quali sono le Tattiche di Gioco del Casino? E&#039; un fatto molto triste che agli impiegati del casino, sia agli addetti al tavolo che ai loro capi non\" \/>\n<meta property=\"og:url\" content=\"https:\/\/www.blackjackinfo.com\/es\/escuela-de-blackjack\/leccion-12-tacticas-de-juego-en-el-casino\/\" \/>\n<meta property=\"og:site_name\" content=\"BlackjackInfo.com\" \/>\n<meta property=\"article:modified_time\" content=\"2018-04-18T07:07:13+00:00\" \/>\n<meta name=\"twitter:label1\" content=\"Tiempo de lectura\" \/>\n\t<meta name=\"twitter:data1\" content=\"6 minutos\" \/>\n<script type=\"application\/ld+json\" class=\"yoast-schema-graph\">{\"@context\":\"https:\/\/schema.org\",\"@graph\":[{\"@type\":\"WebPage\",\"@id\":\"https:\/\/www.blackjackinfo.com\/blackjack-school\/lesson-12-casino-playing-tactics\/\",\"url\":\"https:\/\/www.blackjackinfo.com\/blackjack-school\/lesson-12-casino-playing-tactics\/\",\"name\":\"Lezione 12 - Tattiche da Gioco del Casino\",\"isPartOf\":{\"@id\":\"https:\/\/www.blackjackinfo.com\/#website\"},\"datePublished\":\"2017-03-13T02:47:47+00:00\",\"dateModified\":\"2018-04-18T07:07:13+00:00\",\"description\":\"Quali sono le Tattiche di Gioco del Casino? E' un fatto molto triste che agli impiegati del casino, sia agli addetti al tavolo che ai loro capi non\",\"breadcrumb\":{\"@id\":\"https:\/\/www.blackjackinfo.com\/blackjack-school\/lesson-12-casino-playing-tactics\/#breadcrumb\"},\"inLanguage\":\"es\",\"potentialAction\":[{\"@type\":\"ReadAction\",\"target\":[\"https:\/\/www.blackjackinfo.com\/blackjack-school\/lesson-12-casino-playing-tactics\/\"]}]},{\"@type\":\"BreadcrumbList\",\"@id\":\"https:\/\/www.blackjackinfo.com\/blackjack-school\/lesson-12-casino-playing-tactics\/#breadcrumb\",\"itemListElement\":[{\"@type\":\"ListItem\",\"position\":1,\"name\":\"Home\",\"item\":\"https:\/\/www.blackjackinfo.com\/\"},{\"@type\":\"ListItem\",\"position\":2,\"name\":\"La Scuola di Blackjack di GameMaster\",\"item\":\"https:\/\/www.it.blackjackinfo.com\/scuola-di-blackjack\/\"},{\"@type\":\"ListItem\",\"position\":3,\"name\":\"Lezione 12 &#8211; Tattiche da Gioco del Casino\"}]},{\"@type\":\"WebSite\",\"@id\":\"https:\/\/www.blackjackinfo.com\/#website\",\"url\":\"https:\/\/www.blackjackinfo.com\/\",\"name\":\"BlackjackInfo.com\",\"description\":\"Because Winning is More Fun!\",\"potentialAction\":[{\"@type\":\"SearchAction\",\"target\":{\"@type\":\"EntryPoint\",\"urlTemplate\":\"https:\/\/www.blackjackinfo.com\/?s={search_term_string}\"},\"query-input\":{\"@type\":\"PropertyValueSpecification\",\"valueRequired\":true,\"valueName\":\"search_term_string\"}}],\"inLanguage\":\"es\"}]}<\/script>\n<!-- \/ Yoast SEO plugin. -->","yoast_head_json":{"title":"Secci\u00f3n 12 - Tatuajes de Juego de Casino","description":"\u00bfCu\u00e1les son las reglas de juego del casino? Es un hecho muy triste que los jugadores de casino, tanto los que juegan en la mesa como los que no juegan en sus casinos, no sepan qu\u00e9 hacer.","robots":{"index":"index","follow":"follow","max-snippet":"max-snippet:-1","max-image-preview":"max-image-preview:large","max-video-preview":"max-video-preview:-1"},"canonical":"https:\/\/www.blackjackinfo.com\/es\/escuela-de-blackjack\/leccion-12-tacticas-de-juego-en-el-casino\/","og_locale":"es_ES","og_type":"article","og_title":"Lezione 12 - Tattiche da Gioco del Casino","og_description":"Quali sono le Tattiche di Gioco del Casino? E' un fatto molto triste che agli impiegati del casino, sia agli addetti al tavolo che ai loro capi non","og_url":"https:\/\/www.blackjackinfo.com\/es\/escuela-de-blackjack\/leccion-12-tacticas-de-juego-en-el-casino\/","og_site_name":"BlackjackInfo.com","article_modified_time":"2018-04-18T07:07:13+00:00","twitter_misc":{"Tiempo de lectura":"6 minutos"},"schema":{"@context":"https:\/\/schema.org","@graph":[{"@type":"WebPage","@id":"https:\/\/www.blackjackinfo.com\/blackjack-school\/lesson-12-casino-playing-tactics\/","url":"https:\/\/www.blackjackinfo.com\/blackjack-school\/lesson-12-casino-playing-tactics\/","name":"Secci\u00f3n 12 - Tatuajes de Juego de Casino","isPartOf":{"@id":"https:\/\/www.blackjackinfo.com\/#website"},"datePublished":"2017-03-13T02:47:47+00:00","dateModified":"2018-04-18T07:07:13+00:00","description":"\u00bfCu\u00e1les son las reglas de juego del casino? Es un hecho muy triste que los jugadores de casino, tanto los que juegan en la mesa como los que no juegan en sus casinos, no sepan qu\u00e9 hacer.","breadcrumb":{"@id":"https:\/\/www.blackjackinfo.com\/blackjack-school\/lesson-12-casino-playing-tactics\/#breadcrumb"},"inLanguage":"es","potentialAction":[{"@type":"ReadAction","target":["https:\/\/www.blackjackinfo.com\/blackjack-school\/lesson-12-casino-playing-tactics\/"]}]},{"@type":"BreadcrumbList","@id":"https:\/\/www.blackjackinfo.com\/blackjack-school\/lesson-12-casino-playing-tactics\/#breadcrumb","itemListElement":[{"@type":"ListItem","position":1,"name":"Home","item":"https:\/\/www.blackjackinfo.com\/"},{"@type":"ListItem","position":2,"name":"La Scuola di Blackjack di GameMaster","item":"https:\/\/www.it.blackjackinfo.com\/scuola-di-blackjack\/"},{"@type":"ListItem","position":3,"name":"Lezione 12 &#8211; Tattiche da Gioco del Casino"}]},{"@type":"WebSite","@id":"https:\/\/www.blackjackinfo.com\/#website","url":"https:\/\/www.blackjackinfo.com\/","name":"BlackjackInfo.com","description":"\u00a1Porque ganar es m\u00e1s divertido!","potentialAction":[{"@type":"SearchAction","target":{"@type":"EntryPoint","urlTemplate":"https:\/\/www.blackjackinfo.com\/?s={search_term_string}"},"query-input":{"@type":"PropertyValueSpecification","valueRequired":true,"valueName":"search_term_string"}}],"inLanguage":"es"}]}},"_links":{"self":[{"href":"https:\/\/www.blackjackinfo.com\/es\/wp-json\/wp\/v2\/pages\/2779","targetHints":{"allow":["GET"]}}],"collection":[{"href":"https:\/\/www.blackjackinfo.com\/es\/wp-json\/wp\/v2\/pages"}],"about":[{"href":"https:\/\/www.blackjackinfo.com\/es\/wp-json\/wp\/v2\/types\/page"}],"author":[{"embeddable":true,"href":"https:\/\/www.blackjackinfo.com\/es\/wp-json\/wp\/v2\/users\/4"}],"replies":[{"embeddable":true,"href":"https:\/\/www.blackjackinfo.com\/es\/wp-json\/wp\/v2\/comments?post=2779"}],"version-history":[{"count":1,"href":"https:\/\/www.blackjackinfo.com\/es\/wp-json\/wp\/v2\/pages\/2779\/revisions"}],"predecessor-version":[{"id":2780,"href":"https:\/\/www.blackjackinfo.com\/es\/wp-json\/wp\/v2\/pages\/2779\/revisions\/2780"}],"up":[{"embeddable":true,"href":"https:\/\/www.blackjackinfo.com\/es\/wp-json\/wp\/v2\/pages\/2715"}],"wp:attachment":[{"href":"https:\/\/www.blackjackinfo.com\/es\/wp-json\/wp\/v2\/media?parent=2779"}],"wp:term":[{"taxonomy":"post_tag","embeddable":true,"href":"https:\/\/www.blackjackinfo.com\/es\/wp-json\/wp\/v2\/tags?post=2779"}],"curies":[{"name":"wp","href":"https:\/\/api.w.org\/{rel}","templated":true}]}}