{"id":2781,"date":"2017-03-12T22:05:47","date_gmt":"2017-03-13T03:05:47","guid":{"rendered":"https:\/\/www.blackjackinfo.com\/?page_id=2781\/"},"modified":"2018-04-18T02:07:13","modified_gmt":"2018-04-18T07:07:13","slug":"leccion-13-el-curso-avanzado-parte-1","status":"publish","type":"page","link":"https:\/\/www.blackjackinfo.com\/es\/scuola-di-blackjack\/lezione-13-il-corso-avanzato-parte-1\/","title":{"rendered":"Semana 13 - El Camino Avanzado - Parte 1"},"content":{"rendered":"<p class=\"intro\"><b>La forma m\u00e1s poderosa (y legal) de superar el riesgo del banco consiste en variar las comisiones en funci\u00f3n del recuento real.<\/b> Las mejoras de 0,2 a 0,3% son posibles para aquellos que cambien el juego de sus propias manos seg\u00fan el recuento real. Sin duda habr\u00e1s encontrado situaciones en las que el recuento era muy alto y habr\u00e1s visto que tirando tu 12 contra el 3 del crupier habr\u00e1s conseguido una carta vestida. Hay un punto, determinado por el recuento real, en el que es m\u00e1s conveniente tirar un 12 contra un 3. Este punto se denomina \"recuento real\". Esto se llama \"variaci\u00f3n de la estrategia base\" y no lo discutiremos mucho durante estas lecciones.<\/p>\n<h3 class=\"gbs-heading\">Variazioni della Strategia Base<\/h3>\n<p><b>La modificaci\u00f3n de su juego al variar el recuento real le llevar\u00e1 al 10% unas cuantas veces. Cuando el recuento se reduzca, raddpierete menos, tirerete di pi\u00f9 con mani 'difficili' e dividerete le coppie meno frequentemente.<\/b> A medida que el juego avanza, raddopierete m\u00e1s spesso, tirerete di meno con le mani 'difficili' e dividerete pi\u00f9 coppie. Para cada estrategia base de juego s\u00f3lo hay una variaci\u00f3n. Por ejemplo, la variaci\u00f3n de la mano 10, 6 contra la 10 es dejar de tirar; no te derribar\u00e1s nunca y obviamente no podr\u00e1s dividir. Otro ejemplo es 5,4 contra 2. La Estrategia Base dice que hay que tirar, pero si el conteo es demasiado alto, esta mano se doblar\u00e1. Un buen ejemplo para el rango negativo es un A-2 contra 5; la estrategia base dice que hay que tirar, pero si el conteo est\u00e1 por debajo de 0, hay que tirar. Una forma sencilla de recordarlo es \"Raddoppia Asso-2 contro 5 con maggiore o uguale a 0.\" Traduci\u00e9ndolo con la 'scorciatoia' de una flashcard se convierte en A-2 contra 5 = 0. (Esatto, ritorneremo indietro di nuovo alle nostre vecchie amiche, le flashcard).<\/p>\n<h3 class=\"gbs-heading\">La Forza delle Variazioni della Strategia Base<\/h3>\n<p><b>El valor de cada variaci\u00f3n viene determinado por el tiempo, en medios, que se utilizar\u00e1.<\/b> Si juegas 100.000 manos de Blackjack al a\u00f1o (unas 20 horas al a\u00f1o), puedes aspirar a ver una mano de 16 contra una de 10 unas 3500 veces (3,5%). Che in realt\u00e0 \u00e8 una delle situazioni peggiori. En este caso, cada variaci\u00f3n tiene un valor considerable, simplemente porque la usas relativamente poco. Por el contrario, un 9,9 frente a un 2 s\u00f3lo 43 veces en los 100.000 mangos de ejemplo, por lo que la variaci\u00f3n en este caso asume un valor peque\u00f1o, ya que la usas raramente. La frecuencia de las manos nos permitir\u00e1 ordenar, de forma prioritaria, el aprendizaje de las variaciones de la estrategia base.<\/p>\n<p><b>Una de las variaciones m\u00e1s importantes de la estrategia de base es el punto relativo a la garant\u00eda.<\/b> Dado que el banco mostrar\u00e1 un Asso alrededor del 7,5% de las veces, saber cu\u00e1ndo es conveniente asegurarse es muy importante. Si juegas con varios jugadores, vale la pena asegurarse cuando el recuento real sea mayor o menor que 3. En este caso, debes asegurarte siempre, independientemente de las cartas que tengas, de que no haya ninguna relaci\u00f3n con tu mano. El sistema de conteo Alto\/Bajo tiene una 'Eficiencia de Aseguramiento' igual que el 80%, lo que significa que 8 veces de cada 10 tomas la decisi\u00f3n correcta sobre el aseguramiento, bas\u00e1ndote en la puntuaci\u00f3n del conteo real.<\/p>\n<p>Come detto precedentemente, <b>el valor considerado se obtiene del aprendizaje de las variaciones que implican las manos iniciales de 12-16 frente a cualquier otra carta, ya que estas son las manos que se verifican con m\u00e1s frecuencia.<\/b> Sin embargo, en un momento dado del juego, el 54% de todas tus manos ser\u00e1 \"dif\u00edcil\". Hagamos una observaci\u00f3n importante: las variaciones de la estrategia base no s\u00f3lo se aplican a las dos cartas iniciales, sino tambi\u00e9n a las manos compuestas por 3 o m\u00e1s cartas. Puedes jugar con A, 2, 10, 3 contra 10 si el recuento es mayor o menor que 0, del mismo modo que si juegas con un 10, 6. La divisi\u00f3n (o no divisi\u00f3n) de las copas es lo primero que hay que hacer en orden de importancia, y la divisi\u00f3n o no divisi\u00f3n de las copas es lo menos importante.<\/p>\n<h3 class=\"gbs-heading\">El valor de las variaciones de la base estrat\u00e9gica<\/h3>\n<p><b>Podemos afirmar con certeza que el uso de estas variaciones aumentar\u00e1 nuestras prestaciones del 10% en el juego con siete ratones.<\/b> Pero tambi\u00e9n hay otro beneficio. Utilizando estas variaciones en el casino, te convertir\u00e1s en un \"jugador de azar\". Tirar, algunas veces, 16 contra 10 y abandonar otras veces es un comportamiento t\u00edpico de los jugadores de azar. Para los jugadores de casino que conocen la estrategia de base correcta (\u00a1s\u00f3lo unos pocos!), ver un raddoppio sobre un A,7 contra un 2 es de matones, igual que huir con 15 contra un 10 es de 'polli'. Sin embargo, todas estas situaciones son, con algunas excepciones, la forma correcta de jugar.<\/p>\n<p>Si juegas con un solo mazo, el valor de las variaciones de la estrategia base aumenta vertiginosamente hasta 25% o incluso m\u00e1s. Si pierdes el tiempo con estos juegos, deber\u00edas probarlos.<\/p>\n<p>En la pr\u00f3xima lecci\u00f3n, le mostraremos c\u00f3mo realizar estas modificaciones.<\/p>","protected":false},"excerpt":{"rendered":"<p>Il modo pi\u00f9 potente (e legale) di superare il vantaggio del banco consiste nel variare le scommesse a seconda del true count. Ulteriori miglioramenti dallo 0.2 al 0.3% sono possibili per coloro che variano il gioco delle proprie mani a seconda del true count. Senza dubbio avrete avuto delle situazioni nelle quali il conteggio era [&hellip;]<\/p>\n","protected":false},"author":4,"featured_media":0,"parent":2715,"menu_order":0,"comment_status":"open","ping_status":"open","template":"page-blacjack-school-it.php","meta":{"_acf_changed":false,"footnotes":""},"tags":[],"class_list":["post-2781","page","type-page","status-publish","hentry"],"acf":[],"yoast_head":"<!-- This site is optimized with the Yoast SEO plugin v26.6 - https:\/\/yoast.com\/wordpress\/plugins\/seo\/ -->\n<title>Lezione 13 - Il Corso Avanzato - Parte 1<\/title>\n<meta name=\"description\" content=\"Il modo pi\u00f9 potente (e legale) di superare il vantaggio del banco consiste nel variare le scommesse a seconda del true count. Ulteriori miglioramenti\" \/>\n<meta name=\"robots\" content=\"index, follow, max-snippet:-1, max-image-preview:large, max-video-preview:-1\" \/>\n<link rel=\"canonical\" href=\"https:\/\/www.blackjackinfo.com\/es\/escuela-de-blackjack\/leccion-13-curso-avanzado-parte-1\/\" \/>\n<meta property=\"og:locale\" content=\"es_ES\" \/>\n<meta property=\"og:type\" content=\"article\" \/>\n<meta property=\"og:title\" content=\"Lezione 13 - Il Corso Avanzato - Parte 1\" \/>\n<meta property=\"og:description\" content=\"Il modo pi\u00f9 potente (e legale) di superare il vantaggio del banco consiste nel variare le scommesse a seconda del true count. Ulteriori miglioramenti\" \/>\n<meta property=\"og:url\" content=\"https:\/\/www.blackjackinfo.com\/es\/escuela-de-blackjack\/leccion-13-curso-avanzado-parte-1\/\" \/>\n<meta property=\"og:site_name\" content=\"BlackjackInfo.com\" \/>\n<meta property=\"article:modified_time\" content=\"2018-04-18T07:07:13+00:00\" \/>\n<meta name=\"twitter:label1\" content=\"Tiempo de lectura\" \/>\n\t<meta name=\"twitter:data1\" content=\"4 minutos\" \/>\n<script type=\"application\/ld+json\" class=\"yoast-schema-graph\">{\"@context\":\"https:\/\/schema.org\",\"@graph\":[{\"@type\":\"WebPage\",\"@id\":\"https:\/\/www.blackjackinfo.com\/blackjack-school\/lesson-13-advanced-course-part-1\/\",\"url\":\"https:\/\/www.blackjackinfo.com\/blackjack-school\/lesson-13-advanced-course-part-1\/\",\"name\":\"Lezione 13 - Il Corso Avanzato - Parte 1\",\"isPartOf\":{\"@id\":\"https:\/\/www.blackjackinfo.com\/#website\"},\"datePublished\":\"2017-03-13T03:05:47+00:00\",\"dateModified\":\"2018-04-18T07:07:13+00:00\",\"description\":\"Il modo pi\u00f9 potente (e legale) di superare il vantaggio del banco consiste nel variare le scommesse a seconda del true count. Ulteriori miglioramenti\",\"breadcrumb\":{\"@id\":\"https:\/\/www.blackjackinfo.com\/blackjack-school\/lesson-13-advanced-course-part-1\/#breadcrumb\"},\"inLanguage\":\"es\",\"potentialAction\":[{\"@type\":\"ReadAction\",\"target\":[\"https:\/\/www.blackjackinfo.com\/blackjack-school\/lesson-13-advanced-course-part-1\/\"]}]},{\"@type\":\"BreadcrumbList\",\"@id\":\"https:\/\/www.blackjackinfo.com\/blackjack-school\/lesson-13-advanced-course-part-1\/#breadcrumb\",\"itemListElement\":[{\"@type\":\"ListItem\",\"position\":1,\"name\":\"Home\",\"item\":\"https:\/\/www.blackjackinfo.com\/\"},{\"@type\":\"ListItem\",\"position\":2,\"name\":\"La Scuola di Blackjack di GameMaster\",\"item\":\"https:\/\/www.it.blackjackinfo.com\/scuola-di-blackjack\/\"},{\"@type\":\"ListItem\",\"position\":3,\"name\":\"Lezione 13 &#8211; Il Corso Avanzato &#8211; Parte 1\"}]},{\"@type\":\"WebSite\",\"@id\":\"https:\/\/www.blackjackinfo.com\/#website\",\"url\":\"https:\/\/www.blackjackinfo.com\/\",\"name\":\"BlackjackInfo.com\",\"description\":\"Because Winning is More Fun!\",\"potentialAction\":[{\"@type\":\"SearchAction\",\"target\":{\"@type\":\"EntryPoint\",\"urlTemplate\":\"https:\/\/www.blackjackinfo.com\/?s={search_term_string}\"},\"query-input\":{\"@type\":\"PropertyValueSpecification\",\"valueRequired\":true,\"valueName\":\"search_term_string\"}}],\"inLanguage\":\"es\"}]}<\/script>\n<!-- \/ Yoast SEO plugin. -->","yoast_head_json":{"title":"Semana 13 - El Camino Avanzado - Parte 1","description":"La forma m\u00e1s potente (y legal) de superar el riesgo del banco consiste en variar las comisiones en funci\u00f3n del recuento real. Otras mejoras","robots":{"index":"index","follow":"follow","max-snippet":"max-snippet:-1","max-image-preview":"max-image-preview:large","max-video-preview":"max-video-preview:-1"},"canonical":"https:\/\/www.blackjackinfo.com\/es\/escuela-de-blackjack\/leccion-13-curso-avanzado-parte-1\/","og_locale":"es_ES","og_type":"article","og_title":"Lezione 13 - Il Corso Avanzato - Parte 1","og_description":"Il modo pi\u00f9 potente (e legale) di superare il vantaggio del banco consiste nel variare le scommesse a seconda del true count. Ulteriori miglioramenti","og_url":"https:\/\/www.blackjackinfo.com\/es\/escuela-de-blackjack\/leccion-13-curso-avanzado-parte-1\/","og_site_name":"BlackjackInfo.com","article_modified_time":"2018-04-18T07:07:13+00:00","twitter_misc":{"Tiempo de lectura":"4 minutos"},"schema":{"@context":"https:\/\/schema.org","@graph":[{"@type":"WebPage","@id":"https:\/\/www.blackjackinfo.com\/blackjack-school\/lesson-13-advanced-course-part-1\/","url":"https:\/\/www.blackjackinfo.com\/blackjack-school\/lesson-13-advanced-course-part-1\/","name":"Semana 13 - El Camino Avanzado - Parte 1","isPartOf":{"@id":"https:\/\/www.blackjackinfo.com\/#website"},"datePublished":"2017-03-13T03:05:47+00:00","dateModified":"2018-04-18T07:07:13+00:00","description":"La forma m\u00e1s potente (y legal) de superar el riesgo del banco consiste en variar las comisiones en funci\u00f3n del recuento real. Otras mejoras","breadcrumb":{"@id":"https:\/\/www.blackjackinfo.com\/blackjack-school\/lesson-13-advanced-course-part-1\/#breadcrumb"},"inLanguage":"es","potentialAction":[{"@type":"ReadAction","target":["https:\/\/www.blackjackinfo.com\/blackjack-school\/lesson-13-advanced-course-part-1\/"]}]},{"@type":"BreadcrumbList","@id":"https:\/\/www.blackjackinfo.com\/blackjack-school\/lesson-13-advanced-course-part-1\/#breadcrumb","itemListElement":[{"@type":"ListItem","position":1,"name":"Home","item":"https:\/\/www.blackjackinfo.com\/"},{"@type":"ListItem","position":2,"name":"La Scuola di Blackjack di GameMaster","item":"https:\/\/www.it.blackjackinfo.com\/scuola-di-blackjack\/"},{"@type":"ListItem","position":3,"name":"Lezione 13 &#8211; Il Corso Avanzato &#8211; Parte 1"}]},{"@type":"WebSite","@id":"https:\/\/www.blackjackinfo.com\/#website","url":"https:\/\/www.blackjackinfo.com\/","name":"BlackjackInfo.com","description":"\u00a1Porque ganar es m\u00e1s divertido!","potentialAction":[{"@type":"SearchAction","target":{"@type":"EntryPoint","urlTemplate":"https:\/\/www.blackjackinfo.com\/?s={search_term_string}"},"query-input":{"@type":"PropertyValueSpecification","valueRequired":true,"valueName":"search_term_string"}}],"inLanguage":"es"}]}},"_links":{"self":[{"href":"https:\/\/www.blackjackinfo.com\/es\/wp-json\/wp\/v2\/pages\/2781","targetHints":{"allow":["GET"]}}],"collection":[{"href":"https:\/\/www.blackjackinfo.com\/es\/wp-json\/wp\/v2\/pages"}],"about":[{"href":"https:\/\/www.blackjackinfo.com\/es\/wp-json\/wp\/v2\/types\/page"}],"author":[{"embeddable":true,"href":"https:\/\/www.blackjackinfo.com\/es\/wp-json\/wp\/v2\/users\/4"}],"replies":[{"embeddable":true,"href":"https:\/\/www.blackjackinfo.com\/es\/wp-json\/wp\/v2\/comments?post=2781"}],"version-history":[{"count":2,"href":"https:\/\/www.blackjackinfo.com\/es\/wp-json\/wp\/v2\/pages\/2781\/revisions"}],"predecessor-version":[{"id":2783,"href":"https:\/\/www.blackjackinfo.com\/es\/wp-json\/wp\/v2\/pages\/2781\/revisions\/2783"}],"up":[{"embeddable":true,"href":"https:\/\/www.blackjackinfo.com\/es\/wp-json\/wp\/v2\/pages\/2715"}],"wp:attachment":[{"href":"https:\/\/www.blackjackinfo.com\/es\/wp-json\/wp\/v2\/media?parent=2781"}],"wp:term":[{"taxonomy":"post_tag","embeddable":true,"href":"https:\/\/www.blackjackinfo.com\/es\/wp-json\/wp\/v2\/tags?post=2781"}],"curies":[{"name":"wp","href":"https:\/\/api.w.org\/{rel}","templated":true}]}}