{"id":2784,"date":"2017-03-12T22:12:34","date_gmt":"2017-03-13T03:12:34","guid":{"rendered":"https:\/\/www.blackjackinfo.com\/?page_id=2784\/"},"modified":"2018-04-18T02:07:13","modified_gmt":"2018-04-18T07:07:13","slug":"leccion-14-el-curso-avanzado-parte-2","status":"publish","type":"page","link":"https:\/\/www.blackjackinfo.com\/es\/scuola-di-blackjack\/lezione-14-il-corso-avanzato-parte-2\/","title":{"rendered":"Secci\u00f3n 14 - El Camino Avanzado - Parte 2"},"content":{"rendered":"<h3 class=\"gbs-heading\">Variaciones de la Estrategia Base: \u00bfTirar o quedarse?<\/h3>\n<p class=\"intro\"><b>La decisi\u00f3n m\u00e1s com\u00fan que cada jugador debe tomar en la mesa de Blackjack es si tirar o parar, ya que esto supondr\u00e1 la variaci\u00f3n de la estrategia base m\u00e1s com\u00fan que se debe tener en cuenta entre todas las dem\u00e1s.<\/b> La primera es con una mano de 16 contra un 10 del banco. Si el recuento es 0 o superior, debes cerrar y si es inferior a 0, debes tirar. Esto significa que si el recuento es mayor o igual que 0, debe cerrarse. Puesto que la cifra relativa a la \"decisi\u00f3n\" es 0, no es necesario calcular el recuento real - en esta situaci\u00f3n se basar\u00e1 en el recuento actual. No se preocupe por este caso. Casi todas las variaciones de la estrategia base se aplican al recuento real, pero para aquellas en las que el n\u00famero de decisiones es 0, el recuento corriente ser\u00e1 suficiente.<\/p>\n<p>La segunda mano en orden de importancia es la 15 contra la 10 del banco. Si juegas con cuatro o m\u00e1s ratones, el n\u00famero decisivo es 4. Estas variaciones y otras ya vistas pueden aprenderse f\u00e1cilmente con el uso de tarjetas. No es necesario que sean bonitas o sofisticadas; basta con que sean precisas. Fate qualche quadratino con le cartelle manila e sicuramente funzioneranno bene ugualmente. Una flashcard t\u00edpica ser\u00eda \u00e9sta<\/p>\n<div class=\"text-center\">\n<img loading=\"lazy\" decoding=\"async\" src=\"\/img\/Blackjack-School\/flashcard1.jpg\" width=\"144\" height=\"144\" alt=\"Flash Card 1\" data-no-auto-translation=\"\">\n<\/div>\n<p>Imagina el 10 y el 16 situados en la zona central de un cuadrado de 2\u2033 X 2\u2033, el 0 en el \u00e1ngulo inferior para que tu dedo siniestro pueda copiar el n\u00famero. Cuando proceda a examinar la pila, diga \"sedici contro 10, fermarsi a zero\" (o pi\u00f9 di 0). Para una mano de 15 contra 10, la carta ser\u00e1 la siguiente<\/p>\n<div class=\"text-center\">\n<img loading=\"lazy\" decoding=\"async\" src=\"\/img\/Blackjack-School\/flashcard2.jpg\" width=\"144\" height=\"144\" alt=\"Flash Card 2\" data-no-auto-translation=\"\">\n<\/div>\n<p>Cuando llegue a esta carta, diga \"15 contra 10; mant\u00e9ngase a 4\".<\/p>\n<p>Con el paso del tiempo, no has necesitado recordar que debes terminar con un 15 contra un 10, por lo que di \"15 contra 10 es 4\".<\/p>\n<p><b>Aqu\u00ed tienes los n\u00fameros que debes marcar.<\/b> Podr\u00edan variar un poco de los n\u00fameros que se encuentran publicados en los libros de Stanford Wong \"Professional Blackjack\" porque los que he indicado son espec\u00edficos para un juego con siete mazos donde la banca juega con A-6 y algunos se han modificado en base a la teor\u00eda de juego de la 'avversione al rischio' que se ha desarrollado hace unos 15 a\u00f1os. Estos n\u00fameros funcionan muy bien; se est\u00e1n probando con millones de horas, jugadas por m\u00ed y por mis estudiantes, en el casino. NO los usamos para el juego con un solo mazo. El juego con un solo laberinto requiere una cifra diferente y se examinar\u00e1 en una pr\u00f3xima ronda.<\/p>\n<hr \/>\n<p class=\"ctr\"><b>Variazioni Strategia Base: 6 Mazzi, Il Banco si ferma con A-6<\/b><\/p>\n<table class=\"gbs-ctable\">\n<tbody>\n<tr>\n<td class=\"w20\">12 contra 2<\/td>\n<td class=\"w30\">Fermarsi con 3 o superiore<\/td>\n<\/tr>\n<tr>\n<td>12 contra 3<\/td>\n<td>Fermarsi con 2 o superiore<\/td>\n<\/tr>\n<tr>\n<td>12 contra 4<\/td>\n<td>Fermarsi con 0 o superiore<\/td>\n<td class=\"smaller\">(Si, si el recuento de carreras es negativo, tira un 12 contra un 4. \u00a1\u00a1\u00a1Impedir\u00e1 a los otros jugadores en la mesa!!!)<\/td>\n<\/tr>\n<tr>\n<td>12 contra 5<\/td>\n<td>Fermarsi con -1 o superiore<\/td>\n<td class=\"smaller\">(Esto significa que tirate si el conteo es mas BASSO de -1).<\/td>\n<\/tr>\n<tr>\n<td>13 contra 2<\/td>\n<td>Fermarsi con -1 o superiore<\/td>\n<\/tr>\n<tr>\n<td>14 contra A<\/td>\n<td>Fermarsi con 9 o superiore<\/td>\n<\/tr>\n<tr>\n<td>15 contra 7<\/td>\n<td>Fermarsi con 10 o superiore<\/td>\n<\/tr>\n<tr>\n<td>15 contra 8<\/td>\n<td>Fermarsi con 10 o superiore<\/td>\n<\/tr>\n<tr>\n<td>15 contra 9<\/td>\n<td>Fermarsi con 8 o superiore<\/td>\n<\/tr>\n<tr>\n<td>15 contra 10<\/td>\n<td>Fermarsi con 4 o superiore<\/td>\n<\/tr>\n<tr>\n<td>15 contra A<\/td>\n<td>Fermarsi con 9 o superiore<\/td>\n<\/tr>\n<tr>\n<td>16 contra 7<\/td>\n<td>Fermarsi con 9 o superiore<\/td>\n<\/tr>\n<tr>\n<td>16 contra 8<\/td>\n<td>Fermarsi con 7 o superiore<\/td>\n<\/tr>\n<tr>\n<td>16 contra 9<\/td>\n<td>Fermarsi con 5 o superiore<\/td>\n<\/tr>\n<tr>\n<td>16 contra 10<\/td>\n<td>Fermarsi con 0 o superiore<\/td>\n<\/tr>\n<tr>\n<td>16 contra A<\/td>\n<td>Fermarsi con 8 o superiore<\/td>\n<\/tr>\n<\/tbody>\n<\/table>\n<hr \/>\n<p>Y para terminar, un juego extra\u00f1o: Fermarsi con un A-7 contra un Asso con 1 o superior.<\/p>\n<h3 class=\"gbs-heading\">Compiti per casa<\/h3>\n<p>Crea un conjunto de fichas y empieza a aprender estas variaciones.<\/p>","protected":false},"excerpt":{"rendered":"<p>Variazioni della Strategia Base: Tirare o Fermarsi? La decisione pi\u00f9 comune che ogni giocatore deve fare al tavolo da Blackjack \u00e8 se tirare o fermarsi, di conseguenza ci\u00f2 diventer\u00e0 la variazione della strategia base pi\u00f9 comune che dovreste imparare fra tutte le altre. La prima \u00e8 con una mano di 16 contro un 10 del [&hellip;]<\/p>\n","protected":false},"author":4,"featured_media":0,"parent":2715,"menu_order":0,"comment_status":"open","ping_status":"open","template":"page-blacjack-school-it.php","meta":{"_acf_changed":false,"footnotes":""},"tags":[],"class_list":["post-2784","page","type-page","status-publish","hentry"],"acf":[],"yoast_head":"<!-- This site is optimized with the Yoast SEO plugin v26.6 - https:\/\/yoast.com\/wordpress\/plugins\/seo\/ -->\n<title>Lezione 14 - Il Corso Avanzato - Parte 2<\/title>\n<meta name=\"description\" content=\"Variazioni della Strategia Base: Tirare o Fermarsi? La decisione pi\u00f9 comune che ogni giocatore deve fare al tavolo da Blackjack \u00e8 se tirare o fermarsi, di\" \/>\n<meta name=\"robots\" content=\"index, follow, max-snippet:-1, max-image-preview:large, max-video-preview:-1\" \/>\n<link rel=\"canonical\" href=\"https:\/\/www.blackjackinfo.com\/es\/escuela-de-blackjack\/leccion-14-curso-avanzado-parte-2\/\" \/>\n<meta property=\"og:locale\" content=\"es_ES\" \/>\n<meta property=\"og:type\" content=\"article\" \/>\n<meta property=\"og:title\" content=\"Lezione 14 - Il Corso Avanzato - Parte 2\" \/>\n<meta property=\"og:description\" content=\"Variazioni della Strategia Base: Tirare o Fermarsi? La decisione pi\u00f9 comune che ogni giocatore deve fare al tavolo da Blackjack \u00e8 se tirare o fermarsi, di\" \/>\n<meta property=\"og:url\" content=\"https:\/\/www.blackjackinfo.com\/es\/escuela-de-blackjack\/leccion-14-curso-avanzado-parte-2\/\" \/>\n<meta property=\"og:site_name\" content=\"BlackjackInfo.com\" \/>\n<meta property=\"article:modified_time\" content=\"2018-04-18T07:07:13+00:00\" \/>\n<meta name=\"twitter:label1\" content=\"Tiempo de lectura\" \/>\n\t<meta name=\"twitter:data1\" content=\"3 minutos\" \/>\n<script type=\"application\/ld+json\" class=\"yoast-schema-graph\">{\"@context\":\"https:\/\/schema.org\",\"@graph\":[{\"@type\":\"WebPage\",\"@id\":\"https:\/\/www.blackjackinfo.com\/blackjack-school\/lesson-14-advanced-course-part-2\/\",\"url\":\"https:\/\/www.blackjackinfo.com\/blackjack-school\/lesson-14-advanced-course-part-2\/\",\"name\":\"Lezione 14 - Il Corso Avanzato - Parte 2\",\"isPartOf\":{\"@id\":\"https:\/\/www.blackjackinfo.com\/#website\"},\"datePublished\":\"2017-03-13T03:12:34+00:00\",\"dateModified\":\"2018-04-18T07:07:13+00:00\",\"description\":\"Variazioni della Strategia Base: Tirare o Fermarsi? La decisione pi\u00f9 comune che ogni giocatore deve fare al tavolo da Blackjack \u00e8 se tirare o fermarsi, di\",\"breadcrumb\":{\"@id\":\"https:\/\/www.blackjackinfo.com\/blackjack-school\/lesson-14-advanced-course-part-2\/#breadcrumb\"},\"inLanguage\":\"es\",\"potentialAction\":[{\"@type\":\"ReadAction\",\"target\":[\"https:\/\/www.blackjackinfo.com\/blackjack-school\/lesson-14-advanced-course-part-2\/\"]}]},{\"@type\":\"BreadcrumbList\",\"@id\":\"https:\/\/www.blackjackinfo.com\/blackjack-school\/lesson-14-advanced-course-part-2\/#breadcrumb\",\"itemListElement\":[{\"@type\":\"ListItem\",\"position\":1,\"name\":\"Home\",\"item\":\"https:\/\/www.blackjackinfo.com\/\"},{\"@type\":\"ListItem\",\"position\":2,\"name\":\"La Scuola di Blackjack di GameMaster\",\"item\":\"https:\/\/www.it.blackjackinfo.com\/scuola-di-blackjack\/\"},{\"@type\":\"ListItem\",\"position\":3,\"name\":\"Lezione 14 &#8211; Il Corso Avanzato &#8211; Parte 2\"}]},{\"@type\":\"WebSite\",\"@id\":\"https:\/\/www.blackjackinfo.com\/#website\",\"url\":\"https:\/\/www.blackjackinfo.com\/\",\"name\":\"BlackjackInfo.com\",\"description\":\"Because Winning is More Fun!\",\"potentialAction\":[{\"@type\":\"SearchAction\",\"target\":{\"@type\":\"EntryPoint\",\"urlTemplate\":\"https:\/\/www.blackjackinfo.com\/?s={search_term_string}\"},\"query-input\":{\"@type\":\"PropertyValueSpecification\",\"valueRequired\":true,\"valueName\":\"search_term_string\"}}],\"inLanguage\":\"es\"}]}<\/script>\n<!-- \/ Yoast SEO plugin. -->","yoast_head_json":{"title":"Secci\u00f3n 14 - El Camino Avanzado - Parte 2","description":"Variaciones de la Estrategia Base: \u00bfTirar o quedarse? La decisi\u00f3n m\u00e1s com\u00fan que todo jugador debe tomar en la mesa de Blackjack es si tirar o quedarse, de la siguiente manera","robots":{"index":"index","follow":"follow","max-snippet":"max-snippet:-1","max-image-preview":"max-image-preview:large","max-video-preview":"max-video-preview:-1"},"canonical":"https:\/\/www.blackjackinfo.com\/es\/escuela-de-blackjack\/leccion-14-curso-avanzado-parte-2\/","og_locale":"es_ES","og_type":"article","og_title":"Lezione 14 - Il Corso Avanzato - Parte 2","og_description":"Variazioni della Strategia Base: Tirare o Fermarsi? La decisione pi\u00f9 comune che ogni giocatore deve fare al tavolo da Blackjack \u00e8 se tirare o fermarsi, di","og_url":"https:\/\/www.blackjackinfo.com\/es\/escuela-de-blackjack\/leccion-14-curso-avanzado-parte-2\/","og_site_name":"BlackjackInfo.com","article_modified_time":"2018-04-18T07:07:13+00:00","twitter_misc":{"Tiempo de lectura":"3 minutos"},"schema":{"@context":"https:\/\/schema.org","@graph":[{"@type":"WebPage","@id":"https:\/\/www.blackjackinfo.com\/blackjack-school\/lesson-14-advanced-course-part-2\/","url":"https:\/\/www.blackjackinfo.com\/blackjack-school\/lesson-14-advanced-course-part-2\/","name":"Secci\u00f3n 14 - El Camino Avanzado - Parte 2","isPartOf":{"@id":"https:\/\/www.blackjackinfo.com\/#website"},"datePublished":"2017-03-13T03:12:34+00:00","dateModified":"2018-04-18T07:07:13+00:00","description":"Variaciones de la Estrategia Base: \u00bfTirar o quedarse? La decisi\u00f3n m\u00e1s com\u00fan que todo jugador debe tomar en la mesa de Blackjack es si tirar o quedarse, de la siguiente manera","breadcrumb":{"@id":"https:\/\/www.blackjackinfo.com\/blackjack-school\/lesson-14-advanced-course-part-2\/#breadcrumb"},"inLanguage":"es","potentialAction":[{"@type":"ReadAction","target":["https:\/\/www.blackjackinfo.com\/blackjack-school\/lesson-14-advanced-course-part-2\/"]}]},{"@type":"BreadcrumbList","@id":"https:\/\/www.blackjackinfo.com\/blackjack-school\/lesson-14-advanced-course-part-2\/#breadcrumb","itemListElement":[{"@type":"ListItem","position":1,"name":"Home","item":"https:\/\/www.blackjackinfo.com\/"},{"@type":"ListItem","position":2,"name":"La Scuola di Blackjack di GameMaster","item":"https:\/\/www.it.blackjackinfo.com\/scuola-di-blackjack\/"},{"@type":"ListItem","position":3,"name":"Lezione 14 &#8211; Il Corso Avanzato &#8211; Parte 2"}]},{"@type":"WebSite","@id":"https:\/\/www.blackjackinfo.com\/#website","url":"https:\/\/www.blackjackinfo.com\/","name":"BlackjackInfo.com","description":"\u00a1Porque ganar es m\u00e1s divertido!","potentialAction":[{"@type":"SearchAction","target":{"@type":"EntryPoint","urlTemplate":"https:\/\/www.blackjackinfo.com\/?s={search_term_string}"},"query-input":{"@type":"PropertyValueSpecification","valueRequired":true,"valueName":"search_term_string"}}],"inLanguage":"es"}]}},"_links":{"self":[{"href":"https:\/\/www.blackjackinfo.com\/es\/wp-json\/wp\/v2\/pages\/2784","targetHints":{"allow":["GET"]}}],"collection":[{"href":"https:\/\/www.blackjackinfo.com\/es\/wp-json\/wp\/v2\/pages"}],"about":[{"href":"https:\/\/www.blackjackinfo.com\/es\/wp-json\/wp\/v2\/types\/page"}],"author":[{"embeddable":true,"href":"https:\/\/www.blackjackinfo.com\/es\/wp-json\/wp\/v2\/users\/4"}],"replies":[{"embeddable":true,"href":"https:\/\/www.blackjackinfo.com\/es\/wp-json\/wp\/v2\/comments?post=2784"}],"version-history":[{"count":3,"href":"https:\/\/www.blackjackinfo.com\/es\/wp-json\/wp\/v2\/pages\/2784\/revisions"}],"predecessor-version":[{"id":2787,"href":"https:\/\/www.blackjackinfo.com\/es\/wp-json\/wp\/v2\/pages\/2784\/revisions\/2787"}],"up":[{"embeddable":true,"href":"https:\/\/www.blackjackinfo.com\/es\/wp-json\/wp\/v2\/pages\/2715"}],"wp:attachment":[{"href":"https:\/\/www.blackjackinfo.com\/es\/wp-json\/wp\/v2\/media?parent=2784"}],"wp:term":[{"taxonomy":"post_tag","embeddable":true,"href":"https:\/\/www.blackjackinfo.com\/es\/wp-json\/wp\/v2\/tags?post=2784"}],"curies":[{"name":"wp","href":"https:\/\/api.w.org\/{rel}","templated":true}]}}