{"id":2788,"date":"2017-03-12T22:18:35","date_gmt":"2017-03-13T03:18:35","guid":{"rendered":"https:\/\/www.blackjackinfo.com\/?page_id=2788\/"},"modified":"2018-04-18T02:07:13","modified_gmt":"2018-04-18T07:07:13","slug":"leccion-15-el-curso-avanzado-parte-3","status":"publish","type":"page","link":"https:\/\/www.blackjackinfo.com\/es\/scuola-di-blackjack\/lezione-15-il-corso-avanzato-parte-3\/","title":{"rendered":"Semana 15 - El Camino Avanzado - Parte 3"},"content":{"rendered":"<h3 class=\"gbs-heading\">Variazioni della Strategia Base: \u00bfRaddoppio?<\/h3>\n<p class=\"intro\"><b>La oportunidad de redirigir tu punto en lugar de recibir una sola carta es una opci\u00f3n poderosa para el jugador, si se utiliza correctamente.<\/b> No puedo decir cu\u00e1ntas veces he visto a jugadores que juegan con una mano de 7 u 8 contra un 6 de la banca y luego, cuando pierden, se lamentan por la mala suerte. Si, el banco es muy vulnerable cuando muestra un 6, pero al hacer una apuesta extra cambia la matem\u00e1tica de la mano, por lo que todos los raddoppi deben ser considerados con precisi\u00f3n. Por ejemplo, en un juego de siete mazos en el que el banco juega con A-6, doblar la propia mano de 8 contra el 6 del banco tiene un beneficio total de 10,3%, mientras que tirar tiene un rendimiento de 12,3%, \u00a1y el riesgo es bajo!<\/p>\n<p><b>Dicho esto, llega un momento en que es conveniente raddoppiare un 8 contra el 6 del banco y capita quando c'\u00e8 una quantit\u00e0 pi\u00f9 grande del normale di 10 rimasti ancora nel mazzo.<\/b> Este punto est\u00e1 determinado, naturalmente, por el recuento real. Cuando el recuento real crece y se vuelve m\u00e1s positivo, entonces es conveniente raddoparar. Por el contrario, cuanto m\u00e1s negativo sea el recuento, m\u00e1s conveniente ser\u00e1 tirar de algunas manos, en lugar de raddoparar.<br \/>\n<b>Igual que has usado las flashcards para aprender las variaciones para tirar o parar, crea otro conjunto de las mismas para el raddoppio.<\/b> Consulta las cifras que necesitas:<\/p>\n<h3 class=\"gbs-heading\">Variazioni Strategia Base Sei mazzi, il banco si ferma con A-6<\/h3>\n<p class=\"ctr\"><b>Raddoppio Leggero<\/b><\/p>\n<table class=\"gbs-ctable\">\n<tbody>\n<tr>\n<td class=\"w20\">A-2 contra 4<\/td>\n<td class=\"w20\">Raddoppiare con 3.<\/td>\n<td class=\"smaller\">(\u00bfCapito? La Estrategia Base dice que hay que TIRAR un A-2 contra un 4, pero si la cuenta real es 3 o superior, hay que raddoppiare).<\/td>\n<\/tr>\n<tr>\n<td>A-2 contra 5<\/td>\n<td>Raddoppiare con 0.<\/td>\n<td class=\"smaller\">i(No nos confundamos en este caso. La estrategia base dice que hay que raddoppiare un A-2 contra un 5, pero si el resultado es negativo, tirate; raddoppiate solo si el resultado es mayor o igual a 0.)<\/td>\n<\/tr>\n<tr>\n<td>A-2 contra 6<\/td>\n<td>Raddoppiare con -1.<\/td>\n<td class=\"smaller\">(o superior. Cuando el recuento est\u00e9 por debajo de -1, retrocede; cuando est\u00e9 por debajo de -1, retrocede; luego, si el recuento no mejora, retrocede).<\/td>\n<\/tr>\n<tr>\n<td>A-3 contra 4<\/td>\n<td>Raddoppiare con 1.<\/td>\n<\/tr>\n<tr>\n<td>A-3 contra 5<\/td>\n<td>Raddoppiare con -1.<\/td>\n<\/tr>\n<tr>\n<td>A-4 contra 4<\/td>\n<td>Raddoppiare con 0.<\/td>\n<\/tr>\n<tr>\n<td>A-7 contra 2<\/td>\n<td>Raddoppiare con 1.<\/td>\n<\/tr>\n<tr>\n<td>A-8 contra 4<\/td>\n<td>Raddoppiare con 5.<\/td>\n<\/tr>\n<tr>\n<td>A-8 contra 5<\/td>\n<td>Raddoppiare con 2.<\/td>\n<\/tr>\n<tr>\n<td>A-8 contra 6<\/td>\n<td>Raddoppiare con 1.<\/td>\n<\/tr>\n<tr>\n<td>A-9 contra 5<\/td>\n<td>Raddoppiare con 6.<\/td>\n<\/tr>\n<tr>\n<td>A-9 contra 6<\/td>\n<td>Raddoppiare con 5.<\/td>\n<\/tr>\n<\/tbody>\n<\/table>\n<p class=\"ctr\"><b>Raddoppio Difficile<\/b><\/p>\n<table class=\"gbs-ctable\">\n<tbody>\n<tr>\n<td>8 contra 5<\/td>\n<td>Raddoppiare con 6.<\/td>\n<\/tr>\n<tr>\n<td>8 contra 6<\/td>\n<td>Raddoppiare con 3.<\/td>\n<\/tr>\n<tr>\n<td>9 contra 2<\/td>\n<td>Raddoppiare con 2.<\/td>\n<\/tr>\n<tr>\n<td>9 contra 3<\/td>\n<td>Raddoppiare con 0.<\/td>\n<\/tr>\n<tr>\n<td>9 contra 7<\/td>\n<td>Raddoppiare con 6.<\/td>\n<\/tr>\n<tr>\n<td>10 contra 9<\/td>\n<td>Raddoppiare con -2.<\/td>\n<\/tr>\n<tr>\n<td>11 contra A<\/td>\n<td>Raddoppiare con 1.<\/td>\n<\/tr>\n<\/tbody>\n<\/table>\n<h3 class=\"gbs-heading\">Compiti per casa<\/h3>\n<p>Crea una serie de fichas para estas variaciones y empieza a trabajar con la variaci\u00f3n con la que juegues.<\/p>","protected":false},"excerpt":{"rendered":"<p>Variazioni della Strategia Base: Raddoppio? L&#8217;opportunit\u00e0 di raddoppiare la vostra puntata in cambio di ricevere una sola ulteriore carta \u00e8 un&#8217;opzione potente per il giocatore, se viene utilizzata correttamente. Non posso dirvi quante volte noto giocatori che raddoppiano con una mano di 7 o 8 contro un 6 del banco e poi quando perdono si [&hellip;]<\/p>\n","protected":false},"author":4,"featured_media":0,"parent":2715,"menu_order":0,"comment_status":"open","ping_status":"open","template":"page-blacjack-school-it.php","meta":{"_acf_changed":false,"footnotes":""},"tags":[],"class_list":["post-2788","page","type-page","status-publish","hentry"],"acf":[],"yoast_head":"<!-- This site is optimized with the Yoast SEO plugin v26.6 - https:\/\/yoast.com\/wordpress\/plugins\/seo\/ -->\n<title>Lezione 15 - Il Corso Avanzato - Parte 3<\/title>\n<meta name=\"description\" content=\"Variazioni della Strategia Base: Raddoppio? L&#039;opportunit\u00e0 di raddoppiare la vostra puntata in cambio di ricevere una sola ulteriore carta \u00e8 un&#039;opzione\" \/>\n<meta name=\"robots\" content=\"index, follow, max-snippet:-1, max-image-preview:large, max-video-preview:-1\" \/>\n<link rel=\"canonical\" href=\"https:\/\/www.blackjackinfo.com\/es\/escuela-de-blackjack\/leccion-15-curso-avanzado-parte-3\/\" \/>\n<meta property=\"og:locale\" content=\"es_ES\" \/>\n<meta property=\"og:type\" content=\"article\" \/>\n<meta property=\"og:title\" content=\"Lezione 15 - Il Corso Avanzato - Parte 3\" \/>\n<meta property=\"og:description\" content=\"Variazioni della Strategia Base: Raddoppio? L&#039;opportunit\u00e0 di raddoppiare la vostra puntata in cambio di ricevere una sola ulteriore carta \u00e8 un&#039;opzione\" \/>\n<meta property=\"og:url\" content=\"https:\/\/www.blackjackinfo.com\/es\/escuela-de-blackjack\/leccion-15-curso-avanzado-parte-3\/\" \/>\n<meta property=\"og:site_name\" content=\"BlackjackInfo.com\" \/>\n<meta property=\"article:modified_time\" content=\"2018-04-18T07:07:13+00:00\" \/>\n<meta name=\"twitter:label1\" content=\"Tiempo de lectura\" \/>\n\t<meta name=\"twitter:data1\" content=\"2 minutos\" \/>\n<script type=\"application\/ld+json\" class=\"yoast-schema-graph\">{\"@context\":\"https:\/\/schema.org\",\"@graph\":[{\"@type\":\"WebPage\",\"@id\":\"https:\/\/www.blackjackinfo.com\/blackjack-school\/lesson-15-advanced-course-part-3\/\",\"url\":\"https:\/\/www.blackjackinfo.com\/blackjack-school\/lesson-15-advanced-course-part-3\/\",\"name\":\"Lezione 15 - Il Corso Avanzato - Parte 3\",\"isPartOf\":{\"@id\":\"https:\/\/www.blackjackinfo.com\/#website\"},\"datePublished\":\"2017-03-13T03:18:35+00:00\",\"dateModified\":\"2018-04-18T07:07:13+00:00\",\"description\":\"Variazioni della Strategia Base: Raddoppio? L'opportunit\u00e0 di raddoppiare la vostra puntata in cambio di ricevere una sola ulteriore carta \u00e8 un'opzione\",\"breadcrumb\":{\"@id\":\"https:\/\/www.blackjackinfo.com\/blackjack-school\/lesson-15-advanced-course-part-3\/#breadcrumb\"},\"inLanguage\":\"es\",\"potentialAction\":[{\"@type\":\"ReadAction\",\"target\":[\"https:\/\/www.blackjackinfo.com\/blackjack-school\/lesson-15-advanced-course-part-3\/\"]}]},{\"@type\":\"BreadcrumbList\",\"@id\":\"https:\/\/www.blackjackinfo.com\/blackjack-school\/lesson-15-advanced-course-part-3\/#breadcrumb\",\"itemListElement\":[{\"@type\":\"ListItem\",\"position\":1,\"name\":\"Home\",\"item\":\"https:\/\/www.blackjackinfo.com\/\"},{\"@type\":\"ListItem\",\"position\":2,\"name\":\"La Scuola di Blackjack di GameMaster\",\"item\":\"https:\/\/www.it.blackjackinfo.com\/scuola-di-blackjack\/\"},{\"@type\":\"ListItem\",\"position\":3,\"name\":\"Lezione 15 &#8211; Il Corso Avanzato &#8211; Parte 3\"}]},{\"@type\":\"WebSite\",\"@id\":\"https:\/\/www.blackjackinfo.com\/#website\",\"url\":\"https:\/\/www.blackjackinfo.com\/\",\"name\":\"BlackjackInfo.com\",\"description\":\"Because Winning is More Fun!\",\"potentialAction\":[{\"@type\":\"SearchAction\",\"target\":{\"@type\":\"EntryPoint\",\"urlTemplate\":\"https:\/\/www.blackjackinfo.com\/?s={search_term_string}\"},\"query-input\":{\"@type\":\"PropertyValueSpecification\",\"valueRequired\":true,\"valueName\":\"search_term_string\"}}],\"inLanguage\":\"es\"}]}<\/script>\n<!-- \/ Yoast SEO plugin. -->","yoast_head_json":{"title":"Semana 15 - El Camino Avanzado - Parte 3","description":"Variazioni della Strategia Base: \u00bfRaddopio? La oportunidad de raddoppiare la sua puntata in sostituzione di ricevere una sola carta ulteriore \u00e8 un'opzione","robots":{"index":"index","follow":"follow","max-snippet":"max-snippet:-1","max-image-preview":"max-image-preview:large","max-video-preview":"max-video-preview:-1"},"canonical":"https:\/\/www.blackjackinfo.com\/es\/escuela-de-blackjack\/leccion-15-curso-avanzado-parte-3\/","og_locale":"es_ES","og_type":"article","og_title":"Lezione 15 - Il Corso Avanzato - Parte 3","og_description":"Variazioni della Strategia Base: Raddoppio? L'opportunit\u00e0 di raddoppiare la vostra puntata in cambio di ricevere una sola ulteriore carta \u00e8 un'opzione","og_url":"https:\/\/www.blackjackinfo.com\/es\/escuela-de-blackjack\/leccion-15-curso-avanzado-parte-3\/","og_site_name":"BlackjackInfo.com","article_modified_time":"2018-04-18T07:07:13+00:00","twitter_misc":{"Tiempo de lectura":"2 minutos"},"schema":{"@context":"https:\/\/schema.org","@graph":[{"@type":"WebPage","@id":"https:\/\/www.blackjackinfo.com\/blackjack-school\/lesson-15-advanced-course-part-3\/","url":"https:\/\/www.blackjackinfo.com\/blackjack-school\/lesson-15-advanced-course-part-3\/","name":"Semana 15 - El Camino Avanzado - Parte 3","isPartOf":{"@id":"https:\/\/www.blackjackinfo.com\/#website"},"datePublished":"2017-03-13T03:18:35+00:00","dateModified":"2018-04-18T07:07:13+00:00","description":"Variazioni della Strategia Base: \u00bfRaddopio? La oportunidad de raddoppiare la sua puntata in sostituzione di ricevere una sola carta ulteriore \u00e8 un'opzione","breadcrumb":{"@id":"https:\/\/www.blackjackinfo.com\/blackjack-school\/lesson-15-advanced-course-part-3\/#breadcrumb"},"inLanguage":"es","potentialAction":[{"@type":"ReadAction","target":["https:\/\/www.blackjackinfo.com\/blackjack-school\/lesson-15-advanced-course-part-3\/"]}]},{"@type":"BreadcrumbList","@id":"https:\/\/www.blackjackinfo.com\/blackjack-school\/lesson-15-advanced-course-part-3\/#breadcrumb","itemListElement":[{"@type":"ListItem","position":1,"name":"Home","item":"https:\/\/www.blackjackinfo.com\/"},{"@type":"ListItem","position":2,"name":"La Scuola di Blackjack di GameMaster","item":"https:\/\/www.it.blackjackinfo.com\/scuola-di-blackjack\/"},{"@type":"ListItem","position":3,"name":"Lezione 15 &#8211; Il Corso Avanzato &#8211; Parte 3"}]},{"@type":"WebSite","@id":"https:\/\/www.blackjackinfo.com\/#website","url":"https:\/\/www.blackjackinfo.com\/","name":"BlackjackInfo.com","description":"\u00a1Porque ganar es m\u00e1s divertido!","potentialAction":[{"@type":"SearchAction","target":{"@type":"EntryPoint","urlTemplate":"https:\/\/www.blackjackinfo.com\/?s={search_term_string}"},"query-input":{"@type":"PropertyValueSpecification","valueRequired":true,"valueName":"search_term_string"}}],"inLanguage":"es"}]}},"_links":{"self":[{"href":"https:\/\/www.blackjackinfo.com\/es\/wp-json\/wp\/v2\/pages\/2788","targetHints":{"allow":["GET"]}}],"collection":[{"href":"https:\/\/www.blackjackinfo.com\/es\/wp-json\/wp\/v2\/pages"}],"about":[{"href":"https:\/\/www.blackjackinfo.com\/es\/wp-json\/wp\/v2\/types\/page"}],"author":[{"embeddable":true,"href":"https:\/\/www.blackjackinfo.com\/es\/wp-json\/wp\/v2\/users\/4"}],"replies":[{"embeddable":true,"href":"https:\/\/www.blackjackinfo.com\/es\/wp-json\/wp\/v2\/comments?post=2788"}],"version-history":[{"count":1,"href":"https:\/\/www.blackjackinfo.com\/es\/wp-json\/wp\/v2\/pages\/2788\/revisions"}],"predecessor-version":[{"id":2789,"href":"https:\/\/www.blackjackinfo.com\/es\/wp-json\/wp\/v2\/pages\/2788\/revisions\/2789"}],"up":[{"embeddable":true,"href":"https:\/\/www.blackjackinfo.com\/es\/wp-json\/wp\/v2\/pages\/2715"}],"wp:attachment":[{"href":"https:\/\/www.blackjackinfo.com\/es\/wp-json\/wp\/v2\/media?parent=2788"}],"wp:term":[{"taxonomy":"post_tag","embeddable":true,"href":"https:\/\/www.blackjackinfo.com\/es\/wp-json\/wp\/v2\/tags?post=2788"}],"curies":[{"name":"wp","href":"https:\/\/api.w.org\/{rel}","templated":true}]}}