{"id":2792,"date":"2017-03-12T22:26:14","date_gmt":"2017-03-13T03:26:14","guid":{"rendered":"https:\/\/www.blackjackinfo.com\/?page_id=2792\/"},"modified":"2018-04-18T02:07:13","modified_gmt":"2018-04-18T07:07:13","slug":"leccion-17-el-curso-avanzado-parte-5","status":"publish","type":"page","link":"https:\/\/www.blackjackinfo.com\/es\/scuola-di-blackjack\/lezione-17-il-corso-avanzato-parte-5\/","title":{"rendered":"Secci\u00f3n 17 - El Camino Avanzado - Parte 5"},"content":{"rendered":"<h3 class=\"gbs-heading\">Variazioni Strategia Base: Mettete alla prova<\/h3>\n<p class=\"gbs-intro\">Mettendo le mie classi su internet, ero conscio di poter raggiungere un pubblico maggiore di quanto ne potessi avere insegnando in classe di persona, ma ovviamente vengo a perdere la possibilit\u00e0 del riscontro cio\u00e8 verificare come state impartiendo il materiale qui esposto. En mis clases presenciales, siempre puedo comprobar el progreso de mis alumnos y determinar la eficacia de mis m\u00e9todos de ense\u00f1anza. En nuestro caso no podemos hacerlo, pero me gustar\u00eda que lo comprobarais con los m\u00e9todos que os voy a explicar, aunque s\u00f3lo sea por el hecho de que, cuando aprend\u00e1is vuestras nociones, mejorar\u00e1 vuestro nivel de seguridad. Del mismo modo en que impartimos la estrategia de base correcta, tambi\u00e9n deber\u00edamos completar antes una copia de la prueba directamente desde el material que hemos ense\u00f1ado para obtener una hoja de ruta que nos servir\u00e1 cuando corrijamos las pruebas sucesivas.<\/p>\n<p><b>Esta prueba le pide que \"rellene los espacios\" con el \u00edndice num\u00e9rico correcto de -2 a +10. Estampe s\u00f3lo las copias que desee.<\/b><\/p>\n<table class=\"gbs-ctable\">\n<tbody>\n<tr>\n<th colspan=\"11\">Ejercicio a Matrice del Corso Avanzado<\/th>\n<\/tr>\n<tr>\n<th>Carta del Banco<\/th>\n<th>2<\/th>\n<th>3<\/th>\n<th>4<\/th>\n<th>5<\/th>\n<th>6<\/th>\n<th>7<\/th>\n<th>8<\/th>\n<th>9<\/th>\n<th>10<\/th>\n<th>A<\/th>\n<\/tr>\n<tr>\n<td>Mano del Giocatore A,2<\/td>\n<td>T<\/td>\n<td>T<\/td>\n<td>__<\/td>\n<td>__<\/td>\n<td>__<\/td>\n<td>T<\/td>\n<td>T<\/td>\n<td>T<\/td>\n<td>T<\/td>\n<td>T<\/td>\n<\/tr>\n<tr>\n<td>Mano del Giocatore A,3<\/td>\n<td>T<\/td>\n<td>T<\/td>\n<td>__<\/td>\n<td>__<\/td>\n<td>R<\/td>\n<td>T<\/td>\n<td>T<\/td>\n<td>T<\/td>\n<td>T<\/td>\n<td>T<\/td>\n<\/tr>\n<tr>\n<td>Mano del Giocatore A,4<\/td>\n<td>T<\/td>\n<td>T<\/td>\n<td>__<\/td>\n<td>R<\/td>\n<td>R<\/td>\n<td>T<\/td>\n<td>T<\/td>\n<td>T<\/td>\n<td>T<\/td>\n<td>T<\/td>\n<\/tr>\n<tr>\n<td>Mano del Giocatore A,5<\/td>\n<td>T<\/td>\n<td>T<\/td>\n<td>T<\/td>\n<td>R<\/td>\n<td>R<\/td>\n<td>R<\/td>\n<td>T<\/td>\n<td>T<\/td>\n<td>T<\/td>\n<td>T<\/td>\n<\/tr>\n<tr>\n<td>Mano del Giocatore A,6<\/td>\n<td>T<\/td>\n<td>R<\/td>\n<td>R<\/td>\n<td>R<\/td>\n<td>R<\/td>\n<td>T<\/td>\n<td>T<\/td>\n<td>T<\/td>\n<td>T<\/td>\n<td>T<\/td>\n<\/tr>\n<tr>\n<td>Mano del Giocatore A,7<\/td>\n<td>__<\/td>\n<td>R<\/td>\n<td>R<\/td>\n<td>R<\/td>\n<td>R<\/td>\n<td>F<\/td>\n<td>F<\/td>\n<td>T<\/td>\n<td>T<\/td>\n<td>__<\/td>\n<\/tr>\n<tr>\n<td>Mano del Giocatore A,8<\/td>\n<td>F<\/td>\n<td>F<\/td>\n<td>__<\/td>\n<td>__<\/td>\n<td>__<\/td>\n<td>F<\/td>\n<td>F<\/td>\n<td>F<\/td>\n<td>F<\/td>\n<td>F<\/td>\n<\/tr>\n<tr>\n<td>Mano del Giocatore A,9<\/td>\n<td>F<\/td>\n<td>F<\/td>\n<td>F<\/td>\n<td>__<\/td>\n<td>__<\/td>\n<td>F<\/td>\n<td>F<\/td>\n<td>F<\/td>\n<td>F<\/td>\n<td>F<\/td>\n<\/tr>\n<tr>\n<td>Mano del Giocatore 8<\/td>\n<td>T<\/td>\n<td>T<\/td>\n<td>T<\/td>\n<td>__<\/td>\n<td>__<\/td>\n<td>T<\/td>\n<td>T<\/td>\n<td>T<\/td>\n<td>T<\/td>\n<td>T<\/td>\n<\/tr>\n<tr>\n<td>Mano del Giocatore 9<\/td>\n<td>__<\/td>\n<td>__<\/td>\n<td>R<\/td>\n<td>R<\/td>\n<td>R<\/td>\n<td>__<\/td>\n<td>T<\/td>\n<td>T<\/td>\n<td>T<\/td>\n<td>T<\/td>\n<\/tr>\n<tr>\n<td>Mano del Giocatore 10<\/td>\n<td>R<\/td>\n<td>R<\/td>\n<td>R<\/td>\n<td>R<\/td>\n<td>R<\/td>\n<td>R<\/td>\n<td>R<\/td>\n<td>__<\/td>\n<td>T<\/td>\n<td>T<\/td>\n<\/tr>\n<tr>\n<td>Mano del Giocatore 11<\/td>\n<td>R<\/td>\n<td>R<\/td>\n<td>R<\/td>\n<td>R<\/td>\n<td>R<\/td>\n<td>R<\/td>\n<td>R<\/td>\n<td>R<\/td>\n<td>R<\/td>\n<td>__<\/td>\n<\/tr>\n<tr>\n<td>Mano del Giocatore 12<\/td>\n<td>__<\/td>\n<td>__<\/td>\n<td>__<\/td>\n<td>__<\/td>\n<td>F<\/td>\n<td>T<\/td>\n<td>T<\/td>\n<td>T<\/td>\n<td>T<\/td>\n<td>T<\/td>\n<\/tr>\n<tr>\n<td>Mano del Giocatore 13<\/td>\n<td>__<\/td>\n<td>F<\/td>\n<td>F<\/td>\n<td>F<\/td>\n<td>F<\/td>\n<td>T<\/td>\n<td>T<\/td>\n<td>T<\/td>\n<td>T<\/td>\n<td>T<\/td>\n<\/tr>\n<tr>\n<td>Mano del Giocatore 14<\/td>\n<td>F<\/td>\n<td>F<\/td>\n<td>F<\/td>\n<td>F<\/td>\n<td>F<\/td>\n<td>T<\/td>\n<td>T<\/td>\n<td>T<\/td>\n<td>T<\/td>\n<td>__<\/td>\n<\/tr>\n<tr>\n<td>Mano del Giocatore 15<\/td>\n<td>F<\/td>\n<td>F<\/td>\n<td>F<\/td>\n<td>F<\/td>\n<td>F<\/td>\n<td>__<\/td>\n<td>__<\/td>\n<td>__<\/td>\n<td>__<\/td>\n<td>__<\/td>\n<\/tr>\n<tr>\n<td>Mano del Giocatore 16<\/td>\n<td>F<\/td>\n<td>F<\/td>\n<td>F<\/td>\n<td>F<\/td>\n<td>F<\/td>\n<td>__<\/td>\n<td>__<\/td>\n<td>__<\/td>\n<td>__<\/td>\n<td>__<\/td>\n<\/tr>\n<tr>\n<td>Mano del Giocatore 17+<\/td>\n<td>F<\/td>\n<td>F<\/td>\n<td>F<\/td>\n<td>F<\/td>\n<td>F<\/td>\n<td>F<\/td>\n<td>F<\/td>\n<td>F<\/td>\n<td>F<\/td>\n<td>F<\/td>\n<\/tr>\n<tr>\n<td>Mano del Giocatore 2,2<\/td>\n<td>D<\/td>\n<td>D<\/td>\n<td>D<\/td>\n<td>D<\/td>\n<td>D<\/td>\n<td>D<\/td>\n<td>T<\/td>\n<td>T<\/td>\n<td>T<\/td>\n<td>T<\/td>\n<\/tr>\n<tr>\n<td>Mano del Giocatore 3,3<\/td>\n<td>__<\/td>\n<td>D<\/td>\n<td>D<\/td>\n<td>D<\/td>\n<td>D<\/td>\n<td>D<\/td>\n<td>T<\/td>\n<td>T<\/td>\n<td>T<\/td>\n<td>T<\/td>\n<\/tr>\n<tr>\n<td>Mano del Giocatore 4,4<\/td>\n<td>T<\/td>\n<td>T<\/td>\n<td>T<\/td>\n<td>__<\/td>\n<td>__<\/td>\n<td>T<\/td>\n<td>T<\/td>\n<td>T<\/td>\n<td>T<\/td>\n<td>T<\/td>\n<\/tr>\n<tr>\n<td>Mano del Giocatore 5,5<\/td>\n<td colspan=\"10\">NON DIVIDETE; TRATTATELO COME UN '10'<\/td>\n<\/tr>\n<tr>\n<td>Mano del Giocatore 6,6<\/td>\n<td>__<\/td>\n<td>D<\/td>\n<td>D<\/td>\n<td>D<\/td>\n<td>D<\/td>\n<td>T<\/td>\n<td>T<\/td>\n<td>T<\/td>\n<td>T<\/td>\n<td>T<\/td>\n<\/tr>\n<tr>\n<td>Mano del Giocatore 7,7<\/td>\n<td>D<\/td>\n<td>D<\/td>\n<td>D<\/td>\n<td>D<\/td>\n<td>D<\/td>\n<td>D<\/td>\n<td>T<\/td>\n<td>T<\/td>\n<td>T<\/td>\n<td>T<\/td>\n<\/tr>\n<tr>\n<td>Mano del Giocatore 8,8<\/td>\n<td>D<\/td>\n<td>D<\/td>\n<td>D<\/td>\n<td>D<\/td>\n<td>D<\/td>\n<td>D<\/td>\n<td>D<\/td>\n<td>D<\/td>\n<td>__<\/td>\n<td>D<\/td>\n<\/tr>\n<tr>\n<td>Mano del Giocatore 9,9<\/td>\n<td>D<\/td>\n<td>D<\/td>\n<td>D<\/td>\n<td>D<\/td>\n<td>D<\/td>\n<td>__<\/td>\n<td>D<\/td>\n<td>D<\/td>\n<td>F<\/td>\n<td>__<\/td>\n<\/tr>\n<tr>\n<td>Mano del Giocatore 10,10<\/td>\n<td>F<\/td>\n<td>F<\/td>\n<td>F<\/td>\n<td>F<\/td>\n<td>F<\/td>\n<td>F<\/td>\n<td>F<\/td>\n<td>F<\/td>\n<td>F<\/td>\n<td>F<\/td>\n<\/tr>\n<tr>\n<td>Mano del Giocatore A,A<\/td>\n<td>D<\/td>\n<td>D<\/td>\n<td>D<\/td>\n<td>D<\/td>\n<td>D<\/td>\n<td>D<\/td>\n<td>D<\/td>\n<td>D<\/td>\n<td>D<\/td>\n<td>D<\/td>\n<\/tr>\n<\/tbody>\n<\/table>\n<p><b>ESTA TABLA PRESUPONE QUE EL RADDOPPIO DOPO LA DIVISIONE SIA CONSENTITO E CHE NON SCEGLIERETE DI DIVIDERE I 10.<\/b><\/p>\n<h3 class=\"gbs-heading\">Compiti per casa<\/h3>\n<p>Empieza con esto y prueba a hacer uno al d\u00eda durante las pr\u00f3ximas dos semanas.<\/p>\n<p>Llegada a la siguiente p\u00e1gina.<\/p>","protected":false},"excerpt":{"rendered":"<p>Variazioni Strategia Base: Mettetevi alla prova Mettendo le mie classi su internet, ero conscio di poter raggiungere un pubblico maggiore di quanto ne potessi avere insegnando in classe di persona, ma ovviamente vengo a perdere la possibilit\u00e0 del riscontro cio\u00e8 verificare come state imparando il materiale qui esposto. Nelle mie classi &#8216;di-persona&#8217;, posso sempre verificare [&hellip;]<\/p>\n","protected":false},"author":4,"featured_media":0,"parent":2715,"menu_order":0,"comment_status":"open","ping_status":"open","template":"page-blacjack-school-it.php","meta":{"_acf_changed":false,"footnotes":""},"tags":[],"class_list":["post-2792","page","type-page","status-publish","hentry"],"acf":[],"yoast_head":"<!-- This site is optimized with the Yoast SEO plugin v26.6 - https:\/\/yoast.com\/wordpress\/plugins\/seo\/ -->\n<title>Lezione 17 - Il Corso Avanzato - Parte 5<\/title>\n<meta name=\"description\" content=\"Variazioni Strategia Base: Mettetevi alla prova Mettendo le mie classi su internet, ero conscio di poter raggiungere un pubblico maggiore di quanto ne\" \/>\n<meta name=\"robots\" content=\"index, follow, max-snippet:-1, max-image-preview:large, max-video-preview:-1\" \/>\n<link rel=\"canonical\" href=\"https:\/\/www.blackjackinfo.com\/es\/escuela-de-blackjack\/leccion-17-curso-avanzado-parte-5\/\" \/>\n<meta property=\"og:locale\" content=\"es_ES\" \/>\n<meta property=\"og:type\" content=\"article\" \/>\n<meta property=\"og:title\" content=\"Lezione 17 - Il Corso Avanzato - Parte 5\" \/>\n<meta property=\"og:description\" content=\"Variazioni Strategia Base: Mettetevi alla prova Mettendo le mie classi su internet, ero conscio di poter raggiungere un pubblico maggiore di quanto ne\" \/>\n<meta property=\"og:url\" content=\"https:\/\/www.blackjackinfo.com\/es\/escuela-de-blackjack\/leccion-17-curso-avanzado-parte-5\/\" \/>\n<meta property=\"og:site_name\" content=\"BlackjackInfo.com\" \/>\n<meta property=\"article:modified_time\" content=\"2018-04-18T07:07:13+00:00\" \/>\n<meta name=\"twitter:label1\" content=\"Tiempo de lectura\" \/>\n\t<meta name=\"twitter:data1\" content=\"3 minutos\" \/>\n<script type=\"application\/ld+json\" class=\"yoast-schema-graph\">{\"@context\":\"https:\/\/schema.org\",\"@graph\":[{\"@type\":\"WebPage\",\"@id\":\"https:\/\/www.blackjackinfo.com\/blackjack-school\/lesson-17-advanced-course-part-5\/\",\"url\":\"https:\/\/www.blackjackinfo.com\/blackjack-school\/lesson-17-advanced-course-part-5\/\",\"name\":\"Lezione 17 - Il Corso Avanzato - Parte 5\",\"isPartOf\":{\"@id\":\"https:\/\/www.blackjackinfo.com\/#website\"},\"datePublished\":\"2017-03-13T03:26:14+00:00\",\"dateModified\":\"2018-04-18T07:07:13+00:00\",\"description\":\"Variazioni Strategia Base: Mettetevi alla prova Mettendo le mie classi su internet, ero conscio di poter raggiungere un pubblico maggiore di quanto ne\",\"breadcrumb\":{\"@id\":\"https:\/\/www.blackjackinfo.com\/blackjack-school\/lesson-17-advanced-course-part-5\/#breadcrumb\"},\"inLanguage\":\"es\",\"potentialAction\":[{\"@type\":\"ReadAction\",\"target\":[\"https:\/\/www.blackjackinfo.com\/blackjack-school\/lesson-17-advanced-course-part-5\/\"]}]},{\"@type\":\"BreadcrumbList\",\"@id\":\"https:\/\/www.blackjackinfo.com\/blackjack-school\/lesson-17-advanced-course-part-5\/#breadcrumb\",\"itemListElement\":[{\"@type\":\"ListItem\",\"position\":1,\"name\":\"Home\",\"item\":\"https:\/\/www.blackjackinfo.com\/\"},{\"@type\":\"ListItem\",\"position\":2,\"name\":\"La Scuola di Blackjack di GameMaster\",\"item\":\"https:\/\/www.it.blackjackinfo.com\/scuola-di-blackjack\/\"},{\"@type\":\"ListItem\",\"position\":3,\"name\":\"Lezione 17 &#8211; Il Corso Avanzato &#8211; Parte 5\"}]},{\"@type\":\"WebSite\",\"@id\":\"https:\/\/www.blackjackinfo.com\/#website\",\"url\":\"https:\/\/www.blackjackinfo.com\/\",\"name\":\"BlackjackInfo.com\",\"description\":\"Because Winning is More Fun!\",\"potentialAction\":[{\"@type\":\"SearchAction\",\"target\":{\"@type\":\"EntryPoint\",\"urlTemplate\":\"https:\/\/www.blackjackinfo.com\/?s={search_term_string}\"},\"query-input\":{\"@type\":\"PropertyValueSpecification\",\"valueRequired\":true,\"valueName\":\"search_term_string\"}}],\"inLanguage\":\"es\"}]}<\/script>\n<!-- \/ Yoast SEO plugin. -->","yoast_head_json":{"title":"Secci\u00f3n 17 - El Camino Avanzado - Parte 5","description":"Variazioni Strategia Base: Mettetevi alla prova Mettendo le mie classi su internet, ero conscio di poter raggiungere un pubblico maggiore di quanto ne","robots":{"index":"index","follow":"follow","max-snippet":"max-snippet:-1","max-image-preview":"max-image-preview:large","max-video-preview":"max-video-preview:-1"},"canonical":"https:\/\/www.blackjackinfo.com\/es\/escuela-de-blackjack\/leccion-17-curso-avanzado-parte-5\/","og_locale":"es_ES","og_type":"article","og_title":"Lezione 17 - Il Corso Avanzato - Parte 5","og_description":"Variazioni Strategia Base: Mettetevi alla prova Mettendo le mie classi su internet, ero conscio di poter raggiungere un pubblico maggiore di quanto ne","og_url":"https:\/\/www.blackjackinfo.com\/es\/escuela-de-blackjack\/leccion-17-curso-avanzado-parte-5\/","og_site_name":"BlackjackInfo.com","article_modified_time":"2018-04-18T07:07:13+00:00","twitter_misc":{"Tiempo de lectura":"3 minutos"},"schema":{"@context":"https:\/\/schema.org","@graph":[{"@type":"WebPage","@id":"https:\/\/www.blackjackinfo.com\/blackjack-school\/lesson-17-advanced-course-part-5\/","url":"https:\/\/www.blackjackinfo.com\/blackjack-school\/lesson-17-advanced-course-part-5\/","name":"Secci\u00f3n 17 - El Camino Avanzado - Parte 5","isPartOf":{"@id":"https:\/\/www.blackjackinfo.com\/#website"},"datePublished":"2017-03-13T03:26:14+00:00","dateModified":"2018-04-18T07:07:13+00:00","description":"Variazioni Strategia Base: Mettetevi alla prova Mettendo le mie classi su internet, ero conscio di poter raggiungere un pubblico maggiore di quanto ne","breadcrumb":{"@id":"https:\/\/www.blackjackinfo.com\/blackjack-school\/lesson-17-advanced-course-part-5\/#breadcrumb"},"inLanguage":"es","potentialAction":[{"@type":"ReadAction","target":["https:\/\/www.blackjackinfo.com\/blackjack-school\/lesson-17-advanced-course-part-5\/"]}]},{"@type":"BreadcrumbList","@id":"https:\/\/www.blackjackinfo.com\/blackjack-school\/lesson-17-advanced-course-part-5\/#breadcrumb","itemListElement":[{"@type":"ListItem","position":1,"name":"Home","item":"https:\/\/www.blackjackinfo.com\/"},{"@type":"ListItem","position":2,"name":"La Scuola di Blackjack di GameMaster","item":"https:\/\/www.it.blackjackinfo.com\/scuola-di-blackjack\/"},{"@type":"ListItem","position":3,"name":"Lezione 17 &#8211; Il Corso Avanzato &#8211; Parte 5"}]},{"@type":"WebSite","@id":"https:\/\/www.blackjackinfo.com\/#website","url":"https:\/\/www.blackjackinfo.com\/","name":"BlackjackInfo.com","description":"\u00a1Porque ganar es m\u00e1s divertido!","potentialAction":[{"@type":"SearchAction","target":{"@type":"EntryPoint","urlTemplate":"https:\/\/www.blackjackinfo.com\/?s={search_term_string}"},"query-input":{"@type":"PropertyValueSpecification","valueRequired":true,"valueName":"search_term_string"}}],"inLanguage":"es"}]}},"_links":{"self":[{"href":"https:\/\/www.blackjackinfo.com\/es\/wp-json\/wp\/v2\/pages\/2792","targetHints":{"allow":["GET"]}}],"collection":[{"href":"https:\/\/www.blackjackinfo.com\/es\/wp-json\/wp\/v2\/pages"}],"about":[{"href":"https:\/\/www.blackjackinfo.com\/es\/wp-json\/wp\/v2\/types\/page"}],"author":[{"embeddable":true,"href":"https:\/\/www.blackjackinfo.com\/es\/wp-json\/wp\/v2\/users\/4"}],"replies":[{"embeddable":true,"href":"https:\/\/www.blackjackinfo.com\/es\/wp-json\/wp\/v2\/comments?post=2792"}],"version-history":[{"count":1,"href":"https:\/\/www.blackjackinfo.com\/es\/wp-json\/wp\/v2\/pages\/2792\/revisions"}],"predecessor-version":[{"id":2793,"href":"https:\/\/www.blackjackinfo.com\/es\/wp-json\/wp\/v2\/pages\/2792\/revisions\/2793"}],"up":[{"embeddable":true,"href":"https:\/\/www.blackjackinfo.com\/es\/wp-json\/wp\/v2\/pages\/2715"}],"wp:attachment":[{"href":"https:\/\/www.blackjackinfo.com\/es\/wp-json\/wp\/v2\/media?parent=2792"}],"wp:term":[{"taxonomy":"post_tag","embeddable":true,"href":"https:\/\/www.blackjackinfo.com\/es\/wp-json\/wp\/v2\/tags?post=2792"}],"curies":[{"name":"wp","href":"https:\/\/api.w.org\/{rel}","templated":true}]}}