{"id":2794,"date":"2017-03-12T22:29:13","date_gmt":"2017-03-13T03:29:13","guid":{"rendered":"https:\/\/www.blackjackinfo.com\/?page_id=2794\/"},"modified":"2018-04-18T02:07:13","modified_gmt":"2018-04-18T07:07:13","slug":"lezione-18-blackjack-avanzato-con-un-solo-mazzo","status":"publish","type":"page","link":"https:\/\/www.blackjackinfo.com\/es\/scuola-di-blackjack\/lezione-18-blackjack-avanzato-con-un-solo-mazzo\/","title":{"rendered":"Liga 18 - Blackjack Avanzado con un Solo Mazo"},"content":{"rendered":"<p class=\"intro\">Aunque gran parte del contenido de las cartas es ciencia -la ciencia matem\u00e1tica-, cuando se juega con un solo mazo, todo se asemeja m\u00e1s a una forma de arte. <b>La conversi\u00f3n a True Count es dif\u00edcil si se quiere calcular r\u00e1pidamente, los puntos gruesos (de m\u00e1s de 4 a 1) son dif\u00edciles de obtener y es complicado mantener un conteo preciso con todas las tarjetas cerradas, cuando por el contrario nos hemos visto obligados a guardar las tarjetas cerradas.<\/b> A pesar de ello, te animas a jugar con un solo mazo y, adem\u00e1s de luchar contra los juegos de m\u00e1s mazos de tu zona, te ahorras dinero y te vas 2 o 3 veces al a\u00f1o a Reno. No, no soy un empleado de la C\u00e1mara de Comercio de Reno, pero puedo decir que es un gran lugar para ganar dinero en las mesas de Blackjack, y es relativamente barato y f\u00e1cil de encontrar en cualquier parte de los Estados Unidos. Por supuesto, muchas de sus reglas son imprecisas (s\u00f3lo se permite el raddoppio con el 10 y el 11, ning\u00fan raddoppio despu\u00e9s de la divisi\u00f3n y la banca tira con un A-6) y esto permite al casino obtener una ventaja de 0.5% que estamos buscando para combatir, pero baster\u00e0 una carta da +1 per andare in parit\u00e0 con il banco e questa \u00e8 la vera attrazione del gioco con un solo mazzo. Debo decir que algunos casinos de Reno (como por ejemplo Tahoe y Laughlin) permiten el raddoppio para todas las dos primeras cartas, por lo que la ventaja del casino se reduce a aproximadamente 0,2% y se convierte as\u00ed en un juego muy favorable.<\/p>\n<p><b>La forma de saber si un juego con un solo mazo nos favorece consiste en saber qu\u00e9 cartas usamos antes de la mischia.<\/b> Si encuentras un juego con 60% de penetraci\u00f3n y un escaso n\u00famero de golpes de 5 a 1, es muy f\u00e1cil conseguir, a largo plazo, un porcentaje de ganancia de 1,5% en todos los golpes, jugando simplemente con la estrategia base y variando los golpes seg\u00fan el conteo. Si, adem\u00e1s, modificas el juego de tu mano bas\u00e1ndote en el recuento real, la tasa de victoria aumentar\u00e1 hasta 2%. Estos son juegos de verdad para los apasionados del Blackjack, as\u00ed que vale la pena esforzarse.<\/p>\n<h3 class=\"gbs-heading\">\u00bfQu\u00e9 sistema de almacenamiento?<\/h3>\n<p><b>Utiliza dos sistemas diferentes para guardar las cartas: Hi\/Lo para juegos con m\u00e1s ratones y el sistema 'Hi-Opt 1' para juegos con un solo raton.<\/b> El \u00faltimo tiene las cartas del 3 al 6 con +1; y el 7,8,9 y asno con 0 con el 10 que vale -1. Dado que s\u00f3lo hay cuatro asas que se pueden trazar en el juego con un solo mazo, he descubierto que si se alcanza la asa en el contador se mejora el juego de la mano, y adem\u00e1s puedo \"regular\" el contador para hacer mis tiradas. Hablamos, por un momento, del conteo separado de los asnos. En una distribuci\u00f3n normal, aspirar\u00edamos a ver un asno en cada cuarto de mazo jugado, pero obviamente esto no ocurre siempre. Por ejemplo, si se ha jugado un cuarto de mazo y no se ha utilizado ning\u00fan asno, el mazo restante es \"rico\" en asnos. Por motivos de seguridad, es posible a\u00f1adir temporalmente un +1 al recuento, y por motivos de juego, el recuento real sin dicho ajuste ser\u00e1 correcto. \u00bfEntendido? Si se ha jugado un cuarto de mesa y se han usado 2 asnos, la mesa restante ser\u00e1 \"pobre\" en un asno, por lo que se reducir\u00e1 el recuento en 1 (es decir, se \"a\u00f1adir\u00e1\" un 1 menos al recuento) s\u00f3lo para las raciones de punto, ya que se reducir\u00e1 mi posibilidad de conseguir un blackjack. Esta es una adici\u00f3n potente a tu juego, pero mi consejo es utilizarla solo con el mazo \u00fanico, ya que la regulaci\u00f3n de los asnos es muy onerosa mentalmente.<br \/>\nSi desea impartir el contenido Hi-Opt, utilice las mismas t\u00e9cnicas que hemos mostrado impartiendo el contenido Hi\/Lo. Sin embargo, todas mis t\u00e9cnicas avanzadas se basan en el sistema Hi\/Lo, ya que \u00e9ste parece ser el m\u00e9todo m\u00e1s utilizado.<\/p>\n<p><b>Lo m\u00e1s dif\u00edcil en un juego con un solo mazo es calcular el recuento real.<\/b> Primero debes \"calibrar\" tus ojos para ver el n\u00famero de cartas que se usan. Hoy en d\u00eda, en muchos casinos, el crupier coloca las cartas en un andamio a la izquierda; a diferencia de los casinos \"peque\u00f1os\", donde las cartas se colocan debajo, por lo que la estimulaci\u00f3n del juego es m\u00e1s f\u00e1cil. La parte realmente dif\u00edcil es hacer la divisi\u00f3n matem\u00e1tica. En el juego con m\u00e1s ratones, divid\u00edamos casi siempre un n\u00famero interior (la cuenta corriente) por otro n\u00famero que era casi 1. Por lo tanto, cada vez que hab\u00eda m\u00e1s ratones, hab\u00eda que dividirlos. De hecho, algunas personas han tenido problemas para dividir r\u00e1pidamente 17 por 2,5, pero no var\u00eda mucho si te quedas. Con un solo mazo, divide siempre por una fracci\u00f3n o un decimal y esto no es f\u00e1cil. Por ejemplo, si juegas con un solo laberinto y usas un cuarto de laberinto, con una cuenta corriente de 3, la cuenta real ser\u00e1 3 dividido 0,75 = 4. Se trata de un ejemplo sencillo. Pruebe a dividir una cuenta corriente de 5 por 0,5. La respuesta es 10, pero \u00bfcu\u00e1ntos de vosotros hab\u00e9is dicho 2,5 o 1? S\u00f3lo hay que hacer que esto se convierta en un proceso autom\u00e1tico.<\/p>\n<h3 class=\"gbs-heading\">Compiti per casa<\/h3>\n<p>Contin\u00faa impartiendo los n\u00fameros de decisi\u00f3n para las variaciones de la estrategia base con el sistema Hi\/Lo en el juego a m\u00e1s ratones. Para las 'personas de \u00e9xito', empieza a jugar con el contador Hi-Opt 1.<\/p>","protected":false},"excerpt":{"rendered":"<p>Sebbene gran parte del conteggio delle carte sia una scienza \u2013 la scienza dei matematici \u2013 quando si gioca con un solo mazzo il tutto assomiglia di pi\u00f9 ad una forma d&#8217;arte. La conversione al True count diventa difficile se si desidera calcolarlo rapidamente, gli scarti per le puntate grosse (da oltre 4 a 1) [&hellip;]<\/p>\n","protected":false},"author":4,"featured_media":0,"parent":2715,"menu_order":0,"comment_status":"open","ping_status":"open","template":"page-blacjack-school-it.php","meta":{"_acf_changed":false,"footnotes":""},"tags":[],"class_list":["post-2794","page","type-page","status-publish","hentry"],"acf":[],"yoast_head":"<!-- This site is optimized with the Yoast SEO plugin v26.6 - https:\/\/yoast.com\/wordpress\/plugins\/seo\/ -->\n<title>Lezione 18 - Blackjack Avanzato con un Solo Mazzo<\/title>\n<meta name=\"description\" content=\"Sebbene gran parte del conteggio delle carte sia una scienza \u2013 la scienza dei matematici \u2013 quando si gioca con un solo mazzo il tutto assomiglia di pi\u00f9 ad\" \/>\n<meta name=\"robots\" content=\"index, follow, max-snippet:-1, max-image-preview:large, max-video-preview:-1\" \/>\n<link rel=\"canonical\" href=\"https:\/\/www.blackjackinfo.com\/es\/escuela-de-blackjack\/leccion-18-blackjack-avanzado-de-una-sola-baraja-parte-1\/\" \/>\n<meta property=\"og:locale\" content=\"es_ES\" \/>\n<meta property=\"og:type\" content=\"article\" \/>\n<meta property=\"og:title\" content=\"Lezione 18 - Blackjack Avanzato con un Solo Mazzo\" \/>\n<meta property=\"og:description\" content=\"Sebbene gran parte del conteggio delle carte sia una scienza \u2013 la scienza dei matematici \u2013 quando si gioca con un solo mazzo il tutto assomiglia di pi\u00f9 ad\" \/>\n<meta property=\"og:url\" content=\"https:\/\/www.blackjackinfo.com\/es\/escuela-de-blackjack\/leccion-18-blackjack-avanzado-de-una-sola-baraja-parte-1\/\" \/>\n<meta property=\"og:site_name\" content=\"BlackjackInfo.com\" \/>\n<meta property=\"article:modified_time\" content=\"2018-04-18T07:07:13+00:00\" \/>\n<meta name=\"twitter:label1\" content=\"Tiempo de lectura\" \/>\n\t<meta name=\"twitter:data1\" content=\"4 minutos\" \/>\n<script type=\"application\/ld+json\" class=\"yoast-schema-graph\">{\"@context\":\"https:\/\/schema.org\",\"@graph\":[{\"@type\":\"WebPage\",\"@id\":\"https:\/\/www.blackjackinfo.com\/blackjack-school\/lesson-18-advanced-single-deck-blackjack-part-1\/\",\"url\":\"https:\/\/www.blackjackinfo.com\/blackjack-school\/lesson-18-advanced-single-deck-blackjack-part-1\/\",\"name\":\"Lezione 18 - Blackjack Avanzato con un Solo Mazzo\",\"isPartOf\":{\"@id\":\"https:\/\/www.blackjackinfo.com\/#website\"},\"datePublished\":\"2017-03-13T03:29:13+00:00\",\"dateModified\":\"2018-04-18T07:07:13+00:00\",\"description\":\"Sebbene gran parte del conteggio delle carte sia una scienza \u2013 la scienza dei matematici \u2013 quando si gioca con un solo mazzo il tutto assomiglia di pi\u00f9 ad\",\"breadcrumb\":{\"@id\":\"https:\/\/www.blackjackinfo.com\/blackjack-school\/lesson-18-advanced-single-deck-blackjack-part-1\/#breadcrumb\"},\"inLanguage\":\"es\",\"potentialAction\":[{\"@type\":\"ReadAction\",\"target\":[\"https:\/\/www.blackjackinfo.com\/blackjack-school\/lesson-18-advanced-single-deck-blackjack-part-1\/\"]}]},{\"@type\":\"BreadcrumbList\",\"@id\":\"https:\/\/www.blackjackinfo.com\/blackjack-school\/lesson-18-advanced-single-deck-blackjack-part-1\/#breadcrumb\",\"itemListElement\":[{\"@type\":\"ListItem\",\"position\":1,\"name\":\"Home\",\"item\":\"https:\/\/www.blackjackinfo.com\/\"},{\"@type\":\"ListItem\",\"position\":2,\"name\":\"La Scuola di Blackjack di GameMaster\",\"item\":\"https:\/\/www.it.blackjackinfo.com\/scuola-di-blackjack\/\"},{\"@type\":\"ListItem\",\"position\":3,\"name\":\"Lezione 18 &#8211; Blackjack Avanzato con un Solo Mazzo\"}]},{\"@type\":\"WebSite\",\"@id\":\"https:\/\/www.blackjackinfo.com\/#website\",\"url\":\"https:\/\/www.blackjackinfo.com\/\",\"name\":\"BlackjackInfo.com\",\"description\":\"Because Winning is More Fun!\",\"potentialAction\":[{\"@type\":\"SearchAction\",\"target\":{\"@type\":\"EntryPoint\",\"urlTemplate\":\"https:\/\/www.blackjackinfo.com\/?s={search_term_string}\"},\"query-input\":{\"@type\":\"PropertyValueSpecification\",\"valueRequired\":true,\"valueName\":\"search_term_string\"}}],\"inLanguage\":\"es\"}]}<\/script>\n<!-- \/ Yoast SEO plugin. -->","yoast_head_json":{"title":"Liga 18 - Blackjack Avanzado con un Solo Mazo","description":"Aunque gran parte del contenido de las cartas es ciencia -la ciencia matem\u00e1tica-, cuando se juega con un solo mazo, todo se asimila mucho m\u00e1s a la realidad.","robots":{"index":"index","follow":"follow","max-snippet":"max-snippet:-1","max-image-preview":"max-image-preview:large","max-video-preview":"max-video-preview:-1"},"canonical":"https:\/\/www.blackjackinfo.com\/es\/escuela-de-blackjack\/leccion-18-blackjack-avanzado-de-una-sola-baraja-parte-1\/","og_locale":"es_ES","og_type":"article","og_title":"Lezione 18 - Blackjack Avanzato con un Solo Mazzo","og_description":"Sebbene gran parte del conteggio delle carte sia una scienza \u2013 la scienza dei matematici \u2013 quando si gioca con un solo mazzo il tutto assomiglia di pi\u00f9 ad","og_url":"https:\/\/www.blackjackinfo.com\/es\/escuela-de-blackjack\/leccion-18-blackjack-avanzado-de-una-sola-baraja-parte-1\/","og_site_name":"BlackjackInfo.com","article_modified_time":"2018-04-18T07:07:13+00:00","twitter_misc":{"Tiempo de lectura":"4 minutos"},"schema":{"@context":"https:\/\/schema.org","@graph":[{"@type":"WebPage","@id":"https:\/\/www.blackjackinfo.com\/blackjack-school\/lesson-18-advanced-single-deck-blackjack-part-1\/","url":"https:\/\/www.blackjackinfo.com\/blackjack-school\/lesson-18-advanced-single-deck-blackjack-part-1\/","name":"Liga 18 - Blackjack Avanzado con un Solo Mazo","isPartOf":{"@id":"https:\/\/www.blackjackinfo.com\/#website"},"datePublished":"2017-03-13T03:29:13+00:00","dateModified":"2018-04-18T07:07:13+00:00","description":"Aunque gran parte del contenido de las cartas es ciencia -la ciencia matem\u00e1tica-, cuando se juega con un solo mazo, todo se asimila mucho m\u00e1s a la realidad.","breadcrumb":{"@id":"https:\/\/www.blackjackinfo.com\/blackjack-school\/lesson-18-advanced-single-deck-blackjack-part-1\/#breadcrumb"},"inLanguage":"es","potentialAction":[{"@type":"ReadAction","target":["https:\/\/www.blackjackinfo.com\/blackjack-school\/lesson-18-advanced-single-deck-blackjack-part-1\/"]}]},{"@type":"BreadcrumbList","@id":"https:\/\/www.blackjackinfo.com\/blackjack-school\/lesson-18-advanced-single-deck-blackjack-part-1\/#breadcrumb","itemListElement":[{"@type":"ListItem","position":1,"name":"Home","item":"https:\/\/www.blackjackinfo.com\/"},{"@type":"ListItem","position":2,"name":"La Scuola di Blackjack di GameMaster","item":"https:\/\/www.it.blackjackinfo.com\/scuola-di-blackjack\/"},{"@type":"ListItem","position":3,"name":"Lezione 18 &#8211; Blackjack Avanzato con un Solo Mazzo"}]},{"@type":"WebSite","@id":"https:\/\/www.blackjackinfo.com\/#website","url":"https:\/\/www.blackjackinfo.com\/","name":"BlackjackInfo.com","description":"\u00a1Porque ganar es m\u00e1s divertido!","potentialAction":[{"@type":"SearchAction","target":{"@type":"EntryPoint","urlTemplate":"https:\/\/www.blackjackinfo.com\/?s={search_term_string}"},"query-input":{"@type":"PropertyValueSpecification","valueRequired":true,"valueName":"search_term_string"}}],"inLanguage":"es"}]}},"_links":{"self":[{"href":"https:\/\/www.blackjackinfo.com\/es\/wp-json\/wp\/v2\/pages\/2794","targetHints":{"allow":["GET"]}}],"collection":[{"href":"https:\/\/www.blackjackinfo.com\/es\/wp-json\/wp\/v2\/pages"}],"about":[{"href":"https:\/\/www.blackjackinfo.com\/es\/wp-json\/wp\/v2\/types\/page"}],"author":[{"embeddable":true,"href":"https:\/\/www.blackjackinfo.com\/es\/wp-json\/wp\/v2\/users\/4"}],"replies":[{"embeddable":true,"href":"https:\/\/www.blackjackinfo.com\/es\/wp-json\/wp\/v2\/comments?post=2794"}],"version-history":[{"count":1,"href":"https:\/\/www.blackjackinfo.com\/es\/wp-json\/wp\/v2\/pages\/2794\/revisions"}],"predecessor-version":[{"id":2795,"href":"https:\/\/www.blackjackinfo.com\/es\/wp-json\/wp\/v2\/pages\/2794\/revisions\/2795"}],"up":[{"embeddable":true,"href":"https:\/\/www.blackjackinfo.com\/es\/wp-json\/wp\/v2\/pages\/2715"}],"wp:attachment":[{"href":"https:\/\/www.blackjackinfo.com\/es\/wp-json\/wp\/v2\/media?parent=2794"}],"wp:term":[{"taxonomy":"post_tag","embeddable":true,"href":"https:\/\/www.blackjackinfo.com\/es\/wp-json\/wp\/v2\/tags?post=2794"}],"curies":[{"name":"wp","href":"https:\/\/api.w.org\/{rel}","templated":true}]}}