{"id":2796,"date":"2017-03-12T23:00:34","date_gmt":"2017-03-13T04:00:34","guid":{"rendered":"https:\/\/www.blackjackinfo.com\/?page_id=2796\/"},"modified":"2018-04-18T02:07:13","modified_gmt":"2018-04-18T07:07:13","slug":"lezione-19-blackjack-avanzato-con-un-solo-mazzo","status":"publish","type":"page","link":"https:\/\/www.blackjackinfo.com\/es\/scuola-di-blackjack\/lezione-19-blackjack-avanzato-con-un-solo-mazzo\/","title":{"rendered":"Liga 19 - Blackjack Avanzado con un Solo Mazo"},"content":{"rendered":"<h3 class=\"gbs-heading\">Variazioni Strategia Base<\/h3>\n<p class=\"intro\"><b>Los casinos que ofrecen juegos de Blackjack con un solo mazo son conscientes del hecho de que puede ser f\u00e1cilmente estafado por un contador que utiliza una gran cantidad de fichas, por lo tanto, pruebe a jugar con una ficha de entre 1 y 12 como he indicado para los juegos con 6 fichas y obtenga probablemente una ficha de una sola ficha para usar inmediatamente en el casino.<\/b> Questo non vuole dire che verrete \"individuati\" se scommettete pi\u00f9 di 5 fiche in una mano, ma credo che sia giusto dire che per fare i soldi con un buon gioco con un solo mazzo richiede un bagaglio di trucchi pi\u00f9 grande di quanto ce ne sia bisogno per un gioco a 6 mazzi, as\u00ed que empieza por lo m\u00e1s l\u00f3gico y cambia el juego de tu mano seg\u00fan el conteo.<\/p>\n<p><b>Si sabes c\u00f3mo guardar las cartas, puedes usar el contador para saber qu\u00e9 hacer con cada mano, pero tambi\u00e9n puedes usarlo para ayudarte a jugar con m\u00e1s precisi\u00f3n con cada mano.<\/b> Si has estudiado mi curso hasta este punto, sabr\u00e1s que uno de los factores clave si quieres ganar al Blackjack es jugar la mesa cuando el True Count se pone a -1 o m\u00e1s bajo, pero esta t\u00e1ctica no es muy pr\u00e1ctica con un solo mazo, ya que s\u00f3lo se distribuyen unas pocas manos antes de jugar.<\/p>\n<p><b>Di conseguenza, dovrete giocare di pi\u00f9 con mazzi \"negativi\", ma la notizia buona \u00e8 che una mischiata non \u00e8 mai troppo lontana.<\/b> Al mismo tiempo, sabemos que el valor del casino aumenta cuando disminuye el conteo, por lo que necesitamos neutralizar al m\u00e1ximo estos efectos negativos. Si quieres participar en el juego, con un solo mazo, con muchos contactos negativos, lo que necesitas es jugar al juego con las manos como tirar un 12 contra el 5 del banco y as\u00ed sucesivamente. Con un contenido bajo evitaremos que las copas se doblen o se dividan, y en su lugar las tiraremos. Sin embargo, no debemos tirar para involucionar, pero necesitamos impartir las variaciones de la Estrategia Base para los puntos \"bajos\", como -2, -3 y as\u00ed sucesivamente. Un intervalo realista para el True Count con un solo mazo est\u00e1 entre -6 y +6, lo que representa el 85% de todas las manos que juegan, apoyando una penetraci\u00f3n del 63% que es muy buena. En una pr\u00f3xima lectura, hablaremos de la importancia de la penetraci\u00f3n, pero por el momento fidatevi di ci\u00f2 che vi dico.<\/p>\n<p><b>Algunos jugadores prefieren jugar s\u00f3lo con los indicadores de las manos m\u00e1s probables, con la idea de que ganan una mano como una A, 4 contra 5 menos de 100 veces cada 100.000 manos de juego, pero ganan a\u00fan m\u00e1s a menudo un 16 contra un 10.<\/b> En este libro, <a href=\"https:\/\/www.blackjackinfo.com\/store\/blackjack-attack.html\">\"Blackjack Attack\"<\/a> En su segunda edici\u00f3n, Don Schlesinger dedica un cap\u00edtulo a lo que \u00e9l llama \"Los Ilustres 18\", que son, seg\u00fan su opini\u00f3n, las variaciones m\u00e1s importantes de la Estrategia Base. No estoy dispuesto a reproducir el trabajo original de otros autores, por lo que si crees que no puedes memorizar todas las variaciones que he aprendido sin darte cuenta, te recomiendo que leas el libro para obtener un resumen completo. Otra idea que vale la pena considerar es la de no impartir las indicaciones bajo -2, con el fundamento l\u00f3gico de que, con tales puntuaciones, probablemente obtendr\u00e1s el m\u00ednimo consentimiento, por lo que cualquier error de juego cometido por ti, durante un largo periodo, te costar\u00e1 poco. O bien, si lo prefiere, s\u00f3lo tendr\u00e1 que impartir las indicaciones por las que se efect\u00faan los pagos extra, como en los radiodifusores y en las divisiones, con la idea de que al poner m\u00e1s dinero en el tablero tendr\u00e1 que jugar la mano correctamente.<\/p>\n<p><b>Personalmente soy de la opini\u00f3n de que si hay algo que impartir en este juego, se impartir\u00e1 siempre y en todo momento.<\/b> (Vale, ya s\u00e9 que soy un fan\u00e1tico de estas cosas, pero \u00bfqu\u00e9 puedo hacer?) Si los juegos con un solo laberinto se encuentran justo donde usted pasa la mayor parte de su tiempo, entonces es probable que valga la pena esforzarse por memorizar los 90 \u00edndices que se presentan a continuaci\u00f3n. Pero si este no es su juego principal, un intervalo entre -2 y +6 con alguna modificaci\u00f3n puntuable ser\u00e1 probablemente suficiente. No olvides que algunas de estas indicaciones son similares a las de los juegos de siete fichas, as\u00ed que no empieces a rascar el tablero para escribir una carta. Indica los n\u00fameros que crees que son importantes para el puesto y el modo en que juegas.<br \/>\n<b>En lugar de hablar de la variaci\u00f3n de cada mano, como he hecho en la secci\u00f3n con m\u00e1s ratones, lo que haremos ser\u00e1 reproducir la Matriz de la Base de Estrategias que muestra un \"\u00edndice\" num\u00e9rico para cada mano apropiada.<\/b> No te preocupes si tienes dificultades para entenderla, porque, as\u00ed, se hablar\u00e1 m\u00e1s bajo.<\/p>\n<hr \/>\n<p><b>Matrice Variazioni Strategia Base<\/b><br \/>\nMazzo Unico, H17, Da2, no das, nessuna resa<br \/>\n<b><a>(haga clic en este enlace para acceder a otra ventana con esta informaci\u00f3n)<\/a><\/b><\/p>\n<h3 class=\"gbs-heading\">Usando la Matrice<\/h3>\n<p>(Nota del GM: La Estrategia Base para este juego est\u00e1 disponible en BlackjackInfo.com: <a href=\"https:\/\/www.blackjackinfo.com\/it\/bjbse.php?numdecks=1+deck&amp;soft17=h17&amp;dbl=all&amp;das=no&amp;surr=ns&amp;peek=yes\">1D, H17, DA2, NDAS Estrategia b\u00e1sica<\/a>)<\/p>\n<p>La regla general para entender la Matriz de Variaciones de la Estrategia Base es la siguiente: <b>Si el n\u00famero en una casilla es 0 o menos, entonces se trata de hacer la mosca de la Base de Estrategias que deber\u00e1 seguir hasta que el conteo sea m\u00e1s grande que el n\u00famero mostrado.<\/b> Por ejemplo, con A, 6 contra 2, radd\u00f3piate hasta que el n\u00famero sea mayor o menor que 0. Si el n\u00famero es negativo, tira. En el caso de un 9 contra un 4, raddoppierete hasta que il conteggio \u00e8 -2 o superiore (ricordate che -1 \u00e8 \"pi\u00f9 grande\" di -2). Para una mano de 9,9 contra un Asso, deber\u00e1s pulsar hasta que el n\u00famero sea 0 o menor que \u00e9l. Si el recuento es mayor que 0, divide los 9. Las excepciones a esta regla general est\u00e1n anotadas.<\/p>\n<p><b>Es muy f\u00e1cil usar la matriz si has memorizado la Estrategia Base para este tipo de juego, pero si a\u00fan no lo has hecho, deber\u00e1s aprenderla antes de usar esta avanzada modalidad de juego.<\/b> Para cada combinaci\u00f3n de la mano del jugador y la carta de la banca, se muestra una acci\u00f3n espec\u00edfica como tirar, detener, pulsar, etc., o un n\u00famero. El n\u00famero es un \"punto de acci\u00f3n\" basado en True Count que indica la variaci\u00f3n. Lo que la variaci\u00f3n representa para una situaci\u00f3n puede generar un poco de confusi\u00f3n, pero si se estudia la mano en cuesti\u00f3n, por s\u00ed solo se puede entender. Un buen ejemplo de lo que acabamos de decir es A, 7 contra el 2 del banco. En la matriz encontrar\u00e1s en correspondencia el n\u00famero 1, y entonces, \u00bfdeber\u00e1s tirar, cerrar o hacer otra cosa? Bueno, \"otra cosa\" es la respuesta correcta, por lo tanto, debe raddoppiare, como con un A,7 contra 3, 4, 5, y 6. La l\u00f3gica juega un papel importante en este caso, por lo que si un juego parece irracional, probablemente no lo sea. \u00bfTirar\u00edas realmente un A,7 contra un 2? Ovviamente, si potrebbe stare, ma questo \u00e8 gi\u00e0 il gioco della Strategia Base, cos\u00ec il raddoppio \u00e8 tutto ci\u00f2 che rimane. Por lo tanto, lo que estamos diciendo es que hay que raddoparar un A,7 contra el 2 del banco cuando el True Count es 1 o m\u00e1s de 1. Si el True Count es menos de 1, usamos el juego de la Estrategia Base, que sugiere que lo dejemos. Para un 3, la Estrategia Base dice que hay que raddoppiare l'A,7. Pero el \u00edndice en este caso es -1, lo que significa que s\u00f3lo se debe rechazar un A,7 contra 3 si el True Count es -1 o superior. Si esto no es as\u00ed, deber\u00e1 cancelarlo.<\/p>\n<p><b>Parliamo di un'altra variazione che potrebbe generare qualche confusione: 8, 8 contro 10.<\/b> La nota correspondiente es \"Stand@6\", por lo que si el True Count es 6 o superior, no dividir\u00e1s los 8, sino que los dividir\u00e1s. Otra mano que puede generar muchas preguntas es 7, 7 contra 10. Si, la Strategia Base es correcta cuando dice de fermarsi con 7, 7 contro il 10 nel gioco con un solo mazzo, soprattutto perch\u00e8 il croupier o ha una buona mano, come un 20 o ha una mano \"difficile\" e speriamo che il dealer sballi. Si ya has encontrado dos de los cuatro 7 que hay en la mesa, las probabilidades aumentan enormemente si quieres combatir el posible 20 del crupier con otro 7, por lo que los matem\u00e1ticos dicen que lo mejor es que te quedes quieto y te prepares. Si, por el contrario, el recuento est\u00e1 por debajo de 0, deber\u00e1 tirar. Esto significa que si la cuenta corriente es -1 o inferior, debe tirar con un 7,7 contra 10, no dividir. Si el recuento es mayor o igual que 0, debe pararse.<\/p>\n<p><b>Ora, date un'occhiata alla sezione con i Totali Difficili, dove ci sono 2 tipi differenziati di 16: un 10,6 e un 9,7.<\/b> En la rama 10,6 hay un \"4\" en correspondencia con el 10 del banco y un \"0\" en la rama 9,7. Esto es lo que se conoce como una \"composici\u00f3n-dipendente\" de juego que tengo incluso por buenas razones. En primer lugar, el 16 contra el 10 es relativamente una mano muy probable y a trav\u00e9s de los n\u00fameros se puede apreciar que hay una diferencia en la forma en que los dos 16 deben ser jugados. Lo que dice la variaci\u00f3n de la matriz es que hay que quedarse con 9,7 y 0 o m\u00e1s, pero terminar con 10,6 s\u00f3lo cuando el True Count es 4 o m\u00e1s. Esto es muy diferente de lo que hacemos con un 16 contra un 10 en un juego de m\u00e1s de un mazo, en el que s\u00f3lo jugamos cuando el recuento es m\u00e1s de 0 (es decir, un recuento real de 1). S\u00f3lo una peque\u00f1a nota: hay mucha confusi\u00f3n sobre este juego en la secci\u00f3n de m\u00e1s de un mazo, pero lo que hay que hacer es jugar con un 16 contra 10 cuando el recuento es 1 o superior, y luego tirar. Lo que haga cuando el recuento sea exactamente 0 no importa porque el valor previsto es el mismo en todas las partidas. Lo mismo ocurre con una mano de 9,7 contra 10 cuando se juega con un solo mazo de cartas.<\/p>\n<p><b>En cualquier caso, \u00bfpor qu\u00e9 deber\u00edamos marcar 10,6 contra 10 s\u00f3lo cuando el True Count sea 4 o superior a 4?<\/b> Todo tiene que ver con el n\u00famero total de 10 que se encuentran en un laberinto, que son sediciosos y usted ya tiene uno en su mano y el banco no tiene otro por s\u00ed mismo. Por lo tanto, hay dos 10 en menos para ti que puedes jugar y dos 10 en menos para el crupier que puedes tener en tu carta de \"cobertura\", por lo que la decisi\u00f3n de tirar para ser m\u00e1s agresivo tiene el inconveniente de la decisi\u00f3n de suspender. Cuidado, una mano de 16 no ser\u00e1 tan grande, independientemente de c\u00f3mo juegues, as\u00ed que todo lo que podemos hacer es reducir los da\u00f1os. Tirar 10, 6 contra 10 hasta que el True Count sea mayor o igual que 4 ayuda mucho en este proceso.<\/p>\n<p>En la casilla para el 6,6 se encuentra una nota debajo de la carta 7 del banco, as\u00ed: Split@&lt;0 y esto significa: &quot;divide una copia de 6 entre 7, si el n\u00famero es inferior a 0&quot;.<\/p>\n<p><b>Non voglio lasciarvi senza avervi detto la variazione pi\u00f9 importante di tutte, che \u00e8 l'assicurazione.<\/b> Spero sappiate che la Strategia Base corretta ci dice di non prendere mai l'assicurazione (anche quando avete un 'blackjack' e la carta del croupier \u00e8 un Asso, a disposizione di ci\u00f2 che qualcun altro potrebbe dirvi), ma in un gioco con un solo mazzo, la scommessa sull'assicurazione diventa vantaggiosa con un True Count di 1.4 o maggiore.<\/p>\n<h3 class=\"gbs-heading\">Implantar las variaciones de la estrategia base<\/h3>\n<p><b>Una vez que hayas seleccionado las variaciones de la Estrategia Base que quieres aprender, deber\u00e1s crear una serie de flashcards adecuadas a tu objetivo.<\/b> C\u00f3mo hacerlo se explica minuciosamente en la Lecci\u00f3n 14 de \"La Escuela de Blackjack de GameMaster\" y no podemos olvidar de nuevo la importancia de su valor. Cree un juego de cartas y ll\u00e9velo con usted, o estudie intensamente antes de cada sesi\u00f3n de juego si el juego con un solo mazo no es su juego \"principal\".<\/p>","protected":false},"excerpt":{"rendered":"<p>Variazioni Strategia Base I Casino che offrono i giochi di Blackjack con un solo mazzo sono consapevoli del fatto che pu\u00f2 essere facilmente sconfitto da un contatore che usa un ampio scarto di scommesse, quindi provate a giocare con uno scarto tra 1 e 12 come vi ho indicato per i giochi con 6-mazzi ed [&hellip;]<\/p>\n","protected":false},"author":4,"featured_media":0,"parent":2715,"menu_order":0,"comment_status":"open","ping_status":"open","template":"page-blacjack-school-it.php","meta":{"_acf_changed":false,"footnotes":""},"tags":[],"class_list":["post-2796","page","type-page","status-publish","hentry"],"acf":[],"yoast_head":"<!-- This site is optimized with the Yoast SEO plugin v26.6 - https:\/\/yoast.com\/wordpress\/plugins\/seo\/ -->\n<title>Lezione 19 - Blackjack Avanzato con un Solo Mazzo<\/title>\n<meta name=\"description\" content=\"Variazioni Strategia Base I Casino che offrono i giochi di Blackjack con un solo mazzo sono consapevoli del fatto che pu\u00f2 essere facilmente sconfitto da\" \/>\n<meta name=\"robots\" content=\"index, follow, max-snippet:-1, max-image-preview:large, max-video-preview:-1\" \/>\n<link rel=\"canonical\" href=\"https:\/\/www.blackjackinfo.com\/es\/escuela-de-blackjack\/leccion-19-blackjack-avanzado-de-una-sola-baraja-parte-2\/\" \/>\n<meta property=\"og:locale\" content=\"es_ES\" \/>\n<meta property=\"og:type\" content=\"article\" \/>\n<meta property=\"og:title\" content=\"Lezione 19 - Blackjack Avanzato con un Solo Mazzo\" \/>\n<meta property=\"og:description\" content=\"Variazioni Strategia Base I Casino che offrono i giochi di Blackjack con un solo mazzo sono consapevoli del fatto che pu\u00f2 essere facilmente sconfitto da\" \/>\n<meta property=\"og:url\" content=\"https:\/\/www.blackjackinfo.com\/es\/escuela-de-blackjack\/leccion-19-blackjack-avanzado-de-una-sola-baraja-parte-2\/\" \/>\n<meta property=\"og:site_name\" content=\"BlackjackInfo.com\" \/>\n<meta property=\"article:modified_time\" content=\"2018-04-18T07:07:13+00:00\" \/>\n<meta name=\"twitter:label1\" content=\"Tiempo de lectura\" \/>\n\t<meta name=\"twitter:data1\" content=\"9 minutos\" \/>\n<script type=\"application\/ld+json\" class=\"yoast-schema-graph\">{\"@context\":\"https:\/\/schema.org\",\"@graph\":[{\"@type\":\"WebPage\",\"@id\":\"https:\/\/www.blackjackinfo.com\/blackjack-school\/lesson-19-advanced-single-deck-blackjack-part-2\/\",\"url\":\"https:\/\/www.blackjackinfo.com\/blackjack-school\/lesson-19-advanced-single-deck-blackjack-part-2\/\",\"name\":\"Lezione 19 - Blackjack Avanzato con un Solo Mazzo\",\"isPartOf\":{\"@id\":\"https:\/\/www.blackjackinfo.com\/#website\"},\"datePublished\":\"2017-03-13T04:00:34+00:00\",\"dateModified\":\"2018-04-18T07:07:13+00:00\",\"description\":\"Variazioni Strategia Base I Casino che offrono i giochi di Blackjack con un solo mazzo sono consapevoli del fatto che pu\u00f2 essere facilmente sconfitto da\",\"breadcrumb\":{\"@id\":\"https:\/\/www.blackjackinfo.com\/blackjack-school\/lesson-19-advanced-single-deck-blackjack-part-2\/#breadcrumb\"},\"inLanguage\":\"es\",\"potentialAction\":[{\"@type\":\"ReadAction\",\"target\":[\"https:\/\/www.blackjackinfo.com\/blackjack-school\/lesson-19-advanced-single-deck-blackjack-part-2\/\"]}]},{\"@type\":\"BreadcrumbList\",\"@id\":\"https:\/\/www.blackjackinfo.com\/blackjack-school\/lesson-19-advanced-single-deck-blackjack-part-2\/#breadcrumb\",\"itemListElement\":[{\"@type\":\"ListItem\",\"position\":1,\"name\":\"Home\",\"item\":\"https:\/\/www.blackjackinfo.com\/\"},{\"@type\":\"ListItem\",\"position\":2,\"name\":\"La Scuola di Blackjack di GameMaster\",\"item\":\"https:\/\/www.it.blackjackinfo.com\/scuola-di-blackjack\/\"},{\"@type\":\"ListItem\",\"position\":3,\"name\":\"Lezione 19 &#8211; Blackjack Avanzato con un Solo Mazzo\"}]},{\"@type\":\"WebSite\",\"@id\":\"https:\/\/www.blackjackinfo.com\/#website\",\"url\":\"https:\/\/www.blackjackinfo.com\/\",\"name\":\"BlackjackInfo.com\",\"description\":\"Because Winning is More Fun!\",\"potentialAction\":[{\"@type\":\"SearchAction\",\"target\":{\"@type\":\"EntryPoint\",\"urlTemplate\":\"https:\/\/www.blackjackinfo.com\/?s={search_term_string}\"},\"query-input\":{\"@type\":\"PropertyValueSpecification\",\"valueRequired\":true,\"valueName\":\"search_term_string\"}}],\"inLanguage\":\"es\"}]}<\/script>\n<!-- \/ Yoast SEO plugin. -->","yoast_head_json":{"title":"Liga 19 - Blackjack Avanzado con un Solo Mazo","description":"Variazioni Strategia Base I Casino che offrono i giochi di Blackjack con un solo mazzo sono consapevoli del fatto che pu\u00f2 essere facilmente sconfitto da","robots":{"index":"index","follow":"follow","max-snippet":"max-snippet:-1","max-image-preview":"max-image-preview:large","max-video-preview":"max-video-preview:-1"},"canonical":"https:\/\/www.blackjackinfo.com\/es\/escuela-de-blackjack\/leccion-19-blackjack-avanzado-de-una-sola-baraja-parte-2\/","og_locale":"es_ES","og_type":"article","og_title":"Lezione 19 - Blackjack Avanzato con un Solo Mazzo","og_description":"Variazioni Strategia Base I Casino che offrono i giochi di Blackjack con un solo mazzo sono consapevoli del fatto che pu\u00f2 essere facilmente sconfitto da","og_url":"https:\/\/www.blackjackinfo.com\/es\/escuela-de-blackjack\/leccion-19-blackjack-avanzado-de-una-sola-baraja-parte-2\/","og_site_name":"BlackjackInfo.com","article_modified_time":"2018-04-18T07:07:13+00:00","twitter_misc":{"Tiempo de lectura":"9 minutos"},"schema":{"@context":"https:\/\/schema.org","@graph":[{"@type":"WebPage","@id":"https:\/\/www.blackjackinfo.com\/blackjack-school\/lesson-19-advanced-single-deck-blackjack-part-2\/","url":"https:\/\/www.blackjackinfo.com\/blackjack-school\/lesson-19-advanced-single-deck-blackjack-part-2\/","name":"Liga 19 - Blackjack Avanzado con un Solo Mazo","isPartOf":{"@id":"https:\/\/www.blackjackinfo.com\/#website"},"datePublished":"2017-03-13T04:00:34+00:00","dateModified":"2018-04-18T07:07:13+00:00","description":"Variazioni Strategia Base I Casino che offrono i giochi di Blackjack con un solo mazzo sono consapevoli del fatto che pu\u00f2 essere facilmente sconfitto da","breadcrumb":{"@id":"https:\/\/www.blackjackinfo.com\/blackjack-school\/lesson-19-advanced-single-deck-blackjack-part-2\/#breadcrumb"},"inLanguage":"es","potentialAction":[{"@type":"ReadAction","target":["https:\/\/www.blackjackinfo.com\/blackjack-school\/lesson-19-advanced-single-deck-blackjack-part-2\/"]}]},{"@type":"BreadcrumbList","@id":"https:\/\/www.blackjackinfo.com\/blackjack-school\/lesson-19-advanced-single-deck-blackjack-part-2\/#breadcrumb","itemListElement":[{"@type":"ListItem","position":1,"name":"Home","item":"https:\/\/www.blackjackinfo.com\/"},{"@type":"ListItem","position":2,"name":"La Scuola di Blackjack di GameMaster","item":"https:\/\/www.it.blackjackinfo.com\/scuola-di-blackjack\/"},{"@type":"ListItem","position":3,"name":"Lezione 19 &#8211; Blackjack Avanzato con un Solo Mazzo"}]},{"@type":"WebSite","@id":"https:\/\/www.blackjackinfo.com\/#website","url":"https:\/\/www.blackjackinfo.com\/","name":"BlackjackInfo.com","description":"\u00a1Porque ganar es m\u00e1s divertido!","potentialAction":[{"@type":"SearchAction","target":{"@type":"EntryPoint","urlTemplate":"https:\/\/www.blackjackinfo.com\/?s={search_term_string}"},"query-input":{"@type":"PropertyValueSpecification","valueRequired":true,"valueName":"search_term_string"}}],"inLanguage":"es"}]}},"_links":{"self":[{"href":"https:\/\/www.blackjackinfo.com\/es\/wp-json\/wp\/v2\/pages\/2796","targetHints":{"allow":["GET"]}}],"collection":[{"href":"https:\/\/www.blackjackinfo.com\/es\/wp-json\/wp\/v2\/pages"}],"about":[{"href":"https:\/\/www.blackjackinfo.com\/es\/wp-json\/wp\/v2\/types\/page"}],"author":[{"embeddable":true,"href":"https:\/\/www.blackjackinfo.com\/es\/wp-json\/wp\/v2\/users\/4"}],"replies":[{"embeddable":true,"href":"https:\/\/www.blackjackinfo.com\/es\/wp-json\/wp\/v2\/comments?post=2796"}],"version-history":[{"count":1,"href":"https:\/\/www.blackjackinfo.com\/es\/wp-json\/wp\/v2\/pages\/2796\/revisions"}],"predecessor-version":[{"id":2797,"href":"https:\/\/www.blackjackinfo.com\/es\/wp-json\/wp\/v2\/pages\/2796\/revisions\/2797"}],"up":[{"embeddable":true,"href":"https:\/\/www.blackjackinfo.com\/es\/wp-json\/wp\/v2\/pages\/2715"}],"wp:attachment":[{"href":"https:\/\/www.blackjackinfo.com\/es\/wp-json\/wp\/v2\/media?parent=2796"}],"wp:term":[{"taxonomy":"post_tag","embeddable":true,"href":"https:\/\/www.blackjackinfo.com\/es\/wp-json\/wp\/v2\/tags?post=2796"}],"curies":[{"name":"wp","href":"https:\/\/api.w.org\/{rel}","templated":true}]}}