{"id":2800,"date":"2017-03-12T23:10:29","date_gmt":"2017-03-13T04:10:29","guid":{"rendered":"https:\/\/www.blackjackinfo.com\/?page_id=2800\/"},"modified":"2018-04-18T02:07:14","modified_gmt":"2018-04-18T07:07:14","slug":"leccion-21-configurar-el-juego-con-dos-ratones","status":"publish","type":"page","link":"https:\/\/www.blackjackinfo.com\/es\/scuola-di-blackjack\/lezione-21-sconfiggere-il-gioco-con-due-mazzi\/","title":{"rendered":"Secci\u00f3n 21 - Configurar el juego con dos ratones"},"content":{"rendered":"<p class=\"intro\"><b>A primera vista, parece l\u00f3gico que un jugador valiente se arriesgue m\u00e1s con un juego que utilice menos mazos, pero no siempre es as\u00ed cuando se enfrentan a juegos con dos o m\u00e1s mazos.<\/b> Hay muchas opciones en el juego, entre las que se incluyen las reglas del juego, la apuesta m\u00ednima y el tipo de control que ejerce el personal del casino. Si no cuentas con las cartas, lo mejor es que evites jugar con dos ratones. As\u00ed que algunos de ustedes podr\u00edan sorprenderse por esta afirmaci\u00f3n, pero me baso en el hecho de que muchos casinos tienen menos ganancias generadas en sus juegos con dos ratones, y adem\u00e1s requieren apuestas m\u00ednimas muy altas. Como resultado, la ganancia total del casino podr\u00eda ser similar a la del juego con siete mazos, pero deber\u00e1 apostar m\u00e1s de cada mano por el privilegio que est\u00e1 obteniendo. Ya que un jugador que no tenga cartas no puede obtener una ventaja a largo plazo frente al casino, entonces tendr\u00e1 que apostar m\u00e1s sobre bases consistentes y el casino probablemente le devolver\u00e1 su dinero.<\/p>\n<p>Ora non fraintendetemi; <b>si las reglas son las mismas, un juego que use dos ratones tendr\u00e1 una ventaja menor para el casino que uno que no use ninguno, aunque las estrategias sean casi id\u00e9nticas.<\/b> Si las distancias m\u00ednimas son las mismas (o se acercan a su nivel de comodidad), entonces juegue con los 2 machos. Este es un punto clave. La Estrategia Base adecuada para un juego con dos ratones se asemeja mucho a la de cuatro o siete ratones, y mucho m\u00e1s a la de un solo ratoncito. Las pocas diferencias entre un juego con dos ratones y uno con siete con las mismas reglas (el ratonero tira o hinca con un soft 17, el raddoppio tras la divisi\u00f3n se concede, etc.) radican principalmente en la divisi\u00f3n de las copas y, dado que las copas son de las manos, es raro que sepas que el impacto es transcurable. Potrei sbagliarmi riguardo a ci\u00f2, quindi verificate, ma credo che l'unico cambiamento sia la divisione di una coppia di 7 contro l'8 del mazziere nel gioco a due mazzi. En el juego de siete jugadores, no te dividas. En todos los casos, no se trata de una mano que vuela todos los d\u00edas.<\/p>\n<div class=\"bji-note\"><b>Nota del curador de BlackjackInfo.com:<\/b><br \/>\nS\u00f3lo hay un peque\u00f1o n\u00famero de cambios en la estrategia entre el juego con 6 mazos y el juego con 2 mazos. En el juego con 2 mazos S17: Divide 77 contra 8, Divide 66 contra 7, y Divide 9 contra 2. Si el juego es H17, divide tambi\u00e9n A3 contra 4.<\/div>\n<p><b>Mi opini\u00f3n es que puedes volver atr\u00e1s y luego avanzar con el juego a 6 y 2 mazos sin preocuparte de jugar de forma inapropiada, pero la pregunta m\u00e1s importante es si quieres hacerlo o no.<\/b> Ya hemos examinado la situaci\u00f3n para un jugador que no conoce, por lo que ahora prestamos atenci\u00f3n a todos los que hablan. Incluso en esta situaci\u00f3n, el juego con dos ratones no es necesariamente una buena elecci\u00f3n y te mostrar\u00e1 con qu\u00e9 mano avanzamos.<\/p>\n<p><b>Por alguna raz\u00f3n, muchos casinos consideran sus juegos con dos fichas como juegos \"premio\",<\/b> por lo tanto, tienen los puntos m\u00ednimos m\u00e1s altos, pueden tener unos premios menos generosos, una penetraci\u00f3n menos favorable y solo son vigilados con m\u00e1s precisi\u00f3n por los \"pit critters\", como ya dijimos. Algunos casinos parecen pensar que los contadores est\u00e1n siendo aplastados en masa en sus juegos a dos bandas, pero este no es el caso. Conosco alcuni giochi che sono molto facili da battere, ma sono pochi ed in mezzo ai due. <b>La verdad es que configurar el juego con dos ratones requiere un esfuerzo adicional y un juego brillante por parte del contador.<\/b> Ma siete arrivati sin qui per ottenere delle risposte e ve le dar\u00f2.<\/p>\n<p><b>La principal ventaja de jugar con dos mazos es la volatilidad del conteo.<\/b> A diferencia de un juego con 4 o 6 ratones, el recuento continuo, que se convierte en el recuento real (el recuento para el ratoncito rimanente) en el juego con dos ratones puede aumentar o disminuir r\u00e1pidamente, pero aumenta muy r\u00e1pidamente debido al error. Esto es bueno cuando el resultado es negativo, pero no lo es cuando el resultado es \"positivo\". El juego a dos bandas es muy r\u00e1pido y el contador valiente no pierde nada, pero esto requiere una buena capacidad de conversi\u00f3n a la cuenta real y habilidad para anticiparse a lo que est\u00e1 por venir, ya que siempre hay que recordar que no tiramos nunca hacia adentro cuando nos encontramos.<\/p>\n<h3 class=\"gbs-heading\">La Chiave: Penetrazione<\/h3>\n<p><b>Puesto que s\u00f3lo se usan 104 cartas, contra las 312 de un juego de siete ratones, s\u00f3lo una carta m\u00e1s en la penetraci\u00f3n puede suponer una gran diferencia con respecto a lo que podemos obtener del juego.<\/b> En las lecciones de mi Escuela de Blackjack, me han dicho que perder\u00e1s tu tiempo si juegas con 6 mesas donde menos de 65% de las cartas se distribuyen antes de la partida. <b>En el caso de los dos ratones, el 65% de penetraci\u00f3n es aceptable, el 75% es fant\u00e1stico y el 80% o superior es fenomenal.<\/b> Lo m\u00e1s probable es que se produzca una penetraci\u00f3n en el 50%. Para ello, primero hay que unir dos ratones y luego usar s\u00f3lo uno. Espero que tenga \u00e9xito.<\/p>\n<p><b>La penetraci\u00f3n es realmente importante, pero es algo con lo que debes familiarizarte.<\/b> Si juegas con dos casinos donde el casero tira con A-6, raddoppio por cada una de las dos cartas iniciales, raddoppio despu\u00e9s de la divisi\u00f3n, etc. Si utiliza un \"intervalo\" de apuestas comprendido entre 1 y 8 (Veamos m\u00e1s adelante) y el casino distribuye s\u00f3lo 50% de las cartas, su ventaja a largo plazo determinada por las simulaciones que he realizado gracias al Analizador Estad\u00edstico del Blackjack ser\u00e1 de 0,64%. Si la penetraci\u00f3n llega a 60%, la ventaja para el jugador ser\u00e1 de 0,95% y con una penetraci\u00f3n de 75% ser\u00e1 de 1,47%. Che non \u00e8 proprio male.<br \/>\nFacciamo un riepilogo cos\u00ec memorizzerete meglio:<\/p>\n<table class=\"gbs-ctable\">\n<tbody>\n<tr>\n<th colspan=\"2\">Impacto de la penetraci\u00f3n<br \/>\nnel Gioco con Due Mazzi<\/th>\n<\/tr>\n<tr>\n<td>Porcentaje de penetraci\u00f3n<\/td>\n<td>Teor\u00eda de la victoria del Jugador<\/td>\n<\/tr>\n<tr>\n<td>50%<\/td>\n<td>0.64%<\/td>\n<\/tr>\n<tr>\n<td>60%<\/td>\n<td>0.95%<\/td>\n<\/tr>\n<tr>\n<td>66%<\/td>\n<td>1.14%<\/td>\n<\/tr>\n<tr>\n<td>75%<\/td>\n<td>1.47%<\/td>\n<\/tr>\n<\/tbody>\n<\/table>\n<p>Un \"truco\" que se repite a menudo en mis juegos es, si es posible, dejar la mesa cuando el True Count se pone a -1 o m\u00e1s bajo. Esto es muy f\u00e1cil de hacer en un juego de 6 jugadores, pero no tanto en uno de 2 jugadores. <b>Sin embargo, debes tener muy en cuenta el hecho de que juegas con todos los tipos de punter\u00eda, lo que hace que el factor de penetraci\u00f3n sea a\u00fan m\u00e1s importante.<\/b> Esto se llama \"juega todo\" y las cifras que se muestran a continuaci\u00f3n se calculan en estas condiciones. Por lo tanto, debemos recordar que el software de simulaci\u00f3n juega al Blackjack a la perfecci\u00f3n, mientras que nosotros, los humanos, no. Por eso he usado el t\u00e9rmino \"ventaja te\u00f3rica\" del jugador; que es lo mejor que se puede ganar, raz\u00f3n por la que deber\u00eda hacer los c\u00e1lculos con el 10% en menos tiempo que en la realidad.<\/p>\n<h3 class=\"gbs-heading\">Cominciamo<\/h3>\n<p>Si no has jugado nunca con dos mazos como contador de cartas, tendr\u00e1s que hacer, al principio, una pianificaci\u00f3n de base. Aunque no seamos un mundo a parte del juego con 6 ratones, hay algunas diferencias a tener en cuenta:<\/p>\n<ul>\n<li>Muchos, aunque no todos, los juegos con dos ratones se distribuyen con tarjetas de cr\u00e9dito, lo que requiere un modo diferente de guardar las tarjetas.<\/li>\n<li>Dado que ser\u00e1 dif\u00edcil retirar la mesa cuando se detenga el conteo, se producir\u00e1n muchas variaciones \"negativas\" en la Estrategia Base.<\/li>\n<li>Muchos juegos a dos bandas requieren que el jugador tire con un soft 17 (asumiremos la siguiente ipotesi durante todas estas series), por lo que se necesita alg\u00fan cambio en la Estrategia Base. Puedes conseguirla en www.blackjackinfo.com.<\/li>\n<li>Dado que la penetraci\u00f3n es un peligro crucial, debes comprobar con antelaci\u00f3n, en el casino en el que te encuentres, si vale la pena sentarte en la mesa. Comprueba tambi\u00e9n las reglas cuando est\u00e9s all\u00ed.<\/li>\n<\/ul>\n<p>Empezaremos a hacer vuestras competiciones en casa bas\u00e1ndonos en lo que hay\u00e1is visto antes y la pr\u00f3xima vez volveremos con un piano que nos indicar\u00e1 c\u00f3mo empezar este juego con dos ratones.<\/p>","protected":false},"excerpt":{"rendered":"<p>A prima vista, appare logico che un bravo giocatore riesca meglio con un gioco che usa meno mazzi, ma questo non \u00e8 sempre il caso quando si confrontano i giochi con due mazzi e con sei mazzi. Entrano in gioco molte variabili, non ultime delle quali le regole del gioco, la scommessa minima richiesta e [&hellip;]<\/p>\n","protected":false},"author":4,"featured_media":0,"parent":2715,"menu_order":0,"comment_status":"open","ping_status":"open","template":"page-blacjack-school-it.php","meta":{"_acf_changed":false,"footnotes":""},"tags":[],"class_list":["post-2800","page","type-page","status-publish","hentry"],"acf":[],"yoast_head":"<!-- This site is optimized with the Yoast SEO plugin v26.6 - https:\/\/yoast.com\/wordpress\/plugins\/seo\/ -->\n<title>Lezione 21 - Sconfiggere il Gioco con Due Mazzi<\/title>\n<meta name=\"description\" content=\"A prima vista, appare logico che un bravo giocatore riesca meglio con un gioco che usa meno mazzi, ma questo non \u00e8 sempre il caso quando si confrontano i\" \/>\n<meta name=\"robots\" content=\"index, follow, max-snippet:-1, max-image-preview:large, max-video-preview:-1\" \/>\n<link rel=\"canonical\" href=\"https:\/\/www.blackjackinfo.com\/es\/escuela-de-blackjack\/leccion-21-vencer-el-juego-de-la-baraja-doble-parte-1\/\" \/>\n<meta property=\"og:locale\" content=\"es_ES\" \/>\n<meta property=\"og:type\" content=\"article\" \/>\n<meta property=\"og:title\" content=\"Lezione 21 - Sconfiggere il Gioco con Due Mazzi\" \/>\n<meta property=\"og:description\" content=\"A prima vista, appare logico che un bravo giocatore riesca meglio con un gioco che usa meno mazzi, ma questo non \u00e8 sempre il caso quando si confrontano i\" \/>\n<meta property=\"og:url\" content=\"https:\/\/www.blackjackinfo.com\/es\/escuela-de-blackjack\/leccion-21-vencer-el-juego-de-la-baraja-doble-parte-1\/\" \/>\n<meta property=\"og:site_name\" content=\"BlackjackInfo.com\" \/>\n<meta property=\"article:modified_time\" content=\"2018-04-18T07:07:14+00:00\" \/>\n<meta name=\"twitter:label1\" content=\"Tiempo de lectura\" \/>\n\t<meta name=\"twitter:data1\" content=\"6 minutos\" \/>\n<script type=\"application\/ld+json\" class=\"yoast-schema-graph\">{\"@context\":\"https:\/\/schema.org\",\"@graph\":[{\"@type\":\"WebPage\",\"@id\":\"https:\/\/www.blackjackinfo.com\/blackjack-school\/lesson-21-beating-the-double-deck-game-part-1\/\",\"url\":\"https:\/\/www.blackjackinfo.com\/blackjack-school\/lesson-21-beating-the-double-deck-game-part-1\/\",\"name\":\"Lezione 21 - Sconfiggere il Gioco con Due Mazzi\",\"isPartOf\":{\"@id\":\"https:\/\/www.blackjackinfo.com\/#website\"},\"datePublished\":\"2017-03-13T04:10:29+00:00\",\"dateModified\":\"2018-04-18T07:07:14+00:00\",\"description\":\"A prima vista, appare logico che un bravo giocatore riesca meglio con un gioco che usa meno mazzi, ma questo non \u00e8 sempre il caso quando si confrontano i\",\"breadcrumb\":{\"@id\":\"https:\/\/www.blackjackinfo.com\/blackjack-school\/lesson-21-beating-the-double-deck-game-part-1\/#breadcrumb\"},\"inLanguage\":\"es\",\"potentialAction\":[{\"@type\":\"ReadAction\",\"target\":[\"https:\/\/www.blackjackinfo.com\/blackjack-school\/lesson-21-beating-the-double-deck-game-part-1\/\"]}]},{\"@type\":\"BreadcrumbList\",\"@id\":\"https:\/\/www.blackjackinfo.com\/blackjack-school\/lesson-21-beating-the-double-deck-game-part-1\/#breadcrumb\",\"itemListElement\":[{\"@type\":\"ListItem\",\"position\":1,\"name\":\"Home\",\"item\":\"https:\/\/www.blackjackinfo.com\/\"},{\"@type\":\"ListItem\",\"position\":2,\"name\":\"La Scuola di Blackjack di GameMaster\",\"item\":\"https:\/\/www.it.blackjackinfo.com\/scuola-di-blackjack\/\"},{\"@type\":\"ListItem\",\"position\":3,\"name\":\"Lezione 21 &#8211; Sconfiggere il Gioco con Due Mazzi\"}]},{\"@type\":\"WebSite\",\"@id\":\"https:\/\/www.blackjackinfo.com\/#website\",\"url\":\"https:\/\/www.blackjackinfo.com\/\",\"name\":\"BlackjackInfo.com\",\"description\":\"Because Winning is More Fun!\",\"potentialAction\":[{\"@type\":\"SearchAction\",\"target\":{\"@type\":\"EntryPoint\",\"urlTemplate\":\"https:\/\/www.blackjackinfo.com\/?s={search_term_string}\"},\"query-input\":{\"@type\":\"PropertyValueSpecification\",\"valueRequired\":true,\"valueName\":\"search_term_string\"}}],\"inLanguage\":\"es\"}]}<\/script>\n<!-- \/ Yoast SEO plugin. -->","yoast_head_json":{"title":"Secci\u00f3n 21 - Configurar el juego con dos ratones","description":"A primera vista, parece l\u00f3gico que un buen jugador se arriesgue m\u00e1s con un juego en el que se utilicen menos ratones, pero esto no siempre es as\u00ed cuando se enfrentan a ellos.","robots":{"index":"index","follow":"follow","max-snippet":"max-snippet:-1","max-image-preview":"max-image-preview:large","max-video-preview":"max-video-preview:-1"},"canonical":"https:\/\/www.blackjackinfo.com\/es\/escuela-de-blackjack\/leccion-21-vencer-el-juego-de-la-baraja-doble-parte-1\/","og_locale":"es_ES","og_type":"article","og_title":"Lezione 21 - Sconfiggere il Gioco con Due Mazzi","og_description":"A prima vista, appare logico che un bravo giocatore riesca meglio con un gioco che usa meno mazzi, ma questo non \u00e8 sempre il caso quando si confrontano i","og_url":"https:\/\/www.blackjackinfo.com\/es\/escuela-de-blackjack\/leccion-21-vencer-el-juego-de-la-baraja-doble-parte-1\/","og_site_name":"BlackjackInfo.com","article_modified_time":"2018-04-18T07:07:14+00:00","twitter_misc":{"Tiempo de lectura":"6 minutos"},"schema":{"@context":"https:\/\/schema.org","@graph":[{"@type":"WebPage","@id":"https:\/\/www.blackjackinfo.com\/blackjack-school\/lesson-21-beating-the-double-deck-game-part-1\/","url":"https:\/\/www.blackjackinfo.com\/blackjack-school\/lesson-21-beating-the-double-deck-game-part-1\/","name":"Secci\u00f3n 21 - Configurar el juego con dos ratones","isPartOf":{"@id":"https:\/\/www.blackjackinfo.com\/#website"},"datePublished":"2017-03-13T04:10:29+00:00","dateModified":"2018-04-18T07:07:14+00:00","description":"A primera vista, parece l\u00f3gico que un buen jugador se arriesgue m\u00e1s con un juego en el que se utilicen menos ratones, pero esto no siempre es as\u00ed cuando se enfrentan a ellos.","breadcrumb":{"@id":"https:\/\/www.blackjackinfo.com\/blackjack-school\/lesson-21-beating-the-double-deck-game-part-1\/#breadcrumb"},"inLanguage":"es","potentialAction":[{"@type":"ReadAction","target":["https:\/\/www.blackjackinfo.com\/blackjack-school\/lesson-21-beating-the-double-deck-game-part-1\/"]}]},{"@type":"BreadcrumbList","@id":"https:\/\/www.blackjackinfo.com\/blackjack-school\/lesson-21-beating-the-double-deck-game-part-1\/#breadcrumb","itemListElement":[{"@type":"ListItem","position":1,"name":"Home","item":"https:\/\/www.blackjackinfo.com\/"},{"@type":"ListItem","position":2,"name":"La Scuola di Blackjack di GameMaster","item":"https:\/\/www.it.blackjackinfo.com\/scuola-di-blackjack\/"},{"@type":"ListItem","position":3,"name":"Lezione 21 &#8211; Sconfiggere il Gioco con Due Mazzi"}]},{"@type":"WebSite","@id":"https:\/\/www.blackjackinfo.com\/#website","url":"https:\/\/www.blackjackinfo.com\/","name":"BlackjackInfo.com","description":"\u00a1Porque ganar es m\u00e1s divertido!","potentialAction":[{"@type":"SearchAction","target":{"@type":"EntryPoint","urlTemplate":"https:\/\/www.blackjackinfo.com\/?s={search_term_string}"},"query-input":{"@type":"PropertyValueSpecification","valueRequired":true,"valueName":"search_term_string"}}],"inLanguage":"es"}]}},"_links":{"self":[{"href":"https:\/\/www.blackjackinfo.com\/es\/wp-json\/wp\/v2\/pages\/2800","targetHints":{"allow":["GET"]}}],"collection":[{"href":"https:\/\/www.blackjackinfo.com\/es\/wp-json\/wp\/v2\/pages"}],"about":[{"href":"https:\/\/www.blackjackinfo.com\/es\/wp-json\/wp\/v2\/types\/page"}],"author":[{"embeddable":true,"href":"https:\/\/www.blackjackinfo.com\/es\/wp-json\/wp\/v2\/users\/4"}],"replies":[{"embeddable":true,"href":"https:\/\/www.blackjackinfo.com\/es\/wp-json\/wp\/v2\/comments?post=2800"}],"version-history":[{"count":3,"href":"https:\/\/www.blackjackinfo.com\/es\/wp-json\/wp\/v2\/pages\/2800\/revisions"}],"predecessor-version":[{"id":2803,"href":"https:\/\/www.blackjackinfo.com\/es\/wp-json\/wp\/v2\/pages\/2800\/revisions\/2803"}],"up":[{"embeddable":true,"href":"https:\/\/www.blackjackinfo.com\/es\/wp-json\/wp\/v2\/pages\/2715"}],"wp:attachment":[{"href":"https:\/\/www.blackjackinfo.com\/es\/wp-json\/wp\/v2\/media?parent=2800"}],"wp:term":[{"taxonomy":"post_tag","embeddable":true,"href":"https:\/\/www.blackjackinfo.com\/es\/wp-json\/wp\/v2\/tags?post=2800"}],"curies":[{"name":"wp","href":"https:\/\/api.w.org\/{rel}","templated":true}]}}