{"id":2807,"date":"2017-03-12T23:23:13","date_gmt":"2017-03-13T04:23:13","guid":{"rendered":"https:\/\/www.blackjackinfo.com\/?page_id=2807\/"},"modified":"2018-04-18T02:07:14","modified_gmt":"2018-04-18T07:07:14","slug":"leccion-23-configurar-el-juego-con-dos-ratones","status":"publish","type":"page","link":"https:\/\/www.blackjackinfo.com\/es\/scuola-di-blackjack\/lezione-23-sconfiggere-il-gioco-con-due-mazzi\/","title":{"rendered":"Semana 23 - Configurar el juego con dos ratones"},"content":{"rendered":"<h3 class=\"gbs-heading\">Variazioni Strategia Base per il Doppio Mazzo<\/h3>\n<p><b>Para jugar al Blackjack con dos m\u00e1scaras es necesario encontrar un juego que ofrezca una penetraci\u00f3n decente con una tirada m\u00ednima que permita realizar un intervalo de tiradas de 1 a 8,<\/b> rimanendo all'interno dei principi ragionevoli per la gestione dei soldi in base al tuo budget totale. Otro \"golpe en su arco\", es decir, variar el juego de su mano en funci\u00f3n del conteo.<\/p>\n<p><b>Si est\u00e1s en condiciones de contar las cartas, puedes usar el contador para calcular la cifra que debes echar a cada mano, pero tambi\u00e9n puedes usarlo para jugar con m\u00e1s precisi\u00f3n a cada mano.<\/b> Si has estudiado mi curso hasta aqu\u00ed, sabr\u00e1s que uno de los factores clave para ganar al Blackjack es perder la mesa cuando el True Count est\u00e1 a -1 o m\u00e1s bajo, pero esta t\u00e1ctica no se lleva a cabo en muchos juegos de dos marcos, ya que las cartas se distribuyen s\u00f3lo por unos pocos giros de mesa antes de ser cambiadas de nuevo, a diferencia de los juegos de siete marcos.<\/p>\n<p><b>Por lo tanto, tendremos que sentarnos y jugar con muchos m\u00e1s ratones \"negativos\", pero lo positivo es que una mischiata no siempre est\u00e1 demasiado lejos.<\/b> Pero, al mismo tiempo, sabemos que la ventaja del casino aumenta cuando el conteo disminuye, por lo que deber\u00edamos neutralizar este efecto en la medida de lo posible. Aunque probablemente debamos jugar muchos m\u00e1s n\u00fameros negativos con los dos machos, lo que necesitamos es jugar por turnos, como tirar el 12 contra el 5 de la banca y as\u00ed sucesivamente. Con un conteggio basso dobbiamo anche evitare di raddoppiare e dividere le coppie chiedendo, al loro posto, carta. Pero no queremos perdernos en juegos tan importantes como estos, por lo que necesitamos impartir las variaciones de la Estrategia Base para los n\u00fameros \"bajos\", como -2, -3 y as\u00ed sucesivamente. <b>Un intervalo realista para muchos juegos con el doble marco es un True Count entre -6 y +6 que se encuentra en el 85% de todas las manos que juegan, suponiendo una penetraci\u00f3n del 50-60%.<\/b><\/p>\n<p>Algunos jugadores prefieren jugar s\u00f3lo con los indicadores de las manos principales, con la idea de que juegan una mano como A, 4 contra una 5 menos de 100 veces cada 100.000 manos de juego, pero con un 16 contra un 10 con mucha m\u00e1s frecuencia. En la segunda edici\u00f3n de su libro, \"Blackjack Attack\", Don Schlesinger ha dedicado un cap\u00edtulo a lo que \u00e9l llama \"Los Ilustres 18\" que son, seg\u00fan su opini\u00f3n, las variaciones m\u00e1s importantes de la Estrategia Base. No estoy dispuesto a reproducir el trabajo original de otros autores, por lo que si crees que no puedes memorizar todas las variaciones que he aprendido sin darte cuenta, te recomiendo que leas el libro para obtener un resumen completo. Otra idea que vale la pena considerar es la de no impartir las indicaciones bajo -2, con el fundamento l\u00f3gico de que, con tales puntuaciones, probablemente obtendr\u00e1s el m\u00ednimo consentimiento, por lo que cualquier error de juego cometido por ti, durante un largo periodo, te costar\u00e1 poco. Por otra parte, puede que s\u00f3lo le cuesten los puntos extra, como en los radiodifusores y en las divisiones, con la idea de que para ganar m\u00e1s dinero en la mesa hay que jugar la mano correctamente.<br \/>\nPersonalmente soy de la opini\u00f3n de que si hay algo que hacer en este juego, se har\u00e1 siempre y en todo momento. (Vale, entiendo que soy un fan\u00e1tico de estas cosas, pero \u00bfqu\u00e9 puedo hacer?) Si los juegos con dos jugadores se encuentran justo donde pasas la mayor parte de tu tiempo, entonces es probable que valga la pena esforzarse por memorizar los 90 puntos que se presentan aqu\u00ed. Pero si este no es su juego principal, un intervalo entre -2 y +6 con alguna modificaci\u00f3n puntuable ser\u00e1 probablemente suficiente. No olvides que algunas de estas indicaciones son similares a las de los juegos de siete fichas, as\u00ed que no empieces a rascar el tablero para escribir una carta. <b>Introduce los n\u00fameros que crees que son importantes para el puesto y el modo en que juegas.<\/b><\/p>\n<p>En lugar de hablar de la variaci\u00f3n de cada mano, como he hecho en la secci\u00f3n con m\u00e1s ratones, lo que haremos ser\u00e1 reproducir la Matriz de la Base de Estrategias que muestra un \"\u00edndice\" num\u00e9rico para cada mano apropiada. No se preocupe si tiene dificultades para entenderla, porque se explicar\u00e1 m\u00e1s abajo<\/p>\n<p><b>Variazioni Strategia Base<\/b><br \/>\nDoppio-Mazzo, H17, Da2, no das, nessuna resa<br \/>\n<b><a href=\"https:\/\/www.blackjackinfo.com\/files\/Blackjack-School\/DD-BS-Variations.htm\">(haga clic en este enlace para acceder a otra ventana con esta informaci\u00f3n)<\/a><\/b><\/p>\n<h3 class=\"gbs-heading\">Usando la Matrice<\/h3>\n<p>(Nota del GM: La Estrategia Base para este juego est\u00e1 disponible en BlackjackInfo.com: <a href=\"https:\/\/www.blackjackinfo.com\/it\/bjbse.php?numdecks=2+decks&amp;soft17=h17&amp;dbl=all&amp;das=no&amp;surr=ns&amp;peek=yes\">2D, H17, DA2, NDAS Estrategia b\u00e1sica<\/a>)<\/p>\n<p><b>Es muy f\u00e1cil usar la matriz si has memorizado la Estrategia Base para este tipo de juego, pero si a\u00fan no lo has hecho, deber\u00e1s aprenderla antes de usar esta avanzada modalidad de juego.<\/b> Para cada combinaci\u00f3n de la mano del jugador y la carta de la banca, se muestra una acci\u00f3n espec\u00edfica como tirar, detener, pulsar, etc., o un n\u00famero. El n\u00famero es un \"punto de acci\u00f3n\" basado en True Count que indica la variaci\u00f3n. Lo que la variaci\u00f3n representa para una situaci\u00f3n puede generar un poco de confusi\u00f3n, pero si se estudia la mano en cuesti\u00f3n, por s\u00ed solo se puede entender. Un buen ejemplo de lo que acabamos de decir es A, 7 contra el 2 del banco. En la matriz encontrar\u00e1s en correspondencia el n\u00famero 2, y entonces \u00bfdeber\u00e1s tirar, cerrar o hacer otra cosa? Por supuesto, \"otra cosa\" es la respuesta correcta, por lo tanto, debe ser raddoppiare, como con un A,7 contra 3, 4, 5 y 6. La l\u00f3gica juega un papel importante en este caso, por lo que si un juego parece irracional, probablemente no lo sea. \u00bfTirar\u00edas realmente un A,7 contra un 2? Ovviamente, si potrebbe stare, ma questo \u00e8 gi\u00e0 il gioco della Strategia Base, cos\u00ec il raddoppio \u00e8 tutto ci\u00f2 che rimane. Por lo tanto, lo que estamos diciendo es que hay que raddoparar un A,7 contra el 2 del banco cuando el True Count sea 2 o m\u00e1s de 2. Si el True Count es menor de 2, usa el juego de la Estrategia Base, que sugiere que lo dejes. Para un 3, la Estrategia Base dice que hay que raddoppiare l'A,7. Pero el \u00edndice en este caso es -2, lo que significa que s\u00f3lo hay que cambiar A,7 por 3 si la cuenta real es -2 o m\u00e1s. Si esto no es as\u00ed, entonces debe cancelarse. Parliamo di un'altra variazione che potrebbe generare qualche confusione: 8, 8 contro 10. La nota correspondiente es \"Stand@6\", por lo que si el True Count es 6 o superior, no dividir\u00e1s los 8, sino que los dividir\u00e1s.<\/p>\n<p>La regla general para entender la Matriz de Variaciones de la Estrategia Base es la siguiente: <b>si el n\u00famero en una casilla es 0 o menos, entonces se trata de hacer la mosca de la Base de Estrategias que deber\u00e1 seguir hasta que el conteo sea m\u00e1s grande que el n\u00famero mostrado.<\/b> Por ejemplo, con A,4 contra 4, radd\u00f3piate hasta que el n\u00famero sea mayor o menor que 0. Si el n\u00famero es negativo, tira. En el caso de un 9 contra un 4, raddoppierete hasta que il conteggio \u00e8 -3 o superiore (ricordate che -1 \u00e8 \"pi\u00f9 grande\" di -2)<\/p>\n<p>Non voglio lasciarvi senza avervi detto la variazione pi\u00f9 importante di tutte, che \u00e8 l'assicurazione. <b>Spero sappiate che la Strategia Base corretta ci dice di non prendere mai l'assicurazione (anche quando avete un 'blackjack' e la carta del croupier \u00e8 un Asso, a disposizione di ci\u00f2 che qualcun altro potrebbe dirvi)<\/b>pero en un juego de dos contra dos, la apuesta por la seguridad es m\u00e1s ventajosa con un recuento de 2 (realmente 2,4 si puedes conseguir este grado de precisi\u00f3n) o m\u00e1s.<\/p>\n<h3 class=\"gbs-heading\">Implantar las variaciones de la estrategia base<\/h3>\n<p><b>Una vez que hayas seleccionado las variaciones de la Estrategia Base que quieres aprender, deber\u00e1s crear una serie de flashcards adecuadas a tu objetivo.<\/b> C\u00f3mo hacerlo se explica minuciosamente en la Lecci\u00f3n 14 de \"La Escuela de Blackjack de GameMaster\" y no puedes olvidar de nuevo la importancia de su valor. Cree un juego de cartas y ll\u00e9velo con usted, o estudie intensamente antes de cada sesi\u00f3n de juego si el juego con dos jugadores no es su juego \"principal\".<\/p>","protected":false},"excerpt":{"rendered":"<p>Variazioni Strategia Base per il Doppio Mazzo Vincere al gioco del Blackjack con il doppio-mazzo richiede che si trovi dapprima un gioco che offra una penetrazione decente con una scommessa minima che ci consenta di realizzare un intervallo di scommessa da 1 a 8, rimanendo all&#8217;interno dei principi ragionevoli per la gestione dei soldi in [&hellip;]<\/p>\n","protected":false},"author":4,"featured_media":0,"parent":2715,"menu_order":0,"comment_status":"open","ping_status":"open","template":"page-blacjack-school-it.php","meta":{"_acf_changed":false,"footnotes":""},"tags":[],"class_list":["post-2807","page","type-page","status-publish","hentry"],"acf":[],"yoast_head":"<!-- This site is optimized with the Yoast SEO plugin v26.6 - https:\/\/yoast.com\/wordpress\/plugins\/seo\/ -->\n<title>Lezione 23 - Sconfiggere il Gioco con Due Mazzi<\/title>\n<meta name=\"description\" content=\"Variazioni Strategia Base per il Doppio Mazzo Vincere al gioco del Blackjack con il doppio-mazzo richiede che si trovi dapprima un gioco che offra una\" \/>\n<meta name=\"robots\" content=\"index, follow, max-snippet:-1, max-image-preview:large, max-video-preview:-1\" \/>\n<link rel=\"canonical\" href=\"https:\/\/www.blackjackinfo.com\/es\/escuela-de-blackjack\/leccion-23-vencer-el-juego-de-la-baraja-doble-parte-3\/\" \/>\n<meta property=\"og:locale\" content=\"es_ES\" \/>\n<meta property=\"og:type\" content=\"article\" \/>\n<meta property=\"og:title\" content=\"Lezione 23 - Sconfiggere il Gioco con Due Mazzi\" \/>\n<meta property=\"og:description\" content=\"Variazioni Strategia Base per il Doppio Mazzo Vincere al gioco del Blackjack con il doppio-mazzo richiede che si trovi dapprima un gioco che offra una\" \/>\n<meta property=\"og:url\" content=\"https:\/\/www.blackjackinfo.com\/es\/escuela-de-blackjack\/leccion-23-vencer-el-juego-de-la-baraja-doble-parte-3\/\" \/>\n<meta property=\"og:site_name\" content=\"BlackjackInfo.com\" \/>\n<meta property=\"article:modified_time\" content=\"2018-04-18T07:07:14+00:00\" \/>\n<meta name=\"twitter:label1\" content=\"Tiempo de lectura\" \/>\n\t<meta name=\"twitter:data1\" content=\"6 minutos\" \/>\n<script type=\"application\/ld+json\" class=\"yoast-schema-graph\">{\"@context\":\"https:\/\/schema.org\",\"@graph\":[{\"@type\":\"WebPage\",\"@id\":\"https:\/\/www.blackjackinfo.com\/blackjack-school\/lesson-23-beating-the-double-deck-game-part-3\/\",\"url\":\"https:\/\/www.blackjackinfo.com\/blackjack-school\/lesson-23-beating-the-double-deck-game-part-3\/\",\"name\":\"Lezione 23 - Sconfiggere il Gioco con Due Mazzi\",\"isPartOf\":{\"@id\":\"https:\/\/www.blackjackinfo.com\/#website\"},\"datePublished\":\"2017-03-13T04:23:13+00:00\",\"dateModified\":\"2018-04-18T07:07:14+00:00\",\"description\":\"Variazioni Strategia Base per il Doppio Mazzo Vincere al gioco del Blackjack con il doppio-mazzo richiede che si trovi dapprima un gioco che offra una\",\"breadcrumb\":{\"@id\":\"https:\/\/www.blackjackinfo.com\/blackjack-school\/lesson-23-beating-the-double-deck-game-part-3\/#breadcrumb\"},\"inLanguage\":\"es\",\"potentialAction\":[{\"@type\":\"ReadAction\",\"target\":[\"https:\/\/www.blackjackinfo.com\/blackjack-school\/lesson-23-beating-the-double-deck-game-part-3\/\"]}]},{\"@type\":\"BreadcrumbList\",\"@id\":\"https:\/\/www.blackjackinfo.com\/blackjack-school\/lesson-23-beating-the-double-deck-game-part-3\/#breadcrumb\",\"itemListElement\":[{\"@type\":\"ListItem\",\"position\":1,\"name\":\"Home\",\"item\":\"https:\/\/www.blackjackinfo.com\/\"},{\"@type\":\"ListItem\",\"position\":2,\"name\":\"La Scuola di Blackjack di GameMaster\",\"item\":\"https:\/\/www.it.blackjackinfo.com\/scuola-di-blackjack\/\"},{\"@type\":\"ListItem\",\"position\":3,\"name\":\"Lezione 23 &#8211; Sconfiggere il Gioco con Due Mazzi\"}]},{\"@type\":\"WebSite\",\"@id\":\"https:\/\/www.blackjackinfo.com\/#website\",\"url\":\"https:\/\/www.blackjackinfo.com\/\",\"name\":\"BlackjackInfo.com\",\"description\":\"Because Winning is More Fun!\",\"potentialAction\":[{\"@type\":\"SearchAction\",\"target\":{\"@type\":\"EntryPoint\",\"urlTemplate\":\"https:\/\/www.blackjackinfo.com\/?s={search_term_string}\"},\"query-input\":{\"@type\":\"PropertyValueSpecification\",\"valueRequired\":true,\"valueName\":\"search_term_string\"}}],\"inLanguage\":\"es\"}]}<\/script>\n<!-- \/ Yoast SEO plugin. -->","yoast_head_json":{"title":"Semana 23 - Configurar el juego con dos ratones","description":"Variazioni Strategia Base per il Doppio Mazzo Vincere al gioco del Blackjack con il doppio-mazzo richiede che si trovi dapprima un gioco che offra una","robots":{"index":"index","follow":"follow","max-snippet":"max-snippet:-1","max-image-preview":"max-image-preview:large","max-video-preview":"max-video-preview:-1"},"canonical":"https:\/\/www.blackjackinfo.com\/es\/escuela-de-blackjack\/leccion-23-vencer-el-juego-de-la-baraja-doble-parte-3\/","og_locale":"es_ES","og_type":"article","og_title":"Lezione 23 - Sconfiggere il Gioco con Due Mazzi","og_description":"Variazioni Strategia Base per il Doppio Mazzo Vincere al gioco del Blackjack con il doppio-mazzo richiede che si trovi dapprima un gioco che offra una","og_url":"https:\/\/www.blackjackinfo.com\/es\/escuela-de-blackjack\/leccion-23-vencer-el-juego-de-la-baraja-doble-parte-3\/","og_site_name":"BlackjackInfo.com","article_modified_time":"2018-04-18T07:07:14+00:00","twitter_misc":{"Tiempo de lectura":"6 minutos"},"schema":{"@context":"https:\/\/schema.org","@graph":[{"@type":"WebPage","@id":"https:\/\/www.blackjackinfo.com\/blackjack-school\/lesson-23-beating-the-double-deck-game-part-3\/","url":"https:\/\/www.blackjackinfo.com\/blackjack-school\/lesson-23-beating-the-double-deck-game-part-3\/","name":"Semana 23 - Configurar el juego con dos ratones","isPartOf":{"@id":"https:\/\/www.blackjackinfo.com\/#website"},"datePublished":"2017-03-13T04:23:13+00:00","dateModified":"2018-04-18T07:07:14+00:00","description":"Variazioni Strategia Base per il Doppio Mazzo Vincere al gioco del Blackjack con il doppio-mazzo richiede che si trovi dapprima un gioco che offra una","breadcrumb":{"@id":"https:\/\/www.blackjackinfo.com\/blackjack-school\/lesson-23-beating-the-double-deck-game-part-3\/#breadcrumb"},"inLanguage":"es","potentialAction":[{"@type":"ReadAction","target":["https:\/\/www.blackjackinfo.com\/blackjack-school\/lesson-23-beating-the-double-deck-game-part-3\/"]}]},{"@type":"BreadcrumbList","@id":"https:\/\/www.blackjackinfo.com\/blackjack-school\/lesson-23-beating-the-double-deck-game-part-3\/#breadcrumb","itemListElement":[{"@type":"ListItem","position":1,"name":"Home","item":"https:\/\/www.blackjackinfo.com\/"},{"@type":"ListItem","position":2,"name":"La Scuola di Blackjack di GameMaster","item":"https:\/\/www.it.blackjackinfo.com\/scuola-di-blackjack\/"},{"@type":"ListItem","position":3,"name":"Lezione 23 &#8211; Sconfiggere il Gioco con Due Mazzi"}]},{"@type":"WebSite","@id":"https:\/\/www.blackjackinfo.com\/#website","url":"https:\/\/www.blackjackinfo.com\/","name":"BlackjackInfo.com","description":"\u00a1Porque ganar es m\u00e1s divertido!","potentialAction":[{"@type":"SearchAction","target":{"@type":"EntryPoint","urlTemplate":"https:\/\/www.blackjackinfo.com\/?s={search_term_string}"},"query-input":{"@type":"PropertyValueSpecification","valueRequired":true,"valueName":"search_term_string"}}],"inLanguage":"es"}]}},"_links":{"self":[{"href":"https:\/\/www.blackjackinfo.com\/es\/wp-json\/wp\/v2\/pages\/2807","targetHints":{"allow":["GET"]}}],"collection":[{"href":"https:\/\/www.blackjackinfo.com\/es\/wp-json\/wp\/v2\/pages"}],"about":[{"href":"https:\/\/www.blackjackinfo.com\/es\/wp-json\/wp\/v2\/types\/page"}],"author":[{"embeddable":true,"href":"https:\/\/www.blackjackinfo.com\/es\/wp-json\/wp\/v2\/users\/4"}],"replies":[{"embeddable":true,"href":"https:\/\/www.blackjackinfo.com\/es\/wp-json\/wp\/v2\/comments?post=2807"}],"version-history":[{"count":3,"href":"https:\/\/www.blackjackinfo.com\/es\/wp-json\/wp\/v2\/pages\/2807\/revisions"}],"predecessor-version":[{"id":2810,"href":"https:\/\/www.blackjackinfo.com\/es\/wp-json\/wp\/v2\/pages\/2807\/revisions\/2810"}],"up":[{"embeddable":true,"href":"https:\/\/www.blackjackinfo.com\/es\/wp-json\/wp\/v2\/pages\/2715"}],"wp:attachment":[{"href":"https:\/\/www.blackjackinfo.com\/es\/wp-json\/wp\/v2\/media?parent=2807"}],"wp:term":[{"taxonomy":"post_tag","embeddable":true,"href":"https:\/\/www.blackjackinfo.com\/es\/wp-json\/wp\/v2\/tags?post=2807"}],"curies":[{"name":"wp","href":"https:\/\/api.w.org\/{rel}","templated":true}]}}