{"id":2811,"date":"2017-03-12T23:28:37","date_gmt":"2017-03-13T04:28:37","guid":{"rendered":"https:\/\/www.blackjackinfo.com\/?page_id=2811\/"},"modified":"2018-04-18T02:07:14","modified_gmt":"2018-04-18T07:07:14","slug":"leccion-24-captar-la-perdida-de-carga","status":"publish","type":"page","link":"https:\/\/www.blackjackinfo.com\/es\/scuola-di-blackjack\/lezione-24-capire-lopzione-di-resa\/","title":{"rendered":"Semana 24 - Capturar la opci\u00f3n de reposo"},"content":{"rendered":"<p class=\"intro\">Recuerdo con agrado la \u00e9poca en la que se iniciaron los primeros juegos de casino en Atlantic City. El \u00fanico casino que estaba abierto en aquel momento (Resorts International) ofrec\u00eda un juego de Blackjack en el que las reglas estaban fijadas por la Comisi\u00f3n de Control de Casinos. <b>e comprende una strana regola chiamata 'arrendersi'. Casi pens\u00e9 que era extra\u00f1a hasta que descubr\u00ed la gran ventaja que podr\u00eda conceder al jugador que la utilizara correctamente.<\/b><\/p>\n<p>Muchos jugadores han denunciado la derrota como una acusaci\u00f3n perdida. Una vez en la mesa, otro jugador vuelve a decir lo mismo: <b>\"\u00a1Arrendersi \u00e8 da matti! Perch\u00e8 perdere met\u00e0 della vostra scommessa quando potreste facilmente vincere la mano?\"<\/b> Bajo ciertas condiciones, ten\u00eda rabia. Ci\u00f2 che voglio dire con questa affermazione \u00e8 che \u00e8 vero che un giocatore pu\u00f2 vincere o perdere una data mano, ma non aveva guardato molto lontano con il suo ragionamento. Si se juegan varias manos, perder algunas de ellas, el 50% de las apuestas es b\u00e1sicamente la alternativa m\u00e1s conveniente para llevar a t\u00e9rmino.<\/p>\n<p>Aquellos que no est\u00e9n familiarizados con la ruleta, deben saber que se trata de una opci\u00f3n de juego que algunos casinos pueden ofrecer. <b>Una vez concedida la ayuda, puede optar por renunciar a la parte del importe que le corresponde, en lugar de poner fin a su contrato.<\/b> Desde el punto de vista matem\u00e1tico, puede observarse que para las personas que aspiran a perder m\u00e1s del 50% de las ganancias, la devoluci\u00f3n es un buen negocio. Existen dos tipos de resaca: anticipada y diferida. Estos t\u00e9rminos se refieren al comportamiento de la banca y lo que el jugador verifica o no si tiene un blackjack (cuando su carta de apuesta es un Asso o un 10) antes de que usted decida retirarse. En Atlantic City, el tipo de apuesta era 'anticipada', lo que significa que pod\u00edas perder la mitad de la apuesta antes de que el jugador supiera que ten\u00eda un 'blackjack'. Esto era muy natural, ya que los reglamentos estatales no preve\u00edan la posibilidad de \"sbirciare\", por lo que el banco no pod\u00eda saber qu\u00e9 carta ten\u00eda hasta que todos los jugadores hubieran tomado sus decisiones de juego.<\/p>\n<p><b>En los d\u00edas de hoy, la forma de juego m\u00e1s extendida es la versi\u00f3n 'posticipada', en la que el jugador controla si tiene un blackjack y, si no lo tiene, puede rendirse.<\/b> Esto, sin duda, vale mucho menos, porque si la banca tiene un blackjack, tu cuenta se hundir\u00e1 antes de que puedas alquilarla. Pero, al disponer de esta restricci\u00f3n, la reserva tambi\u00e9n puede ser una buena oportunidad, si la usas correctamente.<\/p>\n<p><b>Facciamo un esempio;<\/b> supponiamo di giocare con 6-mazzi dove il raddoppio dopo la divisione \u00e8 consentito e il banco si ferma con A-6. Si tenemos una mano con 9, 7 y el banco muestra un 10, mi 'aspettativa' de perder, todos los billetes comprados en esta situaci\u00f3n, es de 53.7%. Si lo hiciera, perder\u00eda 50% de todos los billetes comprados en esa situaci\u00f3n. Si tratta di un miglioramento modesto, ma comunque migliore.<\/p>\n<p>Esto hace que comprender la estrategia base para la recuperaci\u00f3n sea muy sencillo. Si tu objetivo es perder m\u00e1s del 50%, arr\u00e9glatelas. Para un juego con m\u00e1s jugadores, mira las reglas para la partida siguiente:<\/p>\n<table class=\"gbs_table\">\n<tbody>\n<tr>\n<td><b>Mano del Giocatore (9,7) o (10,6):<\/b><\/td>\n<td>Arrendersi contro il 9,10,A del banco<\/td>\n<\/tr>\n<tr>\n<td><b>Mano del Giocatore 15:<\/b><\/td>\n<td>Arrendersi contro il 10 del banco<\/td>\n<\/tr>\n<\/tbody>\n<\/table>\n<p>La respuesta recibida a\u00f1ade a la ventaja del jugador solo un peque\u00f1o 0.1%, pero es apreciable cuando despu\u00e9s de hacer un gran punto se obtienen 10 como primera carta, justo lo que esperaba, y luego se obtienen los \u00faltimos 6 en el mazo como segunda carta. \u00bfA qui\u00e9n no le ha ido bien antes?<\/p>\n<p><b>Si contestas a las cartas, la posibilidad de alquilarlas ser\u00e1 siempre m\u00e1s ventajosa para la mano que las vende.<\/b> Si ha le\u00eddo y estudiado las lecciones s\u00f3lo hasta este punto, sabr\u00e1 que, en una situaci\u00f3n de conteo \"alto\", la proporci\u00f3n de 10 carteras vestidas y Assi en el mazo(s) rimanente en comparaci\u00f3n con las carteras de valor \"bajo\" es mayor, por lo que la probabilidad de obtener dichas carteras altas aumenta considerablemente. Este es el caso en el que el valor de la deuda se reduce.<\/p>\n<p>En la actualidad, la m\u00e1s com\u00fan es la \"posticipada\", que significa que el jugador comprueba su carta ganadora si su carta elegida es un Asno o un 10. Si tiene un \"blackjack\", perder\u00e1 intermitentemente su apuesta sin tener la posibilidad de retirarse. Si tiene un \"blackjack\", perder\u00e1 su apuesta sin posibilidad de retirarse. <b>Qualcuno afferma che sapendo che il banco non ha un Blackjack la resa diventa una soluzione stupida, ma esaminiamo pi\u00f9 in dettaglio questa situazione.<\/b> \u00bfQu\u00e9 tipo de mano puede tener el banco cuando muestra una carta vestida? En primer lugar, el banco s\u00f3lo puede mostrar 23% cuando se muestra una carta de 10 o una carta vestida. En segundo lugar, \u00a1puede obtener un total de 20 o 21 en el 41% de las veces! \u00bfPiensas batirte con tu 16? Cuando la banca muestre un Asso, y NON tenga un Blackjack, podr\u00e1 tambi\u00e9n terminar la mano con un total de 19 o m\u00e1s por el 46% de las veces y podr\u00e1 ganar s\u00f3lo por el 17% de las veces. Descubre por qu\u00e9 la apuesta es v\u00e1lida, incluso si la banca no tiene Blackjack.<\/p>\n<p>Ora, come il conteggio sale, sia voi che il banco avete pi\u00f9 possibilit\u00e0 di ottenere i 10 e gli Assi. Es m\u00e1s probable que te lleves un 10 si decides tirar. Por otra parte, si tienes una mano de 15 y el banco tiene un 9, el jugador tiene una mejor oportunidad de conseguir un 10 como carta coperta y es m\u00e1s probable que te lleves un 10. \u00a1Es el momento de usar la precauci\u00f3n! Cuando la cuenta real sea 2 o m\u00e1s, alquila tu 15 contra el 9 de la banca. Si el banco tiene que cerrar con A-6, la cuenta real es mayor o igual que 2, el banco tiene un Asso y t\u00fa un 15, entonces alquila. Si el banco debe tirar con un A-6, arrendar con un 15 es un error de la estrategia base. Otra cosa a tener en cuenta es alquilar un 14 contra un 10 con una cuenta verdadera de 3 o superior.<\/p>\n<p><b>Dalla mia esperienza, l'utilizzo della resa risulta interessante dal punto di vista del 'camuffamento'.<\/b> Eres consciente de que los contadores de cartas prefieren mantener a salvo sus habilidades, ya que el personal del casino no grad\u00faa a los contadores. Arrendersi \u00e8 fondamentalmente una tecnica di gioco abbastanza sofisticata, quindi \u00e8 corretto affermare che il giocatore d'azzardo 'medio' non la usa. Sin embargo, nosotros queremos incorporar a un jugador de nivel medio para mejorar nuestra capacidad de juego. Pero podemos utilizar la reserva cuando se nos ofrece y esto nos ayuda realmente cuando el conteo es alto, teniendo un punto gordo y alquilando con un 15 contra un 9 (o un 13 contra un 10 - cuenta verdadera de 8), por lo que parecemos \"polacos\". La mayor parte del personal del casino piensa que la apuesta es una forma \"perdedora\" de jugar, as\u00ed que cuando ven que se anuncian a la mitad de una apuesta de $200, piensan que no ganar\u00e1n m\u00e1s dinero en el juego. Eso es precisamente lo que queremos pensar.<\/p>\n<p>Esta es la \u00faltima lecci\u00f3n de mi Escuela de Blackjack, s\u00f3lo por el momento. Sin embargo, siempre puedo ir m\u00e1s all\u00e1 con nuevas formas de jugar y escribo regularmente una vez al mes un nuevo art\u00edculo sobre el tema. Adem\u00e1s, para estar en contacto, no dej\u00e9is de visitar peri\u00f3dicamente nuestro sitio web original, The GameMaster Online.<\/p>","protected":false},"excerpt":{"rendered":"<p>Mi ricordo bene i vecchi tempi in cui iniziarono a fiorire i primi giochi da casino ad Atlantic City. L&#8217;unico casino che era aperto in quel tempo (Resorts International) offriva un gioco da Blackjack dove le regole erano stabilite dalla Commissione di Controllo dei Casino e comprendeva una strana regola chiamata &#8216;arrendersi&#8217;. Almeno pensammo che [&hellip;]<\/p>\n","protected":false},"author":4,"featured_media":0,"parent":2715,"menu_order":0,"comment_status":"open","ping_status":"open","template":"page-blacjack-school-it.php","meta":{"_acf_changed":false,"footnotes":""},"tags":[],"class_list":["post-2811","page","type-page","status-publish","hentry"],"acf":[],"yoast_head":"<!-- This site is optimized with the Yoast SEO plugin v26.6 - https:\/\/yoast.com\/wordpress\/plugins\/seo\/ -->\n<title>Lezione 24 - Capire l&#039;Opzione di Resa<\/title>\n<meta name=\"description\" content=\"Mi ricordo bene i vecchi tempi in cui iniziarono a fiorire i primi giochi da casino ad Atlantic City. L&#039;unico casino che era aperto in quel tempo (Resorts\" \/>\n<meta name=\"robots\" content=\"index, follow, max-snippet:-1, max-image-preview:large, max-video-preview:-1\" \/>\n<link rel=\"canonical\" href=\"https:\/\/www.blackjackinfo.com\/es\/escuela-de-blackjack\/leccion-24-entender-la-opcion-de-rescate\/\" \/>\n<meta property=\"og:locale\" content=\"es_ES\" \/>\n<meta property=\"og:type\" content=\"article\" \/>\n<meta property=\"og:title\" content=\"Lezione 24 - Capire l&#039;Opzione di Resa\" \/>\n<meta property=\"og:description\" content=\"Mi ricordo bene i vecchi tempi in cui iniziarono a fiorire i primi giochi da casino ad Atlantic City. L&#039;unico casino che era aperto in quel tempo (Resorts\" \/>\n<meta property=\"og:url\" content=\"https:\/\/www.blackjackinfo.com\/es\/escuela-de-blackjack\/leccion-24-entender-la-opcion-de-rescate\/\" \/>\n<meta property=\"og:site_name\" content=\"BlackjackInfo.com\" \/>\n<meta property=\"article:modified_time\" content=\"2018-04-18T07:07:14+00:00\" \/>\n<meta name=\"twitter:label1\" content=\"Tiempo de lectura\" \/>\n\t<meta name=\"twitter:data1\" content=\"6 minutos\" \/>\n<script type=\"application\/ld+json\" class=\"yoast-schema-graph\">{\"@context\":\"https:\/\/schema.org\",\"@graph\":[{\"@type\":\"WebPage\",\"@id\":\"https:\/\/www.blackjackinfo.com\/blackjack-school\/lesson-24-understanding-the-surrender-option\/\",\"url\":\"https:\/\/www.blackjackinfo.com\/blackjack-school\/lesson-24-understanding-the-surrender-option\/\",\"name\":\"Lezione 24 - Capire l'Opzione di Resa\",\"isPartOf\":{\"@id\":\"https:\/\/www.blackjackinfo.com\/#website\"},\"datePublished\":\"2017-03-13T04:28:37+00:00\",\"dateModified\":\"2018-04-18T07:07:14+00:00\",\"description\":\"Mi ricordo bene i vecchi tempi in cui iniziarono a fiorire i primi giochi da casino ad Atlantic City. L'unico casino che era aperto in quel tempo (Resorts\",\"breadcrumb\":{\"@id\":\"https:\/\/www.blackjackinfo.com\/blackjack-school\/lesson-24-understanding-the-surrender-option\/#breadcrumb\"},\"inLanguage\":\"es\",\"potentialAction\":[{\"@type\":\"ReadAction\",\"target\":[\"https:\/\/www.blackjackinfo.com\/blackjack-school\/lesson-24-understanding-the-surrender-option\/\"]}]},{\"@type\":\"BreadcrumbList\",\"@id\":\"https:\/\/www.blackjackinfo.com\/blackjack-school\/lesson-24-understanding-the-surrender-option\/#breadcrumb\",\"itemListElement\":[{\"@type\":\"ListItem\",\"position\":1,\"name\":\"Home\",\"item\":\"https:\/\/www.blackjackinfo.com\/\"},{\"@type\":\"ListItem\",\"position\":2,\"name\":\"La Scuola di Blackjack di GameMaster\",\"item\":\"https:\/\/www.it.blackjackinfo.com\/scuola-di-blackjack\/\"},{\"@type\":\"ListItem\",\"position\":3,\"name\":\"Lezione 24 &#8211; Capire l&#8217;Opzione di Resa\"}]},{\"@type\":\"WebSite\",\"@id\":\"https:\/\/www.blackjackinfo.com\/#website\",\"url\":\"https:\/\/www.blackjackinfo.com\/\",\"name\":\"BlackjackInfo.com\",\"description\":\"Because Winning is More Fun!\",\"potentialAction\":[{\"@type\":\"SearchAction\",\"target\":{\"@type\":\"EntryPoint\",\"urlTemplate\":\"https:\/\/www.blackjackinfo.com\/?s={search_term_string}\"},\"query-input\":{\"@type\":\"PropertyValueSpecification\",\"valueRequired\":true,\"valueName\":\"search_term_string\"}}],\"inLanguage\":\"es\"}]}<\/script>\n<!-- \/ Yoast SEO plugin. -->","yoast_head_json":{"title":"Semana 24 - Capturar la opci\u00f3n de reposo","description":"Recuerdo muy bien la \u00e9poca en la que empezamos a jugar a los primeros juegos de casino en Atlantic City. L'unico casino che era aperto in quel tempo (Resorts","robots":{"index":"index","follow":"follow","max-snippet":"max-snippet:-1","max-image-preview":"max-image-preview:large","max-video-preview":"max-video-preview:-1"},"canonical":"https:\/\/www.blackjackinfo.com\/es\/escuela-de-blackjack\/leccion-24-entender-la-opcion-de-rescate\/","og_locale":"es_ES","og_type":"article","og_title":"Lezione 24 - Capire l'Opzione di Resa","og_description":"Mi ricordo bene i vecchi tempi in cui iniziarono a fiorire i primi giochi da casino ad Atlantic City. L'unico casino che era aperto in quel tempo (Resorts","og_url":"https:\/\/www.blackjackinfo.com\/es\/escuela-de-blackjack\/leccion-24-entender-la-opcion-de-rescate\/","og_site_name":"BlackjackInfo.com","article_modified_time":"2018-04-18T07:07:14+00:00","twitter_misc":{"Tiempo de lectura":"6 minutos"},"schema":{"@context":"https:\/\/schema.org","@graph":[{"@type":"WebPage","@id":"https:\/\/www.blackjackinfo.com\/blackjack-school\/lesson-24-understanding-the-surrender-option\/","url":"https:\/\/www.blackjackinfo.com\/blackjack-school\/lesson-24-understanding-the-surrender-option\/","name":"Semana 24 - Capturar la opci\u00f3n de reposo","isPartOf":{"@id":"https:\/\/www.blackjackinfo.com\/#website"},"datePublished":"2017-03-13T04:28:37+00:00","dateModified":"2018-04-18T07:07:14+00:00","description":"Recuerdo muy bien la \u00e9poca en la que empezamos a jugar a los primeros juegos de casino en Atlantic City. L'unico casino che era aperto in quel tempo (Resorts","breadcrumb":{"@id":"https:\/\/www.blackjackinfo.com\/blackjack-school\/lesson-24-understanding-the-surrender-option\/#breadcrumb"},"inLanguage":"es","potentialAction":[{"@type":"ReadAction","target":["https:\/\/www.blackjackinfo.com\/blackjack-school\/lesson-24-understanding-the-surrender-option\/"]}]},{"@type":"BreadcrumbList","@id":"https:\/\/www.blackjackinfo.com\/blackjack-school\/lesson-24-understanding-the-surrender-option\/#breadcrumb","itemListElement":[{"@type":"ListItem","position":1,"name":"Home","item":"https:\/\/www.blackjackinfo.com\/"},{"@type":"ListItem","position":2,"name":"La Scuola di Blackjack di GameMaster","item":"https:\/\/www.it.blackjackinfo.com\/scuola-di-blackjack\/"},{"@type":"ListItem","position":3,"name":"Lezione 24 &#8211; Capire l&#8217;Opzione di Resa"}]},{"@type":"WebSite","@id":"https:\/\/www.blackjackinfo.com\/#website","url":"https:\/\/www.blackjackinfo.com\/","name":"BlackjackInfo.com","description":"\u00a1Porque ganar es m\u00e1s divertido!","potentialAction":[{"@type":"SearchAction","target":{"@type":"EntryPoint","urlTemplate":"https:\/\/www.blackjackinfo.com\/?s={search_term_string}"},"query-input":{"@type":"PropertyValueSpecification","valueRequired":true,"valueName":"search_term_string"}}],"inLanguage":"es"}]}},"_links":{"self":[{"href":"https:\/\/www.blackjackinfo.com\/es\/wp-json\/wp\/v2\/pages\/2811","targetHints":{"allow":["GET"]}}],"collection":[{"href":"https:\/\/www.blackjackinfo.com\/es\/wp-json\/wp\/v2\/pages"}],"about":[{"href":"https:\/\/www.blackjackinfo.com\/es\/wp-json\/wp\/v2\/types\/page"}],"author":[{"embeddable":true,"href":"https:\/\/www.blackjackinfo.com\/es\/wp-json\/wp\/v2\/users\/4"}],"replies":[{"embeddable":true,"href":"https:\/\/www.blackjackinfo.com\/es\/wp-json\/wp\/v2\/comments?post=2811"}],"version-history":[{"count":1,"href":"https:\/\/www.blackjackinfo.com\/es\/wp-json\/wp\/v2\/pages\/2811\/revisions"}],"predecessor-version":[{"id":2812,"href":"https:\/\/www.blackjackinfo.com\/es\/wp-json\/wp\/v2\/pages\/2811\/revisions\/2812"}],"up":[{"embeddable":true,"href":"https:\/\/www.blackjackinfo.com\/es\/wp-json\/wp\/v2\/pages\/2715"}],"wp:attachment":[{"href":"https:\/\/www.blackjackinfo.com\/es\/wp-json\/wp\/v2\/media?parent=2811"}],"wp:term":[{"taxonomy":"post_tag","embeddable":true,"href":"https:\/\/www.blackjackinfo.com\/es\/wp-json\/wp\/v2\/tags?post=2811"}],"curies":[{"name":"wp","href":"https:\/\/api.w.org\/{rel}","templated":true}]}}