{"id":3173,"date":"2017-10-08T04:23:35","date_gmt":"2017-10-08T09:23:35","guid":{"rendered":"https:\/\/www.blackjackinfo.com\/?page_id=3173"},"modified":"2026-04-07T08:48:08","modified_gmt":"2026-04-07T13:48:08","slug":"blackjackinfo-entrenador-de-estrategia-de-blackjack","status":"publish","type":"page","link":"https:\/\/www.blackjackinfo.com\/es\/blackjackinfo-blackjack-strategy-trainer\/","title":{"rendered":"Entrenador de Estrategia de Blackjack"},"content":{"rendered":"<div class=\"wp-block-group container\"><div class=\"wp-block-group__inner-container is-layout-constrained wp-block-group-is-layout-constrained\">\n<p>Esta es la versi\u00f3n actualizada de la antigua estrategia de blackjack flash entrenador que fue creado por la leyenda de blackjack&nbsp;<a href=\"https:\/\/www.blackjackinfo.com\/about\/#who-is-ken-smith\">Ken Smith<\/a>. <\/p>\n\n\n\n<p>Si encuentra alg\u00fan error, por favor deje un <a href=\"#wpd-threads\">comentario<\/a> m\u00e1s abajo. Agradecemos enormemente sus comentarios. <strong>Haga clic en el bot\u00f3n de pantalla completa <img loading=\"lazy\" decoding=\"async\" src=\"https:\/\/www.blackjackinfo.com\/content\/plugins\/blackjack-strategy-trainer\/dist\/icons\/fullscreen-enter.svg\" alt=\"\" width=\"28\" height=\"28\" data-no-auto-translation=\"\" \/>&nbsp;(que se encuentra en la parte superior derecha del juego) para disfrutar de la mejor experiencia.<\/strong><\/p>\n\n\n\n<p class=\"bs-callout bs-callout-info\">El entrenador se ha actualizado para que sea m\u00e1s r\u00e1pido y m\u00e1s f\u00e1cil de usar desde el m\u00f3vil. Si prefiere la versi\u00f3n anterior, <a href=\"https:\/\/www.blackjackinfo.com\/blackjack-strategy-trainer-2\/\">pulse aqu\u00ed<\/a>.<\/p>\n<\/div><\/div>\n\n\n\n<div id=\"blackjack-trainer\"><div role=\"status\" aria-live=\"polite\" style=\"min-height:320px;display:flex;align-items:center;justify-content:center;padding:24px;background:#0f1a0d;color:#d4af37\"><span style=\"font-family:Inter,system-ui,sans-serif;font-size:16px;font-weight:600;letter-spacing:0.08em;text-transform:uppercase;text-align:center\">Cargando Blackjack Trainer...<\/span><\/div><\/div>\n\n\n\n<div class=\"wp-block-group container pT40\"><div class=\"wp-block-group__inner-container is-layout-constrained wp-block-group-is-layout-constrained\">\n<h2 class=\"wp-block-heading\">C\u00f3mo utilizar el Entrenador<\/h2>\n\n\n\n<p>Juega cada mano como lo har\u00edas normalmente. Despu\u00e9s de cada decisi\u00f3n, el entrenador te dice la <a href=\"https:\/\/www.blackjackinfo.com\/blackjack-basic-strategy-engine\/\">estrategia b\u00e1sica correcta<\/a> movimiento y te muestra d\u00f3nde te has equivocado si cometes un error.<\/p>\n\n\n\n<p>El gr\u00e1fico de estrategia integrado <img loading=\"lazy\" decoding=\"async\" src=\"https:\/\/www.blackjackinfo.com\/content\/plugins\/blackjack-strategy-trainer\/dist\/icons\/strategy-chart.svg\" alt=\"\" width=\"20\" height=\"20\" data-no-auto-translation=\"\" \/> le ofrece una referencia visual completa para manos duras, manos blandas y parejas. Si alguna vez quiere volver a comprobar una jugada, abra la tabla y compare la jugada correcta con la carta descubierta del crupier.<\/p>\n\n\n\n<p>El indicador de precisi\u00f3n <span class=\"bjt-inline-accuracy\" style=\"display:inline-flex;align-items:center;gap:0.2em;padding:0.2em 0.7em;border:1px solid rgba(15,23,42,0.12);border-radius:4px;background:#f8fafc;color:#475569;font-size:0.82em;font-weight:600;line-height:1.2;vertical-align:-0.12em;box-shadow:inset 0 1px 0 rgba(255,255,255,0.9);white-space:nowrap\"><span style=\"color:#4ade80\">18<\/span> \/ 22 - 82%<\/span> muestra la frecuencia con la que eliges el movimiento correcto. Haz clic en \u00e9l para abrir un desglose detallado de tus resultados, incluida tu precisi\u00f3n general, tu rendimiento por tipo de mano y los errores que cometes con m\u00e1s frecuencia.<\/p>\n\n\n\n<h3 class=\"wp-block-heading\">Por qu\u00e9 es importante la estrategia b\u00e1sica<\/h3>\n\n\n\n<p>La estrategia b\u00e1sica es la forma matem\u00e1ticamente correcta de jugar al blackjack bas\u00e1ndose en su mano y en la carta descubierta del crupier. No te garantiza ganar en todas las manos, pero reduce los errores costosos y te ofrece las mejores decisiones a largo plazo.<\/p>\n\n\n\n<p>La mayor\u00eda de los jugadores pierden dinero extra por pararse, golpear, dividir o doblar en los lugares equivocados. Practicar con comentarios en vivo ayuda a crear los h\u00e1bitos correctos mucho m\u00e1s r\u00e1pido.<\/p>\n\n\n\n<h3 class=\"wp-block-heading\">Lo que aprender\u00e1<\/h3>\n\n\n\n<p>Este entrenador te ayuda a mejorar en las partes m\u00e1s importantes de la estrategia del blackjack:<\/p>\n\n\n\n<ul class=\"wp-block-list\">\n<li>Totales duros<\/li>\n\n\n\n<li>Totales blandos<\/li>\n\n\n\n<li>Divisi\u00f3n en parejas<\/li>\n\n\n\n<li>Doblar las decisiones<\/li>\n\n\n\n<li>Decisiones de rendici\u00f3n<\/li>\n\n\n\n<li>Cambios de estrategia en funci\u00f3n de las normas<\/li>\n<\/ul>\n\n\n\n<h3 class=\"wp-block-heading\">Personalizar las normas<\/h3>\n\n\n\n<p>La estrategia del Blackjack cambia dependiendo del juego. Haga clic en el icono de configuraci\u00f3n en la parte superior izquierda para practicar con diferentes reglas, incluyendo:<\/p>\n\n\n\n<ul class=\"wp-block-list\">\n<li>N\u00famero de cubiertas (por defecto 6)<\/li>\n\n\n\n<li>La banca acierta o se planta con un 17 blando (por defecto se planta)<\/li>\n\n\n\n<li>Restricciones para doblar (por defecto dos cartas cualesquiera)<\/li>\n\n\n\n<li>Doble despu\u00e9s de dividir - (por defecto Permitido)<\/li>\n\n\n\n<li>Disponibilidad de entrega (por defecto Ninguna)<\/li>\n\n\n\n<li>Reglas de peek del crupier (por defecto S\u00ed)<\/li>\n\n\n\n<li>Entrenador de estrategia (por defecto Activado)<\/li>\n<\/ul>\n\n\n\n<p>Eso significa que puedes entrenarte para las mesas espec\u00edficas en las que realmente juegas.<\/p>\n\n\n\n<h3 class=\"wp-block-heading\">Utilizar el gr\u00e1fico de estrategia y las estad\u00edsticas<\/h3>\n\n\n\n<p>La tabla de estrategia incorporada le ofrece una referencia visual completa para manos duras, manos blandas y parejas. Si quieres estudiar primero y jugar despu\u00e9s, funciona como una herramienta de consulta r\u00e1pida. Si prefieres aprender haciendo, puedes utilizarlo despu\u00e9s de un error para reforzar la jugada correcta.<\/p>\n\n\n\n<p>La vista de estad\u00edsticas realiza un seguimiento de tu precisi\u00f3n general y destaca los errores que cometes con m\u00e1s frecuencia, para que sepas exactamente en qu\u00e9 debes trabajar a continuaci\u00f3n. <\/p>\n\n\n\n<p>Si desea m\u00e1s informaci\u00f3n, visite <a href=\"http:\/\/localhost:8000\/blackjack-basic-strategy-engine\/\">p\u00e1gina de estrategia b\u00e1sica de blackjack<\/a>.<\/p>\n<\/div><\/div>","protected":false},"excerpt":{"rendered":"<p>This is the updated version of the old flash blackjack strategy trainer which was created by blackjack legend&nbsp;Ken Smith. If you find any bugs please leave a comment below! Your feedback is greatly appreciated. Click on the full screen button &nbsp;(found at the top right of the game) for the best experience. The trainer has [&hellip;]<\/p>\n","protected":false},"author":4,"featured_media":0,"parent":0,"menu_order":0,"comment_status":"open","ping_status":"closed","template":"page-full-width.php","meta":{"_acf_changed":false,"footnotes":""},"tags":[],"class_list":["post-3173","page","type-page","status-publish","hentry"],"acf":[],"yoast_head":"<!-- This site is optimized with the Yoast SEO plugin v26.6 - https:\/\/yoast.com\/wordpress\/plugins\/seo\/ -->\n<title>Blackjack Strategy Trainer - Interactive Practice Tool<\/title>\n<meta name=\"description\" content=\"Learn how to play basic blackjack strategy with our interactive game. It will teach you basic strategy and warns if you make any mistakes.\" \/>\n<meta name=\"robots\" content=\"index, follow, max-snippet:-1, max-image-preview:large, max-video-preview:-1\" \/>\n<link rel=\"canonical\" href=\"https:\/\/www.blackjackinfo.com\/es\/blackjackinfo-entrenador-de-estrategia-de-blackjack\/\" \/>\n<meta property=\"og:locale\" content=\"es_ES\" \/>\n<meta property=\"og:type\" content=\"article\" \/>\n<meta property=\"og:title\" content=\"Blackjack Strategy Trainer - Interactive Practice Tool\" \/>\n<meta property=\"og:description\" content=\"Learn how to play basic blackjack strategy with our interactive game. It will teach you basic strategy and warns if you make any mistakes.\" \/>\n<meta property=\"og:url\" content=\"https:\/\/www.blackjackinfo.com\/es\/blackjackinfo-entrenador-de-estrategia-de-blackjack\/\" \/>\n<meta property=\"og:site_name\" content=\"BlackjackInfo.com\" \/>\n<meta property=\"article:modified_time\" content=\"2026-04-07T13:48:08+00:00\" \/>\n<script type=\"application\/ld+json\" class=\"yoast-schema-graph\">{\"@context\":\"https:\/\/schema.org\",\"@graph\":[{\"@type\":\"WebPage\",\"@id\":\"https:\/\/www.blackjackinfo.com\/blackjackinfo-blackjack-strategy-trainer\/\",\"url\":\"https:\/\/www.blackjackinfo.com\/blackjackinfo-blackjack-strategy-trainer\/\",\"name\":\"Blackjack Strategy Trainer - Interactive Practice Tool\",\"isPartOf\":{\"@id\":\"https:\/\/www.blackjackinfo.com\/#website\"},\"datePublished\":\"2017-10-08T09:23:35+00:00\",\"dateModified\":\"2026-04-07T13:48:08+00:00\",\"description\":\"Learn how to play basic blackjack strategy with our interactive game. It will teach you basic strategy and warns if you make any mistakes.\",\"breadcrumb\":{\"@id\":\"https:\/\/www.blackjackinfo.com\/blackjackinfo-blackjack-strategy-trainer\/#breadcrumb\"},\"inLanguage\":\"es\",\"potentialAction\":[{\"@type\":\"ReadAction\",\"target\":[\"https:\/\/www.blackjackinfo.com\/blackjackinfo-blackjack-strategy-trainer\/\"]}]},{\"@type\":\"BreadcrumbList\",\"@id\":\"https:\/\/www.blackjackinfo.com\/blackjackinfo-blackjack-strategy-trainer\/#breadcrumb\",\"itemListElement\":[{\"@type\":\"ListItem\",\"position\":1,\"name\":\"Home\",\"item\":\"https:\/\/www.blackjackinfo.com\/\"},{\"@type\":\"ListItem\",\"position\":2,\"name\":\"Blackjack Strategy Trainer\"}]},{\"@type\":\"WebSite\",\"@id\":\"https:\/\/www.blackjackinfo.com\/#website\",\"url\":\"https:\/\/www.blackjackinfo.com\/\",\"name\":\"BlackjackInfo.com\",\"description\":\"Because Winning is More Fun!\",\"potentialAction\":[{\"@type\":\"SearchAction\",\"target\":{\"@type\":\"EntryPoint\",\"urlTemplate\":\"https:\/\/www.blackjackinfo.com\/?s={search_term_string}\"},\"query-input\":{\"@type\":\"PropertyValueSpecification\",\"valueRequired\":true,\"valueName\":\"search_term_string\"}}],\"inLanguage\":\"es\"}]}<\/script>\n<!-- \/ Yoast SEO plugin. -->","yoast_head_json":{"title":"Blackjack Strategy Trainer - Herramienta de pr\u00e1ctica interactiva","description":"Aprende a jugar a la estrategia b\u00e1sica del blackjack con nuestro juego interactivo. Te ense\u00f1ar\u00e1 la estrategia b\u00e1sica y te avisar\u00e1 si cometes alg\u00fan error.","robots":{"index":"index","follow":"follow","max-snippet":"max-snippet:-1","max-image-preview":"max-image-preview:large","max-video-preview":"max-video-preview:-1"},"canonical":"https:\/\/www.blackjackinfo.com\/es\/blackjackinfo-entrenador-de-estrategia-de-blackjack\/","og_locale":"es_ES","og_type":"article","og_title":"Blackjack Strategy Trainer - Interactive Practice Tool","og_description":"Learn how to play basic blackjack strategy with our interactive game. It will teach you basic strategy and warns if you make any mistakes.","og_url":"https:\/\/www.blackjackinfo.com\/es\/blackjackinfo-entrenador-de-estrategia-de-blackjack\/","og_site_name":"BlackjackInfo.com","article_modified_time":"2026-04-07T13:48:08+00:00","schema":{"@context":"https:\/\/schema.org","@graph":[{"@type":"WebPage","@id":"https:\/\/www.blackjackinfo.com\/blackjackinfo-blackjack-strategy-trainer\/","url":"https:\/\/www.blackjackinfo.com\/blackjackinfo-blackjack-strategy-trainer\/","name":"Blackjack Strategy Trainer - Herramienta de pr\u00e1ctica interactiva","isPartOf":{"@id":"https:\/\/www.blackjackinfo.com\/#website"},"datePublished":"2017-10-08T09:23:35+00:00","dateModified":"2026-04-07T13:48:08+00:00","description":"Aprende a jugar a la estrategia b\u00e1sica del blackjack con nuestro juego interactivo. Te ense\u00f1ar\u00e1 la estrategia b\u00e1sica y te avisar\u00e1 si cometes alg\u00fan error.","breadcrumb":{"@id":"https:\/\/www.blackjackinfo.com\/blackjackinfo-blackjack-strategy-trainer\/#breadcrumb"},"inLanguage":"es","potentialAction":[{"@type":"ReadAction","target":["https:\/\/www.blackjackinfo.com\/blackjackinfo-blackjack-strategy-trainer\/"]}]},{"@type":"BreadcrumbList","@id":"https:\/\/www.blackjackinfo.com\/blackjackinfo-blackjack-strategy-trainer\/#breadcrumb","itemListElement":[{"@type":"ListItem","position":1,"name":"Home","item":"https:\/\/www.blackjackinfo.com\/"},{"@type":"ListItem","position":2,"name":"Blackjack Strategy Trainer"}]},{"@type":"WebSite","@id":"https:\/\/www.blackjackinfo.com\/#website","url":"https:\/\/www.blackjackinfo.com\/","name":"BlackjackInfo.com","description":"\u00a1Porque ganar es m\u00e1s divertido!","potentialAction":[{"@type":"SearchAction","target":{"@type":"EntryPoint","urlTemplate":"https:\/\/www.blackjackinfo.com\/?s={search_term_string}"},"query-input":{"@type":"PropertyValueSpecification","valueRequired":true,"valueName":"search_term_string"}}],"inLanguage":"es"}]}},"_links":{"self":[{"href":"https:\/\/www.blackjackinfo.com\/es\/wp-json\/wp\/v2\/pages\/3173","targetHints":{"allow":["GET"]}}],"collection":[{"href":"https:\/\/www.blackjackinfo.com\/es\/wp-json\/wp\/v2\/pages"}],"about":[{"href":"https:\/\/www.blackjackinfo.com\/es\/wp-json\/wp\/v2\/types\/page"}],"author":[{"embeddable":true,"href":"https:\/\/www.blackjackinfo.com\/es\/wp-json\/wp\/v2\/users\/4"}],"replies":[{"embeddable":true,"href":"https:\/\/www.blackjackinfo.com\/es\/wp-json\/wp\/v2\/comments?post=3173"}],"version-history":[{"count":36,"href":"https:\/\/www.blackjackinfo.com\/es\/wp-json\/wp\/v2\/pages\/3173\/revisions"}],"predecessor-version":[{"id":10446,"href":"https:\/\/www.blackjackinfo.com\/es\/wp-json\/wp\/v2\/pages\/3173\/revisions\/10446"}],"wp:attachment":[{"href":"https:\/\/www.blackjackinfo.com\/es\/wp-json\/wp\/v2\/media?parent=3173"}],"wp:term":[{"taxonomy":"post_tag","embeddable":true,"href":"https:\/\/www.blackjackinfo.com\/es\/wp-json\/wp\/v2\/tags?post=3173"}],"curies":[{"name":"wp","href":"https:\/\/api.w.org\/{rel}","templated":true}]}}