{"id":383,"date":"2013-12-30T17:57:36","date_gmt":"2013-12-30T23:57:36","guid":{"rendered":"http:\/\/www.blackjackinfo.com\/blog\/?page_id=383"},"modified":"2018-06-22T02:37:25","modified_gmt":"2018-06-22T07:37:25","slug":"juego-con-ventaja","status":"publish","type":"page","link":"https:\/\/www.blackjackinfo.com\/es\/gambling-with-an-edge\/","title":{"rendered":"Juego con ventaja"},"content":{"rendered":"<p><img loading=\"lazy\" decoding=\"async\" class=\"alignright\" alt=\"Gambling with an Edge\" src=\"\/img\/gwae.jpg\" width=\"170\" height=\"170\" data-no-auto-translation=\"\" \/>Bienvenidos, oyentes del programa de radio y podcast Gambling with an Edge. \u00a1Gracias por visitar BlackjackInfo.com!<\/p>\n<p>Yo soy <a title=\"Acerca de Ken Smith\" href=\"\/ken-smith\/\">Ken Smith<\/a>y fui invitada al programa el 2 de enero de 2014.  Habl\u00e9 con los presentadores <a title=\"Sitio de Bob Dancer\" href=\"http:\/\/www.bobdancer.com\">Bob Dancer<\/a> y <a title=\"Sitio de Richard Munchkin\" href=\"http:\/\/www.richardmunchkin.com\">Richard Munchkin<\/a> sobre torneos de blackjack, mis nuevas cartas de estrategia y el juego online en Nueva Jersey y Delaware.<\/p>\n<p>Si se lo perdi\u00f3, aqu\u00ed tiene un enlace a un archivo MP3 del programa.  Haga clic para escucharlo o haga clic con el bot\u00f3n derecho para descargarlo:<\/p>\n<p><a title=\"Apostar con ventaja, con Ken Smith\" href=\"\/files\/Gambling-With-An-Edge-Guest-Ken-Smith.mp3\">Apostar con ventaja, con Ken Smith como invitado<\/a> (formato MP3, 55 minutos)<\/p>\n<p>Si a\u00fan no conoce este programa de radio, le recomiendo encarecidamente que lo vea.  Puede consultar los episodios anteriores en <a href=\"http:\/\/www.richardmunchkin.com\">Blog de Richard Munchkin<\/a>o, si es usuario de iTunes, puede <a href=\"https:\/\/itunes.apple.com\/us\/podcast\/gambling-with-an-edge\/id459476611?mt=2&#038;uo=4&#038;at=11lbew\">suscr\u00edbase al podcast en iTunes<\/a>.<\/p>\n<p>Los detalles de los temas que discutimos se enumeran a continuaci\u00f3n.  Adem\u00e1s, aseg\u00farese de desplazarse hacia abajo a un art\u00edculo que escrib\u00ed s\u00f3lo para los oyentes del programa, explicando un simple cambio que puede hacer en 2014 que podr\u00eda valer cientos de d\u00f3lares.<\/p>\n<div class=\"clearfix\">\n<h3 style=\"text-align: center;\">Torneos de Blackjack<\/h3>\n<p><a href=\"https:\/\/www.blackjacktournaments.com\/\"><img loading=\"lazy\" decoding=\"async\" class=\"alignleft size-full wp-image-401\" alt=\"BlackjackTournaments.com\" src=\"\/files\/BlackjackTournaments-285x190.png\" width=\"285\" height=\"190\" data-no-auto-translation=\"\" \/><\/a>La mejor fuente de informaci\u00f3n sobre torneos de juegos de mesa es\u00a0<a title=\"BlackjackTournaments.com\" href=\"https:\/\/www.blackjacktournaments.com\">BlackjackTournaments.com<\/a>.  El sitio contiene una lista de los pr\u00f3ximos eventos y una comunidad de jugadores de gran talento que debaten sobre el juego.\n<\/div>\n<div class=\"clearfix\">\n<h3 style=\"text-align: center\">Mis libros electr\u00f3nicos sobre estrategia en torneos de blackjack<\/h3>\n<p><a href=\"http:\/\/deepnettech.com\/estore\/index.php?main_page=product_info&amp;products_id=59\"><img loading=\"lazy\" decoding=\"async\" class=\"alignleft  wp-image-393\" alt=\"How To Win More Blackjack Tournaments\" src=\"\/files\/HowToWinMoreBlackjackTournaments.jpg\" width=\"175\" height=\"265\" data-no-auto-translation=\"\" \/><\/a><strong>C\u00f3mo ganar m\u00e1s torneos de blackjack<\/strong><\/p>\n<p>El volumen I de mi par de libros incluye material \u00fatil para una amplia gama de expertos en torneos, desde principiantes hasta experimentados.<\/p>\n<p>El libro est\u00e1 en formato PDF y se enviar\u00e1 inmediatamente por correo electr\u00f3nico.<\/p>\n<p>Compre el libro en el sitio web de mi editorial: <a title=\"C\u00f3mo ganar m\u00e1s torneos de blackjack\" href=\"http:\/\/deepnettech.com\/estore\/index.php?main_page=product_info&amp;products_id=59\">Compre el Volumen I aqu\u00ed<\/a>.\n<\/div>\n<div class=\"clearfix\">\n<a href=\"http:\/\/deepnettech.com\/estore\/index.php?main_page=product_info&amp;cPath=2&amp;products_id=84\"><img loading=\"lazy\" decoding=\"async\" class=\"alignleft  wp-image-392\" alt=\"How To Win Even More Blackjack Tournaments - Volume II\" src=\"\/files\/HowToWinEvenMoreBlackjackTournaments.jpg\" width=\"160\" height=\"245\" data-no-auto-translation=\"\" \/><\/a><strong>C\u00f3mo ganar a\u00fan m\u00e1s torneos de blackjack<\/strong><\/p>\n<p>El volumen II incluye m\u00e1s consejos para torneos, tambi\u00e9n apropiados para todos los niveles.<\/p>\n<p>Especialmente valiosos son los debates sobre los torneos que utilizan un formato de acumulaci\u00f3n.<\/p>\n<p>Est\u00e1 disponible en formato PDF y se env\u00eda inmediatamente por correo electr\u00f3nico.<\/p>\n<p>Compre el libro en el sitio web de mi editorial: <a title=\"C\u00f3mo ganar a\u00fan m\u00e1s torneos de blackjack - Volumen II\" href=\"http:\/\/deepnettech.com\/estore\/index.php?main_page=product_info&amp;cPath=2&amp;products_id=84\">Compre el Volumen II aqu\u00ed<\/a>u obtener un <a title=\"Paquete de ambos libros electr\u00f3nicos\" href=\"http:\/\/deepnettech.com\/estore\/index.php?main_page=product_info&amp;cPath=2&amp;products_id=85\">lote de ambos libros<\/a> a un precio especial.\n<\/div>\n<div class=\"clearfix\">\n<a href=\"http:\/\/www.amazon.com\/dp\/0935926224\/?tag=theblackjacbasic\"><img loading=\"lazy\" decoding=\"async\" class=\"alignleft size-full wp-image-406\" alt=\"Casino Tournament Strategy\" src=\"\/files\/CTS-Small.jpg\" width=\"100\" height=\"151\" data-no-auto-translation=\"\" \/><\/a>Tambi\u00e9n recomiendo el trabajo original en profundidad sobre el juego de torneo de Stanford Wong. Debe estar en la estanter\u00eda de cualquier jugador de torneos serio.<\/p>\n<p>Puede conseguirlo en <a title=\"Estrategia de torneos de casino, en Amazon\" href=\"http:\/\/www.amazon.com\/dp\/0935926224\/?tag=theblackjacbasic\">Amazon<\/a>.\n<\/div>\n<div class=\"clearfix\">\n<h2 style=\"text-align: center;\">Tarjetas de estrategia<\/h2>\n<p><a href=\"\/card\/advanced-strategy-card-instructions\/\"><img loading=\"lazy\" decoding=\"async\" class=\"alignleft size-full wp-image-412\" alt=\"Blackjack Advanced Strategy Cards\" src=\"\/files\/blackjack-advanced-strategy-cards-cover-100x152.jpg\" width=\"100\" height=\"152\" data-no-auto-translation=\"\" \/><\/a>Mi <a title=\"Cartas de estrategia avanzada\" href=\"\/card\/advanced-strategy-cards.php\">Cartas de estrategia avanzada para Blackjack<\/a> incluyen n\u00fameros \u00edndice de conteo de cartas para el popular sistema Hi-Lo, adem\u00e1s de la estrategia b\u00e1sica habitual.  El juego de doce cartas incluye todos los n\u00fameros \u00edndice de -5 a +5.  Consulte la p\u00e1gina de detalles para obtener m\u00e1s informaci\u00f3n.\n<\/div>\n<div class=\"clearfix\">\n<a href=\"\/card\/basic-strategy-card-instructions\/\"><img loading=\"lazy\" decoding=\"async\" class=\"alignleft size-thumbnail wp-image-416\" alt=\"Set of Six Blackjack Strategy Cards\" src=\"\/files\/SixCards-300x198-150x150.png\" width=\"150\" height=\"150\" data-no-auto-translation=\"\" \/><\/a>En busca de <a title=\"Cartas de estrategia b\u00e1sica\" href=\"\/card\/basic-strategy-cards.php\">blackjack regular cartas de estrategia b\u00e1sica<\/a>?  Yo tambi\u00e9n las tengo, en un juego de seis cartas, o cartas individuales para varias reglas.<\/p>\n<p>Si s\u00f3lo desea un gr\u00e1fico de estrategia precisa de forma gratuita, ver mi <a title=\"Motor de Estrategia B\u00e1sica del Blackjack\" href=\"\/blackjack-basic-strategy-engine\/\">Motor de Estrategia B\u00e1sica del Blackjack<\/a>.\n<\/div>\n<div class=\"clearfix\">\n<h2 style=\"text-align: center;\">Juego en l\u00ednea en Nueva Jersey y Delaware<\/h2>\n<p>Si vive en Nueva Jersey o Delaware, estos nuevos sitios m\u00edos le interesar\u00e1n.<\/p>\n<ul>\n<li><a title=\"Casinos en l\u00ednea de Nueva Jersey\" href=\"http:\/\/www.new-jersey-online-casinos.com\/\">New-Jersey-Online-Casinos.com<\/a><\/li>\n<li><a title=\"Casinos en l\u00ednea de Delaware\" href=\"http:\/\/www.delaware-online-casinos.com\/\">Delaware-Online-Casinos.com<\/a><\/li>\n<\/ul>\n<\/div>\n<div class=\"clearfix\">\nY ahora un art\u00edculo extra, con un consejo para ganar dinero extra el a\u00f1o que viene...<\/p>\n<h2 style=\"text-align: center;\">Un cambio sencillo para mejorar sus resultados en el casino<\/h2>\n<p>En el entorno actual de los casinos, conocer la mejor estrategia para los juegos es s\u00f3lo una parte del rompecabezas.  Tanto para los jugadores de m\u00e1quinas como para los de juegos de mesa, los cupones y el correo de marketing pueden ofrecer un impulso sustancial a su cuenta de resultados.  Para maximizar su marketing por correo, debe comprender c\u00f3mo funciona el sistema de marketing de los casinos.<\/p>\n<p>Incluso los jugadores experimentados asumen a menudo que el valor de su correo de marketing se basa en el importe total de su juego.  Esto casi nunca es cierto.  La mayor\u00eda de los casinos utilizan alguna forma de la \"media diaria te\u00f3rica\" o \"ADT\" para decidir lo valioso que es usted como jugador.  La \"p\u00e9rdida te\u00f3rica\" o \"teo\" es la cantidad que el casino espera ganar de usted en funci\u00f3n de los juegos a los que juegue, la cantidad que apues y el tiempo que juegues.  Esto probablemente le resulte familiar.  La parte cr\u00edtica que muchos jugadores no entienden es c\u00f3mo se promedia ese valor entre todos los d\u00edas que usted visita.<\/p>\n<p>Imaginemos un jugador que visita un casino un solo d\u00eda al mes y juega lo suficiente como para generar una p\u00e9rdida te\u00f3rica de $1000.  A continuaci\u00f3n, imagine a otro jugador que visita el mismo casino 10 d\u00edas distintos de ese mes y genera una p\u00e9rdida te\u00f3rica total de $4000.  Se podr\u00eda pensar que el segundo jugador obtendr\u00eda mejores ofertas de correo, porque tiene el potencial de perder cuatro veces m\u00e1s en un mes.  Pero el primer jugador obtendr\u00e1 ofertas m\u00e1s generosas de juego gratis o match play, porque su ADT es de $1000 comparado con el ADT de $400 del segundo jugador.<\/p>\n<p>El correo de marketing del casino se basa en la idea de \"\u00bfCu\u00e1nto podr\u00eda perder este cliente el d\u00eda que le atraigamos de nuevo con una oferta de cup\u00f3n?\".  Si reparte su juego en varios d\u00edas diferentes, va a recibir ofertas menores que alguien cuya acci\u00f3n se concentre en menos d\u00edas.<\/p>\n<p>Entender mal este concepto conduce a una serie de errores.  He aqu\u00ed uno com\u00fan... Si visita un casino durante una noche, puede sentirse tentado a levantarse y jugar un poco m\u00e1s antes de salir del hotel.  Pero lo que ese juego abreviado est\u00e1 haciendo en realidad es dividir su te\u00f3rico por dos, ya que ahora tiene dos d\u00edas de juego.<\/p>\n<p>El consejo sencillo que puede mejorar su correo de marketing es este...\u00a0 <strong>No juegue el d\u00eda de la salida, a menos que tenga previsto jugar todo el d\u00eda.  De hecho, intenta no jugar nunca en un d\u00eda en el que no tengas previsto jugar mucho.<\/strong>\u00a0 Las ofertas de juego gratis y match play que consigas deber\u00edan ser notablemente mayores despu\u00e9s de unos meses gestionando mejor tu media diaria.\n<\/div>\n<h2 style=\"text-align: center;\">Mantente conectado<\/h2>\n<p>Si quieres estar al d\u00eda de mis muchos proyectos de estos d\u00edas, aqu\u00ed tienes dos buenas maneras...<\/p>\n<p>Suscr\u00edbase gratuitamente a <a title=\"Bolet\u00edn BlackjackInfo\" href=\"\/cgi-bin\/dada\/mail.cgi\">Bolet\u00edn electr\u00f3nico BlackjackInfo<\/a>o <a title=\"BlackjackInfo Twitter\" href=\"http:\/\/twitter.com\/BlackjackInfo\">s\u00edgame en Twitter<\/a>.<\/p>\n<p>Mientras tanto, puede visitar la <a title=\"BlackjackInfo.com\" href=\"\/\">P\u00e1gina principal de BlackjackInfo<\/a>o pruebe nuestro <a title=\"Entrenador de Estrategia de Blackjack\" href=\"\/blackjack-strategy-trainer\/\">Entrenador de Estrategia de Blackjack<\/a>.<\/p>","protected":false},"excerpt":{"rendered":"<p>Welcome, listeners from the Gambling with an Edge radio show and podcast. Thanks for visiting BlackjackInfo.com! I&#8217;m Ken Smith, and I was a guest on the show on January 2nd, 2014.\u00a0 I spoke with hosts Bob Dancer and Richard Munchkin about blackjack tournaments, my new strategy cards, and online gambling in New Jersey and Delaware. [&hellip;]<\/p>\n","protected":false},"author":2,"featured_media":0,"parent":0,"menu_order":0,"comment_status":"open","ping_status":"closed","template":"","meta":{"_acf_changed":false,"footnotes":""},"tags":[],"class_list":["post-383","page","type-page","status-publish","hentry"],"acf":[],"yoast_head":"<!-- This site is optimized with the Yoast SEO plugin v26.6 - https:\/\/yoast.com\/wordpress\/plugins\/seo\/ -->\n<title>Gambling With An Edge<\/title>\n<meta name=\"description\" content=\"Ken Smith appeared as a guest on the Gambling With an Edge radio broadcast with hosts Richard Munchkin and Bob Dancer. See the details or listen here.\" \/>\n<meta name=\"robots\" content=\"index, follow, max-snippet:-1, max-image-preview:large, max-video-preview:-1\" \/>\n<link rel=\"canonical\" href=\"https:\/\/www.blackjackinfo.com\/es\/juego-con-ventaja\/\" \/>\n<meta property=\"og:locale\" content=\"es_ES\" \/>\n<meta property=\"og:type\" content=\"article\" \/>\n<meta property=\"og:title\" content=\"Gambling With An Edge\" \/>\n<meta property=\"og:description\" content=\"Ken Smith appeared as a guest on the Gambling With an Edge radio broadcast with hosts Richard Munchkin and Bob Dancer. See the details or listen here.\" \/>\n<meta property=\"og:url\" content=\"https:\/\/www.blackjackinfo.com\/es\/juego-con-ventaja\/\" \/>\n<meta property=\"og:site_name\" content=\"BlackjackInfo.com\" \/>\n<meta property=\"article:modified_time\" content=\"2018-06-22T07:37:25+00:00\" \/>\n<meta name=\"twitter:label1\" content=\"Tiempo de lectura\" \/>\n\t<meta name=\"twitter:data1\" content=\"5 minutos\" \/>\n<script type=\"application\/ld+json\" class=\"yoast-schema-graph\">{\"@context\":\"https:\/\/schema.org\",\"@graph\":[{\"@type\":\"WebPage\",\"@id\":\"https:\/\/www.blackjackinfo.com\/gambling-with-an-edge\/\",\"url\":\"https:\/\/www.blackjackinfo.com\/gambling-with-an-edge\/\",\"name\":\"Gambling With An Edge\",\"isPartOf\":{\"@id\":\"https:\/\/www.blackjackinfo.com\/#website\"},\"datePublished\":\"2013-12-30T23:57:36+00:00\",\"dateModified\":\"2018-06-22T07:37:25+00:00\",\"description\":\"Ken Smith appeared as a guest on the Gambling With an Edge radio broadcast with hosts Richard Munchkin and Bob Dancer. See the details or listen here.\",\"breadcrumb\":{\"@id\":\"https:\/\/www.blackjackinfo.com\/gambling-with-an-edge\/#breadcrumb\"},\"inLanguage\":\"es\",\"potentialAction\":[{\"@type\":\"ReadAction\",\"target\":[\"https:\/\/www.blackjackinfo.com\/gambling-with-an-edge\/\"]}]},{\"@type\":\"BreadcrumbList\",\"@id\":\"https:\/\/www.blackjackinfo.com\/gambling-with-an-edge\/#breadcrumb\",\"itemListElement\":[{\"@type\":\"ListItem\",\"position\":1,\"name\":\"Home\",\"item\":\"https:\/\/www.blackjackinfo.com\/\"},{\"@type\":\"ListItem\",\"position\":2,\"name\":\"Gambling With An Edge\"}]},{\"@type\":\"WebSite\",\"@id\":\"https:\/\/www.blackjackinfo.com\/#website\",\"url\":\"https:\/\/www.blackjackinfo.com\/\",\"name\":\"BlackjackInfo.com\",\"description\":\"Because Winning is More Fun!\",\"potentialAction\":[{\"@type\":\"SearchAction\",\"target\":{\"@type\":\"EntryPoint\",\"urlTemplate\":\"https:\/\/www.blackjackinfo.com\/?s={search_term_string}\"},\"query-input\":{\"@type\":\"PropertyValueSpecification\",\"valueRequired\":true,\"valueName\":\"search_term_string\"}}],\"inLanguage\":\"es\"}]}<\/script>\n<!-- \/ Yoast SEO plugin. -->","yoast_head_json":{"title":"Juego con ventaja","description":"Ken Smith apareci\u00f3 como invitado en la emisi\u00f3n de radio Gambling With an Edge con los presentadores Richard Munchkin y Bob Dancer. Vea los detalles o escuche aqu\u00ed.","robots":{"index":"index","follow":"follow","max-snippet":"max-snippet:-1","max-image-preview":"max-image-preview:large","max-video-preview":"max-video-preview:-1"},"canonical":"https:\/\/www.blackjackinfo.com\/es\/juego-con-ventaja\/","og_locale":"es_ES","og_type":"article","og_title":"Gambling With An Edge","og_description":"Ken Smith appeared as a guest on the Gambling With an Edge radio broadcast with hosts Richard Munchkin and Bob Dancer. See the details or listen here.","og_url":"https:\/\/www.blackjackinfo.com\/es\/juego-con-ventaja\/","og_site_name":"BlackjackInfo.com","article_modified_time":"2018-06-22T07:37:25+00:00","twitter_misc":{"Tiempo de lectura":"5 minutos"},"schema":{"@context":"https:\/\/schema.org","@graph":[{"@type":"WebPage","@id":"https:\/\/www.blackjackinfo.com\/gambling-with-an-edge\/","url":"https:\/\/www.blackjackinfo.com\/gambling-with-an-edge\/","name":"Juego con ventaja","isPartOf":{"@id":"https:\/\/www.blackjackinfo.com\/#website"},"datePublished":"2013-12-30T23:57:36+00:00","dateModified":"2018-06-22T07:37:25+00:00","description":"Ken Smith apareci\u00f3 como invitado en la emisi\u00f3n de radio Gambling With an Edge con los presentadores Richard Munchkin y Bob Dancer. Vea los detalles o escuche aqu\u00ed.","breadcrumb":{"@id":"https:\/\/www.blackjackinfo.com\/gambling-with-an-edge\/#breadcrumb"},"inLanguage":"es","potentialAction":[{"@type":"ReadAction","target":["https:\/\/www.blackjackinfo.com\/gambling-with-an-edge\/"]}]},{"@type":"BreadcrumbList","@id":"https:\/\/www.blackjackinfo.com\/gambling-with-an-edge\/#breadcrumb","itemListElement":[{"@type":"ListItem","position":1,"name":"Home","item":"https:\/\/www.blackjackinfo.com\/"},{"@type":"ListItem","position":2,"name":"Gambling With An Edge"}]},{"@type":"WebSite","@id":"https:\/\/www.blackjackinfo.com\/#website","url":"https:\/\/www.blackjackinfo.com\/","name":"BlackjackInfo.com","description":"\u00a1Porque ganar es m\u00e1s divertido!","potentialAction":[{"@type":"SearchAction","target":{"@type":"EntryPoint","urlTemplate":"https:\/\/www.blackjackinfo.com\/?s={search_term_string}"},"query-input":{"@type":"PropertyValueSpecification","valueRequired":true,"valueName":"search_term_string"}}],"inLanguage":"es"}]}},"_links":{"self":[{"href":"https:\/\/www.blackjackinfo.com\/es\/wp-json\/wp\/v2\/pages\/383","targetHints":{"allow":["GET"]}}],"collection":[{"href":"https:\/\/www.blackjackinfo.com\/es\/wp-json\/wp\/v2\/pages"}],"about":[{"href":"https:\/\/www.blackjackinfo.com\/es\/wp-json\/wp\/v2\/types\/page"}],"author":[{"embeddable":true,"href":"https:\/\/www.blackjackinfo.com\/es\/wp-json\/wp\/v2\/users\/2"}],"replies":[{"embeddable":true,"href":"https:\/\/www.blackjackinfo.com\/es\/wp-json\/wp\/v2\/comments?post=383"}],"version-history":[{"count":70,"href":"https:\/\/www.blackjackinfo.com\/es\/wp-json\/wp\/v2\/pages\/383\/revisions"}],"predecessor-version":[{"id":2241,"href":"https:\/\/www.blackjackinfo.com\/es\/wp-json\/wp\/v2\/pages\/383\/revisions\/2241"}],"wp:attachment":[{"href":"https:\/\/www.blackjackinfo.com\/es\/wp-json\/wp\/v2\/media?parent=383"}],"wp:term":[{"taxonomy":"post_tag","embeddable":true,"href":"https:\/\/www.blackjackinfo.com\/es\/wp-json\/wp\/v2\/tags?post=383"}],"curies":[{"name":"wp","href":"https:\/\/api.w.org\/{rel}","templated":true}]}}