{"id":4273,"date":"2018-07-27T19:38:54","date_gmt":"2018-07-28T00:38:54","guid":{"rendered":"https:\/\/www.blackjackinfo.com\/?page_id=4273"},"modified":"2018-11-02T01:52:14","modified_gmt":"2018-11-02T06:52:14","slug":"es-legal-jugar-al-blackjack-online-en-canada","status":"publish","type":"page","link":"https:\/\/www.blackjackinfo.com\/es\/online-blackjack\/is-it-legal-to-play-online-blackjack-in-canada\/","title":{"rendered":"\u00bfEs legal jugar al blackjack en l\u00ednea en Canad\u00e1?"},"content":{"rendered":"<h2><strong>Legalidad de los casinos en Canad\u00e1 - Situaci\u00f3n actual<\/strong><\/h2>\n<p><img loading=\"lazy\" decoding=\"async\" class=\"alignright size-medium wp-image-4696\" src=\"\/files\/is_it_legal_to_play_online_blackjack_in_canada-300x214.png\" alt=\"is_it_legal_to_play_online_blackjack_in_canada\" width=\"300\" height=\"214\" srcset=\"https:\/\/www.blackjackinfo.com\/files\/is_it_legal_to_play_online_blackjack_in_canada-300x214.png 300w, https:\/\/www.blackjackinfo.com\/files\/is_it_legal_to_play_online_blackjack_in_canada.png 350w\" sizes=\"auto, (max-width: 300px) 100vw, 300px\" data-no-auto-translation=\"\" \/>Canad\u00e1 est\u00e1 dividido en tres territorios y 10 provincias. A cada una de estas provincias se le ha encomendado la importante responsabilidad de supervisar los juegos de azar dentro de sus fronteras, tanto a nivel nacional como internacional. <a href=\"https:\/\/www.worldcasinodirectory.com\/canada\">en tierra<\/a> y <a href=\"https:\/\/www.blackjackinfo.com\/online-blackjack\/#recommended-casinos\" target=\"_blank\" rel=\"noopener\">casinos en l\u00ednea<\/a> corresponde a la jurisdicci\u00f3n local.<\/p>\n<p>Corresponde a los gobiernos provinciales decidir qu\u00e9 tipo de juego debe ser legal en su jurisdicci\u00f3n. <strong>Hasta ahora se ha legalizado la mayor parte del juego en tierra.<\/strong>; los casinos de bingo y otros casinos se clasifican bajo la autoridad estatal, mientras que las carreras de caballos suelen ser revisadas por los gobiernos federales.<\/p>\n<p>Los distintos casinos que ofrecen servicios de juego en diferentes provincias necesitan obtener permisos del gobierno provincial para operar. Los permisos son b\u00e1sicamente leyes aprobadas por los legisladores con el fin de proteger a los jugadores canadienses obligando a todos los casinos a registrarse. <strong>Esto significa que tienen que cumplir las leyes de equidad y transparencia o enfrentarse a las repercusiones.<\/strong><\/p>\n<h2><strong>\u00bfEs legal el blackjack en l\u00ednea?<\/strong><\/h2>\n<p><img loading=\"lazy\" decoding=\"async\" class=\"alignright size-medium wp-image-4698\" src=\"\/files\/is_online_blackjack_legal-300x214.png\" alt=\"is_online_blackjack_legal\" width=\"300\" height=\"214\" srcset=\"https:\/\/www.blackjackinfo.com\/files\/is_online_blackjack_legal-300x214.png 300w, https:\/\/www.blackjackinfo.com\/files\/is_online_blackjack_legal.png 350w\" sizes=\"auto, (max-width: 300px) 100vw, 300px\" data-no-auto-translation=\"\" \/>Como jugador canadiense, te alegrar\u00e1 saber que <strong>no puede ser procesado por jugar al blackjack en l\u00ednea porque es legal<\/strong>. Los casinos extraterritoriales tambi\u00e9n son inmunes a la persecuci\u00f3n, pero los que est\u00e1n situados en cualquiera de las provincias canadienses sin tener licencia pueden ser perseguidos y en el pasado lo han sido.<\/p>\n<p>La mayor\u00eda de las provincias, como <a href=\"https:\/\/www.olg.ca\/about\/index.jsp\" target=\"_blank\" rel=\"noopener\">Ontario<\/a>, <a href=\"https:\/\/lotoquebec.com\/portail\/en\" target=\"_blank\" rel=\"noopener\">Quebec<\/a>, <a href=\"https:\/\/lgamanitoba.ca\/\" target=\"_blank\" rel=\"noopener\">Manitoba<\/a> y <a href=\"https:\/\/www.bclc.com\/\" target=\"_blank\" rel=\"noopener\">Columbia Brit\u00e1nica<\/a> han legalizado la mayor\u00eda de las formas de juego. Sin embargo, las leyes canadienses sobre el juego s\u00f3lo permiten a los casinos en l\u00ednea ofrecer sus servicios a jugadores de diferentes provincias, pero s\u00f3lo en los casos en que exista un acuerdo interprovincial entre las dos provincias. Por otro lado, los casinos en l\u00ednea offshore no pueden ser perseguidos siempre que tengan una licencia v\u00e1lida para ofrecer a los jugadores canadienses los servicios de casino en l\u00ednea.<\/p>\n<p>De hecho, en la historia de los casinos en l\u00ednea canadienses, s\u00f3lo ha habido una empresa que haya sido procesada en virtud de las leyes canadienses sobre casinos. Se trata de Starnet, una empresa registrada en el Caribe '<em>ilegalmente<\/em>' ten\u00eda una de sus oficinas en Vancouver.\u00a0 <a href=\"https:\/\/www.theglobeandmail.com\/news\/national\/internet-gambling-firm-charged-100000\/article25445706\/\" target=\"_blank\" rel=\"noopener\">Posteriormente se les impuso una multa de 100.000 PTT y la obligaci\u00f3n de pagar 6.000.000 PTT a la provincia de Columbia Brit\u00e1nica.<\/a>.<\/p>\n<p>Seg\u00fan <a href=\"http:\/\/laws-lois.justice.gc.ca\/eng\/acts\/C-46\/page-46.html#docCont\" target=\"_blank\" rel=\"noopener\">Art\u00edculo 202(1)(d)<\/a> del C\u00f3digo Penal canadiense, <em>es un delito registrar o inscribir apuestas o vender una quiniela.22 Si una operaci\u00f3n de juego en l\u00ednea tiene sus servidores de bases de datos que registran y inscriben las apuestas situados en Canad\u00e1, esto podr\u00eda contravenir esta Secci\u00f3n del C\u00f3digo<\/em>.<\/p>\n<p>Como tal, la base de datos y los servidores de Starnet se encontraban fuera de Canad\u00e1, que adem\u00e1s grababa y apostaba desde fuera del pa\u00eds, pero la justicia consider\u00f3 que hab\u00eda muchos otros v\u00ednculos que vinculaban a la empresa con operaciones en Canad\u00e1 y, por tanto, le exigi\u00f3 que adquiriera una licencia si quer\u00eda mantener abierta su oficina canadiense.<\/p>\n<h2><strong>Canad\u00e1 no aprueba una ley que permita las apuestas deportivas simples<\/strong><\/h2>\n<p><img loading=\"lazy\" decoding=\"async\" class=\"alignright size-medium wp-image-4700\" src=\"\/files\/canada_fail_to_pass_a_law_allowing_single_sports_bets-300x214.png\" alt=\"canada_fail_to_pass_a_law_allowing_single_sports_bets\" width=\"300\" height=\"214\" srcset=\"https:\/\/www.blackjackinfo.com\/files\/canada_fail_to_pass_a_law_allowing_single_sports_bets-300x214.png 300w, https:\/\/www.blackjackinfo.com\/files\/canada_fail_to_pass_a_law_allowing_single_sports_bets.png 350w\" sizes=\"auto, (max-width: 300px) 100vw, 300px\" data-no-auto-translation=\"\" \/>En <a href=\"https:\/\/www.cbc.ca\/news\/canada\/windsor\/single-sports-betting-quashed-1.3773417\" target=\"_blank\" rel=\"noopener\">Septiembre de 2016<\/a>A los aficionados canadienses a las apuestas deportivas se les rompi\u00f3 el coraz\u00f3n despu\u00e9s de que el Gobierno declarara que no iba a aprobar la ley de apuestas deportivas. <a href=\"https:\/\/openparliament.ca\/bills\/42-1\/C-221\/\" target=\"_blank\" rel=\"noopener\">C-221 Ley de apuestas deportivas seguras y reguladas<\/a> que fue aprobada por Brian Masse, el diputado por Windsor Oeste.<\/p>\n<p>Al igual que Estados Unidos, Canad\u00e1 tiene leyes muy estrictas que regulan el juego en l\u00ednea, las apuestas deportivas y los casinos. Sin embargo, apostar en deportes puede ser un poco dif\u00edcil porque los apostantes tienen que hacer apuestas acumuladas, en lugar de apuestas simples. Las leyes vigentes, recogidas en el C\u00f3digo Penal, implican que todas las casas de apuestas canadienses s\u00f3lo pueden ofrecer apuestas combinadas, que incluyen apuestas m\u00faltiples.<\/p>\n<p>El proyecto de ley de Brian Masse pretend\u00eda derogarlo y legalizar todas las apuestas deportivas simples, de modo que los canadienses pudieran hacer apuestas simples en lugar de apuestas acumuladas.<\/p>\n<p>As\u00ed, mientras que el<strong> Las casas de apuestas canadienses s\u00f3lo est\u00e1n autorizadas a ofrecer apuestas combinadas en acontecimientos deportivos. Las que est\u00e1n situadas en el extranjero no se ven afectadas por estas normas.<\/strong>. Tal vez por ello, la mayor\u00eda de los canadienses optan por las casas de apuestas internacionales, ya que es mucho m\u00e1s f\u00e1cil apostar con ellas y obtener mejores cuotas. Tambi\u00e9n pueden realizar apuestas acumuladas sin infringir la ley.<\/p>\n<p>Cabe se\u00f1alar que no es la primera vez que el proyecto de ley se presenta en el Parlamento. En 2012, el <a href=\"https:\/\/sencanada.ca\/en\/Content\/Sen\/Committee\/411\/LCJC\/23ev-49738-e\" target=\"_blank\" rel=\"noopener\">C-290 Ley de apuestas deportivas seguras y reguladas<\/a> consigui\u00f3 ser aprobada en la C\u00e1mara de los Comunes, pero fue rechazada en el Senado. Y gracias al funcionamiento del parlamento canadiense, este proyecto de ley no podr\u00e1 llegar al parlamento hasta octubre de 2019, cuando se celebren las pr\u00f3ximas elecciones federales. Esto significa que los aficionados canadienses a las apuestas deportivas tendr\u00e1n que limitarse a las apuestas deportivas simples hasta entonces.<\/p>\n<h2><strong>Leyes estadounidenses que afectan a los m\u00e9todos de dep\u00f3sito en Canad\u00e1<\/strong><\/h2>\n<p><img loading=\"lazy\" decoding=\"async\" class=\"alignright size-medium wp-image-4694\" src=\"\/files\/how_would_i_deposit_and_withdraw_money-300x214.png\" alt=\"how_would_i_deposit_and_withdraw_money\" width=\"300\" height=\"214\" srcset=\"https:\/\/www.blackjackinfo.com\/files\/how_would_i_deposit_and_withdraw_money-300x214.png 300w, https:\/\/www.blackjackinfo.com\/files\/how_would_i_deposit_and_withdraw_money.png 350w\" sizes=\"auto, (max-width: 300px) 100vw, 300px\" data-no-auto-translation=\"\" \/>Aunque las leyes que rigen la industria canadiense de los casinos en l\u00ednea son progresistas, <a href=\"https:\/\/www.blackjackinfo.com\/online-blackjack\/is-it-legal-to-play-online-blackjack-in-the-us\/\" target=\"_blank\" rel=\"noopener\">la situaci\u00f3n jur\u00eddica en Estados Unidos no est\u00e1 tan clara con la introducci\u00f3n de la UIGEA<\/a>. Lamentablemente, esto no s\u00f3lo afecta a los jugadores estadounidenses, sino tambi\u00e9n a los canadienses, y ha tenido un efecto domin\u00f3 en la forma en que los jugadores canadienses realizan dep\u00f3sitos en l\u00ednea.<\/p>\n<p>Los bancos, especialmente los que tienen fuertes lazos con EE.UU., est\u00e1n preocupados por las leyes estadounidenses, sobre todo a la hora de realizar transacciones financieras con plataformas de casinos en l\u00ednea. Esto ha dado lugar a una situaci\u00f3n en la que algunas de las opciones de dep\u00f3sito canadienses legales han sido bloqueadas por algunos de estos bancos. Tambi\u00e9n ha provocado que Skrill -una popular eWallet en m\u00faltiples casas de apuestas y casinos en l\u00ednea- suspenda todos sus servicios en Canad\u00e1.<\/p>\n<h3>Dos m\u00e9todos bancarios populares en 2018 para los jugadores de Canad\u00e1 son:<\/h3>\n<ol>\n<li><strong>Interac,<\/strong> que es altamente seguro y permite transferir fondos de una cuenta bancaria canadiense a <a href=\"https:\/\/www.bestcasinoscanada.com\/interac-casinos\/\" target=\"_blank\" rel=\"noopener\">un casino<\/a> sin revelar informaci\u00f3n financiera sensible.<\/li>\n<li>Y <strong>iDebit,<\/strong> que es un monedero electr\u00f3nico con sede en Canad\u00e1 que conecta su banco con su <a href=\"https:\/\/www.bestcasinoscanada.com\/idebit-casinos\/\" target=\"_blank\" rel=\"noopener\">cuenta de casino<\/a> haciendo que las transacciones entre ambos sean r\u00e1pidas y seguras.<\/li>\n<\/ol>\n<p>Esta distinci\u00f3n entre c\u00f3mo afectan las leyes estadounidenses a Canad\u00e1 se explica con m\u00e1s detalle en este art\u00edculo <a href=\"https:\/\/www.bestcasinoscanada.com\/legal\/\" target=\"_blank\" rel=\"noopener\">aqu\u00ed<\/a>.<\/p>\n<h2><strong>Conclusi\u00f3n<\/strong><\/h2>\n<p><strong>Jugar al blackjack en l\u00ednea es legal en Canad\u00e1<\/strong>siempre que el sitio web del casino en l\u00ednea opere desde fuera del pa\u00eds. Esto significa que si tiene que visitar un casino en l\u00ednea de Canad\u00e1, tiene que asegurarse de que tiene una gran reputaci\u00f3n, cuenta con licencia y ha demostrado que s\u00f3lo ofrece servicios seguros y protegidos.<\/p>\n<h2>Casinos en l\u00ednea canadienses recomendados<\/h2>\n<ul>\n<li><a href=\"https:\/\/www.blackjackinfo.com\/casino\/bodog\/\">Bodog<\/a><\/li>\n<li><a href=\"https:\/\/www.blackjackinfo.com\/casino\/888-casino\/\">888<\/a><\/li>\n<li><a href=\"https:\/\/www.blackjackinfo.com\/casino\/casino-cruise\/\">Casino Crucero<\/a><\/li>\n<\/ul>\n<h2>Lecturas complementarias<\/h2>\n<ul>\n<li><a href=\"https:\/\/uk.practicallaw.thomsonreuters.com\/6-635-9706?transitionType=Default&amp;contextData=(sc.Default)&amp;firstPage=true&amp;comp=pluk&amp;bhcp=1\" target=\"_blank\" rel=\"noopener\">Panorama del juego en Canad\u00e1<\/a><\/li>\n<li><a href=\"https:\/\/lcb.org\/casinos\/canada\" target=\"_blank\" rel=\"noopener\">Casinos en l\u00ednea canadienses<\/a><\/li>\n<li><a href=\"https:\/\/thebulletin.ca\/legal-online-casino-gambling-canada\/\" target=\"_blank\" rel=\"noopener\">Sobre la legalidad del juego en l\u00ednea en Canad\u00e1<\/a><\/li>\n<\/ul>","protected":false},"excerpt":{"rendered":"<p>Legality of Casinos in Canada \u2013 The Current Situation Canada is split into three territories and 10 provinces. Each one of these provinces has been tasked with the important responsibility of overseeing gambling within their boundaries \u2013 gambling both at the land-based and online casinos falls under the local jurisdiction. It\u2019s up to the provincial [&hellip;]<\/p>\n","protected":false},"author":4,"featured_media":4696,"parent":1928,"menu_order":0,"comment_status":"closed","ping_status":"closed","template":"","meta":{"_acf_changed":false,"footnotes":""},"tags":[],"class_list":["post-4273","page","type-page","status-publish","has-post-thumbnail","hentry"],"acf":[],"yoast_head":"<!-- This site is optimized with the Yoast SEO plugin v26.6 - https:\/\/yoast.com\/wordpress\/plugins\/seo\/ -->\n<title>Is it Legal to Play Online Blackjack in Canada?<\/title>\n<meta name=\"description\" content=\"Legality of Casinos in Canada \u2013 The Current Situation Canada is split into three territories and 10 provinces. Each one of these provinces has been tasked\" \/>\n<meta name=\"robots\" content=\"index, follow, max-snippet:-1, max-image-preview:large, max-video-preview:-1\" \/>\n<link rel=\"canonical\" href=\"https:\/\/www.blackjackinfo.com\/es\/blackjack-online-2\/es-legal-jugar-al-blackjack-online-en-canada\/\" \/>\n<meta property=\"og:locale\" content=\"es_ES\" \/>\n<meta property=\"og:type\" content=\"article\" \/>\n<meta property=\"og:title\" content=\"Is it Legal to Play Online Blackjack in Canada?\" \/>\n<meta property=\"og:description\" content=\"Legality of Casinos in Canada \u2013 The Current Situation Canada is split into three territories and 10 provinces. Each one of these provinces has been tasked\" \/>\n<meta property=\"og:url\" content=\"https:\/\/www.blackjackinfo.com\/es\/blackjack-online-2\/es-legal-jugar-al-blackjack-online-en-canada\/\" \/>\n<meta property=\"og:site_name\" content=\"BlackjackInfo.com\" \/>\n<meta property=\"article:modified_time\" content=\"2018-11-02T06:52:14+00:00\" \/>\n<meta property=\"og:image\" content=\"https:\/\/www.blackjackinfo.com\/files\/is_it_legal_to_play_online_blackjack_in_canada.png\" \/>\n\t<meta property=\"og:image:width\" content=\"350\" \/>\n\t<meta property=\"og:image:height\" content=\"250\" \/>\n\t<meta property=\"og:image:type\" content=\"image\/png\" \/>\n<meta name=\"twitter:label1\" content=\"Tiempo de lectura\" \/>\n\t<meta name=\"twitter:data1\" content=\"5 minutos\" \/>\n<script type=\"application\/ld+json\" class=\"yoast-schema-graph\">{\"@context\":\"https:\/\/schema.org\",\"@graph\":[{\"@type\":\"WebPage\",\"@id\":\"https:\/\/www.blackjackinfo.com\/online-blackjack\/is-it-legal-to-play-online-blackjack-in-canada\/\",\"url\":\"https:\/\/www.blackjackinfo.com\/online-blackjack\/is-it-legal-to-play-online-blackjack-in-canada\/\",\"name\":\"Is it Legal to Play Online Blackjack in Canada?\",\"isPartOf\":{\"@id\":\"https:\/\/www.blackjackinfo.com\/#website\"},\"primaryImageOfPage\":{\"@id\":\"https:\/\/www.blackjackinfo.com\/online-blackjack\/is-it-legal-to-play-online-blackjack-in-canada\/#primaryimage\"},\"image\":{\"@id\":\"https:\/\/www.blackjackinfo.com\/online-blackjack\/is-it-legal-to-play-online-blackjack-in-canada\/#primaryimage\"},\"thumbnailUrl\":\"https:\/\/www.blackjackinfo.com\/files\/is_it_legal_to_play_online_blackjack_in_canada.png\",\"datePublished\":\"2018-07-28T00:38:54+00:00\",\"dateModified\":\"2018-11-02T06:52:14+00:00\",\"description\":\"Legality of Casinos in Canada \u2013 The Current Situation Canada is split into three territories and 10 provinces. Each one of these provinces has been tasked\",\"breadcrumb\":{\"@id\":\"https:\/\/www.blackjackinfo.com\/online-blackjack\/is-it-legal-to-play-online-blackjack-in-canada\/#breadcrumb\"},\"inLanguage\":\"es\",\"potentialAction\":[{\"@type\":\"ReadAction\",\"target\":[\"https:\/\/www.blackjackinfo.com\/online-blackjack\/is-it-legal-to-play-online-blackjack-in-canada\/\"]}]},{\"@type\":\"ImageObject\",\"inLanguage\":\"es\",\"@id\":\"https:\/\/www.blackjackinfo.com\/online-blackjack\/is-it-legal-to-play-online-blackjack-in-canada\/#primaryimage\",\"url\":\"https:\/\/www.blackjackinfo.com\/files\/is_it_legal_to_play_online_blackjack_in_canada.png\",\"contentUrl\":\"https:\/\/www.blackjackinfo.com\/files\/is_it_legal_to_play_online_blackjack_in_canada.png\",\"width\":350,\"height\":250,\"caption\":\"is_it_legal_to_play_online_blackjack_in_canada\"},{\"@type\":\"BreadcrumbList\",\"@id\":\"https:\/\/www.blackjackinfo.com\/online-blackjack\/is-it-legal-to-play-online-blackjack-in-canada\/#breadcrumb\",\"itemListElement\":[{\"@type\":\"ListItem\",\"position\":1,\"name\":\"Home\",\"item\":\"https:\/\/www.blackjackinfo.com\/\"},{\"@type\":\"ListItem\",\"position\":2,\"name\":\"Online Blackjack for Real Money\",\"item\":\"https:\/\/www.blackjackinfo.com\/online-blackjack\/\"},{\"@type\":\"ListItem\",\"position\":3,\"name\":\"Is it Legal to Play Online Blackjack in Canada?\"}]},{\"@type\":\"WebSite\",\"@id\":\"https:\/\/www.blackjackinfo.com\/#website\",\"url\":\"https:\/\/www.blackjackinfo.com\/\",\"name\":\"BlackjackInfo.com\",\"description\":\"Because Winning is More Fun!\",\"potentialAction\":[{\"@type\":\"SearchAction\",\"target\":{\"@type\":\"EntryPoint\",\"urlTemplate\":\"https:\/\/www.blackjackinfo.com\/?s={search_term_string}\"},\"query-input\":{\"@type\":\"PropertyValueSpecification\",\"valueRequired\":true,\"valueName\":\"search_term_string\"}}],\"inLanguage\":\"es\"}]}<\/script>\n<!-- \/ Yoast SEO plugin. -->","yoast_head_json":{"title":"\u00bfEs legal jugar al blackjack en l\u00ednea en Canad\u00e1?","description":"Legalidad de los casinos en Canad\u00e1 - La situaci\u00f3n actual Canad\u00e1 se divide en tres territorios y 10 provincias. A cada una de estas provincias se le ha encomendado","robots":{"index":"index","follow":"follow","max-snippet":"max-snippet:-1","max-image-preview":"max-image-preview:large","max-video-preview":"max-video-preview:-1"},"canonical":"https:\/\/www.blackjackinfo.com\/es\/blackjack-online-2\/es-legal-jugar-al-blackjack-online-en-canada\/","og_locale":"es_ES","og_type":"article","og_title":"Is it Legal to Play Online Blackjack in Canada?","og_description":"Legality of Casinos in Canada \u2013 The Current Situation Canada is split into three territories and 10 provinces. Each one of these provinces has been tasked","og_url":"https:\/\/www.blackjackinfo.com\/es\/blackjack-online-2\/es-legal-jugar-al-blackjack-online-en-canada\/","og_site_name":"BlackjackInfo.com","article_modified_time":"2018-11-02T06:52:14+00:00","og_image":[{"width":350,"height":250,"url":"https:\/\/www.blackjackinfo.com\/files\/is_it_legal_to_play_online_blackjack_in_canada.png","type":"image\/png"}],"twitter_misc":{"Tiempo de lectura":"5 minutos"},"schema":{"@context":"https:\/\/schema.org","@graph":[{"@type":"WebPage","@id":"https:\/\/www.blackjackinfo.com\/online-blackjack\/is-it-legal-to-play-online-blackjack-in-canada\/","url":"https:\/\/www.blackjackinfo.com\/online-blackjack\/is-it-legal-to-play-online-blackjack-in-canada\/","name":"\u00bfEs legal jugar al blackjack en l\u00ednea en Canad\u00e1?","isPartOf":{"@id":"https:\/\/www.blackjackinfo.com\/#website"},"primaryImageOfPage":{"@id":"https:\/\/www.blackjackinfo.com\/online-blackjack\/is-it-legal-to-play-online-blackjack-in-canada\/#primaryimage"},"image":{"@id":"https:\/\/www.blackjackinfo.com\/online-blackjack\/is-it-legal-to-play-online-blackjack-in-canada\/#primaryimage"},"thumbnailUrl":"https:\/\/www.blackjackinfo.com\/files\/is_it_legal_to_play_online_blackjack_in_canada.png","datePublished":"2018-07-28T00:38:54+00:00","dateModified":"2018-11-02T06:52:14+00:00","description":"Legalidad de los casinos en Canad\u00e1 - La situaci\u00f3n actual Canad\u00e1 se divide en tres territorios y 10 provincias. A cada una de estas provincias se le ha encomendado","breadcrumb":{"@id":"https:\/\/www.blackjackinfo.com\/online-blackjack\/is-it-legal-to-play-online-blackjack-in-canada\/#breadcrumb"},"inLanguage":"es","potentialAction":[{"@type":"ReadAction","target":["https:\/\/www.blackjackinfo.com\/online-blackjack\/is-it-legal-to-play-online-blackjack-in-canada\/"]}]},{"@type":"ImageObject","inLanguage":"es","@id":"https:\/\/www.blackjackinfo.com\/online-blackjack\/is-it-legal-to-play-online-blackjack-in-canada\/#primaryimage","url":"https:\/\/www.blackjackinfo.com\/files\/is_it_legal_to_play_online_blackjack_in_canada.png","contentUrl":"https:\/\/www.blackjackinfo.com\/files\/is_it_legal_to_play_online_blackjack_in_canada.png","width":350,"height":250,"caption":"is_it_legal_to_play_online_blackjack_in_canada"},{"@type":"BreadcrumbList","@id":"https:\/\/www.blackjackinfo.com\/online-blackjack\/is-it-legal-to-play-online-blackjack-in-canada\/#breadcrumb","itemListElement":[{"@type":"ListItem","position":1,"name":"Home","item":"https:\/\/www.blackjackinfo.com\/"},{"@type":"ListItem","position":2,"name":"Online Blackjack for Real Money","item":"https:\/\/www.blackjackinfo.com\/online-blackjack\/"},{"@type":"ListItem","position":3,"name":"Is it Legal to Play Online Blackjack in Canada?"}]},{"@type":"WebSite","@id":"https:\/\/www.blackjackinfo.com\/#website","url":"https:\/\/www.blackjackinfo.com\/","name":"BlackjackInfo.com","description":"\u00a1Porque ganar es m\u00e1s divertido!","potentialAction":[{"@type":"SearchAction","target":{"@type":"EntryPoint","urlTemplate":"https:\/\/www.blackjackinfo.com\/?s={search_term_string}"},"query-input":{"@type":"PropertyValueSpecification","valueRequired":true,"valueName":"search_term_string"}}],"inLanguage":"es"}]}},"_links":{"self":[{"href":"https:\/\/www.blackjackinfo.com\/es\/wp-json\/wp\/v2\/pages\/4273","targetHints":{"allow":["GET"]}}],"collection":[{"href":"https:\/\/www.blackjackinfo.com\/es\/wp-json\/wp\/v2\/pages"}],"about":[{"href":"https:\/\/www.blackjackinfo.com\/es\/wp-json\/wp\/v2\/types\/page"}],"author":[{"embeddable":true,"href":"https:\/\/www.blackjackinfo.com\/es\/wp-json\/wp\/v2\/users\/4"}],"replies":[{"embeddable":true,"href":"https:\/\/www.blackjackinfo.com\/es\/wp-json\/wp\/v2\/comments?post=4273"}],"version-history":[{"count":8,"href":"https:\/\/www.blackjackinfo.com\/es\/wp-json\/wp\/v2\/pages\/4273\/revisions"}],"predecessor-version":[{"id":4708,"href":"https:\/\/www.blackjackinfo.com\/es\/wp-json\/wp\/v2\/pages\/4273\/revisions\/4708"}],"up":[{"embeddable":true,"href":"https:\/\/www.blackjackinfo.com\/es\/wp-json\/wp\/v2\/pages\/1928"}],"wp:featuredmedia":[{"embeddable":true,"href":"https:\/\/www.blackjackinfo.com\/es\/wp-json\/wp\/v2\/media\/4696"}],"wp:attachment":[{"href":"https:\/\/www.blackjackinfo.com\/es\/wp-json\/wp\/v2\/media?parent=4273"}],"wp:term":[{"taxonomy":"post_tag","embeddable":true,"href":"https:\/\/www.blackjackinfo.com\/es\/wp-json\/wp\/v2\/tags?post=4273"}],"curies":[{"name":"wp","href":"https:\/\/api.w.org\/{rel}","templated":true}]}}