{"id":4507,"date":"2018-08-30T20:31:53","date_gmt":"2018-08-31T01:31:53","guid":{"rendered":"https:\/\/www.blackjackinfo.com\/?page_id=4507"},"modified":"2020-02-18T18:31:22","modified_gmt":"2020-02-19T00:31:22","slug":"torneos","status":"publish","type":"page","link":"https:\/\/www.blackjackinfo.com\/es\/online-blackjack\/tournaments\/","title":{"rendered":"Torneos de Blackjack en l\u00ednea"},"content":{"rendered":"<p>Mientras que nuestro sitio hermano <a href=\"https:\/\/www.blackjacktournaments.com\">blackjacktournaments.com<\/a> muestra d\u00f3nde puedes jugar torneos de blackjack en casinos f\u00edsicos, aqu\u00ed enumeraremos los torneos online en los que puedes jugar desde la comodidad de tu casa.<\/p>\n<p>Por desgracia, no hay <a href=\"https:\/\/www.blackjackinfo.com\/live-dealer-blackjack\/\">blackjack con crupier en vivo<\/a> pero en cuanto est\u00e9n disponibles los a\u00f1adiremos aqu\u00ed.<\/p>\n<p>Sin resultados<\/tbody><\/table><\/div><br \/>\n<div class=\"row\" style=\"margin-bottom:20px\">\n    <div class=\"col-sm-12\">\n                <h2>Los mejores casinos online de EE.UU. <span\n                class=\"flag-icon flag-icon-us\"><\/span><\/h2>\n\n        \n                \n        <div class=\"ranking-table text-center\">\n            <div class=\"row flex ad-row\">\n                <div class=\"col-sm-3\">\n                    <div class=\"row flex\">\n\n                        <div class=\"col-sm-3\">\n                            <div class=\"ranking-number text-center\">\n\n                                1                                \n                            <\/div>\n                        <\/div>\n                        <div class=\"col-sm-9\">\n                            <img decoding=\"async\" src=\"https:\/\/www.blackjackinfo.com\/files\/bovada.png\" data-no-auto-translation=\"\">\n                        <\/div>\n                    <\/div>\n                <\/div>\n                <div class=\"col-sm-4\">\n                    <div class=\"bonus-text text-center\"><span class=\"red\">100% hasta $1.000<\/span><\/div>\n\t\t\t\t\t\n\n                <\/div>\n                <div class=\"col-sm-2\">\n                    <a class=\"btn btn-wire\" href=\"\/es\/casino\/bovada\/\">Revisa<\/a>\n\n                <\/div>\n                <div class=\"col-sm-3\">\n                    <a rel=\"nofollow\" target=\"_blank\" class=\"btn btn-blue\" href=\"\/goto\/goto\/\">Jugar\n                        Ahora<\/a>\n\t\t\t\t\t\t\n\n                <\/div>\n            <\/div>\n        <\/div>\n\n\n\n        \n                \n        <div class=\"ranking-table text-center\">\n            <div class=\"row flex ad-row\">\n                <div class=\"col-sm-3\">\n                    <div class=\"row flex\">\n\n                        <div class=\"col-sm-3\">\n                            <div class=\"ranking-number text-center\">\n\n                                2                                \n                            <\/div>\n                        <\/div>\n                        <div class=\"col-sm-9\">\n                            <img decoding=\"async\" src=\"https:\/\/www.blackjackinfo.com\/files\/ignition-casino-logo.png\" data-no-auto-translation=\"\">\n                        <\/div>\n                    <\/div>\n                <\/div>\n                <div class=\"col-sm-4\">\n                    <div class=\"bonus-text text-center\"><span class=\"red\">100% hasta $1.000<\/span><\/div>\n\t\t\t\t\t\n\n                <\/div>\n                <div class=\"col-sm-2\">\n                    <a class=\"btn btn-wire\" href=\"\/es\/casino\/ignition-casino\/\">Revisa<\/a>\n\n                <\/div>\n                <div class=\"col-sm-3\">\n                    <a rel=\"nofollow\" target=\"_blank\" class=\"btn btn-blue\" href=\"\/goto\/goto\/\">Jugar\n                        Ahora<\/a>\n\t\t\t\t\t\t\n\n                <\/div>\n            <\/div>\n        <\/div>\n\n\n\n        \n                \n        <div class=\"ranking-table text-center\">\n            <div class=\"row flex ad-row\">\n                <div class=\"col-sm-3\">\n                    <div class=\"row flex\">\n\n                        <div class=\"col-sm-3\">\n                            <div class=\"ranking-number text-center\">\n\n                                3                                \n                            <\/div>\n                        <\/div>\n                        <div class=\"col-sm-9\">\n                            <img decoding=\"async\" src=\"https:\/\/www.blackjackinfo.com\/files\/VipSlots-500x250_dark.svg\" data-no-auto-translation=\"\">\n                        <\/div>\n                    <\/div>\n                <\/div>\n                <div class=\"col-sm-4\">\n                    <div class=\"bonus-text text-center\"><span class=\"red\">100 GIROS GRATIS en Secret Life of Cats<\/span><\/div>\n\t\t\t\t\t\n\n                <\/div>\n                <div class=\"col-sm-2\">\n                    <a class=\"btn btn-wire\" href=\"\/es\/casino\/vipslots-casino\/\">Revisa<\/a>\n\n                <\/div>\n                <div class=\"col-sm-3\">\n                    <a rel=\"nofollow\" target=\"_blank\" class=\"btn btn-blue\" href=\"\/goto\/goto\/\">Jugar\n                        Ahora<\/a>\n\t\t\t\t\t\t\n\n                <\/div>\n            <\/div>\n        <\/div>\n\n\n\n        \n                \n        <div class=\"ranking-table text-center\">\n            <div class=\"row flex ad-row\">\n                <div class=\"col-sm-3\">\n                    <div class=\"row flex\">\n\n                        <div class=\"col-sm-3\">\n                            <div class=\"ranking-number text-center\">\n\n                                4                                \n                            <\/div>\n                        <\/div>\n                        <div class=\"col-sm-9\">\n                            <img decoding=\"async\" src=\"https:\/\/www.blackjackinfo.com\/files\/vegas_casino_online.png\" data-no-auto-translation=\"\">\n                        <\/div>\n                    <\/div>\n                <\/div>\n                <div class=\"col-sm-4\">\n                    <div class=\"bonus-text text-center\"><span class=\"red\">300% hasta $3.000<\/span><\/div>\n\t\t\t\t\t\n\n                <\/div>\n                <div class=\"col-sm-2\">\n                    <a class=\"btn btn-wire\" href=\"\/es\/casino\/vegas-casino-online-2\/\">Revisa<\/a>\n\n                <\/div>\n                <div class=\"col-sm-3\">\n                    <a rel=\"nofollow\" target=\"_blank\" class=\"btn btn-blue\" href=\"\/goto\/goto\/\">Jugar\n                        Ahora<\/a>\n\t\t\t\t\t\t\n\n                <\/div>\n            <\/div>\n        <\/div>\n\n\n\n        \n                \n        <div class=\"ranking-table text-center\">\n            <div class=\"row flex ad-row\">\n                <div class=\"col-sm-3\">\n                    <div class=\"row flex\">\n\n                        <div class=\"col-sm-3\">\n                            <div class=\"ranking-number text-center\">\n\n                                5                                \n                            <\/div>\n                        <\/div>\n                        <div class=\"col-sm-9\">\n                            <img decoding=\"async\" src=\"https:\/\/www.blackjackinfo.com\/files\/cafe-casino-logo.svg\" data-no-auto-translation=\"\">\n                        <\/div>\n                    <\/div>\n                <\/div>\n                <div class=\"col-sm-4\">\n                    <div class=\"bonus-text text-center\"><span class=\"red\">250% hasta $1.500<\/span><\/div>\n\t\t\t\t\t\n\n                <\/div>\n                <div class=\"col-sm-2\">\n                    <a class=\"btn btn-wire\" href=\"\/es\/casino\/cafe-casino\/\">Revisa<\/a>\n\n                <\/div>\n                <div class=\"col-sm-3\">\n                    <a rel=\"nofollow\" target=\"_blank\" class=\"btn btn-blue\" href=\"\/goto\/goto\/\">Jugar\n                        Ahora<\/a>\n\t\t\t\t\t\t\n\n                <\/div>\n            <\/div>\n        <\/div>\n\n\n\n            <\/div>\n<\/div><\/p>\n<h2>\u00bfC\u00f3mo funcionan los torneos de blackjack online?<\/h2>\n<p>A diferencia del blackjack normal, compites contra otros jugadores y no s\u00f3lo contra el crupier. <strong>ver qui\u00e9n puede acabar con la pila m\u00e1s grande en un periodo de tiempo determinado<\/strong>.<\/p>\n<p>Los jugadores deben inscribirse (registrarse) en un torneo que concede una cantidad virtual inicial de fichas y, a medida que avanzan las rondas, el jugador con la cantidad m\u00e1s baja es eliminado.  La mayor\u00eda de los torneos en l\u00ednea tambi\u00e9n permiten <a href=\"https:\/\/www.blackjackinfo.com\/glossary-of-blackjack-terms\/#rebuy\">recompra<\/a> durante un periodo de tiempo determinado que le permite volver a participar en el torneo pagando una cuota si ha perdido todas sus fichas y ha sido eliminado.<\/p>\n<p>Tambi\u00e9n hay torneos sin eliminaci\u00f3n, que consisten b\u00e1sicamente en una ronda larga en la que el ganador es el que tiene m\u00e1s fichas al final.<\/p>\n<h2>Estrategia para torneos de blackjack online<\/h2>\n<p><a href=\"https:\/\/www.blackjackinfo.com\/ken-smith\/\">Ken<\/a> ha escrito unas estrategias estupendas y unos principios f\u00e1ciles de seguir\u00a0<a href=\"https:\/\/www.blackjackinfo.com\/blackjack-tournaments\/\">aqu\u00ed<\/a>\u00a0que se aplican tanto a los <a href=\"https:\/\/www.blackjackinfo.com\/online-blackjack\/\">casinos en l\u00ednea<\/a>.<\/p>","protected":false},"excerpt":{"rendered":"<p>While our sister site blackjacktournaments.com shows where you can play blackjack tournaments at land-based casinos, we will list online tournaments here that you can play at from the comfort of your home. Unfortunately, there aren&#8217;t any live dealer blackjack tournaments as of yet but as soon as they become available we&#8217;ll be sure to add [&hellip;]<\/p>\n","protected":false},"author":4,"featured_media":0,"parent":1928,"menu_order":0,"comment_status":"open","ping_status":"closed","template":"","meta":{"_acf_changed":false,"footnotes":""},"tags":[],"class_list":["post-4507","page","type-page","status-publish","hentry"],"acf":[],"yoast_head":"<!-- This site is optimized with the Yoast SEO plugin v26.6 - https:\/\/yoast.com\/wordpress\/plugins\/seo\/ -->\n<title>Online Blackjack Tournaments<\/title>\n<meta name=\"description\" content=\"While our sister site blackjacktournaments.com shows where you can play blackjack tournaments at land-based casinos, we will list online tournaments here\" \/>\n<meta name=\"robots\" content=\"index, follow, max-snippet:-1, max-image-preview:large, max-video-preview:-1\" \/>\n<link rel=\"canonical\" href=\"https:\/\/www.blackjackinfo.com\/es\/blackjack-online-2\/torneos\/\" \/>\n<meta property=\"og:locale\" content=\"es_ES\" \/>\n<meta property=\"og:type\" content=\"article\" \/>\n<meta property=\"og:title\" content=\"Online Blackjack Tournaments\" \/>\n<meta property=\"og:description\" content=\"While our sister site blackjacktournaments.com shows where you can play blackjack tournaments at land-based casinos, we will list online tournaments here\" \/>\n<meta property=\"og:url\" content=\"https:\/\/www.blackjackinfo.com\/es\/blackjack-online-2\/torneos\/\" \/>\n<meta property=\"og:site_name\" content=\"BlackjackInfo.com\" \/>\n<meta property=\"article:modified_time\" content=\"2020-02-19T00:31:22+00:00\" \/>\n<meta name=\"twitter:label1\" content=\"Tiempo de lectura\" \/>\n\t<meta name=\"twitter:data1\" content=\"1 minuto\" \/>\n<script type=\"application\/ld+json\" class=\"yoast-schema-graph\">{\"@context\":\"https:\/\/schema.org\",\"@graph\":[{\"@type\":\"WebPage\",\"@id\":\"https:\/\/www.blackjackinfo.com\/online-blackjack\/tournaments\/\",\"url\":\"https:\/\/www.blackjackinfo.com\/online-blackjack\/tournaments\/\",\"name\":\"Online Blackjack Tournaments\",\"isPartOf\":{\"@id\":\"https:\/\/www.blackjackinfo.com\/#website\"},\"datePublished\":\"2018-08-31T01:31:53+00:00\",\"dateModified\":\"2020-02-19T00:31:22+00:00\",\"description\":\"While our sister site blackjacktournaments.com shows where you can play blackjack tournaments at land-based casinos, we will list online tournaments here\",\"breadcrumb\":{\"@id\":\"https:\/\/www.blackjackinfo.com\/online-blackjack\/tournaments\/#breadcrumb\"},\"inLanguage\":\"es\",\"potentialAction\":[{\"@type\":\"ReadAction\",\"target\":[\"https:\/\/www.blackjackinfo.com\/online-blackjack\/tournaments\/\"]}]},{\"@type\":\"BreadcrumbList\",\"@id\":\"https:\/\/www.blackjackinfo.com\/online-blackjack\/tournaments\/#breadcrumb\",\"itemListElement\":[{\"@type\":\"ListItem\",\"position\":1,\"name\":\"Home\",\"item\":\"https:\/\/www.blackjackinfo.com\/\"},{\"@type\":\"ListItem\",\"position\":2,\"name\":\"Online Blackjack for Real Money\",\"item\":\"https:\/\/www.blackjackinfo.com\/online-blackjack\/\"},{\"@type\":\"ListItem\",\"position\":3,\"name\":\"Online Blackjack Tournaments\"}]},{\"@type\":\"WebSite\",\"@id\":\"https:\/\/www.blackjackinfo.com\/#website\",\"url\":\"https:\/\/www.blackjackinfo.com\/\",\"name\":\"BlackjackInfo.com\",\"description\":\"Because Winning is More Fun!\",\"potentialAction\":[{\"@type\":\"SearchAction\",\"target\":{\"@type\":\"EntryPoint\",\"urlTemplate\":\"https:\/\/www.blackjackinfo.com\/?s={search_term_string}\"},\"query-input\":{\"@type\":\"PropertyValueSpecification\",\"valueRequired\":true,\"valueName\":\"search_term_string\"}}],\"inLanguage\":\"es\"}]}<\/script>\n<!-- \/ Yoast SEO plugin. -->","yoast_head_json":{"title":"Torneos de Blackjack en l\u00ednea","description":"Mientras que nuestro sitio hermano blackjacktournaments.com muestra d\u00f3nde se puede jugar a torneos de blackjack en casinos f\u00edsicos, aqu\u00ed enumeraremos los torneos en l\u00ednea","robots":{"index":"index","follow":"follow","max-snippet":"max-snippet:-1","max-image-preview":"max-image-preview:large","max-video-preview":"max-video-preview:-1"},"canonical":"https:\/\/www.blackjackinfo.com\/es\/blackjack-online-2\/torneos\/","og_locale":"es_ES","og_type":"article","og_title":"Online Blackjack Tournaments","og_description":"While our sister site blackjacktournaments.com shows where you can play blackjack tournaments at land-based casinos, we will list online tournaments here","og_url":"https:\/\/www.blackjackinfo.com\/es\/blackjack-online-2\/torneos\/","og_site_name":"BlackjackInfo.com","article_modified_time":"2020-02-19T00:31:22+00:00","twitter_misc":{"Tiempo de lectura":"1 minuto"},"schema":{"@context":"https:\/\/schema.org","@graph":[{"@type":"WebPage","@id":"https:\/\/www.blackjackinfo.com\/online-blackjack\/tournaments\/","url":"https:\/\/www.blackjackinfo.com\/online-blackjack\/tournaments\/","name":"Torneos de Blackjack en l\u00ednea","isPartOf":{"@id":"https:\/\/www.blackjackinfo.com\/#website"},"datePublished":"2018-08-31T01:31:53+00:00","dateModified":"2020-02-19T00:31:22+00:00","description":"Mientras que nuestro sitio hermano blackjacktournaments.com muestra d\u00f3nde se puede jugar a torneos de blackjack en casinos f\u00edsicos, aqu\u00ed enumeraremos los torneos en l\u00ednea","breadcrumb":{"@id":"https:\/\/www.blackjackinfo.com\/online-blackjack\/tournaments\/#breadcrumb"},"inLanguage":"es","potentialAction":[{"@type":"ReadAction","target":["https:\/\/www.blackjackinfo.com\/online-blackjack\/tournaments\/"]}]},{"@type":"BreadcrumbList","@id":"https:\/\/www.blackjackinfo.com\/online-blackjack\/tournaments\/#breadcrumb","itemListElement":[{"@type":"ListItem","position":1,"name":"Home","item":"https:\/\/www.blackjackinfo.com\/"},{"@type":"ListItem","position":2,"name":"Online Blackjack for Real Money","item":"https:\/\/www.blackjackinfo.com\/online-blackjack\/"},{"@type":"ListItem","position":3,"name":"Online Blackjack Tournaments"}]},{"@type":"WebSite","@id":"https:\/\/www.blackjackinfo.com\/#website","url":"https:\/\/www.blackjackinfo.com\/","name":"BlackjackInfo.com","description":"\u00a1Porque ganar es m\u00e1s divertido!","potentialAction":[{"@type":"SearchAction","target":{"@type":"EntryPoint","urlTemplate":"https:\/\/www.blackjackinfo.com\/?s={search_term_string}"},"query-input":{"@type":"PropertyValueSpecification","valueRequired":true,"valueName":"search_term_string"}}],"inLanguage":"es"}]}},"_links":{"self":[{"href":"https:\/\/www.blackjackinfo.com\/es\/wp-json\/wp\/v2\/pages\/4507","targetHints":{"allow":["GET"]}}],"collection":[{"href":"https:\/\/www.blackjackinfo.com\/es\/wp-json\/wp\/v2\/pages"}],"about":[{"href":"https:\/\/www.blackjackinfo.com\/es\/wp-json\/wp\/v2\/types\/page"}],"author":[{"embeddable":true,"href":"https:\/\/www.blackjackinfo.com\/es\/wp-json\/wp\/v2\/users\/4"}],"replies":[{"embeddable":true,"href":"https:\/\/www.blackjackinfo.com\/es\/wp-json\/wp\/v2\/comments?post=4507"}],"version-history":[{"count":9,"href":"https:\/\/www.blackjackinfo.com\/es\/wp-json\/wp\/v2\/pages\/4507\/revisions"}],"predecessor-version":[{"id":5482,"href":"https:\/\/www.blackjackinfo.com\/es\/wp-json\/wp\/v2\/pages\/4507\/revisions\/5482"}],"up":[{"embeddable":true,"href":"https:\/\/www.blackjackinfo.com\/es\/wp-json\/wp\/v2\/pages\/1928"}],"wp:attachment":[{"href":"https:\/\/www.blackjackinfo.com\/es\/wp-json\/wp\/v2\/media?parent=4507"}],"wp:term":[{"taxonomy":"post_tag","embeddable":true,"href":"https:\/\/www.blackjackinfo.com\/es\/wp-json\/wp\/v2\/tags?post=4507"}],"curies":[{"name":"wp","href":"https:\/\/api.w.org\/{rel}","templated":true}]}}