{"id":4594,"date":"2018-09-06T23:26:05","date_gmt":"2018-09-07T04:26:05","guid":{"rendered":"https:\/\/www.blackjackinfo.com\/?page_id=4594"},"modified":"2020-02-18T18:30:31","modified_gmt":"2020-02-19T00:30:31","slug":"casino-verite-blackjack-la-herramienta-de-practica-definitiva","status":"publish","type":"page","link":"https:\/\/www.blackjackinfo.com\/es\/casino-verite-blackjack-the-ultimate-practice-tool\/","title":{"rendered":"Casino V\u00e9rit\u00e9 Blackjack - La herramienta de pr\u00e1ctica definitiva"},"content":{"rendered":"<p>Casino V\u00e9rit\u00e9 Blackjack (CVBJ) es un galardonado programa de software desarrollado por Norman Wattenberger, jugador de ventaja y gur\u00fa de la tecnolog\u00eda. Norman fue Vicepresidente de Estrategia y Arquitectura de Citibank y ha sido contador de cartas durante m\u00e1s de 40 a\u00f1os. Actualmente dirige un foro de blackjack y distribuye software de blackjack desde hace m\u00e1s de 20 a\u00f1os.<\/p>\n<p><a href=\"\/files\/cvbj-screenshot-1.jpg\"><img loading=\"lazy\" decoding=\"async\" class=\"thumbnail img-responsive center-block\" src=\"\/files\/cvbj-screenshot-1-300x161.jpg\" alt=\"\" width=\"300\" height=\"161\" data-no-auto-translation=\"\" \/><\/a><\/p>\n<h2 id=\"how-is-cvj-useful\">\u00bfCu\u00e1l es la utilidad de CVBJ?<\/h2>\n<p>CVBJ est\u00e1 considerada como una de las mejores herramientas de entrenamiento de blackjack jam\u00e1s creadas. Es el software que yo mismo e innumerables contadores de cartas hemos utilizado para perfeccionar nuestras habilidades de conteo, y puede ahorrar a un aspirante a contador de cartas una cantidad sustancial de EV (valor estimado o beneficio potencial) eliminando errores detr\u00e1s de un monitor de ordenador en lugar de en la mesa de blackjack. Al permitirle hacer un seguimiento de su juego, reconocer sus errores y practicar su t\u00e9cnica, CVBJ es una herramienta imprescindible para cualquier jugador de ventaja serio.<br \/>\n<div class=\"row\" style=\"margin-bottom:20px\">\n    <div class=\"col-sm-12\">\n                <h2>Los mejores casinos online de EE.UU. <span\n                class=\"flag-icon flag-icon-us\"><\/span><\/h2>\n\n        \n                \n        <div class=\"ranking-table text-center\">\n            <div class=\"row flex ad-row\">\n                <div class=\"col-sm-3\">\n                    <div class=\"row flex\">\n\n                        <div class=\"col-sm-3\">\n                            <div class=\"ranking-number text-center\">\n\n                                1                                \n                            <\/div>\n                        <\/div>\n                        <div class=\"col-sm-9\">\n                            <img decoding=\"async\" src=\"https:\/\/www.blackjackinfo.com\/files\/bovada.png\" data-no-auto-translation=\"\">\n                        <\/div>\n                    <\/div>\n                <\/div>\n                <div class=\"col-sm-4\">\n                    <div class=\"bonus-text text-center\"><span class=\"red\">100% hasta $1.000<\/span><\/div>\n\t\t\t\t\t\n\n                <\/div>\n                <div class=\"col-sm-2\">\n                    <a class=\"btn btn-wire\" href=\"\/es\/casino\/bovada\/\">Revisa<\/a>\n\n                <\/div>\n                <div class=\"col-sm-3\">\n                    <a rel=\"nofollow\" target=\"_blank\" class=\"btn btn-blue\" href=\"\/goto\/goto\/\">Jugar\n                        Ahora<\/a>\n\t\t\t\t\t\t\n\n                <\/div>\n            <\/div>\n        <\/div>\n\n\n\n        \n                \n        <div class=\"ranking-table text-center\">\n            <div class=\"row flex ad-row\">\n                <div class=\"col-sm-3\">\n                    <div class=\"row flex\">\n\n                        <div class=\"col-sm-3\">\n                            <div class=\"ranking-number text-center\">\n\n                                2                                \n                            <\/div>\n                        <\/div>\n                        <div class=\"col-sm-9\">\n                            <img decoding=\"async\" src=\"https:\/\/www.blackjackinfo.com\/files\/ignition-casino-logo.png\" data-no-auto-translation=\"\">\n                        <\/div>\n                    <\/div>\n                <\/div>\n                <div class=\"col-sm-4\">\n                    <div class=\"bonus-text text-center\"><span class=\"red\">100% hasta $1.000<\/span><\/div>\n\t\t\t\t\t\n\n                <\/div>\n                <div class=\"col-sm-2\">\n                    <a class=\"btn btn-wire\" href=\"\/es\/casino\/ignition-casino\/\">Revisa<\/a>\n\n                <\/div>\n                <div class=\"col-sm-3\">\n                    <a rel=\"nofollow\" target=\"_blank\" class=\"btn btn-blue\" href=\"\/goto\/goto\/\">Jugar\n                        Ahora<\/a>\n\t\t\t\t\t\t\n\n                <\/div>\n            <\/div>\n        <\/div>\n\n\n\n        \n                \n        <div class=\"ranking-table text-center\">\n            <div class=\"row flex ad-row\">\n                <div class=\"col-sm-3\">\n                    <div class=\"row flex\">\n\n                        <div class=\"col-sm-3\">\n                            <div class=\"ranking-number text-center\">\n\n                                3                                \n                            <\/div>\n                        <\/div>\n                        <div class=\"col-sm-9\">\n                            <img decoding=\"async\" src=\"https:\/\/www.blackjackinfo.com\/files\/VipSlots-500x250_dark.svg\" data-no-auto-translation=\"\">\n                        <\/div>\n                    <\/div>\n                <\/div>\n                <div class=\"col-sm-4\">\n                    <div class=\"bonus-text text-center\"><span class=\"red\">100 GIROS GRATIS en Secret Life of Cats<\/span><\/div>\n\t\t\t\t\t\n\n                <\/div>\n                <div class=\"col-sm-2\">\n                    <a class=\"btn btn-wire\" href=\"\/es\/casino\/vipslots-casino\/\">Revisa<\/a>\n\n                <\/div>\n                <div class=\"col-sm-3\">\n                    <a rel=\"nofollow\" target=\"_blank\" class=\"btn btn-blue\" href=\"\/goto\/goto\/\">Jugar\n                        Ahora<\/a>\n\t\t\t\t\t\t\n\n                <\/div>\n            <\/div>\n        <\/div>\n\n\n\n        \n                \n        <div class=\"ranking-table text-center\">\n            <div class=\"row flex ad-row\">\n                <div class=\"col-sm-3\">\n                    <div class=\"row flex\">\n\n                        <div class=\"col-sm-3\">\n                            <div class=\"ranking-number text-center\">\n\n                                4                                \n                            <\/div>\n                        <\/div>\n                        <div class=\"col-sm-9\">\n                            <img decoding=\"async\" src=\"https:\/\/www.blackjackinfo.com\/files\/vegas_casino_online.png\" data-no-auto-translation=\"\">\n                        <\/div>\n                    <\/div>\n                <\/div>\n                <div class=\"col-sm-4\">\n                    <div class=\"bonus-text text-center\"><span class=\"red\">300% hasta $3.000<\/span><\/div>\n\t\t\t\t\t\n\n                <\/div>\n                <div class=\"col-sm-2\">\n                    <a class=\"btn btn-wire\" href=\"\/es\/casino\/vegas-casino-online-2\/\">Revisa<\/a>\n\n                <\/div>\n                <div class=\"col-sm-3\">\n                    <a rel=\"nofollow\" target=\"_blank\" class=\"btn btn-blue\" href=\"\/goto\/goto\/\">Jugar\n                        Ahora<\/a>\n\t\t\t\t\t\t\n\n                <\/div>\n            <\/div>\n        <\/div>\n\n\n\n        \n                \n        <div class=\"ranking-table text-center\">\n            <div class=\"row flex ad-row\">\n                <div class=\"col-sm-3\">\n                    <div class=\"row flex\">\n\n                        <div class=\"col-sm-3\">\n                            <div class=\"ranking-number text-center\">\n\n                                5                                \n                            <\/div>\n                        <\/div>\n                        <div class=\"col-sm-9\">\n                            <img decoding=\"async\" src=\"https:\/\/www.blackjackinfo.com\/files\/cafe-casino-logo.svg\" data-no-auto-translation=\"\">\n                        <\/div>\n                    <\/div>\n                <\/div>\n                <div class=\"col-sm-4\">\n                    <div class=\"bonus-text text-center\"><span class=\"red\">250% hasta $1.500<\/span><\/div>\n\t\t\t\t\t\n\n                <\/div>\n                <div class=\"col-sm-2\">\n                    <a class=\"btn btn-wire\" href=\"\/es\/casino\/cafe-casino\/\">Revisa<\/a>\n\n                <\/div>\n                <div class=\"col-sm-3\">\n                    <a rel=\"nofollow\" target=\"_blank\" class=\"btn btn-blue\" href=\"\/goto\/goto\/\">Jugar\n                        Ahora<\/a>\n\t\t\t\t\t\t\n\n                <\/div>\n            <\/div>\n        <\/div>\n\n\n\n            <\/div>\n<\/div><\/p>\n<h2>\u00bfQu\u00e9 puede hacer CVBJ?<\/h2>\n<p>CVBJ le permite reconocer lo que su propio juego en las mesas no puede. El programa le muestra d\u00f3nde se ha equivocado y le permite corregirlo. Debido a que la desviaci\u00f3n est\u00e1ndar en el juego del blackjack puede crear un jugador ganador a partir de un mal contador de cartas o un perdedor a partir de un contador de cartas experimentado y con buena pr\u00e1ctica, saber d\u00f3nde se encuentra es fundamental. Incluso los resultados de 300 horas de juego pueden ser enga\u00f1osos, y si esperas triunfar como contador o incluso jugar un buen juego de estrategia b\u00e1sica, necesitas saber c\u00f3mo te est\u00e1s desempe\u00f1ando antes de que el largo plazo te alcance.<\/p>\n<h2>Caracter\u00edsticas del CVBJ<\/h2>\n<p>CVBJ es altamente personalizable para adaptarse a su juego, objetivos y nivel de habilidad. En la configuraci\u00f3n, usted crea un perfil y selecciona una mesa de 4 o 6 asientos (que puede cambiar m\u00e1s adelante). A continuaci\u00f3n, seleccione su nivel de experiencia. Tu nivel de experiencia no cambia las opciones disponibles, pero un nivel de principiante hace que las opciones m\u00e1s simples sean m\u00e1s frecuentes y notables. A continuaci\u00f3n, seleccione su estrategia, ya sea una estrategia b\u00e1sica pura sin conteo, el m\u00e9todo de conteo alto-bajo, KO, Zen, o muchos m\u00e1s. Una vez completada la configuraci\u00f3n, puede empezar autom\u00e1ticamente a practicar y explorar el software.<\/p>\n<p><a href=\"\/files\/cvbj-screenshot-2.jpg\"><img loading=\"lazy\" decoding=\"async\" class=\"thumbnail img-responsive center-block\" src=\"\/files\/cvbj-screenshot-2-300x221.jpg\" alt=\"\" width=\"300\" height=\"221\" data-no-auto-translation=\"\" \/><\/a><\/p>\n<h2 id=\"customization\">Personalizaci\u00f3n<\/h2>\n<p>Una vez que hayas empezado a explorar los ajustes desde el men\u00fa de la parte inferior izquierda de la pantalla, te dar\u00e1s cuenta de que puedes personalizar las reglas para el n\u00famero de barajas, el nivel de penetraci\u00f3n, el n\u00famero de cartas quemadas, reglas como H17, c\u00e1lculos de recuento real, velocidades del crupier, n\u00famero de jugadores y sus estilos de juego, tu bankroll inicial, bonificaciones como 777 paga 2:1, y diferentes variaciones de 21 como el as y la sota del mismo palo pagan 2:1. Esto te permite crear escenarios hipot\u00e9ticos o practicar en las mismas condiciones exactas que tu casino local. Esto le permite crear escenarios hipot\u00e9ticos o practicar en las mismas condiciones exactas que su casino local.<\/p>\n<p><a href=\"\/files\/cvbj-screenshot-3.jpg\"><img loading=\"lazy\" decoding=\"async\" class=\"thumbnail img-responsive center-block\" src=\"\/files\/cvbj-screenshot-3-300x243.jpg\" alt=\"\" width=\"300\" height=\"243\" data-no-auto-translation=\"\" \/><\/a><\/p>\n<p>V\u00e9rit\u00e9 te permite incluso simular errores del crupier. \u00c9stos incluyen errores en el pago del seguro y del blackjack, pases fallidos del crupier, jugadores que pierden un empuj\u00f3n o crupieres que se plantan incorrectamente. Esta funci\u00f3n te permite probar tu habilidad para reconocer los errores del crupier en un entorno de casino en vivo que afectar\u00e1 negativamente a tu EV.<\/p>\n<p>Aunque creo que s\u00f3lo la experiencia en un entorno de casino le permitir\u00e1 evaluar el nivel de escrutinio de un casino con respecto a su juego, CVBJ tiene un sistema de \u00edndice de calor que le permite reconocer qu\u00e9 jugadas y estrategias son susceptibles de atraer la ira del jefe de sala o del equipo de vigilancia.  Este medidor aumenta cuando usted realiza desviaciones de estrategia, extiende su apuesta dr\u00e1sticamente, correlaciona con la cuenta y apuesta grandes cantidades. Puedes personalizar completamente qu\u00e9 opciones aumentan tu nivel de calor.<\/p>\n<h2 id=\"error-recognition\">Reconocimiento de errores<\/h2>\n<p>Esta caracter\u00edstica hace que CVBJ merezca la pena por s\u00ed sola. Una vez que haya establecido su estrategia, el software se asegurar\u00e1 de que juega de acuerdo con ella correctamente. Por ejemplo, si est\u00e1 jugando alto-bajo y desea utilizar el \u00edndice Ilustre 18, puede seleccionar esa estrategia de juego de modo que si se desv\u00eda de jugar incorrectamente seg\u00fan el recuento (golpear un 16 frente a un 10 del crupier en un +2 TC, por ejemplo), un sonido de error y una ventana emergente se lo notificar\u00e1n. Puede establecer sus \u00edndices en cualquier lugar, desde unas pocas desviaciones de +1 o +2 hasta toda la gama de desviaciones de conteo existentes.<\/p>\n<p>Adem\u00e1s de las notificaciones de error, hay un registro de errores disponible para que lo revises despu\u00e9s de tus sesiones de juego. Puede consultar su registro para ver qu\u00e9 errores de estrategia ha cometido y cu\u00e1ntos EV ha perdido con cada error acumulado. Una vez que haya aprendido qu\u00e9 errores comete sistem\u00e1ticamente, puede configurar ejercicios dentro de CVBJ para practicar esas \u00e1reas de dificultad, ahorr\u00e1ndose el coste de practicar con dinero real hasta que finalmente est\u00e9 preparado para el casino.<\/p>\n<p><a href=\"\/files\/cvbj-screenshot-4.jpg\"><img loading=\"lazy\" decoding=\"async\" class=\"thumbnail img-responsive center-block\" src=\"\/files\/cvbj-screenshot-4-300x196.jpg\" alt=\"\" width=\"300\" height=\"196\" data-no-auto-translation=\"\" \/><\/a><\/p>\n<h2 id=\"practice-and-drills\">Pr\u00e1cticas y ejercicios<\/h2>\n<p>Aunque CVBJ puede ser incre\u00edblemente \u00fatil para sentarse y simplemente jugar al blackjack y practicar el conteo, la estimaci\u00f3n de la baraja y la conversi\u00f3n, todo ello mientras compara sus n\u00fameros con los c\u00e1lculos de CVBJ para comprobar su precisi\u00f3n, el verdadero beneficio proviene de las tarjetas \u00fanicas del programa, la bandeja de descarte, los ejercicios de conteo y mucho m\u00e1s.<\/p>\n<p>Los ejercicios de flashcard le permiten poner a prueba sus \u00edndices del sistema de recuento. Puede seleccionar sus errores de juego o simulacros m\u00e1s comunes, el ilustre 18 o cualquier rango de \u00edndice establecido. Los ejercicios est\u00e1n cronometrados y le dan dos cartas, al crupier una carta y a usted una cuenta real. A partir de ah\u00ed, tienes que decidir qu\u00e9 opci\u00f3n (pedir, plantarse, doblar, etc.) es la correcta.<\/p>\n<p><a href=\"\/files\/cvbj-screenshot-5.jpg\"><img loading=\"lazy\" decoding=\"async\" class=\"thumbnail img-responsive center-block\" src=\"\/files\/cvbj-screenshot-5-300x144.jpg\" alt=\"\" width=\"300\" height=\"144\" data-no-auto-translation=\"\" \/><\/a><\/p>\n<p>Los simulacros de bandeja de descarte muestran im\u00e1genes de una bandeja de descarte (t\u00fa eliges el n\u00famero de barajas) llena de una variedad de n\u00fameros diferentes de cartas. Durante el ejercicio cronometrado, debes seleccionar cu\u00e1ntas barajas crees que quedan en cada imagen. Es una buena forma de practicar la estimaci\u00f3n de barajas.<\/p>\n<p><a href=\"\/files\/cvbj-screenshot-6.jpg\"><img loading=\"lazy\" decoding=\"async\" class=\"thumbnail img-responsive center-block\" src=\"\/files\/cvbj-screenshot-6-300x190.jpg\" alt=\"\" width=\"300\" height=\"190\" data-no-auto-translation=\"\" \/><\/a><\/p>\n<p>Los ejercicios de recuento te permiten practicar el recuento corriente, el recuento real y otros recuentos laterales. Una serie de tarjetas diferentes girar\u00e1n en la pantalla, a la velocidad que selecciones. Una vez finalizado el ejercicio, deber\u00e1s realizar el recuento verdadero, el recuento lateral o el recuento corriente seg\u00fan tus especificaciones de pr\u00e1ctica.<\/p>\n<p>Casino V\u00e9rit\u00e9 Blackjack es absolutamente lo m\u00e1s cerca que un jugador con ventaja puede estar de practicar en un entorno de casino en vivo. El software le evita sacrificar EV y potencialmente cientos o miles de d\u00f3lares en el proceso.  Incluso si ya ha jugado extensamente en un entorno en vivo, CVBJ puede se\u00f1alar fallos o errores en su juego que le est\u00e1n costando cada vez que pone un pie en un casino. El programa puede ense\u00f1arle cualquier cosa, desde estrategia b\u00e1sica hasta conteos avanzados y riesgo de ruina, y ning\u00fan jugador serio de blackjack deber\u00eda prescindir de \u00e9l. Puede adquirir CVBJ en <a href=\"https:\/\/www.blackjackinfo.com\/goto\/casino-verite\/\" target=\"\" rel=\"nofollow noopener noreferrer\">qfit.com<\/a><\/p>","protected":false},"excerpt":{"rendered":"<p>Casino V\u00e9rit\u00e9 Blackjack (CVBJ) is an award-winning software program developed by Norman Wattenberger, an advantage player and technology guru. Norman is a former Strategy and Architecture Vice President for Citibank and has been a card counter for over 40 years. He currently runs a blackjack forum, and he has been distributing Blackjack software for over [&hellip;]<\/p>\n","protected":false},"author":6,"featured_media":0,"parent":0,"menu_order":0,"comment_status":"open","ping_status":"closed","template":"page-with-sidebar.php","meta":{"_acf_changed":false,"footnotes":""},"tags":[],"class_list":["post-4594","page","type-page","status-publish","hentry"],"acf":[],"yoast_head":"<!-- This site is optimized with the Yoast SEO plugin v26.6 - https:\/\/yoast.com\/wordpress\/plugins\/seo\/ -->\n<title>Casino V\u00e9rit\u00e9 Blackjack (CVBJ) Software Review - A Must For All Serious Players!<\/title>\n<meta name=\"description\" content=\"What is CVBJ? A must have for all serious advantage players, his software will allow you to hone your skills and prepare you for the casino\" \/>\n<meta name=\"robots\" content=\"index, follow, max-snippet:-1, max-image-preview:large, max-video-preview:-1\" \/>\n<link rel=\"canonical\" href=\"https:\/\/www.blackjackinfo.com\/es\/casino-verite-blackjack-la-herramienta-de-practica-definitiva\/\" \/>\n<meta property=\"og:locale\" content=\"es_ES\" \/>\n<meta property=\"og:type\" content=\"article\" \/>\n<meta property=\"og:title\" content=\"Casino V\u00e9rit\u00e9 Blackjack (CVBJ) Software Review - A Must For All Serious Players!\" \/>\n<meta property=\"og:description\" content=\"What is CVBJ? A must have for all serious advantage players, his software will allow you to hone your skills and prepare you for the casino\" \/>\n<meta property=\"og:url\" content=\"https:\/\/www.blackjackinfo.com\/es\/casino-verite-blackjack-la-herramienta-de-practica-definitiva\/\" \/>\n<meta property=\"og:site_name\" content=\"BlackjackInfo.com\" \/>\n<meta property=\"article:modified_time\" content=\"2020-02-19T00:30:31+00:00\" \/>\n<meta name=\"twitter:label1\" content=\"Tiempo de lectura\" \/>\n\t<meta name=\"twitter:data1\" content=\"5 minutos\" \/>\n<script type=\"application\/ld+json\" class=\"yoast-schema-graph\">{\"@context\":\"https:\/\/schema.org\",\"@graph\":[{\"@type\":\"WebPage\",\"@id\":\"https:\/\/www.blackjackinfo.com\/casino-verite-blackjack-the-ultimate-practice-tool\/\",\"url\":\"https:\/\/www.blackjackinfo.com\/casino-verite-blackjack-the-ultimate-practice-tool\/\",\"name\":\"Casino V\u00e9rit\u00e9 Blackjack (CVBJ) Software Review - A Must For All Serious Players!\",\"isPartOf\":{\"@id\":\"https:\/\/www.blackjackinfo.com\/#website\"},\"datePublished\":\"2018-09-07T04:26:05+00:00\",\"dateModified\":\"2020-02-19T00:30:31+00:00\",\"description\":\"What is CVBJ? A must have for all serious advantage players, his software will allow you to hone your skills and prepare you for the casino\",\"breadcrumb\":{\"@id\":\"https:\/\/www.blackjackinfo.com\/casino-verite-blackjack-the-ultimate-practice-tool\/#breadcrumb\"},\"inLanguage\":\"es\",\"potentialAction\":[{\"@type\":\"ReadAction\",\"target\":[\"https:\/\/www.blackjackinfo.com\/casino-verite-blackjack-the-ultimate-practice-tool\/\"]}]},{\"@type\":\"BreadcrumbList\",\"@id\":\"https:\/\/www.blackjackinfo.com\/casino-verite-blackjack-the-ultimate-practice-tool\/#breadcrumb\",\"itemListElement\":[{\"@type\":\"ListItem\",\"position\":1,\"name\":\"Home\",\"item\":\"https:\/\/www.blackjackinfo.com\/\"},{\"@type\":\"ListItem\",\"position\":2,\"name\":\"Casino V\u00e9rit\u00e9 Blackjack &#8211; The Ultimate Practice Tool\"}]},{\"@type\":\"WebSite\",\"@id\":\"https:\/\/www.blackjackinfo.com\/#website\",\"url\":\"https:\/\/www.blackjackinfo.com\/\",\"name\":\"BlackjackInfo.com\",\"description\":\"Because Winning is More Fun!\",\"potentialAction\":[{\"@type\":\"SearchAction\",\"target\":{\"@type\":\"EntryPoint\",\"urlTemplate\":\"https:\/\/www.blackjackinfo.com\/?s={search_term_string}\"},\"query-input\":{\"@type\":\"PropertyValueSpecification\",\"valueRequired\":true,\"valueName\":\"search_term_string\"}}],\"inLanguage\":\"es\"}]}<\/script>\n<!-- \/ Yoast SEO plugin. -->","yoast_head_json":{"title":"Rese\u00f1a del software Casino V\u00e9rit\u00e9 Blackjack (CVBJ) - \u00a1Imprescindible para todos los jugadores serios!","description":"\u00bfQu\u00e9 es CVBJ? Imprescindible para todos los jugadores de ventaja serios, su software le permitir\u00e1 perfeccionar sus habilidades y le preparar\u00e1 para el casino.","robots":{"index":"index","follow":"follow","max-snippet":"max-snippet:-1","max-image-preview":"max-image-preview:large","max-video-preview":"max-video-preview:-1"},"canonical":"https:\/\/www.blackjackinfo.com\/es\/casino-verite-blackjack-la-herramienta-de-practica-definitiva\/","og_locale":"es_ES","og_type":"article","og_title":"Casino V\u00e9rit\u00e9 Blackjack (CVBJ) Software Review - A Must For All Serious Players!","og_description":"What is CVBJ? A must have for all serious advantage players, his software will allow you to hone your skills and prepare you for the casino","og_url":"https:\/\/www.blackjackinfo.com\/es\/casino-verite-blackjack-la-herramienta-de-practica-definitiva\/","og_site_name":"BlackjackInfo.com","article_modified_time":"2020-02-19T00:30:31+00:00","twitter_misc":{"Tiempo de lectura":"5 minutos"},"schema":{"@context":"https:\/\/schema.org","@graph":[{"@type":"WebPage","@id":"https:\/\/www.blackjackinfo.com\/casino-verite-blackjack-the-ultimate-practice-tool\/","url":"https:\/\/www.blackjackinfo.com\/casino-verite-blackjack-the-ultimate-practice-tool\/","name":"Rese\u00f1a del software Casino V\u00e9rit\u00e9 Blackjack (CVBJ) - \u00a1Imprescindible para todos los jugadores serios!","isPartOf":{"@id":"https:\/\/www.blackjackinfo.com\/#website"},"datePublished":"2018-09-07T04:26:05+00:00","dateModified":"2020-02-19T00:30:31+00:00","description":"\u00bfQu\u00e9 es CVBJ? Imprescindible para todos los jugadores de ventaja serios, su software le permitir\u00e1 perfeccionar sus habilidades y le preparar\u00e1 para el casino.","breadcrumb":{"@id":"https:\/\/www.blackjackinfo.com\/casino-verite-blackjack-the-ultimate-practice-tool\/#breadcrumb"},"inLanguage":"es","potentialAction":[{"@type":"ReadAction","target":["https:\/\/www.blackjackinfo.com\/casino-verite-blackjack-the-ultimate-practice-tool\/"]}]},{"@type":"BreadcrumbList","@id":"https:\/\/www.blackjackinfo.com\/casino-verite-blackjack-the-ultimate-practice-tool\/#breadcrumb","itemListElement":[{"@type":"ListItem","position":1,"name":"Home","item":"https:\/\/www.blackjackinfo.com\/"},{"@type":"ListItem","position":2,"name":"Casino V\u00e9rit\u00e9 Blackjack &#8211; The Ultimate Practice Tool"}]},{"@type":"WebSite","@id":"https:\/\/www.blackjackinfo.com\/#website","url":"https:\/\/www.blackjackinfo.com\/","name":"BlackjackInfo.com","description":"\u00a1Porque ganar es m\u00e1s divertido!","potentialAction":[{"@type":"SearchAction","target":{"@type":"EntryPoint","urlTemplate":"https:\/\/www.blackjackinfo.com\/?s={search_term_string}"},"query-input":{"@type":"PropertyValueSpecification","valueRequired":true,"valueName":"search_term_string"}}],"inLanguage":"es"}]}},"_links":{"self":[{"href":"https:\/\/www.blackjackinfo.com\/es\/wp-json\/wp\/v2\/pages\/4594","targetHints":{"allow":["GET"]}}],"collection":[{"href":"https:\/\/www.blackjackinfo.com\/es\/wp-json\/wp\/v2\/pages"}],"about":[{"href":"https:\/\/www.blackjackinfo.com\/es\/wp-json\/wp\/v2\/types\/page"}],"author":[{"embeddable":true,"href":"https:\/\/www.blackjackinfo.com\/es\/wp-json\/wp\/v2\/users\/6"}],"replies":[{"embeddable":true,"href":"https:\/\/www.blackjackinfo.com\/es\/wp-json\/wp\/v2\/comments?post=4594"}],"version-history":[{"count":7,"href":"https:\/\/www.blackjackinfo.com\/es\/wp-json\/wp\/v2\/pages\/4594\/revisions"}],"predecessor-version":[{"id":5481,"href":"https:\/\/www.blackjackinfo.com\/es\/wp-json\/wp\/v2\/pages\/4594\/revisions\/5481"}],"wp:attachment":[{"href":"https:\/\/www.blackjackinfo.com\/es\/wp-json\/wp\/v2\/media?parent=4594"}],"wp:term":[{"taxonomy":"post_tag","embeddable":true,"href":"https:\/\/www.blackjackinfo.com\/es\/wp-json\/wp\/v2\/tags?post=4594"}],"curies":[{"name":"wp","href":"https:\/\/api.w.org\/{rel}","templated":true}]}}