{"id":4619,"date":"2018-09-09T23:32:08","date_gmt":"2018-09-10T04:32:08","guid":{"rendered":"https:\/\/www.blackjackinfo.com\/?page_id=4619"},"modified":"2024-01-04T04:30:53","modified_gmt":"2024-01-04T10:30:53","slug":"nueva-jersey","status":"publish","type":"page","link":"https:\/\/www.blackjackinfo.com\/es\/online-blackjack\/new-jersey\/","title":{"rendered":"Blackjack en l\u00ednea de Nueva Jersey"},"content":{"rendered":"Si reside en el estado de Nueva Jersey, no le faltar\u00e1 donde elegir, ya que hay muchas <a href=\"https:\/\/www.blackjackinfo.com\/online-blackjack\/online-blackjack-variations\/\">variaciones de blackjack<\/a> disponible incluyendo <a href=\"https:\/\/www.blackjackinfo.com\/live-dealer-blackjack\/\">blackjack en vivo<\/a> en todos los casinos en l\u00ednea legales de Nueva Jersey.\r\n\r\nHemos reducido la selecci\u00f3n a 3 sitios que recomendamos y que ofrecen la mejor experiencia general si lo que buscas es jugar al blackjack online.\r\n<h2 id=\"recommended-new-jersey-casinos\">Los 3 mejores casinos de Nueva Jersey para jugar al blackjack<\/h2>\r\n<div class=\"row\">\r\n<div class=\"col-sm-4\">\r\n<div class=\"panel casino-panel panel-default text-center\">\r\n<div class=\"panel-body\">\r\n<div class=\"logo\"><img decoding=\"async\" style=\"height: 100px;\" src=\"https:\/\/www.blackjackinfo.com\/files\/party-casino-logo.png\" height=\"100px\" data-no-auto-translation=\"\" \/><\/div>\r\n<div class=\"star-rating\"><\/div>\r\n<div class=\"bonus-text\"><strong>100% hasta $500<\/strong><\/div>\r\n<a class=\"btn btn-blue\" href=\"https:\/\/www.blackjackinfo.com\/goto\/888-1500-welcome-bonus\/\" target=\"_blank\" rel=\"nofollow noopener noreferrer\" data-linkid=\"2840\">Jugar ahora<\/a>\r\n\r\n<\/div>\r\n<\/div>\r\n<\/div>\r\n<div class=\"col-sm-4\">\r\n<div class=\"panel casino-panel panel-default text-center\">\r\n<div class=\"panel-body\">\r\n<div class=\"logo\"><img decoding=\"async\" style=\"height: 100px;\" src=\"https:\/\/www.blackjackinfo.com\/files\/golden-nugget-logo.png\" height=\"100px\" data-no-auto-translation=\"\" \/><\/div>\r\n<div class=\"star-rating\"><\/div>\r\n<div class=\"bonus-text\"><strong>$20 Bono Sin Dep\u00f3sito<\/strong><\/div>\r\n<a class=\"btn btn-blue\" href=\"https:\/\/www.blackjackinfo.com\/goto\/golden-nugget-homepage\/\" target=\"_blank\" rel=\"nofollow noopener noreferrer\" data-linkid=\"2840\">Jugar ahora<\/a>\r\n\r\n<\/div>\r\n<\/div>\r\n<\/div>\r\n<div class=\"col-sm-4\">\r\n<div class=\"panel casino-panel panel-default text-center\">\r\n<div class=\"panel-body\">\r\n<div class=\"logo\"><img decoding=\"async\" style=\"height: 100px;\" src=\"https:\/\/www.blackjackinfo.com\/files\/888-casino-logo.png\" height=\"100px\" data-no-auto-translation=\"\" \/><\/div>\r\n<div class=\"star-rating\"><\/div>\r\n<div class=\"bonus-text\"><strong>$20 Bono Sin Dep\u00f3sito<\/strong><\/div>\r\n<a class=\"btn btn-blue\" href=\"https:\/\/www.blackjackinfo.com\/goto\/party-casino-homepage\/\" target=\"_blank\" rel=\"nofollow noopener noreferrer\" data-linkid=\"2840\">Jugar ahora<\/a>\r\n\r\n<\/div>\r\n<\/div>\r\n<\/div>\r\n<\/div>\r\n<h2 id=\"golden-nugget\">La pepita de oro<\/h2>\r\nUno de los casinos en l\u00ednea m\u00e1s populares de Nueva Jersey, Golden Nugget ofrece un buen bono sin dep\u00f3sito $20 para los reci\u00e9n llegados cuando se utiliza el c\u00f3digo PLAY20. Su popularidad se debe en gran medida a la capacidad de proporcionar una gran diversidad de opciones de juego, ya que utilizan m\u00faltiples proveedores de software para alimentar su cat\u00e1logo, que incluye Ezugi, NYX, IGT, Slingo y otros. <a href=\"https:\/\/www.blackjackinfo.com\/software\/net-entertainment\/\">NetEnt<\/a>.\r\n<h3 id=\"golden-nugget-live-blackjack\">Blackjack en vivo Golden Nugget<\/h3>\r\nGolden Nugget, uno de los pocos casinos en l\u00ednea que ofrece blackjack en vivo a los residentes de Nueva Jersey, cuenta actualmente con 5 mesas retransmitidas en directo con tecnolog\u00eda de <a href=\"https:\/\/www.blackjackinfo.com\/software\/ezugi\/\">Ezugi<\/a> que est\u00e1n abiertos todos los d\u00edas de 12 de la noche a 3 de la madrugada (hora del Este) e incluyen:\r\n<div class=\"row\">\r\n<div class=\"col-sm-4\">\r\n<div class=\"game-panel panel panel-default\">\r\n<div class=\"panel-thumbnail\"><img loading=\"lazy\" decoding=\"async\" class=\"img-responsive\" src=\"https:\/\/www.blackjackinfo.com\/files\/ezugi-american-blackjack-screenshot-300x169.jpg\" sizes=\"auto, (max-width: 300px) 100vw, 300px\" srcset=\"https:\/\/www.blackjackinfo.com\/files\/ezugi-american-blackjack-screenshot-300x169.jpg 300w, https:\/\/www.blackjackinfo.com\/files\/ezugi-american-blackjack-screenshot-768x432.jpg 768w, https:\/\/www.blackjackinfo.com\/files\/ezugi-american-blackjack-screenshot.jpg 1024w\" alt=\"Ezugi American Blackjack Screenshot\" width=\"300\" height=\"169\" data-no-auto-translation=\"\" \/><\/div>\r\n<div class=\"panel-body\">\r\n<h3>Blackjack<\/h3>\r\n<\/div>\r\n<\/div>\r\n<\/div>\r\n<div class=\"col-sm-4\">\r\n<div class=\"game-panel panel panel-default\">\r\n<div class=\"panel-thumbnail\"><img loading=\"lazy\" decoding=\"async\" class=\"img-responsive\" src=\"https:\/\/www.blackjackinfo.com\/files\/Blackjack-Unlimited-300x169.png\" sizes=\"auto, (max-width: 300px) 100vw, 300px\" srcset=\"https:\/\/www.blackjackinfo.com\/files\/Blackjack-Unlimited-300x169.png 300w, https:\/\/www.blackjackinfo.com\/files\/Blackjack-Unlimited-768x432.png 768w, https:\/\/www.blackjackinfo.com\/files\/Blackjack-Unlimited-1024x576.png 1024w, https:\/\/www.blackjackinfo.com\/files\/Blackjack-Unlimited-610x343.png 610w, https:\/\/www.blackjackinfo.com\/files\/Blackjack-Unlimited.png 1366w\" alt=\"Ezugi Unlimited Blackjack\" width=\"300\" height=\"169\" data-no-auto-translation=\"\" \/><\/div>\r\n<div class=\"panel-body\">\r\n<h3>Blackjack ilimitado<\/h3>\r\n<\/div>\r\n<\/div>\r\n<\/div>\r\n<\/div>\r\n<h3 id=\"rng-blackjack\">Blackjack en l\u00ednea Golden Nugget<\/h3>\r\nGolden Nugget tiene un cat\u00e1logo muy diverso de mesas de blackjack en l\u00ednea y tiene la mayor cantidad de variaciones disponibles en comparaci\u00f3n con sus competidores.\r\nEntre ellas se incluyen:\r\n<div class=\"table-responsive\">\r\n<table class=\"table table-striped\">\r\n<tbody>\r\n<tr>\r\n<th>Juego<\/th>\r\n<th>Software<\/th>\r\n<th>Tabla L\u00edmites<\/th>\r\n<th>Borde de la casa<\/th>\r\n<\/tr>\r\n<tr>\r\n<td>Blackjack<\/td>\r\n<td>NetEnt<\/td>\r\n<td>$1 - $1.000<\/td>\r\n<td>0.41%<\/td>\r\n<\/tr>\r\n<tr>\r\n<td>Blackjack<\/td>\r\n<td>IGT<\/td>\r\n<td>$1 - $200<\/td>\r\n<td>0.40%<\/td>\r\n<\/tr>\r\n<tr>\r\n<td>Blackjack Multi-Mano<\/td>\r\n<td>NYX<\/td>\r\n<td>$25 - 1.000<\/td>\r\n<td>0.87%<\/td>\r\n<\/tr>\r\n<tr>\r\n<td>Blackjack Multi-Mano - L\u00edmite Bajo<\/td>\r\n<td>NYX<\/td>\r\n<td>$2,50 - $1.000<\/td>\r\n<td>0.87%<\/td>\r\n<\/tr>\r\n<tr>\r\n<td>Blackjack Xchange<\/td>\r\n<td>Slingo<\/td>\r\n<td>$0,25 - $2,500<\/td>\r\n<td>1.00%<\/td>\r\n<\/tr>\r\n<tr>\r\n<td>Blackjack de varias manos<\/td>\r\n<td>IGT<\/td>\r\n<td>$1 - $1.000<\/td>\r\n<td>0.40%<\/td>\r\n<\/tr>\r\n<tr>\r\n<td>Apuesta paralela Blackjack<\/td>\r\n<td>NYX<\/td>\r\n<td>$1 - $500<\/td>\r\n<td>0.46%<\/td>\r\n<\/tr>\r\n<tr>\r\n<td>Atlantic City Micro de una mano<\/td>\r\n<td>NYX<\/td>\r\n<td>$2.50 - $100<\/td>\r\n<td>0.87%<\/td>\r\n<\/tr>\r\n<tr>\r\n<td>Atlantic City Mano a Mano<\/td>\r\n<td>NYX<\/td>\r\n<td>$25 - $1.000<\/td>\r\n<td>0.87%<\/td>\r\n<\/tr>\r\n<tr>\r\n<td>Atlantic City Singlehand VIP<\/td>\r\n<td>NYX<\/td>\r\n<td>$250 - $1.000<\/td>\r\n<td>0.87%<\/td>\r\n<\/tr>\r\n<tr>\r\n<td>Blackjack en Las Vegas<\/td>\r\n<td>NYX<\/td>\r\n<td>$1- $100<\/td>\r\n<td>0.40%<\/td>\r\n<\/tr>\r\n<tr>\r\n<td>Blackjack Micro L\u00edmite 0.10<\/td>\r\n<td>NYX<\/td>\r\n<td>$0.10- $10<\/td>\r\n<td>0.40%<\/td>\r\n<\/tr>\r\n<tr>\r\n<td>Blackjack Micro L\u00edmite 0.50<\/td>\r\n<td>NYX<\/td>\r\n<td>$0.50- $25<\/td>\r\n<td>0.40%<\/td>\r\n<\/tr>\r\n<\/tbody>\r\n<\/table>\r\n<\/div>\r\n<h2 id=\"888\">888<\/h2>\r\nUna de las mayores marcas de casino en l\u00ednea, si no la mayor, 888 se ha establecido como l\u00edder destacado del sector durante m\u00e1s de 2 d\u00e9cadas y tiene presencia en Nueva Jersey, Delaware y Nevada.\r\n\r\nTienen un buen bono sin dep\u00f3sito de $20 para los reci\u00e9n llegados y, aunque no tienen un cat\u00e1logo tan extenso de opciones de blackjack online como Golden Nugget, sus crupieres de blackjack en vivo son magn\u00edficos.\r\n<h3 id=\"888-live-blackjack\">888 Blackjack en vivo<\/h3>\r\n888 son actualmente los \u00fanicos de Nueva Jersey alimentados por <a href=\"https:\/\/www.blackjackinfo.com\/software\/evolution-gaming\/\">Juegos Evolution<\/a> que son el est\u00e1ndar l\u00edder cuando se trata de blackjack en vivo.\r\n\r\nSus opciones de blackjack en vivo incluyen:\r\n<div class=\"row\">\r\n<div class=\"col-sm-4\">\r\n<div class=\"game-panel panel panel-default\">\r\n<div class=\"panel-thumbnail\"><a href=\"\/files\/evolution-gaming-blackjack-screenshot-3.jpg\"><img loading=\"lazy\" decoding=\"async\" class=\"alignnone size-medium wp-image-4437\" src=\"\/files\/evolution-gaming-blackjack-screenshot-3-300x169.jpg\" alt=\"\" width=\"300\" height=\"169\" data-no-auto-translation=\"\" \/><\/a><\/div>\r\n<div class=\"panel-body\">\r\n<h3>Blackjack<\/h3>\r\n<\/div>\r\n<\/div>\r\n<\/div>\r\n<div class=\"col-sm-4\">\r\n<div class=\"game-panel panel panel-default\">\r\n<div class=\"panel-thumbnail\"><a href=\"\/files\/888-blackjack-table-3.jpg\"><img loading=\"lazy\" decoding=\"async\" class=\"alignnone size-medium wp-image-4435\" src=\"\/files\/888-blackjack-table-3-300x169.jpg\" alt=\"\" width=\"300\" height=\"169\" srcset=\"https:\/\/www.blackjackinfo.com\/files\/888-blackjack-table-3-300x169.jpg 300w, https:\/\/www.blackjackinfo.com\/files\/888-blackjack-table-3-768x432.jpg 768w, https:\/\/www.blackjackinfo.com\/files\/888-blackjack-table-3.jpg 1024w\" sizes=\"auto, (max-width: 300px) 100vw, 300px\" data-no-auto-translation=\"\" \/><\/a><\/div>\r\n<div class=\"panel-body\">\r\n<h3>Fiesta de Blackjack<\/h3>\r\n<\/div>\r\n<\/div>\r\n<\/div>\r\n<\/div>\r\n<h3 id=\"888-online-blackjack\">888 Blackjack en l\u00ednea<\/h3>\r\nSi est\u00e1s buscando jugar al blackjack online normal, desafortunadamente 888 no tiene muchas opciones que ofrecer actualmente:\r\n<div class=\"table-responsive\">\r\n<table class=\"table table-striped\">\r\n<tbody>\r\n<tr>\r\n<th>Juego<\/th>\r\n<th>Software<\/th>\r\n<th>Borde de la casa<\/th>\r\n<\/tr>\r\n<tr>\r\n<td>Blackjack cl\u00e1sico<\/td>\r\n<td>Software Random Logic<\/td>\r\n<td>0.33%<\/td>\r\n<\/tr>\r\n<tr>\r\n<td>Blackjack americano<\/td>\r\n<td>Software Random Logic<\/td>\r\n<td>0.48%<\/td>\r\n<\/tr>\r\n<\/tbody>\r\n<\/table>\r\n<\/div>\r\n<h2 id=\"party-casino\">Casino Party<\/h2>\r\nOperando desde 1997 (bajo el nombre original de Starluck Casino), Party Casino es un l\u00edder de la industria y abri\u00f3 el negocio a los residentes de NJ en marzo de 2018. Tienen un plan de devoluci\u00f3n de dinero decente para los miembros leales, aunque solo es de 0,05% por jugar al Blackjack.\r\n\r\nActualmente tienen un bono de bienvenida de 100% hasta $500 para los reci\u00e9n llegados que usen el c\u00f3digo WELCOMEBONUS.\r\n<h3 id=\"party-casino-live-blackjack\">Party Casino Blackjack en vivo<\/h3>\r\nDesarrollado por Evolution Gaming, Party Casino ofrece la mejor experiencia de blackjack en vivo posible y tiene mesas disponibles en todo momento. Sus mesas de blackjack en vivo incluyen:\r\n<div class=\"row\">\r\n<div class=\"col-sm-4\">\r\n<div class=\"game-panel panel panel-default\">\r\n<div class=\"panel-thumbnail\"><a href=\"\/files\/evolution-gaming-blackjack-screenshot.jpg\"><img loading=\"lazy\" decoding=\"async\" class=\"alignnone size-medium wp-image-3538\" src=\"\/files\/evolution-gaming-blackjack-screenshot-300x169.jpg\" alt=\"\" width=\"300\" height=\"169\" srcset=\"https:\/\/www.blackjackinfo.com\/files\/evolution-gaming-blackjack-screenshot-300x169.jpg 300w, https:\/\/www.blackjackinfo.com\/files\/evolution-gaming-blackjack-screenshot-768x432.jpg 768w, https:\/\/www.blackjackinfo.com\/files\/evolution-gaming-blackjack-screenshot.jpg 1024w, https:\/\/www.blackjackinfo.com\/files\/evolution-gaming-blackjack-screenshot-610x343.jpg 610w\" sizes=\"auto, (max-width: 300px) 100vw, 300px\" data-no-auto-translation=\"\" \/><\/a><\/div>\r\n<div class=\"panel-body\">\r\n<h3>Blackjack<\/h3>\r\n<\/div>\r\n<\/div>\r\n<\/div>\r\n<div class=\"col-sm-4\">\r\n<div class=\"game-panel panel panel-default\">\r\n<div class=\"panel-thumbnail\"><a href=\"\/files\/bitstarz-blackjack-party-screenshot.jpg\"><img loading=\"lazy\" decoding=\"async\" class=\"alignnone size-medium wp-image-3498\" src=\"\/files\/bitstarz-blackjack-party-screenshot-300x169.jpg\" alt=\"\" width=\"300\" height=\"169\" srcset=\"https:\/\/www.blackjackinfo.com\/files\/bitstarz-blackjack-party-screenshot-300x169.jpg 300w, https:\/\/www.blackjackinfo.com\/files\/bitstarz-blackjack-party-screenshot-768x432.jpg 768w, https:\/\/www.blackjackinfo.com\/files\/bitstarz-blackjack-party-screenshot-610x343.jpg 610w, https:\/\/www.blackjackinfo.com\/files\/bitstarz-blackjack-party-screenshot.jpg 800w\" sizes=\"auto, (max-width: 300px) 100vw, 300px\" data-no-auto-translation=\"\" \/><\/a><\/div>\r\n<div class=\"panel-body\">\r\n<h3>Fiesta de Blackjack<\/h3>\r\n<\/div>\r\n<\/div>\r\n<\/div>\r\n<\/div>\r\n<h3 id=\"party-casino-online-blackjack\">Party Casino Blackjack en l\u00ednea<\/h3>\r\n<div class=\"table-responsive\">\r\n<table class=\"table table-striped\">\r\n<tbody>\r\n<tr>\r\n<th>Juego<\/th>\r\n<th>Software<\/th>\r\n<th>Borde de la casa<\/th>\r\n<\/tr>\r\n<tr>\r\n<td>Blackjack<\/td>\r\n<td>NetEnt<\/td>\r\n<td>0.44%<\/td>\r\n<\/tr>\r\n<tr>\r\n<td>Blackjack<\/td>\r\n<td>IGT<\/td>\r\n<td>0.40%<\/td>\r\n<\/tr>\r\n<tr>\r\n<td>Blackjack Vegas Downtown Multihand<\/td>\r\n<td>Bwin<\/td>\r\n<td>0.61%<\/td>\r\n<\/tr>\r\n<tr>\r\n<td>Blackjack Multi-Mano Pro<\/td>\r\n<td>Bwin<\/td>\r\n<td>0.61%<\/td>\r\n<\/tr>\r\n<\/tbody>\r\n<\/table>\r\n<\/div>\r\n<h2 id=\"how-did-we-select-our-recommendations\">\u00bfC\u00f3mo hemos seleccionado nuestras recomendaciones?<\/h2>\r\nInternet est\u00e1 plagado de muchos casinos online de reputaci\u00f3n y servicios diversos, por lo que hemos querido ofrecer una lista honesta de recomendaciones basada en los siguientes criterios:\r\n<h3 id=\"are-they-licensed\">\u00bfTienen licencia?<\/h3>\r\nSi reside en Nueva Jersey, aseg\u00farese de jugar en un casino en l\u00ednea que haya sido <strong>legalmente autorizadas y autorizadas<\/strong> por el <a href=\"https:\/\/nj.gov\/lps\/ge\/index.html\">Divisi\u00f3n de Control del Juego (DGE)<\/a>. Hay muchos casinos en l\u00ednea que no tienen licencia oficial y que son aut\u00e9nticas estafas que buscan robarle su dinero y su identidad.\r\n<img loading=\"lazy\" decoding=\"async\" class=\"img-shadow-box pull-right\" src=\"\/files\/dge-logo-300x150.png\" sizes=\"auto, (max-width: 300px) 100vw, 300px\" srcset=\"https:\/\/www.blackjackinfo.com\/files\/dge-logo-300x150.png 300w, https:\/\/www.blackjackinfo.com\/files\/dge-logo.png 318w\" alt=\"\" width=\"300\" height=\"150\" data-no-auto-translation=\"\" \/>\r\nS\u00f3lo los sitios que est\u00e1n en <a href=\"https:\/\/www.nj.gov\/oag\/ge\/gamingsites.html\">Lista oficial de la DGE<\/a> han obtenido licencia para ofrecer blackjack en l\u00ednea y cualquier sitio que est\u00e9 <strong>NO<\/strong> enumerados deben evitarse inmediatamente.\r\n\r\nNos aseguramos de que cualquier casino de Nueva Jersey que aparezca en la lista de la ICJ tenga licencia y est\u00e9 aprobado para permitir legalmente el blackjack online.\r\n<h3 id=\"overall-blackjack-experience\">Experiencia general en Blackjack<\/h3>\r\nLa mayor ventaja que Golden Nugget, 888 y Party Casino tienen sobre los dem\u00e1s es que disponen de opciones de blackjack en vivo, mientras que muchos otros casinos con sede en Nueva Jersey a\u00fan no pueden ofrecerlo.\r\n<img loading=\"lazy\" decoding=\"async\" class=\"img-shadow-box pull-right\" src=\"\/files\/live-blackjack-300x200.png\" alt=\"\" width=\"300\" height=\"200\" data-no-auto-translation=\"\" \/>\r\nGolden Nugget, en particular, tiene la mayor diversidad de variantes de blackjack en l\u00ednea (como se indica m\u00e1s arriba), raz\u00f3n por la cual aparece en primer lugar.\r\n\r\nLo que hace a 888 y Party Casino fuertes contendientes es su utilizaci\u00f3n del software Evolution Gaming, que permite la mejor experiencia de blackjack en vivo disponible.\r\n<h3 id=\"what-promotions-are-provided\">\u00bfQu\u00e9 promociones se ofrecen?<\/h3>\r\nPara los reci\u00e9n llegados, Golden Nugget y 888 ofrecen sin duda las mejores promociones disponibles, ya que ambos ofrecen un bono sin dep\u00f3sito de $20.\r\n<img loading=\"lazy\" decoding=\"async\" class=\"img-shadow-box pull-right\" src=\"\/files\/casino-promotions-e1536730070213.jpg\" alt=\"\" width=\"250\" height=\"216\" data-no-auto-translation=\"\" \/>\r\nEsto te permite probar sus juegos de blackjack online gratis sin tener que arriesgar tu propio dinero.\r\n\r\nEl bono de bienvenida de Party Casino no es tan impresionante, sin embargo, tienen un sistema de devoluci\u00f3n de dinero decente para los jugadores leales que te recompensa cada vez que haces una apuesta.\r\n<h2 id=\"registration-details-required\">Datos de registro obligatorios<\/h2>\r\nUna cosa que quiz\u00e1s haya pillado desprevenidas a algunas personas es la cantidad de datos necesarios para jugar. Los casinos en l\u00ednea de Nueva Jersey est\u00e1n obligados por ley a hacer todo lo posible para verificar la identidad de sus clientes con el fin de protegerse de posibles esquemas de lavado de dinero.\r\n\r\nCon esto en mente, es bastante com\u00fan que los casinos de NJ pidan detalles que incluyan su nombre, direcci\u00f3n, fecha de nacimiento y direcci\u00f3n de correo electr\u00f3nico. <a href=\"https:\/\/www.gamblinggurus.com\/gambling-articles\/why-do-nj-casinos-require-social-security-number\/\">n\u00famero de la seguridad social<\/a>.\r\n\r\n<!-- \/wp:post-content -->","protected":false},"excerpt":{"rendered":"<p>If you reside in the state of New Jersey, you are going to be spoilt for choice as there are many blackjack variations available including live blackjack at all of the legal online casinos in New Jersey. We&#8217;ve narrowed the selection down to 3 sites we recommend that provide the best overall experience if you [&hellip;]<\/p>\n","protected":false},"author":4,"featured_media":0,"parent":1928,"menu_order":0,"comment_status":"closed","ping_status":"closed","template":"page-with-sidebar.php","meta":{"_acf_changed":false,"footnotes":""},"tags":[],"class_list":["post-4619","page","type-page","status-publish","hentry"],"acf":[],"yoast_head":"<!-- This site is optimized with the Yoast SEO plugin v26.6 - https:\/\/yoast.com\/wordpress\/plugins\/seo\/ -->\n<title>\u25b7 Top 3 New Jersey Casinos for Online Blackjack [2019]<\/title>\n<meta name=\"description\" content=\"See who made our top 3 list of online casinos for online blackjack. Which New Jersey casinos have the best promotions, game variety and customer experience?\" \/>\n<meta name=\"robots\" content=\"index, follow, max-snippet:-1, max-image-preview:large, max-video-preview:-1\" \/>\n<link rel=\"canonical\" href=\"https:\/\/www.blackjackinfo.com\/es\/blackjack-online-2\/nueva-jersey\/\" \/>\n<meta property=\"og:locale\" content=\"es_ES\" \/>\n<meta property=\"og:type\" content=\"article\" \/>\n<meta property=\"og:title\" content=\"\u25b7 Top 3 New Jersey Casinos for Online Blackjack [2019]\" \/>\n<meta property=\"og:description\" content=\"See who made our top 3 list of online casinos for online blackjack. Which New Jersey casinos have the best promotions, game variety and customer experience?\" \/>\n<meta property=\"og:url\" content=\"https:\/\/www.blackjackinfo.com\/es\/blackjack-online-2\/nueva-jersey\/\" \/>\n<meta property=\"og:site_name\" content=\"BlackjackInfo.com\" \/>\n<meta property=\"article:modified_time\" content=\"2024-01-04T10:30:53+00:00\" \/>\n<meta property=\"og:image\" content=\"https:\/\/www.blackjackinfo.com\/files\/party-casino-logo.png\" \/>\n<meta name=\"twitter:label1\" content=\"Tiempo de lectura\" \/>\n\t<meta name=\"twitter:data1\" content=\"4 minutos\" \/>\n<script type=\"application\/ld+json\" class=\"yoast-schema-graph\">{\"@context\":\"https:\/\/schema.org\",\"@graph\":[{\"@type\":\"WebPage\",\"@id\":\"https:\/\/www.blackjackinfo.com\/online-blackjack\/new-jersey\/\",\"url\":\"https:\/\/www.blackjackinfo.com\/online-blackjack\/new-jersey\/\",\"name\":\"\u25b7 Top 3 New Jersey Casinos for Online Blackjack [2019]\",\"isPartOf\":{\"@id\":\"https:\/\/www.blackjackinfo.com\/#website\"},\"primaryImageOfPage\":{\"@id\":\"https:\/\/www.blackjackinfo.com\/online-blackjack\/new-jersey\/#primaryimage\"},\"image\":{\"@id\":\"https:\/\/www.blackjackinfo.com\/online-blackjack\/new-jersey\/#primaryimage\"},\"thumbnailUrl\":\"https:\/\/www.blackjackinfo.com\/files\/party-casino-logo.png\",\"datePublished\":\"2018-09-10T04:32:08+00:00\",\"dateModified\":\"2024-01-04T10:30:53+00:00\",\"description\":\"See who made our top 3 list of online casinos for online blackjack. Which New Jersey casinos have the best promotions, game variety and customer experience?\",\"breadcrumb\":{\"@id\":\"https:\/\/www.blackjackinfo.com\/online-blackjack\/new-jersey\/#breadcrumb\"},\"inLanguage\":\"es\",\"potentialAction\":[{\"@type\":\"ReadAction\",\"target\":[\"https:\/\/www.blackjackinfo.com\/online-blackjack\/new-jersey\/\"]}]},{\"@type\":\"ImageObject\",\"inLanguage\":\"es\",\"@id\":\"https:\/\/www.blackjackinfo.com\/online-blackjack\/new-jersey\/#primaryimage\",\"url\":\"https:\/\/www.blackjackinfo.com\/files\/party-casino-logo.png\",\"contentUrl\":\"https:\/\/www.blackjackinfo.com\/files\/party-casino-logo.png\"},{\"@type\":\"BreadcrumbList\",\"@id\":\"https:\/\/www.blackjackinfo.com\/online-blackjack\/new-jersey\/#breadcrumb\",\"itemListElement\":[{\"@type\":\"ListItem\",\"position\":1,\"name\":\"Home\",\"item\":\"https:\/\/www.blackjackinfo.com\/\"},{\"@type\":\"ListItem\",\"position\":2,\"name\":\"Online Blackjack for Real Money\",\"item\":\"https:\/\/www.blackjackinfo.com\/online-blackjack\/\"},{\"@type\":\"ListItem\",\"position\":3,\"name\":\"New Jersey Online Blackjack\"}]},{\"@type\":\"WebSite\",\"@id\":\"https:\/\/www.blackjackinfo.com\/#website\",\"url\":\"https:\/\/www.blackjackinfo.com\/\",\"name\":\"BlackjackInfo.com\",\"description\":\"Because Winning is More Fun!\",\"potentialAction\":[{\"@type\":\"SearchAction\",\"target\":{\"@type\":\"EntryPoint\",\"urlTemplate\":\"https:\/\/www.blackjackinfo.com\/?s={search_term_string}\"},\"query-input\":{\"@type\":\"PropertyValueSpecification\",\"valueRequired\":true,\"valueName\":\"search_term_string\"}}],\"inLanguage\":\"es\"}]}<\/script>\n<!-- \/ Yoast SEO plugin. -->","yoast_head_json":{"title":"\u25b7 Top 3 New Jersey Casinos for Online Blackjack [2019]","description":"Vea qui\u00e9n ha entrado en nuestra lista de los 3 mejores casinos para jugar al blackjack online. Qu\u00e9 casinos de Nueva Jersey tienen las mejores promociones, variedad de juegos y experiencia del cliente?","robots":{"index":"index","follow":"follow","max-snippet":"max-snippet:-1","max-image-preview":"max-image-preview:large","max-video-preview":"max-video-preview:-1"},"canonical":"https:\/\/www.blackjackinfo.com\/es\/blackjack-online-2\/nueva-jersey\/","og_locale":"es_ES","og_type":"article","og_title":"\u25b7 Top 3 New Jersey Casinos for Online Blackjack [2019]","og_description":"See who made our top 3 list of online casinos for online blackjack. Which New Jersey casinos have the best promotions, game variety and customer experience?","og_url":"https:\/\/www.blackjackinfo.com\/es\/blackjack-online-2\/nueva-jersey\/","og_site_name":"BlackjackInfo.com","article_modified_time":"2024-01-04T10:30:53+00:00","og_image":[{"url":"https:\/\/www.blackjackinfo.com\/files\/party-casino-logo.png","type":"","width":"","height":""}],"twitter_misc":{"Tiempo de lectura":"4 minutos"},"schema":{"@context":"https:\/\/schema.org","@graph":[{"@type":"WebPage","@id":"https:\/\/www.blackjackinfo.com\/online-blackjack\/new-jersey\/","url":"https:\/\/www.blackjackinfo.com\/online-blackjack\/new-jersey\/","name":"\u25b7 Top 3 New Jersey Casinos for Online Blackjack [2019]","isPartOf":{"@id":"https:\/\/www.blackjackinfo.com\/#website"},"primaryImageOfPage":{"@id":"https:\/\/www.blackjackinfo.com\/online-blackjack\/new-jersey\/#primaryimage"},"image":{"@id":"https:\/\/www.blackjackinfo.com\/online-blackjack\/new-jersey\/#primaryimage"},"thumbnailUrl":"https:\/\/www.blackjackinfo.com\/files\/party-casino-logo.png","datePublished":"2018-09-10T04:32:08+00:00","dateModified":"2024-01-04T10:30:53+00:00","description":"Vea qui\u00e9n ha entrado en nuestra lista de los 3 mejores casinos para jugar al blackjack online. Qu\u00e9 casinos de Nueva Jersey tienen las mejores promociones, variedad de juegos y experiencia del cliente?","breadcrumb":{"@id":"https:\/\/www.blackjackinfo.com\/online-blackjack\/new-jersey\/#breadcrumb"},"inLanguage":"es","potentialAction":[{"@type":"ReadAction","target":["https:\/\/www.blackjackinfo.com\/online-blackjack\/new-jersey\/"]}]},{"@type":"ImageObject","inLanguage":"es","@id":"https:\/\/www.blackjackinfo.com\/online-blackjack\/new-jersey\/#primaryimage","url":"https:\/\/www.blackjackinfo.com\/files\/party-casino-logo.png","contentUrl":"https:\/\/www.blackjackinfo.com\/files\/party-casino-logo.png"},{"@type":"BreadcrumbList","@id":"https:\/\/www.blackjackinfo.com\/online-blackjack\/new-jersey\/#breadcrumb","itemListElement":[{"@type":"ListItem","position":1,"name":"Home","item":"https:\/\/www.blackjackinfo.com\/"},{"@type":"ListItem","position":2,"name":"Online Blackjack for Real Money","item":"https:\/\/www.blackjackinfo.com\/online-blackjack\/"},{"@type":"ListItem","position":3,"name":"New Jersey Online Blackjack"}]},{"@type":"WebSite","@id":"https:\/\/www.blackjackinfo.com\/#website","url":"https:\/\/www.blackjackinfo.com\/","name":"BlackjackInfo.com","description":"\u00a1Porque ganar es m\u00e1s divertido!","potentialAction":[{"@type":"SearchAction","target":{"@type":"EntryPoint","urlTemplate":"https:\/\/www.blackjackinfo.com\/?s={search_term_string}"},"query-input":{"@type":"PropertyValueSpecification","valueRequired":true,"valueName":"search_term_string"}}],"inLanguage":"es"}]}},"_links":{"self":[{"href":"https:\/\/www.blackjackinfo.com\/es\/wp-json\/wp\/v2\/pages\/4619","targetHints":{"allow":["GET"]}}],"collection":[{"href":"https:\/\/www.blackjackinfo.com\/es\/wp-json\/wp\/v2\/pages"}],"about":[{"href":"https:\/\/www.blackjackinfo.com\/es\/wp-json\/wp\/v2\/types\/page"}],"author":[{"embeddable":true,"href":"https:\/\/www.blackjackinfo.com\/es\/wp-json\/wp\/v2\/users\/4"}],"replies":[{"embeddable":true,"href":"https:\/\/www.blackjackinfo.com\/es\/wp-json\/wp\/v2\/comments?post=4619"}],"version-history":[{"count":42,"href":"https:\/\/www.blackjackinfo.com\/es\/wp-json\/wp\/v2\/pages\/4619\/revisions"}],"predecessor-version":[{"id":5857,"href":"https:\/\/www.blackjackinfo.com\/es\/wp-json\/wp\/v2\/pages\/4619\/revisions\/5857"}],"up":[{"embeddable":true,"href":"https:\/\/www.blackjackinfo.com\/es\/wp-json\/wp\/v2\/pages\/1928"}],"wp:attachment":[{"href":"https:\/\/www.blackjackinfo.com\/es\/wp-json\/wp\/v2\/media?parent=4619"}],"wp:term":[{"taxonomy":"post_tag","embeddable":true,"href":"https:\/\/www.blackjackinfo.com\/es\/wp-json\/wp\/v2\/tags?post=4619"}],"curies":[{"name":"wp","href":"https:\/\/api.w.org\/{rel}","templated":true}]}}