{"id":5052,"date":"2018-11-11T18:31:55","date_gmt":"2018-11-12T00:31:55","guid":{"rendered":"https:\/\/www.blackjackinfo.com\/?page_id=5052"},"modified":"2020-02-18T18:27:05","modified_gmt":"2020-02-19T00:27:05","slug":"que-es-wonging-en-blackjack","status":"publish","type":"page","link":"https:\/\/www.blackjackinfo.com\/es\/what-is-wonging-in-blackjack\/","title":{"rendered":"\u00bfQu\u00e9 es Wonging (en Blackjack)?"},"content":{"rendered":"<h2>Introducci\u00f3n al Wonging<\/h2>\n<p>La estrategia de juego conocida como \"Wonging\" tiene una aplicaci\u00f3n amplia y variada, pero est\u00e1 m\u00e1s estrechamente relacionada con el juego del blackjack. B\u00e1sicamente, la practican los jugadores que cuentan las cartas en una o varias mesas de blackjack del casino y, bas\u00e1ndose en el recuento, eligen el mejor momento para entrar en el juego.<\/p>\n<h2>\u00bfQui\u00e9n invent\u00f3 el wonging?<\/h2>\n<p>No se sabe qui\u00e9n fue la persona exacta que invent\u00f3 la estrategia Wonging, ya que desde hace tiempo se sabe que los jugadores saltan de una mesa a otra a mitad de la partida. Sin embargo, el autor de blackjack <a href=\"https:\/\/en.wikipedia.org\/wiki\/Stanford_Wong\">Jack Ferguson<\/a>, m\u00e1s conocido por su alias Stanford Wong, propag\u00f3 y desarroll\u00f3 en gran medida esta estrategia en sus publicaciones, lo que llev\u00f3 a la gente a bautizarlo con su seud\u00f3nimo.\n<\/p>\n<p><a href=\"\/interviews\/stanford-wong\/\">En 2014, BlackjackInfo realiz\u00f3 una entrevista a Stanford Wong que puedes encontrar aqu\u00ed. <\/a><br \/>\n<div class=\"row\" style=\"margin-bottom:20px\">\n    <div class=\"col-sm-12\">\n                <h2>Los mejores casinos online de EE.UU. <span\n                class=\"flag-icon flag-icon-us\"><\/span><\/h2>\n\n        \n                \n        <div class=\"ranking-table text-center\">\n            <div class=\"row flex ad-row\">\n                <div class=\"col-sm-3\">\n                    <div class=\"row flex\">\n\n                        <div class=\"col-sm-3\">\n                            <div class=\"ranking-number text-center\">\n\n                                1                                \n                            <\/div>\n                        <\/div>\n                        <div class=\"col-sm-9\">\n                            <img decoding=\"async\" src=\"https:\/\/www.blackjackinfo.com\/files\/bovada.png\" data-no-auto-translation=\"\">\n                        <\/div>\n                    <\/div>\n                <\/div>\n                <div class=\"col-sm-4\">\n                    <div class=\"bonus-text text-center\"><span class=\"red\">100% hasta $1.000<\/span><\/div>\n\t\t\t\t\t\n\n                <\/div>\n                <div class=\"col-sm-2\">\n                    <a class=\"btn btn-wire\" href=\"\/es\/casino\/bovada\/\">Revisa<\/a>\n\n                <\/div>\n                <div class=\"col-sm-3\">\n                    <a rel=\"nofollow\" target=\"_blank\" class=\"btn btn-blue\" href=\"\/goto\/goto\/\">Jugar\n                        Ahora<\/a>\n\t\t\t\t\t\t\n\n                <\/div>\n            <\/div>\n        <\/div>\n\n\n\n        \n                \n        <div class=\"ranking-table text-center\">\n            <div class=\"row flex ad-row\">\n                <div class=\"col-sm-3\">\n                    <div class=\"row flex\">\n\n                        <div class=\"col-sm-3\">\n                            <div class=\"ranking-number text-center\">\n\n                                2                                \n                            <\/div>\n                        <\/div>\n                        <div class=\"col-sm-9\">\n                            <img decoding=\"async\" src=\"https:\/\/www.blackjackinfo.com\/files\/ignition-casino-logo.png\" data-no-auto-translation=\"\">\n                        <\/div>\n                    <\/div>\n                <\/div>\n                <div class=\"col-sm-4\">\n                    <div class=\"bonus-text text-center\"><span class=\"red\">100% hasta $1.000<\/span><\/div>\n\t\t\t\t\t\n\n                <\/div>\n                <div class=\"col-sm-2\">\n                    <a class=\"btn btn-wire\" href=\"\/es\/casino\/ignition-casino\/\">Revisa<\/a>\n\n                <\/div>\n                <div class=\"col-sm-3\">\n                    <a rel=\"nofollow\" target=\"_blank\" class=\"btn btn-blue\" href=\"\/goto\/goto\/\">Jugar\n                        Ahora<\/a>\n\t\t\t\t\t\t\n\n                <\/div>\n            <\/div>\n        <\/div>\n\n\n\n        \n                \n        <div class=\"ranking-table text-center\">\n            <div class=\"row flex ad-row\">\n                <div class=\"col-sm-3\">\n                    <div class=\"row flex\">\n\n                        <div class=\"col-sm-3\">\n                            <div class=\"ranking-number text-center\">\n\n                                3                                \n                            <\/div>\n                        <\/div>\n                        <div class=\"col-sm-9\">\n                            <img decoding=\"async\" src=\"https:\/\/www.blackjackinfo.com\/files\/VipSlots-500x250_dark.svg\" data-no-auto-translation=\"\">\n                        <\/div>\n                    <\/div>\n                <\/div>\n                <div class=\"col-sm-4\">\n                    <div class=\"bonus-text text-center\"><span class=\"red\">100 GIROS GRATIS en Secret Life of Cats<\/span><\/div>\n\t\t\t\t\t\n\n                <\/div>\n                <div class=\"col-sm-2\">\n                    <a class=\"btn btn-wire\" href=\"\/es\/casino\/vipslots-casino\/\">Revisa<\/a>\n\n                <\/div>\n                <div class=\"col-sm-3\">\n                    <a rel=\"nofollow\" target=\"_blank\" class=\"btn btn-blue\" href=\"\/goto\/goto\/\">Jugar\n                        Ahora<\/a>\n\t\t\t\t\t\t\n\n                <\/div>\n            <\/div>\n        <\/div>\n\n\n\n        \n                \n        <div class=\"ranking-table text-center\">\n            <div class=\"row flex ad-row\">\n                <div class=\"col-sm-3\">\n                    <div class=\"row flex\">\n\n                        <div class=\"col-sm-3\">\n                            <div class=\"ranking-number text-center\">\n\n                                4                                \n                            <\/div>\n                        <\/div>\n                        <div class=\"col-sm-9\">\n                            <img decoding=\"async\" src=\"https:\/\/www.blackjackinfo.com\/files\/vegas_casino_online.png\" data-no-auto-translation=\"\">\n                        <\/div>\n                    <\/div>\n                <\/div>\n                <div class=\"col-sm-4\">\n                    <div class=\"bonus-text text-center\"><span class=\"red\">300% hasta $3.000<\/span><\/div>\n\t\t\t\t\t\n\n                <\/div>\n                <div class=\"col-sm-2\">\n                    <a class=\"btn btn-wire\" href=\"\/es\/casino\/vegas-casino-online-2\/\">Revisa<\/a>\n\n                <\/div>\n                <div class=\"col-sm-3\">\n                    <a rel=\"nofollow\" target=\"_blank\" class=\"btn btn-blue\" href=\"\/goto\/goto\/\">Jugar\n                        Ahora<\/a>\n\t\t\t\t\t\t\n\n                <\/div>\n            <\/div>\n        <\/div>\n\n\n\n        \n                \n        <div class=\"ranking-table text-center\">\n            <div class=\"row flex ad-row\">\n                <div class=\"col-sm-3\">\n                    <div class=\"row flex\">\n\n                        <div class=\"col-sm-3\">\n                            <div class=\"ranking-number text-center\">\n\n                                5                                \n                            <\/div>\n                        <\/div>\n                        <div class=\"col-sm-9\">\n                            <img decoding=\"async\" src=\"https:\/\/www.blackjackinfo.com\/files\/cafe-casino-logo.svg\" data-no-auto-translation=\"\">\n                        <\/div>\n                    <\/div>\n                <\/div>\n                <div class=\"col-sm-4\">\n                    <div class=\"bonus-text text-center\"><span class=\"red\">250% hasta $1.500<\/span><\/div>\n\t\t\t\t\t\n\n                <\/div>\n                <div class=\"col-sm-2\">\n                    <a class=\"btn btn-wire\" href=\"\/es\/casino\/cafe-casino\/\">Revisa<\/a>\n\n                <\/div>\n                <div class=\"col-sm-3\">\n                    <a rel=\"nofollow\" target=\"_blank\" class=\"btn btn-blue\" href=\"\/goto\/goto\/\">Jugar\n                        Ahora<\/a>\n\t\t\t\t\t\t\n\n                <\/div>\n            <\/div>\n        <\/div>\n\n\n\n            <\/div>\n<\/div><\/p>\n<h2>Conceptos b\u00e1sicos<\/h2>\n<p>La estrategia wonging puede considerarse una especie de subtipo del conteo de cartas, ya que los jugadores cuentan las cartas en la mesa o mesas de blackjack que eligen, pero sin participar en la acci\u00f3n. Esto permite a los jugadores seguir el flujo del juego y tomar asiento en las mesas s\u00f3lo cuando el recuento es favorable. Normalmente, ocupar\u00edan una posici\u00f3n menos perceptible que les permitiera una vista previa completa de las cartas repartidas, y permanecer\u00edan all\u00ed hasta que llegara el momento adecuado.<\/p>\n<p>Una vez que el recuento sea favorable...<\/p>\n<p>... los jugadores toman asiento en la mesa para aprovechar al m\u00e1ximo mientras la acci\u00f3n est\u00e1 caliente. Esto les ahorra el tiempo y la porci\u00f3n de bankroll que de otro modo habr\u00edan gastado si hubieran entrado en la acci\u00f3n desde el principio. Los periodos fr\u00edos con recuentos negativos se alternan con los positivos y mantienen cierto equilibrio, pero esta estrategia en particular pr\u00e1cticamente elimina cualquier posibilidad de apostar el dinero que tanto le ha costado ganar sin obtener un pago.<\/p>\n<p>Sin embargo, cuidado...<\/p>\n<p>... de llamar demasiado la atenci\u00f3n en el casino. Contar cartas como actividad en s\u00ed misma est\u00e1 mal visto, y la direcci\u00f3n del casino est\u00e1 constantemente atenta a cualquier comportamiento aparente: fluctuaciones en el tama\u00f1o de las apuestas, abandonos repentinos de la mesa o se\u00f1ales para transferir informaci\u00f3n. En cuanto al \"wonging\", los jugadores deben ser adem\u00e1s conscientes de la forma en que se colocan durante la vigilancia de la mesa.<\/p>\n<h2>Diferentes enfoques<\/h2>\n<p>A trav\u00e9s del enorme n\u00famero <a href=\"https:\/\/wizardofodds.com\/gambling\/book-reviews\/blackjack\/\" target=\"_blank\" rel=\"noopener noreferrer\" data-saferedirecturl=\"https:\/\/www.google.com\/url?q=https:\/\/wizardofodds.com\/gambling\/book-reviews\/blackjack\/&amp;source=gmail&amp;ust=1542067350043000&amp;usg=AFQjCNHf7lTAemVEgyCCV6dickfaMrmHlg\">de libros escritos sobre el tema<\/a>tanto de Ferguson como de otros, los expertos han compartido diversos enfoques para una estrategia de wonging exitosa.<\/p>\n<p>Algunos 'wongers' tienden...<\/p>\n<p>...actuar ocupados e inquietos desde el momento en que entran en el casino, como si tuvieran que coger un avi\u00f3n y la sala del casino fuera s\u00f3lo una parada de paso hasta que llegue la hora de embarcar. Estos tienden a continuar con su apariencia ocupada durante todo el per\u00edodo de vigilancia y durante el juego real en la mesa de blackjack.<\/p>\n<p>Sin embargo, otros...<\/p>\n<p>... aplicar una especie de autosabotaje. Esto debe hacerse con cuidado, para que no parezca que es a prop\u00f3sito y se utilice en contra de los intereses del jugador. La mayor\u00eda de las veces, los wongers entran en la mesa a una hora punta, juegan unas pocas manos mientras el juego les conviene y se van, pero no sin antes arriesgar parte de sus ganancias para mantener las apariencias. Pueden doblar sus apuestas despu\u00e9s de una victoria, o simplemente aumentarlas durante un recuento menos ventajoso; en cualquier caso, es algo que despista a la direcci\u00f3n durante el tiempo suficiente para emprender la huida.<\/p>\n<h2>Trabajar en equipo<\/h2>\n<p>El \"wonging\" en equipo es una tercera opci\u00f3n para practicar mejor esta estrategia de blackjack. Se puede hacer con el enfoque de jugador grande - wonger, o simplemente con un amigo que pueda seguir el juego lo suficiente para que el wonger consiga el recuento. En el primer caso, el 'wonger' ya est\u00e1 en la mesa, sacrificando una parte del bankroll durante los periodos menos favorables, para poder contar las cartas con la m\u00e1xima precisi\u00f3n. Una vez apto, hace una se\u00f1al al \"gran jugador\" y cuando \u00e9ste entra en juego, el \"wonger\" le transmite el recuento exacto de la mesa, normalmente mediante un c\u00f3digo o asociaci\u00f3n.<\/p>\n<p>Este \u00faltimo equipo juega a la opci\u00f3n...<\/p>\n<p>... todav\u00eda requerir\u00eda el wonger <a href=\"https:\/\/www.blackjackinfo.com\/card-counting\/\" target=\"_blank\" rel=\"noopener noreferrer\" data-saferedirecturl=\"https:\/\/www.google.com\/url?q=https:\/\/www.blackjackinfo.com\/card-counting\/&amp;source=gmail&amp;ust=1542067350043000&amp;usg=AFQjCNEfenYzg4T0vO4KAidhpAk0ciDeIA\">para hacer el recuento de cartas<\/a> por s\u00ed solos, pero es mucho menos llamativo a los ojos de la direcci\u00f3n de los casinos. Una vez que el blackjack entr\u00f3 en la gran pantalla, las estrategias relevantes que all\u00ed se retratan se comercializaron y se aplicaron m\u00e1s ampliamente, lo que se tradujo en tasas de \u00e9xito m\u00e1s bajas.<\/p>\n<p><a href=\"https:\/\/www.imdb.com\/title\/tt0478087\/\">La pel\u00edcula del equipo del MIT, 21...<\/a><\/p>\n<p>... apoya firmemente esta teor\u00eda, ya que los personajes que hacen el recuento de cartas trabajar\u00edan con \u00e9xito en equipos de wonger - grandes estructuras de jugadores. Sin embargo, incluso su oportuna desaparici\u00f3n indica la necesidad de estar extremadamente atentos durante este tipo de tramas estrat\u00e9gicas.<\/p>\n<h2>Ventajas del Wonging en el Blackjack<\/h2>\n<p>Utilizar la estrategia wonging en su juego de blackjack tiene sus ventajas y sus inconvenientes. Sin embargo, el hecho de que se siga practicando d\u00e9cadas despu\u00e9s de ser explicada p\u00fablicamente es prueba suficiente de su car\u00e1cter beneficioso.<\/p>\n<p>Una ventaja...<\/p>\n<p>... es el hecho de que permite a los jugadores ahorrar su bankroll. El wonging se aplica en momentos \u00f3ptimos, cuando la cuenta de la mesa de blackjack est\u00e1 en la marca positiva. Esto significa pr\u00e1cticamente que los wongers van directamente a por las ganancias sin tener que esforzarse durante todo el d\u00eda esperando a que la cuenta de la mesa suba.<\/p>\n<p>En segundo lugar...<\/p>\n<p>... los jugadores que practican el wonging tambi\u00e9n practican indirectamente la gesti\u00f3n del bankroll, una de las estrategias m\u00e1s recomendadas para tener \u00e9xito en el juego en general. Limita el riesgo impuesto a los fondos de los jugadores y, adem\u00e1s, les permite maniobrar con el tama\u00f1o de sus apuestas. En resumen, con el wonging se obtienen todos los beneficios de practicar <a href=\"https:\/\/www.blackjackinfo.com\/blackjack-betting-strategies-debunked\/\" target=\"_blank\" rel=\"noopener noreferrer\" data-saferedirecturl=\"https:\/\/www.google.com\/url?q=https:\/\/www.blackjackinfo.com\/blackjack-betting-strategies-debunked\/&amp;source=gmail&amp;ust=1542067350043000&amp;usg=AFQjCNEf1bg25seibfPn2URCoyoDhzkL7Q\">estrategias de apuestas correctas<\/a>.<\/p>\n<h2>Wonging adecuado<\/h2>\n<p>El conteo de cartas como parte de esta estrategia adecuada, se hace a\u00fan m\u00e1s f\u00e1cil, a pesar de que no requiere ning\u00fan conocimiento especial en general. El hecho de que, en el wonging, se realice adem\u00e1s en un lugar de su elecci\u00f3n en el casino hace que sea una habilidad a\u00fan m\u00e1s atractiva de adquirir.<\/p>\n<p>Desventajas<\/p>\n<p>Naturalmente, puesto que pone las probabilidades a favor de los apostadores, est\u00e1 destinado a ser mal visto por los establecimientos de casino. Por lo tanto, los apostadores pueden asumir con raz\u00f3n que una desventaja clave es el hecho de que podr\u00edan ser expulsados f\u00e1cilmente de sus casinos preferidos por practicar esta estrategia.<\/p>\n<p>Adem\u00e1s de eso...<\/p>\n<p>... la mayor\u00eda de los entusiastas del blackjack tienden hoy en d\u00eda a recurrir a los sitios web de casinos en l\u00ednea, que ofrecen una mayor accesibilidad y una mayor facilidad de uso para los jugadores. <a href=\"https:\/\/wizardofodds.com\/games\/blackjack\/calculator\/\" target=\"_blank\" rel=\"noopener noreferrer\" data-saferedirecturl=\"https:\/\/www.google.com\/url?q=https:\/\/wizardofodds.com\/games\/blackjack\/calculator\/&amp;source=gmail&amp;ust=1542067350043000&amp;usg=AFQjCNF9l5KJqqwiLUJ7m0nD-KZxib6bRA\">casa<\/a> ventaja. Estos servicios, sin embargo, emplean software de blackjack que no est\u00e1 sujeto a wonging y similares<span style=\"color: #000000;\"> estrategias de blackjack.<\/span><\/p>\n<h2>Foros de debate relacionados<\/h2>\n<ul>\n<li><a href=\"https:\/\/www.blackjackinfo.com\/community\/threads\/wonging-out-and-got-cussed-out.56016\/\">Wonging fuera y consigui\u00f3 cussed fuera.<\/a><\/li>\n<li><a href=\"https:\/\/www.blackjackinfo.com\/community\/threads\/wonging-and-how-to-abuse-it.55644\/\">Wonging y c\u00f3mo abusar de \u00e9l<\/a><\/li>\n<li><a href=\"https:\/\/www.blackjackinfo.com\/community\/threads\/wonging-vs-play-all-an-overview.54880\/\">wonging vs play all, una visi\u00f3n general<\/a><\/li>\n<li><a href=\"https:\/\/www.blackjackinfo.com\/community\/threads\/wonging-in.23895\/\">Wonging In<\/a><\/li>\n<\/ul>","protected":false},"excerpt":{"rendered":"<p>Introduction to Wonging The gambling strategy known as \u2018Wonging\u2019 has a wide and varied application, but it is most tightly related to the game of blackjack. Basically, it is practiced by players counting cards at one or several blackjack tables on the casino floor, and choosing the prime moment, based on their count, to enter [&hellip;]<\/p>\n","protected":false},"author":4,"featured_media":0,"parent":0,"menu_order":0,"comment_status":"open","ping_status":"closed","template":"","meta":{"_acf_changed":false,"footnotes":""},"tags":[],"class_list":["post-5052","page","type-page","status-publish","hentry"],"acf":[],"yoast_head":"<!-- This site is optimized with the Yoast SEO plugin v26.6 - https:\/\/yoast.com\/wordpress\/plugins\/seo\/ -->\n<title>What is Wonging (in Blackjack) ?<\/title>\n<meta name=\"description\" content=\"Wonging is a largely successful blackjack strategy allowing players to enjoy gameplay at the most favorable table counts, at live and online casinos alike.\" \/>\n<meta name=\"robots\" content=\"index, follow, max-snippet:-1, max-image-preview:large, max-video-preview:-1\" \/>\n<link rel=\"canonical\" href=\"https:\/\/www.blackjackinfo.com\/es\/que-es-wonging-en-blackjack\/\" \/>\n<meta property=\"og:locale\" content=\"es_ES\" \/>\n<meta property=\"og:type\" content=\"article\" \/>\n<meta property=\"og:title\" content=\"What is Wonging (in Blackjack) ?\" \/>\n<meta property=\"og:description\" content=\"Wonging is a largely successful blackjack strategy allowing players to enjoy gameplay at the most favorable table counts, at live and online casinos alike.\" \/>\n<meta property=\"og:url\" content=\"https:\/\/www.blackjackinfo.com\/es\/que-es-wonging-en-blackjack\/\" \/>\n<meta property=\"og:site_name\" content=\"BlackjackInfo.com\" \/>\n<meta property=\"article:modified_time\" content=\"2020-02-19T00:27:05+00:00\" \/>\n<meta name=\"twitter:label1\" content=\"Tiempo de lectura\" \/>\n\t<meta name=\"twitter:data1\" content=\"5 minutos\" \/>\n<script type=\"application\/ld+json\" class=\"yoast-schema-graph\">{\"@context\":\"https:\/\/schema.org\",\"@graph\":[{\"@type\":\"WebPage\",\"@id\":\"https:\/\/www.blackjackinfo.com\/what-is-wonging-in-blackjack\/\",\"url\":\"https:\/\/www.blackjackinfo.com\/what-is-wonging-in-blackjack\/\",\"name\":\"What is Wonging (in Blackjack) ?\",\"isPartOf\":{\"@id\":\"https:\/\/www.blackjackinfo.com\/#website\"},\"datePublished\":\"2018-11-12T00:31:55+00:00\",\"dateModified\":\"2020-02-19T00:27:05+00:00\",\"description\":\"Wonging is a largely successful blackjack strategy allowing players to enjoy gameplay at the most favorable table counts, at live and online casinos alike.\",\"breadcrumb\":{\"@id\":\"https:\/\/www.blackjackinfo.com\/what-is-wonging-in-blackjack\/#breadcrumb\"},\"inLanguage\":\"es\",\"potentialAction\":[{\"@type\":\"ReadAction\",\"target\":[\"https:\/\/www.blackjackinfo.com\/what-is-wonging-in-blackjack\/\"]}]},{\"@type\":\"BreadcrumbList\",\"@id\":\"https:\/\/www.blackjackinfo.com\/what-is-wonging-in-blackjack\/#breadcrumb\",\"itemListElement\":[{\"@type\":\"ListItem\",\"position\":1,\"name\":\"Home\",\"item\":\"https:\/\/www.blackjackinfo.com\/\"},{\"@type\":\"ListItem\",\"position\":2,\"name\":\"What is Wonging (in Blackjack) ?\"}]},{\"@type\":\"WebSite\",\"@id\":\"https:\/\/www.blackjackinfo.com\/#website\",\"url\":\"https:\/\/www.blackjackinfo.com\/\",\"name\":\"BlackjackInfo.com\",\"description\":\"Because Winning is More Fun!\",\"potentialAction\":[{\"@type\":\"SearchAction\",\"target\":{\"@type\":\"EntryPoint\",\"urlTemplate\":\"https:\/\/www.blackjackinfo.com\/?s={search_term_string}\"},\"query-input\":{\"@type\":\"PropertyValueSpecification\",\"valueRequired\":true,\"valueName\":\"search_term_string\"}}],\"inLanguage\":\"es\"}]}<\/script>\n<!-- \/ Yoast SEO plugin. -->","yoast_head_json":{"title":"\u00bfQu\u00e9 es Wonging (en Blackjack)?","description":"El Wonging es una estrategia de blackjack de gran \u00e9xito que permite a los jugadores disfrutar del juego en los recuentos de mesa m\u00e1s favorables, tanto en casinos en vivo como en l\u00ednea.","robots":{"index":"index","follow":"follow","max-snippet":"max-snippet:-1","max-image-preview":"max-image-preview:large","max-video-preview":"max-video-preview:-1"},"canonical":"https:\/\/www.blackjackinfo.com\/es\/que-es-wonging-en-blackjack\/","og_locale":"es_ES","og_type":"article","og_title":"What is Wonging (in Blackjack) ?","og_description":"Wonging is a largely successful blackjack strategy allowing players to enjoy gameplay at the most favorable table counts, at live and online casinos alike.","og_url":"https:\/\/www.blackjackinfo.com\/es\/que-es-wonging-en-blackjack\/","og_site_name":"BlackjackInfo.com","article_modified_time":"2020-02-19T00:27:05+00:00","twitter_misc":{"Tiempo de lectura":"5 minutos"},"schema":{"@context":"https:\/\/schema.org","@graph":[{"@type":"WebPage","@id":"https:\/\/www.blackjackinfo.com\/what-is-wonging-in-blackjack\/","url":"https:\/\/www.blackjackinfo.com\/what-is-wonging-in-blackjack\/","name":"\u00bfQu\u00e9 es Wonging (en Blackjack)?","isPartOf":{"@id":"https:\/\/www.blackjackinfo.com\/#website"},"datePublished":"2018-11-12T00:31:55+00:00","dateModified":"2020-02-19T00:27:05+00:00","description":"El Wonging es una estrategia de blackjack de gran \u00e9xito que permite a los jugadores disfrutar del juego en los recuentos de mesa m\u00e1s favorables, tanto en casinos en vivo como en l\u00ednea.","breadcrumb":{"@id":"https:\/\/www.blackjackinfo.com\/what-is-wonging-in-blackjack\/#breadcrumb"},"inLanguage":"es","potentialAction":[{"@type":"ReadAction","target":["https:\/\/www.blackjackinfo.com\/what-is-wonging-in-blackjack\/"]}]},{"@type":"BreadcrumbList","@id":"https:\/\/www.blackjackinfo.com\/what-is-wonging-in-blackjack\/#breadcrumb","itemListElement":[{"@type":"ListItem","position":1,"name":"Home","item":"https:\/\/www.blackjackinfo.com\/"},{"@type":"ListItem","position":2,"name":"What is Wonging (in Blackjack) ?"}]},{"@type":"WebSite","@id":"https:\/\/www.blackjackinfo.com\/#website","url":"https:\/\/www.blackjackinfo.com\/","name":"BlackjackInfo.com","description":"\u00a1Porque ganar es m\u00e1s divertido!","potentialAction":[{"@type":"SearchAction","target":{"@type":"EntryPoint","urlTemplate":"https:\/\/www.blackjackinfo.com\/?s={search_term_string}"},"query-input":{"@type":"PropertyValueSpecification","valueRequired":true,"valueName":"search_term_string"}}],"inLanguage":"es"}]}},"_links":{"self":[{"href":"https:\/\/www.blackjackinfo.com\/es\/wp-json\/wp\/v2\/pages\/5052","targetHints":{"allow":["GET"]}}],"collection":[{"href":"https:\/\/www.blackjackinfo.com\/es\/wp-json\/wp\/v2\/pages"}],"about":[{"href":"https:\/\/www.blackjackinfo.com\/es\/wp-json\/wp\/v2\/types\/page"}],"author":[{"embeddable":true,"href":"https:\/\/www.blackjackinfo.com\/es\/wp-json\/wp\/v2\/users\/4"}],"replies":[{"embeddable":true,"href":"https:\/\/www.blackjackinfo.com\/es\/wp-json\/wp\/v2\/comments?post=5052"}],"version-history":[{"count":6,"href":"https:\/\/www.blackjackinfo.com\/es\/wp-json\/wp\/v2\/pages\/5052\/revisions"}],"predecessor-version":[{"id":5478,"href":"https:\/\/www.blackjackinfo.com\/es\/wp-json\/wp\/v2\/pages\/5052\/revisions\/5478"}],"wp:attachment":[{"href":"https:\/\/www.blackjackinfo.com\/es\/wp-json\/wp\/v2\/media?parent=5052"}],"wp:term":[{"taxonomy":"post_tag","embeddable":true,"href":"https:\/\/www.blackjackinfo.com\/es\/wp-json\/wp\/v2\/tags?post=5052"}],"curies":[{"name":"wp","href":"https:\/\/api.w.org\/{rel}","templated":true}]}}