{"id":5245,"date":"2019-02-26T11:18:30","date_gmt":"2019-02-26T17:18:30","guid":{"rendered":"https:\/\/www.blackjackinfo.com\/?page_id=5245"},"modified":"2019-05-03T02:05:40","modified_gmt":"2019-05-03T07:05:40","slug":"juego-de-blackjack-multijugador","status":"publish","type":"page","link":"https:\/\/www.blackjackinfo.com\/es\/online-blackjack\/multiplayer-blackjack-game\/","title":{"rendered":"Juego de Blackjack Multijugador"},"content":{"rendered":"<p>Este juego de blackjack gratis es una gran fuente gratuita de entretenimiento donde se puede disfrutar de la pr\u00e1ctica y el aprendizaje del juego antes de optar por la <a href=\"https:\/\/www.blackjackinfo.com\/online-blackjack\/\">blackjack con dinero real<\/a> versi\u00f3n. <\/p>\n\n\n\n<p>Pero\nno s\u00f3lo tienes que jugar al blackjack multijugador en l\u00ednea como una forma de practicar para\nsu juego real, este es un gran juego para jugar en cualquier momento. El juego es f\u00e1cil de\naprender y f\u00e1cil de jugar en casa o incluso en tu dispositivo m\u00f3vil.<\/p>\n\n\n\n<h2 class=\"wp-block-heading\">Disposici\u00f3n de la mesa de blackjack multijugador en l\u00ednea<\/h2>\n\n\n\n<p>Conocer\nconocer la disposici\u00f3n de la mesa de blackjack multijugador es muy importante para su\ncomprensi\u00f3n de c\u00f3mo funciona el juego, as\u00ed como su disfrute general de la\njuego. <\/p>\n\n\n\n<p>Hasta cinco\njugadores pueden sentarse en la mesa virtual a la vez, cada uno con su propia\npara colocar sus fichas y recibir sus cartas. En la parte inferior de la\nEn la parte inferior de la pantalla hay una serie de tama\u00f1os de fichas, que van desde el m\u00ednimo de la mesa de 1, 5, 10,\n20 y 50. <\/p>\n\n\n\n<p>Un sencillo\nbot\u00f3n de reparto le permite colocar r\u00e1pida y f\u00e1cilmente su apuesta en su\ncasilla de apuesta correspondiente. La posici\u00f3n del crupier de blackjack est\u00e1 en la parte superior\ny las cartas se reparten desde un zapato situado en la parte superior derecha de la pantalla.\nde la pantalla. <\/p>\n\n\n\n<h2 class=\"wp-block-heading\">El objetivo del Blackjack<\/h2>\n\n\n\n<p>En <a href=\"https:\/\/www.blackjackinfo.com\/blackjack-rules\/\">objetivo del blackjack<\/a> es bastante sencillo de entender. Cada jugador juega contra el crupier de blackjack de forma individual, y no unos contra otros como en el p\u00f3quer. La idea es conseguir una puntuaci\u00f3n de 21 o lo m\u00e1s cerca posible de esta puntuaci\u00f3n sin pasarse (lo que se llama pasarse). El objetivo tambi\u00e9n es vencer al crupier, ya sea consiguiendo un blackjack o haciendo que se pase. <\/p>\n\n\n\n<h2 class=\"wp-block-heading\">C\u00f3mo jugar al Blackjack multijugador online gratis<\/h2>\n\n\n\n<p>Jugar a\nblackjack multijugador online es f\u00e1cil y, aunque nunca hayas jugado al blackjack\nsimplemente sigue estos sencillos pasos.<\/p>\n\n\n\n<h3 class=\"wp-block-heading\">Primer paso: tomar asiento<\/h3>\n\n\n\n<p>S\u00f3lo tiene que hacer clic en una de las casillas de jugador del bot\u00f3n \"Sentarse\". Crea un nombre de usuario r\u00e1pido y prep\u00e1rate para realizar tu primera apuesta. <\/p>\n\n\n\n<h3 class=\"wp-block-heading\">Segundo paso: haga su apuesta<\/h3>\n\n\n\n<p>Si juegas gratis, ver\u00e1s que el juego ya te ha asignado un bankroll con el que jugar, que aparece en la esquina superior derecha de la pantalla. No pierdas de vista esta cifra, ya que fluctuar\u00e1 en funci\u00f3n de si ganas o pierdes tus apuestas. <\/p>\n\n\n\n<p>A continuaci\u00f3n, decida cu\u00e1nto quiere apostar seleccionando el tama\u00f1o de ficha adecuado en la parte inferior de la pantalla. Una vez seleccionado, aparecer\u00e1 un nuevo bot\u00f3n marcado como \"Listo\". Haga clic en este bot\u00f3n para realizar su apuesta. Observar\u00e1 una ventana de cuenta atr\u00e1s que le da un l\u00edmite de tiempo para realizar su apuesta. Si al final de la cuenta atr\u00e1s no ha realizado su apuesta, \u00e9sta se cancelar\u00e1 y tendr\u00e1 que empezar de nuevo.<\/p>\n\n\n\n<h3 class=\"wp-block-heading\">Tercer paso: Jugar la mano<\/h3>\n\n\n\n<p>Una vez que haya\nhaga clic en el bot\u00f3n listo, el crupier le entregar\u00e1 sus dos primeras cartas.\nAparecer\u00e1 una nueva ventana con tres opciones:<\/p>\n\n\n\n<ul class=\"wp-block-list\"><li>Acierto = Recibir otra carta<\/li><li>Doble = Doble su apuesta y reciba\notra carta<\/li><li>Plantarse = No se a\u00f1ade ninguna carta\na tu mano actual<\/li><\/ul>\n\n\n\n<p>De nuevo, se le dar\u00e1 una cuenta atr\u00e1s para que tome su decisi\u00f3n. Aqu\u00ed es donde saber un poco de <a href=\"https:\/\/www.blackjackinfo.com\/blackjack-basic-strategy-engine\/\">estrategia b\u00e1sica de blackjack<\/a> le resultar\u00e1 \u00fatil, ya que le permite hacer la mejor elecci\u00f3n bas\u00e1ndose en la carta descubierta del crupier.<\/p>\n\n\n\n<h3 class=\"wp-block-heading\">Cuarto paso: Opciones de apuestas adicionales<\/h3>\n\n\n\n<p>Dependiendo de\nde cu\u00e1les sean sus dos primeras cartas, el crupier le ofrecer\u00e1 opciones de apuesta\nadicionales. Esto incluye:<\/p>\n\n\n\n<ul class=\"wp-block-list\"><li>Dividir = Si las dos primeras cartas\ndel mismo valor, como dos 8 o dos ases, etc. Puede entonces\ndividir su mano en dos apuestas separadas, cada una con una apuesta equivalente. El crupier de\nEl crupier jugar\u00e1 cada mano por separado y le pedir\u00e1 que elija entre las opciones de apuesta est\u00e1ndar.\nbas\u00e1ndose en las opciones de apuesta est\u00e1ndar. <\/li><li>Seguro = A veces el crupier\nte preguntar\u00e1 si quieres asegurarte en ciertas manos, normalmente cuando la carta boca arriba del\ncarta boca arriba del crupier es un As. El seguro le devolver\u00e1 la mitad de su\napuesta en una apuesta perdedora. <\/li><\/ul>","protected":false},"excerpt":{"rendered":"<p>This free blackjack game is a great free source of entertainment where you can enjoy practicing and learning the game prior to opting for the real money blackjack version. But you don\u2019t just have to play online multiplayer blackjack as a way to practice for your real game, this is a great game to play [&hellip;]<\/p>\n","protected":false},"author":4,"featured_media":0,"parent":1928,"menu_order":0,"comment_status":"open","ping_status":"closed","template":"page-multiplayer-blackjack.php","meta":{"_acf_changed":false,"footnotes":""},"tags":[],"class_list":["post-5245","page","type-page","status-publish","hentry"],"acf":[],"yoast_head":"<!-- This site is optimized with the Yoast SEO plugin v26.6 - https:\/\/yoast.com\/wordpress\/plugins\/seo\/ -->\n<title>Free Online Multiplayer Blackjack Game - Up to 5 Players at Once<\/title>\n<meta name=\"description\" content=\"Fancy a game of blackjack? Try our multiplayer version where you get to play alongisde 4 other players!\" \/>\n<meta name=\"robots\" content=\"index, follow, max-snippet:-1, max-image-preview:large, max-video-preview:-1\" \/>\n<link rel=\"canonical\" href=\"https:\/\/www.blackjackinfo.com\/es\/blackjack-online-2\/juego-de-blackjack-multijugador\/\" \/>\n<meta property=\"og:locale\" content=\"es_ES\" \/>\n<meta property=\"og:type\" content=\"article\" \/>\n<meta property=\"og:title\" content=\"Free Online Multiplayer Blackjack Game - Up to 5 Players at Once\" \/>\n<meta property=\"og:description\" content=\"Fancy a game of blackjack? Try our multiplayer version where you get to play alongisde 4 other players!\" \/>\n<meta property=\"og:url\" content=\"https:\/\/www.blackjackinfo.com\/es\/blackjack-online-2\/juego-de-blackjack-multijugador\/\" \/>\n<meta property=\"og:site_name\" content=\"BlackjackInfo.com\" \/>\n<meta property=\"article:modified_time\" content=\"2019-05-03T07:05:40+00:00\" \/>\n<meta name=\"twitter:label1\" content=\"Tiempo de lectura\" \/>\n\t<meta name=\"twitter:data1\" content=\"3 minutos\" \/>\n<script type=\"application\/ld+json\" class=\"yoast-schema-graph\">{\"@context\":\"https:\/\/schema.org\",\"@graph\":[{\"@type\":\"WebPage\",\"@id\":\"https:\/\/www.blackjackinfo.com\/online-blackjack\/multiplayer-blackjack-game\/\",\"url\":\"https:\/\/www.blackjackinfo.com\/online-blackjack\/multiplayer-blackjack-game\/\",\"name\":\"Free Online Multiplayer Blackjack Game - Up to 5 Players at Once\",\"isPartOf\":{\"@id\":\"https:\/\/www.blackjackinfo.com\/#website\"},\"datePublished\":\"2019-02-26T17:18:30+00:00\",\"dateModified\":\"2019-05-03T07:05:40+00:00\",\"description\":\"Fancy a game of blackjack? Try our multiplayer version where you get to play alongisde 4 other players!\",\"breadcrumb\":{\"@id\":\"https:\/\/www.blackjackinfo.com\/online-blackjack\/multiplayer-blackjack-game\/#breadcrumb\"},\"inLanguage\":\"es\",\"potentialAction\":[{\"@type\":\"ReadAction\",\"target\":[\"https:\/\/www.blackjackinfo.com\/online-blackjack\/multiplayer-blackjack-game\/\"]}]},{\"@type\":\"BreadcrumbList\",\"@id\":\"https:\/\/www.blackjackinfo.com\/online-blackjack\/multiplayer-blackjack-game\/#breadcrumb\",\"itemListElement\":[{\"@type\":\"ListItem\",\"position\":1,\"name\":\"Home\",\"item\":\"https:\/\/www.blackjackinfo.com\/\"},{\"@type\":\"ListItem\",\"position\":2,\"name\":\"Online Blackjack for Real Money\",\"item\":\"https:\/\/www.blackjackinfo.com\/online-blackjack\/\"},{\"@type\":\"ListItem\",\"position\":3,\"name\":\"Multiplayer Blackjack Game\"}]},{\"@type\":\"WebSite\",\"@id\":\"https:\/\/www.blackjackinfo.com\/#website\",\"url\":\"https:\/\/www.blackjackinfo.com\/\",\"name\":\"BlackjackInfo.com\",\"description\":\"Because Winning is More Fun!\",\"potentialAction\":[{\"@type\":\"SearchAction\",\"target\":{\"@type\":\"EntryPoint\",\"urlTemplate\":\"https:\/\/www.blackjackinfo.com\/?s={search_term_string}\"},\"query-input\":{\"@type\":\"PropertyValueSpecification\",\"valueRequired\":true,\"valueName\":\"search_term_string\"}}],\"inLanguage\":\"es\"}]}<\/script>\n<!-- \/ Yoast SEO plugin. -->","yoast_head_json":{"title":"Blackjack multijugador online gratis - Hasta 5 jugadores a la vez","description":"\u00bfTe apetece jugar al blackjack? Prueba nuestra versi\u00f3n multijugador en la que podr\u00e1s jugar con otros 4 jugadores.","robots":{"index":"index","follow":"follow","max-snippet":"max-snippet:-1","max-image-preview":"max-image-preview:large","max-video-preview":"max-video-preview:-1"},"canonical":"https:\/\/www.blackjackinfo.com\/es\/blackjack-online-2\/juego-de-blackjack-multijugador\/","og_locale":"es_ES","og_type":"article","og_title":"Free Online Multiplayer Blackjack Game - Up to 5 Players at Once","og_description":"Fancy a game of blackjack? Try our multiplayer version where you get to play alongisde 4 other players!","og_url":"https:\/\/www.blackjackinfo.com\/es\/blackjack-online-2\/juego-de-blackjack-multijugador\/","og_site_name":"BlackjackInfo.com","article_modified_time":"2019-05-03T07:05:40+00:00","twitter_misc":{"Tiempo de lectura":"3 minutos"},"schema":{"@context":"https:\/\/schema.org","@graph":[{"@type":"WebPage","@id":"https:\/\/www.blackjackinfo.com\/online-blackjack\/multiplayer-blackjack-game\/","url":"https:\/\/www.blackjackinfo.com\/online-blackjack\/multiplayer-blackjack-game\/","name":"Blackjack multijugador online gratis - Hasta 5 jugadores a la vez","isPartOf":{"@id":"https:\/\/www.blackjackinfo.com\/#website"},"datePublished":"2019-02-26T17:18:30+00:00","dateModified":"2019-05-03T07:05:40+00:00","description":"\u00bfTe apetece jugar al blackjack? Prueba nuestra versi\u00f3n multijugador en la que podr\u00e1s jugar con otros 4 jugadores.","breadcrumb":{"@id":"https:\/\/www.blackjackinfo.com\/online-blackjack\/multiplayer-blackjack-game\/#breadcrumb"},"inLanguage":"es","potentialAction":[{"@type":"ReadAction","target":["https:\/\/www.blackjackinfo.com\/online-blackjack\/multiplayer-blackjack-game\/"]}]},{"@type":"BreadcrumbList","@id":"https:\/\/www.blackjackinfo.com\/online-blackjack\/multiplayer-blackjack-game\/#breadcrumb","itemListElement":[{"@type":"ListItem","position":1,"name":"Home","item":"https:\/\/www.blackjackinfo.com\/"},{"@type":"ListItem","position":2,"name":"Online Blackjack for Real Money","item":"https:\/\/www.blackjackinfo.com\/online-blackjack\/"},{"@type":"ListItem","position":3,"name":"Multiplayer Blackjack Game"}]},{"@type":"WebSite","@id":"https:\/\/www.blackjackinfo.com\/#website","url":"https:\/\/www.blackjackinfo.com\/","name":"BlackjackInfo.com","description":"\u00a1Porque ganar es m\u00e1s divertido!","potentialAction":[{"@type":"SearchAction","target":{"@type":"EntryPoint","urlTemplate":"https:\/\/www.blackjackinfo.com\/?s={search_term_string}"},"query-input":{"@type":"PropertyValueSpecification","valueRequired":true,"valueName":"search_term_string"}}],"inLanguage":"es"}]}},"_links":{"self":[{"href":"https:\/\/www.blackjackinfo.com\/es\/wp-json\/wp\/v2\/pages\/5245","targetHints":{"allow":["GET"]}}],"collection":[{"href":"https:\/\/www.blackjackinfo.com\/es\/wp-json\/wp\/v2\/pages"}],"about":[{"href":"https:\/\/www.blackjackinfo.com\/es\/wp-json\/wp\/v2\/types\/page"}],"author":[{"embeddable":true,"href":"https:\/\/www.blackjackinfo.com\/es\/wp-json\/wp\/v2\/users\/4"}],"replies":[{"embeddable":true,"href":"https:\/\/www.blackjackinfo.com\/es\/wp-json\/wp\/v2\/comments?post=5245"}],"version-history":[{"count":12,"href":"https:\/\/www.blackjackinfo.com\/es\/wp-json\/wp\/v2\/pages\/5245\/revisions"}],"predecessor-version":[{"id":5344,"href":"https:\/\/www.blackjackinfo.com\/es\/wp-json\/wp\/v2\/pages\/5245\/revisions\/5344"}],"up":[{"embeddable":true,"href":"https:\/\/www.blackjackinfo.com\/es\/wp-json\/wp\/v2\/pages\/1928"}],"wp:attachment":[{"href":"https:\/\/www.blackjackinfo.com\/es\/wp-json\/wp\/v2\/media?parent=5245"}],"wp:term":[{"taxonomy":"post_tag","embeddable":true,"href":"https:\/\/www.blackjackinfo.com\/es\/wp-json\/wp\/v2\/tags?post=5245"}],"curies":[{"name":"wp","href":"https:\/\/api.w.org\/{rel}","templated":true}]}}