{"id":5641,"date":"2020-06-18T03:05:45","date_gmt":"2020-06-18T08:05:45","guid":{"rendered":"https:\/\/www.blackjackinfo.com\/?page_id=5641"},"modified":"2025-01-28T02:03:52","modified_gmt":"2025-01-28T08:03:52","slug":"estan-amanados-los-casinos-en-linea","status":"publish","type":"page","link":"https:\/\/www.blackjackinfo.com\/es\/are-online-casinos-rigged\/","title":{"rendered":"\u00bfEst\u00e1n Ama\u00f1ados los Casinos Online?"},"content":{"rendered":"<p>Es completamente natural estar ansioso antes de unirse a su primer casino en l\u00ednea. Despu\u00e9s de todo, tendr\u00e1 que hacer un dep\u00f3sito de dinero real en una plataforma en l\u00ednea y confiarle sus fondos. Si se pregunta si los casinos en l\u00ednea est\u00e1n ama\u00f1ados, le daremos una respuesta corta y otra larga a esa pregunta. <strong>En pocas palabras: no, siempre que se trate de empresas autorizadas y reguladas.<\/strong><\/p>\n<p>Si eso no le convence, aseg\u00farese de leer este art\u00edculo y descubra m\u00e1s sobre las diferentes formas en que los casinos online pueden estar ama\u00f1ados y c\u00f3mo mantenerse alejado de este tipo de plataformas.<\/p>\n<h2>\u00bfC\u00f3mo puede estar ama\u00f1ado un casino en l\u00ednea?<\/h2>\n<p>Hay muchas formas de ama\u00f1ar un casino online. En pocas palabras, todos los juegos de casino en l\u00ednea utilizan un sofisticado software subyacente. Los desarrolladores que trabajan para casinos online y proveedores de contenidos de buena reputaci\u00f3n se aseguran de escribir el c\u00f3digo de forma que no pueda ser manipulado.<\/p>\n<p>Todo lo que se necesita para ama\u00f1ar un juego de casino en l\u00ednea es alterar su c\u00f3digo para que el juego deje de ser justo. Los casinos en l\u00ednea ama\u00f1ados suelen ofrecer juegos id\u00e9nticos a los de los casinos justos y con licencia; la \u00fanica diferencia es que usted no tiene realmente la oportunidad de ganar dinero. En otras palabras, pagar\u00e1 y no obtendr\u00e1 nada a cambio.<\/p>\n<p>La probabilidad de ganar un premio en un casino ama\u00f1ado suele ser mucho menor debido a los bajos porcentajes de RTP.<\/p>\n<h3>Bajar el RTP<\/h3>\n<p>RTP significa Retorno al Jugador, y es una cifra que muestra cu\u00e1nto dinero se devuelve a los jugadores cuando hacen apuestas. Si el RTP es 95%, los jugadores deber\u00edan recibir $95 por cada $100 que inviertan en tragaperras online. Los casinos online y los desarrolladores se llevar\u00e1n el $5 restante como beneficio. Naturalmente, algunos jugadores tendr\u00e1n m\u00e1s suerte que otros y ganar\u00e1n premios mayores, mientras que los menos afortunados se ir\u00e1n con las manos vac\u00edas.<\/p>\n<p>No obstante, la distribuci\u00f3n global de los premios es tal que los casinos deben quedarse s\u00f3lo con una peque\u00f1a parte del dinero invertido y repartir el resto entre los jugadores.<\/p>\n<p>Los casinos ama\u00f1ados suelen bajar tanto el RTP que no compensa jugar. Si el RTP es bajo, el casino se llevar\u00e1 la mayor parte del dinero que inviertas y tus posibilidades de ganar un premio ser\u00e1n extremadamente bajas.<\/p>\n<p>\u00bfC\u00f3mo fijan estos casinos el RTP? La respuesta es sencilla: cambian el c\u00f3digo y no incluyen el RNG.<\/p>\n<h3>El RNG no funciona en los casinos ama\u00f1ados<\/h3>\n<p>Todos los juegos de azar disponibles en los casinos en l\u00ednea deben tener un generador de n\u00fameros aleatorios (RNG). Se trata de una pieza de c\u00f3digo incluida en los juegos de casino que garantiza que sean realmente aleatorios.<\/p>\n<p>Para seguir explicando el RNG, primero debemos hacerte la siguiente pregunta: <em>\u00bfC\u00f3mo funciona la suerte?<\/em><\/p>\n<p>Nadie lo sabe. Es un completo misterio para nosotros. La \u00fanica respuesta leg\u00edtima es decir que la suerte es producto del azar del universo. Algunas personas tienen m\u00e1s suerte que otras cuando juegan al casino. Puedes fijarte en el resultado de los juegos de azar como una forma de medir la suerte de alguien.<\/p>\n<p>Pero, \u00bfc\u00f3mo se sabe que los juegos son aleatorios? La respuesta es el RNG. Los desarrolladores crearon un programa que siempre produce resultados totalmente aleatorios en los juegos. Por lo tanto, una vez que establecen los par\u00e1metros e insertan el RNG en el juego, puedes estar seguro de que no hay gente del otro lado ajustando el resultado, a menos que est\u00e9s jugando en un casino ama\u00f1ado.<\/p>\n<p>Los juegos de los casinos ama\u00f1ados no son aleatorios porque carecen de una de las piezas esenciales del software: el generador de n\u00fameros aleatorios.<\/p>\n<h2>\u00bfC\u00f3mo puedo asegurarme de que el casino es fiable?<\/h2>\n<p>Una de las formas m\u00e1s seguras de asegurarse de que un casino no est\u00e1 ama\u00f1ado es investigar en la web y encontrar informaci\u00f3n adicional sobre la plataforma. Muchas rese\u00f1as profesionales te informar\u00e1n sobre todas las desventajas e inconvenientes relacionados con la plataforma a la que quieres unirte.<\/p>\n<p>Tambi\u00e9n puede encontrar opiniones de usuarios sobre sitios espec\u00edficos y obtener m\u00e1s informaci\u00f3n sobre su fiabilidad. Tenga en cuenta que a veces los usuarios dejan opiniones negativas sobre los casinos y los califican de ama\u00f1ados simplemente porque no tuvieron la suerte suficiente. Sin embargo, si todas las opiniones de los usuarios coinciden en que un determinado casino est\u00e1 ama\u00f1ado, deber\u00edas pens\u00e1rtelo dos veces antes de abrir una cuenta.<\/p>\n<p>Lo bueno del sector de las apuestas en l\u00ednea es que las plataformas ama\u00f1adas tienen una vida corta. En otras palabras, si alguien demuestra que est\u00e1n ama\u00f1adas, otros jugadores encontrar\u00e1n esa informaci\u00f3n con bastante rapidez. Por lo general, estos sitios se a\u00f1aden a las listas negras de toda la web y los jugadores empiezan a evitarlos de inmediato. Una vez descubiertos, los casinos en l\u00ednea fraudulentos dejan de operar, ya que no pueden seguir estafando a la gente.<\/p>\n<p>Aun as\u00ed, hay que tener cuidado, ya que los estafadores en l\u00ednea no se rinden f\u00e1cilmente. Si su plataforma ama\u00f1ada es clausurada, no suelen dudar en volver a iniciar todo el proceso y atraer a los reci\u00e9n llegados para que les den su dinero.<\/p>\n<h3>Los auditores independientes garantizan la imparcialidad y la fiabilidad<\/h3>\n<p>Si un casino en l\u00ednea afirma que es justo y digno de confianza, \u00bfpor qu\u00e9 deber\u00eda confiar en ellos? Al fin y al cabo, podr\u00edan mentir al respecto y seguir adelante con sus operaciones ilegales. Por eso existen las empresas de auditor\u00eda independientes.<\/p>\n<p>Por lo general, se trata de empresas que gozan de gran reputaci\u00f3n por ser independientes y honestas en sus informes. Suelen comprobar la imparcialidad de los casinos online y otras plataformas de juego, tras lo cual publican los resultados. Para asegurarse de que un casino es justo, los auditores comprueban sus generadores de n\u00fameros aleatorios y muchas otras cosas que les ayudan a determinar si un casino es justo y digno de confianza.<\/p>\n<p>Las empresas que actualmente se consideran l\u00edderes en la industria del juego en l\u00ednea son eCogra, GLI e iTechLabs. Si encuentra certificados de estas empresas de auditor\u00eda en un casino en l\u00ednea, no tiene por qu\u00e9 preocuparse.<\/p>\n<h2>\u00bfQu\u00e9 ofrece una licencia en l\u00ednea?<\/h2>\n<p>Si un casino online carece de licencia otorgada por un organismo regulador oficial, le aconsejamos que se mantenga alejado de \u00e9l. Puede que no est\u00e9 ama\u00f1ado, pero carecer de licencia no es una buena se\u00f1al. Los proveedores de licencias reputados nunca comprometer\u00e1n su reputaci\u00f3n concediendo una licencia a un casino ama\u00f1ado. Claro que algunos casinos se ama\u00f1an con el tiempo, pero en cuanto los reguladores lo descubren, revocan sus licencias para esa plataforma.<\/p>\n<p>\u00bfQui\u00e9nes son estos reguladores? En la mayor\u00eda de los casos, son comisiones oficiales que deciden qui\u00e9n obtiene una licencia. Por ejemplo, en el Reino Unido, la autoridad del juego m\u00e1s conocida es la Comisi\u00f3n del Juego del Reino Unido (UKGC). Los casinos autorizados por la UKGC tienen que pasar un estricto examen que garantice que no se realizan operaciones ilegales.<\/p>\n<p>Tambi\u00e9n hay un par de reguladores \"globales\" que conceden licencias a plataformas de juego online, como la Autoridad del Juego de Malta, muy respetada en el sector del juego online. Por lo tanto, si accedes a un sitio y ves que tiene licencia de la MGA, puedes estar seguro de que el casino es justo y digno de confianza.<\/p>\n<p>Para averiguar si un casino en l\u00ednea tiene licencia o no, debe desplazarse hasta el pie de p\u00e1gina del sitio, donde suele aparecer informaci\u00f3n sobre las licencias. A continuaci\u00f3n, puede comprobar el n\u00famero de licencia para asegurarse de que la informaci\u00f3n no es falsa.<\/p>\n<p>Adem\u00e1s de las licencias, tambi\u00e9n es importante comprobar qui\u00e9n es el propietario del casino. Las empresas propietarias de casinos en l\u00ednea tienen buena o mala reputaci\u00f3n, y definitivamente no querr\u00e1 jugar en casinos propiedad de empresas que tengan un historial de gestionar casinos incluidos en listas negras.<\/p>\n<h2>Los casinos utilizan m\u00e9todos de seguridad de vanguardia para protegerse a s\u00ed mismos y a sus usuarios<\/h2>\n<p>Incluso los casinos en l\u00ednea leg\u00edtimos pueden ama\u00f1arse si caen en las manos equivocadas. Por ejemplo, podr\u00edan sufrir un ciberataque y los hackers podr\u00edan ama\u00f1ar los juegos de alguna manera. Por suerte, eso casi nunca ocurre hoy en d\u00eda.<\/p>\n<p>Todos los casinos en l\u00ednea de renombre utilizan tecnolog\u00edas de \u00faltima generaci\u00f3n que garantizan que nadie pueda manipular los juegos. Adem\u00e1s, estas tecnolog\u00edas protegen a los usuarios, sus datos confidenciales y sus fondos de todo tipo de ciberataques. Por ejemplo, todos los casinos deben utilizar el cifrado SSL (Secure Socket Layer) para garantizar una comunicaci\u00f3n segura.<\/p>\n<h2>Conclusi\u00f3n - Investigar antes de inscribirse<\/h2>\n<p>Vivimos en una \u00e9poca en la que la informaci\u00f3n viaja r\u00e1pidamente, por lo que es bastante f\u00e1cil detectar un casino en l\u00ednea fraudulento. No tienen medidas de seguridad, licencias, RNG y muchas otras cosas necesarias para funcionar correctamente.<\/p>\n<p>Sin embargo, los casinos sofisticados y ama\u00f1ados son bastante f\u00e1ciles de descubrir, y por eso le aconsejamos encarecidamente que explore el sitio antes de unirse a \u00e9l. Si a\u00fan no est\u00e1 seguro, no dude en leer los comentarios de expertos y usuarios de casinos. Le proporcionar\u00e1n informaci\u00f3n vital sobre el sitio que est\u00e1 considerando, incluyendo si est\u00e1 ama\u00f1ado o no.<\/p>\n<h2>Art\u00edculos relacionados<\/h2>\n<ul>\n<li><a href=\"https:\/\/www.blackjackinfo.com\/us\/\">Casinos en l\u00ednea de EE.UU.<\/a><\/li>\n<li><a href=\"https:\/\/www.blackjackinfo.com\/us\/us-offshore-online-casinos\/\">Explicaci\u00f3n de los casinos offshore de EE.UU.<\/a><\/li>\n<li><a href=\"https:\/\/www.blackjackinfo.com\/online-blackjack\/is-online-blackjack-rigged\/\">\u00bfEst\u00e1 ama\u00f1ado el blackjack en l\u00ednea?<\/a><\/li>\n<\/ul>","protected":false},"excerpt":{"rendered":"<p>It\u2019s completely natural to be anxious before joining your first online casino. After all, you\u2019ll have to make a real-money deposit on an online platform and trust it with your funds. If you are wondering whether online casinos are rigged, we\u2019ll provide both a short and a long answer to that question. The short one [&hellip;]<\/p>\n","protected":false},"author":4,"featured_media":8100,"parent":0,"menu_order":0,"comment_status":"closed","ping_status":"closed","template":"","meta":{"_acf_changed":false,"footnotes":""},"tags":[1796],"class_list":["post-5641","page","type-page","status-publish","has-post-thumbnail","hentry","tag-rigged"],"acf":[],"yoast_head":"<!-- This site is optimized with the Yoast SEO plugin v26.6 - https:\/\/yoast.com\/wordpress\/plugins\/seo\/ -->\n<title>Are Online Casinos Rigged?<\/title>\n<meta name=\"description\" content=\"It\u2019s completely natural to be anxious before joining your first online casino. After all, you\u2019ll have to make a real-money deposit on an online platform\" \/>\n<meta name=\"robots\" content=\"index, follow, max-snippet:-1, max-image-preview:large, max-video-preview:-1\" \/>\n<link rel=\"canonical\" href=\"https:\/\/www.blackjackinfo.com\/es\/estan-amanados-los-casinos-en-linea\/\" \/>\n<meta property=\"og:locale\" content=\"es_ES\" \/>\n<meta property=\"og:type\" content=\"article\" \/>\n<meta property=\"og:title\" content=\"Are Online Casinos Rigged?\" \/>\n<meta property=\"og:description\" content=\"It\u2019s completely natural to be anxious before joining your first online casino. After all, you\u2019ll have to make a real-money deposit on an online platform\" \/>\n<meta property=\"og:url\" content=\"https:\/\/www.blackjackinfo.com\/es\/estan-amanados-los-casinos-en-linea\/\" \/>\n<meta property=\"og:site_name\" content=\"BlackjackInfo.com\" \/>\n<meta property=\"article:modified_time\" content=\"2025-01-28T08:03:52+00:00\" \/>\n<meta property=\"og:image\" content=\"https:\/\/www.blackjackinfo.com\/files\/img-eVXoX85a9EuqRqe2lnHFc.jpeg\" \/>\n\t<meta property=\"og:image:width\" content=\"1536\" \/>\n\t<meta property=\"og:image:height\" content=\"1536\" \/>\n\t<meta property=\"og:image:type\" content=\"image\/jpeg\" \/>\n<meta name=\"twitter:label1\" content=\"Tiempo de lectura\" \/>\n\t<meta name=\"twitter:data1\" content=\"7 minutos\" \/>\n<script type=\"application\/ld+json\" class=\"yoast-schema-graph\">{\"@context\":\"https:\/\/schema.org\",\"@graph\":[{\"@type\":\"WebPage\",\"@id\":\"https:\/\/www.blackjackinfo.com\/are-online-casinos-rigged\/\",\"url\":\"https:\/\/www.blackjackinfo.com\/are-online-casinos-rigged\/\",\"name\":\"Are Online Casinos Rigged?\",\"isPartOf\":{\"@id\":\"https:\/\/www.blackjackinfo.com\/#website\"},\"primaryImageOfPage\":{\"@id\":\"https:\/\/www.blackjackinfo.com\/are-online-casinos-rigged\/#primaryimage\"},\"image\":{\"@id\":\"https:\/\/www.blackjackinfo.com\/are-online-casinos-rigged\/#primaryimage\"},\"thumbnailUrl\":\"https:\/\/www.blackjackinfo.com\/files\/img-eVXoX85a9EuqRqe2lnHFc.jpeg\",\"datePublished\":\"2020-06-18T08:05:45+00:00\",\"dateModified\":\"2025-01-28T08:03:52+00:00\",\"description\":\"It\u2019s completely natural to be anxious before joining your first online casino. After all, you\u2019ll have to make a real-money deposit on an online platform\",\"breadcrumb\":{\"@id\":\"https:\/\/www.blackjackinfo.com\/are-online-casinos-rigged\/#breadcrumb\"},\"inLanguage\":\"es\",\"potentialAction\":[{\"@type\":\"ReadAction\",\"target\":[\"https:\/\/www.blackjackinfo.com\/are-online-casinos-rigged\/\"]}]},{\"@type\":\"ImageObject\",\"inLanguage\":\"es\",\"@id\":\"https:\/\/www.blackjackinfo.com\/are-online-casinos-rigged\/#primaryimage\",\"url\":\"https:\/\/www.blackjackinfo.com\/files\/img-eVXoX85a9EuqRqe2lnHFc.jpeg\",\"contentUrl\":\"https:\/\/www.blackjackinfo.com\/files\/img-eVXoX85a9EuqRqe2lnHFc.jpeg\",\"width\":1536,\"height\":1536},{\"@type\":\"BreadcrumbList\",\"@id\":\"https:\/\/www.blackjackinfo.com\/are-online-casinos-rigged\/#breadcrumb\",\"itemListElement\":[{\"@type\":\"ListItem\",\"position\":1,\"name\":\"Home\",\"item\":\"https:\/\/www.blackjackinfo.com\/\"},{\"@type\":\"ListItem\",\"position\":2,\"name\":\"Are Online Casinos Rigged?\"}]},{\"@type\":\"WebSite\",\"@id\":\"https:\/\/www.blackjackinfo.com\/#website\",\"url\":\"https:\/\/www.blackjackinfo.com\/\",\"name\":\"BlackjackInfo.com\",\"description\":\"Because Winning is More Fun!\",\"potentialAction\":[{\"@type\":\"SearchAction\",\"target\":{\"@type\":\"EntryPoint\",\"urlTemplate\":\"https:\/\/www.blackjackinfo.com\/?s={search_term_string}\"},\"query-input\":{\"@type\":\"PropertyValueSpecification\",\"valueRequired\":true,\"valueName\":\"search_term_string\"}}],\"inLanguage\":\"es\"}]}<\/script>\n<!-- \/ Yoast SEO plugin. -->","yoast_head_json":{"title":"\u00bfEst\u00e1n Ama\u00f1ados los Casinos Online?","description":"Es completamente natural estar ansioso antes de unirse a su primer casino en l\u00ednea. Al fin y al cabo, tendr\u00e1 que hacer un dep\u00f3sito de dinero real en una plataforma en l\u00ednea","robots":{"index":"index","follow":"follow","max-snippet":"max-snippet:-1","max-image-preview":"max-image-preview:large","max-video-preview":"max-video-preview:-1"},"canonical":"https:\/\/www.blackjackinfo.com\/es\/estan-amanados-los-casinos-en-linea\/","og_locale":"es_ES","og_type":"article","og_title":"Are Online Casinos Rigged?","og_description":"It\u2019s completely natural to be anxious before joining your first online casino. After all, you\u2019ll have to make a real-money deposit on an online platform","og_url":"https:\/\/www.blackjackinfo.com\/es\/estan-amanados-los-casinos-en-linea\/","og_site_name":"BlackjackInfo.com","article_modified_time":"2025-01-28T08:03:52+00:00","og_image":[{"width":1536,"height":1536,"url":"https:\/\/www.blackjackinfo.com\/files\/img-eVXoX85a9EuqRqe2lnHFc.jpeg","type":"image\/jpeg"}],"twitter_misc":{"Tiempo de lectura":"7 minutos"},"schema":{"@context":"https:\/\/schema.org","@graph":[{"@type":"WebPage","@id":"https:\/\/www.blackjackinfo.com\/are-online-casinos-rigged\/","url":"https:\/\/www.blackjackinfo.com\/are-online-casinos-rigged\/","name":"\u00bfEst\u00e1n Ama\u00f1ados los Casinos Online?","isPartOf":{"@id":"https:\/\/www.blackjackinfo.com\/#website"},"primaryImageOfPage":{"@id":"https:\/\/www.blackjackinfo.com\/are-online-casinos-rigged\/#primaryimage"},"image":{"@id":"https:\/\/www.blackjackinfo.com\/are-online-casinos-rigged\/#primaryimage"},"thumbnailUrl":"https:\/\/www.blackjackinfo.com\/files\/img-eVXoX85a9EuqRqe2lnHFc.jpeg","datePublished":"2020-06-18T08:05:45+00:00","dateModified":"2025-01-28T08:03:52+00:00","description":"Es completamente natural estar ansioso antes de unirse a su primer casino en l\u00ednea. Al fin y al cabo, tendr\u00e1 que hacer un dep\u00f3sito de dinero real en una plataforma en l\u00ednea","breadcrumb":{"@id":"https:\/\/www.blackjackinfo.com\/are-online-casinos-rigged\/#breadcrumb"},"inLanguage":"es","potentialAction":[{"@type":"ReadAction","target":["https:\/\/www.blackjackinfo.com\/are-online-casinos-rigged\/"]}]},{"@type":"ImageObject","inLanguage":"es","@id":"https:\/\/www.blackjackinfo.com\/are-online-casinos-rigged\/#primaryimage","url":"https:\/\/www.blackjackinfo.com\/files\/img-eVXoX85a9EuqRqe2lnHFc.jpeg","contentUrl":"https:\/\/www.blackjackinfo.com\/files\/img-eVXoX85a9EuqRqe2lnHFc.jpeg","width":1536,"height":1536},{"@type":"BreadcrumbList","@id":"https:\/\/www.blackjackinfo.com\/are-online-casinos-rigged\/#breadcrumb","itemListElement":[{"@type":"ListItem","position":1,"name":"Home","item":"https:\/\/www.blackjackinfo.com\/"},{"@type":"ListItem","position":2,"name":"Are Online Casinos Rigged?"}]},{"@type":"WebSite","@id":"https:\/\/www.blackjackinfo.com\/#website","url":"https:\/\/www.blackjackinfo.com\/","name":"BlackjackInfo.com","description":"\u00a1Porque ganar es m\u00e1s divertido!","potentialAction":[{"@type":"SearchAction","target":{"@type":"EntryPoint","urlTemplate":"https:\/\/www.blackjackinfo.com\/?s={search_term_string}"},"query-input":{"@type":"PropertyValueSpecification","valueRequired":true,"valueName":"search_term_string"}}],"inLanguage":"es"}]}},"_links":{"self":[{"href":"https:\/\/www.blackjackinfo.com\/es\/wp-json\/wp\/v2\/pages\/5641","targetHints":{"allow":["GET"]}}],"collection":[{"href":"https:\/\/www.blackjackinfo.com\/es\/wp-json\/wp\/v2\/pages"}],"about":[{"href":"https:\/\/www.blackjackinfo.com\/es\/wp-json\/wp\/v2\/types\/page"}],"author":[{"embeddable":true,"href":"https:\/\/www.blackjackinfo.com\/es\/wp-json\/wp\/v2\/users\/4"}],"replies":[{"embeddable":true,"href":"https:\/\/www.blackjackinfo.com\/es\/wp-json\/wp\/v2\/comments?post=5641"}],"version-history":[{"count":3,"href":"https:\/\/www.blackjackinfo.com\/es\/wp-json\/wp\/v2\/pages\/5641\/revisions"}],"predecessor-version":[{"id":5647,"href":"https:\/\/www.blackjackinfo.com\/es\/wp-json\/wp\/v2\/pages\/5641\/revisions\/5647"}],"wp:featuredmedia":[{"embeddable":true,"href":"https:\/\/www.blackjackinfo.com\/es\/wp-json\/wp\/v2\/media\/8100"}],"wp:attachment":[{"href":"https:\/\/www.blackjackinfo.com\/es\/wp-json\/wp\/v2\/media?parent=5641"}],"wp:term":[{"taxonomy":"post_tag","embeddable":true,"href":"https:\/\/www.blackjackinfo.com\/es\/wp-json\/wp\/v2\/tags?post=5641"}],"curies":[{"name":"wp","href":"https:\/\/api.w.org\/{rel}","templated":true}]}}