{"id":5645,"date":"2020-06-18T03:12:46","date_gmt":"2020-06-18T08:12:46","guid":{"rendered":"https:\/\/www.blackjackinfo.com\/?page_id=5645"},"modified":"2020-06-18T03:12:46","modified_gmt":"2020-06-18T08:12:46","slug":"esta-amanado-el-blackjack-online","status":"publish","type":"page","link":"https:\/\/www.blackjackinfo.com\/es\/online-blackjack\/is-online-blackjack-rigged\/","title":{"rendered":"\u00bfEst\u00e1 ama\u00f1ado el blackjack en l\u00ednea?"},"content":{"rendered":"<p>Esta es una de esas preguntas que se hacen muchos jugadores de blackjack. Est\u00e1 relacionada con el viejo problema de si los casinos online est\u00e1n ama\u00f1ados o no. Podemos darte una respuesta r\u00e1pida: el blackjack online no suele estar ama\u00f1ado, pero puede estarlo.<\/p>\n<p>Como no se trata de una pregunta a la que podamos responder sin m\u00e1s, tenemos que explicar qu\u00e9 significa exactamente. Qu\u00e9date con nosotros si quieres saber por qu\u00e9 el blackjack online no suele estar ama\u00f1ado y c\u00f3mo puede estarlo. Echemos un vistazo.<\/p>\n<h2>\u00bfEst\u00e1n Ama\u00f1ados los Casinos Online?<\/h2>\n<p>Antes de explicar el blackjack online y si hay que preocuparse de que est\u00e9n ama\u00f1ados, tenemos que hablar de los lugares donde se puede jugar al blackjack online: los casinos online.<\/p>\n<p>Sinceramente, los casinos en l\u00ednea siempre pueden ser ama\u00f1ados con mucha facilidad. Sin embargo, eso no significa que lo est\u00e9n. Es m\u00e1s, la inmensa mayor\u00eda de ellos no lo est\u00e1n. Y lo m\u00e1s importante que hay que entender aqu\u00ed es que hay cosas que garantizan que los casinos online y los juegos que ofrecen no est\u00e1n ama\u00f1ados.<\/p>\n<p>En primer lugar, los desarrolladores de juegos de casino de calidad no quieren que se les asocie con juegos y casinos ama\u00f1ados. Por lo tanto, ni siquiera crean juegos ama\u00f1ados, incluido el blackjack. Todo buen desarrollador crea juegos de casino con generadores de n\u00fameros aleatorios incorporados para garantizar que lo que ocurre en los juegos es totalmente aleatorio.<\/p>\n<p>Naturalmente, todos los juegos de casino est\u00e1n hechos para favorecer ligeramente al casino, de modo que el sitio pueda obtener beneficios. Sin embargo, esta ventaja del casino es siempre muy peque\u00f1a, y no importa lo grande que sea, no significa que no puedas ganar a lo grande en cualquier juego.<\/p>\n<p>Aparte de las precauciones tomadas por los propios desarrolladores de software, todos los casinos en l\u00ednea est\u00e1n sujetos a las leyes del pa\u00eds en el que operan. Si son internacionales, siguen estando sujetos a normas que garantizan el juego limpio y la seguridad de los jugadores.<\/p>\n<p>Adem\u00e1s, todos los casinos certificados como justos tienen las licencias adecuadas. Las mejores licencias del mundo del juego en l\u00ednea son las que conceden la Autoridad del Juego de Malta (MGA) y la Comisi\u00f3n del Juego del Reino Unido (UKGC). Por lo tanto, si un casino tiene una de estas licencias, puede estar seguro de que es justo y no est\u00e1 m\u00e1s ama\u00f1ado que la vida misma.<\/p>\n<p>Es importante mencionar que muchos casinos online permiten que auditores independientes comprueben ocasionalmente su nivel de imparcialidad y honestidad.<\/p>\n<h2>\u00bfPor qu\u00e9 y c\u00f3mo se puede ama\u00f1ar el blackjack en l\u00ednea?<\/h2>\n<p>Los jugadores desconf\u00edan mucho de los juegos de azar en l\u00ednea, y tienen todo el derecho a hacerlo. Es f\u00e1cil pensar que el juego est\u00e1 ama\u00f1ado porque un casino online puede ama\u00f1ar f\u00e1cilmente una partida de blackjack. El casino controla el software y, por tanto, puede controlar c\u00f3mo se desarrolla el juego. Es m\u00e1s, con la forma en que funciona el blackjack, el casino puede inclinar f\u00e1cilmente las probabilidades a su favor sin que nadie se d\u00e9 cuenta.<\/p>\n<p>Por estas razones, es comprensible que te preocupe que la partida de blackjack online a la que est\u00e1s jugando est\u00e9 ama\u00f1ada. Y lo que es peor, no es que estas cosas no hayan ocurrido antes. Por ejemplo, est\u00e1 el infame esc\u00e1ndalo de Potripper en el que el propietario del sitio web ten\u00eda la capacidad de ver las cartas de los jugadores.<\/p>\n<p>Casos como \u00e9ste son raros, pero no inauditos. Cuando se trata del blackjack, hay muchas formas en que un casino puede ama\u00f1ar el juego. El m\u00e9todo m\u00e1s com\u00fan que un casino malo podr\u00eda utilizar es eliminar por completo los ases o las cartas de la cara. Se podr\u00eda pensar que esto es f\u00e1cil de notar, pero el hecho es que la mayor\u00eda de los juegos de blackjack utilizan menos de 50% de cartas disponibles por juego, por lo que es probable que nadie se d\u00e9 cuenta.<\/p>\n<p>Existen otros m\u00e9todos para ama\u00f1ar una partida de blackjack online, pero la realidad es que la mayor\u00eda de los casinos no los utilizan. Esto se debe principalmente a las razones que ya hemos explicado y a las reglas que les impiden ama\u00f1ar los juegos. Sin embargo, la mayor\u00eda de los casinos en l\u00ednea ni siquiera quieren ama\u00f1ar sus juegos. Simplemente no merece la pena. Si alguien se da cuenta de que una partida de blackjack est\u00e1 ama\u00f1ada, la mala reputaci\u00f3n resultante podr\u00eda arruinar f\u00e1cilmente al casino.<\/p>\n<p>Sinceramente, s\u00f3lo un propietario de casino muy tonto querr\u00eda ama\u00f1ar el blackjack, ya que las recompensas potenciales son muy bajas, mientras que los riesgos son tremendamente altos.<\/p>\n<h2>\u00bfC\u00f3mo puedo saber si mi partida de blackjack online est\u00e1 ama\u00f1ada?<\/h2>\n<p>Averiguar si tu partida de blackjack online est\u00e1 ama\u00f1ada siempre depende de la fiabilidad de la plataforma en la que juegas. Mientras la plataforma en s\u00ed sea justa y leg\u00edtima, las posibilidades de que el juego de blackjack est\u00e9 ama\u00f1ado son min\u00fasculas.<\/p>\n<p>Una de las cosas m\u00e1s importantes que hay que comprobar es si el casino tiene licencia de alguna de las organizaciones que hemos comentado (MGA y UKGC) o de otra agencia bien reconocida. Adem\u00e1s, aseg\u00farate de que el juego de blackjack proviene de un desarrollador de software leg\u00edtimo y popular como Microgaming, Playtech, Evolution Gaming, NetEnt, etc.<\/p>\n<p>En lo que respecta al juego en s\u00ed, tambi\u00e9n puedes jugar al blackjack con crupier en vivo. Los juegos en vivo son m\u00e1s f\u00e1ciles de seguir, y cualquier problema potencial es menos probable que ocurra y m\u00e1s f\u00e1cil de detectar. Sin embargo, eso no significa que no debas jugar a juegos de blackjack online normales. Todos los mejores juegos de blackjack est\u00e1n hechos con algoritmos que barajan las cartas de forma totalmente aleatoria. Y, por supuesto, mientras el casino sea bueno, la posibilidad de que el juego est\u00e9 ama\u00f1ado es pr\u00e1cticamente inexistente.<\/p>\n<p>Si empiezas a perder mucho, es bueno que analices detenidamente tu forma de jugar. Por desgracia, la raz\u00f3n m\u00e1s probable de tus constantes p\u00e9rdidas tiene que ver contigo, no con el juego en s\u00ed.<\/p>\n<p>La mayor\u00eda de los jugadores tienden a culpar al juego de sus p\u00e9rdidas, en lugar de inspeccionar sus m\u00e9todos y estrategias de juego. En la mayor\u00eda de los casos, cuando los jugadores acusan al casino de que su juego de blackjack est\u00e1 ama\u00f1ado, lo hacen porque no se les ocurre que hayan hecho algo mal. Por lo tanto, es importante tener en cuenta este aspecto tambi\u00e9n a la hora de examinar la imparcialidad del juego.<\/p>\n<h2>Lo esencial<\/h2>\n<p>En definitiva, el blackjack online casi nunca est\u00e1 ama\u00f1ado, aunque puede estarlo. La mayor\u00eda de los casinos en los que jugar\u00e1s son leg\u00edtimos y justos, por lo que lo m\u00e1s probable es que sus partidas de blackjack tambi\u00e9n lo sean.<\/p>\n<p>Adem\u00e1s, aunque una partida de blackjack puede ama\u00f1arse de varias maneras, no tiene sentido ni es necesario que un casino lo haga. Las recompensas son bajas y los riesgos altos, por lo que puede estar seguro de que un casino en l\u00ednea nunca tendr\u00eda necesidad de ama\u00f1ar una partida de blackjack.<\/p>\n<p>En conclusi\u00f3n, puede relajarse y empezar a jugar al blackjack online en su casino online leg\u00edtimo favorito sin preocuparse de que est\u00e9 ama\u00f1ado.<\/p>\n<h2>Art\u00edculos relacionados<\/h2>\n<ul>\n<li><a href=\"https:\/\/www.blackjackinfo.com\/are-online-casinos-rigged\/\">\u00bfEst\u00e1n ama\u00f1ados los casinos en l\u00ednea?<\/a><\/li>\n<li><a href=\"https:\/\/www.blackjackinfo.com\/us\/\">Casinos en l\u00ednea de EE.UU.<\/a><\/li>\n<li><a href=\"https:\/\/www.blackjackinfo.com\/us\/us-offshore-online-casinos\/\">Explicaci\u00f3n de los casinos offshore de EE.UU.<\/a><\/li>\n<\/ul>","protected":false},"excerpt":{"rendered":"<p>This is one of those questions many blackjack players have. It ties into the age-long problem of whether or not online casinos are rigged. We can give you a quick answer \u2014 online blackjack is usually not rigged, but it can be. As this is not a question that we can merely answer and be [&hellip;]<\/p>\n","protected":false},"author":4,"featured_media":0,"parent":1928,"menu_order":0,"comment_status":"closed","ping_status":"closed","template":"","meta":{"_acf_changed":false,"footnotes":""},"tags":[],"class_list":["post-5645","page","type-page","status-publish","hentry"],"acf":[],"yoast_head":"<!-- This site is optimized with the Yoast SEO plugin v26.6 - https:\/\/yoast.com\/wordpress\/plugins\/seo\/ -->\n<title>Is Online Blackjack Rigged?<\/title>\n<meta name=\"description\" content=\"This is one of those questions many blackjack players have. It ties into the age-long problem of whether or not online casinos are rigged. We can give you\" \/>\n<meta name=\"robots\" content=\"index, follow, max-snippet:-1, max-image-preview:large, max-video-preview:-1\" \/>\n<link rel=\"canonical\" href=\"https:\/\/www.blackjackinfo.com\/es\/blackjack-online-2\/esta-amanado-el-blackjack-online\/\" \/>\n<meta property=\"og:locale\" content=\"es_ES\" \/>\n<meta property=\"og:type\" content=\"article\" \/>\n<meta property=\"og:title\" content=\"Is Online Blackjack Rigged?\" \/>\n<meta property=\"og:description\" content=\"This is one of those questions many blackjack players have. It ties into the age-long problem of whether or not online casinos are rigged. We can give you\" \/>\n<meta property=\"og:url\" content=\"https:\/\/www.blackjackinfo.com\/es\/blackjack-online-2\/esta-amanado-el-blackjack-online\/\" \/>\n<meta property=\"og:site_name\" content=\"BlackjackInfo.com\" \/>\n<meta name=\"twitter:label1\" content=\"Tiempo de lectura\" \/>\n\t<meta name=\"twitter:data1\" content=\"6 minutos\" \/>\n<script type=\"application\/ld+json\" class=\"yoast-schema-graph\">{\"@context\":\"https:\/\/schema.org\",\"@graph\":[{\"@type\":\"WebPage\",\"@id\":\"https:\/\/www.blackjackinfo.com\/online-blackjack\/is-online-blackjack-rigged\/\",\"url\":\"https:\/\/www.blackjackinfo.com\/online-blackjack\/is-online-blackjack-rigged\/\",\"name\":\"Is Online Blackjack Rigged?\",\"isPartOf\":{\"@id\":\"https:\/\/www.blackjackinfo.com\/#website\"},\"datePublished\":\"2020-06-18T08:12:46+00:00\",\"description\":\"This is one of those questions many blackjack players have. It ties into the age-long problem of whether or not online casinos are rigged. We can give you\",\"breadcrumb\":{\"@id\":\"https:\/\/www.blackjackinfo.com\/online-blackjack\/is-online-blackjack-rigged\/#breadcrumb\"},\"inLanguage\":\"es\",\"potentialAction\":[{\"@type\":\"ReadAction\",\"target\":[\"https:\/\/www.blackjackinfo.com\/online-blackjack\/is-online-blackjack-rigged\/\"]}]},{\"@type\":\"BreadcrumbList\",\"@id\":\"https:\/\/www.blackjackinfo.com\/online-blackjack\/is-online-blackjack-rigged\/#breadcrumb\",\"itemListElement\":[{\"@type\":\"ListItem\",\"position\":1,\"name\":\"Home\",\"item\":\"https:\/\/www.blackjackinfo.com\/\"},{\"@type\":\"ListItem\",\"position\":2,\"name\":\"Online Blackjack for Real Money\",\"item\":\"https:\/\/www.blackjackinfo.com\/online-blackjack\/\"},{\"@type\":\"ListItem\",\"position\":3,\"name\":\"Is Online Blackjack Rigged?\"}]},{\"@type\":\"WebSite\",\"@id\":\"https:\/\/www.blackjackinfo.com\/#website\",\"url\":\"https:\/\/www.blackjackinfo.com\/\",\"name\":\"BlackjackInfo.com\",\"description\":\"Because Winning is More Fun!\",\"potentialAction\":[{\"@type\":\"SearchAction\",\"target\":{\"@type\":\"EntryPoint\",\"urlTemplate\":\"https:\/\/www.blackjackinfo.com\/?s={search_term_string}\"},\"query-input\":{\"@type\":\"PropertyValueSpecification\",\"valueRequired\":true,\"valueName\":\"search_term_string\"}}],\"inLanguage\":\"es\"}]}<\/script>\n<!-- \/ Yoast SEO plugin. -->","yoast_head_json":{"title":"\u00bfEst\u00e1 ama\u00f1ado el blackjack en l\u00ednea?","description":"Esta es una de esas preguntas que se hacen muchos jugadores de blackjack. Est\u00e1 relacionada con el viejo problema de si los casinos en l\u00ednea est\u00e1n ama\u00f1ados o no. Podemos darle","robots":{"index":"index","follow":"follow","max-snippet":"max-snippet:-1","max-image-preview":"max-image-preview:large","max-video-preview":"max-video-preview:-1"},"canonical":"https:\/\/www.blackjackinfo.com\/es\/blackjack-online-2\/esta-amanado-el-blackjack-online\/","og_locale":"es_ES","og_type":"article","og_title":"Is Online Blackjack Rigged?","og_description":"This is one of those questions many blackjack players have. It ties into the age-long problem of whether or not online casinos are rigged. We can give you","og_url":"https:\/\/www.blackjackinfo.com\/es\/blackjack-online-2\/esta-amanado-el-blackjack-online\/","og_site_name":"BlackjackInfo.com","twitter_misc":{"Tiempo de lectura":"6 minutos"},"schema":{"@context":"https:\/\/schema.org","@graph":[{"@type":"WebPage","@id":"https:\/\/www.blackjackinfo.com\/online-blackjack\/is-online-blackjack-rigged\/","url":"https:\/\/www.blackjackinfo.com\/online-blackjack\/is-online-blackjack-rigged\/","name":"\u00bfEst\u00e1 ama\u00f1ado el blackjack en l\u00ednea?","isPartOf":{"@id":"https:\/\/www.blackjackinfo.com\/#website"},"datePublished":"2020-06-18T08:12:46+00:00","description":"Esta es una de esas preguntas que se hacen muchos jugadores de blackjack. Est\u00e1 relacionada con el viejo problema de si los casinos en l\u00ednea est\u00e1n ama\u00f1ados o no. Podemos darle","breadcrumb":{"@id":"https:\/\/www.blackjackinfo.com\/online-blackjack\/is-online-blackjack-rigged\/#breadcrumb"},"inLanguage":"es","potentialAction":[{"@type":"ReadAction","target":["https:\/\/www.blackjackinfo.com\/online-blackjack\/is-online-blackjack-rigged\/"]}]},{"@type":"BreadcrumbList","@id":"https:\/\/www.blackjackinfo.com\/online-blackjack\/is-online-blackjack-rigged\/#breadcrumb","itemListElement":[{"@type":"ListItem","position":1,"name":"Home","item":"https:\/\/www.blackjackinfo.com\/"},{"@type":"ListItem","position":2,"name":"Online Blackjack for Real Money","item":"https:\/\/www.blackjackinfo.com\/online-blackjack\/"},{"@type":"ListItem","position":3,"name":"Is Online Blackjack Rigged?"}]},{"@type":"WebSite","@id":"https:\/\/www.blackjackinfo.com\/#website","url":"https:\/\/www.blackjackinfo.com\/","name":"BlackjackInfo.com","description":"\u00a1Porque ganar es m\u00e1s divertido!","potentialAction":[{"@type":"SearchAction","target":{"@type":"EntryPoint","urlTemplate":"https:\/\/www.blackjackinfo.com\/?s={search_term_string}"},"query-input":{"@type":"PropertyValueSpecification","valueRequired":true,"valueName":"search_term_string"}}],"inLanguage":"es"}]}},"_links":{"self":[{"href":"https:\/\/www.blackjackinfo.com\/es\/wp-json\/wp\/v2\/pages\/5645","targetHints":{"allow":["GET"]}}],"collection":[{"href":"https:\/\/www.blackjackinfo.com\/es\/wp-json\/wp\/v2\/pages"}],"about":[{"href":"https:\/\/www.blackjackinfo.com\/es\/wp-json\/wp\/v2\/types\/page"}],"author":[{"embeddable":true,"href":"https:\/\/www.blackjackinfo.com\/es\/wp-json\/wp\/v2\/users\/4"}],"replies":[{"embeddable":true,"href":"https:\/\/www.blackjackinfo.com\/es\/wp-json\/wp\/v2\/comments?post=5645"}],"version-history":[{"count":1,"href":"https:\/\/www.blackjackinfo.com\/es\/wp-json\/wp\/v2\/pages\/5645\/revisions"}],"predecessor-version":[{"id":5646,"href":"https:\/\/www.blackjackinfo.com\/es\/wp-json\/wp\/v2\/pages\/5645\/revisions\/5646"}],"up":[{"embeddable":true,"href":"https:\/\/www.blackjackinfo.com\/es\/wp-json\/wp\/v2\/pages\/1928"}],"wp:attachment":[{"href":"https:\/\/www.blackjackinfo.com\/es\/wp-json\/wp\/v2\/media?parent=5645"}],"wp:term":[{"taxonomy":"post_tag","embeddable":true,"href":"https:\/\/www.blackjackinfo.com\/es\/wp-json\/wp\/v2\/tags?post=5645"}],"curies":[{"name":"wp","href":"https:\/\/api.w.org\/{rel}","templated":true}]}}