{"id":5712,"date":"2020-07-01T00:20:33","date_gmt":"2020-07-01T05:20:33","guid":{"rendered":"https:\/\/www.blackjackinfo.com\/?page_id=5712"},"modified":"2024-07-04T20:38:56","modified_gmt":"2024-07-05T01:38:56","slug":"casinos-en-linea-de-pennsylvania","status":"publish","type":"page","link":"https:\/\/www.blackjackinfo.com\/es\/us\/pennsylvania-online-casinos\/","title":{"rendered":"Casinos en l\u00ednea de Pensilvania"},"content":{"rendered":"<p>Pensilvania siempre ha ido un paso por delante de los dem\u00e1s, incluso cuando se trata de juegos de azar. El primer tipo de juego que se legaliz\u00f3 en 1959 fueron las carreras de caballos. Luego vino la loter\u00eda estatal en 1972, el bingo en 1988 y el casino en 2004, justo despu\u00e9s de la creaci\u00f3n de la Junta de Control del Juego de Pensilvania.<\/p>\n<p>Hoy en d\u00eda, el juego se considera una forma de impulsar la econom\u00eda, mejorar el d\u00e9ficit financiero del Estado y ofrecer oportunidades de empleo a m\u00e1s personas. Pensilvania es uno de los primeros estados en legalizar casi todas las formas de juego; las \u00fanicas actividades de juego que siguen siendo ilegales en el Estado de Keystone son las apuestas en carreras de galgos y los juegos de casino con crupier en vivo.<\/p>\n<p>Lea nuestra rese\u00f1a para conocer la situaci\u00f3n legal actual de los casinos online en Pensilvania.<\/p>\n<h2>\u00bfEs legal el juego en l\u00ednea en Pensilvania?<\/h2>\n<p>El juego est\u00e1 presente en el Estado de Keystone desde hace bastante tiempo. Los residentes de Pensilvania han podido participar en todo tipo de actividades de juego durante m\u00e1s de una d\u00e9cada, y ahora, tienen la oportunidad de disfrutar de la oferta de varias plataformas de juego online.<\/p>\n<p>El 26 de octubre de 2017, el gobernador Tom Wolf firm\u00f3 el H 271 - un proyecto de ley que hizo legal el juego en l\u00ednea en el estado de Pensilvania. Esto es lo que introduc\u00eda el proyecto de ley:<\/p>\n<ul>\n<li>Casinos en l\u00ednea (juegos de mesa y tragaperras)<\/li>\n<li>P\u00f3quer en l\u00ednea<\/li>\n<li>Deportes de fantas\u00eda diarios<\/li>\n<li>Loter\u00eda en l\u00ednea<\/li>\n<li>Terminal de videojuego en un par de paradas de camiones<\/li>\n<li>Juegos en tabletas en varios aeropuertos<\/li>\n<li>Minicasinos<\/li>\n<\/ul>\n<p>Adem\u00e1s, este proyecto de ley preve\u00eda la regulaci\u00f3n de las apuestas deportivas, tanto al por menor como en l\u00ednea, en caso de que se legalizaran a nivel federal. Una vez que el proyecto de ley H 271 fue aprobado por el Senado e introducido en la legislaci\u00f3n, el estado de Pensilvania obtuvo permiso para legalizar y regular las actividades mencionadas.<\/p>\n<p>La ley establece que las plataformas de casinos de dinero real s\u00f3lo pueden operar en cooperaci\u00f3n con los casinos f\u00edsicos existentes. Todos los sitios de casino online legales est\u00e1n aprobados, examinados y supervisados por la PGCB (Pennsylvania Gaming Control Board).<\/p>\n<p>En 2018, despu\u00e9s de que la PASPA (Ley de Protecci\u00f3n del Deporte Profesional y Amateur) fuera declarada inconstitucional por el Tribunal Supremo, Pensilvania legaliz\u00f3 las apuestas deportivas.<\/p>\n<p>En la actualidad, el estado de Pensilvania expide tres tipos de licencias de juego online:<\/p>\n<ul>\n<li>M\u00e1quinas tragaperras<\/li>\n<li>Juegos de mesa de la casa<\/li>\n<li>Juegos entre iguales y p\u00f3quer<\/li>\n<\/ul>\n<h2>Plataformas de casino en l\u00ednea en Pensilvania<\/h2>\n<p>En el momento de escribir este art\u00edculo, hay diez casinos en l\u00ednea que ofrecen diversas actividades de juego a los jugadores de AP:<\/p>\n<ul>\n<li>Casino Bally<\/li>\n<li>Casino BetMGM<\/li>\n<li>Casino BetParx<\/li>\n<li>Casino BetRivers<\/li>\n<li>Casino Betway<\/li>\n<li>Casino Borgata<\/li>\n<li>Caesars Sportsbook &amp; Casino<\/li>\n<li>Casino en l\u00ednea Caesarslace<\/li>\n<li>Casino DraftKings<\/li>\n<li>Casino FanDuel<\/li>\n<li>Casino Golden Nugget<\/li>\n<li>Casino Hollywood<\/li>\n<li>\u00a1PlayLive! Casino<\/li>\n<li>PlaySugarHouse Casino<\/li>\n<li>Casino PointsBet<\/li>\n<li>Casino PokerStars<\/li>\n<li>Casino Stardust<\/li>\n<li>Casino Tropicana<\/li>\n<li>Casino Unibet<\/li>\n<li>Casino Wind Creek<\/li>\n<\/ul>\n<p>Cada una de estas plataformas tiene licencia para operar y se ha asociado con un casino f\u00edsico local. Cada casino cuenta con una amplia gama de tragaperras en l\u00ednea y juegos de mesa y cartas. Adem\u00e1s, ofrecen atractivas ofertas de bienvenida a todos los nuevos jugadores que quieran unirse.<\/p>\n<p>Actualmente, la \u00fanica forma de juegos de casino que no est\u00e1 disponible para los jugadores de PA es el casino con crupier en vivo. Sin embargo, dado que el estado adapta sus leyes y normativas con regularidad, este tipo de juego podr\u00eda legalizarse pronto.<\/p>\n<h2>\u00bfQu\u00e9 otros tipos de juego en l\u00ednea son legales en Pensilvania?<\/h2>\n<p>Pensilvania fue el cuarto estado, y el m\u00e1s grande, en legalizar el juego online. Los casinos en l\u00ednea fueron los primeros en hacerse con las licencias de juego. Despu\u00e9s, el Estado de Keystone introdujo en la ley las apuestas deportivas en l\u00ednea. Poco despu\u00e9s, el p\u00f3quer en l\u00ednea se convirti\u00f3 tambi\u00e9n en una actividad de juego legal.<\/p>\n<p>Actualmente, los jugadores de AP tienen la oportunidad de disfrutar de una amplia selecci\u00f3n de oportunidades de apuestas deportivas en las mejores casas de apuestas deportivas en l\u00ednea - FanDuel, DraftKings Sportsbook, BetRivers, FoxBet. Los apostantes pueden realizar apuestas en deportes y eventos deportivos como la NLF, NBA, MLB, hockey, carreras de caballos, golf, tenis, etc.<\/p>\n<p>El \u00faltimo en unirse a la fiesta ha sido el p\u00f3quer en l\u00ednea. Por ahora, la \u00fanica plataforma de p\u00f3quer con licencia que opera en el estado de Pensilvania es PokerStars. Sin embargo, otros dos sitios web de p\u00f3quer se lanzar\u00e1n pronto en PA: Party Poker y WSOP.com\/888.<\/p>\n<h2>Conceptos b\u00e1sicos del blackjack en l\u00ednea<\/h2>\n<p>El objetivo del blackjack es sencillo: los jugadores tienen que acercarse lo m\u00e1ximo posible a 21 sin pasarse y tener una mano superior a la del crupier. Si te pasas de 21, pierdes la partida, y lo mismo ocurre con el crupier.<\/p>\n<h3>Valores de la mano<\/h3>\n<p>Antes de empezar a jugar, es vital entender qu\u00e9 determina los valores de las manos. Cada carta tiene un valor espec\u00edfico, dependiendo de su rango. Por ejemplo, las cartas numeradas (2-10) tienen el mismo valor que su rango, y hay 36 en la baraja. Por otro lado, las cartas con cara (sota, reina y rey) cuentan como 10. Los ases son flexibles, ya que pueden valorarse como uno u 11, lo que le acerque m\u00e1s a 21.<\/p>\n<p>Su mano de blackjack es la suma de estos valores. Si tiene la suerte de que le repartan 10 y 11 como cartas iniciales, tiene un blackjack o natural. Como resultado, ganas autom\u00e1ticamente y te pagan 3:2. En caso de ganar con alg\u00fan otro total de mano, se le pagar\u00e1 incluso dinero.<\/p>\n<h3>Jugabilidad<\/h3>\n<p>Cada jugador recibe dos cartas boca arriba cuando se une a una mesa de blackjack online. Mientras tanto, el crupier toma una carta boca arriba y otra boca abajo. Despu\u00e9s, debe decidirse por una de las siguientes jugadas:<\/p>\n<ul>\n<li><strong>Hit<\/strong> - Cogiendo una carta m\u00e1s de la baraja.<\/li>\n<li><strong>Stand<\/strong> - No tomar\/a\u00f1adir m\u00e1s cartas al total de tu mano.<\/li>\n<li><strong>Doblar la apuesta<\/strong> - Dobla tu apuesta antes de que el crupier te d\u00e9 otra carta, d\u00e1ndote la oportunidad de ganar m\u00e1s dinero de una sola vez.<\/li>\n<li><strong>Dividir<\/strong> - Si recibe dos cartas con valores id\u00e9nticos (por ejemplo, dos 7), puede dividirlas en dos manos separadas y recibir dos cartas m\u00e1s. A continuaci\u00f3n, puede seguir pidiendo o doblando en cada mano. La buena noticia es que aunque una mano se pierda, puede seguir jugando con la otra.<\/li>\n<li><strong>R\u00edndete<\/strong> - Cuando reciba una mala mano, opte por rendirse en lugar de pedir o plantarse. Esto le restar\u00e1 50% de su apuesta inicial, pero al menos no lo perder\u00e1 todo.<\/li>\n<li><strong>Seguros<\/strong> <strong>(apuestas laterales)<\/strong> - Puede hacer una apuesta lateral de seguro cuando la carta del crupier sea un as si cree que su otra carta boca abajo tiene un valor de 10 puntos.<\/li>\n<\/ul>\n<h2>Ventajas de jugar al blackjack online en Pensilvania<\/h2>\n<p>El blackjack online ofrece varias ventajas importantes que ning\u00fan casino tradicional de Pensilvania puede igualar. Desgran\u00e9moslas y veamos por qu\u00e9 merece la pena dedicarle tiempo.<\/p>\n<ul>\n<li><strong>Conveniencia<\/strong> - La ventaja m\u00e1s obvia es que puede disfrutar de este cl\u00e1sico del casino sin salir de casa. Todo lo que necesitas es un dispositivo m\u00f3vil o un PC, y tendr\u00e1s acceso a los mejores juegos con dinero real de los mejores casinos online.<\/li>\n<li><strong>Accesibilidad y anonimato<\/strong> - Puede acceder y jugar a su variante favorita de blackjack en cuesti\u00f3n de segundos en una plataforma en l\u00ednea, lo que resulta bastante pr\u00e1ctico para quienes viven lejos de los casinos terrestres. Adem\u00e1s, el juego online te permite sentarte en una mesa virtual sin revelar tu identidad, lo que es ideal para los jugadores que quieren sentirse c\u00f3modos sin ser juzgados \u00fanicamente por su nivel de habilidad.<\/li>\n<li><strong>Promociones atractivas<\/strong> - Las promociones de los casinos en l\u00ednea son mucho m\u00e1s abundantes que las que se pueden obtener en los establecimientos f\u00edsicos. Los operadores suelen recompensar a los nuevos miembros con lucrativos bonos de bienvenida por valor de varios miles de d\u00f3lares e incentivan a los habituales con recargas, devoluciones de dinero y programas VIP.<\/li>\n<li><strong>Juegos gratuitos<\/strong> - Jugar al blackjack en modo demo te permite moverte a tu propio ritmo y probar diferentes estrategias. Aprovecha esta oportunidad para aprender los entresijos de tu juego de blackjack preferido sin arriesgar ni un c\u00e9ntimo.<\/li>\n<li><strong>Cambiar tablas <\/strong>- Si desea cambiar una mesa en un casino tradicional, es posible que tenga que esperar a que haya otros asientos disponibles. Por suerte, en el blackjack online puedes cambiar de mesa al instante.<\/li>\n<li><strong>Juega cara a cara con un crupier<\/strong> - El blackjack online te permite jugar uno contra uno con un crupier, lo que es mucho m\u00e1s beneficioso que hacerlo contra una mesa llena. Puedes encontrarte con un jugador inexperto que haga malas llamadas, se pare o acierte, arruinando en \u00faltima instancia tu estrategia y tus posibilidades de ganar. Esto es algo que puedes evitar en una partida cara a cara online.<\/li>\n<li><strong>Presupuesto asequible<\/strong> - Los casinos en l\u00ednea PA son una excelente opci\u00f3n para aquellos con un presupuesto ajustado, ya que se pueden encontrar mesas con apuestas tan bajas como $0.10.<\/li>\n<\/ul>\n<h2>Variantes populares de Blackjack en PA<\/h2>\n<p>Como juego popular en todo el mundo, no es de extra\u00f1ar que el blackjack tenga cientos de variantes. La mayor\u00eda de ellas se ci\u00f1en a las mismas reglas b\u00e1sicas de juego, con peque\u00f1as desviaciones, y estas son las variantes m\u00e1s extendidas en Pensilvania.<\/p>\n<h3>Blackjack europeo<\/h3>\n<p>Esta variante del blackjack suele utilizar dos barajas, pero tambi\u00e9n puede tropezar con juegos que cuentan con cuatro o seis barajas. En el blackjack americano, el crupier mira su carta oculta cuando la carta descubierta es un 10 o un as. Sin embargo, en el blackjack europeo, el crupier no est\u00e1 obligado a hacerlo, ya que recibe una carta. Mientras tanto, la carta oculta se reparte despu\u00e9s de que todos los participantes hayan actuado.<\/p>\n<p>En esta variante, el blackjack se paga 3:2 y el crupier tiene que plantarse con un 17 blando. Los jugadores s\u00f3lo pueden dividir una pareja una vez y doblar en manos con un total de nueve, diez u once. El juego es \u00fanico en el sentido de que pierdes si el crupier tiene una carta natural y t\u00fa tienes un total de 21 con otras cartas.<\/p>\n<h3>Pont\u00f3n<\/h3>\n<p>El Pontoon es la versi\u00f3n brit\u00e1nica del blackjack, que comparte muchos aspectos con la variante americana. Sin embargo, este juego tiene varios elementos que lo hacen un poco m\u00e1s interesante. A los jugadores se les reparte una carta y hacen sus apuestas antes de recibir la otra. Despu\u00e9s, el juego sigue las reglas est\u00e1ndar del blackjack, excepto que los jugadores utilizan el t\u00e9rmino \"giro\" en lugar de \"acierto\". La mejor mano en el Pontoon es tener cinco cartas que equivalgan a 21 o menos, lo que duplica autom\u00e1ticamente tus ganancias.<\/p>\n<h3>Blackjack en Atlantic City<\/h3>\n<p>Inspirado en el famoso destino de juego Atlantic City, este juego de blackjack sigue las mismas reglas b\u00e1sicas. Sin embargo, una caracter\u00edstica distintiva es que utiliza ocho barajas, y se permite la rendici\u00f3n tard\u00eda, lo que significa que puede perder la mitad de su apuesta original. El juego paga 3:2, y el crupier puede pedir blackjack y plantarse con un 17 blando. Adem\u00e1s, puede dividir pares hasta tres veces y doblar en cualquiera de las dos primeras cartas.<\/p>\n<h3>Las Vegas Strip<\/h3>\n<p>Este juego utilizaba originalmente una baraja de cartas, pero hoy en d\u00eda emplea cuatro. El objetivo y los valores de las cartas siguen el juego est\u00e1ndar del blackjack, pero en Vegas Strip, puede doblar dos cartas cualesquiera y dividir hasta un m\u00e1ximo de cuatro manos. Adem\u00e1s, puedes dividir cartas de valor 10, lo que es una rareza. En cuanto al juego del crupier, debe plantarse con un 17 blando y pedir blackjack. Esta variante tambi\u00e9n paga 3:2.<\/p>\n<h2>Estrategia b\u00e1sica del Blackjack<\/h2>\n<p>Aunque el blackjack es un juego de azar, puedes seguir la estrategia b\u00e1sica para aumentar tus posibilidades de ganar e incluso reducir la ventaja de la casa. He aqu\u00ed c\u00f3mo:<\/p>\n<ul>\n<li>Col\u00f3quese siempre sobre un duro 17 o superior.<\/li>\n<li>Nunca separe dos cartas de cara, ya que estar\u00e1 desechando una alta posibilidad de ganar con un 20.<\/li>\n<li>Divida una mano de Ases u Ochos ya que le dan una mejor oportunidad de hacer una mano ganadora.<\/li>\n<li>Evite apostar al seguro ya que es casi imposible predecir si la carta boca abajo del crupier tiene un valor de 10.<\/li>\n<li>Supongamos que la carta oculta del crupier tiene un valor de 10.<\/li>\n<li>El crupier tiene m\u00e1s probabilidades de pasarse si su carta boca arriba es seis o m\u00e1s baja.<\/li>\n<li>Golpe en un 17 suave.<\/li>\n<li>Dobla el 11.<\/li>\n<\/ul>\n<h2>C\u00f3mo encontrar la mesa de blackjack adecuada en los sitios de juego de PA<\/h2>\n<p>Es crucial explorar las mesas de blackjack antes de registrarse y hacer un dep\u00f3sito. Los distintos operadores pueden tener sus propias reglas, procedimientos de barajado, n\u00famero de barajas y l\u00edmites m\u00e1ximos y m\u00ednimos de apuesta. Los peque\u00f1os matices pueden influir enormemente en sus beneficios potenciales, as\u00ed que tenga siempre en cuenta lo siguiente:<\/p>\n<ul>\n<li>Busque los juegos con un pago de 3:2 y evite los que pagan 6:5, ya que esto aumenta la ventaja de la casa en aproximadamente 1,39%.<\/li>\n<li>Opte por los juegos que permiten la entrega anticipada y tard\u00eda, ya que reduce la ventaja de la casa en 0,6%.<\/li>\n<li>Elige las variantes de blackjack en las que el crupier se planta en el 17 suave; de lo contrario, la ventaja de la casa aumenta en 0,2%<\/li>\n<li>Busca un juego en el que puedas volver a dividir ases porque esto aumenta tus posibilidades en 0,6% seg\u00fan la estrategia b\u00e1sica del blackjack.<\/li>\n<li>Mant\u00e9ngase alejado de los juegos que utilizan m\u00e1quinas de barajado continuo (CSM) porque combinan un zapato de reparto y un barajador autom\u00e1tico de cartas.<\/li>\n<li>Elija una variante con menos barajas. Por regla general, cuantas m\u00e1s barajas haya, mayor ser\u00e1 la ventaja de la casa.<\/li>\n<\/ul>\n<h2>Opciones de casinos f\u00edsicos en Pensilvania<\/h2>\n<p>Antes de los casinos en l\u00ednea, exist\u00edan los casinos f\u00edsicos, 12 para ser exactos. Todos llevan bastante tiempo en activo y ofrecen juegos de casino tradicionales, pero siempre buscan mejorar su selecci\u00f3n.<\/p>\n<p>A continuaci\u00f3n, mencionamos algunas de las opciones de casinos f\u00edsicos a las que puede optar cuando se encuentre en el estado de Keystone:<\/p>\n<ul>\n<li><strong>Harrah's Filadelfia<\/strong> - Gestionado por Caesars Entertainment, este casino ofrece m\u00e1s de 2.000 m\u00e1quinas tragaperras y juegos de p\u00f3quer de v\u00eddeo. Adem\u00e1s, cuenta con una buena oferta de juegos de mesa y una sala de apuestas deportivas.<\/li>\n<li><strong>Casino Hollywood en el hip\u00f3dromo Penn National<\/strong> - Reconocido como uno de los mejores casinos de Pensilvania, este casino ofrece alrededor de 2.500 t\u00edtulos de tragaperras, m\u00e1s de 60 juegos de mesa y una selecci\u00f3n de oportunidades de video p\u00f3quer.<\/li>\n<li><strong>Hip\u00f3dromo y Casino The Meadows<\/strong> - Sin duda, se trata del mayor casino del Estado de Keystone. The Meadows cuenta con una selecci\u00f3n de m\u00e1s de 3.000 juegos de tragaperras, m\u00e1s de 60 juegos de mesa y 14 mesas de p\u00f3quer a disposici\u00f3n de todos los visitantes.<\/li>\n<li><strong>Casino y carreras Parx<\/strong> - Con 3.300 juegos de tragaperras, 180 juegos de mesa y 48 mesas de p\u00f3quer, este casino ofrece una experiencia incre\u00edble a todos los jugadores.<\/li>\n<li><strong>Casino Rivers<\/strong> - Situado en el coraz\u00f3n de Pittsburgh, ofrece m\u00e1s de 2.900 m\u00e1quinas tragaperras, junto con m\u00e1s de 100 juegos de mesa y 30 mesas de p\u00f3quer.<\/li>\n<li><strong>Casino SugarHouse<\/strong> - Aunque en tama\u00f1o no se puede comparar con otros establecimientos de casino, este establecimiento sigue estando entre las opciones m\u00e1s populares entre los jugadores de casino. Cuenta con m\u00e1s de 1.800 m\u00e1quinas tragaperras y m\u00e1s de 130 juegos de mesa y p\u00f3quer.<\/li>\n<li><strong>Mohegan Sun Pocono<\/strong> - Con m\u00e1s de 2.300 t\u00edtulos de tragaperras y 90 opciones de juegos de mesa, Mohegan Sun ofrece una experiencia de casino envolvente.<\/li>\n<\/ul>\n<p>La mayor\u00eda de estos casinos terrestres ya tienen sus hom\u00f3logos en l\u00ednea, y es posible que en el futuro surjan m\u00e1s.<\/p>","protected":false},"excerpt":{"rendered":"<p>Pennsylvania has always been one step ahead of others, even when gambling is in question. The first type of gambling that was legalized in 1959 was horse racing. Then came the state lottery in 1972, bingo in 1988, and casino in 2004 right after the creation of the Pennsylvania Gaming Control Board. Today, gambling is [&hellip;]<\/p>\n","protected":false},"author":4,"featured_media":0,"parent":5554,"menu_order":0,"comment_status":"closed","ping_status":"closed","template":"","meta":{"_acf_changed":false,"footnotes":""},"tags":[],"class_list":["post-5712","page","type-page","status-publish","hentry"],"acf":[],"yoast_head":"<!-- This site is optimized with the Yoast SEO plugin v26.6 - https:\/\/yoast.com\/wordpress\/plugins\/seo\/ -->\n<title>Best Pennsylvania Online Casinos in 2026<\/title>\n<meta name=\"description\" content=\"Pennsylvania has always been one step ahead of others, even when gambling is in question. The first type of gambling that was legalized in 1959 was horse\" \/>\n<meta name=\"robots\" content=\"index, follow, max-snippet:-1, max-image-preview:large, max-video-preview:-1\" \/>\n<link rel=\"canonical\" href=\"https:\/\/www.blackjackinfo.com\/es\/us\/casinos-en-linea-de-pennsylvania\/\" \/>\n<meta property=\"og:locale\" content=\"es_ES\" \/>\n<meta property=\"og:type\" content=\"article\" \/>\n<meta property=\"og:title\" content=\"Best Pennsylvania Online Casinos in 2026\" \/>\n<meta property=\"og:description\" content=\"Pennsylvania has always been one step ahead of others, even when gambling is in question. The first type of gambling that was legalized in 1959 was horse\" \/>\n<meta property=\"og:url\" content=\"https:\/\/www.blackjackinfo.com\/es\/us\/casinos-en-linea-de-pennsylvania\/\" \/>\n<meta property=\"og:site_name\" content=\"BlackjackInfo.com\" \/>\n<meta property=\"article:modified_time\" content=\"2024-07-05T01:38:56+00:00\" \/>\n<meta name=\"twitter:label1\" content=\"Tiempo de lectura\" \/>\n\t<meta name=\"twitter:data1\" content=\"11 minutos\" \/>\n<script type=\"application\/ld+json\" class=\"yoast-schema-graph\">{\"@context\":\"https:\/\/schema.org\",\"@graph\":[{\"@type\":\"WebPage\",\"@id\":\"https:\/\/www.blackjackinfo.com\/us\/pennsylvania-online-casinos\/\",\"url\":\"https:\/\/www.blackjackinfo.com\/us\/pennsylvania-online-casinos\/\",\"name\":\"Best Pennsylvania Online Casinos in 2026\",\"isPartOf\":{\"@id\":\"https:\/\/www.blackjackinfo.com\/#website\"},\"datePublished\":\"2020-07-01T05:20:33+00:00\",\"dateModified\":\"2024-07-05T01:38:56+00:00\",\"description\":\"Pennsylvania has always been one step ahead of others, even when gambling is in question. The first type of gambling that was legalized in 1959 was horse\",\"breadcrumb\":{\"@id\":\"https:\/\/www.blackjackinfo.com\/us\/pennsylvania-online-casinos\/#breadcrumb\"},\"inLanguage\":\"es\",\"potentialAction\":[{\"@type\":\"ReadAction\",\"target\":[\"https:\/\/www.blackjackinfo.com\/us\/pennsylvania-online-casinos\/\"]}]},{\"@type\":\"BreadcrumbList\",\"@id\":\"https:\/\/www.blackjackinfo.com\/us\/pennsylvania-online-casinos\/#breadcrumb\",\"itemListElement\":[{\"@type\":\"ListItem\",\"position\":1,\"name\":\"Home\",\"item\":\"https:\/\/www.blackjackinfo.com\/\"},{\"@type\":\"ListItem\",\"position\":2,\"name\":\"Online Casinos in the US\",\"item\":\"https:\/\/www.blackjackinfo.com\/us\/\"},{\"@type\":\"ListItem\",\"position\":3,\"name\":\"Pennsylvania Online Casinos\"}]},{\"@type\":\"WebSite\",\"@id\":\"https:\/\/www.blackjackinfo.com\/#website\",\"url\":\"https:\/\/www.blackjackinfo.com\/\",\"name\":\"BlackjackInfo.com\",\"description\":\"Because Winning is More Fun!\",\"potentialAction\":[{\"@type\":\"SearchAction\",\"target\":{\"@type\":\"EntryPoint\",\"urlTemplate\":\"https:\/\/www.blackjackinfo.com\/?s={search_term_string}\"},\"query-input\":{\"@type\":\"PropertyValueSpecification\",\"valueRequired\":true,\"valueName\":\"search_term_string\"}}],\"inLanguage\":\"es\"}]}<\/script>\n<!-- \/ Yoast SEO plugin. -->","yoast_head_json":{"title":"Los mejores casinos en l\u00ednea de Pensilvania en 2026","description":"Pensilvania siempre ha ido un paso por delante de los dem\u00e1s, incluso cuando se trata de juegos de azar. El primer tipo de juego que se legaliz\u00f3 en 1959 fue el de los caballos.","robots":{"index":"index","follow":"follow","max-snippet":"max-snippet:-1","max-image-preview":"max-image-preview:large","max-video-preview":"max-video-preview:-1"},"canonical":"https:\/\/www.blackjackinfo.com\/es\/us\/casinos-en-linea-de-pennsylvania\/","og_locale":"es_ES","og_type":"article","og_title":"Best Pennsylvania Online Casinos in 2026","og_description":"Pennsylvania has always been one step ahead of others, even when gambling is in question. The first type of gambling that was legalized in 1959 was horse","og_url":"https:\/\/www.blackjackinfo.com\/es\/us\/casinos-en-linea-de-pennsylvania\/","og_site_name":"BlackjackInfo.com","article_modified_time":"2024-07-05T01:38:56+00:00","twitter_misc":{"Tiempo de lectura":"11 minutos"},"schema":{"@context":"https:\/\/schema.org","@graph":[{"@type":"WebPage","@id":"https:\/\/www.blackjackinfo.com\/us\/pennsylvania-online-casinos\/","url":"https:\/\/www.blackjackinfo.com\/us\/pennsylvania-online-casinos\/","name":"Los mejores casinos en l\u00ednea de Pensilvania en 2026","isPartOf":{"@id":"https:\/\/www.blackjackinfo.com\/#website"},"datePublished":"2020-07-01T05:20:33+00:00","dateModified":"2024-07-05T01:38:56+00:00","description":"Pensilvania siempre ha ido un paso por delante de los dem\u00e1s, incluso cuando se trata de juegos de azar. El primer tipo de juego que se legaliz\u00f3 en 1959 fue el de los caballos.","breadcrumb":{"@id":"https:\/\/www.blackjackinfo.com\/us\/pennsylvania-online-casinos\/#breadcrumb"},"inLanguage":"es","potentialAction":[{"@type":"ReadAction","target":["https:\/\/www.blackjackinfo.com\/us\/pennsylvania-online-casinos\/"]}]},{"@type":"BreadcrumbList","@id":"https:\/\/www.blackjackinfo.com\/us\/pennsylvania-online-casinos\/#breadcrumb","itemListElement":[{"@type":"ListItem","position":1,"name":"Home","item":"https:\/\/www.blackjackinfo.com\/"},{"@type":"ListItem","position":2,"name":"Online Casinos in the US","item":"https:\/\/www.blackjackinfo.com\/us\/"},{"@type":"ListItem","position":3,"name":"Pennsylvania Online Casinos"}]},{"@type":"WebSite","@id":"https:\/\/www.blackjackinfo.com\/#website","url":"https:\/\/www.blackjackinfo.com\/","name":"BlackjackInfo.com","description":"\u00a1Porque ganar es m\u00e1s divertido!","potentialAction":[{"@type":"SearchAction","target":{"@type":"EntryPoint","urlTemplate":"https:\/\/www.blackjackinfo.com\/?s={search_term_string}"},"query-input":{"@type":"PropertyValueSpecification","valueRequired":true,"valueName":"search_term_string"}}],"inLanguage":"es"}]}},"_links":{"self":[{"href":"https:\/\/www.blackjackinfo.com\/es\/wp-json\/wp\/v2\/pages\/5712","targetHints":{"allow":["GET"]}}],"collection":[{"href":"https:\/\/www.blackjackinfo.com\/es\/wp-json\/wp\/v2\/pages"}],"about":[{"href":"https:\/\/www.blackjackinfo.com\/es\/wp-json\/wp\/v2\/types\/page"}],"author":[{"embeddable":true,"href":"https:\/\/www.blackjackinfo.com\/es\/wp-json\/wp\/v2\/users\/4"}],"replies":[{"embeddable":true,"href":"https:\/\/www.blackjackinfo.com\/es\/wp-json\/wp\/v2\/comments?post=5712"}],"version-history":[{"count":5,"href":"https:\/\/www.blackjackinfo.com\/es\/wp-json\/wp\/v2\/pages\/5712\/revisions"}],"predecessor-version":[{"id":6288,"href":"https:\/\/www.blackjackinfo.com\/es\/wp-json\/wp\/v2\/pages\/5712\/revisions\/6288"}],"up":[{"embeddable":true,"href":"https:\/\/www.blackjackinfo.com\/es\/wp-json\/wp\/v2\/pages\/5554"}],"wp:attachment":[{"href":"https:\/\/www.blackjackinfo.com\/es\/wp-json\/wp\/v2\/media?parent=5712"}],"wp:term":[{"taxonomy":"post_tag","embeddable":true,"href":"https:\/\/www.blackjackinfo.com\/es\/wp-json\/wp\/v2\/tags?post=5712"}],"curies":[{"name":"wp","href":"https:\/\/api.w.org\/{rel}","templated":true}]}}