{"id":5740,"date":"2020-07-10T00:55:27","date_gmt":"2020-07-10T05:55:27","guid":{"rendered":"https:\/\/www.blackjackinfo.com\/?page_id=5740"},"modified":"2024-07-04T20:37:39","modified_gmt":"2024-07-05T01:37:39","slug":"casinos-en-linea-de-nueva-jersey","status":"publish","type":"page","link":"https:\/\/www.blackjackinfo.com\/es\/us\/new-jersey-online-casinos\/","title":{"rendered":"Casinos en l\u00ednea de Nueva Jersey"},"content":{"rendered":"<p>Nueva Jersey es un estado donde todas las formas de juego no s\u00f3lo est\u00e1n legalizadas, sino tambi\u00e9n bien reguladas. Dado que Atlantic City se encuentra en Nueva Jersey, los legisladores se apresuraron a legalizar todas las opciones de juego en l\u00ednea. Es seguro decir que el Estado Jard\u00edn tiene las leyes m\u00e1s liberales relacionadas con el juego. El \u00fanico estado que ha avanzado tanto es Nevada.<\/p>\n<p>Por lo tanto, si est\u00e1 interesado en jugar a juegos de casino legales en l\u00ednea en Nueva Jersey, lea nuestra gu\u00eda.<\/p>\n<h2>\u00bfEs legal el juego en l\u00ednea en Nueva Jersey?<\/h2>\n<p>S\u00ed, todas las formas de juego son legales en este estado. Todos los casinos en l\u00ednea (as\u00ed como otras plataformas de juego) deben estar autorizados y regulados por un organismo regulador oficial que se llama Divisi\u00f3n de Aplicaci\u00f3n del Juego de Nueva Jersey (DGE). \u00bfY qu\u00e9 hace la DGE?<\/p>\n<p>En primer lugar, proporciona licencias para todos los sitios web de juego operados por casinos de Atlantic City. Adem\u00e1s, se asegura de que todos estos sitios sean seguros y legales. Por \u00faltimo, DGE garantiza que el mercado sea justo y que todos los casinos de AC tengan la oportunidad de ofrecer sus servicios en l\u00ednea.<\/p>\n<p>Cada casino que recibe una licencia puede operar hasta cinco casinos en l\u00ednea. Para ser precisos, pueden operar cinco marcas diferentes en la red, y por eso los jugadores de Nueva Jersey pueden seguir accediendo a algunas marcas que en realidad no est\u00e1n disponibles como casinos terrestres en el estado.<\/p>\n<p>Aparte de los casinos en l\u00ednea, los operadores terrestres tambi\u00e9n pueden ofrecer algunos servicios de apuestas deportivas en la web. Los operadores de casinos no son los \u00fanicos que pueden solicitar una licencia de apuestas deportivas en l\u00ednea, ya que los hip\u00f3dromos de Nueva Jersey tambi\u00e9n pueden hacerlo.<\/p>\n<p>Los casinos online de Nueva Jersey tambi\u00e9n pagan impuestos. El estado se lleva 17,5% de todos los ingresos de los casinos y p\u00f3quer en l\u00ednea, lo que es id\u00e9ntico a lo que se grava a los casinos f\u00edsicos. Nueva Jersey ingresa aproximadamente $35 millones por los impuestos de los casinos online, lo que supone unos $400 millones anuales.<\/p>\n<h2>Casinos en l\u00ednea autorizados por la DGE<\/h2>\n<p>Actualmente hay varios casinos en Atlantic City que est\u00e1n autorizados a operar plataformas de juego online. Por lo tanto, vamos a ver qu\u00e9 opciones est\u00e1n disponibles para los amantes de los casinos de NJ que est\u00e1n buscando una manera de jugar en l\u00ednea.<\/p>\n<h3>Casinos en l\u00ednea Borgata<\/h3>\n<p>Borgata es probablemente el casino terrestre m\u00e1s destacado de Atlantic City, y varias plataformas de juego en l\u00ednea est\u00e1n asociadas a \u00e9l.<\/p>\n<p>En primer lugar, gestiona las plataformas de casino en l\u00ednea Borgata y p\u00f3quer en l\u00ednea Borgata. La sala de p\u00f3quer forma parte de la misma red que PartyPoker, lo que significa que los jugadores que abran una cuenta en Borgata online poker tendr\u00e1n una amplia oferta de juegos.<\/p>\n<p>Borgata tambi\u00e9n est\u00e1 asociado con Pala Casino, una empresa tribal de California. Los jugadores de Nueva Jersey pueden abrir una cuenta en el casino en l\u00ednea Pala y en la sala de p\u00f3quer en l\u00ednea Pala. La sala de p\u00f3quer no forma parte de la misma red que PartyPoker y Borgata.<\/p>\n<p>El popular casino terrestre es propiedad de MGM, lo que significa que los amantes de los casinos tambi\u00e9n pueden acceder a plataformas como BetMGM, que ofrece p\u00f3quer y casino.<\/p>\n<h3>Casinos en l\u00ednea de Caesars<\/h3>\n<p>Caesars Entertainment uni\u00f3 fuerzas con 888, por lo que los jugadores de NJ pueden elegir entre un mont\u00f3n de opciones relacionadas con este operador. En primer lugar, pueden unirse a 888, que ofrece un casino en l\u00ednea y una plataforma de p\u00f3quer en l\u00ednea. Adem\u00e1s, el casino en l\u00ednea de Caesars tambi\u00e9n est\u00e1 disponible en Nueva Jersey, as\u00ed como el hom\u00f3logo en l\u00ednea de Harrah's.<\/p>\n<p>Las WSOP tambi\u00e9n son uno de los principales socios de Caesars, por lo que los amantes del p\u00f3quer de NJ pueden participar en las partidas de cash y torneos de p\u00f3quer en l\u00ednea disponibles en la plataforma oficial de p\u00f3quer en l\u00ednea de las WSOP.<\/p>\n<h3>Sitios de juego en l\u00ednea Golden Nugget<\/h3>\n<p>Golden Nugget podr\u00eda no tener una presencia tan significativa en el mercado de casinos terrestres en NJ, por lo que cambi\u00f3 su enfoque a la industria en l\u00ednea. Actualmente es la plataforma en l\u00ednea con m\u00e1s ingresos de Garden States, y ofrece m\u00e1s de 600 juegos en l\u00ednea originales de una amplia variedad de proveedores.<\/p>\n<p>El casino se asoci\u00f3 con Betfair, SugarHouse y Churchill Downs Interactive. Por lo tanto, adem\u00e1s del casino en l\u00ednea Golden Nugget, los jugadores tambi\u00e9n pueden unirse a Betfair Casino, SugarHouse Casino y BetAmerica Casino.<\/p>\n<h3>Casinos en l\u00ednea de Hard Rock AC<\/h3>\n<p>Hard Rock AC es uno de los casinos m\u00e1s nuevos de Atlantic City que se abri\u00f3 en el lugar del antiguo Trump Taj Mahal. El casino en tierra ha estado luchando para mantenerse al d\u00eda con los competidores, pero todav\u00eda ofrece un gran casino en l\u00ednea que se llama Hard Rock.<\/p>\n<p>El operador se asoci\u00f3 con Bet365 y Unibet, por lo que los amantes de los casinos de NJ ya pueden acceder a los servicios de juego en l\u00ednea de estos dos operadores.<\/p>\n<h3>Casinos en l\u00ednea de Ocean Casino Resort<\/h3>\n<p>Ocean Casino Resort tambi\u00e9n se inaugur\u00f3 en 2018, al igual que Hard Rock AC. En este momento, este casino opera dos plataformas en l\u00ednea: Ocean Resort y Parx Casino NJ. GAN impulsa estas dos plataformas.<\/p>\n<h3>Resorts Opciones de juego en l\u00ednea<\/h3>\n<p>El casino Resorts de Atlantic City est\u00e1 gestionado por Mohegan Sun, y ambas empresas ofrecen sus servicios en la web. En otras palabras, puede acceder tanto al casino en l\u00ednea Resorts como al casino en l\u00ednea Mohegan Sun desde Nueva Jersey.<\/p>\n<p>La compa\u00f1\u00eda se asoci\u00f3 con PokerStars que se convirti\u00f3 en parte de su licencia interactiva en 2016. Por lo tanto, usted es libre de unirse a PokerStars Nueva Jersey si usted est\u00e1 en el p\u00f3quer en l\u00ednea.<\/p>\n<p>Por \u00faltimo, Resorts tambi\u00e9n se asoci\u00f3 con DraftKings en 2018. Si te interesan las apuestas deportivas y los deportes de fantas\u00eda diarios, tendr\u00e1s la oportunidad de unirte a esta plataforma e incluso explorar su casino online.<\/p>\n<h3>Opciones del casino en l\u00ednea Tropicana<\/h3>\n<p>Tropicana es socio de Gamesys, y por eso puedes acceder a dos casinos en l\u00ednea de este operador: Tropicana y Virgin Casino.<\/p>\n<h2>Casinos en l\u00ednea en Nueva Jersey - Seguridad y protecci\u00f3n<\/h2>\n<p>Dado que todas las plataformas de juego en l\u00ednea est\u00e1n autorizadas y reguladas por la comisi\u00f3n estatal del juego, se puede afirmar que todos estos sitios cuentan con las mejores medidas de seguridad posibles.<\/p>\n<p>La Divisi\u00f3n de Control del Juego de Nueva Jersey es una de las mejores del sector y muchos la consideran \"la m\u00e1s experimentada del mundo\". El mero hecho de que no se haya producido ning\u00fan problema importante en ninguno de los sitios de juego en l\u00ednea de Nueva Jersey es un testimonio del nivel de profesionalidad de la DGE.<\/p>\n<p>Adem\u00e1s, la DGE trabaja activamente para proteger a los casinos y a sus usuarios de todo tipo de fraudes. Se han dado casos en los que este regulador ha participado activamente en el descubrimiento de fraudes que han permitido atrapar a los delincuentes.<\/p>\n<h2>Bonificaciones en los casinos en l\u00ednea<\/h2>\n<p>Nueva Jersey ha creado un mercado de casinos en l\u00ednea muy competitivo, y los jugadores son los que reciben los mayores beneficios de esta competencia, ya que pueden reclamar lucrativas bonificaciones en muchas plataformas en l\u00ednea.<\/p>\n<h2>M\u00e9todos de pago en los casinos en l\u00ednea de NJ<\/h2>\n<p>Las plataformas de juego online reguladas en NJ ofrecen una amplia variedad de opciones de pago, entre las que se incluyen:<\/p>\n<ul>\n<li>Tarjetas de prepago<\/li>\n<li>Transferencia bancaria<\/li>\n<li>PayNearMe en 7-11 (Efectivo)<\/li>\n<li>Dinero en efectivo a trav\u00e9s de la jaula en un Atlantic City<\/li>\n<\/ul>\n<p>Todos los m\u00e9todos de pago son r\u00e1pidos y seguros. Y lo que es m\u00e1s importante, no hay comisiones al depositar en casinos online.<\/p>\n<h2>Casinos m\u00f3viles en Nueva Jersey<\/h2>\n<p>Todos los casinos en l\u00ednea de Nueva Jersey est\u00e1n disponibles para los jugadores que prefieren los dispositivos m\u00f3viles. Sin embargo, algunos de ellos est\u00e1n disponibles a trav\u00e9s de aplicaciones m\u00f3viles dedicadas, mientras que a otros se puede acceder utilizando su navegador m\u00f3vil. Es posible que las versiones m\u00f3viles no tengan todos los juegos que se pueden encontrar en los ordenadores de sobremesa, pero la mayor\u00eda seguir\u00e1n estando disponibles.<\/p>\n<h2>Art\u00edculos relacionados<\/h2>\n<ul>\n<li><a href=\"https:\/\/www.blackjackinfo.com\/online-blackjack\/new-jersey\/\">Blackjack en l\u00ednea en Nueva Jersey<\/a><\/li>\n<\/ul>","protected":false},"excerpt":{"rendered":"<p>New Jersey is a state where all forms of gambling are not only legalized but also well-regulated. Since Atlantic City is located in NJ, lawmakers were quick to legalize all online gambling options. It&#8217;s safe to say that the Garden State has the most liberal laws related to gambling. The only state that made such [&hellip;]<\/p>\n","protected":false},"author":4,"featured_media":0,"parent":5554,"menu_order":0,"comment_status":"closed","ping_status":"closed","template":"","meta":{"_acf_changed":false,"footnotes":""},"tags":[],"class_list":["post-5740","page","type-page","status-publish","hentry"],"acf":[],"yoast_head":"<!-- This site is optimized with the Yoast SEO plugin v26.6 - https:\/\/yoast.com\/wordpress\/plugins\/seo\/ -->\n<title>Best New Jersey Online Casinos in 2026<\/title>\n<meta name=\"description\" content=\"New Jersey is a state where all forms of gambling are not only legalized but also well-regulated. Since Atlantic City is located in NJ, lawmakers were\" \/>\n<meta name=\"robots\" content=\"index, follow, max-snippet:-1, max-image-preview:large, max-video-preview:-1\" \/>\n<link rel=\"canonical\" href=\"https:\/\/www.blackjackinfo.com\/es\/us\/casinos-en-linea-de-nueva-jersey\/\" \/>\n<meta property=\"og:locale\" content=\"es_ES\" \/>\n<meta property=\"og:type\" content=\"article\" \/>\n<meta property=\"og:title\" content=\"Best New Jersey Online Casinos in 2026\" \/>\n<meta property=\"og:description\" content=\"New Jersey is a state where all forms of gambling are not only legalized but also well-regulated. Since Atlantic City is located in NJ, lawmakers were\" \/>\n<meta property=\"og:url\" content=\"https:\/\/www.blackjackinfo.com\/es\/us\/casinos-en-linea-de-nueva-jersey\/\" \/>\n<meta property=\"og:site_name\" content=\"BlackjackInfo.com\" \/>\n<meta property=\"article:modified_time\" content=\"2024-07-05T01:37:39+00:00\" \/>\n<meta name=\"twitter:label1\" content=\"Tiempo de lectura\" \/>\n\t<meta name=\"twitter:data1\" content=\"6 minutos\" \/>\n<script type=\"application\/ld+json\" class=\"yoast-schema-graph\">{\"@context\":\"https:\/\/schema.org\",\"@graph\":[{\"@type\":\"WebPage\",\"@id\":\"https:\/\/www.blackjackinfo.com\/us\/new-jersey-online-casinos\/\",\"url\":\"https:\/\/www.blackjackinfo.com\/us\/new-jersey-online-casinos\/\",\"name\":\"Best New Jersey Online Casinos in 2026\",\"isPartOf\":{\"@id\":\"https:\/\/www.blackjackinfo.com\/#website\"},\"datePublished\":\"2020-07-10T05:55:27+00:00\",\"dateModified\":\"2024-07-05T01:37:39+00:00\",\"description\":\"New Jersey is a state where all forms of gambling are not only legalized but also well-regulated. Since Atlantic City is located in NJ, lawmakers were\",\"breadcrumb\":{\"@id\":\"https:\/\/www.blackjackinfo.com\/us\/new-jersey-online-casinos\/#breadcrumb\"},\"inLanguage\":\"es\",\"potentialAction\":[{\"@type\":\"ReadAction\",\"target\":[\"https:\/\/www.blackjackinfo.com\/us\/new-jersey-online-casinos\/\"]}]},{\"@type\":\"BreadcrumbList\",\"@id\":\"https:\/\/www.blackjackinfo.com\/us\/new-jersey-online-casinos\/#breadcrumb\",\"itemListElement\":[{\"@type\":\"ListItem\",\"position\":1,\"name\":\"Home\",\"item\":\"https:\/\/www.blackjackinfo.com\/\"},{\"@type\":\"ListItem\",\"position\":2,\"name\":\"Online Casinos in the US\",\"item\":\"https:\/\/www.blackjackinfo.com\/us\/\"},{\"@type\":\"ListItem\",\"position\":3,\"name\":\"New Jersey Online Casinos\"}]},{\"@type\":\"WebSite\",\"@id\":\"https:\/\/www.blackjackinfo.com\/#website\",\"url\":\"https:\/\/www.blackjackinfo.com\/\",\"name\":\"BlackjackInfo.com\",\"description\":\"Because Winning is More Fun!\",\"potentialAction\":[{\"@type\":\"SearchAction\",\"target\":{\"@type\":\"EntryPoint\",\"urlTemplate\":\"https:\/\/www.blackjackinfo.com\/?s={search_term_string}\"},\"query-input\":{\"@type\":\"PropertyValueSpecification\",\"valueRequired\":true,\"valueName\":\"search_term_string\"}}],\"inLanguage\":\"es\"}]}<\/script>\n<!-- \/ Yoast SEO plugin. -->","yoast_head_json":{"title":"Los mejores casinos en l\u00ednea de Nueva Jersey en 2026","description":"Nueva Jersey es un estado donde todas las formas de juego no s\u00f3lo est\u00e1n legalizadas, sino tambi\u00e9n bien reguladas. Dado que Atlantic City se encuentra en NJ, los legisladores se","robots":{"index":"index","follow":"follow","max-snippet":"max-snippet:-1","max-image-preview":"max-image-preview:large","max-video-preview":"max-video-preview:-1"},"canonical":"https:\/\/www.blackjackinfo.com\/es\/us\/casinos-en-linea-de-nueva-jersey\/","og_locale":"es_ES","og_type":"article","og_title":"Best New Jersey Online Casinos in 2026","og_description":"New Jersey is a state where all forms of gambling are not only legalized but also well-regulated. Since Atlantic City is located in NJ, lawmakers were","og_url":"https:\/\/www.blackjackinfo.com\/es\/us\/casinos-en-linea-de-nueva-jersey\/","og_site_name":"BlackjackInfo.com","article_modified_time":"2024-07-05T01:37:39+00:00","twitter_misc":{"Tiempo de lectura":"6 minutos"},"schema":{"@context":"https:\/\/schema.org","@graph":[{"@type":"WebPage","@id":"https:\/\/www.blackjackinfo.com\/us\/new-jersey-online-casinos\/","url":"https:\/\/www.blackjackinfo.com\/us\/new-jersey-online-casinos\/","name":"Los mejores casinos en l\u00ednea de Nueva Jersey en 2026","isPartOf":{"@id":"https:\/\/www.blackjackinfo.com\/#website"},"datePublished":"2020-07-10T05:55:27+00:00","dateModified":"2024-07-05T01:37:39+00:00","description":"Nueva Jersey es un estado donde todas las formas de juego no s\u00f3lo est\u00e1n legalizadas, sino tambi\u00e9n bien reguladas. Dado que Atlantic City se encuentra en NJ, los legisladores se","breadcrumb":{"@id":"https:\/\/www.blackjackinfo.com\/us\/new-jersey-online-casinos\/#breadcrumb"},"inLanguage":"es","potentialAction":[{"@type":"ReadAction","target":["https:\/\/www.blackjackinfo.com\/us\/new-jersey-online-casinos\/"]}]},{"@type":"BreadcrumbList","@id":"https:\/\/www.blackjackinfo.com\/us\/new-jersey-online-casinos\/#breadcrumb","itemListElement":[{"@type":"ListItem","position":1,"name":"Home","item":"https:\/\/www.blackjackinfo.com\/"},{"@type":"ListItem","position":2,"name":"Online Casinos in the US","item":"https:\/\/www.blackjackinfo.com\/us\/"},{"@type":"ListItem","position":3,"name":"New Jersey Online Casinos"}]},{"@type":"WebSite","@id":"https:\/\/www.blackjackinfo.com\/#website","url":"https:\/\/www.blackjackinfo.com\/","name":"BlackjackInfo.com","description":"\u00a1Porque ganar es m\u00e1s divertido!","potentialAction":[{"@type":"SearchAction","target":{"@type":"EntryPoint","urlTemplate":"https:\/\/www.blackjackinfo.com\/?s={search_term_string}"},"query-input":{"@type":"PropertyValueSpecification","valueRequired":true,"valueName":"search_term_string"}}],"inLanguage":"es"}]}},"_links":{"self":[{"href":"https:\/\/www.blackjackinfo.com\/es\/wp-json\/wp\/v2\/pages\/5740","targetHints":{"allow":["GET"]}}],"collection":[{"href":"https:\/\/www.blackjackinfo.com\/es\/wp-json\/wp\/v2\/pages"}],"about":[{"href":"https:\/\/www.blackjackinfo.com\/es\/wp-json\/wp\/v2\/types\/page"}],"author":[{"embeddable":true,"href":"https:\/\/www.blackjackinfo.com\/es\/wp-json\/wp\/v2\/users\/4"}],"replies":[{"embeddable":true,"href":"https:\/\/www.blackjackinfo.com\/es\/wp-json\/wp\/v2\/comments?post=5740"}],"version-history":[{"count":3,"href":"https:\/\/www.blackjackinfo.com\/es\/wp-json\/wp\/v2\/pages\/5740\/revisions"}],"predecessor-version":[{"id":5744,"href":"https:\/\/www.blackjackinfo.com\/es\/wp-json\/wp\/v2\/pages\/5740\/revisions\/5744"}],"up":[{"embeddable":true,"href":"https:\/\/www.blackjackinfo.com\/es\/wp-json\/wp\/v2\/pages\/5554"}],"wp:attachment":[{"href":"https:\/\/www.blackjackinfo.com\/es\/wp-json\/wp\/v2\/media?parent=5740"}],"wp:term":[{"taxonomy":"post_tag","embeddable":true,"href":"https:\/\/www.blackjackinfo.com\/es\/wp-json\/wp\/v2\/tags?post=5740"}],"curies":[{"name":"wp","href":"https:\/\/api.w.org\/{rel}","templated":true}]}}