{"id":5766,"date":"2020-09-13T23:57:59","date_gmt":"2020-09-14T04:57:59","guid":{"rendered":"https:\/\/www.blackjackinfo.com\/?page_id=5766"},"modified":"2024-01-04T03:23:28","modified_gmt":"2024-01-04T09:23:28","slug":"casinos-en-linea-regulados","status":"publish","type":"page","link":"https:\/\/www.blackjackinfo.com\/es\/regulated-online-casinos\/","title":{"rendered":"Casinos en l\u00ednea regulados"},"content":{"rendered":"<p>Los casinos en l\u00ednea han ganado popularidad en los \u00faltimos a\u00f1os gracias al ajetreado estilo de vida que llevamos la mayor\u00eda de nosotros. Si le gusta jugar a juegos de azar pero no tiene tiempo de visitar un establecimiento de juego terrestre, los casinos en l\u00ednea ser\u00e1n una forma perfecta de satisfacer sus ansias de juego. Sin embargo, en Estados Unidos sigue siendo una pr\u00e1ctica cuestionable.<\/p>\n<p>Como la demanda de juego en l\u00ednea es bastante alta, cada d\u00eda aparecen nuevos casinos en l\u00ednea internacionales, y la mayor\u00eda de ellos aceptan jugadores de Estados Unidos. Es m\u00e1s, ofrecen lucrativas bonificaciones y promociones y prometen la mejor experiencia de juego en l\u00ednea con la que siempre ha so\u00f1ado. Sin embargo, no todos estos casinos practican lo que predican.<\/p>\n<p>Algunos de ellos a menudo resultan ser turbios sin estar debidamente regulados, lo que puede llevar a enga\u00f1ar a los jugadores y a desaparecer por completo de la web. Para evitar que esto ocurra, deber\u00eda jugar siempre a sus juegos de azar favoritos en sitios de casino fiables y de confianza.<\/p>\n<p>Una vez m\u00e1s, en los EE.UU., no es f\u00e1cil determinar si el juego de casino en l\u00ednea es legal, y en qu\u00e9 casinos en l\u00ednea se puede confiar. Por eso hemos creado este texto que esperamos le ayude a descubrir todo sobre los casinos en l\u00ednea regulados en los EE.UU., as\u00ed como la raz\u00f3n por la que debe prestar atenci\u00f3n a este aspecto.<\/p>\n<h2>Estados de EE.UU. con casinos en l\u00ednea regulados<\/h2>\n<p>Hasta hace poco, los jugadores estadounidenses ten\u00edan pocas opciones en cuanto a casinos en l\u00ednea regulados. Sin embargo, la situaci\u00f3n ha cambiado para mejor, y parece que cada vez m\u00e1s estados de EE.UU. se dan cuenta de las ventajas de regular los casinos en l\u00ednea.<\/p>\n<p>A\u00fan as\u00ed, los estados de EE.UU. que han legalizado oficialmente los sitios de casino en l\u00ednea no son muchos. Aqu\u00ed est\u00e1 la lista de todos los estados en los que se puede jugar legalmente a juegos de casino en l\u00ednea en el momento de escribir este art\u00edculo:<\/p>\n<ul>\n<li><strong>Nueva Jersey: <\/strong>El primer estado de EE.UU. que dio luz verde a la legislaci\u00f3n sobre el juego en l\u00ednea fue Nueva Jersey. Hoy en d\u00eda, Nueva Jersey alberga muchos sitios de casinos en l\u00ednea legales que pueden ser visitados por jugadores estadounidenses sin temor a ser procesados.<\/li>\n<li><strong>Delaware: <\/strong>Otro estado que ha legalizado el p\u00f3quer y los juegos de casino en l\u00ednea es Delaware, lo que permite a sus residentes disfrutar de los juegos de casino en l\u00ednea dentro de las fronteras del estado.<\/li>\n<li><strong>Pensilvania: <\/strong>En el Estado de Keystone se puede disfrutar legalmente de juegos de casino en l\u00ednea. Aparte de los muchos casinos online que ya operan, tambi\u00e9n hay salas de p\u00f3quer online independientes que se est\u00e1n haciendo populares gracias al importante proveedor de p\u00f3quer PokerStars.<\/li>\n<li><strong>Virginia Occidental: <\/strong>Gracias a la Ley de Apuestas Interactivas de la Loter\u00eda de Virginia Occidental de 2019, es oficialmente legal jugar a tragaperras y juegos de mesa online en el Estado de la Monta\u00f1a. Adem\u00e1s, se dice que los residentes de Virginia Occidental pueden esperar que las primeras apps salgan en 2020.<\/li>\n<li><strong>Michigan: <\/strong>Michigan tambi\u00e9n ha dicho s\u00ed a los juegos de casino en l\u00ednea, y 2020 deber\u00eda ser el a\u00f1o de su expansi\u00f3n. El estado regul\u00f3 el juego online permitiendo a los casinos terrestres de Michigan lanzar sus hom\u00f3logos online. Sin embargo, aunque ya se ha legislado, a\u00fan se est\u00e1 a la espera de su realizaci\u00f3n pr\u00e1ctica.<\/li>\n<\/ul>\n<h2>\u00bfQu\u00e9 es un casino en l\u00ednea regulado?<\/h2>\n<p>Todo casino en l\u00ednea serio que aspire a sobrevivir en la industria del iGaming debe estar debidamente regulado. Para lograrlo, un sitio de casino debe mostrar excelencia en los siguientes aspectos:<\/p>\n<ul>\n<li><strong>Legalidad: <\/strong>En primer lugar, un sitio debe operar dentro del estado en el que el juego online es oficialmente legal. Si no hay ninguna ley que proh\u00edba estrictamente el juego online, significa que no hay moros en la costa.<\/li>\n<li><strong>Licencia:<\/strong> La legalidad debe ser primordial para todos los casinos en l\u00ednea. Un casino no puede considerarse legal sin una licencia de un organismo regulador fiable. Si un casino posee una licencia legal de iGaming, sus detalles deben mencionarse en el sitio del casino y ser accesibles a los jugadores en cualquier momento, incluso antes de que decidan crear una cuenta.<\/li>\n<li><strong>Seguridad y protecci\u00f3n: <\/strong>A continuaci\u00f3n est\u00e1 la cuesti\u00f3n de la seguridad. Al registrarse en un casino en l\u00ednea, los jugadores tienen que compartir informaci\u00f3n personal que se considera delicada. Por eso, los sitios de casino deben utilizar medidas de protecci\u00f3n cibern\u00e9tica que mantengan los datos privados de los jugadores a salvo en todo momento. Entre ellas se incluyen el cifrado SSL de \u00faltima generaci\u00f3n, los cortafuegos m\u00e1s avanzados, los RPD o, preferiblemente, un par de ellos combinados. Con todo esto activado, puede estar seguro de que sus datos confidenciales y los detalles de sus transacciones se mantendr\u00e1n alejados de cualquier personal no autorizado.<\/li>\n<li><strong>Equidad y aleatoriedad de los juegos: <\/strong>La mayor\u00eda de los juegos de los casinos en l\u00ednea funcionan con software RNG que garantiza que el resultado de cada partida ser\u00e1 absolutamente aleatorio. Se supone que esto asegura el juego limpio y da a todos los jugadores las mismas oportunidades de cobrar sus ganancias. Para seguir por el buen camino, todos los casinos en l\u00ednea someten voluntariamente su plataforma a pruebas realizadas por un organismo de auditor\u00eda independiente. Estos auditores son organizaciones externas que comprueban la imparcialidad y aleatoriedad de los casinos en l\u00ednea. Si todo sale bien, el casino obtiene un sello de aprobaci\u00f3n que garantiza una experiencia de juego en l\u00ednea justa y equitativa.<\/li>\n<li><strong>Prevenci\u00f3n del juego entre menores:<\/strong> Aunque la edad legal para jugar difiere de un pa\u00eds a otro, los casinos deben controlar la edad de los jugadores y evitar que jueguen menores de edad. Para ello, los sitios de casinos suelen pedir a los jugadores una copia de un documento legal. Por lo tanto, aunque ponga un a\u00f1o de nacimiento falso al crear una cuenta, tendr\u00e1 que retirarlo cuando un casino le pida documentos para verificar su cuenta.<\/li>\n<li><strong>Tramitaci\u00f3n de reclamaciones:<\/strong> No importa lo bueno que sea un sitio de casino, las quejas son inevitables, ya que es pr\u00e1cticamente imposible tener el control de todo todo todo el tiempo. Aunque no se pueden evitar por completo las quejas, s\u00ed se pueden gestionar con habilidad y estilo. Por eso, un casino online bien regulado debe tener un servicio de atenci\u00f3n al cliente atento y educado que resuelva r\u00e1pidamente cualquier problema que puedan tener los jugadores.<\/li>\n<li><strong>Tratar con jugadores problem\u00e1ticos:<\/strong> Aunque los juegos en l\u00ednea son muy divertidos, pueden ser realmente adictivos y poner patas arriba la vida de alguien. Sin embargo, todo sitio de juego en l\u00ednea respetuoso tendr\u00e1 un programa de exclusi\u00f3n preparado en todo momento para los jugadores que crean que necesitan tomarse un descanso de los juegos de azar en l\u00ednea.<\/li>\n<\/ul>\n<h2>\u00bfPor qu\u00e9 es importante que un sitio de casino est\u00e9 regulado?<\/h2>\n<p>La industria del juego en l\u00ednea mueve regularmente miles de millones de d\u00f3lares por todo el planeta sin que nadie se d\u00e9 cuenta. Tenemos esa sensaci\u00f3n, ya que no sabemos qui\u00e9n est\u00e1 detr\u00e1s de un sitio web que ofrece juegos de azar en l\u00ednea por los que pagamos gustosamente.<\/p>\n<p>Dado que los jugadores son leg\u00edtimamente esc\u00e9pticos cuando se trata de depositar dinero en casinos en l\u00ednea, los propietarios de estos establecimientos de juego en l\u00ednea decidieron hacer algo para ser dignos de confianza. Como probablemente pueda adivinar, as\u00ed es como surgi\u00f3 la regulaci\u00f3n de los sitios de casino.<\/p>\n<p>Adem\u00e1s de permitir que los jugadores sepan ad\u00f3nde va su dinero, los propietarios de casinos en l\u00ednea se dieron cuenta de que la regulaci\u00f3n de sus sitios web podr\u00eda ayudarles con varios otros asuntos. Estas son algunas de las razones por las que algunos estados de EE.UU. decidieron regular los casinos en l\u00ednea:<\/p>\n<ul>\n<li>Garantizar un entorno de juego en l\u00ednea legal;<\/li>\n<li>Garantizar que los jugadores se sientan seguros y reciban un trato justo;<\/li>\n<li>Garantizar un comportamiento \u00e9tico con los jugadores.<\/li>\n<\/ul>\n<p>En la pr\u00e1ctica, esto significa que los jugadores nunca deben sufrir ning\u00fan tipo de maltrato por parte del casino en el que juegan. Adem\u00e1s, todo casino que se precie de estar regulado tiene que cumplir unas normas y reglamentos espec\u00edficos que van de la mano de la \u00e9tica y el honor.<\/p>\n<p>Al igual que un jugador que intenta hacer trampas al jugar a juegos de casino, el sitio de juego tambi\u00e9n debe atenerse a las consecuencias en caso de incumplir alg\u00fan punto de sus propios t\u00e9rminos y condiciones.<\/p>\n<p>Por desgracia, la extinci\u00f3n de los sitios fraudulentos que enga\u00f1an a la gente para que deposite dinero a cambio de nada y se van de rositas es pr\u00e1cticamente imposible, ya que ninguna organizaci\u00f3n es capaz de controlar todos los sitios de casino que operan en la actualidad. Para ello, necesitar\u00edamos un organismo regulador global con subagencias encargadas del juego online en todos los pa\u00edses del mundo.<\/p>\n<p>Teniendo en cuenta el hecho de que los jugadores estadounidenses no tendr\u00e1n el respaldo del Estado si su viaje de juego en l\u00ednea en sitios internacionales va mal, lo mejor que pueden hacer es atenerse a los casinos en l\u00ednea regulados disponibles en este momento.<\/p>\n<h2>Reflexiones finales<\/h2>\n<p>En Estados Unidos, los casinos en l\u00ednea siguen abri\u00e9ndose paso entre las barreras del juego online. Varios estados han decidido dar el visto bueno a los locales de juego en l\u00ednea, y cada vez son m\u00e1s los que siguen el ejemplo. Hasta ahora, los jugadores estadounidenses de varios estados pueden participar oficialmente en juegos de casino en l\u00ednea, siempre que lo hagan en plataformas aprobadas por el estado. Estamos seguros de que m\u00e1s estados de EE.UU. trabajan activamente en la legalizaci\u00f3n de los casinos en l\u00ednea y que, muy pronto, todos los residentes de EE.UU. tendr\u00e1n la oportunidad de disfrutar de los juegos en l\u00ednea en su mejor momento.<\/p>","protected":false},"excerpt":{"rendered":"<p>Online casinos have gained popularity in recent years thanks to the busy lifestyle most of us have. If you like playing games of chance but have no time to visit a land-based gaming establishment, online casinos will be a perfect way to satisfy your gaming urge. However, in the US, this is still a questionable [&hellip;]<\/p>\n","protected":false},"author":4,"featured_media":0,"parent":0,"menu_order":0,"comment_status":"closed","ping_status":"closed","template":"","meta":{"_acf_changed":false,"footnotes":""},"tags":[],"class_list":["post-5766","page","type-page","status-publish","hentry"],"acf":[],"yoast_head":"<!-- This site is optimized with the Yoast SEO plugin v26.6 - https:\/\/yoast.com\/wordpress\/plugins\/seo\/ -->\n<title>Regulated Online Casinos<\/title>\n<meta name=\"description\" content=\"Online casinos have gained popularity in recent years thanks to the busy lifestyle most of us have. If you like playing games of chance but have no time\" \/>\n<meta name=\"robots\" content=\"index, follow, max-snippet:-1, max-image-preview:large, max-video-preview:-1\" \/>\n<link rel=\"canonical\" href=\"https:\/\/www.blackjackinfo.com\/es\/casinos-en-linea-regulados\/\" \/>\n<meta property=\"og:locale\" content=\"es_ES\" \/>\n<meta property=\"og:type\" content=\"article\" \/>\n<meta property=\"og:title\" content=\"Regulated Online Casinos\" \/>\n<meta property=\"og:description\" content=\"Online casinos have gained popularity in recent years thanks to the busy lifestyle most of us have. If you like playing games of chance but have no time\" \/>\n<meta property=\"og:url\" content=\"https:\/\/www.blackjackinfo.com\/es\/casinos-en-linea-regulados\/\" \/>\n<meta property=\"og:site_name\" content=\"BlackjackInfo.com\" \/>\n<meta property=\"article:modified_time\" content=\"2024-01-04T09:23:28+00:00\" \/>\n<meta name=\"twitter:label1\" content=\"Tiempo de lectura\" \/>\n\t<meta name=\"twitter:data1\" content=\"7 minutos\" \/>\n<script type=\"application\/ld+json\" class=\"yoast-schema-graph\">{\"@context\":\"https:\/\/schema.org\",\"@graph\":[{\"@type\":\"WebPage\",\"@id\":\"https:\/\/www.blackjackinfo.com\/regulated-online-casinos\/\",\"url\":\"https:\/\/www.blackjackinfo.com\/regulated-online-casinos\/\",\"name\":\"Regulated Online Casinos\",\"isPartOf\":{\"@id\":\"https:\/\/www.blackjackinfo.com\/#website\"},\"datePublished\":\"2020-09-14T04:57:59+00:00\",\"dateModified\":\"2024-01-04T09:23:28+00:00\",\"description\":\"Online casinos have gained popularity in recent years thanks to the busy lifestyle most of us have. If you like playing games of chance but have no time\",\"breadcrumb\":{\"@id\":\"https:\/\/www.blackjackinfo.com\/regulated-online-casinos\/#breadcrumb\"},\"inLanguage\":\"es\",\"potentialAction\":[{\"@type\":\"ReadAction\",\"target\":[\"https:\/\/www.blackjackinfo.com\/regulated-online-casinos\/\"]}]},{\"@type\":\"BreadcrumbList\",\"@id\":\"https:\/\/www.blackjackinfo.com\/regulated-online-casinos\/#breadcrumb\",\"itemListElement\":[{\"@type\":\"ListItem\",\"position\":1,\"name\":\"Home\",\"item\":\"https:\/\/www.blackjackinfo.com\/\"},{\"@type\":\"ListItem\",\"position\":2,\"name\":\"Regulated Online Casinos\"}]},{\"@type\":\"WebSite\",\"@id\":\"https:\/\/www.blackjackinfo.com\/#website\",\"url\":\"https:\/\/www.blackjackinfo.com\/\",\"name\":\"BlackjackInfo.com\",\"description\":\"Because Winning is More Fun!\",\"potentialAction\":[{\"@type\":\"SearchAction\",\"target\":{\"@type\":\"EntryPoint\",\"urlTemplate\":\"https:\/\/www.blackjackinfo.com\/?s={search_term_string}\"},\"query-input\":{\"@type\":\"PropertyValueSpecification\",\"valueRequired\":true,\"valueName\":\"search_term_string\"}}],\"inLanguage\":\"es\"}]}<\/script>\n<!-- \/ Yoast SEO plugin. -->","yoast_head_json":{"title":"Casinos en l\u00ednea regulados","description":"Los casinos en l\u00ednea han ganado popularidad en los \u00faltimos a\u00f1os gracias al ajetreado estilo de vida que llevamos la mayor\u00eda de nosotros. Si le gusta jugar a juegos de azar pero no tiene tiempo","robots":{"index":"index","follow":"follow","max-snippet":"max-snippet:-1","max-image-preview":"max-image-preview:large","max-video-preview":"max-video-preview:-1"},"canonical":"https:\/\/www.blackjackinfo.com\/es\/casinos-en-linea-regulados\/","og_locale":"es_ES","og_type":"article","og_title":"Regulated Online Casinos","og_description":"Online casinos have gained popularity in recent years thanks to the busy lifestyle most of us have. If you like playing games of chance but have no time","og_url":"https:\/\/www.blackjackinfo.com\/es\/casinos-en-linea-regulados\/","og_site_name":"BlackjackInfo.com","article_modified_time":"2024-01-04T09:23:28+00:00","twitter_misc":{"Tiempo de lectura":"7 minutos"},"schema":{"@context":"https:\/\/schema.org","@graph":[{"@type":"WebPage","@id":"https:\/\/www.blackjackinfo.com\/regulated-online-casinos\/","url":"https:\/\/www.blackjackinfo.com\/regulated-online-casinos\/","name":"Casinos en l\u00ednea regulados","isPartOf":{"@id":"https:\/\/www.blackjackinfo.com\/#website"},"datePublished":"2020-09-14T04:57:59+00:00","dateModified":"2024-01-04T09:23:28+00:00","description":"Los casinos en l\u00ednea han ganado popularidad en los \u00faltimos a\u00f1os gracias al ajetreado estilo de vida que llevamos la mayor\u00eda de nosotros. Si le gusta jugar a juegos de azar pero no tiene tiempo","breadcrumb":{"@id":"https:\/\/www.blackjackinfo.com\/regulated-online-casinos\/#breadcrumb"},"inLanguage":"es","potentialAction":[{"@type":"ReadAction","target":["https:\/\/www.blackjackinfo.com\/regulated-online-casinos\/"]}]},{"@type":"BreadcrumbList","@id":"https:\/\/www.blackjackinfo.com\/regulated-online-casinos\/#breadcrumb","itemListElement":[{"@type":"ListItem","position":1,"name":"Home","item":"https:\/\/www.blackjackinfo.com\/"},{"@type":"ListItem","position":2,"name":"Regulated Online Casinos"}]},{"@type":"WebSite","@id":"https:\/\/www.blackjackinfo.com\/#website","url":"https:\/\/www.blackjackinfo.com\/","name":"BlackjackInfo.com","description":"\u00a1Porque ganar es m\u00e1s divertido!","potentialAction":[{"@type":"SearchAction","target":{"@type":"EntryPoint","urlTemplate":"https:\/\/www.blackjackinfo.com\/?s={search_term_string}"},"query-input":{"@type":"PropertyValueSpecification","valueRequired":true,"valueName":"search_term_string"}}],"inLanguage":"es"}]}},"_links":{"self":[{"href":"https:\/\/www.blackjackinfo.com\/es\/wp-json\/wp\/v2\/pages\/5766","targetHints":{"allow":["GET"]}}],"collection":[{"href":"https:\/\/www.blackjackinfo.com\/es\/wp-json\/wp\/v2\/pages"}],"about":[{"href":"https:\/\/www.blackjackinfo.com\/es\/wp-json\/wp\/v2\/types\/page"}],"author":[{"embeddable":true,"href":"https:\/\/www.blackjackinfo.com\/es\/wp-json\/wp\/v2\/users\/4"}],"replies":[{"embeddable":true,"href":"https:\/\/www.blackjackinfo.com\/es\/wp-json\/wp\/v2\/comments?post=5766"}],"version-history":[{"count":1,"href":"https:\/\/www.blackjackinfo.com\/es\/wp-json\/wp\/v2\/pages\/5766\/revisions"}],"predecessor-version":[{"id":5767,"href":"https:\/\/www.blackjackinfo.com\/es\/wp-json\/wp\/v2\/pages\/5766\/revisions\/5767"}],"wp:attachment":[{"href":"https:\/\/www.blackjackinfo.com\/es\/wp-json\/wp\/v2\/media?parent=5766"}],"wp:term":[{"taxonomy":"post_tag","embeddable":true,"href":"https:\/\/www.blackjackinfo.com\/es\/wp-json\/wp\/v2\/tags?post=5766"}],"curies":[{"name":"wp","href":"https:\/\/api.w.org\/{rel}","templated":true}]}}