{"id":581,"date":"2014-10-07T17:31:38","date_gmt":"2014-10-07T22:31:38","guid":{"rendered":"http:\/\/test.blackjackinfo.com\/?page_id=581"},"modified":"2026-04-02T05:08:33","modified_gmt":"2026-04-02T10:08:33","slug":"blackjack-motor-de-estrategia-basica","status":"publish","type":"page","link":"https:\/\/www.blackjackinfo.com\/es\/blackjack-basic-strategy-engine\/","title":{"rendered":"Tablas de estrategia b\u00e1sica del blackjack"},"content":{"rendered":"<h2 class=\"purple-underline\">\u00bfQu\u00e9 es la estrategia b\u00e1sica?<\/h2>\n<p>\u00bfBusca una forma de reducir la ventaja del casino a una cantidad marginal? La estrategia b\u00e1sica es un conjunto de decisiones calculadas matem\u00e1ticamente que pueden ayudarte a ganar m\u00e1s en el blackjack. <strong>El motor de estrategia b\u00e1sica del Blackjack <\/strong>proporciona una forma sencilla de memorizar diferentes decisiones rentables, como cu\u00e1ndo dividir, doblar, rendirse, acertar o plantarse.<\/p>\n<p>Una tabla de estrategia b\u00e1sica est\u00e1ndar s\u00f3lo puede proporcionarle la estrategia para un conjunto de reglas, como los aciertos del crupier en el 17 suave, limitando su dominio a un solo juego. Nuestro <strong>Motor de Estrategia B\u00e1sica del Blackjack<\/strong> le permite ajustar r\u00e1pidamente las reglas con s\u00f3lo pulsar un bot\u00f3n, calculando la estrategia \u00f3ptima para el juego seleccionado. Los gr\u00e1ficos de f\u00e1cil lectura del motor detallan la estrategia para todos los totales duros, totales blandos y parejas.<\/p>\n<p>El motor le permite personalizar instant\u00e1neamente su estrategia bas\u00e1ndose en reglas como rendirse, doblar s\u00f3lo con 9, 10 u 11, estilos de cartas ocultas del crupier y cualquier n\u00famero de barajas. Este sistema \u00fanico es un recurso incre\u00edble para cualquier jugador serio de blackjack que necesite calcular la estrategia para cualquier juego que encuentre.<\/p>\n<h2>Las limitaciones de la estrategia b\u00e1sica<\/h2>\n<p>Una estrategia b\u00e1sica nunca ser\u00e1 suficiente para ganar a largo plazo. Por supuesto, podr\u00e1 ganar con m\u00e1s frecuencia, conservar su dinero durante m\u00e1s tiempo e irse de vacaciones gratis utilizando la estrategia b\u00e1sica. <a href=\"https:\/\/entertainment.howstuffworks.com\/casino-gambling-basics-ga2.htm\">comisiones de casino<\/a>pero nunca ganar\u00e1s dinero con miles de horas de juego. Para ello, tendr\u00e1s que aprender a <a href=\"https:\/\/www.blackjackinfo.com\/card-counting\/\">contar cartas<\/a> y utilizar desviaciones de estrategia para superar la ventaja de la casa. Si lo que buscas es divertirte y hacer que tu dinero dure mucho m\u00e1s, la estrategia b\u00e1sica te servir\u00e1.<\/p>\n<h2>C\u00f3mo empezar<\/h2>\n<p>As\u00ed que quieres aprender estrategia b\u00e1sica para tener ventaja en las mesas, pero no est\u00e1s seguro de por d\u00f3nde empezar. Una vez que haya utilizado el <strong>Motor de Estrategia B\u00e1sica del Blackjack<\/strong> para elegir el juego al que jugar\u00e1s con m\u00e1s frecuencia, puede que tengas la tentaci\u00f3n de lanzarte directamente a memorizar, pero un poco de conocimiento previo puede ayudarte a entender los conceptos que hay detr\u00e1s de la estrategia. Exploremos algunas reglas que le ayudar\u00e1n en el camino.<\/p>\n<h2>Tiene a su disposici\u00f3n una serie de acciones<\/h2>\n<p>Hay mucho m\u00e1s en el blackjack que simplemente pedir o plantarse, y esas decisiones adicionales determinar\u00e1n si eres un gran ganador o un gran perdedor. Tus opciones extra son rendirte, dividir o doblar, y su disponibilidad viene determinada por las reglas de tu partida de blackjack. Adem\u00e1s, ten en cuenta que incluso en el mismo casino, las distintas mesas pueden tener reglas diferentes, as\u00ed que aseg\u00farate de comprobar el fieltro o pregunta al crupier sobre las reglas de cada mesa. Nunca juegues al blackjack 6:5, e intenta jugar al S17 si est\u00e1 disponible.  Lee nuestro <a href=\"https:\/\/www.blackjackinfo.com\/blackjack-rules\/\">p\u00e1gina de normas<\/a> si necesitas un repaso de lo que hace cada acci\u00f3n.<\/p>\n<h2>\u00bfCu\u00e1ndo puedo rendirme?<\/h2>\n<p><a href=\"https:\/\/www.blackjackinfo.com\/blackjack-surrender-explained\/\">R\u00edndete<\/a> es una regla que cada vez se ofrece con menos frecuencia, ya que es beneficiosa para el jugador. Para saber si est\u00e1 disponible en su mesa, puede preguntar a su crupier o buscar un cartel situado en la mesa. Antes de tomar cualquier otra medida, debe ver si la estrategia b\u00e1sica recomienda rendirse.<\/p>\n<h2>\u00bfCu\u00e1ndo puedo separarme?<\/h2>\n<p>La divisi\u00f3n entra en juego cuando tiene una pareja igual en la mano, por ejemplo, dos 8, dos 7 o una jota y una reina. Cuando se encuentre con una pareja, debe comprobar su tarjeta de estrategia b\u00e1sica para ver si dividir es ventajoso.<\/p>\n<h2>\u00bfCu\u00e1ndo puedo duplicar?<\/h2>\n<p>Puede doblar en cualquiera de las dos primeras cartas. Por lo general, querr\u00e1 doblar cuando una carta de 10 le beneficie (con un 11 o un 10 duros, por ejemplo), o cuando el crupier tenga una carta con una posibilidad de pasarse m\u00e1s alta de lo normal, como un 5 o un 6.<\/p>\n<h2>\u00bfCu\u00e1ndo debo golpear o quedarme parado?<\/h2>\n<p>Estas dos acciones constituir\u00e1n la mayor parte de su toma de decisiones. <strong>Aprender cu\u00e1ndo golpear o plantarse en cada escenario es el quid de la estrategia b\u00e1sica<\/strong>. Al memorizar la estrategia b\u00e1sica, est\u00e1 memorizando la acci\u00f3n \u00f3ptima y m\u00e1s rentable con dos cartas cualesquiera contra cualquier carta del crupier.<\/p>\n<h2>C\u00f3mo memorizar la estrategia b\u00e1sica<\/h2>\n<p>Puede parecer abrumador enfrentarse a cada combinaci\u00f3n diferente de cartas iniciales con una estrategia b\u00e1sica, pero por suerte hay un mont\u00f3n de reglas generales que pueden ayudar a simplificar el proceso. Estas son algunas de las estrategias m\u00e1s importantes, efectivas y f\u00e1ciles de recordar que te ayudar\u00e1n en tu camino hacia un juego de blackjack s\u00f3lido.<\/p>\n<h3>Rendirse<\/h3>\n<p><strong>R\u00edndete<\/strong> <strong>16<\/strong> contra <strong>9<\/strong> a trav\u00e9s de<strong> As<\/strong>.<\/p>\n<p><strong>R\u00edndete<\/strong> <strong>15<\/strong> contra un <strong>10<\/strong> s\u00f3lo (a menos que se usen las reglas H17, entonces te rindes contra el As)<\/p>\n<h3>Dividir<\/h3>\n<p><strong>Siempre<\/strong> Dividir <strong>Ases<\/strong><\/p>\n<p><strong>Nunca<\/strong> Dividir <strong>Caras<\/strong> (10 tarjetas de valor)<\/p>\n<p><strong>Siempre<\/strong> Dividir <strong>8s <\/strong>(A menos que uses las reglas H17, entonces te rindes contra un As)<\/p>\n<p><strong>Nunca<\/strong> Dividir <strong>5s<\/strong><\/p>\n<p><strong>Dividir<\/strong> un par de <strong>9s<\/strong> contra un distribuidor <strong>2<\/strong> a trav\u00e9s de <strong>9<\/strong>excepto un 7 (ya que tu 18 gana a su 17)<\/p>\n<p><strong>Dividir<\/strong> un par de <strong>7s<\/strong> contra un distribuidor <strong>2<\/strong> a trav\u00e9s de <strong>7<\/strong>...golpear cualquier otra cosa.<\/p>\n<p><strong>Dividir<\/strong> un par de <strong>6s<\/strong> contra un distribuidor <strong>2<\/strong> a trav\u00e9s de <strong>6<\/strong>...golpear cualquier otra cosa.<\/p>\n<p><strong>Dividir<\/strong> un par de <strong>4s<\/strong> contra un distribuidor <strong>5<\/strong> o <strong>6<\/strong> cuando puedas doblar despu\u00e9s, si no, golpea.<\/p>\n<p><strong>Dividir<\/strong> un par de <strong>3s<\/strong> contra un distribuidor <strong>2<\/strong> a trav\u00e9s de <strong>7<\/strong>...golpear cualquier otra cosa.<\/p>\n<p><strong>Dividir<\/strong> un par de <strong>2s<\/strong> contra un distribuidor <strong>2<\/strong> a trav\u00e9s de <strong>7<\/strong>...golpear cualquier otra cosa.<\/p>\n<h3>Duplicar<\/h3>\n<p><strong>Doble<\/strong> un <strong>11<\/strong> contra todo excepto un As (Tambi\u00e9n doble contra As si se juega con las reglas H17)<\/p>\n<p><strong>Doble<\/strong> a <strong>10<\/strong> contra todo excepto un 10 o un As<\/p>\n<p><strong>Doble<\/strong> un duro <strong>9<\/strong> contra un distribuidor <strong>3<\/strong> a trav\u00e9s de <strong>6<\/strong>.<\/p>\n<p><strong>Nunca<\/strong> doble un duro <strong>8<\/strong>.<\/p>\n<p><strong>Doble<\/strong> a <strong>suave<\/strong> <strong>13<\/strong> o <strong>14<\/strong> contra un distribuidor <strong>5<\/strong> o <strong>6<\/strong>.<\/p>\n<p><strong>Doble<\/strong> a <strong>suave 15<\/strong> o <strong>16<\/strong> contra un distribuidor <strong>4<\/strong> a trav\u00e9s de <strong>6<\/strong>.<\/p>\n<p><strong>Doble<\/strong> a <strong>suave<\/strong> <strong>17<\/strong> o <strong>18<\/strong> contra un distribuidor <strong>3<\/strong> a trav\u00e9s de <strong>6<\/strong>.<\/p>\n<p><strong>Doble<\/strong> a <strong>suave 19<\/strong> contra un distribuidor <strong>6<\/strong> si utiliza <strong>H17<\/strong> reglas.<\/p>\n<h3>Golpear y estar de pie<\/h3>\n<p><strong>Stand<\/strong> en <strong>17<\/strong> y m\u00e1s<\/p>\n<p><strong>Stand<\/strong> en un <strong>13<\/strong>, <strong>14<\/strong>, <strong>15<\/strong>o <strong>16<\/strong> contra un <strong>2<\/strong> a trav\u00e9s de <strong>6<\/strong>, acierto contra cualquier otra carta<\/p>\n<p><strong>Stand<\/strong> en un <strong>12<\/strong> contra un distribuidor <strong>4<\/strong> a trav\u00e9s de <strong>6<\/strong>...contra cualquier otra carta.<\/p>\n<p><strong>Siempre<\/strong> golpear cualquier cosa por debajo de suave 17.<\/p>\n<p><strong>Stand<\/strong> en <strong>suave 19<\/strong> y superiores.<\/p>\n<h2>\u00bfY ahora qu\u00e9?<\/h2>\n<p>Debe estudiar la informaci\u00f3n anterior junto con nuestra <strong>Motor de Estrategia B\u00e1sica del Blackjack<\/strong> mientras practicas jugando al blackjack. A\u00fan no est\u00e1s preparado para jugar en un casino, ni mucho menos. Aunque hayas jugado antes y te haya ido bien, no deber\u00edas volver hasta que conozcas la estrategia b\u00e1sica como la palma de tu mano.<\/p>\n<p>La mejor manera de practicar es utilizar programas como nuestro <a href=\"https:\/\/www.blackjackinfo.com\/blackjack-strategy-trainer\/\">Entrenador de Blackjack<\/a>\u00a0o\u00a0<a href=\"https:\/\/www.blackjackinfo.com\/casino-verite-blackjack-the-ultimate-practice-tool\/\">Casino V\u00e9rit\u00e9 Blackjack<\/a> para mejorar sus habilidades y descubrir en qu\u00e9 \u00e1reas tiene dificultades, como rendirse o jugar manos blandas. Una vez que puedas jugar sin errores en una amplia gama de escenarios, estar\u00e1s listo para practicar en un entorno de casino.<\/p>\n<p>Recuerde que puede ser m\u00e1s dif\u00edcil recordar una estrategia b\u00e1sica perfecta cuando una camarera est\u00e1 gritando los pedidos de bebidas, un jefe de mesa le est\u00e1 pidiendo su tarjeta y los jugadores est\u00e1n intentando entablar conversaci\u00f3n, as\u00ed que no vaya al casino hasta que est\u00e9 realmente preparado. Tampoco pidas consejo a otros jugadores. Van deliberadamente en contra de la estrategia b\u00e1sica cuando las matem\u00e1ticas no encajan con sus supersticiones sobre el flujo de las cartas, y a menudo te dir\u00e1n lo loco que est\u00e1s por pedir un 18 blando contra un 9 \u00f3 10 del crupier.<\/p>\n<h2>Otras herramientas de ayuda a la estrategia b\u00e1sica<\/h2>\n<ul>\n<li><a href=\"https:\/\/www.blackjackinfo.com\/blackjack-strategy-trainer\/\">Entrenador de Estrategia de Blackjack<\/a> - Nuestro entrenador de blackjack original es una herramienta de entrenamiento interactiva que te aconseja si has tomado la decisi\u00f3n correcta o no.  Tambi\u00e9n tenemos una versi\u00f3n para m\u00f3viles <a href=\"https:\/\/www.blackjackinfo.com\/blackjackinfo-blackjack-strategy-trainer\/\">aqu\u00ed<\/a>.<\/li>\n<li><a href=\"https:\/\/www.blackjackinfo.com\/blackjack-basic-strategy-quiz\/\">Blackjack Quiz<\/a> - Un conjunto de 20 preguntas para determinar si realmente conoce la estrategia b\u00e1sica.<\/li>\n<li>Gr\u00e1ficos de estrategia f\u00edsica: tambi\u00e9n puede adquirir una versi\u00f3n f\u00edsica de pl\u00e1stico de tama\u00f1o cartera de los gr\u00e1ficos de estrategia. <a href=\"\/card\/\">aqu\u00ed<\/a>.<\/li>\n<li><a href=\"https:\/\/www.blackjackinfo.com\/goto\/casino-verite\/\">Casino V\u00e9rit\u00e9 Blackjack<\/a>\u00a0- Una herramienta completa para poner a prueba tus conocimientos de estrategia en el blackjack.  Nuestra rese\u00f1a de este software se puede encontrar <a href=\"https:\/\/www.blackjackinfo.com\/casino-verite-blackjack-the-ultimate-practice-tool\/\">aqu\u00ed<\/a>.<\/li>\n<\/ul>\n<p>&nbsp;<\/p>","protected":false},"excerpt":{"rendered":"<p>What is Basic Strategy? Looking for a way to cut the casino\u2019s edge down to a marginal amount? Basic strategy is a mathematically calculated set of decisions that can help you win more at blackjack. The Blackjack Basic Strategy Engine above provides a simple way to memorize a variety of different profitable decisions, such as [&hellip;]<\/p>\n","protected":false},"author":2,"featured_media":0,"parent":0,"menu_order":0,"comment_status":"open","ping_status":"open","template":"","meta":{"_acf_changed":false,"footnotes":""},"tags":[],"class_list":["post-581","page","type-page","status-publish","hentry"],"acf":[],"yoast_head":"<!-- This site is optimized with the Yoast SEO plugin v26.6 - https:\/\/yoast.com\/wordpress\/plugins\/seo\/ -->\n<title>Blackjack Strategy Charts - Generate Charts for 1-8 Decks<\/title>\n<meta name=\"description\" content=\"Founded in 1998, our basic blackjack strategy engine generates optimal strategy charts for 1\/2\/3\/4\/5\/6\/7\/8 decks. Allows custom filters for variations too\" \/>\n<meta name=\"robots\" content=\"index, follow, max-snippet:-1, max-image-preview:large, max-video-preview:-1\" \/>\n<link rel=\"canonical\" href=\"https:\/\/www.blackjackinfo.com\/es\/blackjack-motor-de-estrategia-basica\/\" \/>\n<meta property=\"og:locale\" content=\"es_ES\" \/>\n<meta property=\"og:type\" content=\"article\" \/>\n<meta property=\"og:title\" content=\"Blackjack Strategy Charts - Generate Charts for 1-8 Decks\" \/>\n<meta property=\"og:description\" content=\"Founded in 1998, our basic blackjack strategy engine generates optimal strategy charts for 1\/2\/3\/4\/5\/6\/7\/8 decks. Allows custom filters for variations too\" \/>\n<meta property=\"og:url\" content=\"https:\/\/www.blackjackinfo.com\/es\/blackjack-motor-de-estrategia-basica\/\" \/>\n<meta property=\"og:site_name\" content=\"BlackjackInfo.com\" \/>\n<meta property=\"article:modified_time\" content=\"2026-04-02T10:08:33+00:00\" \/>\n<meta name=\"twitter:label1\" content=\"Tiempo de lectura\" \/>\n\t<meta name=\"twitter:data1\" content=\"6 minutos\" \/>\n<script type=\"application\/ld+json\" class=\"yoast-schema-graph\">{\"@context\":\"https:\/\/schema.org\",\"@graph\":[{\"@type\":\"WebPage\",\"@id\":\"https:\/\/www.blackjackinfo.com\/blackjack-basic-strategy-engine\/\",\"url\":\"https:\/\/www.blackjackinfo.com\/blackjack-basic-strategy-engine\/\",\"name\":\"Blackjack Strategy Charts - Generate Charts for 1-8 Decks\",\"isPartOf\":{\"@id\":\"https:\/\/www.blackjackinfo.com\/#website\"},\"datePublished\":\"2014-10-07T22:31:38+00:00\",\"dateModified\":\"2026-04-02T10:08:33+00:00\",\"description\":\"Founded in 1998, our basic blackjack strategy engine generates optimal strategy charts for 1\/2\/3\/4\/5\/6\/7\/8 decks. Allows custom filters for variations too\",\"breadcrumb\":{\"@id\":\"https:\/\/www.blackjackinfo.com\/blackjack-basic-strategy-engine\/#breadcrumb\"},\"inLanguage\":\"es\",\"potentialAction\":[{\"@type\":\"ReadAction\",\"target\":[\"https:\/\/www.blackjackinfo.com\/blackjack-basic-strategy-engine\/\"]}]},{\"@type\":\"BreadcrumbList\",\"@id\":\"https:\/\/www.blackjackinfo.com\/blackjack-basic-strategy-engine\/#breadcrumb\",\"itemListElement\":[{\"@type\":\"ListItem\",\"position\":1,\"name\":\"Home\",\"item\":\"https:\/\/www.blackjackinfo.com\/\"},{\"@type\":\"ListItem\",\"position\":2,\"name\":\"Blackjack Basic Strategy Charts\"}]},{\"@type\":\"WebSite\",\"@id\":\"https:\/\/www.blackjackinfo.com\/#website\",\"url\":\"https:\/\/www.blackjackinfo.com\/\",\"name\":\"BlackjackInfo.com\",\"description\":\"Because Winning is More Fun!\",\"potentialAction\":[{\"@type\":\"SearchAction\",\"target\":{\"@type\":\"EntryPoint\",\"urlTemplate\":\"https:\/\/www.blackjackinfo.com\/?s={search_term_string}\"},\"query-input\":{\"@type\":\"PropertyValueSpecification\",\"valueRequired\":true,\"valueName\":\"search_term_string\"}}],\"inLanguage\":\"es\"}]}<\/script>\n<!-- \/ Yoast SEO plugin. -->","yoast_head_json":{"title":"Cartas Estrat\u00e9gicas de Blackjack - Generar Cartas para 1-8 Barajas","description":"Fundado en 1998, nuestro motor de estrategia b\u00e1sica de blackjack genera tablas de estrategia \u00f3ptima para 1\/2\/3\/4\/5\/6\/7\/8 barajas. Tambi\u00e9n permite filtros personalizados para variaciones","robots":{"index":"index","follow":"follow","max-snippet":"max-snippet:-1","max-image-preview":"max-image-preview:large","max-video-preview":"max-video-preview:-1"},"canonical":"https:\/\/www.blackjackinfo.com\/es\/blackjack-motor-de-estrategia-basica\/","og_locale":"es_ES","og_type":"article","og_title":"Blackjack Strategy Charts - Generate Charts for 1-8 Decks","og_description":"Founded in 1998, our basic blackjack strategy engine generates optimal strategy charts for 1\/2\/3\/4\/5\/6\/7\/8 decks. Allows custom filters for variations too","og_url":"https:\/\/www.blackjackinfo.com\/es\/blackjack-motor-de-estrategia-basica\/","og_site_name":"BlackjackInfo.com","article_modified_time":"2026-04-02T10:08:33+00:00","twitter_misc":{"Tiempo de lectura":"6 minutos"},"schema":{"@context":"https:\/\/schema.org","@graph":[{"@type":"WebPage","@id":"https:\/\/www.blackjackinfo.com\/blackjack-basic-strategy-engine\/","url":"https:\/\/www.blackjackinfo.com\/blackjack-basic-strategy-engine\/","name":"Cartas Estrat\u00e9gicas de Blackjack - Generar Cartas para 1-8 Barajas","isPartOf":{"@id":"https:\/\/www.blackjackinfo.com\/#website"},"datePublished":"2014-10-07T22:31:38+00:00","dateModified":"2026-04-02T10:08:33+00:00","description":"Fundado en 1998, nuestro motor de estrategia b\u00e1sica de blackjack genera tablas de estrategia \u00f3ptima para 1\/2\/3\/4\/5\/6\/7\/8 barajas. Tambi\u00e9n permite filtros personalizados para variaciones","breadcrumb":{"@id":"https:\/\/www.blackjackinfo.com\/blackjack-basic-strategy-engine\/#breadcrumb"},"inLanguage":"es","potentialAction":[{"@type":"ReadAction","target":["https:\/\/www.blackjackinfo.com\/blackjack-basic-strategy-engine\/"]}]},{"@type":"BreadcrumbList","@id":"https:\/\/www.blackjackinfo.com\/blackjack-basic-strategy-engine\/#breadcrumb","itemListElement":[{"@type":"ListItem","position":1,"name":"Home","item":"https:\/\/www.blackjackinfo.com\/"},{"@type":"ListItem","position":2,"name":"Blackjack Basic Strategy Charts"}]},{"@type":"WebSite","@id":"https:\/\/www.blackjackinfo.com\/#website","url":"https:\/\/www.blackjackinfo.com\/","name":"BlackjackInfo.com","description":"\u00a1Porque ganar es m\u00e1s divertido!","potentialAction":[{"@type":"SearchAction","target":{"@type":"EntryPoint","urlTemplate":"https:\/\/www.blackjackinfo.com\/?s={search_term_string}"},"query-input":{"@type":"PropertyValueSpecification","valueRequired":true,"valueName":"search_term_string"}}],"inLanguage":"es"}]}},"_links":{"self":[{"href":"https:\/\/www.blackjackinfo.com\/es\/wp-json\/wp\/v2\/pages\/581","targetHints":{"allow":["GET"]}}],"collection":[{"href":"https:\/\/www.blackjackinfo.com\/es\/wp-json\/wp\/v2\/pages"}],"about":[{"href":"https:\/\/www.blackjackinfo.com\/es\/wp-json\/wp\/v2\/types\/page"}],"author":[{"embeddable":true,"href":"https:\/\/www.blackjackinfo.com\/es\/wp-json\/wp\/v2\/users\/2"}],"replies":[{"embeddable":true,"href":"https:\/\/www.blackjackinfo.com\/es\/wp-json\/wp\/v2\/comments?post=581"}],"version-history":[{"count":23,"href":"https:\/\/www.blackjackinfo.com\/es\/wp-json\/wp\/v2\/pages\/581\/revisions"}],"predecessor-version":[{"id":10427,"href":"https:\/\/www.blackjackinfo.com\/es\/wp-json\/wp\/v2\/pages\/581\/revisions\/10427"}],"wp:attachment":[{"href":"https:\/\/www.blackjackinfo.com\/es\/wp-json\/wp\/v2\/media?parent=581"}],"wp:term":[{"taxonomy":"post_tag","embeddable":true,"href":"https:\/\/www.blackjackinfo.com\/es\/wp-json\/wp\/v2\/tags?post=581"}],"curies":[{"name":"wp","href":"https:\/\/api.w.org\/{rel}","templated":true}]}}