{"id":585,"date":"2014-10-08T11:17:41","date_gmt":"2014-10-08T16:17:41","guid":{"rendered":"http:\/\/test.blackjackinfo.com\/?page_id=585"},"modified":"2018-06-22T02:43:00","modified_gmt":"2018-06-22T07:43:00","slug":"politica-de-privacidad","status":"publish","type":"page","link":"https:\/\/www.blackjackinfo.com\/es\/privacy-policy\/","title":{"rendered":"Pol\u00edtica de privacidad"},"content":{"rendered":"<p>En BlackjackInfo, nos esforzamos por utilizar el principio de la \"Regla de Oro\" para guiar nuestro uso de cualquier dato que nos proporcione.<\/p>\n<p>Es decir, tratamos su informaci\u00f3n con la misma seguridad y vigilancia que esperar\u00edamos nosotros mismos.  En el entorno actual de Internet es necesario hacer un cierto uso de la informaci\u00f3n de los visitantes, por lo que a continuaci\u00f3n le detallamos lo que hacemos con la informaci\u00f3n que usted nos facilita.<\/p>\n<h3>Comentarios<\/h3>\n<p>Cuando los visitantes dejan comentarios en el sitio, recopilamos los datos que aparecen en el formulario de comentarios, as\u00ed como la direcci\u00f3n IP del visitante y la cadena de agentes de usuario del navegador para ayudar a la detecci\u00f3n de spam.<\/p>\n<p>Una cadena anonimizada creada a partir de su direcci\u00f3n de correo electr\u00f3nico (tambi\u00e9n llamada hash) puede ser proporcionada al servicio Gravatar para saber si usted la est\u00e1 utilizando. La pol\u00edtica de privacidad del servicio Gravatar est\u00e1 disponible aqu\u00ed: https:\/\/automattic.com\/privacy\/. Tras la aprobaci\u00f3n de tu comentario, tu foto de perfil ser\u00e1 visible para el p\u00fablico en el contexto de tu comentario.<\/p>\n<h3>Si decide suscribirse a nuestro bolet\u00edn electr\u00f3nico gratuito:<\/h3>\n<p>No nos gustar\u00eda que nuestra direcci\u00f3n de correo electr\u00f3nico se compartiera con nadie, as\u00ed que estamos igual de atentos con la suya.<\/p>\n<ul>\n<li>No compartimos nuestra lista con ning\u00fan otro sitio. Por lo tanto, cualquier mensaje que reciba como resultado de la suscripci\u00f3n indicar\u00e1 claramente que procede de BlackjackInfo.com.<\/li>\n<li>Cada mensaje que reciba tendr\u00e1 un enlace para eliminar su direcci\u00f3n de la lista de correo electr\u00f3nico si as\u00ed lo desea.<\/li>\n<li>Para mayor protecci\u00f3n, cada vez que se a\u00f1ade o elimina una direcci\u00f3n de nuestra lista se env\u00eda una confirmaci\u00f3n a la direcci\u00f3n, indicando la hora y la direcci\u00f3n IP del usuario responsable.<\/li>\n<li>Para la lista de correo electr\u00f3nico, utilizamos <a href=\"https:\/\/mailchimp.com\/\">MailChimp<\/a> para almacenar y enviar boletines y no solicitamos m\u00e1s informaci\u00f3n sobre usted.  Solo tenemos su direcci\u00f3n de correo electr\u00f3nico, no su nombre ni su direcci\u00f3n.<\/li>\n<li>Tomamos todas las precauciones razonables para proteger la informaci\u00f3n de nuestros usuarios, manteniendo nuestro servidor y software de la forma m\u00e1s segura posible.<\/li>\n<\/ul>\n<h3>Registro de actividades<\/h3>\n<p>Como todos los sitios web, la interacci\u00f3n de cada visitante con este sitio crea un aluvi\u00f3n de entradas en los archivos de registro de nuestro servidor.  Estos registros incluyen la fecha y hora de su visita, la direcci\u00f3n IP desde la que nos visita y cualquier detalle sobre su ordenador o navegador que nos proporcione su navegador.  Estos detalles de acceso no incluyen informaci\u00f3n personal identificable, aunque si usted decide proporcionar dicha informaci\u00f3n a trav\u00e9s de su interacci\u00f3n, ser\u00eda posible conectar una visita con un usuario en particular.  Este no es un uso normal de los registros, pero podemos hacerlo en caso de fraude o actividad maliciosa.<\/p>\n<h3>Google Analytics<\/h3>\n<p>Como la gran mayor\u00eda de los sitios web, este sitio utiliza Google Analytics para realizar un seguimiento de c\u00f3mo los usuarios encuentran y utilizan nuestro sitio.  Google Analytics utiliza \"cookies\", que son archivos de texto ubicados en su ordenador, para recopilar informaci\u00f3n de registro y comportamiento de los visitantes de forma an\u00f3nima. La informaci\u00f3n que genera la cookie acerca de su uso del sitio web se transmite a Google.  Esta informaci\u00f3n se utiliza para elaborar informes sobre el uso del sitio web.  Las condiciones de uso de Google para los datos que recopila pueden consultarse en\u00a0<a title=\"Pol\u00edtica de privacidad de Google Analytics\" href=\"https:\/\/www.google.com\/intl\/en\/policies\/privacy\/partners\/\">https:\/\/www.google.com\/intl\/en\/policies\/privacy\/partners\/<\/a><\/p>\n<p>Puede aceptar o rechazar las cookies. La mayor\u00eda de los navegadores web las aceptan autom\u00e1ticamente por defecto, pero usted puede modificar la configuraci\u00f3n de su navegador para rechazar las cookies. Si rechaza las cookies modificando la configuraci\u00f3n de su navegador, tenga en cuenta que esto puede inhabilitar algunas de las funciones de nuestro sitio web.<\/p>\n<h3>Nuestro uso de cookies<\/h3>\n<p>Hablando de \"cookies\", en este sitio podemos utilizarlas por diversas razones para facilitar su funcionamiento.  No las utilizamos para rastrear sus visitas con ning\u00fan otro fin.  Ejemplos del uso de cookies son cosas como recordar sus datos de acceso o gestionar la entrada de un pedido en la tienda.<\/p>\n<h3>Relaciones con los anunciantes<\/h3>\n<p>Podemos mostrar publicidad a los visitantes de este sitio y, en algunos casos, las im\u00e1genes publicitarias pueden proceder directamente de nuestros socios anunciantes.  Dichos anunciantes pueden ver la informaci\u00f3n de registro de Internet habitual para esas solicitudes, que incluye la t\u00edpica informaci\u00f3n de archivo de registro an\u00f3nimo.  A trav\u00e9s de nuestro sitio no se pone a disposici\u00f3n de nuestros anunciantes ninguna informaci\u00f3n que pueda identificarle personalmente, pero, por supuesto, ser\u00e1 aplicable cualquier configuraci\u00f3n del navegador de su ordenador que afecte a los datos enviados con cada solicitud.  Esto incluye normalmente cookies, informaci\u00f3n sobre el agente de usuario e informaci\u00f3n sobre la versi\u00f3n del software.<\/p>\n<h3>Relaciones de afiliaci\u00f3n<\/h3>\n<p>Algunas de nuestras relaciones publicitarias son asociaciones de afiliados, que recompensan a los editores con una comisi\u00f3n por los negocios que resultan de los anuncios en el sitio web.  En cada caso, si decide hacer negocios con un anunciante que aparece en nuestro sitio, la propia empresa tendr\u00e1 una pol\u00edtica de privacidad que rige el uso de su informaci\u00f3n.  Estas pol\u00edticas var\u00edan mucho.  En muchos casos, estas pol\u00edticas permiten a las empresas compartir informaci\u00f3n resumida sobre las transacciones con sus socios publicitarios.  Aunque esta informaci\u00f3n no suele incluir datos de identificaci\u00f3n personal, los l\u00edmites reales de lo que puede estar disponible est\u00e1n sujetos a la pol\u00edtica de privacidad del anunciante, que puede encontrar en su sitio web.  En cualquier caso, no utilizaremos ninguna informaci\u00f3n que se ponga a nuestra disposici\u00f3n de forma que infrinja nuestra pol\u00edtica de la \"Regla de Oro\".<\/p>\n<h3>Divulgaci\u00f3n e intercambio de informaci\u00f3n<\/h3>\n<p>Sus datos personales no se compartir\u00e1n con terceros a menos que nos haya solicitado un producto o servicio:<\/p>\n<p>Estamos obligados a proporcionar la informaci\u00f3n a los socios que tienen un acuerdo de confidencialidad con nosotros o trabajan en nuestro nombre. Estas empresas pueden utilizar sus datos personales para ayudarnos a hacerle llegar nuestras ofertas y las de nuestros socios comerciales, pero no tienen derecho a compartir esta informaci\u00f3n de forma independiente;<br \/>\nEn respuesta a \u00f3rdenes judiciales, citaciones y procesos legales;<br \/>\nEn caso de investigaci\u00f3n, prevenci\u00f3n, lucha contra actividades ilegales, amenazas potenciales a la seguridad f\u00edsica de cualquier persona, sospecha de fraude, infracci\u00f3n de nuestras Condiciones Generales, o si as\u00ed lo exige la ley;<\/p>\n<p>En caso de adquisici\u00f3n o fusi\u00f3n, en cuyo caso se le notificar\u00e1 antes de que su informaci\u00f3n personal se transfiera y quede sujeta a una nueva pol\u00edtica de privacidad;<\/p>\n<p>Usted ve o interact\u00faa con un anuncio dirigido basado en informaci\u00f3n personal, mostrado por nosotros, ya que en ese caso est\u00e1 dando su consentimiento a la posibilidad de que el anunciante pueda suponer que usted cumple los criterios de selecci\u00f3n utilizados para presentar el anuncio. Aun as\u00ed, no proporcionamos ninguna informaci\u00f3n personal al anunciante. Los anunciantes abarcan diversos sectores, como casinos, comercios y servicios de viajes.<\/p>\n<h3>Actualizaciones y cambios de la pol\u00edtica de privacidad<\/h3>\n<p>Es posible que modifiquemos la presente Pol\u00edtica de Privacidad. En caso de actualizaciones significativas directamente relacionadas con el tratamiento de su informaci\u00f3n personal, se le notificar\u00e1 a trav\u00e9s de su direcci\u00f3n de correo electr\u00f3nico registrada y\/o de un aviso expuesto en nuestro sitio web.<\/p>\n<h3>Unas palabras finales<\/h3>\n<p>Cu\u00e1nta letra peque\u00f1a, \u00bfverdad?  As\u00ed es el mundo en el que vivimos hoy en d\u00eda.<\/p>\n<p>Durante muchos a\u00f1os, hemos utilizado una sencilla pol\u00edtica de privacidad \"sin tonter\u00edas\" que cab\u00eda en unas pocas l\u00edneas.  Nuestra intenci\u00f3n nunca ha cambiado, pero s\u00ed los requisitos para mencionar todos estos detalles.<\/p>\n<p>Para que quede claro, queremos tratar sus datos con el cuidado que se merecen y protegerlos de todas las formas posibles.<\/p>","protected":false},"excerpt":{"rendered":"<p>Pol\u00edtica de privacidad de BlackjackInfo.com<\/p>","protected":false},"author":2,"featured_media":0,"parent":0,"menu_order":0,"comment_status":"closed","ping_status":"closed","template":"","meta":{"_acf_changed":false,"footnotes":""},"tags":[],"class_list":["post-585","page","type-page","status-publish","hentry"],"acf":[],"yoast_head":"<!-- This site is optimized with the Yoast SEO plugin v26.6 - https:\/\/yoast.com\/wordpress\/plugins\/seo\/ -->\n<title>Privacy Policy<\/title>\n<meta name=\"description\" content=\"BlackjackInfo.com Privacy Policy\" \/>\n<meta name=\"robots\" content=\"index, follow, max-snippet:-1, max-image-preview:large, max-video-preview:-1\" \/>\n<link rel=\"canonical\" href=\"https:\/\/www.blackjackinfo.com\/es\/politica-de-privacidad\/\" \/>\n<meta property=\"og:locale\" content=\"es_ES\" \/>\n<meta property=\"og:type\" content=\"article\" \/>\n<meta property=\"og:title\" content=\"Privacy Policy\" \/>\n<meta property=\"og:description\" content=\"BlackjackInfo.com Privacy Policy\" \/>\n<meta property=\"og:url\" content=\"https:\/\/www.blackjackinfo.com\/es\/politica-de-privacidad\/\" \/>\n<meta property=\"og:site_name\" content=\"BlackjackInfo.com\" \/>\n<meta property=\"article:modified_time\" content=\"2018-06-22T07:43:00+00:00\" \/>\n<meta name=\"twitter:label1\" content=\"Tiempo de lectura\" \/>\n\t<meta name=\"twitter:data1\" content=\"6 minutos\" \/>\n<script type=\"application\/ld+json\" class=\"yoast-schema-graph\">{\"@context\":\"https:\/\/schema.org\",\"@graph\":[{\"@type\":\"WebPage\",\"@id\":\"https:\/\/www.blackjackinfo.com\/privacy-policy\/\",\"url\":\"https:\/\/www.blackjackinfo.com\/privacy-policy\/\",\"name\":\"Privacy Policy\",\"isPartOf\":{\"@id\":\"https:\/\/www.blackjackinfo.com\/#website\"},\"datePublished\":\"2014-10-08T16:17:41+00:00\",\"dateModified\":\"2018-06-22T07:43:00+00:00\",\"description\":\"BlackjackInfo.com Privacy Policy\",\"breadcrumb\":{\"@id\":\"https:\/\/www.blackjackinfo.com\/privacy-policy\/#breadcrumb\"},\"inLanguage\":\"es\",\"potentialAction\":[{\"@type\":\"ReadAction\",\"target\":[\"https:\/\/www.blackjackinfo.com\/privacy-policy\/\"]}]},{\"@type\":\"BreadcrumbList\",\"@id\":\"https:\/\/www.blackjackinfo.com\/privacy-policy\/#breadcrumb\",\"itemListElement\":[{\"@type\":\"ListItem\",\"position\":1,\"name\":\"Home\",\"item\":\"https:\/\/www.blackjackinfo.com\/\"},{\"@type\":\"ListItem\",\"position\":2,\"name\":\"Privacy Policy\"}]},{\"@type\":\"WebSite\",\"@id\":\"https:\/\/www.blackjackinfo.com\/#website\",\"url\":\"https:\/\/www.blackjackinfo.com\/\",\"name\":\"BlackjackInfo.com\",\"description\":\"Because Winning is More Fun!\",\"potentialAction\":[{\"@type\":\"SearchAction\",\"target\":{\"@type\":\"EntryPoint\",\"urlTemplate\":\"https:\/\/www.blackjackinfo.com\/?s={search_term_string}\"},\"query-input\":{\"@type\":\"PropertyValueSpecification\",\"valueRequired\":true,\"valueName\":\"search_term_string\"}}],\"inLanguage\":\"es\"}]}<\/script>\n<!-- \/ Yoast SEO plugin. -->","yoast_head_json":{"title":"Pol\u00edtica de privacidad","description":"Pol\u00edtica de privacidad de BlackjackInfo.com","robots":{"index":"index","follow":"follow","max-snippet":"max-snippet:-1","max-image-preview":"max-image-preview:large","max-video-preview":"max-video-preview:-1"},"canonical":"https:\/\/www.blackjackinfo.com\/es\/politica-de-privacidad\/","og_locale":"es_ES","og_type":"article","og_title":"Privacy Policy","og_description":"BlackjackInfo.com Privacy Policy","og_url":"https:\/\/www.blackjackinfo.com\/es\/politica-de-privacidad\/","og_site_name":"BlackjackInfo.com","article_modified_time":"2018-06-22T07:43:00+00:00","twitter_misc":{"Tiempo de lectura":"6 minutos"},"schema":{"@context":"https:\/\/schema.org","@graph":[{"@type":"WebPage","@id":"https:\/\/www.blackjackinfo.com\/privacy-policy\/","url":"https:\/\/www.blackjackinfo.com\/privacy-policy\/","name":"Pol\u00edtica de privacidad","isPartOf":{"@id":"https:\/\/www.blackjackinfo.com\/#website"},"datePublished":"2014-10-08T16:17:41+00:00","dateModified":"2018-06-22T07:43:00+00:00","description":"Pol\u00edtica de privacidad de BlackjackInfo.com","breadcrumb":{"@id":"https:\/\/www.blackjackinfo.com\/privacy-policy\/#breadcrumb"},"inLanguage":"es","potentialAction":[{"@type":"ReadAction","target":["https:\/\/www.blackjackinfo.com\/privacy-policy\/"]}]},{"@type":"BreadcrumbList","@id":"https:\/\/www.blackjackinfo.com\/privacy-policy\/#breadcrumb","itemListElement":[{"@type":"ListItem","position":1,"name":"Home","item":"https:\/\/www.blackjackinfo.com\/"},{"@type":"ListItem","position":2,"name":"Privacy Policy"}]},{"@type":"WebSite","@id":"https:\/\/www.blackjackinfo.com\/#website","url":"https:\/\/www.blackjackinfo.com\/","name":"BlackjackInfo.com","description":"\u00a1Porque ganar es m\u00e1s divertido!","potentialAction":[{"@type":"SearchAction","target":{"@type":"EntryPoint","urlTemplate":"https:\/\/www.blackjackinfo.com\/?s={search_term_string}"},"query-input":{"@type":"PropertyValueSpecification","valueRequired":true,"valueName":"search_term_string"}}],"inLanguage":"es"}]}},"_links":{"self":[{"href":"https:\/\/www.blackjackinfo.com\/es\/wp-json\/wp\/v2\/pages\/585","targetHints":{"allow":["GET"]}}],"collection":[{"href":"https:\/\/www.blackjackinfo.com\/es\/wp-json\/wp\/v2\/pages"}],"about":[{"href":"https:\/\/www.blackjackinfo.com\/es\/wp-json\/wp\/v2\/types\/page"}],"author":[{"embeddable":true,"href":"https:\/\/www.blackjackinfo.com\/es\/wp-json\/wp\/v2\/users\/2"}],"replies":[{"embeddable":true,"href":"https:\/\/www.blackjackinfo.com\/es\/wp-json\/wp\/v2\/comments?post=585"}],"version-history":[{"count":8,"href":"https:\/\/www.blackjackinfo.com\/es\/wp-json\/wp\/v2\/pages\/585\/revisions"}],"predecessor-version":[{"id":3955,"href":"https:\/\/www.blackjackinfo.com\/es\/wp-json\/wp\/v2\/pages\/585\/revisions\/3955"}],"wp:attachment":[{"href":"https:\/\/www.blackjackinfo.com\/es\/wp-json\/wp\/v2\/media?parent=585"}],"wp:term":[{"taxonomy":"post_tag","embeddable":true,"href":"https:\/\/www.blackjackinfo.com\/es\/wp-json\/wp\/v2\/tags?post=585"}],"curies":[{"name":"wp","href":"https:\/\/api.w.org\/{rel}","templated":true}]}}