{"id":590,"date":"2014-10-08T13:54:13","date_gmt":"2014-10-08T18:54:13","guid":{"rendered":"http:\/\/test.blackjackinfo.com\/?page_id=590"},"modified":"2018-06-22T02:26:16","modified_gmt":"2018-06-22T07:26:16","slug":"aviso-de-afiliacion","status":"publish","type":"page","link":"https:\/\/www.blackjackinfo.com\/es\/affiliate-notice\/","title":{"rendered":"Aviso de afiliaci\u00f3n"},"content":{"rendered":"<h3>\u00bfQu\u00e9 es un anuncio de afiliaci\u00f3n?<\/h3>\n<p>Muchos de los anuncios que usted ve en BlackjackInfo se basan en una asociaci\u00f3n de afiliados que tenemos con el producto o marca que se anuncia.  Un anuncio de afiliado es aquel en el que el editor recibe una comisi\u00f3n por cualquier producto o servicio que un visitante compre al anunciante despu\u00e9s de hacer clic en un enlace de este sitio.<\/p>\n<h3>Utilizar un enlace de afiliado no aumentar\u00e1 sus costes<\/h3>\n<p>Si visita a uno de nuestros anunciantes a trav\u00e9s de uno de nuestros enlaces, obtendr\u00e1 el mismo precio y la misma propuesta de valor que obtendr\u00eda de otro modo, y puede que incluso m\u00e1s.  De hecho, a menudo llegamos a acuerdos exclusivos con anunciantes en nombre de nuestros visitantes para conseguir un mejor trato.  En cualquier caso, hacer clic a trav\u00e9s de uno de nuestros enlaces de afiliado ayuda a mantener este sitio, <strong>sin coste alguno para usted<\/strong>.<\/p>\n<h3>Somos muy exigentes con los socios publicitarios<\/h3>\n<p>Debido a la popularidad de este sitio, recibimos un flujo constante de ofertas de diferentes empresas y marcas con la esperanza de trabajar con BlackjackInfo a trav\u00e9s del marketing de afiliaci\u00f3n.  Sin embargo, rechazamos casi todas ellas.  Antes de que decidamos hacer negocios con un anunciante, \u00e9ste debe cumplir nuestras normas editoriales y convencernos de que ofrecer\u00e1 a nuestros visitantes un trato justo.  Y nunca dejamos de examinar sus servicios para asegurarnos de que siguen siendo un socio que nos sentimos c\u00f3modos promocionando.<\/p>\n<h3>\u00bfCu\u00e1les de nuestros anuncios son enlaces de afiliados?<\/h3>\n<p>Aunque no todos nuestros anuncios son de afiliaci\u00f3n, la estructura de cualquier acuerdo publicitario concreto est\u00e1 sujeta a cambios.  En consecuencia, debe asumir que cualquier enlace en el que haga clic a otro sitio puede formar parte de un acuerdo de afiliaci\u00f3n.<\/p>\n<h3>\u00bfPor qu\u00e9 mencionar todo esto?<\/h3>\n<p>La transparencia permite la confianza, y esperamos seguir siendo una fuente de informaci\u00f3n fiable para la comunidad del blackjack y los juegos de casino.  El marketing de afiliaci\u00f3n es realmente una situaci\u00f3n en la que todos ganan:  BlackjackInfo se beneficia de tener un flujo de ingresos; los anunciantes consiguen nuevos clientes a trav\u00e9s de su exposici\u00f3n aqu\u00ed; y ustedes, los visitantes, obtienen el beneficio del desarrollo continuo de informaci\u00f3n y recursos gratuitos.  Es un buen negocio para todos.<\/p>","protected":false},"excerpt":{"rendered":"<p>What is an Affiliate Ad? Many of the advertisements that you see on BlackjackInfo are based on an affiliate partnership we have with the product or brand being advertised.\u00a0 An affiliate ad is one where the publisher is compensated on a commission basis for any products or services that a visitor buys from the advertiser [&hellip;]<\/p>\n","protected":false},"author":2,"featured_media":0,"parent":0,"menu_order":0,"comment_status":"closed","ping_status":"closed","template":"","meta":{"_acf_changed":false,"footnotes":""},"tags":[],"class_list":["post-590","page","type-page","status-publish","hentry"],"acf":[],"yoast_head":"<!-- This site is optimized with the Yoast SEO plugin v26.6 - https:\/\/yoast.com\/wordpress\/plugins\/seo\/ -->\n<title>Affiliate Notice<\/title>\n<meta name=\"description\" content=\"What is an Affiliate Ad? Many of the advertisements that you see on BlackjackInfo are based on an affiliate partnership we have with the product or brand\" \/>\n<meta name=\"robots\" content=\"index, follow, max-snippet:-1, max-image-preview:large, max-video-preview:-1\" \/>\n<link rel=\"canonical\" href=\"https:\/\/www.blackjackinfo.com\/es\/aviso-de-afiliacion\/\" \/>\n<meta property=\"og:locale\" content=\"es_ES\" \/>\n<meta property=\"og:type\" content=\"article\" \/>\n<meta property=\"og:title\" content=\"Affiliate Notice\" \/>\n<meta property=\"og:description\" content=\"What is an Affiliate Ad? Many of the advertisements that you see on BlackjackInfo are based on an affiliate partnership we have with the product or brand\" \/>\n<meta property=\"og:url\" content=\"https:\/\/www.blackjackinfo.com\/es\/aviso-de-afiliacion\/\" \/>\n<meta property=\"og:site_name\" content=\"BlackjackInfo.com\" \/>\n<meta property=\"article:modified_time\" content=\"2018-06-22T07:26:16+00:00\" \/>\n<meta name=\"twitter:label1\" content=\"Tiempo de lectura\" \/>\n\t<meta name=\"twitter:data1\" content=\"2 minutos\" \/>\n<script type=\"application\/ld+json\" class=\"yoast-schema-graph\">{\"@context\":\"https:\/\/schema.org\",\"@graph\":[{\"@type\":\"WebPage\",\"@id\":\"https:\/\/www.blackjackinfo.com\/affiliate-notice\/\",\"url\":\"https:\/\/www.blackjackinfo.com\/affiliate-notice\/\",\"name\":\"Affiliate Notice\",\"isPartOf\":{\"@id\":\"https:\/\/www.blackjackinfo.com\/#website\"},\"datePublished\":\"2014-10-08T18:54:13+00:00\",\"dateModified\":\"2018-06-22T07:26:16+00:00\",\"description\":\"What is an Affiliate Ad? Many of the advertisements that you see on BlackjackInfo are based on an affiliate partnership we have with the product or brand\",\"breadcrumb\":{\"@id\":\"https:\/\/www.blackjackinfo.com\/affiliate-notice\/#breadcrumb\"},\"inLanguage\":\"es\",\"potentialAction\":[{\"@type\":\"ReadAction\",\"target\":[\"https:\/\/www.blackjackinfo.com\/affiliate-notice\/\"]}]},{\"@type\":\"BreadcrumbList\",\"@id\":\"https:\/\/www.blackjackinfo.com\/affiliate-notice\/#breadcrumb\",\"itemListElement\":[{\"@type\":\"ListItem\",\"position\":1,\"name\":\"Home\",\"item\":\"https:\/\/www.blackjackinfo.com\/\"},{\"@type\":\"ListItem\",\"position\":2,\"name\":\"Affiliate Notice\"}]},{\"@type\":\"WebSite\",\"@id\":\"https:\/\/www.blackjackinfo.com\/#website\",\"url\":\"https:\/\/www.blackjackinfo.com\/\",\"name\":\"BlackjackInfo.com\",\"description\":\"Because Winning is More Fun!\",\"potentialAction\":[{\"@type\":\"SearchAction\",\"target\":{\"@type\":\"EntryPoint\",\"urlTemplate\":\"https:\/\/www.blackjackinfo.com\/?s={search_term_string}\"},\"query-input\":{\"@type\":\"PropertyValueSpecification\",\"valueRequired\":true,\"valueName\":\"search_term_string\"}}],\"inLanguage\":\"es\"}]}<\/script>\n<!-- \/ Yoast SEO plugin. -->","yoast_head_json":{"title":"Aviso de afiliaci\u00f3n","description":"\u00bfQu\u00e9 es un anuncio de afiliado? Muchos de los anuncios que ves en BlackjackInfo se basan en una asociaci\u00f3n de afiliados que tenemos con el producto o la marca.","robots":{"index":"index","follow":"follow","max-snippet":"max-snippet:-1","max-image-preview":"max-image-preview:large","max-video-preview":"max-video-preview:-1"},"canonical":"https:\/\/www.blackjackinfo.com\/es\/aviso-de-afiliacion\/","og_locale":"es_ES","og_type":"article","og_title":"Affiliate Notice","og_description":"What is an Affiliate Ad? Many of the advertisements that you see on BlackjackInfo are based on an affiliate partnership we have with the product or brand","og_url":"https:\/\/www.blackjackinfo.com\/es\/aviso-de-afiliacion\/","og_site_name":"BlackjackInfo.com","article_modified_time":"2018-06-22T07:26:16+00:00","twitter_misc":{"Tiempo de lectura":"2 minutos"},"schema":{"@context":"https:\/\/schema.org","@graph":[{"@type":"WebPage","@id":"https:\/\/www.blackjackinfo.com\/affiliate-notice\/","url":"https:\/\/www.blackjackinfo.com\/affiliate-notice\/","name":"Aviso de afiliaci\u00f3n","isPartOf":{"@id":"https:\/\/www.blackjackinfo.com\/#website"},"datePublished":"2014-10-08T18:54:13+00:00","dateModified":"2018-06-22T07:26:16+00:00","description":"\u00bfQu\u00e9 es un anuncio de afiliado? Muchos de los anuncios que ves en BlackjackInfo se basan en una asociaci\u00f3n de afiliados que tenemos con el producto o la marca.","breadcrumb":{"@id":"https:\/\/www.blackjackinfo.com\/affiliate-notice\/#breadcrumb"},"inLanguage":"es","potentialAction":[{"@type":"ReadAction","target":["https:\/\/www.blackjackinfo.com\/affiliate-notice\/"]}]},{"@type":"BreadcrumbList","@id":"https:\/\/www.blackjackinfo.com\/affiliate-notice\/#breadcrumb","itemListElement":[{"@type":"ListItem","position":1,"name":"Home","item":"https:\/\/www.blackjackinfo.com\/"},{"@type":"ListItem","position":2,"name":"Affiliate Notice"}]},{"@type":"WebSite","@id":"https:\/\/www.blackjackinfo.com\/#website","url":"https:\/\/www.blackjackinfo.com\/","name":"BlackjackInfo.com","description":"\u00a1Porque ganar es m\u00e1s divertido!","potentialAction":[{"@type":"SearchAction","target":{"@type":"EntryPoint","urlTemplate":"https:\/\/www.blackjackinfo.com\/?s={search_term_string}"},"query-input":{"@type":"PropertyValueSpecification","valueRequired":true,"valueName":"search_term_string"}}],"inLanguage":"es"}]}},"_links":{"self":[{"href":"https:\/\/www.blackjackinfo.com\/es\/wp-json\/wp\/v2\/pages\/590","targetHints":{"allow":["GET"]}}],"collection":[{"href":"https:\/\/www.blackjackinfo.com\/es\/wp-json\/wp\/v2\/pages"}],"about":[{"href":"https:\/\/www.blackjackinfo.com\/es\/wp-json\/wp\/v2\/types\/page"}],"author":[{"embeddable":true,"href":"https:\/\/www.blackjackinfo.com\/es\/wp-json\/wp\/v2\/users\/2"}],"replies":[{"embeddable":true,"href":"https:\/\/www.blackjackinfo.com\/es\/wp-json\/wp\/v2\/comments?post=590"}],"version-history":[{"count":4,"href":"https:\/\/www.blackjackinfo.com\/es\/wp-json\/wp\/v2\/pages\/590\/revisions"}],"predecessor-version":[{"id":594,"href":"https:\/\/www.blackjackinfo.com\/es\/wp-json\/wp\/v2\/pages\/590\/revisions\/594"}],"wp:attachment":[{"href":"https:\/\/www.blackjackinfo.com\/es\/wp-json\/wp\/v2\/media?parent=590"}],"wp:term":[{"taxonomy":"post_tag","embeddable":true,"href":"https:\/\/www.blackjackinfo.com\/es\/wp-json\/wp\/v2\/tags?post=590"}],"curies":[{"name":"wp","href":"https:\/\/api.w.org\/{rel}","templated":true}]}}