{"id":5916,"date":"2023-01-22T17:58:52","date_gmt":"2023-01-22T23:58:52","guid":{"rendered":"http:\/\/www.blackjackinfo.com\/?page_id=5916"},"modified":"2023-01-22T17:58:52","modified_gmt":"2023-01-22T23:58:52","slug":"es-legal-el-blackjack-online-en-suecia","status":"publish","type":"page","link":"https:\/\/www.blackjackinfo.com\/es\/is-online-blackjack-legal-in-sweden\/","title":{"rendered":"\u00bfEs legal el blackjack en l\u00ednea en Suecia?"},"content":{"rendered":"<p>El blackjack online es totalmente legal y est\u00e1 regulado en Suecia. La Ley del Juego de 2018 del pa\u00eds proporcion\u00f3 el marco legal para el juego comercial en l\u00ednea y en tierra, as\u00ed como loter\u00edas, bingo, apuestas deportivas y otras formas de apuestas. El mercado del pa\u00eds creci\u00f3 hasta los 26.000 millones de coronas suecas en 2021, y m\u00e1s de 56% de todos los suecos declararon haber apostado al menos una vez en el \u00faltimo a\u00f1o.<\/p>\n<p>Las leyes suecas sobre el juego se consideran bastante estrictas, incluso m\u00e1s que sus hom\u00f3logas de otros pa\u00edses escandinavos. Los reguladores justifican la ley haciendo hincapi\u00e9 en la seguridad del jugador y la prevenci\u00f3n de la adicci\u00f3n al juego.<\/p>\n<h2>Los mejores sitios de Blackjack en l\u00ednea para Suecia<\/h2>\n\n<div class=\"row\">\n\t\t<div class=\"col-md-12\">\n\t\t\t<div class=\"table-responsive-lg\">\n\t\t\t\t<table cellspacing=\"0\" class=\"casino-table\">\n\t\t\t\t\t<thead>\n\t\t\t\t\t\t<tr class=\"text-secondary hidden-xs\" style=\"height: 54px;\">\n\t\t\t\t\t\t\t<th><span class=\"flag-icon flag-icon-\"><\/th>\n\t\t\t\t\t\t\t<th class=\"text-center\" scope=\"col\">CASINO<\/th>\n\t\t\t\t\t\t\t<th class=\"text-center\" scope=\"col\">CALIFICACI\u00d3N<\/th>\n                            <th scope=\"col\" class=\"text-center\">BONO<\/th>\n                            <th scope=\"col\" class=\"text-center\">JUGAR<\/th><\/tr>\n\t\t\t\t\t<\/thead>\n\t\t\t\t\t<tbody>\n                <tr>\n                    <td><span class=\"ranking-number\">1<\/span><\/td>\n                    <td class=\"casino-logo\"><a rel=\"nofollow\" target=\"_blank\" href=\"https:\/\/www.blackjackinfo.com\/es\/goto\/bovada-homepage\/\"><img decoding=\"async\" class=\"mx-auto\" src=\"https:\/\/www.blackjackinfo.com\/files\/bovada.png\" data-no-auto-translation=\"\"><\/a>\n                    <span class=\"casino-name\"><a href=\"https:\/\/www.blackjackinfo.com\/es\/casino\/bovada\/\">Bovada<\/a><\/span>\n                    <\/td>\n                    <td class=\"star-rating\">\n                    <i class=\"fa fa-star\" aria-hidden=\"true\"><\/i><i class=\"fa fa-star\" aria-hidden=\"true\"><\/i><i class=\"fa fa-star\" aria-hidden=\"true\"><\/i><i class=\"fa fa-star\" aria-hidden=\"true\"><\/i><i class=\"fa fa-star-half-o\" aria-hidden=\"true\"><\/i><\/td>\n                    <td class=\"bonus-details\">\n                        <div class=\"bonus-text\">100% hasta $1.000<\/div> <span class=\"bonus-text-type\">Bono de inscripci\u00f3n<\/span><\/td>\n                    <td class=\"play text-center\">\n                        <a rel=\"nofollow\" target=\"_blank\" class=\"btn btn-lg btn-success\" href=\"https:\/\/www.blackjackinfo.com\/es\/goto\/bovada-homepage\/\">Jugar ahora<\/a>\n                        \n\t\t\t\t\t\t\t\t\t\t\t\t\t\t\t\t\t\t\t\t<\/td>\n\t\t\t\t\t\t\t\t\t\t\t\t\t\t\t\t\t\t\t<\/tr>\n                <tr>\n                    <td><span class=\"ranking-number\">2<\/span><\/td>\n                    <td class=\"casino-logo\"><a rel=\"nofollow\" target=\"_blank\" href=\"https:\/\/www.blackjackinfo.com\/es\/goto\/ignition-casino-live-dealer\/\"><img decoding=\"async\" class=\"mx-auto\" src=\"https:\/\/www.blackjackinfo.com\/files\/ignition-casino-logo.png\" data-no-auto-translation=\"\"><\/a>\n                    <span class=\"casino-name\"><a href=\"https:\/\/www.blackjackinfo.com\/es\/casino\/ignition-casino\/\">Casino Ignition<\/a><\/span>\n                    <\/td>\n                    <td class=\"star-rating\">\n                    <i class=\"fa fa-star\" aria-hidden=\"true\"><\/i><i class=\"fa fa-star\" aria-hidden=\"true\"><\/i><i class=\"fa fa-star\" aria-hidden=\"true\"><\/i><i class=\"fa fa-star\" aria-hidden=\"true\"><\/i><i class=\"fa fa-star-half-o\" aria-hidden=\"true\"><\/i><\/td>\n                    <td class=\"bonus-details\">\n                        <div class=\"bonus-text\">100% hasta $1.000<\/div> <span class=\"bonus-text-type\">Bono de inscripci\u00f3n<\/span><\/td>\n                    <td class=\"play text-center\">\n                        <a rel=\"nofollow\" target=\"_blank\" class=\"btn btn-lg btn-success\" href=\"https:\/\/www.blackjackinfo.com\/es\/goto\/ignition-casino-live-dealer\/\">Jugar ahora<\/a>\n                        \n\t\t\t\t\t\t\t\t\t\t\t\t\t\t\t\t\t\t\t\t<\/td>\n\t\t\t\t\t\t\t\t\t\t\t\t\t\t\t\t\t\t\t<\/tr>\n                <tr>\n                    <td><span class=\"ranking-number\">3<\/span><\/td>\n                    <td class=\"casino-logo\"><a rel=\"nofollow\" target=\"_blank\" href=\"https:\/\/www.blackjackinfo.com\/es\/goto\/vipslots-homepage\/\"><img decoding=\"async\" class=\"mx-auto\" src=\"https:\/\/www.blackjackinfo.com\/files\/VipSlots-500x250_dark.svg\" data-no-auto-translation=\"\"><\/a>\n                    <span class=\"casino-name\"><a href=\"https:\/\/www.blackjackinfo.com\/es\/casino\/vipslots-casino\/\">Casino VipSlots<\/a><\/span>\n                    <\/td>\n                    <td class=\"star-rating\">\n                    <i class=\"fa fa-star\" aria-hidden=\"true\"><\/i><i class=\"fa fa-star\" aria-hidden=\"true\"><\/i><i class=\"fa fa-star\" aria-hidden=\"true\"><\/i><i class=\"fa fa-star\" aria-hidden=\"true\"><\/i><i class=\"fa fa-star-half-o\" aria-hidden=\"true\"><\/i><\/td>\n                    <td class=\"bonus-details\">\n                        <div class=\"bonus-text\">100 GIROS GRATIS en Secret Life of Cats<\/div> <span class=\"bonus-text-type\">Bonificaci\u00f3n sin dep\u00f3sito<\/span><\/td>\n                    <td class=\"play text-center\">\n                        <a rel=\"nofollow\" target=\"_blank\" class=\"btn btn-lg btn-success\" href=\"https:\/\/www.blackjackinfo.com\/es\/goto\/vipslots-homepage\/\">Jugar ahora<\/a>\n                        \n\t\t\t\t\t\t\t\t\t\t\t\t\t\t\t\t\t\t\t\t<\/td>\n\t\t\t\t\t\t\t\t\t\t\t\t\t\t\t\t\t\t\t<\/tr>\n                <tr>\n                    <td><span class=\"ranking-number\">4<\/span><\/td>\n                    <td class=\"casino-logo\"><a rel=\"nofollow\" target=\"_blank\" href=\"https:\/\/www.blackjackinfo.com\/es\/goto\/vegas-casino-online-default\/\"><img decoding=\"async\" class=\"mx-auto\" src=\"https:\/\/www.blackjackinfo.com\/files\/vegas_casino_online.png\" data-no-auto-translation=\"\"><\/a>\n                    <span class=\"casino-name\"><a href=\"https:\/\/www.blackjackinfo.com\/es\/casino\/vegas-casino-online-2\/\">Vegas Casino Online<\/a><\/span>\n                    <\/td>\n                    <td class=\"star-rating\">\n                    <i class=\"fa fa-star\" aria-hidden=\"true\"><\/i><i class=\"fa fa-star\" aria-hidden=\"true\"><\/i><i class=\"fa fa-star\" aria-hidden=\"true\"><\/i><i class=\"fa fa-star\" aria-hidden=\"true\"><\/i><i class=\"fa fa-star-half-o\" aria-hidden=\"true\"><\/i><\/td>\n                    <td class=\"bonus-details\">\n                        <div class=\"bonus-text\">300% hasta $3.000<\/div> <span class=\"bonus-text-type\">Bono de inscripci\u00f3n<\/span><\/td>\n                    <td class=\"play text-center\">\n                        <a rel=\"nofollow\" target=\"_blank\" class=\"btn btn-lg btn-success\" href=\"https:\/\/www.blackjackinfo.com\/es\/goto\/vegas-casino-online-default\/\">Jugar ahora<\/a>\n                        \n\t\t\t\t\t\t\t\t\t\t\t\t\t\t\t\t\t\t\t\t<\/td>\n\t\t\t\t\t\t\t\t\t\t\t\t\t\t\t\t\t\t\t<\/tr>\n                <tr>\n                    <td><span class=\"ranking-number\">5<\/span><\/td>\n                    <td class=\"casino-logo\"><a rel=\"nofollow\" target=\"_blank\" href=\"https:\/\/www.blackjackinfo.com\/es\/goto\/cafe-casino\/\"><img decoding=\"async\" class=\"mx-auto\" src=\"https:\/\/www.blackjackinfo.com\/files\/cafe-casino-logo.svg\" data-no-auto-translation=\"\"><\/a>\n                    <span class=\"casino-name\"><a href=\"https:\/\/www.blackjackinfo.com\/es\/casino\/cafe-casino\/\">Caf\u00e9 Casino<\/a><\/span>\n                    <\/td>\n                    <td class=\"star-rating\">\n                    <i class=\"fa fa-star\" aria-hidden=\"true\"><\/i><i class=\"fa fa-star\" aria-hidden=\"true\"><\/i><i class=\"fa fa-star\" aria-hidden=\"true\"><\/i><i class=\"fa fa-star\" aria-hidden=\"true\"><\/i><i class=\"fa fa-star-half-o\" aria-hidden=\"true\"><\/i><\/td>\n                    <td class=\"bonus-details\">\n                        <div class=\"bonus-text\">250% hasta $1.500<\/div> <span class=\"bonus-text-type\">Bono de inscripci\u00f3n<\/span><\/td>\n                    <td class=\"play text-center\">\n                        <a rel=\"nofollow\" target=\"_blank\" class=\"btn btn-lg btn-success\" href=\"https:\/\/www.blackjackinfo.com\/es\/goto\/cafe-casino\/\">Jugar ahora<\/a>\n                        \n\t\t\t\t\t\t\t\t\t\t\t\t\t\t\t\t\t\t\t\t<\/td>\n\t\t\t\t\t\t\t\t\t\t\t\t\t\t\t\t\t\t\t<\/tr><\/tbody>\n\t\t<\/table>\n\t<\/div>\n<\/div>\n<\/div>\n\n<h2>Leyes sobre el juego en Suecia<\/h2>\n<p>Hasta 2019, el mercado del juego en Suecia estaba dominado por empresas estatales como Svenska Spel, que ten\u00eda efectivamente el monopolio del juego. Entonces, el Riksdag vot\u00f3 a favor de aprobar la nueva <a href=\"https:\/\/www.spelinspektionen.se\/globalassets\/dokument\/engelsk\/oversatt-spellagen\/english-spellagen-sfs-201_1138.pdf\">Ley del juego<\/a> en mayo de 2018, que entr\u00f3 en vigor el 1 de enero de 2019.<\/p>\n<p>La medida no s\u00f3lo trajo el blackjack legal en l\u00ednea, sino tambi\u00e9n toneladas de otros juegos de casino en l\u00ednea, apuestas deportivas y todas las dem\u00e1s formas de juego, tanto en el reino de las apuestas en l\u00ednea como fuera de l\u00ednea.<\/p>\n<p>Lotteriinspektionen, la agencia anteriormente encargada de regular el mercado, pas\u00f3 a llamarse Spelinspektionen para reflejar su nuevo mandato relacionado con todos los verticales del juego. La agencia ha concedido licencias a m\u00e1s de 100 casinos online en los que se puede encontrar blackjack online en todas sus formas, tanto RNG como con crupier en vivo. Los operadores con licencia pagan un impuesto de 18% sobre los beneficios del juego, mientras que el juego con fines no lucrativos est\u00e1 exento de este impuesto.<\/p>\n<p>Recientemente, el Parlamento sueco aprob\u00f3 una ley que introduce en el mercado nuevas licencias para proveedores de juegos de azar en l\u00ednea. En diciembre de 2022, Spelinspektionen public\u00f3 informaci\u00f3n sobre el r\u00e9gimen de licencias B2B para proveedores de juego. Se espera que el proceso de solicitud comience el 1 de marzo de 2023.<\/p>\n<p>Spelinspektionen expedir\u00e1 hasta 70 licencias de proveedores de casinos para eliminar el juego y el software sin licencia y garantizar una mayor seguridad e imparcialidad de los juegos. Podemos esperar que los grandes nombres del negocio, como Evolution y su Live Blackjack, Infinite Blackjack y otros t\u00edtulos de \u00e9xito, est\u00e9n entre los primeros en recibir la luz verde del regulador sueco.<\/p>\n<p>Por \u00faltimo, la edad legal para jugar en Suecia es de 18 a\u00f1os, y los operadores deben cumplir las pol\u00edticas de \"Conozca a su cliente\" y verificar la edad de los jugadores y otros datos personales.<\/p>\n<h2>Bonos de Blackjack Online en Suecia<\/h2>\n<p>Los casinos online de Suecia ofrecen promociones de bonos que los jugadores pueden utilizar en el blackjack online. Sin embargo, el r\u00e9gimen de bonos es incre\u00edblemente limitante. En concreto, el gobierno sueco aprob\u00f3 varias restricciones en 2020, durante la pandemia mundial, como la bonificaci\u00f3n m\u00e1xima que pueden ofrecer los operadores con licencia. Los usuarios s\u00f3lo pod\u00edan esperar recibir bonificaciones de hasta 100 coronas suecas. S\u00f3lo se permit\u00edan las ofertas de bonificaci\u00f3n \u00fanicas para nuevos jugadores, lo que dejaba a los jugadores habituales sin ning\u00fan incentivo.<\/p>\n<p>Dentro del mismo conjunto de normas, tambi\u00e9n se introdujo un l\u00edmite de dep\u00f3sito mensual de 5.000 coronas suecas. Adem\u00e1s, los jugadores deben establecer l\u00edmites de tiempo para jugar a juegos de casino online, incluido el blackjack online.<\/p>\n<p>Lamentablemente, a pesar de la fuerte oposici\u00f3n de los operadores, esas restricciones siguen en pie. Se espera una nueva revisi\u00f3n de las condiciones de las primas durante la pr\u00f3xima temporada legislativa.<\/p>\n<h2>Casinos en l\u00ednea offshore en Suecia<\/h2>\n<p>Seg\u00fan la legislaci\u00f3n, todos los operadores de casinos que tengan versiones de sitios en Suecia, acepten pagos en coronas suecas o permitan a los suecos registrarse en l\u00ednea y jugar est\u00e1n participando de hecho en el mercado del juego del pa\u00eds y deben, por tanto, obtener una licencia de Spelinspektionen.<\/p>\n<p>Los casinos offshore no est\u00e1n autorizados a operar en Suecia, y Spelinspektionen incluso ha prohibido varios de estos sitios. Sin embargo, eso no significa que los sitios hayan sido cerrados, ya que tienen licencia en otro pa\u00eds, por lo que las autoridades reguladoras suecas no tienen jurisdicci\u00f3n. En cambio, se espera que los sitios acaten la decisi\u00f3n de Spelinspektionen y se abstengan de ofrecer servicios a los suecos.<\/p>\n<p>La mayor\u00eda de estos sitios siguen aceptando a jugadores suecos que siguen jugando en ellos. Hay varias razones detr\u00e1s de esto, incluyendo mejores ofertas de bonos, una mayor variedad de juegos, incluyendo blackjack en l\u00ednea, y la posibilidad de utilizar criptomonedas para financiar sus aventuras de juego, algo que est\u00e1 fuera de los l\u00edmites cuando se juega en los sitios autorizados por las autoridades locales.<\/p>\n<p>En \u00faltima instancia, nunca se ha procesado a nadie por jugar en casinos en l\u00ednea extraterritoriales.<\/p>\n<h2>El futuro del blackjack en l\u00ednea en Suecia<\/h2>\n<p>El blackjack online sigue siendo uno de los juegos m\u00e1s jugados en los casinos online suecos, y eso no deber\u00eda cambiar en un futuro pr\u00f3ximo. De hecho, con las intenciones del regulador estatal de emitir licencias de proveedores de casinos B2B en 2023, podemos afirmar con seguridad que la oferta de juegos de blackjack mejorar\u00e1 dr\u00e1sticamente.<\/p>\n<p>Evolution, Ezugi y otros proveedores de juegos con crupier en vivo seguramente aprovechar\u00e1n las nuevas normativas y entrar\u00e1n en el mercado con sus juegos de blackjack.<\/p>\n<h2>Conclusi\u00f3n<\/h2>\n<p>Jugar al blackjack online en casinos online suecos certificados es perfectamente legal. Sin embargo, jugar en estos casinos conlleva l\u00edmites de dep\u00f3sito semanales impuestos por el gobierno, ofertas de bonos de una sola vez por valor de s\u00f3lo 100 coronas suecas y l\u00edmites de tiempo de juego obligatorios autoimpuestos. Aqu\u00ed es donde entran en juego los casinos en l\u00ednea extraterritoriales. Aunque jugar en sitios extraterritoriales no es t\u00e9cnicamente legal, sigue siendo una opci\u00f3n viable. Los sitios que aceptan jugadores suecos tambi\u00e9n est\u00e1n autorizados en jurisdicciones acreditadas y ofrecen mejores bonos, un mayor surtido de juegos y muchas otras caracter\u00edsticas que les dan una ligera ventaja sobre los competidores locales.<\/p>\n<h2>PREGUNTAS FRECUENTES<\/h2>\n<h3>\u00bfEs legal el blackjack online en Suecia?<\/h3>\n<p>S\u00ed, los juegos de blackjack online son legales en Suecia si juegas en sitios de casino regulados por el estado.<\/p>\n<h3>\u00bfCu\u00e1l es la edad m\u00ednima para jugar en Suecia?<\/h3>\n<p>La edad m\u00ednima para jugar en Suecia es de 18 a\u00f1os. Este requisito de edad se aplica a todas las modalidades de juego disponibles en el pa\u00eds.<\/p>\n<h3>\u00bfCu\u00e1les son los l\u00edmites de juego del blackjack?<\/h3>\n<p>No existe un l\u00edmite de juego espec\u00edfico para los juegos de blackjack. Sin embargo, hay un l\u00edmite de dep\u00f3sito semanal de 5.000 coronas suecas y un l\u00edmite m\u00e1ximo de bonificaci\u00f3n de 100 coronas suecas.<\/p>\n<h3>\u00bfPuedo jugar al blackjack online en casinos offshore?<\/h3>\n<p>S\u00ed, puede registrarse en casinos offshore de Suecia y jugar al blackjack all\u00ed. Tenga en cuenta que estos sitios no est\u00e1n regulados por Spelinspektionen y, como tales, no tienen por qu\u00e9 acatar las normas y limitaciones locales.<\/p>","protected":false},"excerpt":{"rendered":"<p>Online blackjack is entirely legal and regulated in Sweden. The country\u2019s 2018 Gambling Act provided the legal framework for online and land-based commercial gambling, as well as lotteries, bingo, sports betting, and other forms of wagering. The country\u2019s market grew to SEK 26 billion in 2021, with over 56% of all Swedes reporting gambling at [&hellip;]<\/p>\n","protected":false},"author":4,"featured_media":0,"parent":0,"menu_order":0,"comment_status":"closed","ping_status":"closed","template":"","meta":{"_acf_changed":false,"footnotes":""},"tags":[],"class_list":["post-5916","page","type-page","status-publish","hentry"],"acf":[],"yoast_head":"<!-- This site is optimized with the Yoast SEO plugin v26.6 - https:\/\/yoast.com\/wordpress\/plugins\/seo\/ -->\n<title>Is Online Blackjack Legal in Sweden?<\/title>\n<meta name=\"description\" content=\"Online blackjack is entirely legal and regulated in Sweden. The country\u2019s 2018 Gambling Act provided the legal framework for online and land-based\" \/>\n<meta name=\"robots\" content=\"index, follow, max-snippet:-1, max-image-preview:large, max-video-preview:-1\" \/>\n<link rel=\"canonical\" href=\"https:\/\/www.blackjackinfo.com\/es\/es-legal-el-blackjack-online-en-suecia\/\" \/>\n<meta property=\"og:locale\" content=\"es_ES\" \/>\n<meta property=\"og:type\" content=\"article\" \/>\n<meta property=\"og:title\" content=\"Is Online Blackjack Legal in Sweden?\" \/>\n<meta property=\"og:description\" content=\"Online blackjack is entirely legal and regulated in Sweden. The country\u2019s 2018 Gambling Act provided the legal framework for online and land-based\" \/>\n<meta property=\"og:url\" content=\"https:\/\/www.blackjackinfo.com\/es\/es-legal-el-blackjack-online-en-suecia\/\" \/>\n<meta property=\"og:site_name\" content=\"BlackjackInfo.com\" \/>\n<meta name=\"twitter:label1\" content=\"Tiempo de lectura\" \/>\n\t<meta name=\"twitter:data1\" content=\"5 minutos\" \/>\n<script type=\"application\/ld+json\" class=\"yoast-schema-graph\">{\"@context\":\"https:\/\/schema.org\",\"@graph\":[{\"@type\":\"WebPage\",\"@id\":\"https:\/\/www.blackjackinfo.com\/is-online-blackjack-legal-in-sweden\/\",\"url\":\"https:\/\/www.blackjackinfo.com\/is-online-blackjack-legal-in-sweden\/\",\"name\":\"Is Online Blackjack Legal in Sweden?\",\"isPartOf\":{\"@id\":\"https:\/\/www.blackjackinfo.com\/#website\"},\"datePublished\":\"2023-01-22T23:58:52+00:00\",\"description\":\"Online blackjack is entirely legal and regulated in Sweden. The country\u2019s 2018 Gambling Act provided the legal framework for online and land-based\",\"breadcrumb\":{\"@id\":\"https:\/\/www.blackjackinfo.com\/is-online-blackjack-legal-in-sweden\/#breadcrumb\"},\"inLanguage\":\"es\",\"potentialAction\":[{\"@type\":\"ReadAction\",\"target\":[\"https:\/\/www.blackjackinfo.com\/is-online-blackjack-legal-in-sweden\/\"]}]},{\"@type\":\"BreadcrumbList\",\"@id\":\"https:\/\/www.blackjackinfo.com\/is-online-blackjack-legal-in-sweden\/#breadcrumb\",\"itemListElement\":[{\"@type\":\"ListItem\",\"position\":1,\"name\":\"Home\",\"item\":\"https:\/\/www.blackjackinfo.com\/\"},{\"@type\":\"ListItem\",\"position\":2,\"name\":\"Is Online Blackjack Legal in Sweden?\"}]},{\"@type\":\"WebSite\",\"@id\":\"https:\/\/www.blackjackinfo.com\/#website\",\"url\":\"https:\/\/www.blackjackinfo.com\/\",\"name\":\"BlackjackInfo.com\",\"description\":\"Because Winning is More Fun!\",\"potentialAction\":[{\"@type\":\"SearchAction\",\"target\":{\"@type\":\"EntryPoint\",\"urlTemplate\":\"https:\/\/www.blackjackinfo.com\/?s={search_term_string}\"},\"query-input\":{\"@type\":\"PropertyValueSpecification\",\"valueRequired\":true,\"valueName\":\"search_term_string\"}}],\"inLanguage\":\"es\"}]}<\/script>\n<!-- \/ Yoast SEO plugin. -->","yoast_head_json":{"title":"\u00bfEs legal el blackjack en l\u00ednea en Suecia?","description":"El blackjack online es totalmente legal y est\u00e1 regulado en Suecia. La Ley del Juego de 2018 del pa\u00eds proporcion\u00f3 el marco legal para el blackjack online y terrestre","robots":{"index":"index","follow":"follow","max-snippet":"max-snippet:-1","max-image-preview":"max-image-preview:large","max-video-preview":"max-video-preview:-1"},"canonical":"https:\/\/www.blackjackinfo.com\/es\/es-legal-el-blackjack-online-en-suecia\/","og_locale":"es_ES","og_type":"article","og_title":"Is Online Blackjack Legal in Sweden?","og_description":"Online blackjack is entirely legal and regulated in Sweden. The country\u2019s 2018 Gambling Act provided the legal framework for online and land-based","og_url":"https:\/\/www.blackjackinfo.com\/es\/es-legal-el-blackjack-online-en-suecia\/","og_site_name":"BlackjackInfo.com","twitter_misc":{"Tiempo de lectura":"5 minutos"},"schema":{"@context":"https:\/\/schema.org","@graph":[{"@type":"WebPage","@id":"https:\/\/www.blackjackinfo.com\/is-online-blackjack-legal-in-sweden\/","url":"https:\/\/www.blackjackinfo.com\/is-online-blackjack-legal-in-sweden\/","name":"\u00bfEs legal el blackjack en l\u00ednea en Suecia?","isPartOf":{"@id":"https:\/\/www.blackjackinfo.com\/#website"},"datePublished":"2023-01-22T23:58:52+00:00","description":"El blackjack online es totalmente legal y est\u00e1 regulado en Suecia. La Ley del Juego de 2018 del pa\u00eds proporcion\u00f3 el marco legal para el blackjack online y terrestre","breadcrumb":{"@id":"https:\/\/www.blackjackinfo.com\/is-online-blackjack-legal-in-sweden\/#breadcrumb"},"inLanguage":"es","potentialAction":[{"@type":"ReadAction","target":["https:\/\/www.blackjackinfo.com\/is-online-blackjack-legal-in-sweden\/"]}]},{"@type":"BreadcrumbList","@id":"https:\/\/www.blackjackinfo.com\/is-online-blackjack-legal-in-sweden\/#breadcrumb","itemListElement":[{"@type":"ListItem","position":1,"name":"Home","item":"https:\/\/www.blackjackinfo.com\/"},{"@type":"ListItem","position":2,"name":"Is Online Blackjack Legal in Sweden?"}]},{"@type":"WebSite","@id":"https:\/\/www.blackjackinfo.com\/#website","url":"https:\/\/www.blackjackinfo.com\/","name":"BlackjackInfo.com","description":"\u00a1Porque ganar es m\u00e1s divertido!","potentialAction":[{"@type":"SearchAction","target":{"@type":"EntryPoint","urlTemplate":"https:\/\/www.blackjackinfo.com\/?s={search_term_string}"},"query-input":{"@type":"PropertyValueSpecification","valueRequired":true,"valueName":"search_term_string"}}],"inLanguage":"es"}]}},"_links":{"self":[{"href":"https:\/\/www.blackjackinfo.com\/es\/wp-json\/wp\/v2\/pages\/5916","targetHints":{"allow":["GET"]}}],"collection":[{"href":"https:\/\/www.blackjackinfo.com\/es\/wp-json\/wp\/v2\/pages"}],"about":[{"href":"https:\/\/www.blackjackinfo.com\/es\/wp-json\/wp\/v2\/types\/page"}],"author":[{"embeddable":true,"href":"https:\/\/www.blackjackinfo.com\/es\/wp-json\/wp\/v2\/users\/4"}],"replies":[{"embeddable":true,"href":"https:\/\/www.blackjackinfo.com\/es\/wp-json\/wp\/v2\/comments?post=5916"}],"version-history":[{"count":1,"href":"https:\/\/www.blackjackinfo.com\/es\/wp-json\/wp\/v2\/pages\/5916\/revisions"}],"predecessor-version":[{"id":5917,"href":"https:\/\/www.blackjackinfo.com\/es\/wp-json\/wp\/v2\/pages\/5916\/revisions\/5917"}],"wp:attachment":[{"href":"https:\/\/www.blackjackinfo.com\/es\/wp-json\/wp\/v2\/media?parent=5916"}],"wp:term":[{"taxonomy":"post_tag","embeddable":true,"href":"https:\/\/www.blackjackinfo.com\/es\/wp-json\/wp\/v2\/tags?post=5916"}],"curies":[{"name":"wp","href":"https:\/\/api.w.org\/{rel}","templated":true}]}}