{"id":5919,"date":"2023-01-22T18:01:39","date_gmt":"2023-01-23T00:01:39","guid":{"rendered":"http:\/\/www.blackjackinfo.com\/?page_id=5919"},"modified":"2023-01-22T18:01:39","modified_gmt":"2023-01-23T00:01:39","slug":"es-legal-el-blackjack-online-en-india","status":"publish","type":"page","link":"https:\/\/www.blackjackinfo.com\/es\/is-online-blackjack-legal-in-india\/","title":{"rendered":"\u00bfEs legal el Blackjack en l\u00ednea en la India?"},"content":{"rendered":"<p>A diferencia de otros pa\u00edses, la normativa del juego en la India var\u00eda seg\u00fan el estado. Los estados indios tienen derecho a formular sus propias leyes sobre el juego, y lo que es legal en uno puede estar restringido en otro. Por ejemplo, s\u00f3lo tres de los 29 estados permiten el juego (Goa, Sikkim y Daman), y es aqu\u00ed donde se encuentran todos los casinos f\u00edsicos. Por otro lado, India permite el juego online en todo el pa\u00eds; sin embargo, no est\u00e1 regulado en la mayor\u00eda de los estados.<\/p>\n<p>\u00bfSignifica esto que los jugadores indios tienen muchas oportunidades de jugar al blackjack online y en persona? Este art\u00edculo examinar\u00e1 la legalidad del blackjack online en la India y las leyes indias sobre el juego en general.<\/p>\n<h2>Los mejores sitios de Blackjack en l\u00ednea para la India<\/h2>\n\n<div class=\"row\">\n\t\t<div class=\"col-md-12\">\n\t\t\t<div class=\"table-responsive-lg\">\n\t\t\t\t<table cellspacing=\"0\" class=\"casino-table\">\n\t\t\t\t\t<thead>\n\t\t\t\t\t\t<tr class=\"text-secondary hidden-xs\" style=\"height: 54px;\">\n\t\t\t\t\t\t\t<th><span class=\"flag-icon flag-icon-\"><\/th>\n\t\t\t\t\t\t\t<th class=\"text-center\" scope=\"col\">CASINO<\/th>\n\t\t\t\t\t\t\t<th class=\"text-center\" scope=\"col\">CALIFICACI\u00d3N<\/th>\n                            <th scope=\"col\" class=\"text-center\">BONO<\/th>\n                            <th scope=\"col\" class=\"text-center\">JUGAR<\/th><\/tr>\n\t\t\t\t\t<\/thead>\n\t\t\t\t\t<tbody>\n                <tr>\n                    <td><span class=\"ranking-number\">1<\/span><\/td>\n                    <td class=\"casino-logo\"><a rel=\"nofollow\" target=\"_blank\" href=\"https:\/\/www.blackjackinfo.com\/es\/goto\/bovada-homepage\/\"><img decoding=\"async\" class=\"mx-auto\" src=\"https:\/\/www.blackjackinfo.com\/files\/bovada.png\" data-no-auto-translation=\"\"><\/a>\n                    <span class=\"casino-name\"><a href=\"https:\/\/www.blackjackinfo.com\/es\/casino\/bovada\/\">Bovada<\/a><\/span>\n                    <\/td>\n                    <td class=\"star-rating\">\n                    <i class=\"fa fa-star\" aria-hidden=\"true\"><\/i><i class=\"fa fa-star\" aria-hidden=\"true\"><\/i><i class=\"fa fa-star\" aria-hidden=\"true\"><\/i><i class=\"fa fa-star\" aria-hidden=\"true\"><\/i><i class=\"fa fa-star-half-o\" aria-hidden=\"true\"><\/i><\/td>\n                    <td class=\"bonus-details\">\n                        <div class=\"bonus-text\">100% hasta $1.000<\/div> <span class=\"bonus-text-type\">Bono de inscripci\u00f3n<\/span><\/td>\n                    <td class=\"play text-center\">\n                        <a rel=\"nofollow\" target=\"_blank\" class=\"btn btn-lg btn-success\" href=\"https:\/\/www.blackjackinfo.com\/es\/goto\/bovada-homepage\/\">Jugar ahora<\/a>\n                        \n\t\t\t\t\t\t\t\t\t\t\t\t\t\t\t\t\t\t\t\t<\/td>\n\t\t\t\t\t\t\t\t\t\t\t\t\t\t\t\t\t\t\t<\/tr>\n                <tr>\n                    <td><span class=\"ranking-number\">2<\/span><\/td>\n                    <td class=\"casino-logo\"><a rel=\"nofollow\" target=\"_blank\" href=\"https:\/\/www.blackjackinfo.com\/es\/goto\/ignition-casino-live-dealer\/\"><img decoding=\"async\" class=\"mx-auto\" src=\"https:\/\/www.blackjackinfo.com\/files\/ignition-casino-logo.png\" data-no-auto-translation=\"\"><\/a>\n                    <span class=\"casino-name\"><a href=\"https:\/\/www.blackjackinfo.com\/es\/casino\/ignition-casino\/\">Casino Ignition<\/a><\/span>\n                    <\/td>\n                    <td class=\"star-rating\">\n                    <i class=\"fa fa-star\" aria-hidden=\"true\"><\/i><i class=\"fa fa-star\" aria-hidden=\"true\"><\/i><i class=\"fa fa-star\" aria-hidden=\"true\"><\/i><i class=\"fa fa-star\" aria-hidden=\"true\"><\/i><i class=\"fa fa-star-half-o\" aria-hidden=\"true\"><\/i><\/td>\n                    <td class=\"bonus-details\">\n                        <div class=\"bonus-text\">100% hasta $1.000<\/div> <span class=\"bonus-text-type\">Bono de inscripci\u00f3n<\/span><\/td>\n                    <td class=\"play text-center\">\n                        <a rel=\"nofollow\" target=\"_blank\" class=\"btn btn-lg btn-success\" href=\"https:\/\/www.blackjackinfo.com\/es\/goto\/ignition-casino-live-dealer\/\">Jugar ahora<\/a>\n                        \n\t\t\t\t\t\t\t\t\t\t\t\t\t\t\t\t\t\t\t\t<\/td>\n\t\t\t\t\t\t\t\t\t\t\t\t\t\t\t\t\t\t\t<\/tr>\n                <tr>\n                    <td><span class=\"ranking-number\">3<\/span><\/td>\n                    <td class=\"casino-logo\"><a rel=\"nofollow\" target=\"_blank\" href=\"https:\/\/www.blackjackinfo.com\/es\/goto\/vipslots-homepage\/\"><img decoding=\"async\" class=\"mx-auto\" src=\"https:\/\/www.blackjackinfo.com\/files\/VipSlots-500x250_dark.svg\" data-no-auto-translation=\"\"><\/a>\n                    <span class=\"casino-name\"><a href=\"https:\/\/www.blackjackinfo.com\/es\/casino\/vipslots-casino\/\">Casino VipSlots<\/a><\/span>\n                    <\/td>\n                    <td class=\"star-rating\">\n                    <i class=\"fa fa-star\" aria-hidden=\"true\"><\/i><i class=\"fa fa-star\" aria-hidden=\"true\"><\/i><i class=\"fa fa-star\" aria-hidden=\"true\"><\/i><i class=\"fa fa-star\" aria-hidden=\"true\"><\/i><i class=\"fa fa-star-half-o\" aria-hidden=\"true\"><\/i><\/td>\n                    <td class=\"bonus-details\">\n                        <div class=\"bonus-text\">100 GIROS GRATIS en Secret Life of Cats<\/div> <span class=\"bonus-text-type\">Bonificaci\u00f3n sin dep\u00f3sito<\/span><\/td>\n                    <td class=\"play text-center\">\n                        <a rel=\"nofollow\" target=\"_blank\" class=\"btn btn-lg btn-success\" href=\"https:\/\/www.blackjackinfo.com\/es\/goto\/vipslots-homepage\/\">Jugar ahora<\/a>\n                        \n\t\t\t\t\t\t\t\t\t\t\t\t\t\t\t\t\t\t\t\t<\/td>\n\t\t\t\t\t\t\t\t\t\t\t\t\t\t\t\t\t\t\t<\/tr>\n                <tr>\n                    <td><span class=\"ranking-number\">4<\/span><\/td>\n                    <td class=\"casino-logo\"><a rel=\"nofollow\" target=\"_blank\" href=\"https:\/\/www.blackjackinfo.com\/es\/goto\/vegas-casino-online-default\/\"><img decoding=\"async\" class=\"mx-auto\" src=\"https:\/\/www.blackjackinfo.com\/files\/vegas_casino_online.png\" data-no-auto-translation=\"\"><\/a>\n                    <span class=\"casino-name\"><a href=\"https:\/\/www.blackjackinfo.com\/es\/casino\/vegas-casino-online-2\/\">Vegas Casino Online<\/a><\/span>\n                    <\/td>\n                    <td class=\"star-rating\">\n                    <i class=\"fa fa-star\" aria-hidden=\"true\"><\/i><i class=\"fa fa-star\" aria-hidden=\"true\"><\/i><i class=\"fa fa-star\" aria-hidden=\"true\"><\/i><i class=\"fa fa-star\" aria-hidden=\"true\"><\/i><i class=\"fa fa-star-half-o\" aria-hidden=\"true\"><\/i><\/td>\n                    <td class=\"bonus-details\">\n                        <div class=\"bonus-text\">300% hasta $3.000<\/div> <span class=\"bonus-text-type\">Bono de inscripci\u00f3n<\/span><\/td>\n                    <td class=\"play text-center\">\n                        <a rel=\"nofollow\" target=\"_blank\" class=\"btn btn-lg btn-success\" href=\"https:\/\/www.blackjackinfo.com\/es\/goto\/vegas-casino-online-default\/\">Jugar ahora<\/a>\n                        \n\t\t\t\t\t\t\t\t\t\t\t\t\t\t\t\t\t\t\t\t<\/td>\n\t\t\t\t\t\t\t\t\t\t\t\t\t\t\t\t\t\t\t<\/tr>\n                <tr>\n                    <td><span class=\"ranking-number\">5<\/span><\/td>\n                    <td class=\"casino-logo\"><a rel=\"nofollow\" target=\"_blank\" href=\"https:\/\/www.blackjackinfo.com\/es\/goto\/cafe-casino\/\"><img decoding=\"async\" class=\"mx-auto\" src=\"https:\/\/www.blackjackinfo.com\/files\/cafe-casino-logo.svg\" data-no-auto-translation=\"\"><\/a>\n                    <span class=\"casino-name\"><a href=\"https:\/\/www.blackjackinfo.com\/es\/casino\/cafe-casino\/\">Caf\u00e9 Casino<\/a><\/span>\n                    <\/td>\n                    <td class=\"star-rating\">\n                    <i class=\"fa fa-star\" aria-hidden=\"true\"><\/i><i class=\"fa fa-star\" aria-hidden=\"true\"><\/i><i class=\"fa fa-star\" aria-hidden=\"true\"><\/i><i class=\"fa fa-star\" aria-hidden=\"true\"><\/i><i class=\"fa fa-star-half-o\" aria-hidden=\"true\"><\/i><\/td>\n                    <td class=\"bonus-details\">\n                        <div class=\"bonus-text\">250% hasta $1.500<\/div> <span class=\"bonus-text-type\">Bono de inscripci\u00f3n<\/span><\/td>\n                    <td class=\"play text-center\">\n                        <a rel=\"nofollow\" target=\"_blank\" class=\"btn btn-lg btn-success\" href=\"https:\/\/www.blackjackinfo.com\/es\/goto\/cafe-casino\/\">Jugar ahora<\/a>\n                        \n\t\t\t\t\t\t\t\t\t\t\t\t\t\t\t\t\t\t\t\t<\/td>\n\t\t\t\t\t\t\t\t\t\t\t\t\t\t\t\t\t\t\t<\/tr><\/tbody>\n\t\t<\/table>\n\t<\/div>\n<\/div>\n<\/div>\n\n<h2>Leyes sobre el juego en la India<\/h2>\n<p>Puede que la India no sea un destino de juego tan destacado como Macao o Las Vegas. Sin embargo, es un hecho que algunas formas de juego se documentaron por primera vez en la India, y muchos de nuestros juegos favoritos tambi\u00e9n se originaron all\u00ed. Incluso los primeros textos s\u00e1nscritos, el Ramayana y el Mahabharata, contienen algunas de las primeras referencias al juego.<\/p>\n<p>A lo largo de los siglos se favorecieron muchas formas de juego, como las carreras de caballos y el cr\u00edquet, que los colonizadores brit\u00e1nicos llevaron a la India en el siglo XVIII. Una vez que se dieron cuenta de que el juego prosperaba en la India, los brit\u00e1nicos intentaron controlarlo aprobando la <a href=\"https:\/\/indiankanoon.org\/doc\/1824663\/\">Ley del Juego P\u00fablico en 1867<\/a>. Esta ley federal del juego al principio s\u00f3lo se aplicaba a diez estados, pero ahora abarca a todos los estados que no tienen sus propias leyes del juego y casinos.<\/p>\n<p>El objetivo de esta ley es impedir que funcionen casas de juego ilegales y que los jugadores las visiten. Dirigir una casa de juego puede acarrear una multa de 200 rupias o hasta tres meses de prisi\u00f3n, mientras que ser descubierto en una puede suponer una multa de 100 rupias o un mes de c\u00e1rcel.<\/p>\n<p>Los juegos basados en la habilidad est\u00e1n excluidos de esta ley, ya que no se consideran juegos de azar. As\u00ed pues, a lo largo de los a\u00f1os ha quedado relativamente poco claro qu\u00e9 juegos se basan en la habilidad y cu\u00e1les en el azar.<\/p>\n<p>Por ejemplo, el Tribunal Supremo de la India dictamin\u00f3 que las carreras de caballos eran un juego de habilidad. Tambi\u00e9n hab\u00eda confusi\u00f3n respecto a la loter\u00eda, as\u00ed que el Estado la legaliz\u00f3 aprobando la Ley de Regulaci\u00f3n de Loter\u00edas en 1998. El p\u00f3quer y el rummy tambi\u00e9n son legales porque son juegos de habilidad. Por desgracia, las m\u00e1quinas tragaperras, la ruleta, el bacar\u00e1, el blackjack y otros cl\u00e1sicos de casino se consideran juegos de azar y, por tanto, ilegales en la mayor\u00eda de los estados seg\u00fan esta ley.<\/p>\n<p>Teniendo en cuenta que esta ley se promulg\u00f3 en 1876, mucho antes de que los juegos de azar por Internet fueran siquiera un concepto, no contiene ninguna referencia al respecto, y no est\u00e1 claro si los sitios de casinos en l\u00ednea deben ser tratados como casas de juego en virtud de esta ley india sobre el juego.<\/p>\n<h2>\u00bfHa legalizado la India el juego en l\u00ednea?<\/h2>\n<p>Dado que la citada ley sobre el juego nunca ha sido modificada, excluye de su \u00e1mbito de aplicaci\u00f3n a los casinos en l\u00ednea por no cumplir los requisitos de la regulaci\u00f3n moderna del juego. Una vez que el gobierno federal reconoci\u00f3 esta deficiencia, facult\u00f3 a los estados para crear su propia legislaci\u00f3n. Si un estado no tiene ninguna legislaci\u00f3n sobre el juego, se aplicar\u00e1 la Ley del Juego P\u00fablico de 1867.<\/p>\n<p>Por ello, cada estado indio tiene derecho a permitir o prohibir las actividades de juego.  Aunque algunos estados ofrecen sitios web de juegos espec\u00edficos de p\u00f3quer y rummy, no hay casinos en l\u00ednea propiamente dichos. Actualmente, no hay casinos indios en l\u00ednea aprobados por el gobierno federal.<\/p>\n<p>El juego se considera un mal econ\u00f3mico y social en India, por eso algunos estados proh\u00edben los casinos en l\u00ednea. Por ejemplo, Maharashtra prohibi\u00f3 el juego en l\u00ednea en virtud de la Ley de Comunicaciones por Cable de Bombay. Otros estados siguieron su ejemplo, como Telangana, Gujarat, Odisha, Andhra Pradesh, Assam, Kerala y Tamil Nadu, entre otros.<\/p>\n<p>Sikkim y Goa son los dos Estados con la legislaci\u00f3n m\u00e1s progresista en materia de juego. Adem\u00e1s de legalizar el sector del juego f\u00edsico, Sikkim tambi\u00e9n decidi\u00f3 regular su hom\u00f3logo en l\u00ednea introduciendo <a href=\"https:\/\/www.indiacode.nic.in\/bitstream\/123456789\/11161\/1\/the_sikkim_online_gaming-edited.pdf\">la Ley de regulaci\u00f3n del juego en l\u00ednea de Sikkim en 2008<\/a>. La ley permit\u00eda la mayor\u00eda de los juegos de casino de Clase III, incluido el blackjack. En 2020, el estado acept\u00f3 solicitudes para tres casinos online. Aunque algunos nombres destacados solicitaron licencias, como Betfair y William Hill, ninguno de los operadores ha puesto en marcha un casino online desde entonces debido a la escasa poblaci\u00f3n del estado.<\/p>\n<p>Esto significa que los aficionados al blackjack de la India tienen dos opciones. Una opci\u00f3n es visitar un casino terrestre o flotante en Sikkim, Goa o Daman. La otra es visitar sitios de juego extraterritoriales, considerados legales en algunos estados, aunque caen en la zona gris. No obstante, m\u00e1s de 100 millones de jugadores indios activos son prueba de su popularidad. Adem\u00e1s, 41% de jugadores visitan plataformas de juego a diario, y 75% proceden de las cuatro ciudades principales: Delhi, Mumbai, Chennai y Bangalore. El valor del mercado indio del iGaming ha aumentado de 101.000 millones de rupias en 2020 a 120.000 millones en 2022, lo que supone un salto bastante significativo.<\/p>\n<p>Aunque cada mes aparecen en el mercado varias de estas plataformas, no todas son fiables. Por lo tanto, es esencial encontrar una que emplee todas las medidas de seguridad y cortafuegos m\u00e1s recientes, que posea una licencia o incluso dos y que tenga una buena reputaci\u00f3n. Adem\u00e1s de presumir de una rica cartera de juegos con m\u00faltiples t\u00edtulos de blackjack, muchas ofrecen bonos atractivos, tienen programas VIP para los jugadores m\u00e1s fieles, est\u00e1n optimizadas para m\u00f3viles y ofrecen retiros r\u00e1pidos.<\/p>\n<p>A menos que viva en uno de los estados donde el juego online est\u00e1 activamente prohibido, es legal participar en apuestas online en India. Adem\u00e1s, ning\u00fan jugador indio ha sido procesado por apostar en sitios offshore en l\u00ednea.<\/p>\n<h2>Otras leyes relativas al juego en l\u00ednea en la India<\/h2>\n<p>Aparte de la Ley del Juego P\u00fablico de 1867, otras dos leyes federales afectan parcialmente al juego online. En 1999, la legislatura estatal aprob\u00f3 una ley financiera - <a href=\"https:\/\/legislative.gov.in\/sites\/default\/files\/A1999-42_0.pdf\">la Ley de Gesti\u00f3n de Divisas (FEMA)<\/a>. Aunque la ley se centra en el comercio internacional y el cambio de divisas, una disposici\u00f3n proh\u00edbe depositar fondos en cualquier moneda que no sean rupias indias en una cuenta de juego en l\u00ednea.<\/p>\n<p>Por lo tanto, no es de extra\u00f1ar que muchos casinos extraterritoriales dirigidos a jugadores indios s\u00f3lo acepten pagos en rupias. Utilizando software de geolocalizaci\u00f3n, pueden determinar la ubicaci\u00f3n de las transacciones procedentes de India y limitarlas a rupias para cumplir la ley FEMA. Otra forma de eludir esta ley es utilizar monederos electr\u00f3nicos, como Skrill o Netteler, en lugar de tarjetas de cr\u00e9dito o d\u00e9bito. Esto tambi\u00e9n significa que los jugadores tienen un acceso limitado a los m\u00e9todos bancarios en India. En cualquier caso, siempre hay que tener esto en cuenta antes de registrarse y jugar en una plataforma en l\u00ednea internacional.<\/p>\n<p>Otra ley relativa a los juegos de azar en l\u00ednea es la siguiente <a href=\"https:\/\/www.indiacode.nic.in\/bitstream\/123456789\/13116\/1\/it_act_2000_updated.pdf\">la Ley de Tecnolog\u00eda de la Informaci\u00f3n de 2000<\/a>. Esta ley es bastante amplia y puede aplicarse a cualquier actividad en l\u00ednea. Lo importante para los jugadores es que ninguna disposici\u00f3n de esta ley especifica expl\u00edcitamente que el juego online en India sea ilegal. Sin embargo, el gobierno indio puede bloquear cualquier sitio web extranjero de acuerdo con esta ley.<\/p>\n<h2>Conclusi\u00f3n<\/h2>\n<p>El panorama legal que rodea a los casinos en l\u00ednea en India es actualmente un enorme caos. No hay ninguna norma que proh\u00edba expl\u00edcitamente a los jugadores unirse a sitios de juego en l\u00ednea, ni ninguna que les permita operar legalmente en el pa\u00eds. Es m\u00e1s, estas normas se aplican a todos los casinos terrestres de India. El gobierno federal no se molesta en bloquear direcciones IP o sitios situados fuera de India porque no est\u00e1n sujetos a la legislaci\u00f3n india. Hasta que se reescriban las leyes actuales, los jugadores indios tienen una raz\u00f3n m\u00e1s para percibir las plataformas de juego offshore en l\u00ednea como legales.<\/p>\n<p>Muchos casinos offshore de operadores internacionales atienden a jugadores indios. Adem\u00e1s de ofrecer muchos t\u00edtulos de blackjack, algunos tambi\u00e9n aceptan pagos en rupias. Sin embargo, aseg\u00farese de encontrar una plataforma fiable.<\/p>\n<h2>PREGUNTAS FRECUENTES<\/h2>\n<h3>\u00bfSon legales en la India los casinos en l\u00ednea y los juegos de casino como el blackjack?<\/h3>\n<p>La legislaci\u00f3n india no proh\u00edbe los casinos o juegos en l\u00ednea internacionales, a menos que se organicen de forma privada dentro de las fronteras del pa\u00eds. Los jugadores de la India pueden depositar dinero en sitios de juego, jugar a sus juegos de blackjack preferidos y retirar sus ganancias siempre que los sitios operen legalmente fuera del pa\u00eds. Sin embargo, deben ser conscientes de que algunos estados indios proh\u00edben las apuestas en l\u00ednea o determinados juegos en l\u00ednea. Por lo tanto, se recomienda familiarizarse con la legislaci\u00f3n de cada estado antes de empezar a jugar.<\/p>\n<h3>\u00bfC\u00f3mo puedo jugar al blackjack online con dinero real en la India?<\/h3>\n<p>En primer lugar, debe encontrar un operador fiable y de confianza que atienda a jugadores indios. A continuaci\u00f3n, debe crear una cuenta, verificarla y depositar fondos en el saldo de su cuenta. Por \u00faltimo, elige un t\u00edtulo de blackjack que te guste y listo.<\/p>\n<h3>\u00bfEs seguro jugar al blackjack en l\u00ednea en la India?<\/h3>\n<p>Sin duda, querr\u00e1 estar seguro de que juega al blackjack online en un entorno seguro. Por lo tanto, debe elegir un operador con una licencia v\u00e1lida, que respete las leyes internacionales del juego y garantice un juego de casino transparente y seguro.<\/p>\n<h3>\u00bfCu\u00e1l es la edad m\u00ednima para jugar en la India?<\/h3>\n<p>La edad legal para jugar en India es de 21 a\u00f1os, mientras que cualquier persona mayor de 18 puede jugar a la loter\u00eda.<\/p>","protected":false},"excerpt":{"rendered":"<p>In contrast to some countries, gambling regulations in India vary by state. Indian states have the right to formulate their own gambling laws, and what\u2019s legal in one may be restricted in another. For instance, only three states out of 29 allow gambling (Goa, Sikkim, and Daman), and this is where you can find all [&hellip;]<\/p>\n","protected":false},"author":4,"featured_media":0,"parent":0,"menu_order":0,"comment_status":"closed","ping_status":"closed","template":"","meta":{"_acf_changed":false,"footnotes":""},"tags":[],"class_list":["post-5919","page","type-page","status-publish","hentry"],"acf":[],"yoast_head":"<!-- This site is optimized with the Yoast SEO plugin v26.6 - https:\/\/yoast.com\/wordpress\/plugins\/seo\/ -->\n<title>Is Online Blackjack Legal in India?<\/title>\n<meta name=\"description\" content=\"In contrast to some countries, gambling regulations in India vary by state. Indian states have the right to formulate their own gambling laws, and what\u2019s\" \/>\n<meta name=\"robots\" content=\"index, follow, max-snippet:-1, max-image-preview:large, max-video-preview:-1\" \/>\n<link rel=\"canonical\" href=\"https:\/\/www.blackjackinfo.com\/es\/es-legal-el-blackjack-online-en-india\/\" \/>\n<meta property=\"og:locale\" content=\"es_ES\" \/>\n<meta property=\"og:type\" content=\"article\" \/>\n<meta property=\"og:title\" content=\"Is Online Blackjack Legal in India?\" \/>\n<meta property=\"og:description\" content=\"In contrast to some countries, gambling regulations in India vary by state. Indian states have the right to formulate their own gambling laws, and what\u2019s\" \/>\n<meta property=\"og:url\" content=\"https:\/\/www.blackjackinfo.com\/es\/es-legal-el-blackjack-online-en-india\/\" \/>\n<meta property=\"og:site_name\" content=\"BlackjackInfo.com\" \/>\n<meta name=\"twitter:label1\" content=\"Tiempo de lectura\" \/>\n\t<meta name=\"twitter:data1\" content=\"7 minutos\" \/>\n<script type=\"application\/ld+json\" class=\"yoast-schema-graph\">{\"@context\":\"https:\/\/schema.org\",\"@graph\":[{\"@type\":\"WebPage\",\"@id\":\"https:\/\/www.blackjackinfo.com\/is-online-blackjack-legal-in-india\/\",\"url\":\"https:\/\/www.blackjackinfo.com\/is-online-blackjack-legal-in-india\/\",\"name\":\"Is Online Blackjack Legal in India?\",\"isPartOf\":{\"@id\":\"https:\/\/www.blackjackinfo.com\/#website\"},\"datePublished\":\"2023-01-23T00:01:39+00:00\",\"description\":\"In contrast to some countries, gambling regulations in India vary by state. Indian states have the right to formulate their own gambling laws, and what\u2019s\",\"breadcrumb\":{\"@id\":\"https:\/\/www.blackjackinfo.com\/is-online-blackjack-legal-in-india\/#breadcrumb\"},\"inLanguage\":\"es\",\"potentialAction\":[{\"@type\":\"ReadAction\",\"target\":[\"https:\/\/www.blackjackinfo.com\/is-online-blackjack-legal-in-india\/\"]}]},{\"@type\":\"BreadcrumbList\",\"@id\":\"https:\/\/www.blackjackinfo.com\/is-online-blackjack-legal-in-india\/#breadcrumb\",\"itemListElement\":[{\"@type\":\"ListItem\",\"position\":1,\"name\":\"Home\",\"item\":\"https:\/\/www.blackjackinfo.com\/\"},{\"@type\":\"ListItem\",\"position\":2,\"name\":\"Is Online Blackjack Legal in India?\"}]},{\"@type\":\"WebSite\",\"@id\":\"https:\/\/www.blackjackinfo.com\/#website\",\"url\":\"https:\/\/www.blackjackinfo.com\/\",\"name\":\"BlackjackInfo.com\",\"description\":\"Because Winning is More Fun!\",\"potentialAction\":[{\"@type\":\"SearchAction\",\"target\":{\"@type\":\"EntryPoint\",\"urlTemplate\":\"https:\/\/www.blackjackinfo.com\/?s={search_term_string}\"},\"query-input\":{\"@type\":\"PropertyValueSpecification\",\"valueRequired\":true,\"valueName\":\"search_term_string\"}}],\"inLanguage\":\"es\"}]}<\/script>\n<!-- \/ Yoast SEO plugin. -->","yoast_head_json":{"title":"\u00bfEs legal el Blackjack en l\u00ednea en la India?","description":"A diferencia de lo que ocurre en otros pa\u00edses, la normativa del juego en la India var\u00eda seg\u00fan el estado. Los estados indios tienen derecho a formular sus propias leyes sobre el juego, y lo que es","robots":{"index":"index","follow":"follow","max-snippet":"max-snippet:-1","max-image-preview":"max-image-preview:large","max-video-preview":"max-video-preview:-1"},"canonical":"https:\/\/www.blackjackinfo.com\/es\/es-legal-el-blackjack-online-en-india\/","og_locale":"es_ES","og_type":"article","og_title":"Is Online Blackjack Legal in India?","og_description":"In contrast to some countries, gambling regulations in India vary by state. Indian states have the right to formulate their own gambling laws, and what\u2019s","og_url":"https:\/\/www.blackjackinfo.com\/es\/es-legal-el-blackjack-online-en-india\/","og_site_name":"BlackjackInfo.com","twitter_misc":{"Tiempo de lectura":"7 minutos"},"schema":{"@context":"https:\/\/schema.org","@graph":[{"@type":"WebPage","@id":"https:\/\/www.blackjackinfo.com\/is-online-blackjack-legal-in-india\/","url":"https:\/\/www.blackjackinfo.com\/is-online-blackjack-legal-in-india\/","name":"\u00bfEs legal el Blackjack en l\u00ednea en la India?","isPartOf":{"@id":"https:\/\/www.blackjackinfo.com\/#website"},"datePublished":"2023-01-23T00:01:39+00:00","description":"A diferencia de lo que ocurre en otros pa\u00edses, la normativa del juego en la India var\u00eda seg\u00fan el estado. Los estados indios tienen derecho a formular sus propias leyes sobre el juego, y lo que es","breadcrumb":{"@id":"https:\/\/www.blackjackinfo.com\/is-online-blackjack-legal-in-india\/#breadcrumb"},"inLanguage":"es","potentialAction":[{"@type":"ReadAction","target":["https:\/\/www.blackjackinfo.com\/is-online-blackjack-legal-in-india\/"]}]},{"@type":"BreadcrumbList","@id":"https:\/\/www.blackjackinfo.com\/is-online-blackjack-legal-in-india\/#breadcrumb","itemListElement":[{"@type":"ListItem","position":1,"name":"Home","item":"https:\/\/www.blackjackinfo.com\/"},{"@type":"ListItem","position":2,"name":"Is Online Blackjack Legal in India?"}]},{"@type":"WebSite","@id":"https:\/\/www.blackjackinfo.com\/#website","url":"https:\/\/www.blackjackinfo.com\/","name":"BlackjackInfo.com","description":"\u00a1Porque ganar es m\u00e1s divertido!","potentialAction":[{"@type":"SearchAction","target":{"@type":"EntryPoint","urlTemplate":"https:\/\/www.blackjackinfo.com\/?s={search_term_string}"},"query-input":{"@type":"PropertyValueSpecification","valueRequired":true,"valueName":"search_term_string"}}],"inLanguage":"es"}]}},"_links":{"self":[{"href":"https:\/\/www.blackjackinfo.com\/es\/wp-json\/wp\/v2\/pages\/5919","targetHints":{"allow":["GET"]}}],"collection":[{"href":"https:\/\/www.blackjackinfo.com\/es\/wp-json\/wp\/v2\/pages"}],"about":[{"href":"https:\/\/www.blackjackinfo.com\/es\/wp-json\/wp\/v2\/types\/page"}],"author":[{"embeddable":true,"href":"https:\/\/www.blackjackinfo.com\/es\/wp-json\/wp\/v2\/users\/4"}],"replies":[{"embeddable":true,"href":"https:\/\/www.blackjackinfo.com\/es\/wp-json\/wp\/v2\/comments?post=5919"}],"version-history":[{"count":1,"href":"https:\/\/www.blackjackinfo.com\/es\/wp-json\/wp\/v2\/pages\/5919\/revisions"}],"predecessor-version":[{"id":5920,"href":"https:\/\/www.blackjackinfo.com\/es\/wp-json\/wp\/v2\/pages\/5919\/revisions\/5920"}],"wp:attachment":[{"href":"https:\/\/www.blackjackinfo.com\/es\/wp-json\/wp\/v2\/media?parent=5919"}],"wp:term":[{"taxonomy":"post_tag","embeddable":true,"href":"https:\/\/www.blackjackinfo.com\/es\/wp-json\/wp\/v2\/tags?post=5919"}],"curies":[{"name":"wp","href":"https:\/\/api.w.org\/{rel}","templated":true}]}}