{"id":5961,"date":"2023-12-11T01:18:34","date_gmt":"2023-12-11T07:18:34","guid":{"rendered":"http:\/\/www.blackjackinfo.com\/?page_id=5961"},"modified":"2023-12-11T01:23:31","modified_gmt":"2023-12-11T07:23:31","slug":"blackjack-online-legal-en-delaware","status":"publish","type":"page","link":"https:\/\/www.blackjackinfo.com\/es\/us\/delaware-online-casinos\/legal-online-blackjack-in-delaware\/","title":{"rendered":"Blackjack en l\u00ednea legal en Delaware"},"content":{"rendered":"<p>A pesar de su tama\u00f1o, Delaware hizo historia en 2012 al convertirse en el primer estado en legalizar el juego online. Al a\u00f1o siguiente, la Loter\u00eda de Delaware y 888 Holdings se asociaron con los tres principales casinos del estado para lanzar sus respectivos sitios de juego online. Por el momento, esas son las \u00fanicas plataformas autorizadas a funcionar en el estado.<\/p>\n<p>Estos sitios no tienen una amplia colecci\u00f3n de juegos de blackjack, pero hay suficientes opciones para satisfacer a cualquier aficionado a este cl\u00e1sico de los casinos. A continuaci\u00f3n, exploraremos los mejores consejos y estrategias de blackjack y repasaremos los mejores sitios para disfrutar del juego en Delaware.<\/p>\n<h2>Los mejores sitios de Blackjack online en Delaware<\/h2>\n\n<div class=\"row\">\n\t\t<div class=\"col-md-12\">\n\t\t\t<div class=\"table-responsive-lg\">\n\t\t\t\t<table cellspacing=\"0\" class=\"casino-table\">\n\t\t\t\t\t<thead>\n\t\t\t\t\t\t<tr class=\"text-secondary hidden-xs\" style=\"height: 54px;\">\n\t\t\t\t\t\t\t<th><span class=\"flag-icon flag-icon-\"><\/th>\n\t\t\t\t\t\t\t<th class=\"text-center\" scope=\"col\">CASINO<\/th>\n\t\t\t\t\t\t\t<th class=\"text-center\" scope=\"col\">CALIFICACI\u00d3N<\/th>\n                            <th scope=\"col\" class=\"text-center\">BONO<\/th>\n                            <th scope=\"col\" class=\"text-center\">JUGAR<\/th><\/tr>\n\t\t\t\t\t<\/thead>\n\t\t\t\t\t<tbody>\n                <tr>\n                    <td><span class=\"ranking-number\">1<\/span><\/td>\n                    <td class=\"casino-logo\"><a rel=\"nofollow\" target=\"_blank\" href=\"https:\/\/www.blackjackinfo.com\/es\/goto\/bovada-homepage\/\"><img decoding=\"async\" class=\"mx-auto\" src=\"https:\/\/www.blackjackinfo.com\/files\/bovada.png\" data-no-auto-translation=\"\"><\/a>\n                    <span class=\"casino-name\"><a href=\"https:\/\/www.blackjackinfo.com\/es\/casino\/bovada\/\">Bovada<\/a><\/span>\n                    <\/td>\n                    <td class=\"star-rating\">\n                    <i class=\"fa fa-star\" aria-hidden=\"true\"><\/i><i class=\"fa fa-star\" aria-hidden=\"true\"><\/i><i class=\"fa fa-star\" aria-hidden=\"true\"><\/i><i class=\"fa fa-star\" aria-hidden=\"true\"><\/i><i class=\"fa fa-star-half-o\" aria-hidden=\"true\"><\/i><\/td>\n                    <td class=\"bonus-details\">\n                        <div class=\"bonus-text\">100% hasta $1.000<\/div> <span class=\"bonus-text-type\">Bono de inscripci\u00f3n<\/span><\/td>\n                    <td class=\"play text-center\">\n                        <a rel=\"nofollow\" target=\"_blank\" class=\"btn btn-lg btn-success\" href=\"https:\/\/www.blackjackinfo.com\/es\/goto\/bovada-homepage\/\">Jugar ahora<\/a>\n                        \n\t\t\t\t\t\t\t\t\t\t\t\t\t\t\t\t\t\t\t\t<\/td>\n\t\t\t\t\t\t\t\t\t\t\t\t\t\t\t\t\t\t\t<\/tr>\n                <tr>\n                    <td><span class=\"ranking-number\">2<\/span><\/td>\n                    <td class=\"casino-logo\"><a rel=\"nofollow\" target=\"_blank\" href=\"https:\/\/www.blackjackinfo.com\/es\/goto\/ignition-casino-live-dealer\/\"><img decoding=\"async\" class=\"mx-auto\" src=\"https:\/\/www.blackjackinfo.com\/files\/ignition-casino-logo.png\" data-no-auto-translation=\"\"><\/a>\n                    <span class=\"casino-name\"><a href=\"https:\/\/www.blackjackinfo.com\/es\/casino\/ignition-casino\/\">Casino Ignition<\/a><\/span>\n                    <\/td>\n                    <td class=\"star-rating\">\n                    <i class=\"fa fa-star\" aria-hidden=\"true\"><\/i><i class=\"fa fa-star\" aria-hidden=\"true\"><\/i><i class=\"fa fa-star\" aria-hidden=\"true\"><\/i><i class=\"fa fa-star\" aria-hidden=\"true\"><\/i><i class=\"fa fa-star-half-o\" aria-hidden=\"true\"><\/i><\/td>\n                    <td class=\"bonus-details\">\n                        <div class=\"bonus-text\">100% hasta $1.000<\/div> <span class=\"bonus-text-type\">Bono de inscripci\u00f3n<\/span><\/td>\n                    <td class=\"play text-center\">\n                        <a rel=\"nofollow\" target=\"_blank\" class=\"btn btn-lg btn-success\" href=\"https:\/\/www.blackjackinfo.com\/es\/goto\/ignition-casino-live-dealer\/\">Jugar ahora<\/a>\n                        \n\t\t\t\t\t\t\t\t\t\t\t\t\t\t\t\t\t\t\t\t<\/td>\n\t\t\t\t\t\t\t\t\t\t\t\t\t\t\t\t\t\t\t<\/tr>\n                <tr>\n                    <td><span class=\"ranking-number\">3<\/span><\/td>\n                    <td class=\"casino-logo\"><a rel=\"nofollow\" target=\"_blank\" href=\"https:\/\/www.blackjackinfo.com\/es\/goto\/vipslots-homepage\/\"><img decoding=\"async\" class=\"mx-auto\" src=\"https:\/\/www.blackjackinfo.com\/files\/VipSlots-500x250_dark.svg\" data-no-auto-translation=\"\"><\/a>\n                    <span class=\"casino-name\"><a href=\"https:\/\/www.blackjackinfo.com\/es\/casino\/vipslots-casino\/\">Casino VipSlots<\/a><\/span>\n                    <\/td>\n                    <td class=\"star-rating\">\n                    <i class=\"fa fa-star\" aria-hidden=\"true\"><\/i><i class=\"fa fa-star\" aria-hidden=\"true\"><\/i><i class=\"fa fa-star\" aria-hidden=\"true\"><\/i><i class=\"fa fa-star\" aria-hidden=\"true\"><\/i><i class=\"fa fa-star-half-o\" aria-hidden=\"true\"><\/i><\/td>\n                    <td class=\"bonus-details\">\n                        <div class=\"bonus-text\">100 GIROS GRATIS en Secret Life of Cats<\/div> <span class=\"bonus-text-type\">Bonificaci\u00f3n sin dep\u00f3sito<\/span><\/td>\n                    <td class=\"play text-center\">\n                        <a rel=\"nofollow\" target=\"_blank\" class=\"btn btn-lg btn-success\" href=\"https:\/\/www.blackjackinfo.com\/es\/goto\/vipslots-homepage\/\">Jugar ahora<\/a>\n                        \n\t\t\t\t\t\t\t\t\t\t\t\t\t\t\t\t\t\t\t\t<\/td>\n\t\t\t\t\t\t\t\t\t\t\t\t\t\t\t\t\t\t\t<\/tr>\n                <tr>\n                    <td><span class=\"ranking-number\">4<\/span><\/td>\n                    <td class=\"casino-logo\"><a rel=\"nofollow\" target=\"_blank\" href=\"https:\/\/www.blackjackinfo.com\/es\/goto\/vegas-casino-online-default\/\"><img decoding=\"async\" class=\"mx-auto\" src=\"https:\/\/www.blackjackinfo.com\/files\/vegas_casino_online.png\" data-no-auto-translation=\"\"><\/a>\n                    <span class=\"casino-name\"><a href=\"https:\/\/www.blackjackinfo.com\/es\/casino\/vegas-casino-online-2\/\">Vegas Casino Online<\/a><\/span>\n                    <\/td>\n                    <td class=\"star-rating\">\n                    <i class=\"fa fa-star\" aria-hidden=\"true\"><\/i><i class=\"fa fa-star\" aria-hidden=\"true\"><\/i><i class=\"fa fa-star\" aria-hidden=\"true\"><\/i><i class=\"fa fa-star\" aria-hidden=\"true\"><\/i><i class=\"fa fa-star-half-o\" aria-hidden=\"true\"><\/i><\/td>\n                    <td class=\"bonus-details\">\n                        <div class=\"bonus-text\">300% hasta $3.000<\/div> <span class=\"bonus-text-type\">Bono de inscripci\u00f3n<\/span><\/td>\n                    <td class=\"play text-center\">\n                        <a rel=\"nofollow\" target=\"_blank\" class=\"btn btn-lg btn-success\" href=\"https:\/\/www.blackjackinfo.com\/es\/goto\/vegas-casino-online-default\/\">Jugar ahora<\/a>\n                        \n\t\t\t\t\t\t\t\t\t\t\t\t\t\t\t\t\t\t\t\t<\/td>\n\t\t\t\t\t\t\t\t\t\t\t\t\t\t\t\t\t\t\t<\/tr>\n                <tr>\n                    <td><span class=\"ranking-number\">5<\/span><\/td>\n                    <td class=\"casino-logo\"><a rel=\"nofollow\" target=\"_blank\" href=\"https:\/\/www.blackjackinfo.com\/es\/goto\/cafe-casino\/\"><img decoding=\"async\" class=\"mx-auto\" src=\"https:\/\/www.blackjackinfo.com\/files\/cafe-casino-logo.svg\" data-no-auto-translation=\"\"><\/a>\n                    <span class=\"casino-name\"><a href=\"https:\/\/www.blackjackinfo.com\/es\/casino\/cafe-casino\/\">Caf\u00e9 Casino<\/a><\/span>\n                    <\/td>\n                    <td class=\"star-rating\">\n                    <i class=\"fa fa-star\" aria-hidden=\"true\"><\/i><i class=\"fa fa-star\" aria-hidden=\"true\"><\/i><i class=\"fa fa-star\" aria-hidden=\"true\"><\/i><i class=\"fa fa-star\" aria-hidden=\"true\"><\/i><i class=\"fa fa-star-half-o\" aria-hidden=\"true\"><\/i><\/td>\n                    <td class=\"bonus-details\">\n                        <div class=\"bonus-text\">250% hasta $1.500<\/div> <span class=\"bonus-text-type\">Bono de inscripci\u00f3n<\/span><\/td>\n                    <td class=\"play text-center\">\n                        <a rel=\"nofollow\" target=\"_blank\" class=\"btn btn-lg btn-success\" href=\"https:\/\/www.blackjackinfo.com\/es\/goto\/cafe-casino\/\">Jugar ahora<\/a>\n                        \n\t\t\t\t\t\t\t\t\t\t\t\t\t\t\t\t\t\t\t\t<\/td>\n\t\t\t\t\t\t\t\t\t\t\t\t\t\t\t\t\t\t\t<\/tr><\/tbody>\n\t\t<\/table>\n\t<\/div>\n<\/div>\n<\/div>\n\n<h2>\u00bfD\u00f3nde puedo jugar al blackjack en l\u00ednea en Delaware?<\/h2>\n<p>Como ya hemos mencionado, s\u00f3lo hay tres casinos en l\u00ednea legales en Delaware, y todos ellos ofrecen juegos de blackjack de calidad. Estos sitios est\u00e1n gestionados por casinos tradicionales de buena reputaci\u00f3n, por lo que puede esperar un servicio de calidad en todos los sentidos. Esto es todo lo que necesita saber sobre las plataformas.<\/p>\n<h3>1.    Casino en l\u00ednea Bally's Dover<\/h3>\n<p>El casino online Bally's Dover se puso en marcha en 2013 como filial virtual del mayor casino f\u00edsico del estado. La plataforma presenta una sencilla tem\u00e1tica en rojo y negro con m\u00e1s de 90 tragaperras y solo 8 juegos de mesa. Puedes jugar al Blackjack cl\u00e1sico con dinero real siempre que est\u00e9s dentro de las fronteras del estado y tengas al menos 21 a\u00f1os.<\/p>\n<p>Los nuevos jugadores del casino en l\u00ednea Dover de Bally recibir\u00e1n un bono sin dep\u00f3sito de $10 tras crear una cuenta. Despu\u00e9s, podr\u00e1n beneficiarse de un bono de igualaci\u00f3n de 100% por sus primeros dep\u00f3sitos entre $20 y $100.<\/p>\n<h3>2.    Casino Delaware Park<\/h3>\n<p>Delaware Park es otra plataforma de juego online que se puso en marcha en 2013 gracias a la asociaci\u00f3n entre el casino terrestre de Wilmington y la loter\u00eda del estado.<\/p>\n<p>El sistema en l\u00ednea del casino tambi\u00e9n es cortes\u00eda de 888 Holdings, por lo que presenta un dise\u00f1o similar al de Bally's Dover y una biblioteca de juegos casi id\u00e9ntica. Los jugadores pueden elegir entre las 107 tragaperras y jackpots disponibles. Mientras tanto, los amantes del blackjack deben conformarse con el Classic Blackjack de Microgaming, que tiene un RTP de 99,41% y un modelo de pago 3:2.<\/p>\n<p>El paquete de bienvenida del Casino Delaware Park incluye 20 tiradas gratis y un bono instant\u00e1neo de 100% de hasta $100. Tambi\u00e9n hay una gran cantidad de otras ofertas despu\u00e9s del registro, incluyendo un bono de devoluci\u00f3n de dinero de 10% martes y vales de juego gratis semanales.<\/p>\n<h3>3.    Hip\u00f3dromo y Casino de Harrington<\/h3>\n<p>Harrington Raceway &amp; Casino es el tercer y \u00faltimo sitio de juego online del estado y otro producto de la asociaci\u00f3n entre 888 Holdings y la loter\u00eda estatal. El casino cuenta con una aplicaci\u00f3n m\u00f3vil que puede descargarse tanto en dispositivos Android como iOS. Alberga m\u00e1s de 90 tragaperras y una \u00fanica opci\u00f3n de blackjack.<\/p>\n<p>Al igual que los otros casinos de blackjack online en DE, no hay opciones en vivo, y debes tener al menos 21 a\u00f1os y residir en el estado para jugar. Tambi\u00e9n hay un bono sin dep\u00f3sito de $10 y un bono de igualaci\u00f3n de 100% hasta $100.<\/p>\n<h2>C\u00f3mo jugar al Blackjack<\/h2>\n<p>La sencillez del blackjack en l\u00ednea es un factor que contribuye a su popularidad en el Primer Estado. Puedes aprender a jugar y ganar en cuesti\u00f3n de minutos.<\/p>\n<p>El objetivo del juego es acercarse lo m\u00e1s posible a 21 sin sobrepasarlo y tener una mano superior a la del crupier. Si obtienes una mano superior a 21, se llama bust y pierdes. Si tanto usted como la banca tienen el mismo n\u00famero, se considera un empate y se le devuelve su apuesta.<\/p>\n<p>Al principio de la partida, recibir\u00e1s dos cartas boca arriba. Mientras tanto, el crupier recibe una carta boca abajo y la otra boca arriba. Si tus dos primeras cartas no forman un blackjack instant\u00e1neo, tendr\u00e1s que hacer cualquiera de estos movimientos:<\/p>\n<ul>\n<li><strong>Stand<\/strong>: En este caso, decides no tomar una carta adicional porque est\u00e1s seguro de que tu mano es mejor que la del crupier o porque temes que una carta adicional te deje fuera del juego.<\/li>\n<li><strong>Hit<\/strong>: Pides una carta extra al crupier, ya sea porque tu mano actual es demasiado baja o porque simplemente quieres mejorar tu posici\u00f3n.<\/li>\n<li><strong>Doblar la apuesta<\/strong>: Si se siente seguro de su mano, esta jugada le permite doblar el tama\u00f1o de su apuesta antes de que el crupier revele la segunda carta.<\/li>\n<li><strong>Dividir<\/strong>: Puede dividir sus dos cartas en manos separadas si tienen valores id\u00e9nticos. Cada mano va ahora individualmente contra el crupier, y el resultado de una no afecta a la otra.<\/li>\n<li><strong>R\u00edndete<\/strong>: Si cree que no puede ganar una vez repartidas las cartas, puede levantar la bandera blanca y perder la mitad de su apuesta.<\/li>\n<\/ul>\n<h2>Consejos b\u00e1sicos de Blackjack<\/h2>\n<p>Aunque el azar es quien decide en \u00faltima instancia el resultado de las rondas de blackjack, tu estrategia tambi\u00e9n juega un papel importante. Realizar ciertos movimientos en funci\u00f3n de tu mano o de la carta que el crupier haya subido puede inclinar las probabilidades a tu favor.<\/p>\n<p>Estos son algunos consejos que debe tener en cuenta cuando juegue en un sitio de blackjack online de Delaware.<\/p>\n<ul>\n<li>Dobla si la carta descubierta del crupier es 4-6, y tienes un as y un 4.<\/li>\n<li>R\u00edndete siempre que tengas un 16 y la banca un 9-A.<\/li>\n<li>Plantarse si la carta descubierta del crupier es un 7 y usted tiene una pareja de nueves.<\/li>\n<li>Si tiene una pareja de 8s o ases, divida siempre, ya que puede ganar m\u00e1s dinero.<\/li>\n<li>Mant\u00e9ngase alejado de las apuestas de seguros.<\/li>\n<li>Evite las mesas de blackjack con un pago de 6:5, ya que aumenta la ventaja de la casa en 1,45%.<\/li>\n<li>Elija siempre mesas que paguen 3:2.<\/li>\n<\/ul>","protected":false},"excerpt":{"rendered":"<p>Despite its size, Delaware made history in 2012 by becoming the first state to legalize online gambling. The following year, the Delaware Lottery and 888 Holdings partnered with the three major casinos in the state to launch their respective online gambling sites. At the moment, those are the only platforms allowed to run in the [&hellip;]<\/p>\n","protected":false},"author":4,"featured_media":0,"parent":5570,"menu_order":0,"comment_status":"closed","ping_status":"closed","template":"","meta":{"_acf_changed":false,"footnotes":""},"tags":[],"class_list":["post-5961","page","type-page","status-publish","hentry"],"acf":[],"yoast_head":"<!-- This site is optimized with the Yoast SEO plugin v26.6 - https:\/\/yoast.com\/wordpress\/plugins\/seo\/ -->\n<title>Legal Online Blackjack in Delaware<\/title>\n<meta name=\"description\" content=\"Despite its size, Delaware made history in 2012 by becoming the first state to legalize online gambling. The following year, the Delaware Lottery and 888\" \/>\n<meta name=\"robots\" content=\"index, follow, max-snippet:-1, max-image-preview:large, max-video-preview:-1\" \/>\n<link rel=\"canonical\" href=\"https:\/\/www.blackjackinfo.com\/es\/us\/casinos-en-linea-delaware\/blackjack-online-legal-en-delaware\/\" \/>\n<meta property=\"og:locale\" content=\"es_ES\" \/>\n<meta property=\"og:type\" content=\"article\" \/>\n<meta property=\"og:title\" content=\"Legal Online Blackjack in Delaware\" \/>\n<meta property=\"og:description\" content=\"Despite its size, Delaware made history in 2012 by becoming the first state to legalize online gambling. The following year, the Delaware Lottery and 888\" \/>\n<meta property=\"og:url\" content=\"https:\/\/www.blackjackinfo.com\/es\/us\/casinos-en-linea-delaware\/blackjack-online-legal-en-delaware\/\" \/>\n<meta property=\"og:site_name\" content=\"BlackjackInfo.com\" \/>\n<meta property=\"article:modified_time\" content=\"2023-12-11T07:23:31+00:00\" \/>\n<meta name=\"twitter:label1\" content=\"Tiempo de lectura\" \/>\n\t<meta name=\"twitter:data1\" content=\"4 minutos\" \/>\n<script type=\"application\/ld+json\" class=\"yoast-schema-graph\">{\"@context\":\"https:\/\/schema.org\",\"@graph\":[{\"@type\":\"WebPage\",\"@id\":\"https:\/\/www.blackjackinfo.com\/us\/delaware-online-casinos\/legal-online-blackjack-in-delaware\/\",\"url\":\"https:\/\/www.blackjackinfo.com\/us\/delaware-online-casinos\/legal-online-blackjack-in-delaware\/\",\"name\":\"Legal Online Blackjack in Delaware\",\"isPartOf\":{\"@id\":\"https:\/\/www.blackjackinfo.com\/#website\"},\"datePublished\":\"2023-12-11T07:18:34+00:00\",\"dateModified\":\"2023-12-11T07:23:31+00:00\",\"description\":\"Despite its size, Delaware made history in 2012 by becoming the first state to legalize online gambling. The following year, the Delaware Lottery and 888\",\"breadcrumb\":{\"@id\":\"https:\/\/www.blackjackinfo.com\/us\/delaware-online-casinos\/legal-online-blackjack-in-delaware\/#breadcrumb\"},\"inLanguage\":\"es\",\"potentialAction\":[{\"@type\":\"ReadAction\",\"target\":[\"https:\/\/www.blackjackinfo.com\/us\/delaware-online-casinos\/legal-online-blackjack-in-delaware\/\"]}]},{\"@type\":\"BreadcrumbList\",\"@id\":\"https:\/\/www.blackjackinfo.com\/us\/delaware-online-casinos\/legal-online-blackjack-in-delaware\/#breadcrumb\",\"itemListElement\":[{\"@type\":\"ListItem\",\"position\":1,\"name\":\"Home\",\"item\":\"https:\/\/www.blackjackinfo.com\/\"},{\"@type\":\"ListItem\",\"position\":2,\"name\":\"Online Casinos in the US\",\"item\":\"https:\/\/www.blackjackinfo.com\/us\/\"},{\"@type\":\"ListItem\",\"position\":3,\"name\":\"Delaware Online Casinos\",\"item\":\"https:\/\/www.blackjackinfo.com\/us\/delaware-online-casinos\/\"},{\"@type\":\"ListItem\",\"position\":4,\"name\":\"Legal Online Blackjack in Delaware\"}]},{\"@type\":\"WebSite\",\"@id\":\"https:\/\/www.blackjackinfo.com\/#website\",\"url\":\"https:\/\/www.blackjackinfo.com\/\",\"name\":\"BlackjackInfo.com\",\"description\":\"Because Winning is More Fun!\",\"potentialAction\":[{\"@type\":\"SearchAction\",\"target\":{\"@type\":\"EntryPoint\",\"urlTemplate\":\"https:\/\/www.blackjackinfo.com\/?s={search_term_string}\"},\"query-input\":{\"@type\":\"PropertyValueSpecification\",\"valueRequired\":true,\"valueName\":\"search_term_string\"}}],\"inLanguage\":\"es\"}]}<\/script>\n<!-- \/ Yoast SEO plugin. -->","yoast_head_json":{"title":"Blackjack en l\u00ednea legal en Delaware","description":"A pesar de su tama\u00f1o, Delaware hizo historia en 2012 al convertirse en el primer estado en legalizar el juego online. Al a\u00f1o siguiente, la Loter\u00eda de Delaware y 888","robots":{"index":"index","follow":"follow","max-snippet":"max-snippet:-1","max-image-preview":"max-image-preview:large","max-video-preview":"max-video-preview:-1"},"canonical":"https:\/\/www.blackjackinfo.com\/es\/us\/casinos-en-linea-delaware\/blackjack-online-legal-en-delaware\/","og_locale":"es_ES","og_type":"article","og_title":"Legal Online Blackjack in Delaware","og_description":"Despite its size, Delaware made history in 2012 by becoming the first state to legalize online gambling. The following year, the Delaware Lottery and 888","og_url":"https:\/\/www.blackjackinfo.com\/es\/us\/casinos-en-linea-delaware\/blackjack-online-legal-en-delaware\/","og_site_name":"BlackjackInfo.com","article_modified_time":"2023-12-11T07:23:31+00:00","twitter_misc":{"Tiempo de lectura":"4 minutos"},"schema":{"@context":"https:\/\/schema.org","@graph":[{"@type":"WebPage","@id":"https:\/\/www.blackjackinfo.com\/us\/delaware-online-casinos\/legal-online-blackjack-in-delaware\/","url":"https:\/\/www.blackjackinfo.com\/us\/delaware-online-casinos\/legal-online-blackjack-in-delaware\/","name":"Blackjack en l\u00ednea legal en Delaware","isPartOf":{"@id":"https:\/\/www.blackjackinfo.com\/#website"},"datePublished":"2023-12-11T07:18:34+00:00","dateModified":"2023-12-11T07:23:31+00:00","description":"A pesar de su tama\u00f1o, Delaware hizo historia en 2012 al convertirse en el primer estado en legalizar el juego online. Al a\u00f1o siguiente, la Loter\u00eda de Delaware y 888","breadcrumb":{"@id":"https:\/\/www.blackjackinfo.com\/us\/delaware-online-casinos\/legal-online-blackjack-in-delaware\/#breadcrumb"},"inLanguage":"es","potentialAction":[{"@type":"ReadAction","target":["https:\/\/www.blackjackinfo.com\/us\/delaware-online-casinos\/legal-online-blackjack-in-delaware\/"]}]},{"@type":"BreadcrumbList","@id":"https:\/\/www.blackjackinfo.com\/us\/delaware-online-casinos\/legal-online-blackjack-in-delaware\/#breadcrumb","itemListElement":[{"@type":"ListItem","position":1,"name":"Home","item":"https:\/\/www.blackjackinfo.com\/"},{"@type":"ListItem","position":2,"name":"Online Casinos in the US","item":"https:\/\/www.blackjackinfo.com\/us\/"},{"@type":"ListItem","position":3,"name":"Delaware Online Casinos","item":"https:\/\/www.blackjackinfo.com\/us\/delaware-online-casinos\/"},{"@type":"ListItem","position":4,"name":"Legal Online Blackjack in Delaware"}]},{"@type":"WebSite","@id":"https:\/\/www.blackjackinfo.com\/#website","url":"https:\/\/www.blackjackinfo.com\/","name":"BlackjackInfo.com","description":"\u00a1Porque ganar es m\u00e1s divertido!","potentialAction":[{"@type":"SearchAction","target":{"@type":"EntryPoint","urlTemplate":"https:\/\/www.blackjackinfo.com\/?s={search_term_string}"},"query-input":{"@type":"PropertyValueSpecification","valueRequired":true,"valueName":"search_term_string"}}],"inLanguage":"es"}]}},"_links":{"self":[{"href":"https:\/\/www.blackjackinfo.com\/es\/wp-json\/wp\/v2\/pages\/5961","targetHints":{"allow":["GET"]}}],"collection":[{"href":"https:\/\/www.blackjackinfo.com\/es\/wp-json\/wp\/v2\/pages"}],"about":[{"href":"https:\/\/www.blackjackinfo.com\/es\/wp-json\/wp\/v2\/types\/page"}],"author":[{"embeddable":true,"href":"https:\/\/www.blackjackinfo.com\/es\/wp-json\/wp\/v2\/users\/4"}],"replies":[{"embeddable":true,"href":"https:\/\/www.blackjackinfo.com\/es\/wp-json\/wp\/v2\/comments?post=5961"}],"version-history":[{"count":3,"href":"https:\/\/www.blackjackinfo.com\/es\/wp-json\/wp\/v2\/pages\/5961\/revisions"}],"predecessor-version":[{"id":5964,"href":"https:\/\/www.blackjackinfo.com\/es\/wp-json\/wp\/v2\/pages\/5961\/revisions\/5964"}],"up":[{"embeddable":true,"href":"https:\/\/www.blackjackinfo.com\/es\/wp-json\/wp\/v2\/pages\/5570"}],"wp:attachment":[{"href":"https:\/\/www.blackjackinfo.com\/es\/wp-json\/wp\/v2\/media?parent=5961"}],"wp:term":[{"taxonomy":"post_tag","embeddable":true,"href":"https:\/\/www.blackjackinfo.com\/es\/wp-json\/wp\/v2\/tags?post=5961"}],"curies":[{"name":"wp","href":"https:\/\/api.w.org\/{rel}","templated":true}]}}