{"id":5966,"date":"2023-12-11T01:27:32","date_gmt":"2023-12-11T07:27:32","guid":{"rendered":"http:\/\/www.blackjackinfo.com\/?page_id=5966"},"modified":"2023-12-11T01:33:56","modified_gmt":"2023-12-11T07:33:56","slug":"blackjack-online-legal-en-michigan","status":"publish","type":"page","link":"https:\/\/www.blackjackinfo.com\/es\/us\/michigan-online-casinos\/legal-online-blackjack-in-michigan\/","title":{"rendered":"Blackjack en l\u00ednea legal en Michigan"},"content":{"rendered":"<p>Aunque el juego por internet fue aprobado a finales de 2019 por la gobernadora Gretchen Whitmer, los reguladores estatales tardaron m\u00e1s de un a\u00f1o en poner las cosas en marcha. En enero de 2021, la ley entr\u00f3 en vigor: los casinos online de Michigan se pusieron en marcha y, desde entonces, el blackjack se ha convertido en uno de los favoritos de los aficionados.<\/p>\n<p>Actualmente, hay 15 operadores que permiten a los residentes jugar a este cl\u00e1sico del casino y a otros juegos con dinero real en este estado.<\/p>\n<h2>Michigan, uno de los seis estados con juego legal de blackjack en l\u00ednea<\/h2>\n<table class=\"table-fill\">\n<tbody>\n<tr>\n<td><strong>Fecha de legalizaci\u00f3n del blackjack en l\u00ednea en Michigan<\/strong><\/td>\n<td>20 dic 2019<\/td>\n<\/tr>\n<tr>\n<td><strong>Lanzamiento del primer casino de blackjack en l\u00ednea<\/strong><\/td>\n<td>22 de enero de 2021<\/td>\n<\/tr>\n<tr>\n<td><strong>N\u00famero de aplicaciones de casino MI blackjack operativas<\/strong><\/td>\n<td>15<\/td>\n<\/tr>\n<tr>\n<td><strong>La mejor variedad de juegos de blackjack en Michigan<\/strong><\/td>\n<td>Casino DraftKings<\/td>\n<\/tr>\n<tr>\n<td><strong>Mejor bono de bienvenida blackjack casino en MI<\/strong><\/td>\n<td>Casino Caesars Palace<\/td>\n<\/tr>\n<tr>\n<td><strong>MI casino app con el mejor dise\u00f1o de sitio<\/strong><\/td>\n<td>Casino FanDuel<\/td>\n<\/tr>\n<\/tbody>\n<\/table>\n<p>Desde la anulaci\u00f3n de la PASPA en 2018, m\u00e1s de 30 estados han legalizado las apuestas deportivas online. Sin embargo, a partir de diciembre de 2023, solo 6 de ellos permiten el juego de casino online -de hecho Michigan fue el quinto en unirse al club-.<\/p>\n<p>Seg\u00fan la normativa, 3 casinos de Detroit y 12 establecimientos tribales pueden asociarse con marcas de juego en l\u00ednea para ofrecer juegos de casino y apuestas deportivas en l\u00ednea. El proyecto de ley 4311 autoriza a la Junta de Control del Juego de Michigan a conceder licencias de juego por Internet.<\/p>\n<p>Tenga en cuenta que debe tener 21 a\u00f1os o m\u00e1s para jugar legalmente al blackjack en l\u00ednea o a otros juegos de mesa.<\/p>\n<h2>Lista de todos los casinos en l\u00ednea de Blackjack MI<\/h2>\n<p>Como ya se ha mencionado, hay 15 casinos online de blackjack disponibles en Michigan. Algunos de los pesos pesados incluyen Caesars Palace Casino, FanDuel, DraftKings, BetMGM y BetRivers.<\/p>\n<p>A continuaci\u00f3n encontrar\u00e1 una lista completa de los operadores disponibles. Puede hacer clic en cualquiera de ellos para obtener m\u00e1s informaci\u00f3n:<\/p>\n<ol>\n<li>Casino Caesars Palace<\/li>\n<li>Casino FanDuel<\/li>\n<li>Casino DraftKings<\/li>\n<li>Casino BetMGM<\/li>\n<li>Casino BetRivers<\/li>\n<li>Casino Golden Nugget<\/li>\n<li>Casino PointsBet<\/li>\n<li>Casino WynnBET<\/li>\n<li>Casino Hollywood<\/li>\n<li>Casino SI<\/li>\n<li>Casino Stars<\/li>\n<li>Jugar a Gun Lake Casino<\/li>\n<li>Casino FireKeepers<\/li>\n<li>Casino Four Winds<\/li>\n<li>Casino Eagle<\/li>\n<\/ol>\n<p>Todos los sitios web mencionados anteriormente son legales y est\u00e1n autorizados por los organismos reguladores estatales. Es importante recordar que tienes que estar dentro de las fronteras del estado para jugar en ellos.<\/p>\n<h3>Caesars Palace Casino MI - Mejor Casino de Blackjack en general<\/h3>\n<p>Caesars Palace es uno de los mejores casinos de blackjack online de Michigan. De hecho, la rama de juegos digitales de Caesars Entertainment ofrece 21 variantes del cl\u00e1sico de casino.<\/p>\n<p>Con este operador, a los nuevos jugadores les espera un aut\u00e9ntico regalo: una igualaci\u00f3n del primer dep\u00f3sito de 100% hasta $2.500. En cuanto a los habituales, encontrar\u00e1n promos como el programa Caesars Rewards. Este programa de fidelidad premium de varios niveles le permite ganar 1 punto por cada $25 apostados en su juego de blackjack favorito. Puede canjear estas recompensas en l\u00ednea o en cualquier establecimiento Caesars.<\/p>\n<p>El gigante de los casinos en l\u00ednea permite un rango de apuestas flexible -desde $1 hasta $1.000-, satisfaciendo as\u00ed las necesidades tanto de los principiantes como de los jugadores de nivel medio.<\/p>\n<p>Tambi\u00e9n encontrar\u00e1 una amplia gama de m\u00e9todos bancarios, como tarjetas de cr\u00e9dito\/d\u00e9bito y cheques electr\u00f3nicos, banca en l\u00ednea y servicios en persona en la jaula del casino. El l\u00edmite m\u00ednimo de dep\u00f3sito est\u00e1 fijado en $10, y puedes retirar entre $20 y $5.000.<\/p>\n<h3>FanDuel Casino MI - Lo mejor para el Blackjack con crupier en vivo<\/h3>\n<p>FanDuel Casino, conocido por su atractiva apariencia y llamativo dise\u00f1o, ofrece casi dos docenas de juegos de blackjack en l\u00ednea - en concreto, encontrar\u00e1s algunas de las variantes m\u00e1s populares, incluyendo First Person Blackjack, Live Infinite Blackjack y Multi-Hand Blackjack. Ahora, los juegos de blackjack RNG est\u00e1n bien y todo eso, pero el blackjack con crupier en vivo es una caracter\u00edstica destacada y una de las principales razones por las que los jugadores online de Michigan quieren unirse a FanDuel.<\/p>\n<p>Adem\u00e1s, los nuevos jugadores pueden recuperar hasta $1.000 en fondos de bonificaci\u00f3n si caen despu\u00e9s de su primer d\u00eda. Tambi\u00e9n obtendr\u00e1n 50 giros de bonificaci\u00f3n tras realizar el primer dep\u00f3sito.<\/p>\n<p>Este casino online acepta multitud de opciones de dep\u00f3sito, como tarjetas de cr\u00e9dito y d\u00e9bito Visa y Mastercard, transferencias bancarias, cheques electr\u00f3nicos y PayNearMe. Tambi\u00e9n puede retirar sus ganancias utilizando m\u00faltiples m\u00e9todos, como banca en l\u00ednea, cheques por correo o cheques electr\u00f3nicos.<\/p>\n<h3>DraftKings Casino MI - La mayor selecci\u00f3n de Blackjack en l\u00ednea<\/h3>\n<p>DraftKings cuenta con la l\u00ednea de blackjack m\u00e1s completa entre los casinos online de Michigan. Asociado con Bay Mills Resort Casino, cuenta con 33 variantes, m\u00e1s que cualquier otro operador del estado. Adem\u00e1s, si te registras en este casino, recibir\u00e1s un bono de bienvenida de hasta $285 o $100 en cr\u00e9ditos tras realizar una apuesta de $5.<\/p>\n<p>Este casino ofrece m\u00e1s de 15 mesas de blackjack en vivo de primera calidad. Los juegos con crupier en vivo combinan la emoci\u00f3n de visitar un casino f\u00edsico con la comodidad de jugar desde casa utilizando un dispositivo digital. Tambi\u00e9n es una opci\u00f3n ideal para los jugadores novatos, que pueden empezar apostando tan s\u00f3lo $1 en el Blackjack Infinito. Sin embargo, los grandes apostadores tampoco se sentir\u00e1n excluidos, ya que tambi\u00e9n les espera mucha acci\u00f3n.<\/p>\n<p>El casino DraftKings acepta las principales tarjetas de cr\u00e9dito\/d\u00e9bito, PayPal, cheques electr\u00f3nicos, transferencias bancarias y jaulas de casino para realizar dep\u00f3sitos. Puede retirar sus ganancias mediante cheques personales, cheques electr\u00f3nicos, PayPal y recogida en la jaula del casino.<\/p>\n<h3>BetMGM Casino MI - Mejor Casino de Blackjack con Programa de Fidelidad<\/h3>\n<p>Gracias a la versi\u00f3n en l\u00ednea del gigante de los casinos, ya no tendr\u00e1 que conducir hasta el MGM Grand de Detroit para jugar unas manos de blackjack. Con m\u00e1s de dos docenas de variantes disponibles a trav\u00e9s de la aplicaci\u00f3n del casino, nunca te quedar\u00e1s sin opciones. Desde juegos cl\u00e1sicos como el Blackjack Pro hasta el Blackjack de los Detroit Lions de tem\u00e1tica local, BetMGM Casino MI ofrece emocionantes variantes para todo tipo de jugadores.<\/p>\n<p>Los nuevos miembros de Michigan pueden conseguir hasta $1.025 en bonos de bienvenida al registrarse. Otra caracter\u00edstica destacada es su programa de fidelidad iRewards de varios niveles. Cada apuesta de $25 en su juego de blackjack favorito le har\u00e1 ganar 1 punto iRewards, que podr\u00e1 canjear en cualquier establecimiento MGM del pa\u00eds.<\/p>\n<p>Este sitio de blackjack online de primer nivel acepta montones de opciones de dep\u00f3sito y retirada. Podr\u00e1s depositar fondos en tu cuenta con Visa\/Mastercard, transferencia bancaria online, cheques electr\u00f3nicos o monederos digitales como Skrill o PayPal, pero ten en cuenta que la cantidad m\u00ednima es de $10.<\/p>\n<h3>BetRivers Casino MI - Mejor Casino de Blackjack para Jugadores Novatos<\/h3>\n<p>BetRivers Casino es otro destino popular para los jugadores de MI que quieren jugar al blackjack en l\u00ednea. El prestigioso operador de juegos cuenta con 28 t\u00edtulos en esta categor\u00eda, y algunas variantes se pueden jugar por tan solo $0,10.<\/p>\n<p>Aunque el casino en l\u00ednea BetRivers es popular entre los grandes apostadores, se centra especialmente en atraer a nuevos aficionados al blackjack MI. Tras unirse a este casino, puede recibir hasta $500 de devoluci\u00f3n por las p\u00e9rdidas sufridas durante las primeras 24 horas. La aplicaci\u00f3n del casino tambi\u00e9n permite a los novatos jugar en modo demo para que puedan probar sus variantes favoritas antes de realizar apuestas con dinero real<\/p>\n<p>El flexible l\u00edmite de dep\u00f3sito, que va de $10 a $50.000, hace de este casino una opci\u00f3n popular para todo tipo de aficionados al blackjack. La gama de m\u00e9todos de dep\u00f3sito tambi\u00e9n es relativamente amplia: podr\u00e1s ingresar fondos en tu cuenta con tarjetas de cr\u00e9dito\/d\u00e9bito, banca online y efectivo en la jaula del casino.<\/p>\n<h3>Golden Nugget Casino MI - Interfaz f\u00e1cil de usar<\/h3>\n<p>Si quiere jugar al blackjack las 24 horas del d\u00eda, el Golden Nugget Casino deber\u00eda estar en su radar. Aunque otros operadores de MI tambi\u00e9n ofrecen oportunidades de juego ininterrumpido, este afirma espec\u00edficamente que est\u00e1 \"abierto las 24 horas\".<\/p>\n<p>Golden Nugget ofrece m\u00e1s de 20 juegos de blackjack, lo que est\u00e1 en l\u00ednea con otros casinos MI. Todas las versiones (excepto las que son en vivo) se pueden jugar en modo demo, por lo que podr\u00e1s probar los juegos antes de invertir dinero real.<\/p>\n<p>Este casino ofrece a los nuevos clientes de Michigan un bono de bienvenida de hasta $1.000 + 200 giros de bonificaci\u00f3n. Los miembros actuales pueden beneficiarse de promociones como Play+ Cashback, en la que deben realizar un dep\u00f3sito para recibir $10 en cr\u00e9ditos del sitio.<\/p>\n<p>Golden Nugget tambi\u00e9n ofrece un programa de recompensas justo. A\u00fan as\u00ed, a diferencia de Caesars y BetMGM, que ofrecen 4 puntos por cada $100 apostados en sus plataformas, \u00e9sta s\u00f3lo te dar\u00e1 1 punto por apostar $100 en blackjack. Adem\u00e1s, su bono de bienvenida tiene un requisito de dep\u00f3sito m\u00e1s alto: $30.<\/p>\n<h3>PointsBet Casino MI<\/h3>\n<p>PointsBet Casino, un peque\u00f1o actor del sector, ofrece menos variantes de blackjack que otros pesos pesados como FanDuel y DraftKings. Su secci\u00f3n de cartas y mesas cuenta con media docena de t\u00edtulos de blackjack. Adem\u00e1s, el operador con sede en Australia no ofrece un bono de bienvenida digno de menci\u00f3n. Sin embargo, te dar\u00e1 hasta $800 en tiradas de bonificaci\u00f3n si has perdido $401 o m\u00e1s.<\/p>\n<p>Debido a la falta de bonificaciones atractivas o de un generoso programa de fidelidad, le recomendamos que considere marcas de mayor reputaci\u00f3n, como FanDuel y BetMGM.<\/p>\n<h3>WynnBET Casino MI<\/h3>\n<p>WynnBET Casino, la piel de juego en l\u00ednea de Wynn Resorts, es otro nombre de confianza en la industria del iGaming de Michigan. El dise\u00f1o del sitio no es tan llamativo como el de otros casinos en l\u00ednea de MI (como FanDuel y DraftKings). Por lo tanto, es la opci\u00f3n perfecta para aquellos de ustedes que buscan un sitio web con un dise\u00f1o sencillo.<\/p>\n<p>Este casino ofrece a los nuevos clientes un atractivo bono de bienvenida de hasta $1.000 y 35 variantes de blackjack para elegir. Sin embargo, no cuentan con versiones de demostraci\u00f3n, por lo que no hay modo gratuito disponible. Por lo tanto, este sitio de casino es m\u00e1s adecuado para jugadores de blackjack experimentados y familiarizados con las reglas del juego.<\/p>\n<h3>Casino Hollywood MI<\/h3>\n<p>Hollywood Casino se lanz\u00f3 en noviembre de 2023, lo que lo convierte en el \u00faltimo participante en el mercado del juego online de Michigan. Esta filial de PENN Entertainment ofrece 40 juegos de mesa, entre los que se incluyen emocionantes variantes de blackjack.<\/p>\n<p>A principios de agosto, PENN anunci\u00f3 que hab\u00eda llegado a un acuerdo con ESPN para lanzar ESPN Bet. Tambi\u00e9n formaba parte de ese acuerdo una versi\u00f3n en l\u00ednea del Hollywood Casino, al que s\u00f3lo se puede acceder a trav\u00e9s de ESPN Bet Michigan.<\/p>\n<p>Hollywood Casino MI es una nueva marca del casino en l\u00ednea Barstool, ahora saliente. Dave Portnoy, que hab\u00eda vendido Barstool por unos $500 millones, volvi\u00f3 a comprarlo por s\u00f3lo $1 tras el acuerdo PENN-ESPN.<\/p>\n<h3>SI Casino MI<\/h3>\n<p>Sports Illustrated (o SI) se uni\u00f3 a la escena del iGaming en Michigan en febrero de 2023. Ha sustituido a TwinSpires, que ces\u00f3 sus operaciones en este estado en septiembre de 2022.<\/p>\n<p>SI ofrece 13 t\u00edtulos de blackjack y una completa casa de apuestas deportivas, lo que la convierte en una opci\u00f3n ideal para aquellos de ustedes que busquen una ventanilla \u00fanica. Al unirse a ella, recibir\u00e1 una bonificaci\u00f3n de 100% por valor de hasta $1.000 y una apuesta deportiva de bonificaci\u00f3n de $10.<\/p>\n<p>De los tres estados en los que este operador tiene licencia, s\u00f3lo Michigan permite el juego de casino en l\u00ednea - como resultado, su marca de casino s\u00f3lo est\u00e1 disponible en el Estado Wolverine.<\/p>\n<h3>Casino Stars MI<\/h3>\n<p>Stars Casino, tambi\u00e9n conocido como PokerStars Casino, ofrece 8 juegos de blackjack, menos que la mayor\u00eda de los operadores con licencia de Michigan. Aun as\u00ed, cuenta con una versi\u00f3n exclusiva con tem\u00e1tica de PokerStars que no encontrar\u00e1s en ning\u00fan otro sitio.<\/p>\n<p>Una vez que te unas al Stars Casino MI, podr\u00e1s elegir entre dos bonos. Puede optar por $100 en bonos de juego o por una igualaci\u00f3n de dep\u00f3sito de 100% hasta $600. Puedes elegir entre los dos visitando la secci\u00f3n Mis Recompensas y cargando la p\u00e1gina de Desaf\u00edos.<\/p>\n<h3>Jugar Gun Lake Casino MI<\/h3>\n<p>Play Gun Lake Casino es un operador online menos conocido de Michigan. Desarrollado por Parx Interactive y la tribu Gun Lake, este casino ofrece algunas variantes de blackjack, incluyendo Cashback Blackjack Live.<\/p>\n<p>A pesar de su tama\u00f1o, este casino mantiene el est\u00e1ndar del sector ofreciendo hasta $1.000 a los nuevos jugadores. La cantidad que pierda en su primera apuesta se le devolver\u00e1 en cr\u00e9ditos del sitio. Recibir\u00e1s un reembolso igual a la cantidad que hayas perdido en las primeras 24 horas tras realizar la apuesta.<\/p>\n<h3>Casino FireKeepers MI<\/h3>\n<p>FireKeepers Casino es otro de los peque\u00f1os actores del mercado del juego de Michigan. Su peque\u00f1a cartera de 30 juegos de mesa incluye algunas variantes de blackjack. Sin embargo, no hay versiones de blackjack con crupier en vivo disponibles en este sitio.<\/p>\n<p>A\u00fan as\u00ed, FireKeepers ofrece un decente bono de bienvenida de 100% por valor de hasta $500. Lo mejor es que esta oferta viene con un requisito de apuesta de 5x, lo cual es bastante justo.<\/p>\n<h3>Casino Four Winds MI<\/h3>\n<p>Con m\u00e1s de una docena de t\u00edtulos de blackjack, Four Winds Casino es sin duda un contendiente en la escena iGaming de Michigan. Su principal inconveniente, sin embargo, es que ofrece un min\u00fasculo bono de bienvenida en sus cuatro primeros dep\u00f3sitos: hasta $200.<\/p>\n<p>No obstante, su secci\u00f3n de crupier en vivo nos sorprendi\u00f3 con algunas opciones de blackjack emocionantes, como el Lightning Blackjack y el Infinite Blackjack. A\u00fan as\u00ed, hay mucho margen de mejora si quieren competir con gigantes nacionales como DraftKings y BetMGM.<\/p>\n<h3>Eagle Casino MI<\/h3>\n<p>Desde su lanzamiento en abril de 2022, Eagle Casino (tambi\u00e9n conocido como PlayEagle) se ha ganado una buena reputaci\u00f3n entre los casinos de blackjack de Michigan.<\/p>\n<p>En este sitio web, encontrar\u00e1 lanzamientos como Poker &amp; Pairs Blackjack, Players Choice No Surrender y Classic Blackjack. La secci\u00f3n de crupier en vivo tambi\u00e9n incluye algunos t\u00edtulos de blackjack.<\/p>\n<p>El operador ofrece un generoso paquete de bonificaci\u00f3n de bienvenida de hasta $1.000 + 50 tiradas gratuitas. Los clientes habituales tambi\u00e9n encontrar\u00e1n una serie de promociones en curso. Por todo ello, Eagle Casino est\u00e1 considerado, con raz\u00f3n, una de las mejores opciones entre los casinos de blackjack de segunda categor\u00eda de Michigan.<\/p>\n<h2>Clasificaci\u00f3n y an\u00e1lisis de los mejores casinos legales de blackjack en l\u00ednea de Michigan<\/h2>\n<p>Los jugadores de blackjack online de Michigan tienen 15 aplicaciones de casino entre las que elegir. Sin embargo, no todas son iguales, por lo que nos hemos encargado de seleccionar las mejores.<\/p>\n<p>Caesars Palace, FanDuel, DraftKings, BetMGM y BetRivers son los claros ganadores aqu\u00ed. Estas cinco potencias del juego dominan la cuota de mercado y ofrecen la mejor experiencia legal de blackjack online a los aficionados de Michigan.<\/p>","protected":false},"excerpt":{"rendered":"<p>Even though internet gambling was approved in late 2019 by Gov. Gretchen Whitmer, the state regulators took more than a year to set things in motion. In January 2021, the bill went into effect \u2014 Michigan online casinos were launched, and blackjack has been a fan favorite ever since. Currently, there are 15 operators allowing [&hellip;]<\/p>\n","protected":false},"author":4,"featured_media":0,"parent":5658,"menu_order":0,"comment_status":"closed","ping_status":"closed","template":"","meta":{"_acf_changed":false,"footnotes":""},"tags":[],"class_list":["post-5966","page","type-page","status-publish","hentry"],"acf":[],"yoast_head":"<!-- This site is optimized with the Yoast SEO plugin v26.6 - https:\/\/yoast.com\/wordpress\/plugins\/seo\/ -->\n<title>Legal Online Blackjack in Michigan<\/title>\n<meta name=\"description\" content=\"Even though internet gambling was approved in late 2019 by Gov. Gretchen Whitmer, the state regulators took more than a year to set things in motion. In\" \/>\n<meta name=\"robots\" content=\"index, follow, max-snippet:-1, max-image-preview:large, max-video-preview:-1\" \/>\n<link rel=\"canonical\" href=\"https:\/\/www.blackjackinfo.com\/es\/us\/casinos-en-linea-de-michigan\/blackjack-online-legal-en-michigan\/\" \/>\n<meta property=\"og:locale\" content=\"es_ES\" \/>\n<meta property=\"og:type\" content=\"article\" \/>\n<meta property=\"og:title\" content=\"Legal Online Blackjack in Michigan\" \/>\n<meta property=\"og:description\" content=\"Even though internet gambling was approved in late 2019 by Gov. Gretchen Whitmer, the state regulators took more than a year to set things in motion. In\" \/>\n<meta property=\"og:url\" content=\"https:\/\/www.blackjackinfo.com\/es\/us\/casinos-en-linea-de-michigan\/blackjack-online-legal-en-michigan\/\" \/>\n<meta property=\"og:site_name\" content=\"BlackjackInfo.com\" \/>\n<meta property=\"article:modified_time\" content=\"2023-12-11T07:33:56+00:00\" \/>\n<meta name=\"twitter:label1\" content=\"Tiempo de lectura\" \/>\n\t<meta name=\"twitter:data1\" content=\"11 minutos\" \/>\n<script type=\"application\/ld+json\" class=\"yoast-schema-graph\">{\"@context\":\"https:\/\/schema.org\",\"@graph\":[{\"@type\":\"WebPage\",\"@id\":\"https:\/\/www.blackjackinfo.com\/us\/michigan-online-casinos\/legal-online-blackjack-in-michigan\/\",\"url\":\"https:\/\/www.blackjackinfo.com\/us\/michigan-online-casinos\/legal-online-blackjack-in-michigan\/\",\"name\":\"Legal Online Blackjack in Michigan\",\"isPartOf\":{\"@id\":\"https:\/\/www.blackjackinfo.com\/#website\"},\"datePublished\":\"2023-12-11T07:27:32+00:00\",\"dateModified\":\"2023-12-11T07:33:56+00:00\",\"description\":\"Even though internet gambling was approved in late 2019 by Gov. Gretchen Whitmer, the state regulators took more than a year to set things in motion. In\",\"breadcrumb\":{\"@id\":\"https:\/\/www.blackjackinfo.com\/us\/michigan-online-casinos\/legal-online-blackjack-in-michigan\/#breadcrumb\"},\"inLanguage\":\"es\",\"potentialAction\":[{\"@type\":\"ReadAction\",\"target\":[\"https:\/\/www.blackjackinfo.com\/us\/michigan-online-casinos\/legal-online-blackjack-in-michigan\/\"]}]},{\"@type\":\"BreadcrumbList\",\"@id\":\"https:\/\/www.blackjackinfo.com\/us\/michigan-online-casinos\/legal-online-blackjack-in-michigan\/#breadcrumb\",\"itemListElement\":[{\"@type\":\"ListItem\",\"position\":1,\"name\":\"Home\",\"item\":\"https:\/\/www.blackjackinfo.com\/\"},{\"@type\":\"ListItem\",\"position\":2,\"name\":\"Online Casinos in the US\",\"item\":\"https:\/\/www.blackjackinfo.com\/us\/\"},{\"@type\":\"ListItem\",\"position\":3,\"name\":\"Michigan Online Casinos\",\"item\":\"https:\/\/www.blackjackinfo.com\/us\/michigan-online-casinos\/\"},{\"@type\":\"ListItem\",\"position\":4,\"name\":\"Legal Online Blackjack in Michigan\"}]},{\"@type\":\"WebSite\",\"@id\":\"https:\/\/www.blackjackinfo.com\/#website\",\"url\":\"https:\/\/www.blackjackinfo.com\/\",\"name\":\"BlackjackInfo.com\",\"description\":\"Because Winning is More Fun!\",\"potentialAction\":[{\"@type\":\"SearchAction\",\"target\":{\"@type\":\"EntryPoint\",\"urlTemplate\":\"https:\/\/www.blackjackinfo.com\/?s={search_term_string}\"},\"query-input\":{\"@type\":\"PropertyValueSpecification\",\"valueRequired\":true,\"valueName\":\"search_term_string\"}}],\"inLanguage\":\"es\"}]}<\/script>\n<!-- \/ Yoast SEO plugin. -->","yoast_head_json":{"title":"Blackjack en l\u00ednea legal en Michigan","description":"Aunque el juego por internet fue aprobado a finales de 2019 por la gobernadora Gretchen Whitmer, los reguladores estatales tardaron m\u00e1s de un a\u00f1o en poner las cosas en marcha. En","robots":{"index":"index","follow":"follow","max-snippet":"max-snippet:-1","max-image-preview":"max-image-preview:large","max-video-preview":"max-video-preview:-1"},"canonical":"https:\/\/www.blackjackinfo.com\/es\/us\/casinos-en-linea-de-michigan\/blackjack-online-legal-en-michigan\/","og_locale":"es_ES","og_type":"article","og_title":"Legal Online Blackjack in Michigan","og_description":"Even though internet gambling was approved in late 2019 by Gov. Gretchen Whitmer, the state regulators took more than a year to set things in motion. In","og_url":"https:\/\/www.blackjackinfo.com\/es\/us\/casinos-en-linea-de-michigan\/blackjack-online-legal-en-michigan\/","og_site_name":"BlackjackInfo.com","article_modified_time":"2023-12-11T07:33:56+00:00","twitter_misc":{"Tiempo de lectura":"11 minutos"},"schema":{"@context":"https:\/\/schema.org","@graph":[{"@type":"WebPage","@id":"https:\/\/www.blackjackinfo.com\/us\/michigan-online-casinos\/legal-online-blackjack-in-michigan\/","url":"https:\/\/www.blackjackinfo.com\/us\/michigan-online-casinos\/legal-online-blackjack-in-michigan\/","name":"Blackjack en l\u00ednea legal en Michigan","isPartOf":{"@id":"https:\/\/www.blackjackinfo.com\/#website"},"datePublished":"2023-12-11T07:27:32+00:00","dateModified":"2023-12-11T07:33:56+00:00","description":"Aunque el juego por internet fue aprobado a finales de 2019 por la gobernadora Gretchen Whitmer, los reguladores estatales tardaron m\u00e1s de un a\u00f1o en poner las cosas en marcha. En","breadcrumb":{"@id":"https:\/\/www.blackjackinfo.com\/us\/michigan-online-casinos\/legal-online-blackjack-in-michigan\/#breadcrumb"},"inLanguage":"es","potentialAction":[{"@type":"ReadAction","target":["https:\/\/www.blackjackinfo.com\/us\/michigan-online-casinos\/legal-online-blackjack-in-michigan\/"]}]},{"@type":"BreadcrumbList","@id":"https:\/\/www.blackjackinfo.com\/us\/michigan-online-casinos\/legal-online-blackjack-in-michigan\/#breadcrumb","itemListElement":[{"@type":"ListItem","position":1,"name":"Home","item":"https:\/\/www.blackjackinfo.com\/"},{"@type":"ListItem","position":2,"name":"Online Casinos in the US","item":"https:\/\/www.blackjackinfo.com\/us\/"},{"@type":"ListItem","position":3,"name":"Michigan Online Casinos","item":"https:\/\/www.blackjackinfo.com\/us\/michigan-online-casinos\/"},{"@type":"ListItem","position":4,"name":"Legal Online Blackjack in Michigan"}]},{"@type":"WebSite","@id":"https:\/\/www.blackjackinfo.com\/#website","url":"https:\/\/www.blackjackinfo.com\/","name":"BlackjackInfo.com","description":"\u00a1Porque ganar es m\u00e1s divertido!","potentialAction":[{"@type":"SearchAction","target":{"@type":"EntryPoint","urlTemplate":"https:\/\/www.blackjackinfo.com\/?s={search_term_string}"},"query-input":{"@type":"PropertyValueSpecification","valueRequired":true,"valueName":"search_term_string"}}],"inLanguage":"es"}]}},"_links":{"self":[{"href":"https:\/\/www.blackjackinfo.com\/es\/wp-json\/wp\/v2\/pages\/5966","targetHints":{"allow":["GET"]}}],"collection":[{"href":"https:\/\/www.blackjackinfo.com\/es\/wp-json\/wp\/v2\/pages"}],"about":[{"href":"https:\/\/www.blackjackinfo.com\/es\/wp-json\/wp\/v2\/types\/page"}],"author":[{"embeddable":true,"href":"https:\/\/www.blackjackinfo.com\/es\/wp-json\/wp\/v2\/users\/4"}],"replies":[{"embeddable":true,"href":"https:\/\/www.blackjackinfo.com\/es\/wp-json\/wp\/v2\/comments?post=5966"}],"version-history":[{"count":4,"href":"https:\/\/www.blackjackinfo.com\/es\/wp-json\/wp\/v2\/pages\/5966\/revisions"}],"predecessor-version":[{"id":5973,"href":"https:\/\/www.blackjackinfo.com\/es\/wp-json\/wp\/v2\/pages\/5966\/revisions\/5973"}],"up":[{"embeddable":true,"href":"https:\/\/www.blackjackinfo.com\/es\/wp-json\/wp\/v2\/pages\/5658"}],"wp:attachment":[{"href":"https:\/\/www.blackjackinfo.com\/es\/wp-json\/wp\/v2\/media?parent=5966"}],"wp:term":[{"taxonomy":"post_tag","embeddable":true,"href":"https:\/\/www.blackjackinfo.com\/es\/wp-json\/wp\/v2\/tags?post=5966"}],"curies":[{"name":"wp","href":"https:\/\/api.w.org\/{rel}","templated":true}]}}